{"id":15801,"date":"2025-01-19T15:00:19","date_gmt":"2025-01-19T15:00:19","guid":{"rendered":"https:\/\/www.hydraulic-cylinders.net\/product\/bucket-cylinder-for-carter-ct330-8c\/"},"modified":"2025-01-19T15:00:21","modified_gmt":"2025-01-19T15:00:21","slug":"bucket-cylinder-for-carter-ct330-8c","status":"publish","type":"product","link":"https:\/\/www.hydraulic-cylinders.net\/fi\/tuote\/bucket-cylinder-for-carter-ct330-8c\/","title":{"rendered":"Kauhan sylinteri Carter CT330-8C:lle"},"content":{"rendered":"<h1>Kauhan sylinteri Carter CT330-8C:lle<\/h1>\n<h2>Johdanto<\/h2>\n<p>Carter CT330-8C:n kauhan sylinteri on erikoishydraulinen sylinteri, joka on suunniteltu erityisesti ohjaamaan kauhan liikett\u00e4 raskaissa koneissa, kuten kaivinkoneissa, traktorikaivureissa ja etukuormaajissa. Sen ensisijainen teht\u00e4v\u00e4 on mahdollistaa kauhan nostaminen, laskeminen ja kallistaminen, mik\u00e4 helpottaa erilaisia \u200b\u200bmateriaalink\u00e4sittelyteht\u00e4vi\u00e4. Hydraulij\u00e4rjestelmiss\u00e4 kauhan sylinteri saavuttaa tarkan kauhan liikkeen hallinnan hydrauli\u00f6ljyn paineen muutosten avulla, mink\u00e4 ansiosta k\u00e4ytt\u00e4j\u00e4t voivat k\u00e4sitell\u00e4 raskaita kuormia tehokkaasti ja sopeutua monimutkaisiin ty\u00f6ymp\u00e4rist\u00f6ihin ja erilaisiin ty\u00f6vaatimuksiin.<\/p>\n<p><img decoding=\"async\" src=\"https:\/\/www.hydraulic-cylinders.net\/wp-content\/uploads\/2025\/01\/songte-company-2.webp\"><\/p>\n<h2>Ominaisuudet<\/h2>\n<ul>\n<li>\n<h3>Korkea lujuus ja kest\u00e4vyys<\/h3>\n<p>Kauhasylinterit on tyypillisesti valmistettu eritt\u00e4in lujasta ter\u00e4ksest\u00e4 tai alumiinista, mink\u00e4 ansiosta ne kest\u00e4v\u00e4t korkeaa painetta ja raskaita kuormia sek\u00e4 sopeutuvat vaativiin ty\u00f6ymp\u00e4rist\u00f6ihin. Niiden suunnittelussa on otettu huomioon kulutuskest\u00e4vyys ja korroosionkest\u00e4vyys k\u00e4ytt\u00f6i\u00e4n pident\u00e4miseksi.<\/p>\n<\/li>\n<li>\n<h3>Tehokas hydraulinen k\u00e4ytt\u00f6<\/h3>\n<p>Kauhasylinterit k\u00e4ytt\u00e4v\u00e4t hydrauli\u00f6ljyn painetta tasaisen ojennus- ja sis\u00e4\u00e4nvetoliikkeen saavuttamiseksi, reagoivat nopeasti ohjauskomentoihin, tarjoavat tehokkaita ty\u00f6nt\u00f6- ja vetovoimia ja soveltuvat raskaiden kuormien k\u00e4sittelyyn ja monimutkaisiin operatiivisiin teht\u00e4viin.<\/p>\n<\/li>\n<li>\n<h3>Useita tyyppej\u00e4<\/h3>\n<p>Kauhasylinterit voivat olla yksitoimisia (hydraulisesti vain yhteen suuntaan) tai kaksitoimisia (hydraulisesti molempiin suuntiin) sylintereit\u00e4 k\u00e4ytt\u00f6tarpeista riippuen. Jotkut mallit ovat teleskooppisia, mik\u00e4 mahdollistaa suuremman jatkeen ilman ulkoisen koon kasvua ja sopii ahtaisiin k\u00e4ytt\u00f6tarkoituksiin.<\/p>\n<\/li>\n<li>\n<h3>Yhteensopivuus<\/h3>\n<p>Tuotteemme voi t\u00e4ydellisesti korvata n\u00e4m\u00e4 hydraulisylinterit, ja tarjoamme laajan valikoiman vaihtoehtoja eri laitemalleille.<\/p>\n<\/li>\n<li>\n<h3>Mukauttaminen<\/h3>\n<p>Tarjoamme r\u00e4\u00e4t\u00e4l\u00f6intipalveluita, jotka vastaavat asiakkaiden erityisvaatimuksiin varmistaen yhteensopivuuden ja optimoidun suorituskyvyn.<\/p>\n<\/li>\n<\/ul>\n<p><img decoding=\"async\" src=\"https:\/\/www.hydraulic-cylinders.net\/wp-content\/uploads\/2025\/01\/songte-cylinder-head-with-all-kinds-excavator-models.webp\"><\/p>\n<h2>Sovellukset<\/h2>\n<p>Kauhasylintereit\u00e4 k\u00e4ytet\u00e4\u00e4n useilla eri teollisuudenaloilla ja koneissa, kuten:<\/p>\n<ul>\n<li>Rakennuslaitteet: Kaivinkoneissa ne ovat v\u00e4ltt\u00e4m\u00e4tt\u00f6mi\u00e4 maan tai roskien kaivamiseen, lastaamiseen ja siirt\u00e4miseen. Kaivinkoneissa kauhan sylinterit auttavat sek\u00e4 kaivamisessa ett\u00e4 nostamisessa. <\/li>\n<li>Maatalouskoneet: K\u00e4ytet\u00e4\u00e4n etukuormaajissa maaper\u00e4n, hein\u00e4n ja muiden materiaalien kauhaukseen, nostamiseen ja kuljettamiseen. <\/li>\n<li>Kaivinkoneet: Kauhasylinterit mahdollistavat kauhan tunkeutumisen maahan kaivutoimien suorittamiseksi. <\/li>\n<li>Kuormaajat: Etukuormaajissa ne auttavat lastin tehokkaassa nostamisessa ja tyhjent\u00e4misess\u00e4.<\/li>\n<\/ul>\n<p>Jokainen sovellus selitet\u00e4\u00e4n alla:<\/p>\n<h3>Rakennuslaitteet<\/h3>\n<p>Kauhasylintereill\u00e4 on t\u00e4rke\u00e4 rooli kaivinkoneissa, sill\u00e4 ne auttavat kaivamisessa, lastaamisessa ja maan tai roskien siirt\u00e4misess\u00e4. Kaivinkoneissa kauhasylinterit eiv\u00e4t ainoastaan \u200b\u200bauta kaivamisessa, vaan my\u00f6s kauhan nostamisessa. N\u00e4it\u00e4 koneita k\u00e4ytet\u00e4\u00e4n laajalti rakennusty\u00f6mailla, tiet\u00f6iss\u00e4 ja kaivostoiminnassa. Kauhasylinterit ovat v\u00e4ltt\u00e4m\u00e4tt\u00f6mi\u00e4 n\u00e4iden koneiden moitteettoman toiminnan kannalta ja varmistavat, ett\u00e4 ty\u00f6 tehd\u00e4\u00e4n tehokkaasti ja tuloksellisesti.<\/p>\n<h3>Maatalouskoneet<\/h3>\n<p>Kauhasylintereit\u00e4 k\u00e4ytet\u00e4\u00e4n etukuormaajissa maan, hein\u00e4n ja muiden materiaalien kauhaamiseen, nostamiseen ja kuljettamiseen. N\u00e4it\u00e4 koneita k\u00e4ytet\u00e4\u00e4n laajalti maataloudessa, mets\u00e4taloudessa ja maisemoinnissa. Kauhasylinterit ovat v\u00e4ltt\u00e4m\u00e4tt\u00f6mi\u00e4 n\u00e4iden koneiden moitteettomalle toiminnalle ja varmistavat, ett\u00e4 ty\u00f6 tehd\u00e4\u00e4n tehokkaasti ja tuloksellisesti.<\/p>\n<h3>Kaivinkoneet<\/h3>\n<p>Kauhasylinterit mahdollistavat kauhan tunkeutumisen maahan kaivutoimien suorittamiseksi. N\u00e4it\u00e4 koneita k\u00e4ytet\u00e4\u00e4n laajalti rakennusty\u00f6mailla, tiet\u00f6iss\u00e4 ja kaivostoiminnassa. Kauhasylinterit ovat v\u00e4ltt\u00e4m\u00e4tt\u00f6mi\u00e4 n\u00e4iden koneiden moitteettomalle toiminnalle ja varmistavat, ett\u00e4 ty\u00f6 tehd\u00e4\u00e4n tehokkaasti ja tuloksellisesti.<\/p>\n<h3>Kuormaajat<\/h3>\n<p>Etukuormaajissa kauhan sylinterit auttavat lastin tehokkaassa nostamisessa ja tyhjent\u00e4misess\u00e4. N\u00e4it\u00e4 koneita k\u00e4ytet\u00e4\u00e4n laajalti rakennusty\u00f6mailla, tiety\u00f6mailla ja kaivostoiminnassa. Kauhan sylinterit ovat v\u00e4ltt\u00e4m\u00e4tt\u00f6mi\u00e4 n\u00e4iden koneiden moitteettomalle toiminnalle ja varmistavat, ett\u00e4 ty\u00f6 tehd\u00e4\u00e4n tehokkaasti ja tuloksellisesti.<\/p>\n<p><img decoding=\"async\" src=\"https:\/\/www.hydraulic-cylinders.net\/wp-content\/uploads\/2025\/01\/songte-bushings-with-all-kinds-of-excavator-models.webp\"><\/p>\n<h2>Suunnittelun\u00e4k\u00f6kohdat ja valintakriteerit<\/h2>\n<p>Kauhasylinteri\u00e4 valittaessa on otettava huomioon useita suunnitteluun liittyvi\u00e4 n\u00e4k\u00f6kohtia ja valintakriteerej\u00e4:<\/p>\n<ul>\n<li>\n<h3>Kantavuus<\/h3>\n<p>Kauhan sylinterin on kyett\u00e4v\u00e4 kannattelemaan siihen kohdistuvaa kuormaa.<\/p>\n<\/li>\n<li>\n<h3>Tiivistys<\/h3>\n<p>Sylinterin on oltava hyvin tiivistetty, jotta hydrauliikka\u00f6ljy ei vuoda ulos, mik\u00e4 voi aiheuttaa toimintah\u00e4iri\u00f6it\u00e4 tai vaurioita sylinterille.<\/p>\n<\/li>\n<li>\n<h3>Kest\u00e4vyys<\/h3>\n<p>Sylinterin on oltava riitt\u00e4v\u00e4n kest\u00e4v\u00e4 kest\u00e4m\u00e4\u00e4n sen k\u00e4ytt\u00f6tarkoituksen vaativat olosuhteet.<\/p>\n<\/li>\n<li>\n<h3>Turvallisuus<\/h3>\n<p>Sylinteri on suunniteltava turvallisuus mieless\u00e4 ja sen on t\u00e4ytett\u00e4v\u00e4 kaikki asiaankuuluvat turvallisuusstandardit.<\/p>\n<\/li>\n<li>\n<h3>Yll\u00e4pidett\u00e4vyys<\/h3>\n<p>Sylinterin on oltava helposti huollettavissa, vaihdettavilla osilla ja yksinkertaisilla korjausmenetelmill\u00e4.<\/p>\n<\/li>\n<\/ul>\n<p><img decoding=\"async\" src=\"https:\/\/www.hydraulic-cylinders.net\/wp-content\/uploads\/2025\/01\/songte-oil-pipes-and-spare-parts.webp\"><\/p>\n<h2>Tiivistys ja voitelu<\/h2>\n<p>Kauhasylintereiss\u00e4 k\u00e4ytet\u00e4\u00e4n erilaisia \u200b\u200btiivistyskomponentteja, kuten m\u00e4nn\u00e4ntiivisteit\u00e4, varren tiivisteit\u00e4 ja pyyhkij\u00f6it\u00e4, hydrauli\u00f6ljyn vuotamisen est\u00e4miseksi. N\u00e4m\u00e4 tiivisteet on valmistettu kulutusta kest\u00e4vist\u00e4 materiaaleista, kuten polyuretaanista ja nitriilikumista. Sylinterin runko ja kierteiden p\u00e4\u00e4typinta on k\u00e4sitelty huolellisesti niiden kulutuskest\u00e4vyyden parantamiseksi ja vaihtotarveten v\u00e4hent\u00e4miseksi. S\u00e4\u00e4nn\u00f6llinen voitelu hydrauli\u00f6ljyll\u00e4 on v\u00e4ltt\u00e4m\u00e4t\u00f6nt\u00e4 kauhasylintereiden tehokkuuden ja suorituskyvyn yll\u00e4pit\u00e4miseksi.<\/p>\n<h2>Tarkastus ja ennaltaehk\u00e4isev\u00e4 huolto<\/h2>\n<p>Kauhasylinterien s\u00e4\u00e4nn\u00f6llinen tarkastus ja ennaltaehk\u00e4isev\u00e4 huolto ovat v\u00e4ltt\u00e4m\u00e4tt\u00f6mi\u00e4 niiden moitteettoman toiminnan varmistamiseksi ja k\u00e4ytt\u00f6i\u00e4n maksimoimiseksi. N\u00e4ihin teht\u00e4viin kuuluvat:<\/p>\n<ul>\n<li>\n<h3>S\u00e4\u00e4nn\u00f6llinen tarkastus<\/h3>\n<p>Sylinterin ja sen osien s\u00e4\u00e4nn\u00f6llinen tarkastus kulumisen, vaurioiden tai muiden suorituskykyyn vaikuttavien ongelmien varalta.<\/p>\n<\/li>\n<li>\n<h3>Voitelu<\/h3>\n<p>S\u00e4\u00e4nn\u00f6llinen voitelu hydrauliikka\u00f6ljyll\u00e4 varmistaa sylinterin tasaisen ja tehokkaan toiminnan.<\/p>\n<\/li>\n<li>\n<h3>Tiivisteen vaihto<\/h3>\n<p>Tiivisteiden ja muiden kulutusosien s\u00e4\u00e4nn\u00f6llinen vaihto hydrauli\u00f6ljyn vuotojen est\u00e4miseksi ja sylinterin moitteettoman toiminnan varmistamiseksi.<\/p>\n<\/li>\n<li>\n<h3>Kalibrointitarkistus<\/h3>\n<p>S\u00e4\u00e4nn\u00f6llinen kalibrointitarkastus sen varmistamiseksi, ett\u00e4 sylinteri toimii vaadittujen parametrien puitteissa.<\/p>\n<\/li>\n<\/ul>\n<p>Oikea asennus on ratkaisevan t\u00e4rke\u00e4\u00e4 kauhasylinterien moitteettomalle toiminnalle. Oikeaa kohdistusta ja sopivien asennuskiinnikkeiden k\u00e4ytt\u00f6\u00e4 suositellaan. Ongelmien ilmetess\u00e4 tarkka vianm\u00e4\u00e4ritys ja nopea korjaus voivat est\u00e4\u00e4 lis\u00e4vaurioita ja pident\u00e4\u00e4 sylinterin k\u00e4ytt\u00f6ik\u00e4\u00e4.<\/p>\n<p><img decoding=\"async\" src=\"https:\/\/www.hydraulic-cylinders.net\/wp-content\/uploads\/2025\/01\/songte-chushion-collar.webp\"><\/p>\n<h2>Turvallisuusn\u00e4k\u00f6kohdat ja ymp\u00e4rist\u00f6tekij\u00e4t<\/h2>\n<p>Kauhasylinterin turvallisuus ja ymp\u00e4rist\u00f6n\u00e4k\u00f6kohdat ovat ratkaisevan t\u00e4rkeit\u00e4 koneen moitteettoman toiminnan kannalta. Turvatoimenpiteet, kuten asianmukainen asennus ja s\u00e4\u00e4nn\u00f6llinen tarkastus, voivat est\u00e4\u00e4 onnettomuuksia. Hydrauli\u00f6ljyn ja muiden j\u00e4temateriaalien asianmukainen h\u00e4vitt\u00e4minen voi est\u00e4\u00e4 ymp\u00e4rist\u00f6n saastumisen.<\/p>\n<h2>Vianm\u00e4\u00e4ritys ja yleiset ongelmat<\/h2>\n<p>Yleisi\u00e4 kauhasylinterin ongelmia ovat \u00f6ljyvuoto, m\u00e4nn\u00e4nvarren taipuminen, tiivisteiden vaurioituminen ja riitt\u00e4m\u00e4t\u00f6n paine. Nopea vianm\u00e4\u00e4ritys ja ongelmanratkaisu ovat avainasemassa lis\u00e4vaurioiden est\u00e4miseksi ja sylinterin moitteettoman toiminnan varmistamiseksi. S\u00e4\u00e4nn\u00f6llinen tarkastus ja ennaltaehk\u00e4isev\u00e4 huolto voivat auttaa ehk\u00e4isem\u00e4\u00e4n n\u00e4it\u00e4 ongelmia.<\/p>\n<p><img decoding=\"async\" src=\"https:\/\/hzpt.com\/wp-content\/uploads\/2024\/11\/songte-company-1.webp\"><\/p>\n<h2>Tietoa meist\u00e4<\/h2>\n<p>Olemme hydraulisylinterien valmistaja, joka on erikoistunut hydraulisylinterien vaihtoon. Tarjoamme laajan valikoiman tuotteita ja olemme yksi johtavista hydraulisylinterien valmistajista ja tukkumyyjist\u00e4 kotimaisilla ja kansainv\u00e4lisill\u00e4 markkinoilla. Olemme sitoutuneet tarjoamaan erinomaista laatua luottaen teollisen tuotannon hallintastrategioihin hienostuneissa valmistuspajoissa. Parannamme jatkuvasti valmistusalustojamme teknologiaosaamisen, digitaalisten huippuluokan valmistuslaitteiden ja ammattimaisten testausj\u00e4rjestelmien avulla, ja meill\u00e4 on vahva luovuus vastata asiakkaiden monimuotoisiin tarpeisiin tehokkaalla, tarkalla ja laadukkaalla tavalla.<\/p>\n<h3>Asiantuntemus<\/h3>\n<p>Meill\u00e4 on laaja asiantuntemus hydraulisylintereiden valmistuksesta, keskittyen laatuun ja suorituskyvyn optimointiin.<\/p>\n<h3>Kansainv\u00e4linen sertifiointi<\/h3>\n<p>Olemme saaneet kansainv\u00e4lisi\u00e4 laatusertifikaatteja, kuten ISO9001, CE ja SGS, jotka osoittavat sitoutumisemme laatuun ja erinomaisuuteen.<\/p>\n<h3>R\u00e4\u00e4t\u00e4l\u00f6intipalvelut<\/h3>\n<p>Tarjoamme r\u00e4\u00e4t\u00e4l\u00f6intipalveluita, jotka vastaavat asiakkaiden erityisvaatimuksiin varmistaen yhteensopivuuden ja optimoidun suorituskyvyn.<\/p>\n<h3>Tuotantolaitteet<\/h3>\n<p>K\u00e4yt\u00e4mme edistyneit\u00e4 valmistuslaitteita, kuten CNC-koneita ja automatisoituja testausj\u00e4rjestelmi\u00e4, varmistaaksemme tuotteiden laadun ja tehokkuuden.<\/p>\n<h3>Myynnin j\u00e4lkeinen palvelu<\/h3>\n<p>Olemme sitoutuneet tarjoamaan erinomaista huolto- ja tukipalvelua, mukaan lukien huolto-, korjaus- ja vaihtopalvelut.<\/p>\n<p><img decoding=\"async\" src=\"https:\/\/www.hydraulic-cylinders.net\/wp-content\/uploads\/2025\/01\/songte-company-3.webp\"><\/p>\n<p>Kirjoittaja: lyl<\/p>","protected":false},"excerpt":{"rendered":"<p>Bucket Cylinder For Carter CT330-8C Introduction The Bucket Cylinder for Carter CT330-8C is a type of specialized hydraulic cylinder designed specifically to control the movement of the bucket in heavy machinery, such as excavators, backhoes, and front loaders. Its primary function is to enable the bucket to be lifted, lowered, and tilted, thereby facilitating various [&hellip;]<\/p>","protected":false},"featured_media":14773,"comment_status":"open","ping_status":"closed","template":"","meta":{"_et_pb_use_builder":"","_et_pb_old_content":"","_et_gb_content_width":""},"product_brand":[],"product_cat":[1494],"product_tag":[1495,1496],"class_list":{"0":"post-15801","1":"product","2":"type-product","3":"status-publish","4":"has-post-thumbnail","6":"product_cat-bucket-cylinders","7":"product_tag-bucket-cylinders","8":"product_tag-hydraulic-cylinders","10":"first","11":"instock","12":"shipping-taxable","13":"product-type-simple"},"amp_enabled":true,"_links":{"self":[{"href":"https:\/\/www.hydraulic-cylinders.net\/fi\/wp-json\/wp\/v2\/product\/15801","targetHints":{"allow":["GET"]}}],"collection":[{"href":"https:\/\/www.hydraulic-cylinders.net\/fi\/wp-json\/wp\/v2\/product"}],"about":[{"href":"https:\/\/www.hydraulic-cylinders.net\/fi\/wp-json\/wp\/v2\/types\/product"}],"replies":[{"embeddable":true,"href":"https:\/\/www.hydraulic-cylinders.net\/fi\/wp-json\/wp\/v2\/comments?post=15801"}],"wp:featuredmedia":[{"embeddable":true,"href":"https:\/\/www.hydraulic-cylinders.net\/fi\/wp-json\/wp\/v2\/media\/14773"}],"wp:attachment":[{"href":"https:\/\/www.hydraulic-cylinders.net\/fi\/wp-json\/wp\/v2\/media?parent=15801"}],"wp:term":[{"taxonomy":"product_brand","embeddable":true,"href":"https:\/\/www.hydraulic-cylinders.net\/fi\/wp-json\/wp\/v2\/product_brand?post=15801"},{"taxonomy":"product_cat","embeddable":true,"href":"https:\/\/www.hydraulic-cylinders.net\/fi\/wp-json\/wp\/v2\/product_cat?post=15801"},{"taxonomy":"product_tag","embeddable":true,"href":"https:\/\/www.hydraulic-cylinders.net\/fi\/wp-json\/wp\/v2\/product_tag?post=15801"}],"curies":[{"name":"wp","href":"https:\/\/api.w.org\/{rel}","templated":true}]}}