{"id":15803,"date":"2025-01-19T15:00:29","date_gmt":"2025-01-19T15:00:29","guid":{"rendered":"https:\/\/www.hydraulic-cylinders.net\/product\/bucket-cylinder-for-kym-ky50c\/"},"modified":"2025-01-19T15:00:31","modified_gmt":"2025-01-19T15:00:31","slug":"bucket-cylinder-for-kym-ky50c","status":"publish","type":"product","link":"https:\/\/www.hydraulic-cylinders.net\/fi\/tuote\/bucket-cylinder-for-kym-ky50c\/","title":{"rendered":"Kauhan sylinteri KYM KY50C:lle"},"content":{"rendered":"<h1>Kauhan sylinteri KYM KY50C:lle<\/h1>\n<h2>Johdanto<\/h2>\n<p>KYM KY50C:n kauhan sylinteri on erityisesti suunniteltu hydraulisylinteri, jota k\u00e4ytet\u00e4\u00e4n ensisijaisesti kauhan liikkeen ohjaamiseen raskaissa koneissa, kuten kaivinkoneissa, kaivurikuormaajissa ja etukuormaajissa. Sen p\u00e4\u00e4teht\u00e4v\u00e4n\u00e4 on mahdollistaa kauhan nostaminen, laskeminen ja kallistaminen, mik\u00e4 helpottaa erilaisten materiaalink\u00e4sittelyteht\u00e4vien k\u00e4sittely\u00e4. Hydraulij\u00e4rjestelm\u00e4ss\u00e4 kauhan sylinteri saavuttaa kauhan tarkan ohjauksen hydrauli\u00f6ljyn paineenvaihtelun avulla, mink\u00e4 ansiosta k\u00e4ytt\u00e4j\u00e4t voivat k\u00e4sitell\u00e4 raskaita esineit\u00e4 tehokkaasti monimutkaisissa ty\u00f6ymp\u00e4rist\u00f6iss\u00e4 ja vaihtelevissa ty\u00f6vaatimuksissa.<\/p>\n<p><img decoding=\"async\" src=\"https:\/\/www.hydraulic-cylinders.net\/wp-content\/uploads\/2025\/01\/songte-company-2.webp\" alt=\"Kauhan sylinterin kuva\"><\/p>\n<h2>Ominaisuudet<\/h2>\n<ul>\n<li>Suuri lujuus ja kest\u00e4vyys: tyypillisesti valmistettu eritt\u00e4in lujasta ter\u00e4ksest\u00e4 tai alumiinista, kest\u00e4\u00e4 korkeaa painetta ja raskaita kuormia, sopeutuu vaativiin ty\u00f6ymp\u00e4rist\u00f6ihin, on suunniteltu kulutus- ja korroosionkest\u00e4vyytt\u00e4 silm\u00e4ll\u00e4 pit\u00e4en, mik\u00e4 pident\u00e4\u00e4 k\u00e4ytt\u00f6ik\u00e4\u00e4.<\/li>\n<li>Tehokas hydraulinen toiminta: Hydrauli\u00f6ljyn paineen hy\u00f6dynt\u00e4minen tasaisen pidennyksen ja supistumisen saavuttamiseksi, nopea reagointi ohjauskomentoihin, tehokas ty\u00f6nt\u00f6- ja vetovoima, sopii raskaiden esineiden k\u00e4sittelyyn ja monimutkaisiin ty\u00f6teht\u00e4viin.<\/li>\n<li>Erilaisia \u200b\u200btyyppej\u00e4: yksitoimisia (hydrauliikkaa vain yhteen suuntaan) tai kaksitoimisia (hydrauliikkaa molempiin suuntiin) sylintereit\u00e4 voidaan valita tarpeen mukaan erilaisten k\u00e4ytt\u00f6vaatimusten t\u00e4ytt\u00e4miseksi. Jotkut mallit ovat teleskooppisia, mik\u00e4 mahdollistaa suuremman jatkeen ilman ulkomittojen kasvua, mik\u00e4 sopii sovelluksiin, joissa on rajoitetusti tilaa.<\/li>\n<li>Vaihdettava: Tuotteemme voivat t\u00e4ydellisesti korvata n\u00e4m\u00e4 hydraulisylinterit.<\/li>\n<\/ul>\n<p><img decoding=\"async\" src=\"https:\/\/www.hydraulic-cylinders.net\/wp-content\/uploads\/2025\/01\/songte-cylinder-head-with-all-kinds-excavator-models.webp\" alt=\"Kauhan sylinterin vaihtokuva\"><\/p>\n<h2>Sovellukset<\/h2>\n<h3>Rakennuslaitteet<\/h3>\n<p>Niit\u00e4 l\u00f6ytyy kaivinkoneista, ja ne ovat v\u00e4ltt\u00e4m\u00e4tt\u00f6mi\u00e4 maan tai roskien kaivamiseen, lastaamiseen ja siirt\u00e4miseen. Kaivurikuormaajissa kauhan sylinteri auttaa sek\u00e4 kaivamisessa ett\u00e4 nostamisessa. <\/p>\n<h3>Maatalouskoneet<\/h3>\n<p>K\u00e4ytet\u00e4\u00e4n etukuormaajissa maan, hein\u00e4n ja muiden materiaalien kauhaukseen, nostamiseen ja kuljettamiseen. Kaivinkoneissa kauhan sylinteri mahdollistaa kaivamisen antamalla kauhan tunkeutua maaper\u00e4\u00e4n. Etukuormaajissa ne auttavat tavaroiden tehokkaassa nostamisessa ja tyhjent\u00e4misess\u00e4.<\/p>\n<h2>Suunnittelun\u00e4k\u00f6kohdat ja valintakriteerit<\/h2>\n<h3>Kantavuus<\/h3>\n<p>Kuormankantokyky on olennainen suunnittelukriteeri sen varmistamiseksi, ett\u00e4 sylinteri kest\u00e4\u00e4 k\u00e4yt\u00f6n painon ja rasituksen. Korkean lujuuden omaavat materiaalit, kuten ter\u00e4s tai alumiini, ja sopiva vahvike voivat tarjota suuremman kuormituksen.<\/p>\n<h3>Tiivistys ja kest\u00e4vyys<\/h3>\n<p>Sylinterin tiiviys ja kest\u00e4vyys ovat olennaisia \u200b\u200bvuotojen est\u00e4miseksi ja pitk\u00e4n k\u00e4ytt\u00f6i\u00e4n varmistamiseksi. Erilaisten tiivistyskomponenttien, kuten m\u00e4nn\u00e4ntiivisteiden ja varren tiivisteiden, k\u00e4ytt\u00f6 kulutusta kest\u00e4vist\u00e4 materiaaleista, kuten polyuretaanista ja nitriilikumista, voi parantaa tiiviytt\u00e4 ja kest\u00e4vyytt\u00e4. Sylinterin rungon ja kierteiden p\u00e4\u00e4n hieno pintak\u00e4sittely voi my\u00f6s parantaa kulutuskest\u00e4vyytt\u00e4.<\/p>\n<h3>Turvallisuus ja huolto<\/h3>\n<p>S\u00e4\u00e4nn\u00f6lliset tarkastukset ja ennaltaehk\u00e4isev\u00e4t huoltotoimenpiteet ovat elint\u00e4rkeit\u00e4 kauhasylinterin turvallisen ja asianmukaisen toiminnan varmistamiseksi. Oikea asennus, voitelu ja kalibrointi ovat ratkaisevan t\u00e4rkeit\u00e4 sylinterin suorituskyvyn parantamiseksi ja sen k\u00e4ytt\u00f6i\u00e4n pident\u00e4miseksi. <\/p>\n<p><img decoding=\"async\" src=\"https:\/\/www.hydraulic-cylinders.net\/wp-content\/uploads\/2025\/01\/songte-oil-pipes-and-spare-parts.webp\" alt=\"Kauhan sylinterin huoltokuva\"><\/p>\n<h2>Asennusopas<\/h2>\n<p>Oikea asennus on v\u00e4ltt\u00e4m\u00e4t\u00f6nt\u00e4 kauhasylinterin turvallisen ja tehokkaan toiminnan varmistamiseksi. Sylinterin oikea kohdistaminen ja sopivien asennuskiinnikkeiden k\u00e4ytt\u00f6 sen kiinnitt\u00e4miseksi voi est\u00e4\u00e4 sylinterin vaurioitumisen ja varmistaa oikean toiminnan. Suositellut tarkastus-, korjaus- ja vaihtomenettelyt voivat parantaa sylinterin suorituskyky\u00e4 ja pident\u00e4\u00e4 sen k\u00e4ytt\u00f6ik\u00e4\u00e4.<\/p>\n<h3>Huoltoteht\u00e4v\u00e4t<\/h3>\n<ul>\n<li>S\u00e4\u00e4nn\u00f6llinen tarkastus<\/li>\n<li>Oikea voitelu<\/li>\n<li>Tiivisteen vaihto<\/li>\n<li>Kalibrointitarkistus<\/li>\n<\/ul>\n<p><img decoding=\"async\" src=\"https:\/\/www.hydraulic-cylinders.net\/wp-content\/uploads\/2025\/01\/songte-chushion-collar.webp\" alt=\"Kauhan sylinterin asennuskuva\"><\/p>\n<h2>Turvallisuusn\u00e4k\u00f6kohdat ja ymp\u00e4rist\u00f6tekij\u00e4t<\/h2>\n<p>Turvatoimenpiteet ovat ratkaisevan t\u00e4rkeit\u00e4 kauhasylinteri\u00e4 k\u00e4ytett\u00e4ess\u00e4 onnettomuuksien ja vammojen v\u00e4ltt\u00e4miseksi. Asianmukainen asennus, huolto ja k\u00e4ytt\u00f6 ovat olennaisia \u200b\u200bturvallisen k\u00e4yt\u00f6n varmistamiseksi. Ymp\u00e4rist\u00f6tekij\u00e4t, kuten l\u00e4mp\u00f6tila ja kosteus, voivat vaikuttaa sylinterin suorituskykyyn, ja n\u00e4iden vaikutusten lievent\u00e4miseksi on ryhdytt\u00e4v\u00e4 asianmukaisiin toimenpiteisiin.<\/p>\n<h2>Diagnoosi ja vianm\u00e4\u00e4ritys<\/h2>\n<p>Kauhasylinterin diagnosointi ja vianm\u00e4\u00e4ritys voi olla tarpeen ongelmien, kuten vuotojen, riitt\u00e4m\u00e4tt\u00f6m\u00e4n voiman tai hitaan vasteen, tunnistamiseksi ja korjaamiseksi. Suositellut vianm\u00e4\u00e4ritysvinkit ja -ratkaisut voivat auttaa lukijoita diagnosoimaan ja ratkaisemaan ongelmia tehokkaasti. My\u00f6s ennaltaehk\u00e4isevi\u00e4 toimenpiteit\u00e4 voidaan ehdottaa mahdollisten ongelmien minimoimiseksi.<\/p>\n<p><img decoding=\"async\" src=\"https:\/\/www.hydraulic-cylinders.net\/wp-content\/uploads\/2025\/01\/songte-bushings-with-all-kinds-of-excavator-models.webp\" alt=\"Kauhan sylinterin diagnoosikuva\"><\/p>\n<h2>Tietoa meist\u00e4<\/h2>\n<p>Olemme korvaavien hydraulisylinterien valmistaja, joka tarjoaa t\u00e4yden valikoiman tuotteita ja on yksi johtavista hydraulisylinterien valmistajista ja tukkumyyjist\u00e4 kotimaisilla ja kansainv\u00e4lisill\u00e4 markkinoilla. Noudatamme erinomaisen laadun periaatetta, luotamme hienotuotantolaitosten teollisen tuotannon hallintastrategiaan, parannamme jatkuvasti ty\u00f6pajan valmistusalustaa, hiomme tuotteiden laadun tuotantoreitti\u00e4 ja meill\u00e4 on vahva luova kyky vastata asiakkaiden monipuolisiin tarpeisiin tehokkaalla, tarkalla ja korkealaatuisella tuotteella. <\/p>\n<h3>Ammattimaisuus<\/h3>\n<p>Meill\u00e4 on kokeneiden ja ammattitaitoisten teknikkojen tiimi, joka kehitt\u00e4\u00e4 jatkuvasti innovatiivisia ratkaisuja hydraulisylintereiden tuotantoon varmistaen erinomaisen laadun ja suorituskyvyn.<\/p>\n<h3>Kansainv\u00e4linen sertifiointi<\/h3>\n<p>Tuotteemme ovat saaneet kansainv\u00e4lisi\u00e4 sertifikaatteja, kuten ISO9001, CE ja SGS, mik\u00e4 takaa niiden laadun ja turvallisuuden.<\/p>\n<h3>R\u00e4\u00e4t\u00e4l\u00f6intipalvelut<\/h3>\n<p>Tarjoamme r\u00e4\u00e4t\u00e4l\u00f6intipalveluita asiakkaidemme erityistarpeisiin ja r\u00e4\u00e4t\u00e4l\u00f6imme ratkaisuja, jotka sopivat heid\u00e4n vaatimuksiinsa.<\/p>\n<h3>Tuotantolaitteet<\/h3>\n<p>K\u00e4yt\u00e4mme edistyneit\u00e4 valmistuslaitteita, kuten CNC-koneita, ty\u00f6st\u00f6keskuksia ja hitsausrobotteja, jotka varmistavat tarkan ja tehokkaan tuotannon.<\/p>\n<h3>Myynnin j\u00e4lkeinen palvelu<\/h3>\n<p>Tarjoamme kattavia j\u00e4lkimarkkinointipalveluita, kuten huoltoa, korjausta ja uudelleenrakennusta, varmistaen asiakkaidemme tyytyv\u00e4isyyden ja tuotteidemme pitk\u00e4n k\u00e4ytt\u00f6i\u00e4n.<\/p>\n<p><img decoding=\"async\" src=\"https:\/\/www.hydraulic-cylinders.net\/wp-content\/uploads\/2025\/01\/songte-company-3.webp\" alt=\"Tietoja meist\u00e4 -kuva\"><\/p>\n<p>Kirjoittaja: lyl.<\/p>","protected":false},"excerpt":{"rendered":"<p>Bucket Cylinder For KYM KY50C Introduction The bucket cylinder for KYM KY50C is a specially designed hydraulic cylinder primarily used for controlling the movement of the bucket in heavy machinery such as excavators, backhoe loaders, and front-end loaders. Its main function is to enable the bucket to lift, lower, and tilt, making it easier to [&hellip;]<\/p>","protected":false},"featured_media":14769,"comment_status":"open","ping_status":"closed","template":"","meta":{"_et_pb_use_builder":"","_et_pb_old_content":"","_et_gb_content_width":""},"product_brand":[],"product_cat":[1494],"product_tag":[1495,1496],"class_list":{"0":"post-15803","1":"product","2":"type-product","3":"status-publish","4":"has-post-thumbnail","6":"product_cat-bucket-cylinders","7":"product_tag-bucket-cylinders","8":"product_tag-hydraulic-cylinders","10":"first","11":"instock","12":"shipping-taxable","13":"product-type-simple"},"amp_enabled":true,"_links":{"self":[{"href":"https:\/\/www.hydraulic-cylinders.net\/fi\/wp-json\/wp\/v2\/product\/15803","targetHints":{"allow":["GET"]}}],"collection":[{"href":"https:\/\/www.hydraulic-cylinders.net\/fi\/wp-json\/wp\/v2\/product"}],"about":[{"href":"https:\/\/www.hydraulic-cylinders.net\/fi\/wp-json\/wp\/v2\/types\/product"}],"replies":[{"embeddable":true,"href":"https:\/\/www.hydraulic-cylinders.net\/fi\/wp-json\/wp\/v2\/comments?post=15803"}],"wp:featuredmedia":[{"embeddable":true,"href":"https:\/\/www.hydraulic-cylinders.net\/fi\/wp-json\/wp\/v2\/media\/14769"}],"wp:attachment":[{"href":"https:\/\/www.hydraulic-cylinders.net\/fi\/wp-json\/wp\/v2\/media?parent=15803"}],"wp:term":[{"taxonomy":"product_brand","embeddable":true,"href":"https:\/\/www.hydraulic-cylinders.net\/fi\/wp-json\/wp\/v2\/product_brand?post=15803"},{"taxonomy":"product_cat","embeddable":true,"href":"https:\/\/www.hydraulic-cylinders.net\/fi\/wp-json\/wp\/v2\/product_cat?post=15803"},{"taxonomy":"product_tag","embeddable":true,"href":"https:\/\/www.hydraulic-cylinders.net\/fi\/wp-json\/wp\/v2\/product_tag?post=15803"}],"curies":[{"name":"wp","href":"https:\/\/api.w.org\/{rel}","templated":true}]}}