{"id":15811,"date":"2025-01-19T15:01:09","date_gmt":"2025-01-19T15:01:09","guid":{"rendered":"https:\/\/www.hydraulic-cylinders.net\/product\/bucket-cylinder-for-kym-ky105a\/"},"modified":"2025-01-19T15:01:12","modified_gmt":"2025-01-19T15:01:12","slug":"bucket-cylinder-for-kym-ky105a","status":"publish","type":"product","link":"https:\/\/www.hydraulic-cylinders.net\/fi\/tuote\/bucket-cylinder-for-kym-ky105a\/","title":{"rendered":"Kauhan sylinteri KYM KY105A:lle"},"content":{"rendered":"<h1>Kauhan sylinteri KYM KY105A:lle<\/h1>\n<h2>Johdanto<\/h2>\n<p>KYM KY105A:n kauhan sylinteri on hydraulinen sylinteri, joka on erityisesti suunniteltu ohjaamaan kauhan liikett\u00e4 raskaissa koneissa, kuten kaivinkoneissa, kaivurikuormaajissa ja etukuormaajissa. Sen ensisijainen teht\u00e4v\u00e4 on mahdollistaa kauhan nostaminen, laskeminen ja kallistaminen helppoa materiaalink\u00e4sittely\u00e4 varten. Hydraulij\u00e4rjestelm\u00e4ss\u00e4 kauhan sylinteri saavuttaa tarkan kauhan hallinnan k\u00e4ytt\u00e4m\u00e4ll\u00e4 hydrauli\u00f6ljyn paineenmuutoksia, jolloin k\u00e4ytt\u00e4j\u00e4t voivat k\u00e4sitell\u00e4 raskaita kuormia tehokkaasti ja sopeutua monimutkaisiin ty\u00f6ymp\u00e4rist\u00f6ihin ja erilaisiin ty\u00f6vaatimuksiin.<\/p>\n<p><img decoding=\"async\" src=\"https:\/\/www.hydraulic-cylinders.net\/wp-content\/uploads\/2025\/01\/songte-company-2.webp\"><\/p>\n<h2>Ominaisuudet<\/h2>\n<ul>\n<li>\n<h3>Korkea lujuus ja kest\u00e4vyys<\/h3>\n<p>Kauhasylinterit on yleens\u00e4 valmistettu eritt\u00e4in lujasta ter\u00e4ksest\u00e4 tai alumiinista, jotka kest\u00e4v\u00e4t korkeaa painetta ja raskaita kuormia, ja ne on suunniteltu kulutuskest\u00e4vyydell\u00e4 ja korroosionkest\u00e4vyydell\u00e4 niiden k\u00e4ytt\u00f6i\u00e4n pident\u00e4miseksi.<\/p>\n<\/li>\n<li>\n<h3>Tehokas hydraulinen k\u00e4ytt\u00f6<\/h3>\n<p>Kauhasylinterit k\u00e4ytt\u00e4v\u00e4t hydrauli\u00f6ljyn painetta tasaisen ulos- ja sis\u00e4\u00e4nvedon saavuttamiseksi, mik\u00e4 mahdollistaa nopean reagoinnin ohjauskomentoihin ja tarjoaa tehokkaat ty\u00f6nt\u00f6- ja vetovoimat, jotka sopivat raskaiden kuormien k\u00e4sittelyyn ja monimutkaisiin ty\u00f6teht\u00e4viin.<\/p>\n<\/li>\n<li>\n<h3>Erilaisia \u200b\u200btyyppej\u00e4<\/h3>\n<p>Kauhasylinterit voidaan valita tarpeiden mukaan yksitoimisiksi (hydrauliikkaa k\u00e4ytet\u00e4\u00e4n vain yhteen suuntaan) tai kaksitoimisiksi (hydrauliikkaa k\u00e4ytet\u00e4\u00e4n molempiin suuntiin), ja jotkut mallit ovat teleskooppisia, mik\u00e4 mahdollistaa suuremman jatkeen ilman ulkomittojen kasvua, mik\u00e4 sopii rajoitettuihin tiloihin.<\/p>\n<\/li>\n<li>\n<h3>Muiden hydraulisylintereiden korvaaminen<\/h3>\n<p>Tuotteemme voi t\u00e4ydellisesti korvata muita hydraulisylintereit\u00e4. Voimme tarjota osia ja korjauspalveluita sylinterin k\u00e4ytt\u00f6i\u00e4n pident\u00e4miseksi.<\/p>\n<\/li>\n<\/ul>\n<p><img decoding=\"async\" src=\"https:\/\/www.hydraulic-cylinders.net\/wp-content\/uploads\/2025\/01\/songte-cylinder-head-with-all-kinds-excavator-models.webp\"><\/p>\n<h2>Sovellukset<\/h2>\n<p>Kauhasylintereit\u00e4 k\u00e4ytet\u00e4\u00e4n laajalti erilaisissa raskaissa koneissa, kuten:<\/p>\n<ul>\n<li>Rakennuslaitteet: Kaivinkoneissa ne ovat ratkaisevan t\u00e4rkeit\u00e4 maan kaivamisessa, lastaamisessa ja maaper\u00e4n tai roskien siirt\u00e4misess\u00e4. Kaivurikuormaajissa kauhan sylinterit auttavat sek\u00e4 kaivamisessa ett\u00e4 nostamisessa. <\/li>\n<li>Maatalouskoneet: K\u00e4ytet\u00e4\u00e4n etukuormaajissa maaper\u00e4n, hein\u00e4n ja muiden materiaalien kauhaukseen, nostamiseen ja kuljettamiseen. <\/li>\n<li>Kaivinkoneet: Kauhasylinterit mahdollistavat kaivamisen antamalla kauhan tunkeutua maaper\u00e4\u00e4n. <\/li>\n<li>Kuormaajat: Etukuormaajissa ne auttavat lastin tehokkaassa nostamisessa ja tyhjent\u00e4misess\u00e4.<\/li>\n<\/ul>\n<h2>Suunnittelun\u00e4k\u00f6kohdat ja valintakriteerit<\/h2>\n<p>Kauhasylinterien suunnittelussa on otettu huomioon keskeiset n\u00e4k\u00f6kohdat, kuten kuormankantokyky, tiiviys, kest\u00e4vyys, turvallisuus ja helppohoitoisuus. T\u00e4ss\u00e4 on joitakin suunnittelussa huomioon otettavia seikkoja:<\/p>\n<ul>\n<li>\n<h3>Kantavuus<\/h3>\n<p>Kauhasylinterien on oltava suunniteltu kest\u00e4m\u00e4\u00e4n korkeaa painetta ja raskaita kuormia, ja materiaalien valinnassa on otettava huomioon sylinterin kulumis- ja korroosionkest\u00e4vyys.<\/p>\n<\/li>\n<li>\n<h3>Tiivistys<\/h3>\n<p>Hydrauli\u00f6ljyn vuotojen est\u00e4miseksi k\u00e4ytet\u00e4\u00e4n erilaisia \u200b\u200btiivisteit\u00e4, kuten m\u00e4nn\u00e4ntiivisteit\u00e4 ja varren tiivisteit\u00e4. Tiivisteiden tulee olla kulutusta kest\u00e4vi\u00e4 materiaaleja, kuten polyuretaania ja nitriilikumia, ja sylinterin runko ja kierteitetyt p\u00e4\u00e4typinnat tulee k\u00e4sitell\u00e4 huolellisesti kulutuskest\u00e4vyyden parantamiseksi.<\/p>\n<\/li>\n<li>\n<h3>Kest\u00e4vyys<\/h3>\n<p>Kauhasylinterien on oltava suunniteltu kest\u00e4m\u00e4\u00e4n ankaria k\u00e4ytt\u00f6olosuhteita ja varmistamaan pitk\u00e4 k\u00e4ytt\u00f6ik\u00e4. Materiaalit on valittava kest\u00e4viksi ja lujiksi, ja sylinteri on suunniteltava kulutus- ja korroosionkest\u00e4vyys huomioon ottaen.<\/p>\n<\/li>\n<li>\n<h3>Turvallisuus<\/h3>\n<p>Kauhapullot tulee suunnitella siten, ett\u00e4 ne est\u00e4v\u00e4t pullon rikkoutumisesta johtuvat onnettomuudet. Turvaominaisuudet, kuten lukitusmekanismit, paineenalennusventtiilit ja iskunvaimentimet, tulee sis\u00e4llytt\u00e4\u00e4 suunnitteluun aina kun se on tarpeen.<\/p>\n<\/li>\n<li>\n<h3>Huolto<\/h3>\n<p>Kauhasylinterien tulee olla suunniteltu siten, ett\u00e4 ne on helppo huoltaa ja korjata. Sylinterin tulee olla helppo purkaa ja varaosien tulee olla helposti saatavilla.<\/p>\n<\/li>\n<\/ul>\n<p><img decoding=\"async\" src=\"https:\/\/www.hydraulic-cylinders.net\/wp-content\/uploads\/2025\/01\/songte-oil-pipes-and-spare-parts.webp\"><\/p>\n<h2>Tiivistys ja voitelu<\/h2>\n<p>Kauhasylintereiss\u00e4 k\u00e4ytet\u00e4\u00e4n erilaisia \u200b\u200btiivistyskomponentteja, kuten m\u00e4nn\u00e4ntiivisteit\u00e4 ja varren tiivisteit\u00e4, hydrauli\u00f6ljyn vuotojen est\u00e4miseksi. N\u00e4m\u00e4 tiivisteet on valmistettu materiaaleista, kuten polyuretaanista ja nitriilikumista, joilla on hyv\u00e4 kulutuskest\u00e4vyys. Sylinterin runko ja kierteitetyt p\u00e4\u00e4typinnat on huolellisesti k\u00e4sitelty kulutuskest\u00e4vyyden parantamiseksi. Sylinteri vaatii s\u00e4\u00e4nn\u00f6llist\u00e4 hydrauli\u00f6ljyvoitelua toimiakseen oikein.<\/p>\n<h2>Huolto ja korjaus<\/h2>\n<p>Kauhasylinterin moitteettoman toiminnan varmistamiseksi s\u00e4\u00e4nn\u00f6lliset tarkastukset, voitelu ja tiivisteiden vaihto ovat v\u00e4ltt\u00e4m\u00e4tt\u00f6mi\u00e4. T\u00e4ss\u00e4 on joitakin yleisi\u00e4 huoltoteht\u00e4vi\u00e4:<\/p>\n<ul>\n<li>\n<h3>S\u00e4\u00e4nn\u00f6llinen tarkastus<\/h3>\n<p>Tarkasta sylinteri kulumisen, vaurioiden ja vuotojen varalta. Tarkista, ett\u00e4 se toimii oikein ja on voitelussa.<\/p>\n<\/li>\n<li>\n<h3>Voitelu<\/h3>\n<p>Voitele sylinteri s\u00e4\u00e4nn\u00f6llisesti suositellulla hydrauliikka\u00f6ljyll\u00e4 varmistaaksesi sujuvan toiminnan.<\/p>\n<\/li>\n<li>\n<h3>Tiivisteen vaihto<\/h3>\n<p>Vaihda kuluneet tai vaurioituneet tiivisteet \u00f6ljyvuotojen est\u00e4miseksi ja sylinterin suorituskyvyn parantamiseksi.<\/p>\n<\/li>\n<\/ul>\n<p><img decoding=\"async\" src=\"https:\/\/www.hydraulic-cylinders.net\/wp-content\/uploads\/2025\/01\/songte-chushion-collar.webp\"><\/p>\n<h2>Turvallisuus- ja ymp\u00e4rist\u00f6n\u00e4k\u00f6kohdat<\/h2>\n<p>Kauhasylinteri\u00e4 k\u00e4ytett\u00e4ess\u00e4 on t\u00e4rke\u00e4\u00e4 noudattaa turvallisuusohjeita sylinterin vikaantumisesta tai virheellisest\u00e4 k\u00e4yt\u00f6st\u00e4 johtuvien onnettomuuksien v\u00e4ltt\u00e4miseksi. On my\u00f6s t\u00e4rke\u00e4\u00e4 ottaa huomioon hydraulinesteiden ymp\u00e4rist\u00f6vaikutukset ja varmistaa j\u00e4tenesteiden asianmukainen h\u00e4vitt\u00e4minen.<\/p>\n<h2>Vianm\u00e4\u00e4ritys ja yleiset ongelmat<\/h2>\n<p>Kauhasylintereiss\u00e4 voi esiinty\u00e4 yleisi\u00e4 ongelmia, kuten vuotoja, heikkoa suorituskyky\u00e4 ja vaurioita. T\u00e4ss\u00e4 on vinkkej\u00e4 n\u00e4iden ongelmien diagnosointiin ja ratkaisemiseen:<\/p>\n<ul>\n<li>\n<h3>Vuoto<\/h3>\n<p>Jos \u00f6ljyvuotoa esiintyy, tarkista vaurioituneiden tiivisteiden varalta ja vaihda ne tarvittaessa. Tarkista my\u00f6s kuluneet m\u00e4nn\u00e4n tai m\u00e4nn\u00e4nvarren pinnat ja vaihda ne tarvittaessa.<\/p>\n<\/li>\n<li>\n<h3>Huono suorituskyky<\/h3>\n<p>Jos sylinteri on hidas tai ei reagoi, tarkista hydrauliikka\u00f6ljyn taso tai suodattimet ovat tukossa. Tarkista my\u00f6s kuluneet tai vaurioituneet osat ja vaihda ne tarvittaessa.<\/p>\n<\/li>\n<li>\n<h3>Vahingoittaa<\/h3>\n<p>Jos sylinteriss\u00e4 on n\u00e4kyvi\u00e4 vaurioita, kuten lommoja tai halkeamia, se on vaihdettava.<\/p>\n<\/li>\n<\/ul>\n<h2>Tietoa yrityksest\u00e4mme<\/h2>\n<p>Olemme hydraulisylinterien valmistaja, joka on erikoistunut korvaavien hydraulisylinterien tuotantoon. Meill\u00e4 on t\u00e4ydellinen tuotevalikoima ja olemme yksi johtavista hydraulisylinterien valmistajista ja tukkumyyjist\u00e4 kotimaisilla ja kansainv\u00e4lisill\u00e4 markkinoilla. Noudatamme erinomaisen laadun periaatetta ja luotamme teollistettuihin tuotannonohjausstrategioihin tarkkuusvalmistusty\u00f6pajoissamme. Parannamme jatkuvasti ty\u00f6pajan valmistusalustaa, parannamme tuotteiden laadun tuotantoreitti\u00e4 ja meill\u00e4 on vahva luova kyky. Tarjoamme tehokkaita, tarkkoja ja korkealaatuisia tuotteita vastaamaan asiakkaiden monipuolisiin tarpeisiin.<\/p>\n<p><img decoding=\"async\" src=\"https:\/\/hzpt.com\/wp-content\/uploads\/2024\/11\/songte-company-1.webp\"><\/p>\n<h2>Ammattitaito ja kansainv\u00e4linen sertifiointi<\/h2>\n<p>Yrityksell\u00e4mme on ammattitaitoisten insin\u00f6\u00f6rien ja teknikkojen tiimi, jolla on laaja kokemus hydraulisten sylinterien suunnittelusta ja valmistuksesta. Olemme saaneet kansainv\u00e4lisi\u00e4 sertifikaatteja, kuten ISO9001 ja CE, varmistaaksemme tuotteiden laadun ja luotettavuuden.<\/p>\n<h2>R\u00e4\u00e4t\u00e4l\u00f6inti- ja tuotantolaitteet<\/h2>\n<p>Tarjoamme r\u00e4\u00e4t\u00e4l\u00f6ityj\u00e4 palveluita vastaamaan asiakkaiden erityistarpeita. Yrityksell\u00e4mme on edistyneet digitaaliset valmistuslaitteet ja ammattimaiset testausj\u00e4rjestelm\u00e4t tuotteidemme tarkkuuden ja laadun varmistamiseksi.<\/p>\n<h2>Myynnin j\u00e4lkeinen palvelu<\/h2>\n<p>Tarjoamme kattavia huoltopalveluita, kuten tarkastuksia, korjauksia ja osien vaihtoa. Tarjoamme my\u00f6s kunnostuspalveluita sylinterin k\u00e4ytt\u00f6i\u00e4n pident\u00e4miseksi.<\/p>\n<p>Kirjoittaja: lyl.<\/p>","protected":false},"excerpt":{"rendered":"<p>Bucket Cylinder For KYM KY105A Introduction The Bucket Cylinder for KYM KY105A is a type of hydraulic cylinder specially designed to control the movement of the bucket in heavy machinery such as excavators, backhoe loaders, and front-end loaders. Its primary function is to allow the bucket to be lifted, lowered, and tilted for easy material [&hellip;]<\/p>","protected":false},"featured_media":14784,"comment_status":"open","ping_status":"closed","template":"","meta":{"_et_pb_use_builder":"","_et_pb_old_content":"","_et_gb_content_width":""},"product_brand":[],"product_cat":[1494],"product_tag":[1495,1496],"class_list":{"0":"post-15811","1":"product","2":"type-product","3":"status-publish","4":"has-post-thumbnail","6":"product_cat-bucket-cylinders","7":"product_tag-bucket-cylinders","8":"product_tag-hydraulic-cylinders","10":"first","11":"instock","12":"shipping-taxable","13":"product-type-simple"},"amp_enabled":true,"_links":{"self":[{"href":"https:\/\/www.hydraulic-cylinders.net\/fi\/wp-json\/wp\/v2\/product\/15811","targetHints":{"allow":["GET"]}}],"collection":[{"href":"https:\/\/www.hydraulic-cylinders.net\/fi\/wp-json\/wp\/v2\/product"}],"about":[{"href":"https:\/\/www.hydraulic-cylinders.net\/fi\/wp-json\/wp\/v2\/types\/product"}],"replies":[{"embeddable":true,"href":"https:\/\/www.hydraulic-cylinders.net\/fi\/wp-json\/wp\/v2\/comments?post=15811"}],"wp:featuredmedia":[{"embeddable":true,"href":"https:\/\/www.hydraulic-cylinders.net\/fi\/wp-json\/wp\/v2\/media\/14784"}],"wp:attachment":[{"href":"https:\/\/www.hydraulic-cylinders.net\/fi\/wp-json\/wp\/v2\/media?parent=15811"}],"wp:term":[{"taxonomy":"product_brand","embeddable":true,"href":"https:\/\/www.hydraulic-cylinders.net\/fi\/wp-json\/wp\/v2\/product_brand?post=15811"},{"taxonomy":"product_cat","embeddable":true,"href":"https:\/\/www.hydraulic-cylinders.net\/fi\/wp-json\/wp\/v2\/product_cat?post=15811"},{"taxonomy":"product_tag","embeddable":true,"href":"https:\/\/www.hydraulic-cylinders.net\/fi\/wp-json\/wp\/v2\/product_tag?post=15811"}],"curies":[{"name":"wp","href":"https:\/\/api.w.org\/{rel}","templated":true}]}}