{"id":15812,"date":"2025-01-19T15:01:14","date_gmt":"2025-01-19T15:01:14","guid":{"rendered":"https:\/\/www.hydraulic-cylinders.net\/product\/bucket-cylinder-for-pengpu-sw60e\/"},"modified":"2025-01-19T15:01:16","modified_gmt":"2025-01-19T15:01:16","slug":"bucket-cylinder-for-pengpu-sw60e","status":"publish","type":"product","link":"https:\/\/www.hydraulic-cylinders.net\/fi\/tuote\/bucket-cylinder-for-pengpu-sw60e\/","title":{"rendered":"Kauhan sylinteri Pengpu SW60E:lle"},"content":{"rendered":"<h1>Kauhan sylinteri Pengpu SW60E:lle<\/h1>\n<h2>Johdanto<\/h2>\n<p>Kauhasylinteri, joka tunnetaan my\u00f6s hydraulisylinterin\u00e4, on erityisesti suunniteltu hydraulinen toimilaite, jota k\u00e4ytet\u00e4\u00e4n kauhan liikkeen ohjaamiseen raskaissa koneissa, kuten kaivinkoneissa, traktorikaivureissa ja etukuormaajissa. Sen p\u00e4\u00e4teht\u00e4v\u00e4n\u00e4 on mahdollistaa kauhan nostaminen, laskeminen ja kallistaminen, mik\u00e4 helpottaa erilaisten materiaalink\u00e4sittelyteht\u00e4vien k\u00e4sittely\u00e4. Hydraulij\u00e4rjestelm\u00e4ss\u00e4 kauhasylinteri ohjaa kauhan tarkkaa liikett\u00e4 hydrauli\u00f6ljyn paineen muutosten avulla, jolloin k\u00e4ytt\u00e4j\u00e4t voivat k\u00e4sitell\u00e4 raskaita kuormia tehokkaasti ja sopeutua monimutkaisiin ty\u00f6ymp\u00e4rist\u00f6ihin ja erilaisiin k\u00e4ytt\u00f6vaatimuksiin.<\/p>\n<p><img decoding=\"async\" src=\"https:\/\/www.hydraulic-cylinders.net\/wp-content\/uploads\/2025\/01\/songte-company-2.webp\" alt=\"Kauhan sylinteri Pengpu SW60E:lle\" \/><\/p>\n<h2>Ominaisuudet<\/h2>\n<ul>\n<li><strong>Korkea lujuus ja kest\u00e4vyys:<\/strong> Tyypillisesti eritt\u00e4in lujasta ter\u00e4ksest\u00e4 tai alumiinista valmistettu, se kest\u00e4\u00e4 korkeaa painetta ja raskaita kuormia, sopeutuu vaativiin ty\u00f6ymp\u00e4rist\u00f6ihin ja on suunniteltu kulutus- ja korroosionkest\u00e4vyys mieless\u00e4 pit\u00e4en k\u00e4ytt\u00f6i\u00e4n pident\u00e4miseksi.<\/li>\n<li><strong>Tehokas hydraulinen k\u00e4ytt\u00f6:<\/strong> Hydrauli\u00f6ljyn paineen ansiosta se saavuttaa tasaiset ojennus- ja supistusliikkeet, reagoi nopeasti ohjauskomentoihin, tarjoaa voimakkaita ty\u00f6nt\u00f6- ja vetovoimia ja soveltuu raskaiden kuormien k\u00e4sittelyyn ja monimutkaisiin operatiivisiin teht\u00e4viin.<\/li>\n<li><strong>Erilaisia \u200b\u200btyyppej\u00e4:<\/strong> Kauhasylinteri voidaan valita yksitoimiseksi (hydraulinen k\u00e4ytt\u00f6 vain yhteen suuntaan) tai kaksitoimiseksi (hydraulinen k\u00e4ytt\u00f6 kahteen suuntaan) sylinteriksi k\u00e4ytt\u00f6tarpeiden mukaan. Jotkut mallit ovat teleskooppisia, mik\u00e4 mahdollistaa suuremman jatkeen ilman ulkomittojen kasvua, joten ne sopivat sovelluksiin, joissa on rajoitetusti tilaa.<\/li>\n<li><strong>Yrityksemme voi tuottaa:<\/strong> Tuotteemme voivat t\u00e4ydellisesti korvata n\u00e4m\u00e4 hydraulisylinterit.<\/li>\n<\/ul>\n<p><img decoding=\"async\" src=\"https:\/\/www.hydraulic-cylinders.net\/wp-content\/uploads\/2025\/01\/songte-cylinder-head-with-all-kinds-excavator-models.webp\" alt=\"Kauhan sylinteri Pengpu SW60E:lle\" \/><\/p>\n<h2>Sovellukset<\/h2>\n<p>Kauhasylinteri\u00e4 k\u00e4ytet\u00e4\u00e4n laajalti erilaisissa raskaissa koneissa, mukaan lukien:<\/p>\n<ul>\n<li>Rakennuslaitteet: Kaivinkoneissa ne ovat kriittisi\u00e4 kaivamisessa, lastaamisessa ja maaper\u00e4n tai roskien siirt\u00e4misess\u00e4. Kaivinkoneissa kauhan sylinterit auttavat sek\u00e4 kaivamisessa ett\u00e4 nostamisessa. Etukuormaajissa ne auttavat lastin tehokkaassa nostamisessa ja tyhjent\u00e4misess\u00e4.<\/li>\n<li>Maatalouskoneet: K\u00e4ytet\u00e4\u00e4n etukuormaajissa maan, hein\u00e4n ja muiden materiaalien kauhaamiseen, nostamiseen ja kuljettamiseen. Kaivinkoneissa kauhan sylinterit mahdollistavat kaivamisen antamalla kauhan tunkeutua maaper\u00e4\u00e4n.<\/li>\n<\/ul>\n<p>Alla on joitakin kauhasylintereiden erityisi\u00e4 sovelluksia:<\/p>\n<ul>\n<li><strong>Rakentaminen:<\/strong> Kauhasylinterit ovat v\u00e4ltt\u00e4m\u00e4tt\u00f6mi\u00e4 maan, soran ja muiden materiaalien kaivamiseen, lastaamiseen ja kuljettamiseen. Niit\u00e4 k\u00e4ytet\u00e4\u00e4n my\u00f6s raskaiden koneiden ja laitteiden nostamiseen ja siirt\u00e4miseen rakennusty\u00f6mailla.<\/li>\n<li><strong>Kaivostoiminta:<\/strong> Kauhasylintereit\u00e4 k\u00e4ytet\u00e4\u00e4n kaivostoiminnassa materiaalien, kuten hiilen ja mineraalien, kaivamiseen ja kuljettamiseen.<\/li>\n<li><strong>Mets\u00e4talous:<\/strong> Mets\u00e4taloustoiminnassa kauhasylintereit\u00e4 k\u00e4ytet\u00e4\u00e4n laitteissa, kuten juontotraktoreissa ja kaatokasaajissa, tukkien ja muiden raskaiden materiaalien siirt\u00e4miseen.<\/li>\n<\/ul>\n<h2>Suunnittelun\u00e4k\u00f6kohdat ja valintakriteerit<\/h2>\n<p>Kauhasylintereiden suunnittelussa on t\u00e4rke\u00e4\u00e4 ottaa huomioon useita tekij\u00f6it\u00e4 optimaalisen suorituskyvyn, kest\u00e4vyyden, turvallisuuden ja helpon huollon varmistamiseksi. N\u00e4it\u00e4 tekij\u00f6it\u00e4 ovat:<\/p>\n<ul>\n<li><strong>Kantavuus:<\/strong> Sylinterin on oltava suunniteltu kest\u00e4m\u00e4\u00e4n nostettavan tai siirrett\u00e4v\u00e4n kuorman painon.<\/li>\n<li><strong>Tiivistys:<\/strong> Sylinteri on tiivistett\u00e4v\u00e4 kunnolla vuotojen est\u00e4miseksi ja moitteettoman toiminnan varmistamiseksi.<\/li>\n<li><strong>Kest\u00e4vyys:<\/strong> Sylinterin on oltava valmistettu kest\u00e4vist\u00e4 materiaaleista, jotka kest\u00e4v\u00e4t ankaria ymp\u00e4rist\u00f6j\u00e4 ja raskaita kuormia, joita se kohtaa k\u00e4yt\u00f6n aikana.<\/li>\n<li><strong>Turvallisuus:<\/strong> Sylinteri on suunniteltava turvaominaisuuksilla, jotka est\u00e4v\u00e4t onnettomuudet ja vammat k\u00e4yt\u00f6n aikana.<\/li>\n<li><strong>Huolto:<\/strong> Sylinteri on suunniteltava helppok\u00e4ytt\u00f6isyys mieless\u00e4 pit\u00e4en, jotta seisokkiajat voidaan minimoida ja yll\u00e4pitokustannukset pienenev\u00e4t.<\/li>\n<\/ul>\n<p><img decoding=\"async\" src=\"https:\/\/www.hydraulic-cylinders.net\/wp-content\/uploads\/2025\/01\/songte-oil-pipes-and-spare-parts.webp\" alt=\"Kauhan sylinteri Pengpu SW60E:lle\" \/><\/p>\n<h2>Tiivistys ja voitelu<\/h2>\n<p>Kauhasylinteriss\u00e4 k\u00e4ytet\u00e4\u00e4n erilaisia \u200b\u200btiivistyskomponentteja, kuten m\u00e4nn\u00e4ntiivisteit\u00e4 ja varren tiivisteit\u00e4, ja kulutusta kest\u00e4vi\u00e4 materiaaleja, kuten polyuretaania ja nitriilikumia, kulutuskest\u00e4vyyden parantamiseksi. Sylinterin runko ja kierteitetty p\u00e4\u00e4typinta on hienosti k\u00e4sitelty kulutuskest\u00e4vyyden parantamiseksi. S\u00e4\u00e4nn\u00f6llinen oikeanlainen hydrauli\u00f6ljyn k\u00e4ytt\u00f6 voi my\u00f6s auttaa voitelemaan sylinteri\u00e4 ja pident\u00e4\u00e4 sen k\u00e4ytt\u00f6ik\u00e4\u00e4.<\/p>\n<h2>Huolto ja vianm\u00e4\u00e4ritys<\/h2>\n<p>Kauhasylinterin s\u00e4\u00e4nn\u00f6llinen huolto ja tarkastukset ovat v\u00e4ltt\u00e4m\u00e4tt\u00f6mi\u00e4 optimaalisen suorituskyvyn varmistamiseksi ja rikkoutumisten ehk\u00e4isemiseksi. Yleisi\u00e4 huoltoteht\u00e4vi\u00e4 ovat asianmukainen asennus, s\u00e4\u00e4nn\u00f6llinen voitelu, tiivisteiden vaihto ja kalibrointitarkastukset. On my\u00f6s t\u00e4rke\u00e4\u00e4 diagnosoida ja vianm\u00e4\u00e4ritys mahdollisista ongelmista, kuten vuodoista tai toimintah\u00e4iri\u00f6ist\u00e4, seisokkiaikojen ja korjauskustannusten minimoimiseksi. Varotoimenpiteit\u00e4 voidaan toteuttaa mahdollisten ongelmien minimoimiseksi.<\/p>\n<p><img decoding=\"async\" src=\"https:\/\/www.hydraulic-cylinders.net\/wp-content\/uploads\/2025\/01\/songte-chushion-collar.webp\" alt=\"Kauhan sylinteri Pengpu SW60E:lle\" \/><\/p>\n<h2>Turvallisuusn\u00e4k\u00f6kohdat ja ymp\u00e4rist\u00f6tekij\u00e4t<\/h2>\n<p>Kauhasylinteri\u00e4 k\u00e4ytett\u00e4ess\u00e4 on t\u00e4rke\u00e4\u00e4 noudattaa asianmukaisia \u200b\u200bturvallisuusmenetelmi\u00e4 onnettomuuksien ja vammojen v\u00e4ltt\u00e4miseksi. T\u00e4h\u00e4n sis\u00e4ltyy asianmukaisten henkil\u00f6nsuojainten k\u00e4ytt\u00f6, asianmukaisten k\u00e4ytt\u00f6menetelmien noudattaminen sek\u00e4 kaikkien turvallisuusm\u00e4\u00e4r\u00e4ysten ja -ohjeiden noudattaminen. Ymp\u00e4rist\u00f6tekij\u00e4t, kuten l\u00e4mp\u00f6tila ja kosteus, on my\u00f6s otettava huomioon kauhasylinteri\u00e4 k\u00e4ytett\u00e4ess\u00e4 optimaalisen suorituskyvyn ja pitk\u00e4n k\u00e4ytt\u00f6i\u00e4n varmistamiseksi.<\/p>\n<h2>Tietoa yrityksest\u00e4mme<\/h2>\n<p>Olemme korvaavien hydraulisylinterien valmistaja ja tarjoamme t\u00e4yden valikoiman tuotteita. Olemme yksi johtavista hydraulisylinterien valmistajista ja tukkumyyjist\u00e4 kotimaisilla ja kansainv\u00e4lisill\u00e4 markkinoilla. Noudatamme erinomaisen laadun periaatteita ja luotamme hienon valmistuspajan teollisen tuotannon hallintastrategiaan. Teknisten kykyjen, digitaalisten huippuluokan valmistuslaitteiden ja ammattimaisten testausj\u00e4rjestelmien avulla yrityksemme parantaa jatkuvasti tuotantoalustaa, hioo tuotteiden laatua tuotantolinjalla ja meill\u00e4 on vahva innovaatiokyky tyydytt\u00e4\u00e4 asiakkaiden monipuoliset tarpeet korkean tehokkuuden, tarkkuuden ja korkean laadun periaatteilla.<\/p>\n<p>Yrityksemme tarjoaa erikoispalveluita, kansainv\u00e4lisi\u00e4 sertifiointeja ja r\u00e4\u00e4t\u00e4l\u00f6ityj\u00e4 ratkaisuja asiakkaidemme tarpeisiin. Meill\u00e4 on edistyneet tuotantolaitteet ja tarjoamme kattavaa huoltopalvelua.<\/p>\n<p><img decoding=\"async\" src=\"https:\/\/www.hydraulic-cylinders.net\/wp-content\/uploads\/2025\/01\/songte-company-3.webp\" alt=\"Kauhan sylinteri Pengpu SW60E:lle\" \/><\/p>\n<p>Kirjoittaja: lyl<\/p>","protected":false},"excerpt":{"rendered":"<p>Bucket Cylinder For Pengpu SW60E Introduction The bucket cylinder, also known as a hydraulic cylinder, is a specially designed hydraulic actuator used to control the movement of the bucket in heavy machinery such as excavators, backhoes, and front-end loaders. Its main function is to allow the bucket to lift, lower, and tilt, making it easier [&hellip;]<\/p>","protected":false},"featured_media":14782,"comment_status":"open","ping_status":"closed","template":"","meta":{"_et_pb_use_builder":"","_et_pb_old_content":"","_et_gb_content_width":""},"product_brand":[],"product_cat":[1494],"product_tag":[1495,1496],"class_list":{"0":"post-15812","1":"product","2":"type-product","3":"status-publish","4":"has-post-thumbnail","6":"product_cat-bucket-cylinders","7":"product_tag-bucket-cylinders","8":"product_tag-hydraulic-cylinders","10":"first","11":"instock","12":"shipping-taxable","13":"product-type-simple"},"amp_enabled":true,"_links":{"self":[{"href":"https:\/\/www.hydraulic-cylinders.net\/fi\/wp-json\/wp\/v2\/product\/15812","targetHints":{"allow":["GET"]}}],"collection":[{"href":"https:\/\/www.hydraulic-cylinders.net\/fi\/wp-json\/wp\/v2\/product"}],"about":[{"href":"https:\/\/www.hydraulic-cylinders.net\/fi\/wp-json\/wp\/v2\/types\/product"}],"replies":[{"embeddable":true,"href":"https:\/\/www.hydraulic-cylinders.net\/fi\/wp-json\/wp\/v2\/comments?post=15812"}],"wp:featuredmedia":[{"embeddable":true,"href":"https:\/\/www.hydraulic-cylinders.net\/fi\/wp-json\/wp\/v2\/media\/14782"}],"wp:attachment":[{"href":"https:\/\/www.hydraulic-cylinders.net\/fi\/wp-json\/wp\/v2\/media?parent=15812"}],"wp:term":[{"taxonomy":"product_brand","embeddable":true,"href":"https:\/\/www.hydraulic-cylinders.net\/fi\/wp-json\/wp\/v2\/product_brand?post=15812"},{"taxonomy":"product_cat","embeddable":true,"href":"https:\/\/www.hydraulic-cylinders.net\/fi\/wp-json\/wp\/v2\/product_cat?post=15812"},{"taxonomy":"product_tag","embeddable":true,"href":"https:\/\/www.hydraulic-cylinders.net\/fi\/wp-json\/wp\/v2\/product_tag?post=15812"}],"curies":[{"name":"wp","href":"https:\/\/api.w.org\/{rel}","templated":true}]}}