{"id":15824,"date":"2025-01-19T15:02:11","date_gmt":"2025-01-19T15:02:11","guid":{"rendered":"https:\/\/www.hydraulic-cylinders.net\/product\/bucket-cylinder-for-nante-nt08\/"},"modified":"2025-01-19T15:02:13","modified_gmt":"2025-01-19T15:02:13","slug":"bucket-cylinder-for-nante-nt08","status":"publish","type":"product","link":"https:\/\/www.hydraulic-cylinders.net\/fi\/tuote\/bucket-cylinder-for-nante-nt08\/","title":{"rendered":"Kauhan sylinteri Nante NT08:lle"},"content":{"rendered":"<h1>Kauhan sylinteri Nante NT08:lle<\/h1>\n<h2>Johdanto<\/h2>\n<p>Nante NT08:n kauhan sylinteri on erikoishydraulinen sylinteri, joka on suunniteltu ohjaamaan raskaiden koneiden, kuten kaivinkoneiden, kaivurikuormaajien ja etukuormaajien, kauhojen liikett\u00e4. Sen p\u00e4\u00e4teht\u00e4v\u00e4n\u00e4 on mahdollistaa kauhan nostaminen, laskeminen ja kallistaminen, mik\u00e4 helpottaa erilaisten materiaalink\u00e4sittelyteht\u00e4vien k\u00e4sittely\u00e4. Hydraulij\u00e4rjestelm\u00e4ss\u00e4 kauhan sylinteri saavuttaa tarkan kauhan hallinnan hy\u00f6dynt\u00e4m\u00e4ll\u00e4 hydrauli\u00f6ljyn paineen muutoksia, jolloin k\u00e4ytt\u00e4j\u00e4t voivat k\u00e4sitell\u00e4 raskaita kuormia tehokkaasti ja sopeutua monimutkaisiin ty\u00f6ymp\u00e4rist\u00f6ihin ja erilaisiin ty\u00f6vaatimuksiin.<\/p>\n<p><img decoding=\"async\" src=\"https:\/\/www.hydraulic-cylinders.net\/wp-content\/uploads\/2025\/01\/songte-company-2.webp\" alt=\"Kauhan sylinterin kuva\"><\/p>\n<h2>Ominaisuudet<\/h2>\n<ul>\n<li><strong>Korkea lujuus ja kest\u00e4vyys:<\/strong> Tyypillisesti lujasta ter\u00e4ksest\u00e4 tai alumiinista valmistettu kauhasylinteri kest\u00e4\u00e4 korkeaa painetta ja raskaita kuormia ja mukautuu vaativiin ty\u00f6ymp\u00e4rist\u00f6ihin. Sen suunnittelussa on otettu huomioon kulutuskest\u00e4vyys ja korroosionkest\u00e4vyys, mik\u00e4 pident\u00e4\u00e4 sen k\u00e4ytt\u00f6ik\u00e4\u00e4.<\/li>\n<li><strong>Tehokas hydraulinen k\u00e4ytt\u00f6:<\/strong> Hydraulisen \u00f6ljynpaineen ansiosta kauhan sylinteri saavuttaa tasaiset ojennus- ja sis\u00e4\u00e4nvetoliikkeet, mik\u00e4 mahdollistaa nopean reagoinnin ohjauskomentoihin ja tarjoaa tehokkaat ty\u00f6nt\u00f6- ja vetovoimat. Se sopii raskaiden kuormien k\u00e4sittelyyn ja monimutkaisiin ty\u00f6teht\u00e4viin.<\/li>\n<li><strong>Monipuoliset tyypit:<\/strong> Kauhasylinteri voidaan valita yksitoimiseksi (hydraulinen paine vain yhteen suuntaan) tai kaksitoimiseksi (hydraulinen paine molempiin suuntiin) sylinteriksi tiettyjen k\u00e4ytt\u00f6vaatimusten mukaan. Jotkut mallit ovat teleskooppisia, mik\u00e4 mahdollistaa suuremman jatkeen ilman ulkomittojen kasvua, joten ne sopivat sovelluksiin, joissa on rajoitetusti tilaa.<\/li>\n<li><strong>T\u00e4ydellinen korvaus:<\/strong> Tuotteemme voi t\u00e4ydellisesti korvata n\u00e4m\u00e4 hydraulisylinterit.<\/li>\n<\/ul>\n<p><img decoding=\"async\" src=\"https:\/\/www.hydraulic-cylinders.net\/wp-content\/uploads\/2025\/01\/songte-cylinder-head-with-all-kinds-excavator-models.webp\" alt=\"Hydraulisylinterin kuva\"><\/p>\n<h2>Sovellukset<\/h2>\n<p>Kauhasylinteri\u00e4 k\u00e4ytet\u00e4\u00e4n erilaisissa laitteissa, mukaan lukien:<\/p>\n<ul>\n<li><strong>Rakennuslaitteet:<\/strong> Kaivinkoneissa niit\u00e4 k\u00e4ytet\u00e4\u00e4n ratkaisevana tekij\u00e4n\u00e4 maan tai roskien kaivamisessa, lastaamisessa ja siirt\u00e4misess\u00e4. Kaivurikuormaajissa kauhan sylinteri auttaa sek\u00e4 kaivamisessa ett\u00e4 nostamisessa.<\/li>\n<li><strong>Maatalouskoneet:<\/strong> K\u00e4ytet\u00e4\u00e4n etukuormaajissa maaper\u00e4n, hein\u00e4n ja muiden materiaalien kauhaukseen, nostamiseen ja kuljettamiseen.<\/li>\n<li><strong>Kaivinkoneet:<\/strong> Kauhan sylinteri mahdollistaa kaivamisen antamalla kauhan tunkeutua maaper\u00e4\u00e4n.<\/li>\n<li><strong>Etukuormaajat:<\/strong> Etukuormaajissa ne auttavat tavaroiden tehokkaassa nostamisessa ja tyhjent\u00e4misess\u00e4.<\/li>\n<\/ul>\n<h2>Suunnittelun\u00e4k\u00f6kohdat ja valintakriteerit<\/h2>\n<p>Kauhasylinteri\u00e4 suunniteltaessa on otettava huomioon useita keskeisi\u00e4 tekij\u00f6it\u00e4 ja valintakriteerej\u00e4:<\/p>\n<ul>\n<li><strong>Kantavuus:<\/strong> Sylinterin tulee olla suunniteltu kest\u00e4m\u00e4\u00e4n odotettu kuormitus ja voimat.<\/li>\n<li><strong>Tiivistys:<\/strong> Erilaisia \u200b\u200btiivistyskomponentteja, kuten m\u00e4nn\u00e4ntiivisteit\u00e4 ja varren tiivisteit\u00e4, tulisi k\u00e4ytt\u00e4\u00e4 asianmukaisen tiivistyksen varmistamiseksi ja hydrauli\u00f6ljyn vuotojen est\u00e4miseksi.<\/li>\n<li><strong>Kest\u00e4vyys:<\/strong> Sylinteri tulee suunnitella kest\u00e4m\u00e4\u00e4n odotettavissa olevat k\u00e4ytt\u00f6olosuhteet ottaen huomioon tekij\u00e4t, kuten kulutuskest\u00e4vyys ja korroosionkest\u00e4vyys.<\/li>\n<li><strong>Turvallisuus:<\/strong> Suunnitteluun on sis\u00e4llytett\u00e4v\u00e4 turvaominaisuuksia k\u00e4ytt\u00e4jien turvallisuuden varmistamiseksi ja onnettomuuksien ehk\u00e4isemiseksi.<\/li>\n<li><strong>Yll\u00e4pidett\u00e4vyys:<\/strong> Sylinterin rakenteen tulisi mahdollistaa osien helppo huolto, korjaus ja vaihto seisokkiaikojen minimoimiseksi.<\/li>\n<\/ul>\n<p><img decoding=\"async\" src=\"https:\/\/www.hydraulic-cylinders.net\/wp-content\/uploads\/2025\/01\/songte-oil-pipes-and-spare-parts.webp\" alt=\"Hydraulisylinterin osien kuva\"><\/p>\n<h2>Tiivistys ja voitelu<\/h2>\n<p>Kauhasylinteriss\u00e4 k\u00e4ytet\u00e4\u00e4n erilaisia \u200b\u200btiivistyskomponentteja, kuten m\u00e4nn\u00e4ntiivisteit\u00e4 ja varren tiivisteit\u00e4, jotka on valmistettu kulutusta kest\u00e4vist\u00e4 materiaaleista, kuten polyuretaanista ja nitriilikumista. Sylinterin runko ja kierteitetyt p\u00e4\u00e4t on hienok\u00e4sitelty kulutuskest\u00e4vyyden parantamiseksi. S\u00e4\u00e4nn\u00f6llinen voitelu sopivalla hydrauliikka\u00f6ljyll\u00e4 on tarpeen sujuvan toiminnan varmistamiseksi ja liiallisen kulumisen est\u00e4miseksi.<\/p>\n<h2>S\u00e4\u00e4nn\u00f6llinen tarkastus ja ennaltaehk\u00e4isev\u00e4 huolto<\/h2>\n<ul>\n<li>Tarkasta kauhan sylinteri s\u00e4\u00e4nn\u00f6llisesti mahdollisten vaurioiden, vuotojen tai ep\u00e4normaalin kulumisen varalta.<\/li>\n<li>Voitele sylinteri asianmukaisesti ja varmista, ett\u00e4 kaikki liitokset ovat tiukasti kiinni.<\/li>\n<li>Vaihda tiivisteet s\u00e4\u00e4nn\u00f6llisesti ja suorita kalibrointitarkistukset optimaalisen suorituskyvyn yll\u00e4pit\u00e4miseksi.<\/li>\n<\/ul>\n<h2>Oikean tuotteen asennusopas<\/h2>\n<p>Kun asennat kauhan sylinteri\u00e4, noudata seuraavia ohjeita:<\/p>\n<ul>\n<li>Varmista sylinterin oikea kohdistus.<\/li>\n<li>K\u00e4yt\u00e4 sopivia asennuskiinnikkeit\u00e4 sylinterin kiinnitt\u00e4miseen.<\/li>\n<\/ul>\n<p><img decoding=\"async\" src=\"https:\/\/www.hydraulic-cylinders.net\/wp-content\/uploads\/2025\/01\/songte-chushion-collar.webp\" alt=\"Tyynykauluksen kuva\"><\/p>\n<h2>Huoltoteht\u00e4v\u00e4t<\/h2>\n<p>Kauhan sylinterin yleisi\u00e4 huoltoteht\u00e4vi\u00e4 ovat:<\/p>\n<ul>\n<li>S\u00e4\u00e4nn\u00f6llinen tarkastus<\/li>\n<li>Oikea voitelu<\/li>\n<li>Tiivisteen vaihto<\/li>\n<li>Kalibrointitarkastukset<\/li>\n<\/ul>\n<p>On t\u00e4rke\u00e4\u00e4 korostaa oikean asennuksen, voitelun ja s\u00e4\u00e4d\u00f6n t\u00e4rkeytt\u00e4. Antaa ohjeita sylinterin oikeaan kohdistamiseen ja suositella sopivien asennuskiinnikkeiden k\u00e4ytt\u00f6\u00e4 sylinterin kiinnitt\u00e4miseksi. Suositella tarkastus-, korjaus- ja vaihtotoimenpiteit\u00e4 sek\u00e4 antaa vinkkej\u00e4 kauhasylinterin k\u00e4ytt\u00f6i\u00e4n pident\u00e4miseksi.<\/p>\n<p><img decoding=\"async\" src=\"https:\/\/www.hydraulic-cylinders.net\/wp-content\/uploads\/2025\/01\/songte-bushings-with-all-kinds-of-excavator-models.webp\" alt=\"Kaivinkoneen holkit kuva\"><\/p>\n<h2>Turvallisuusn\u00e4k\u00f6kohdat ja ymp\u00e4rist\u00f6tekij\u00e4t<\/h2>\n<p>Kauhasylinteri\u00e4 k\u00e4ytett\u00e4ess\u00e4 on t\u00e4rke\u00e4\u00e4 priorisoida turvatoimenpiteit\u00e4 onnettomuuksien ehk\u00e4isemiseksi ja k\u00e4ytt\u00e4j\u00e4n hyvinvoinnin varmistamiseksi. My\u00f6s ymp\u00e4rist\u00f6tekij\u00e4t on otettava huomioon mahdollisten negatiivisten vaikutusten minimoimiseksi.<\/p>\n<h2>Vianm\u00e4\u00e4ritys ja yleiset ongelmat<\/h2>\n<p>Kauhan sylinteriin liittyvi\u00e4 yleisi\u00e4 vikoja ja ongelmia ovat:<\/p>\n<ul>\n<li>Vuoto<\/li>\n<li>Tehon menetys<\/li>\n<li>Hidas toiminta<\/li>\n<\/ul>\n<p>Anna vianm\u00e4\u00e4ritysvinkkej\u00e4 ja -ratkaisuja, jotka auttavat lukijoita tehokkaasti diagnosoimaan ja ratkaisemaan n\u00e4m\u00e4 ongelmat. Tarjoa ennaltaehk\u00e4isevi\u00e4 toimenpiteit\u00e4 mahdollisten ongelmien minimoimiseksi.<\/p>\n<p><img decoding=\"async\" src=\"https:\/\/www.hydraulic-cylinders.net\/wp-content\/uploads\/2025\/01\/songte-company-1.webp\" alt=\"Yrityksen imago\"><\/p>\n<h2>Tietoa yrityksest\u00e4mme<\/h2>\n<p>Olemme valmistaja, joka on erikoistunut korvaavien hydraulisylinterien tuotantoon. Yrityksemme tarjoaa laajan valikoiman tuotteita ja on yksi johtavista hydraulisylinterien valmistajista ja tukkumyyjist\u00e4 kotimaisilla ja kansainv\u00e4lisill\u00e4 markkinoilla. Noudatamme huippuosaamisen periaatteita ja luotamme teollisen tuotannon hallintastrategioihin hienosti varustellussa tuotantolaitoksessamme. Teknisten kykyjemme, edistyneiden digitaalisten valmistuslaitteiden ja ammattimaisten testausj\u00e4rjestelmien avulla parannamme jatkuvasti valmistusymp\u00e4rist\u00f6\u00e4mme ja tuotteiden laatua. Meill\u00e4 on vahva luova kyky ja pyrimme vastaamaan monipuolisiin asiakastarpeisiin korkealla tehokkuudella, tarkkuudella ja laadulla.<\/p>\n<p><img decoding=\"async\" src=\"https:\/\/www.hydraulic-cylinders.net\/wp-content\/uploads\/2025\/01\/songte-company-3.webp\" alt=\"Yrityksen imago\"><\/p>\n<h2>Yrityksen yleiskatsaus<\/h2>\n<ul>\n<li><strong>Ammattimaisuus:<\/strong> Meill\u00e4 on eritt\u00e4in ammattitaitoisia ammattilaisia, jotka takaavat tuotteidemme laadun.<\/li>\n<li><strong>Kansainv\u00e4liset sertifikaatit:<\/strong> Tuotteemme t\u00e4ytt\u00e4v\u00e4t kansainv\u00e4liset laatustandardit ja niill\u00e4 on asiaankuuluvat sertifikaatit.<\/li>\n<li><strong>R\u00e4\u00e4t\u00e4l\u00f6intipalvelut:<\/strong> Tarjoamme r\u00e4\u00e4t\u00e4l\u00f6ityj\u00e4 ratkaisuja vastaamaan asiakkaiden erityisvaatimuksia.<\/li>\n<li><strong>Tuotantolaitteet:<\/strong> K\u00e4yt\u00e4mme edistyneit\u00e4 tuotantolaitteita varmistaaksemme tuotteiden erinomaisuuden.<\/li>\n<li><strong>Myynnin j\u00e4lkeinen palvelu:<\/strong> Tarjoamme kattavia j\u00e4lkimarkkinointipalveluita<br \/>","protected":false},"excerpt":{"rendered":"<p>Bucket Cylinder For Nante NT08 Introduction The bucket cylinder for Nante NT08 is a specialized hydraulic cylinder designed for controlling the movement of buckets in heavy machinery such as excavators, backhoe loaders, and front-end loaders. Its main function is to enable the lifting, lowering, and tilting of the bucket, making it easier to handle various [&hellip;]<\/p>","protected":false},"featured_media":14787,"comment_status":"open","ping_status":"closed","template":"","meta":{"_et_pb_use_builder":"","_et_pb_old_content":"","_et_gb_content_width":""},"product_brand":[],"product_cat":[1494],"product_tag":[1495,1496],"class_list":{"0":"post-15824","1":"product","2":"type-product","3":"status-publish","4":"has-post-thumbnail","6":"product_cat-bucket-cylinders","7":"product_tag-bucket-cylinders","8":"product_tag-hydraulic-cylinders","10":"first","11":"instock","12":"shipping-taxable","13":"product-type-simple"},"amp_enabled":true,"_links":{"self":[{"href":"https:\/\/www.hydraulic-cylinders.net\/fi\/wp-json\/wp\/v2\/product\/15824","targetHints":{"allow":["GET"]}}],"collection":[{"href":"https:\/\/www.hydraulic-cylinders.net\/fi\/wp-json\/wp\/v2\/product"}],"about":[{"href":"https:\/\/www.hydraulic-cylinders.net\/fi\/wp-json\/wp\/v2\/types\/product"}],"replies":[{"embeddable":true,"href":"https:\/\/www.hydraulic-cylinders.net\/fi\/wp-json\/wp\/v2\/comments?post=15824"}],"wp:featuredmedia":[{"embeddable":true,"href":"https:\/\/www.hydraulic-cylinders.net\/fi\/wp-json\/wp\/v2\/media\/14787"}],"wp:attachment":[{"href":"https:\/\/www.hydraulic-cylinders.net\/fi\/wp-json\/wp\/v2\/media?parent=15824"}],"wp:term":[{"taxonomy":"product_brand","embeddable":true,"href":"https:\/\/www.hydraulic-cylinders.net\/fi\/wp-json\/wp\/v2\/product_brand?post=15824"},{"taxonomy":"product_cat","embeddable":true,"href":"https:\/\/www.hydraulic-cylinders.net\/fi\/wp-json\/wp\/v2\/product_cat?post=15824"},{"taxonomy":"product_tag","embeddable":true,"href":"https:\/\/www.hydraulic-cylinders.net\/fi\/wp-json\/wp\/v2\/product_tag?post=15824"}],"curies":[{"name":"wp","href":"https:\/\/api.w.org\/{rel}","templated":true}]}}