{"id":15836,"date":"2025-01-19T15:03:08","date_gmt":"2025-01-19T15:03:08","guid":{"rendered":"https:\/\/www.hydraulic-cylinders.net\/product\/bucket-cylinder-for-yanmar-sv025-6\/"},"modified":"2025-01-19T15:03:10","modified_gmt":"2025-01-19T15:03:10","slug":"bucket-cylinder-for-yanmar-sv025-6","status":"publish","type":"product","link":"https:\/\/www.hydraulic-cylinders.net\/fi\/tuote\/bucket-cylinder-for-yanmar-sv025-6\/","title":{"rendered":"Kauhan sylinteri Yanmar SV025-6:lle"},"content":{"rendered":"<h1>Kauhan sylinteri Yanmar SV025-6:lle<\/h1>\n<h2>Johdanto<\/h2>\n<p>Yanmar SV025-6:n kauhan sylinteri on erityisesti suunniteltu hydraulisylinteri, jota k\u00e4ytet\u00e4\u00e4n kauhan liikkeen ohjaamiseen raskaissa koneissa, kuten kaivinkoneissa, traktorikaivureissa ja etukuormaajissa. Sen p\u00e4\u00e4teht\u00e4v\u00e4n\u00e4 on mahdollistaa kauhan nostaminen, laskeminen ja kallistaminen, mik\u00e4 helpottaa erilaisten materiaalink\u00e4sittelyteht\u00e4vien k\u00e4sittely\u00e4. Hydraulij\u00e4rjestelm\u00e4ss\u00e4 kauhan sylinteri saavuttaa tarkan kauhan ohjauksen hydrauli\u00f6ljyn paineen muutosten avulla, mink\u00e4 ansiosta k\u00e4ytt\u00e4j\u00e4t voivat k\u00e4sitell\u00e4 raskaita kuormia tehokkaasti ja sopeutua monimutkaisiin ty\u00f6ymp\u00e4rist\u00f6ihin ja erilaisiin k\u00e4ytt\u00f6vaatimuksiin.<\/p>\n<p><img decoding=\"async\" src=\"https:\/\/www.hydraulic-cylinders.net\/wp-content\/uploads\/2025\/01\/songte-company-2.webp\"><\/p>\n<h2>Tuotteen ominaisuudet<\/h2>\n<ul>\n<li>\n<h3>Korkea lujuus ja kest\u00e4vyys<\/h3>\n<p>Kauhasylinteri on yleens\u00e4 valmistettu eritt\u00e4in lujasta ter\u00e4ksest\u00e4 tai alumiinista, joka kest\u00e4\u00e4 korkeaa painetta ja raskaita kuormia. Se on suunniteltu kulutuskest\u00e4vyytt\u00e4 ja korroosionkest\u00e4vyytt\u00e4 silm\u00e4ll\u00e4 pit\u00e4en, mik\u00e4 voi pident\u00e4\u00e4 sen k\u00e4ytt\u00f6ik\u00e4\u00e4.<\/p>\n<\/li>\n<li>\n<h3>Tehokas hydraulinen k\u00e4ytt\u00f6<\/h3>\n<p>Kauhasylinteri k\u00e4ytt\u00e4\u00e4 hydrauli\u00f6ljyn painetta tasaisen laajenemisen ja supistumisen aikaansaamiseksi, reagoi nopeasti ohjauskomentoihin ja tarjoaa tehokkaita ty\u00f6nt\u00f6- ja vetovoimia, jotka soveltuvat raskaiden kuormien k\u00e4sittelyyn ja monimutkaisiin operatiivisiin teht\u00e4viin.<\/p>\n<\/li>\n<li>\n<h3>Erilaisia \u200b\u200btyyppej\u00e4<\/h3>\n<p>Kauhasylinteri voidaan valita yksitoimiseksi (hydrauliikkaa k\u00e4ytet\u00e4\u00e4n vain yhteen suuntaan) tai kaksitoimiseksi (hydrauliikkaa k\u00e4ytet\u00e4\u00e4n molempiin suuntiin) tarpeiden mukaan erilaisten k\u00e4ytt\u00f6vaatimusten t\u00e4ytt\u00e4miseksi. Jotkut mallit ovat teleskooppisia, mik\u00e4 mahdollistaa suuremman jatkeen ilman ulkomittojen kasvua, mik\u00e4 sopii rajoitettuihin tiloihin.<\/p>\n<\/li>\n<li>\n<h3>T\u00e4ydellinen korvaus<\/h3>\n<p>Tuotteemme voi t\u00e4ydellisesti korvata n\u00e4m\u00e4 hydraulisylinterit. <\/p>\n<\/li>\n<\/ul>\n<p><img decoding=\"async\" src=\"https:\/\/www.hydraulic-cylinders.net\/wp-content\/uploads\/2025\/01\/songte-cylinder-head-with-all-kinds-excavator-models.webp\"><\/p>\n<h2>Hakemus<\/h2>\n<p>Kauhasylinteri\u00e4 k\u00e4ytet\u00e4\u00e4n laajalti erilaisissa raskaissa koneissa, kuten:<\/p>\n<ul>\n<li>\n<h3>Rakennuslaitteet<\/h3>\n<p>Kaivinkoneissa ne ovat v\u00e4ltt\u00e4m\u00e4tt\u00f6mi\u00e4 kaivamiseen, lastaamiseen ja maaper\u00e4n tai roskien siirt\u00e4miseen. Kaivinkoneissa kauhan sylinteri auttaa sek\u00e4 kaivamisessa ett\u00e4 nostamisessa. <\/p>\n<\/li>\n<li>\n<h3>Maatalouskoneet<\/h3>\n<p>K\u00e4ytet\u00e4\u00e4n etukuormaajissa maan, hein\u00e4n ja muiden materiaalien kauhaamiseen, nostamiseen ja kuljettamiseen. Kaivinkoneissa kauhan sylinteri saavuttaa kaivutoiminnon antamalla kauhan tunkeutua maahan. Etukuormaajissa ne auttavat nostamaan ja kallistamaan tavaroita tehokkaasti.<\/p>\n<\/li>\n<\/ul>\n<h2>Suunnittelun\u00e4k\u00f6kohdat ja valintakriteerit<\/h2>\n<p>Kauhasylinteri\u00e4 valittaessa on otettava huomioon seuraavat suunnittelun\u00e4k\u00f6kohdat ja valintakriteerit:<\/p>\n<ul>\n<li>\n<h3>Kantavuus<\/h3>\n<p>Kauhan sylinterin on kestett\u00e4v\u00e4 k\u00e4sitelt\u00e4v\u00e4n materiaalin paino ja hydraulij\u00e4rjestelm\u00e4n paine.<\/p>\n<\/li>\n<li>\n<h3>Tiivistys ja kest\u00e4vyys<\/h3>\n<p>Kauhan sylinteri on tiivistett\u00e4v\u00e4 tiiviisti hydraulinesteen vuotamisen est\u00e4miseksi. Sylinterin runko, m\u00e4nt\u00e4 ja m\u00e4nn\u00e4nvarren pinta on k\u00e4sitelt\u00e4v\u00e4 hienovaraisesti kulutuskest\u00e4vyyden parantamiseksi. <\/p>\n<\/li>\n<li>\n<h3>Turvallisuus ja huolto<\/h3>\n<p>Kauhasylinteri on asennettava oikein, jotta se toimii turvallisesti ja tehokkaasti. Se on huollettava s\u00e4\u00e4nn\u00f6llisesti, jotta se pysyy hyv\u00e4ss\u00e4 kunnossa, ja kaikki kuluneet tai vaurioituneet osat on vaihdettava ajoissa.<\/p>\n<\/li>\n<\/ul>\n<p><img decoding=\"async\" src=\"https:\/\/www.hydraulic-cylinders.net\/wp-content\/uploads\/2025\/01\/songte-oil-pipes-and-spare-parts.webp\"><\/p>\n<h2>Tiivistys ja voitelu<\/h2>\n<p>Kauhasylinteriss\u00e4 k\u00e4ytet\u00e4\u00e4n erilaisia \u200b\u200btiivisteit\u00e4, kuten m\u00e4nn\u00e4ntiivisteit\u00e4, varren tiivisteit\u00e4 jne., jotka on valmistettu kulutusta kest\u00e4vist\u00e4 materiaaleista, kuten polyuretaanista ja nitriilikumista, tiiviin tiivistyksen varmistamiseksi. Sylinterin runko ja varren pinta on hienosti k\u00e4sitelty kulutuskest\u00e4vyyden parantamiseksi. S\u00e4\u00e4nn\u00f6llinen voitelu sopivalla hydrauli\u00f6ljym\u00e4\u00e4r\u00e4ll\u00e4 auttaa yll\u00e4pit\u00e4m\u00e4\u00e4n kauhasylinterin suorituskyky\u00e4.<\/p>\n<h2>Tarkastus ja ennakoiva huolto<\/h2>\n<p>S\u00e4\u00e4nn\u00f6llinen tarkastus ja ennakoiva huolto voivat pident\u00e4\u00e4 kauhan sylinterin k\u00e4ytt\u00f6ik\u00e4\u00e4. Seuraavat ovat yleisi\u00e4 huoltoteht\u00e4vi\u00e4:<\/p>\n<ul>\n<li>\n<h3>S\u00e4\u00e4nn\u00f6llinen tarkastus<\/h3>\n<p>Sylinterin rungon, m\u00e4nn\u00e4n ja m\u00e4nn\u00e4nvarren kulumisen tai vaurioiden tarkastus.<\/p>\n<\/li>\n<li>\n<h3>Voitelu<\/h3>\n<p>Lis\u00e4\u00e4 sopiva m\u00e4\u00e4r\u00e4 hydrauli\u00f6ljy\u00e4 sylinterin voiteluun.<\/p>\n<\/li>\n<li>\n<h3>Tiivisteen vaihto<\/h3>\n<p>Kuluneiden tai vaurioituneiden tiivisteiden vaihtaminen tiiviin tiivistyksen varmistamiseksi.<\/p>\n<\/li>\n<li>\n<h3>Kalibrointitarkistus<\/h3>\n<p>Paineen kalibroinnin tarkistaminen tarkan paineens\u00e4\u00e4d\u00f6n varmistamiseksi.<\/p>\n<\/li>\n<\/ul>\n<p>Oikea asennus, voitelu ja s\u00e4\u00e4t\u00f6 ovat ratkaisevan t\u00e4rkeit\u00e4 kauhan sylinterin suorituskyvylle. Asennuksen aikana varmista, ett\u00e4 kohdistat sylinterin oikein ja k\u00e4yt\u00e4t sopivia kiinnityskorvakkeita sen kiinnitt\u00e4miseen. Suosittelemme osien tarkistamista, korjaamista ja vaihtamista sek\u00e4 kunnostuspalveluiden tarjoamista kauhan sylinterin k\u00e4ytt\u00f6i\u00e4n pident\u00e4miseksi.<\/p>\n<p><img decoding=\"async\" src=\"https:\/\/www.hydraulic-cylinders.net\/wp-content\/uploads\/2025\/01\/songte-chushion-collar.webp\"><\/p>\n<h2>Turvallisuus- ja ymp\u00e4rist\u00f6n\u00e4k\u00f6kohdat<\/h2>\n<p>Kauhasylinteri\u00e4 k\u00e4ytett\u00e4ess\u00e4 on noudatettava asianmukaisia \u200b\u200bturvatoimenpiteit\u00e4 henkil\u00f6vahinkojen ja laitteiden vaurioitumisen v\u00e4ltt\u00e4miseksi. Hydraulisten nesteiden ja muiden materiaalien asianmukainen h\u00e4vitt\u00e4minen on olennaista ymp\u00e4rist\u00f6n suojelemiseksi.<\/p>\n<h2>Yleisten vikojen diagnosointi ja ratkaisut<\/h2>\n<p>Kauhasylinterin yleisi\u00e4 vikoja ovat hydraulinesteen vuoto, riitt\u00e4m\u00e4t\u00f6n voimantuotto ja ep\u00e4vakaa toiminta. Seuraavassa on joitakin vinkkej\u00e4 ja ratkaisuja:<\/p>\n<ul>\n<li>\n<h3>Hydraulinestevuoto<\/h3>\n<p>Tarkista tiiviste ja vaihda se tarvittaessa. Tarkista sylinterin rungon tai m\u00e4nn\u00e4t ja m\u00e4nn\u00e4nvarren naarmut ja muut vauriot. S\u00e4\u00e4d\u00e4 kalibrointia tarvittaessa. <\/p>\n<\/li>\n<li>\n<h3>Riitt\u00e4m\u00e4t\u00f6n voimantuotto<\/h3>\n<p>Tarkista, ett\u00e4 hydraulij\u00e4rjestelm\u00e4n paine on oikea. Tarkista sylinterin kantavuus ja s\u00e4\u00e4d\u00e4 tai vaihda se tarvittaessa. <\/p>\n<\/li>\n<li>\n<h3>Ep\u00e4vakaa toiminta<\/h3>\n<p>Tarkista kalibrointi ja s\u00e4\u00e4d\u00e4 sit\u00e4 tarvittaessa. Tarkista hydraulij\u00e4rjestelm\u00e4n paine ja s\u00e4\u00e4d\u00e4 sit\u00e4 tarvittaessa.<\/p>\n<\/li>\n<\/ul>\n<p>Ennaltaehk\u00e4isev\u00e4t toimenpiteet, kuten s\u00e4\u00e4nn\u00f6llinen tarkastus, voivat auttaa v\u00e4ltt\u00e4m\u00e4\u00e4n n\u00e4it\u00e4 ongelmia ja varmistamaan kauhan sylinterin luotettavan toiminnan.<\/p>\n<p><img decoding=\"async\" src=\"https:\/\/www.hydraulic-cylinders.net\/wp-content\/uploads\/2025\/01\/songte-bushings-with-all-kinds-of-excavator-models.webp\"><\/p>\n<h2>Tietoa yrityksest\u00e4mme<\/h2>\n<p>Olemme hydraulisten sylinterien vaihto-osien valmistaja ja tarjoamme kattavan tuotevalikoiman. Olemme yksi johtavista hydraulisten sylinterien valmistajista ja tukkumyyjist\u00e4 kotimaisilla ja ulkomaisilla markkinoilla. Noudatamme erinomaisuuden periaatetta laadussa ja luotamme teollistettuihin tuotannonohjausstrategioihin hienostuneissa valmistuspajoissa. Yrityksemme parantaa jatkuvasti valmistusalustaa, hioo tuotannon laatua ja meill\u00e4 on vahva luova kyky vastata asiakkaiden monipuolisiin tarpeisiin tehokkaasti, tarkasti ja laadukkaasti.<\/p>\n<h3>Ammattimaisuus<\/h3>\n<p>Tiimimme koostuu kokeneista hydraulisylinterialan ammattilaisista, jotka kattavat kaikki tarvittavat asiat suunnittelusta tuotantoon, testaukseen ja j\u00e4lkimarkkinointiin. Ymm\u00e4rr\u00e4mme hydraulisylinterien suorituskyvyn syv\u00e4llisesti ja tarjoamme asiakkaillemme ammattitaitoista ja tehokasta palvelua.<\/p>\n<h3>Kansainv\u00e4linen sertifiointi<\/h3>\n<p>Tuotteemme ovat l\u00e4p\u00e4isseet kansainv\u00e4liset laatusertifikaatit, mukaan lukien ISO 9001 ja CE, mik\u00e4 varmistaa, ett\u00e4 tuotteidemme laatu t\u00e4ytt\u00e4\u00e4 kansainv\u00e4liset standardit.<\/p>\n<h3>R\u00e4\u00e4t\u00e4l\u00f6idyt palvelut<\/h3>\n<p>Tarjoamme r\u00e4\u00e4t\u00e4l\u00f6ityj\u00e4 palveluita asiakkaiden erityistarpeiden mukaan, kuten r\u00e4\u00e4t\u00e4l\u00f6ityj\u00e4 sylinterityyppej\u00e4 ja -kokoja, heid\u00e4n ainutlaatuisten vaatimustensa t\u00e4ytt\u00e4miseksi.<\/p>\n<h3>Edistyneet tuotantolaitteet<\/h3>\n<p>Yrityksell\u00e4mme on edistyneet tuotantolaitteet, kuten CNC-ty\u00f6st\u00f6keskus, CNC-sorvi ja muut digitaaliset huippuluokan valmistuslaitteet, jotka varmistavat jokaisen hydraulisylinterin tarkkuuden ja t\u00e4sm\u00e4llisyyden.<\/p>\n<h3>Myynnin j\u00e4lkeinen palvelu<\/h3>\n<p>Tarjoamme kattavaa huoltopalvelua, joka sis\u00e4lt\u00e4\u00e4 tuotteiden asennuksen, teknisen tuen ja huoltopalvelut, varmistaen, ett\u00e4 hydraulisylinterimme toimivat tehokkaasti ja luotettavasti mahdollisimman pitk\u00e4\u00e4n.<\/p>\n<p><img decoding=\"async\" src=\"https:\/\/hzpt.com\/wp-content\/uploads\/2024\/11\/songte-company-1.webp\"><\/p>\n<p>Kirjoittaja: lyl<\/p>","protected":false},"excerpt":{"rendered":"<p>Bucket Cylinder For Yanmar SV025-6 Introduction The bucket cylinder for Yanmar SV025-6 is a specially designed hydraulic cylinder used to control the movement of the bucket in heavy machinery such as excavators, backhoe excavators, and front-end loaders. Its main function is to allow the bucket to lift, lower, and tilt, making it easier to handle [&hellip;]<\/p>","protected":false},"featured_media":14761,"comment_status":"open","ping_status":"closed","template":"","meta":{"_et_pb_use_builder":"","_et_pb_old_content":"","_et_gb_content_width":""},"product_brand":[],"product_cat":[1494],"product_tag":[1495,1496],"class_list":{"0":"post-15836","1":"product","2":"type-product","3":"status-publish","4":"has-post-thumbnail","6":"product_cat-bucket-cylinders","7":"product_tag-bucket-cylinders","8":"product_tag-hydraulic-cylinders","10":"first","11":"instock","12":"shipping-taxable","13":"product-type-simple"},"amp_enabled":true,"_links":{"self":[{"href":"https:\/\/www.hydraulic-cylinders.net\/fi\/wp-json\/wp\/v2\/product\/15836","targetHints":{"allow":["GET"]}}],"collection":[{"href":"https:\/\/www.hydraulic-cylinders.net\/fi\/wp-json\/wp\/v2\/product"}],"about":[{"href":"https:\/\/www.hydraulic-cylinders.net\/fi\/wp-json\/wp\/v2\/types\/product"}],"replies":[{"embeddable":true,"href":"https:\/\/www.hydraulic-cylinders.net\/fi\/wp-json\/wp\/v2\/comments?post=15836"}],"wp:featuredmedia":[{"embeddable":true,"href":"https:\/\/www.hydraulic-cylinders.net\/fi\/wp-json\/wp\/v2\/media\/14761"}],"wp:attachment":[{"href":"https:\/\/www.hydraulic-cylinders.net\/fi\/wp-json\/wp\/v2\/media?parent=15836"}],"wp:term":[{"taxonomy":"product_brand","embeddable":true,"href":"https:\/\/www.hydraulic-cylinders.net\/fi\/wp-json\/wp\/v2\/product_brand?post=15836"},{"taxonomy":"product_cat","embeddable":true,"href":"https:\/\/www.hydraulic-cylinders.net\/fi\/wp-json\/wp\/v2\/product_cat?post=15836"},{"taxonomy":"product_tag","embeddable":true,"href":"https:\/\/www.hydraulic-cylinders.net\/fi\/wp-json\/wp\/v2\/product_tag?post=15836"}],"curies":[{"name":"wp","href":"https:\/\/api.w.org\/{rel}","templated":true}]}}