{"id":15838,"date":"2025-01-19T15:03:16","date_gmt":"2025-01-19T15:03:16","guid":{"rendered":"https:\/\/www.hydraulic-cylinders.net\/product\/bucket-cylinder-for-yanmar-vi35-5b\/"},"modified":"2025-01-19T15:03:18","modified_gmt":"2025-01-19T15:03:18","slug":"bucket-cylinder-for-yanmar-vi35-5b","status":"publish","type":"product","link":"https:\/\/www.hydraulic-cylinders.net\/fi\/tuote\/bucket-cylinder-for-yanmar-vi35-5b\/","title":{"rendered":"Kauhan sylinteri Yanmar VI35-5B:lle"},"content":{"rendered":"<h1>Kauhan sylinteri Yanmar VI35-5B:lle<\/h1>\n<h2>Johdanto<\/h2>\n<p>Kauhasylinteri on erityisesti suunniteltu hydraulisylinteri, jota k\u00e4ytet\u00e4\u00e4n ensisijaisesti raskaiden koneiden, kuten kaivinkoneiden, kaivurikuormaajien ja etukuormaajien, kauhojen liikkeen ohjaamiseen. Sen p\u00e4\u00e4teht\u00e4v\u00e4n\u00e4 on mahdollistaa kauhan nostaminen, laskeminen ja kallistaminen, mik\u00e4 helpottaa erilaisten materiaalink\u00e4sittelyteht\u00e4vien suorittamista. Hydraulij\u00e4rjestelm\u00e4ss\u00e4 kauhasylinteri saavuttaa kauhan tarkan hallinnan hydrauli\u00f6ljyn paineenmuutosten avulla, mink\u00e4 ansiosta k\u00e4ytt\u00e4j\u00e4t voivat k\u00e4sitell\u00e4 raskaita esineit\u00e4 tehokkaasti, sopeutua monimutkaisiin ty\u00f6ymp\u00e4rist\u00f6ihin ja erilaisiin k\u00e4ytt\u00f6tarpeisiin.<\/p>\n<p><img decoding=\"async\" src=\"https:\/\/www.hydraulic-cylinders.net\/wp-content\/uploads\/2025\/01\/songte-company-2.webp\"><\/p>\n<h2>Ominaisuudet<\/h2>\n<ul>\n<li>\n<h3>Korkea lujuus ja kest\u00e4vyys<\/h3>\n<p>Kauhasylinterit on tyypillisesti valmistettu eritt\u00e4in lujasta ter\u00e4ksest\u00e4 tai alumiinista, jotka kest\u00e4v\u00e4t korkeaa painetta ja raskaita kuormia, ja ne on suunniteltu kulumis- ja korroosionkest\u00e4vyytt\u00e4 silm\u00e4ll\u00e4 pit\u00e4en, mik\u00e4 pident\u00e4\u00e4 niiden k\u00e4ytt\u00f6ik\u00e4\u00e4.<\/p>\n<\/li>\n<li>\n<h3>Tehokas hydraulinen k\u00e4ytt\u00f6<\/h3>\n<p>Kauhasylinterit k\u00e4ytt\u00e4v\u00e4t hydrauli\u00f6ljyn painetta tasaisen ojennuksen ja sis\u00e4\u00e4nvedon aikaansaamiseksi, mik\u00e4 mahdollistaa nopean reagoinnin ohjauskomentoihin, tarjoaa tehokkaita ty\u00f6nt\u00f6- ja vetovoimia ja soveltuu raskaiden esineiden k\u00e4sittelyyn ja monimutkaisiin teht\u00e4viin.<\/p>\n<\/li>\n<li>\n<h3>Erilaisia \u200b\u200btyyppej\u00e4<\/h3>\n<p>Kauhasylinterit voidaan valita yksitoimisiksi (hydrauliikkaa k\u00e4ytet\u00e4\u00e4n vain yhteen suuntaan) tai kaksitoimisiksi (hydrauliikkaa k\u00e4ytet\u00e4\u00e4n molempiin suuntiin) k\u00e4ytt\u00f6tarpeiden mukaan. Jotkut mallit ovat teleskooppisia, mik\u00e4 mahdollistaa suuremman jatkeen ilman ulkomittojen kasvua, joten ne sopivat ahtaisiin tiloihin.<\/p>\n<\/li>\n<li>\n<h3>Vaihdettava<\/h3>\n<p>Yrityksemme voi valmistaa ja korvata t\u00e4m\u00e4n tuotteen. Tuotteemme voivat t\u00e4ydellisesti korvata n\u00e4m\u00e4 hydraulisylinterit.<\/p>\n<p>    <img decoding=\"async\" src=\"https:\/\/www.hydraulic-cylinders.net\/wp-content\/uploads\/2025\/01\/songte-cylinder-head-with-all-kinds-excavator-models.webp\">\n  <\/li>\n<li>\n<h3>Laaja valikoima sovelluksia<\/h3>\n<p>Kauhasylinterit ovat v\u00e4ltt\u00e4m\u00e4tt\u00f6mi\u00e4 erityyppisille laitteille, mukaan lukien, mutta ei rajoittuen:<\/p>\n<ul>\n<li><strong>Kaivinkoneet:<\/strong> Kauhasylinterit mahdollistavat kaivamisen, koska kauha tunkeutuu maaper\u00e4\u00e4n.<\/li>\n<li><strong>Etukuormaajat:<\/strong> Ne auttavat lastin tehokkaassa nostamisessa ja kallistamisessa.<\/li>\n<li><strong>Kaivurikuormaajat:<\/strong> Kauhasylinterit auttavat sek\u00e4 kaivamisessa ett\u00e4 nostamisessa.<\/li>\n<li><strong>Maatalouskoneet:<\/strong> Etukuormaajat ja kauhasylinterit auttavat maaper\u00e4n, hein\u00e4n ja muiden materiaalien ker\u00e4\u00e4misess\u00e4, nostamisessa ja kuljetuksessa.<\/li>\n<\/ul>\n<\/li>\n<\/ul>\n<h2>Suunnittelun\u00e4k\u00f6kohdat ja valintakriteerit<\/h2>\n<p>Kauhasylintereit\u00e4 suunniteltaessa keskeisi\u00e4 huomioita ovat:<\/p>\n<ul>\n<li>\n<h3>Kantavuus<\/h3>\n<p>The cylinder must be able to withstand the weight of the load and any additional forces applied to it. The cylinder&#8217;s dimensions and materials must be selected to match the load requirements.<\/p>\n<\/li>\n<li>\n<h3>Tiivistys<\/h3>\n<p>The cylinder&#8217;s performance and longevity depend on the quality of its seals, which must be made of wear-resistant materials such as polyurethane or nitrile rubber. The cylinder&#8217;s body and threaded end surfaces must also be finely treated to improve wear resistance. Regular lubrication with hydraulic oil is necessary to keep the cylinder functioning smoothly.<\/p>\n<p>    <img decoding=\"async\" src=\"https:\/\/www.hydraulic-cylinders.net\/wp-content\/uploads\/2025\/01\/songte-oil-pipes-and-spare-parts.webp\">\n  <\/li>\n<li>\n<h3>Kest\u00e4vyys ja turvallisuus<\/h3>\n<p>Sylinterin on kestett\u00e4v\u00e4 ankaria olosuhteita ja sen on kyett\u00e4v\u00e4 toimimaan turvallisesti. Sen materiaalien ja suunnittelun tulisi asettaa etusijalle kest\u00e4vyys, ja turvaominaisuuksia, kuten paineenalennusventtiilej\u00e4, tulisi sis\u00e4llytt\u00e4\u00e4 vaurioiden est\u00e4miseksi ja onnettomuusriskin v\u00e4hent\u00e4miseksi.<\/p>\n<\/li>\n<li>\n<h3>Huolto ja korjaus<\/h3>\n<p>Sylinterin tulee olla helposti huollettavissa ja korjattavissa, ja sen osien tulee olla helposti saatavilla ja vaihdettavissa. Sen suunnittelussa tulee my\u00f6s ottaa huomioon s\u00e4\u00e4nn\u00f6lliset tarkastukset ja ennakoiva huolto k\u00e4ytt\u00f6i\u00e4n pident\u00e4miseksi.<\/p>\n<p>    <img decoding=\"async\" src=\"https:\/\/www.hydraulic-cylinders.net\/wp-content\/uploads\/2025\/01\/songte-chushion-collar.webp\">\n  <\/li>\n<\/ul>\n<h2>Asennus ja huolto<\/h2>\n<p>Kauhasylinterien oikea asennus, voitelu ja s\u00e4\u00e4t\u00f6 ovat ratkaisevan t\u00e4rkeit\u00e4 niiden moitteettoman toiminnan ja pitk\u00e4n k\u00e4ytt\u00f6i\u00e4n varmistamiseksi. Yleisi\u00e4 huoltoteht\u00e4vi\u00e4 ovat:<\/p>\n<ul>\n<li>\n<h3>S\u00e4\u00e4nn\u00f6llinen tarkastus<\/h3>\n<p>Sylinterin s\u00e4\u00e4nn\u00f6llinen tarkastus kulumisen ja vaurioiden varalta on v\u00e4ltt\u00e4m\u00e4t\u00f6nt\u00e4 mahdollisten ongelmien v\u00e4ltt\u00e4miseksi.<\/p>\n<\/li>\n<li>\n<h3>Voitelu<\/h3>\n<p>Proper lubrication is essential to prevent wear and corrosion and prolong the cylinder&#8217;s service life.<\/p>\n<\/li>\n<li>\n<h3>Tiivisteiden vaihto ja kalibrointitarkastukset<\/h3>\n<p>Kuluneiden tiivisteiden vaihtaminen ja sylinterin s\u00e4\u00e4nn\u00f6llinen kalibrointi varmistavat sen sujuvan toiminnan ja pitk\u00e4n k\u00e4ytt\u00f6i\u00e4n.<\/p>\n<\/li>\n<\/ul>\n<p>It is important to provide proper alignment instructions for the cylinder during installation, suggest using appropriate mounting brackets to secure the cylinder, and recommend inspection, repair, and replacement procedures to extend the cylinder&#8217;s service life. <\/p>\n<p><img decoding=\"async\" src=\"https:\/\/hzpt.com\/wp-content\/uploads\/2024\/11\/songte-company-1.webp\"><\/p>\n<h2>Turvallisuusn\u00e4k\u00f6kohdat ja ymp\u00e4rist\u00f6tekij\u00e4t<\/h2>\n<p>Kauhasylintereit\u00e4 k\u00e4ytett\u00e4ess\u00e4 on t\u00e4rke\u00e4\u00e4 noudattaa turvallisuusohjeita onnettomuuksien ja vammojen v\u00e4ltt\u00e4miseksi. My\u00f6s asianmukaisten henkil\u00f6nsuojainten, kuten k\u00e4sineiden ja suojalasien, k\u00e4ytt\u00f6\u00e4 tulisi kannustaa.<\/p>\n<h2>Vianm\u00e4\u00e4ritys ja yleiset ongelmat<\/h2>\n<p>Problems with bucket cylinders may include leaks, improper operation, and damage. Troubleshooting and problem-solving require knowledge of hydraulic systems and the mechanical components involved in the cylinder&#8217;s operation. Proper diagnosis and effective problem-solving will result in a better performance bucket cylinder.<\/p>\n<p>Ennaltaehk\u00e4isev\u00e4t toimenpiteet, kuten s\u00e4\u00e4nn\u00f6lliset tarkastukset ja voitelu, voivat minimoida mahdollisten ongelmien riskin.<\/p>\n<p><img decoding=\"async\" src=\"https:\/\/www.hydraulic-cylinders.net\/wp-content\/uploads\/2025\/01\/songte-bushings-with-all-kinds-of-excavator-models.webp\"><\/p>\n<h2>Tietoa yrityksest\u00e4mme<\/h2>\n<p>We are a manufacturer of hydraulic cylinders, with a wide range of products and an established presence in both domestic and international markets. We are committed to delivering excellent quality products, relying on the industrial production management strategy of fine manufacturing workshops, and utilizing technology talents, digital high-end manufacturing equipment, and professional testing systems to continuously improve the workshop&#8217;s manufacturing platform, improve production quality, and have strong creative ability. Our products are designed with high efficiency, accuracy, and quality, satisfying diverse customer needs.<\/p>\n<ul>\n<li>\n<h3>Ammattimaisuus<\/h3>\n<p>Tiimimme koostuu kokeneista ammattilaisista, joilla on asiantuntemusta hydraulisylintereiden suunnittelusta ja valmistuksesta.<\/p>\n<\/li>\n<li>\n<h3>Kansainv\u00e4linen sertifiointi<\/h3>\n<p>Tuotteemme ovat kansainv\u00e4lisesti sertifioituja, kuten ISO ja CE.<\/p>\n<\/li>\n<li>\n<h3>R\u00e4\u00e4t\u00e4l\u00f6intipalvelut<\/h3>\n<p>Tarjoamme r\u00e4\u00e4t\u00e4l\u00f6intipalveluita vastaamaan asiakkaiden erityistarpeita ja -vaatimuksia.<\/p>\n<\/li>\n<li>\n<h3>Tuotantolaitteet<\/h3>\n<p>K\u00e4yt\u00e4mme huippuluokan digitaalisia valmistuslaitteita tuotteidemme laadun varmistamiseksi.<\/p>\n<\/li>\n<li>\n<h3>Myynnin j\u00e4lkeinen palvelu<\/h3>\n<p>Tarjoamme kattavaa huoltopalvelua, mukaan lukien korjaus- ja vaihtopalvelut.<\/p>\n<\/li>\n<\/ul>\n<p><img decoding=\"async\" src=\"https:\/\/www.hydraulic-cylinders.net\/wp-content\/uploads\/2025\/01\/songte-company-3.webp\"><\/p>\n<p>Kirjoittaja: lyl<\/p>","protected":false},"excerpt":{"rendered":"<p>Bucket Cylinder For Yanmar VI35-5B Introduction A bucket cylinder is a specially designed hydraulic cylinder primarily used to control the movement of buckets in heavy machinery such as excavators, backhoe loaders, and front-end loaders. Its main function is to enable the bucket to lift, lower, and tilt, making it easier to carry out various material [&hellip;]<\/p>","protected":false},"featured_media":14788,"comment_status":"open","ping_status":"closed","template":"","meta":{"_et_pb_use_builder":"","_et_pb_old_content":"","_et_gb_content_width":""},"product_brand":[],"product_cat":[1494],"product_tag":[1495,1496],"class_list":{"0":"post-15838","1":"product","2":"type-product","3":"status-publish","4":"has-post-thumbnail","6":"product_cat-bucket-cylinders","7":"product_tag-bucket-cylinders","8":"product_tag-hydraulic-cylinders","10":"first","11":"instock","12":"shipping-taxable","13":"product-type-simple"},"amp_enabled":true,"_links":{"self":[{"href":"https:\/\/www.hydraulic-cylinders.net\/fi\/wp-json\/wp\/v2\/product\/15838","targetHints":{"allow":["GET"]}}],"collection":[{"href":"https:\/\/www.hydraulic-cylinders.net\/fi\/wp-json\/wp\/v2\/product"}],"about":[{"href":"https:\/\/www.hydraulic-cylinders.net\/fi\/wp-json\/wp\/v2\/types\/product"}],"replies":[{"embeddable":true,"href":"https:\/\/www.hydraulic-cylinders.net\/fi\/wp-json\/wp\/v2\/comments?post=15838"}],"wp:featuredmedia":[{"embeddable":true,"href":"https:\/\/www.hydraulic-cylinders.net\/fi\/wp-json\/wp\/v2\/media\/14788"}],"wp:attachment":[{"href":"https:\/\/www.hydraulic-cylinders.net\/fi\/wp-json\/wp\/v2\/media?parent=15838"}],"wp:term":[{"taxonomy":"product_brand","embeddable":true,"href":"https:\/\/www.hydraulic-cylinders.net\/fi\/wp-json\/wp\/v2\/product_brand?post=15838"},{"taxonomy":"product_cat","embeddable":true,"href":"https:\/\/www.hydraulic-cylinders.net\/fi\/wp-json\/wp\/v2\/product_cat?post=15838"},{"taxonomy":"product_tag","embeddable":true,"href":"https:\/\/www.hydraulic-cylinders.net\/fi\/wp-json\/wp\/v2\/product_tag?post=15838"}],"curies":[{"name":"wp","href":"https:\/\/api.w.org\/{rel}","templated":true}]}}