{"id":15840,"date":"2025-01-19T15:03:37","date_gmt":"2025-01-19T15:03:37","guid":{"rendered":"https:\/\/www.hydraulic-cylinders.net\/product\/bucket-cylinder-for-yanmar-vi085\/"},"modified":"2025-01-19T15:03:42","modified_gmt":"2025-01-19T15:03:42","slug":"bucket-cylinder-for-yanmar-vi085","status":"publish","type":"product","link":"https:\/\/www.hydraulic-cylinders.net\/fi\/tuote\/bucket-cylinder-for-yanmar-vi085\/","title":{"rendered":"Kauhan sylinteri Yanmar VI085:lle"},"content":{"rendered":"<h2>Kauhan sylinteri Yanmar VI085:lle<\/h2>\n<p>Yanmar VI085:n kauhan sylinteri on erityisesti suunniteltu hydraulisylinteri, jota k\u00e4ytet\u00e4\u00e4n kauhan liikkeen ohjaamiseen raskaissa koneissa, kuten kaivinkoneissa, kaivurikuormaajissa ja etukuormaajissa. Sen p\u00e4\u00e4teht\u00e4v\u00e4n\u00e4 on mahdollistaa kauhan nostaminen, laskeminen ja kallistaminen, mik\u00e4 helpottaa erilaisten materiaalink\u00e4sittelyteht\u00e4vien k\u00e4sittely\u00e4. Hydraulij\u00e4rjestelm\u00e4ss\u00e4 kauhan sylinteri saavuttaa tarkan kauhan hallinnan hy\u00f6dynt\u00e4m\u00e4ll\u00e4 hydrauli\u00f6ljyn paineenmuutoksia, jolloin k\u00e4ytt\u00e4j\u00e4t voivat k\u00e4sitell\u00e4 raskaita kuormia tehokkaasti ja sopeutua monimutkaisiin ty\u00f6ymp\u00e4rist\u00f6ihin ja erilaisiin k\u00e4ytt\u00f6vaatimuksiin.<\/p>\n<p><img decoding=\"async\" src=\"https:\/\/www.hydraulic-cylinders.net\/wp-content\/uploads\/2025\/01\/songte-company-2.webp\" alt=\"Kauhan sylinterin kuva\"><\/p>\n<h3>Yanmar VI085:n kauhan sylinterin ominaisuudet:<\/h3>\n<ol>\n<li>Korkea lujuus ja kest\u00e4vyys: Tyypillisesti eritt\u00e4in lujasta ter\u00e4ksest\u00e4 tai alumiinista valmistettu tuote kest\u00e4\u00e4 korkeaa painetta ja raskaita kuormia ja mukautuu vaativiin ty\u00f6ymp\u00e4rist\u00f6ihin. Suunnittelussa on otettu huomioon kulutuskest\u00e4vyys ja korroosionkest\u00e4vyys, mik\u00e4 pident\u00e4\u00e4 sen k\u00e4ytt\u00f6ik\u00e4\u00e4.<\/li>\n<li>Tehokas hydraulinen toiminta: Hydrauli\u00f6ljyn paineen ansiosta se saavuttaa tasaisen pidennyksen ja sis\u00e4\u00e4nvedon, nopean vasteen ohjauskomentoihin ja tarjoaa tehokkaat ty\u00f6nt\u00f6- ja vetovoimat, jotka sopivat raskaiden kuormien k\u00e4sittelyyn ja monimutkaisiin k\u00e4ytt\u00f6teht\u00e4viin.<\/li>\n<li>Erilaisia \u200b\u200btyyppej\u00e4: Valitse yksitoimisten (hydraulisesti vain yhteen suuntaan) tai kaksitoimisten (hydraulisesti molempiin suuntiin) sylinterien v\u00e4lill\u00e4 k\u00e4ytt\u00f6tarpeiden mukaan. Jotkut mallit ovat teleskooppisia, mik\u00e4 mahdollistaa suuremman jatkeen ilman ulkomittojen kasvua, joten ne sopivat rajoitettuihin tiloihin.<\/li>\n<li>T\u00e4ydellinen korvaus: Tuotteemme voi t\u00e4ydellisesti korvata n\u00e4m\u00e4 hydraulisylinterit.<\/li>\n<\/ol>\n<p><img decoding=\"async\" src=\"https:\/\/www.hydraulic-cylinders.net\/wp-content\/uploads\/2025\/01\/songte-cylinder-head-with-all-kinds-excavator-models.webp\" alt=\"Korvaava kuva\"><\/p>\n<h3>Kauhasylinterin sovellukset Yanmar VI085:lle:<\/h3>\n<p>Yanmar VI085:n kauhan sylinteri\u00e4 k\u00e4ytet\u00e4\u00e4n useilla eri teollisuudenaloilla, mukaan lukien, mutta ei rajoittuen:<\/p>\n<ul>\n<li>Rakennuskoneet: Kaivinkoneissa k\u00e4ytett\u00e4vi\u00e4 laitteita on ratkaisevan t\u00e4rke\u00e4\u00e4 kaivamisessa, lastaamisessa ja maaper\u00e4n tai roskien siirt\u00e4misess\u00e4. Kaivurikuormaajissa kauhan sylinteri auttaa sek\u00e4 kaivamisessa ett\u00e4 nostamisessa.<\/li>\n<li>Maatalouskoneet: K\u00e4ytet\u00e4\u00e4n etukuormaajissa maaper\u00e4n, hein\u00e4n ja muiden materiaalien kauhaukseen, nostamiseen ja kuljettamiseen.<\/li>\n<li>Kaivinkoneet: Kauhan sylinteri mahdollistaa kaivamisen antamalla kauhan tunkeutua maaper\u00e4\u00e4n.<\/li>\n<li>Etukuormaajat: Etukuormaajissa ne auttavat tavaroiden tehokkaassa nostamisessa ja kallistamisessa.<\/li>\n<\/ul>\n<h3>Suunnittelun\u00e4k\u00f6kohdat ja valintakriteerit:<\/h3>\n<p>Suunnittelussa otetaan huomioon keskeiset tekij\u00e4t, kuten kantavuus, tiiviys, kest\u00e4vyys, turvallisuus ja huollettavuus:<\/p>\n<p><img decoding=\"async\" src=\"https:\/\/www.hydraulic-cylinders.net\/wp-content\/uploads\/2025\/01\/songte-oil-pipes-and-spare-parts.webp\" alt=\"Suunnittelun\u00e4k\u00f6kohtien kuva\"><\/p>\n<h3>Tiivistys ja voitelu:<\/h3>\n<p>Kauhasylinteriss\u00e4 k\u00e4ytet\u00e4\u00e4n erilaisia \u200b\u200btiivistyselementtej\u00e4, kuten m\u00e4nn\u00e4ntiivisteit\u00e4 ja varren tiivisteit\u00e4, jotka on valmistettu kulutusta kest\u00e4vist\u00e4 materiaaleista, kuten polyuretaanista ja nitriilikumista. Sylinterin runko ja kierteitetty p\u00e4\u00e4typinta on hienok\u00e4sitelty kulutuskest\u00e4vyyden parantamiseksi. S\u00e4\u00e4nn\u00f6llinen voitelu sopivalla m\u00e4\u00e4r\u00e4ll\u00e4 hydrauli\u00f6ljy\u00e4 on tarpeen.<\/p>\n<h3>S\u00e4\u00e4nn\u00f6lliset tarkastukset ja ennaltaehk\u00e4isev\u00e4t huoltotoimenpiteet:<\/h3>\n<ul>\n<li>Tarkasta sylinteri mahdollisten vaurioiden tai vuotojen varalta.<\/li>\n<li>Varmista kaikkien liikkuvien osien asianmukainen voitelu.<\/li>\n<li>Vaihda kuluneet tiivisteet ja laakerit s\u00e4\u00e4nn\u00f6llisesti.<\/li>\n<li>Suorita kalibrointitarkistuksia optimaalisen suorituskyvyn yll\u00e4pit\u00e4miseksi.<\/li>\n<\/ul>\n<h3>Oikeat asennusohjeet:<\/h3>\n<p>Noudata n\u00e4it\u00e4 ohjeita oikean asennuksen varmistamiseksi:<\/p>\n<ol>\n<li>Kohdista sylinteri oikein asennuksen aikana.<\/li>\n<li>K\u00e4yt\u00e4 sopivia asennuskiinnikkeit\u00e4 sylinterin kiinnitt\u00e4miseen.<\/li>\n<\/ol>\n<p><img decoding=\"async\" src=\"https:\/\/www.hydraulic-cylinders.net\/wp-content\/uploads\/2025\/01\/songte-chushion-collar.webp\" alt=\"Asennuskuva\"><\/p>\n<h3>Huoltoteht\u00e4v\u00e4t:<\/h3>\n<p>Yleisi\u00e4 huoltoteht\u00e4vi\u00e4 ovat s\u00e4\u00e4nn\u00f6lliset tarkastukset, asianmukainen voitelu, tiivisteiden vaihto ja kalibrointitarkastukset. Oikea asennus, voitelu ja s\u00e4\u00e4t\u00f6 ovat ratkaisevan t\u00e4rkeit\u00e4. Anna ohjeita sylinterin oikeaan kohdistamiseen asennuksen aikana. Suosittele sopivien asennuskiinnikkeiden k\u00e4ytt\u00f6\u00e4 sylinterin kiinnitt\u00e4miseksi. Ehdota tarkastus-, korjaus- ja vaihtotoimenpiteit\u00e4 sek\u00e4 anna vinkkej\u00e4 kauhasylinterin k\u00e4ytt\u00f6i\u00e4n pident\u00e4miseksi.<\/p>\n<p><img decoding=\"async\" src=\"https:\/\/www.hydraulic-cylinders.net\/wp-content\/uploads\/2025\/01\/songte-bushings-with-all-kinds-of-excavator-models.webp\" alt=\"Yll\u00e4pitoteht\u00e4vien kuva\"><\/p>\n<h3>Tuoteturvallisuusn\u00e4k\u00f6kohdat ja ymp\u00e4rist\u00f6tekij\u00e4t:<\/h3>\n<p>Korosta turvatoimenpiteiden merkityst\u00e4 kauhan sylinterin kanssa ty\u00f6skennelless\u00e4 ottaen huomioon esimerkiksi kuormituskapasiteetin, turvalliset k\u00e4ytt\u00f6tavat sek\u00e4 turvallisuusohjeiden ja -m\u00e4\u00e4r\u00e4ysten noudattamisen. Ota huomioon ymp\u00e4rist\u00f6n\u00e4k\u00f6kohdat, mukaan lukien hydrauliikka\u00f6ljyn asianmukainen h\u00e4vitt\u00e4minen ja ymp\u00e4rist\u00f6m\u00e4\u00e4r\u00e4ysten noudattaminen.<\/p>\n<h3>Vianm\u00e4\u00e4ritys ja yleiset ongelmat:<\/h3>\n<p>Keskustele kauhan sylinterin vianm\u00e4\u00e4rityksest\u00e4 ja yleisist\u00e4 ongelmista ja anna vianm\u00e4\u00e4ritysvinkkej\u00e4 ja -ratkaisuja, jotka auttavat lukijoita tehokkaasti diagnosoimaan ja ratkaisemaan ongelmia. Tarjoa ennaltaehk\u00e4isevi\u00e4 toimenpiteit\u00e4 mahdollisten ongelmien minimoimiseksi.<\/p>\n<p><img decoding=\"async\" src=\"https:\/\/www.hydraulic-cylinders.net\/wp-content\/uploads\/2025\/01\/songte-company-1.webp\" alt=\"Vianm\u00e4\u00e4rityskuva\"><\/p>\n<p>Muista j\u00e4rjest\u00e4\u00e4 artikkeli loogisesti, k\u00e4ytt\u00e4\u00e4 alaotsikoita helpottamaan navigointia, sis\u00e4llytt\u00e4\u00e4 asiaankuuluvia kuvia tai kaavioita ymm\u00e4rryksen parantamiseksi ja varmistaa, ett\u00e4 sis\u00e4lt\u00f6 on selke\u00e4\u00e4, ytimek\u00e4st\u00e4 ja sopivaa lukijoille, joilla on eri taso teknist\u00e4 tiet\u00e4myst\u00e4. Lopuksi, korosta yrityst\u00e4mme:<\/p>\n<p><img decoding=\"async\" src=\"https:\/\/www.hydraulic-cylinders.net\/wp-content\/uploads\/2025\/01\/songte-company-3.webp\" alt=\"Yrityksen imago\"><\/p>\n<p>Olemme korvaavien hydraulisylinterien valmistaja ja tarjoamme laajan valikoiman tuotteita. Meist\u00e4 on tullut yksi johtavista hydraulisylinterien valmistajista ja tukkumyyjist\u00e4 kotimaisilla ja kansainv\u00e4lisill\u00e4 markkinoilla. Priorisoimme erinomaista laatua ja luotamme teollistettuihin tuotannonohjausstrategioihin hienostuneissa valmistuspajoissamme. Keskittym\u00e4ll\u00e4 teknologiseen osaamiseen, huippuluokan digitaalisiin valmistuslaitteisiin ja ammattimaisiin testausj\u00e4rjestelmiin parannamme jatkuvasti valmistusalustaamme ja tuotelaatulinjaamme, mink\u00e4 ansiosta pystymme vastaamaan monipuolisiin asiakastarpeisiin korkealla tehokkuudella, tarkkuudella ja laadulla.<\/p>\n<p>Laajenna yrityksemme esittely\u00e4 ammattitaidon, kansainv\u00e4listen sertifikaattien, r\u00e4\u00e4t\u00e4l\u00f6ityjen palveluiden, tuotantolaitteiden ja huoltopalveluiden pohjalta.<\/p>\n<p>Kirjoittaja: lyl<\/p>","protected":false},"excerpt":{"rendered":"<p>Bucket Cylinder For Yanmar VI085 The Bucket Cylinder for Yanmar VI085 is a specially designed hydraulic cylinder used for controlling the movement of the bucket in heavy machinery such as excavators, backhoe loaders, and front loaders. Its main function is to enable the lifting, lowering, and tilting of the bucket, making it easier to handle [&hellip;]<\/p>","protected":false},"featured_media":14785,"comment_status":"open","ping_status":"closed","template":"","meta":{"_et_pb_use_builder":"","_et_pb_old_content":"","_et_gb_content_width":""},"product_brand":[],"product_cat":[1494],"product_tag":[1495,1496],"class_list":{"0":"post-15840","1":"product","2":"type-product","3":"status-publish","4":"has-post-thumbnail","6":"product_cat-bucket-cylinders","7":"product_tag-bucket-cylinders","8":"product_tag-hydraulic-cylinders","10":"first","11":"instock","12":"shipping-taxable","13":"product-type-simple"},"amp_enabled":true,"_links":{"self":[{"href":"https:\/\/www.hydraulic-cylinders.net\/fi\/wp-json\/wp\/v2\/product\/15840","targetHints":{"allow":["GET"]}}],"collection":[{"href":"https:\/\/www.hydraulic-cylinders.net\/fi\/wp-json\/wp\/v2\/product"}],"about":[{"href":"https:\/\/www.hydraulic-cylinders.net\/fi\/wp-json\/wp\/v2\/types\/product"}],"replies":[{"embeddable":true,"href":"https:\/\/www.hydraulic-cylinders.net\/fi\/wp-json\/wp\/v2\/comments?post=15840"}],"wp:featuredmedia":[{"embeddable":true,"href":"https:\/\/www.hydraulic-cylinders.net\/fi\/wp-json\/wp\/v2\/media\/14785"}],"wp:attachment":[{"href":"https:\/\/www.hydraulic-cylinders.net\/fi\/wp-json\/wp\/v2\/media?parent=15840"}],"wp:term":[{"taxonomy":"product_brand","embeddable":true,"href":"https:\/\/www.hydraulic-cylinders.net\/fi\/wp-json\/wp\/v2\/product_brand?post=15840"},{"taxonomy":"product_cat","embeddable":true,"href":"https:\/\/www.hydraulic-cylinders.net\/fi\/wp-json\/wp\/v2\/product_cat?post=15840"},{"taxonomy":"product_tag","embeddable":true,"href":"https:\/\/www.hydraulic-cylinders.net\/fi\/wp-json\/wp\/v2\/product_tag?post=15840"}],"curies":[{"name":"wp","href":"https:\/\/api.w.org\/{rel}","templated":true}]}}