{"id":15849,"date":"2025-01-19T15:04:22","date_gmt":"2025-01-19T15:04:22","guid":{"rendered":"https:\/\/www.hydraulic-cylinders.net\/product\/bucket-cylinder-for-john-deere-e230lc\/"},"modified":"2025-01-19T15:04:24","modified_gmt":"2025-01-19T15:04:24","slug":"bucket-cylinder-for-john-deere-e230lc","status":"publish","type":"product","link":"https:\/\/www.hydraulic-cylinders.net\/fi\/tuote\/bucket-cylinder-for-john-deere-e230lc\/","title":{"rendered":"Kauhan sylinteri John Deere E230LC:lle"},"content":{"rendered":"<h1>Kauhan sylinteri John Deere E230LC:lle<\/h1>\n<h2>Johdanto<\/h2>\n<p>John Deere E230LC:n kauhan sylinteri on hydraulinen sylinteri, joka on erityisesti suunniteltu ohjaamaan kauhan liikett\u00e4 raskaissa koneissa, kuten kaivinkoneissa, traktorikaivureissa ja etukuormaajissa. Sen p\u00e4\u00e4teht\u00e4v\u00e4n\u00e4 on mahdollistaa kauhan nostaminen, laskeminen ja kallistaminen, mik\u00e4 helpottaa erilaisten materiaalien k\u00e4sittely\u00e4. Hydraulij\u00e4rjestelm\u00e4ss\u00e4 kauhan sylinteri ohjaa tarkasti kauhan liikett\u00e4 hydrauli\u00f6ljyn paineen muutosten avulla, jolloin kuljettajat voivat k\u00e4sitell\u00e4 raskaita kuormia tehokkaasti ja sopeutua monimutkaisiin ty\u00f6ymp\u00e4rist\u00f6ihin ja erilaisiin ty\u00f6vaatimuksiin.<\/p>\n<p><img decoding=\"async\" src=\"https:\/\/www.hydraulic-cylinders.net\/wp-content\/uploads\/2025\/01\/songte-company-2.webp\"\/><\/p>\n<h2>Ominaisuudet<\/h2>\n<ul>\n<li>\n<h3>Korkea lujuus ja kest\u00e4vyys<\/h3>\n<p>Kauhasylinterit on yleens\u00e4 valmistettu eritt\u00e4in lujasta ter\u00e4ksest\u00e4 tai alumiinista, jotka kest\u00e4v\u00e4t korkeaa painetta ja raskaita kuormia ja sopeutuvat vaativiin ty\u00f6ymp\u00e4rist\u00f6ihin. Suunnittelussa on otettu huomioon kulutuskest\u00e4vyys ja korroosionkest\u00e4vyys, mik\u00e4 pident\u00e4\u00e4 k\u00e4ytt\u00f6ik\u00e4\u00e4.<\/p>\n<\/li>\n<li>\n<h3>Tehokas hydraulinen k\u00e4ytt\u00f6<\/h3>\n<p>Kauhasylinterit k\u00e4ytt\u00e4v\u00e4t hydrauli\u00f6ljyn painetta tasaisten ojennus- ja supistusliikkeiden saavuttamiseksi, reagoivat nopeasti ohjauskomentoihin, tarjoavat voimakkaita ty\u00f6nt\u00f6- ja vetovoimia ja soveltuvat raskaiden kuormien k\u00e4sittelyyn ja monimutkaisiin ty\u00f6teht\u00e4viin.<\/p>\n<\/li>\n<li>\n<h3>Useita tyyppej\u00e4<\/h3>\n<p>Kauhasylinterit voivat olla yksitoimisia (hydrauliikkaa vain yhteen suuntaan) tai kaksitoimisia (hydrauliikkaa molempiin suuntiin) vaatimusten mukaan, ja jotkut mallit ovat teleskooppisia, mik\u00e4 mahdollistaa suuremman jatkeen ilman ulkomittojen kasvua, mik\u00e4 sopii ahtaisiin tiloihin.<\/p>\n<\/li>\n<li>\n<h3>T\u00e4ydellinen korvaus<\/h3>\n<p>Tuotteemme voivat t\u00e4ydellisesti korvata n\u00e4m\u00e4 hydraulisylinterit.<\/p>\n<\/li>\n<\/ul>\n<p><img decoding=\"async\" src=\"https:\/\/www.hydraulic-cylinders.net\/wp-content\/uploads\/2025\/01\/songte-cylinder-head-with-all-kinds-excavator-models.webp\"\/><\/p>\n<h2>Sovellukset<\/h2>\n<p>Kauhasylintereit\u00e4 k\u00e4ytet\u00e4\u00e4n laajalti rakennuskoneissa, kuten kaivinkoneissa, traktorikaivureissa, etukuormaajissa ja maatalouskoneissa. Niit\u00e4 k\u00e4ytet\u00e4\u00e4n maan, hein\u00e4n ja muiden materiaalien nostamiseen, siirt\u00e4miseen ja kuljettamiseen.<\/p>\n<h3>Rakennuslaitteet<\/h3>\n<ul>\n<li>Kaivinkoneet: Kauhasylinterit saavuttavat kaivamisen antamalla kauhan tunkeutua maaper\u00e4\u00e4n.<\/li>\n<li>Kaivurit: Kauhasylinterit auttavat kaivamisessa ja nostamisessa.<\/li>\n<li>Etukuormaajat: Kauhasylinterit auttavat tavaroiden tehokkaassa nostamisessa ja tyhjent\u00e4misess\u00e4.<\/li>\n<\/ul>\n<h3>Maatalouskoneet<\/h3>\n<ul>\n<li>Etukuormaajat: K\u00e4ytet\u00e4\u00e4n maan, hein\u00e4n ja muiden materiaalien kaivamiseen, nostamiseen ja kuljettamiseen.<\/li>\n<\/ul>\n<p><img decoding=\"async\" src=\"https:\/\/www.hydraulic-cylinders.net\/wp-content\/uploads\/2025\/01\/songte-oil-pipes-and-spare-parts.webp\"\/><\/p>\n<h2>Suunnittelun\u00e4k\u00f6kohdat ja valintakriteerit<\/h2>\n<p>Kauhasylintereiden on t\u00e4ytett\u00e4v\u00e4 useita vaatimuksia, kuten kuormankantokyky, tiiviys, kest\u00e4vyys, turvallisuus ja huollettavuus pitk\u00e4n k\u00e4ytt\u00f6i\u00e4n varmistamiseksi. Seuraavassa on joitakin suunnittelussa huomioon otettavia seikkoja ja valintakriteerej\u00e4:<\/p>\n<h3>Kantavuus<\/h3>\n<p>Kauhasylinterin on oltava valmistettu eritt\u00e4in lujista materiaaleista kest\u00e4m\u00e4\u00e4n k\u00e4yt\u00f6n aikana syntyv\u00e4n suuren kuormituksen ja paineen.<\/p>\n<h3>Tiivistys<\/h3>\n<p>Kauhasylinteri vaatii erilaisia \u200b\u200btiivistyskomponentteja, kuten m\u00e4nn\u00e4ntiivisteit\u00e4, m\u00e4nn\u00e4nvarren tiivisteit\u00e4 ja pyyhkij\u00e4n tiivisteit\u00e4, \u00f6ljyvuotojen ja p\u00f6lyn p\u00e4\u00e4syn est\u00e4miseksi. Tiivisteiden tulee olla valmistettu kulutusta kest\u00e4vist\u00e4 materiaaleista, kuten polyuretaanista tai nitriilikumista.<\/p>\n<h3>Kest\u00e4vyys<\/h3>\n<p>Pintak\u00e4sittelyt, kuten kromipinnoitus ja nitraus, voivat parantaa kauhan sylinterin kulutuskest\u00e4vyytt\u00e4 ja korroosionkest\u00e4vyytt\u00e4, mik\u00e4 lis\u00e4\u00e4 sen kest\u00e4vyytt\u00e4.<\/p>\n<h3>Turvallisuus<\/h3>\n<p>Kauhasylinteriss\u00e4 on oltava turvaominaisuuksia, kuten paineenrajoitusventtiilej\u00e4, jotka rajoittavat painetta ja est\u00e4v\u00e4t sylinterin tai koneiston vaurioitumisen ylikuormituksen sattuessa.<\/p>\n<h3>Yll\u00e4pidett\u00e4vyys<\/h3>\n<p>Kauhasylinterin tulee olla helppo purkaa ja koota uudelleen huoltoa ja korjausta varten. Varaosien, kuten tiivisteiden, laakerien ja laakerien, tulee olla helposti saatavilla.<\/p>\n<p><img decoding=\"async\" src=\"https:\/\/www.hydraulic-cylinders.net\/wp-content\/uploads\/2025\/01\/songte-chushion-collar.webp\"\/><\/p>\n<h2>Tiivistys ja voitelu<\/h2>\n<p>Kauhasylinteri vaatii erilaisia \u200b\u200btiivistyskomponentteja, kuten m\u00e4nn\u00e4ntiivisteit\u00e4, varren tiivisteit\u00e4 ja pyyhkij\u00e4n tiivisteit\u00e4 \u00f6ljyvuotojen ja p\u00f6lyn p\u00e4\u00e4syn est\u00e4miseksi. Tiivisteiden tulee olla valmistettu kulutusta kest\u00e4vist\u00e4 materiaaleista, kuten polyuretaanista tai nitriilikumista. Sylinterin reik\u00e4 ja varren pinta vaativat huolellista koneistusta oikean pinnanlaadun varmistamiseksi ja kulumisen v\u00e4hent\u00e4miseksi. My\u00f6s asianmukainen voitelu on v\u00e4ltt\u00e4m\u00e4t\u00f6nt\u00e4. Sopivan hydrauli\u00f6ljyn s\u00e4\u00e4nn\u00f6llinen lis\u00e4\u00e4minen sylinterin voiteluun on v\u00e4ltt\u00e4m\u00e4t\u00f6nt\u00e4 sen moitteettoman toiminnan kannalta.<\/p>\n<h2>Huolto ja korjaus<\/h2>\n<p>S\u00e4\u00e4nn\u00f6llinen tarkastus, asianmukainen voitelu, tiivisteiden vaihto ja kalibroinnin tarkistus ovat kauhasylinterien yleisi\u00e4 huoltoteht\u00e4vi\u00e4. Oikea asennus, voitelu ja s\u00e4\u00e4t\u00f6 ovat ratkaisevan t\u00e4rkeit\u00e4 oikean toiminnan varmistamiseksi. Asennuksen aikana on annettava oikeat sylinterin kohdistusohjeet ja sylinterin kiinnitt\u00e4miseen on k\u00e4ytett\u00e4v\u00e4 sopivia asennuskiinnikkeit\u00e4. Suositeltuja tarkastus-, korjaus- ja vaihtomenettelyj\u00e4 on noudatettava kauhasylinterin k\u00e4ytt\u00f6i\u00e4n pident\u00e4miseksi.<\/p>\n<p><img decoding=\"async\" src=\"https:\/\/www.hydraulic-cylinders.net\/wp-content\/uploads\/2025\/01\/songte-bushings-with-all-kinds-of-excavator-models.webp\"\/><\/p>\n<h2>Turvallisuusn\u00e4k\u00f6kohdat ja ymp\u00e4rist\u00f6tekij\u00e4t<\/h2>\n<p>Kauhasylintereit\u00e4 on k\u00e4ytett\u00e4v\u00e4 turvallisesti ja asianmukaisia \u200b\u200bvarotoimia noudattaen. Ylikuormitus tai v\u00e4\u00e4r\u00e4 asennus voi aiheuttaa vaurioita tai loukkaantumisia. Hydraulisia laitteita k\u00e4sitelt\u00e4ess\u00e4 on k\u00e4ytett\u00e4v\u00e4 asianmukaisia \u200b\u200bturvavarusteita, kuten suojavaatetusta ja silm\u00e4suojaimia. Ymp\u00e4rist\u00f6tekij\u00e4t, kuten l\u00e4mp\u00f6tila ja kosteus, voivat vaikuttaa kauhasylinterin suorituskykyyn, ja ne on otettava huomioon sopivaa hydraulij\u00e4rjestelm\u00e4\u00e4 valittaessa.<\/p>\n<h2>Vianm\u00e4\u00e4ritys ja yleiset ongelmat<\/h2>\n<p>Kauhasylintereiden yleisi\u00e4 ongelmia ovat \u00f6ljyvuoto, heikko suorituskyky ja tiivisteen vaurioituminen. Vianm\u00e4\u00e4ritystekniikat, kuten hydraulij\u00e4rjestelm\u00e4n paineen, virtauksen ja l\u00e4mp\u00f6tilan tutkiminen, voivat auttaa diagnosoimaan ongelmia. Asianmukainen huolto ja korjaus voivat est\u00e4\u00e4 mahdollisia ongelmia.<\/p>\n<p><img decoding=\"async\" src=\"https:\/\/hzpt.com\/wp-content\/uploads\/2024\/11\/songte-company-1.webp\"\/><\/p>\n<h2>Tietoa meist\u00e4<\/h2>\n<p>Olemme hydraulisylintereiden valmistaja ja johtava hydraulisylintereiden valmistaja ja tukkumyyj\u00e4 kotimaisilla ja kansainv\u00e4lisill\u00e4 markkinoilla. Noudatamme erinomaisen laadun periaatetta ja parannamme jatkuvasti valmistusymp\u00e4rist\u00f6\u00e4mme edistyneell\u00e4 teknologialla, digitaalisilla huippuluokan valmistuslaitteilla ja ammattimaisilla testausj\u00e4rjestelmill\u00e4. Meill\u00e4 on vahva luova kyky vastata asiakkaiden monimuotoisiin tarpeisiin tehokkaalla, tarkalla ja korkealaatuisella tuotteella. Tarjoamme r\u00e4\u00e4t\u00e4l\u00f6ityj\u00e4 palveluita, tuotantolaitteita ja j\u00e4lkimarkkinointipalveluita asiakastyytyv\u00e4isyyden varmistamiseksi.<\/p>\n<ul>\n<li>\n<h3>Ammattimaisuus<\/h3>\n<p>Meill\u00e4 on ammattitaitoinen tiimi, jolla on laaja kokemus hydraulisten sylinterien valmistuksesta ja suunnittelusta. Voimme tarjota r\u00e4\u00e4t\u00e4l\u00f6ityj\u00e4 palveluita vastaamaan asiakkaiden monipuolisiin tarpeisiin.<\/p>\n<\/li>\n<li>\n<h3>Kansainv\u00e4linen sertifiointi<\/h3>\n<p>Tuotteemme ovat l\u00e4p\u00e4isseet kansainv\u00e4liset sertifikaatit, kuten ISO9001, CE, SGS ja RoHS.<\/p>\n<\/li>\n<li>\n<h3>R\u00e4\u00e4t\u00e4l\u00f6intipalvelut<\/h3>\n<p>Tarjoamme r\u00e4\u00e4t\u00e4l\u00f6ityj\u00e4 palveluita, mukaan lukien r\u00e4\u00e4t\u00e4l\u00f6idyt tuotteet ja pakkaukset, vastataksemme asiakkaiden monipuolisiin tarpeisiin.<\/p>\n<\/li>\n<li>\n<h3>Tuotantolaitteet<\/h3>\n<p>Meill\u00e4 on edistyneet tuotantolaitteet, mukaan lukien CNC-ty\u00f6st\u00f6keskukset, korkean laadun ja tehokkuuden varmistamiseksi.<\/p>\n<\/li>\n<li>\n<h3>Myynnin j\u00e4lkeiset palvelut<\/h3>\n<p>Tarjoamme erinomaisia \u200b\u200bhuoltopalveluita, kuten tarkastuksia, korjauksia ja osien vaihtoa asiakastyytyv\u00e4isyyden varmistamiseksi.<\/p>\n<\/li>\n<\/ul>\n<p><img decoding=\"async\" src=\"https:\/\/www.hydraulic-cylinders.net\/wp-content\/uploads\/2025\/01\/songte-company-3.webp\"\/><\/p>\n<p>Kirjoittaja: lyl<\/p>","protected":false},"excerpt":{"rendered":"<p>Bucket Cylinder For John Deere E230LC Introduction A bucket cylinder for John Deere E230LC is a hydraulic cylinder specially designed to control the movement of the bucket in heavy machinery such as excavators, backhoes, and front loaders. Its main function is to enable the bucket to lift, lower, and tilt, making it easier to handle [&hellip;]<\/p>","protected":false},"featured_media":14765,"comment_status":"open","ping_status":"closed","template":"","meta":{"_et_pb_use_builder":"","_et_pb_old_content":"","_et_gb_content_width":""},"product_brand":[],"product_cat":[1494],"product_tag":[1495,1496],"class_list":{"0":"post-15849","1":"product","2":"type-product","3":"status-publish","4":"has-post-thumbnail","6":"product_cat-bucket-cylinders","7":"product_tag-bucket-cylinders","8":"product_tag-hydraulic-cylinders","10":"first","11":"instock","12":"shipping-taxable","13":"product-type-simple"},"amp_enabled":true,"_links":{"self":[{"href":"https:\/\/www.hydraulic-cylinders.net\/fi\/wp-json\/wp\/v2\/product\/15849","targetHints":{"allow":["GET"]}}],"collection":[{"href":"https:\/\/www.hydraulic-cylinders.net\/fi\/wp-json\/wp\/v2\/product"}],"about":[{"href":"https:\/\/www.hydraulic-cylinders.net\/fi\/wp-json\/wp\/v2\/types\/product"}],"replies":[{"embeddable":true,"href":"https:\/\/www.hydraulic-cylinders.net\/fi\/wp-json\/wp\/v2\/comments?post=15849"}],"wp:featuredmedia":[{"embeddable":true,"href":"https:\/\/www.hydraulic-cylinders.net\/fi\/wp-json\/wp\/v2\/media\/14765"}],"wp:attachment":[{"href":"https:\/\/www.hydraulic-cylinders.net\/fi\/wp-json\/wp\/v2\/media?parent=15849"}],"wp:term":[{"taxonomy":"product_brand","embeddable":true,"href":"https:\/\/www.hydraulic-cylinders.net\/fi\/wp-json\/wp\/v2\/product_brand?post=15849"},{"taxonomy":"product_cat","embeddable":true,"href":"https:\/\/www.hydraulic-cylinders.net\/fi\/wp-json\/wp\/v2\/product_cat?post=15849"},{"taxonomy":"product_tag","embeddable":true,"href":"https:\/\/www.hydraulic-cylinders.net\/fi\/wp-json\/wp\/v2\/product_tag?post=15849"}],"curies":[{"name":"wp","href":"https:\/\/api.w.org\/{rel}","templated":true}]}}