{"id":15851,"date":"2025-01-19T15:04:30","date_gmt":"2025-01-19T15:04:30","guid":{"rendered":"https:\/\/www.hydraulic-cylinders.net\/product\/bucket-cylinder-for-john-deere-e360lc\/"},"modified":"2025-01-19T15:04:32","modified_gmt":"2025-01-19T15:04:32","slug":"bucket-cylinder-for-john-deere-e360lc","status":"publish","type":"product","link":"https:\/\/www.hydraulic-cylinders.net\/fi\/tuote\/bucket-cylinder-for-john-deere-e360lc\/","title":{"rendered":"Kauhan sylinteri John Deere E360LC:lle"},"content":{"rendered":"<h1>Kauhan sylinteri John Deere E360LC:lle<\/h1>\n<h2>Johdanto<\/h2>\n<p>John Deere E360LC:n kauhan sylinteri on erikoishydraulinen sylinteri, joka on suunniteltu ohjaamaan kauhan liikett\u00e4 raskaissa koneissa, kuten kaivinkoneissa, kaivurikuormaajissa ja etukuormaajissa. Sen p\u00e4\u00e4teht\u00e4v\u00e4n\u00e4 on mahdollistaa kauhan nostaminen, laskeminen ja kallistaminen erilaisten materiaalink\u00e4sittelyteht\u00e4vien helpottamiseksi. Hydraulij\u00e4rjestelmiss\u00e4 kauhan sylinteri saavuttaa tarkan kauhan hallinnan hydrauli\u00f6ljyn paineen muutosten avulla, mink\u00e4 ansiosta k\u00e4ytt\u00e4j\u00e4t voivat k\u00e4sitell\u00e4 raskaita kuormia tehokkaasti ja sopeutua monimutkaisiin ty\u00f6ymp\u00e4rist\u00f6ihin ja erilaisiin ty\u00f6vaatimuksiin.<\/p>\n<p><img decoding=\"async\" src=\"https:\/\/www.hydraulic-cylinders.net\/wp-content\/uploads\/2025\/01\/songte-company-2.webp\" alt=\"Kauhan sylinterin kuva\"><\/p>\n<h2>Ominaisuudet<\/h2>\n<ul>\n<li>\n<h3>Korkea lujuus ja kest\u00e4vyys<\/h3>\n<p>Tyypillisesti lujasta ter\u00e4ksest\u00e4 tai alumiinista valmistettu kauhasylinteri kest\u00e4\u00e4 korkeaa painetta ja raskaita kuormia ja mukautuu vaativiin ty\u00f6ymp\u00e4rist\u00f6ihin. Suunnittelussa on otettu huomioon kulumiskest\u00e4vyys ja korroosionkest\u00e4vyys k\u00e4ytt\u00f6i\u00e4n pident\u00e4miseksi.<\/p>\n<\/li>\n<li>\n<h3>Tehokas hydraulinen k\u00e4ytt\u00f6<\/h3>\n<p>Hydraulisen \u00f6ljynpaineen ansiosta kauhan sylinteri saavuttaa tasaisen ojennus- ja supistumisliikkeen, mik\u00e4 mahdollistaa nopean reagoinnin ohjauskomentoihin ja tarjoaa tehokkaat ty\u00f6nt\u00f6- ja vetovoimat, jotka sopivat raskaiden kuormien k\u00e4sittelyyn ja monimutkaisiin operaatioihin.<\/p>\n<\/li>\n<li>\n<h3>Erilaisia \u200b\u200btyyppej\u00e4<\/h3>\n<p>Kauhasylinteri voi olla yksitoiminen (hydrauliikkaa vain yhteen suuntaan) tai kaksitoiminen (hydrauliikkaa molempiin suuntiin) sylinteri vaatimusten mukaan, ja tietyt mallit ovat teleskooppisia, mik\u00e4 mahdollistaa suuremman jatkeen ilman ulkomittojen kasvua, mik\u00e4 sopii sovelluksiin, joissa on rajoitetusti tilaa.<\/p>\n<\/li>\n<li>\n<h3>T\u00e4ydellinen korvaus<\/h3>\n<p>Tuotteemme on t\u00e4ydellinen korvaaja n\u00e4ille hydraulisylintereille. <\/p>\n<\/li>\n<\/ul>\n<p><img decoding=\"async\" src=\"https:\/\/www.hydraulic-cylinders.net\/wp-content\/uploads\/2025\/01\/songte-cylinder-head-with-all-kinds-excavator-models.webp\" alt=\"Kauhan sylinterin vaihtokuva\"><\/p>\n<h2>Sovellukset<\/h2>\n<p>Kauhasylinteri\u00e4 k\u00e4ytet\u00e4\u00e4n erilaisissa raskaissa koneissa, kuten:<\/p>\n<ul>\n<li>\n<h3>Rakennuslaitteet<\/h3>\n<p>Rakennuskoneet k\u00e4ytt\u00e4v\u00e4t kauhasylintereit\u00e4 kaivamiseen, lastaamiseen ja maan tai roskien siirt\u00e4miseen. Kaivurikuormaajissa kauhasylinteri auttaa sek\u00e4 kaivamisessa ett\u00e4 nostamisessa. <\/p>\n<\/li>\n<li>\n<h3>Maatalouskoneet<\/h3>\n<p>Kauhasylinteri\u00e4 k\u00e4ytet\u00e4\u00e4n etukuormaajissa maan, hein\u00e4n ja muiden materiaalien kaivamiseen, nostamiseen ja kuljettamiseen. Kaivinkoneissa kauhasylinteri saavuttaa kaivutoiminnon antamalla kauhan tunkeutua maaper\u00e4\u00e4n. Etukuormaajissa se auttaa tavaroiden tehokkaassa nostamisessa ja kallistamisessa.<\/p>\n<\/li>\n<\/ul>\n<h2>Suunnittelun\u00e4k\u00f6kohdat ja valintastandardit<\/h2>\n<p>Kauhasylinterin suunnittelussa on otettava huomioon muutamia seikkoja, kuten kuormankantokyky, tiiviys, kest\u00e4vyys, turvallisuus ja huollettavuus.<\/p>\n<ul>\n<li>\n<h3>Kantavuus<\/h3>\n<p>Kauhasylinterin on kestett\u00e4v\u00e4 sen tarkoitettu kuorma. Sylinteriss\u00e4 k\u00e4ytetty materiaali on valittava sen mukaisesti. <\/p>\n<\/li>\n<li>\n<h3>Tiivistys<\/h3>\n<p>Kauhasylinterin tiivistysj\u00e4rjestelm\u00e4n, mukaan lukien m\u00e4nn\u00e4n tiivisteet, varren tiivisteet jne., tulee olla valmistettu kulutusta kest\u00e4vist\u00e4 materiaaleista, kuten polyuretaanista, nitriilikumista jne., pitk\u00e4n k\u00e4ytt\u00f6i\u00e4n saavuttamiseksi.<\/p>\n<\/li>\n<li>\n<h3>Kest\u00e4vyys<\/h3>\n<p>Kauhasylinterin sylinterin ja kierteiden p\u00e4\u00e4typinnat tulee k\u00e4sitell\u00e4 hienoksi kulutuskest\u00e4vyyden parantamiseksi. <\/p>\n<\/li>\n<li>\n<h3>Turvallisuus<\/h3>\n<p>Kauhan sylinteri on suunniteltava turvallisuus mieless\u00e4 onnettomuuksien v\u00e4ltt\u00e4miseksi. <\/p>\n<\/li>\n<li>\n<h3>Yll\u00e4pidett\u00e4vyys<\/h3>\n<p>Kauhasylinterin on oltava helppo huoltaa seisokkiaikojen lyhent\u00e4miseksi. <\/p>\n<\/li>\n<\/ul>\n<p><img decoding=\"async\" src=\"https:\/\/www.hydraulic-cylinders.net\/wp-content\/uploads\/2025\/01\/songte-oil-pipes-and-spare-parts.webp\" alt=\"Kauhan sylinterin varaosien kuva\"><\/p>\n<h2>Tiivistys ja voitelu<\/h2>\n<p>Kauhasylinteriss\u00e4 k\u00e4ytet\u00e4\u00e4n erilaisia \u200b\u200btiivistyskomponentteja, kuten m\u00e4nn\u00e4ntiivisteit\u00e4, varren tiivisteit\u00e4 jne. Tiivistyskomponentit on valmistettu kulutusta kest\u00e4vist\u00e4 materiaaleista, kuten polyuretaanista ja nitriilikumista, pitk\u00e4n k\u00e4ytt\u00f6i\u00e4n takaamiseksi. Kauhasylinterin sylinterin ja kierteiden p\u00e4\u00e4typinnat on my\u00f6s hienok\u00e4sitelty kulutuskest\u00e4vyyden parantamiseksi. Kauhasylinteri vaatii s\u00e4\u00e4nn\u00f6llist\u00e4 voitelua hydrauliikka\u00f6ljyll\u00e4 sujuvan toiminnan saavuttamiseksi.<\/p>\n<h2>Tarkastus- ja ennaltaehk\u00e4isev\u00e4t huoltotoimenpiteet<\/h2>\n<p>Kauhan sylinteri vaatii s\u00e4\u00e4nn\u00f6llist\u00e4 tarkastusta ja ennaltaehk\u00e4isev\u00e4\u00e4 huoltoa pitk\u00e4n k\u00e4ytt\u00f6i\u00e4n varmistamiseksi. Kolme yleist\u00e4 huoltoteht\u00e4v\u00e4\u00e4 ovat:<\/p>\n<ul>\n<li>\n<h3>S\u00e4\u00e4nn\u00f6llinen tarkastus<\/h3>\n<p>S\u00e4\u00e4nn\u00f6lliset tarkastukset auttavat havaitsemaan mahdolliset ongelmat ennen kuin niist\u00e4 tulee suurempia. <\/p>\n<\/li>\n<li>\n<h3>Voitelu<\/h3>\n<p>Oikea voitelu auttaa yll\u00e4pit\u00e4m\u00e4\u00e4n kauhan sylinterin sujuvaa toimintaa.<\/p>\n<\/li>\n<li>\n<h3>Tiivisteiden vaihto ja kalibrointitarkastukset<\/h3>\n<p>Tiivisteiden vaihtaminen ja kalibrointitarkastusten suorittaminen varmistavat kauhan sylinterin oikean toiminnan. <\/p>\n<\/li>\n<\/ul>\n<p>Oikea asennus, voitelu ja s\u00e4\u00e4t\u00f6 ovat ratkaisevan t\u00e4rkeit\u00e4 kauhan sylinterin suorituskyvylle. Sylinterin oikea kohdistus asennuksen aikana on v\u00e4ltt\u00e4m\u00e4t\u00f6nt\u00e4. Suosittelemme sopivien asennuskiinnikkeiden k\u00e4ytt\u00f6\u00e4 sylinterin kiinnitt\u00e4miseksi. Suosittelemme suositeltujen tarkastus-, korjaus- ja vaihto-ohjeiden noudattamista kauhan sylinterin k\u00e4ytt\u00f6i\u00e4n pident\u00e4miseksi.<\/p>\n<p><img decoding=\"async\" src=\"https:\/\/www.hydraulic-cylinders.net\/wp-content\/uploads\/2025\/01\/songte-chushion-collar.webp\" alt=\"Kauhan sylinterin huoltokuva\"><\/p>\n<h2>Turvallisuus- ja ymp\u00e4rist\u00f6n\u00e4k\u00f6kohdat<\/h2>\n<p>Kauhasylinteri\u00e4 on k\u00e4ytett\u00e4v\u00e4 asianmukaisten turvatoimenpiteiden mukaisesti, mukaan lukien lukitus-\/merkint\u00e4menettelyt, turvakilvet ja varoitustarrat. K\u00e4ytetyn hydrauliikka\u00f6ljyn asianmukainen h\u00e4vitt\u00e4minen on olennaista ymp\u00e4rist\u00f6vaikutusten minimoimiseksi.<\/p>\n<h2>Diagnoosi ja yleiset ongelmat<\/h2>\n<p>Kauhasylintereiss\u00e4 yleisi\u00e4 ongelmia ovat sylinterin rungon tai m\u00e4nn\u00e4nvarren vuodot ja vaurioituminen. Vuoto voi johtua vaurioituneista tiivisteist\u00e4 tai kuluneista osista. Sylinterin runko tai m\u00e4nn\u00e4nvarsi voivat vaurioitua altistumisesta liialliselle kuormitukselle tai sy\u00f6vytt\u00e4ville materiaaleille. S\u00e4\u00e4nn\u00f6llinen tarkastus ja ennaltaehk\u00e4isev\u00e4 huolto voivat auttaa havaitsemaan n\u00e4m\u00e4 ongelmat varhaisessa vaiheessa ja est\u00e4m\u00e4\u00e4n suurempia ongelmia.<\/p>\n<p>Jos ongelmia ilmenee, vianm\u00e4\u00e4ritys voi auttaa diagnosoimaan ja korjaamaan ongelman. Yleisi\u00e4 ratkaisuja voivat olla vaurioituneiden osien tai tiivisteiden vaihtaminen ja sylinterin uudelleenkohdistus. Ennaltaehk\u00e4iseviin toimenpiteisiin kuuluvat s\u00e4\u00e4nn\u00f6llinen huolto ja tarkastus mahdollisten ongelmien v\u00e4ltt\u00e4miseksi.<\/p>\n<p><img decoding=\"async\" src=\"https:\/\/www.hydraulic-cylinders.net\/wp-content\/uploads\/2025\/01\/songte-bushings-with-all-kinds-of-excavator-models.webp\" alt=\"Kauhan sylinterin vianm\u00e4\u00e4rityskuva\"><\/p>\n<h2>Tietoa yrityksest\u00e4mme<\/h2>\n<p>Olemme hydraulisten sylinterien valmistaja, jotka korvaavat t\u00e4ydellisesti hydrauliset sylinterit. Tarjoamme t\u00e4yden valikoiman tuotteita ja olemme yksi johtavista hydraulisten sylinterien valmistajista ja tukkumyyjist\u00e4 kotimaisilla ja kansainv\u00e4lisill\u00e4 markkinoilla. Noudatamme erinomaisen laadun strategiaa, luotamme hienomekaanisten ty\u00f6pajojen teollistettuun tuotannonohjaukseen, parannamme jatkuvasti ty\u00f6pajan valmistusalustaa, parannamme tuotteen tuotannon laatua ja meill\u00e4 on vahva luova kyky. Korkean tehokkuuden, tarkkuuden ja korkean laadun periaatteemme t\u00e4ytt\u00e4v\u00e4t asiakkaiden monipuoliset tarpeet.<\/p>\n<p><img decoding=\"async\" src=\"https:\/\/hzpt.com\/wp-content\/uploads\/2024\/11\/songte-company-1.webp\" alt=\"Tietoa yrityksest\u00e4mme\"><\/p>\n<h2>Ammattitaito, kansainv\u00e4liset sertifioinnit, r\u00e4\u00e4t\u00e4l\u00f6intipalvelut, tuotantolaitteet ja j\u00e4lkimarkkinointipalvelut<\/h2>\n<p>Olemme ylpeit\u00e4 ammattitaidostamme, ja kaikki tuotteemme ovat l\u00e4p\u00e4isseet kansainv\u00e4liset sertifikaatit. Yrityksemme tarjoaa r\u00e4\u00e4t\u00e4l\u00f6ityj\u00e4 palveluita vastaamaan asiakkaiden erilaisiin tarpeisiin. Meill\u00e4 on edistyneet tuotantolaitteet ja ammattitaitoinen tarkastustiimi tuotteiden laadun varmistamiseksi. Myynnin j\u00e4lkeinen palvelutiimimme tarjoaa oikea-aikaisia \u200b\u200bja tehokkaita palveluita varmistaen asiakkaiden tyytyv\u00e4isyyden tuotteisiimme.<\/p>\n<p><img decoding=\"async\" src=\"https:\/\/www.hydraulic-cylinders.net\/wp-content\/uploads\/2025\/01\/songte-company-3.webp\" alt=\"Yrityksemme sertifikaatit ja palvelut\"><\/p>\n<p>Kirjoittaja: lyl<\/p>","protected":false},"excerpt":{"rendered":"<p>Bucket Cylinder For John Deere E360LC Introduction The Bucket Cylinder for John Deere E360LC is a specialized hydraulic cylinder designed to control the movement of the bucket in heavy-duty machinery such as excavators, backhoe loaders, and front-end loaders. Its main function is to enable the bucket to lift, lower, and tilt to facilitate various material [&hellip;]<\/p>","protected":false},"featured_media":14761,"comment_status":"open","ping_status":"closed","template":"","meta":{"_et_pb_use_builder":"","_et_pb_old_content":"","_et_gb_content_width":""},"product_brand":[],"product_cat":[1494],"product_tag":[1495,1496],"class_list":{"0":"post-15851","1":"product","2":"type-product","3":"status-publish","4":"has-post-thumbnail","6":"product_cat-bucket-cylinders","7":"product_tag-bucket-cylinders","8":"product_tag-hydraulic-cylinders","10":"first","11":"instock","12":"shipping-taxable","13":"product-type-simple"},"amp_enabled":true,"_links":{"self":[{"href":"https:\/\/www.hydraulic-cylinders.net\/fi\/wp-json\/wp\/v2\/product\/15851","targetHints":{"allow":["GET"]}}],"collection":[{"href":"https:\/\/www.hydraulic-cylinders.net\/fi\/wp-json\/wp\/v2\/product"}],"about":[{"href":"https:\/\/www.hydraulic-cylinders.net\/fi\/wp-json\/wp\/v2\/types\/product"}],"replies":[{"embeddable":true,"href":"https:\/\/www.hydraulic-cylinders.net\/fi\/wp-json\/wp\/v2\/comments?post=15851"}],"wp:featuredmedia":[{"embeddable":true,"href":"https:\/\/www.hydraulic-cylinders.net\/fi\/wp-json\/wp\/v2\/media\/14761"}],"wp:attachment":[{"href":"https:\/\/www.hydraulic-cylinders.net\/fi\/wp-json\/wp\/v2\/media?parent=15851"}],"wp:term":[{"taxonomy":"product_brand","embeddable":true,"href":"https:\/\/www.hydraulic-cylinders.net\/fi\/wp-json\/wp\/v2\/product_brand?post=15851"},{"taxonomy":"product_cat","embeddable":true,"href":"https:\/\/www.hydraulic-cylinders.net\/fi\/wp-json\/wp\/v2\/product_cat?post=15851"},{"taxonomy":"product_tag","embeddable":true,"href":"https:\/\/www.hydraulic-cylinders.net\/fi\/wp-json\/wp\/v2\/product_tag?post=15851"}],"curies":[{"name":"wp","href":"https:\/\/api.w.org\/{rel}","templated":true}]}}