{"id":15861,"date":"2025-01-19T15:05:21","date_gmt":"2025-01-19T15:05:21","guid":{"rendered":"https:\/\/www.hydraulic-cylinders.net\/product\/bucket-cylinder-for-yuchai-yc35sr\/"},"modified":"2025-01-19T15:05:23","modified_gmt":"2025-01-19T15:05:23","slug":"bucket-cylinder-for-yuchai-yc35sr","status":"publish","type":"product","link":"https:\/\/www.hydraulic-cylinders.net\/fi\/tuote\/bucket-cylinder-for-yuchai-yc35sr\/","title":{"rendered":"Kauhan sylinteri Yuchai YC35SR:lle"},"content":{"rendered":"<h2>Kauhan sylinteri Yuchai YC35SR:lle<\/h2>\n<h3>Johdanto<\/h3>\n<p>Kauhasylinteri on erityisesti suunniteltu hydraulisylinteri, jota k\u00e4ytet\u00e4\u00e4n ohjaamaan kauhojen liikett\u00e4 raskaissa koneissa, kuten kaivinkoneissa, traktorikaivureissa ja etukuormaajissa. Sen p\u00e4\u00e4teht\u00e4v\u00e4n\u00e4 on mahdollistaa kauhan nostaminen, laskeminen ja kallistaminen erilaisissa materiaalink\u00e4sittelyteht\u00e4viss\u00e4. Hydraulij\u00e4rjestelm\u00e4ss\u00e4 kauhasylinteri saavuttaa kauhan tarkan hallinnan hydrauli\u00f6ljyn paineen muutosten avulla, mink\u00e4 ansiosta k\u00e4ytt\u00e4j\u00e4t voivat k\u00e4sitell\u00e4 raskaita kuormia tehokkaasti, sopeutua monimutkaisiin ty\u00f6ymp\u00e4rist\u00f6ihin ja erilaisiin k\u00e4ytt\u00f6tarpeisiin.<\/p>\n<p><img decoding=\"async\" src=\"https:\/\/www.hydraulic-cylinders.net\/wp-content\/uploads\/2025\/01\/songte-company-2.webp\"><\/p>\n<h3>Ominaisuudet<\/h3>\n<ul>\n<li><strong>Korkea lujuus ja kest\u00e4vyys:<\/strong> Se on tyypillisesti valmistettu lujasta ter\u00e4ksest\u00e4 tai alumiinista, ja se kest\u00e4\u00e4 korkeaa painetta ja raskaita kuormia ja mukautuu vaativiin ty\u00f6olosuhteisiin. Se on suunniteltu kulumis- ja korroosionkest\u00e4vyysn\u00e4k\u00f6kohtia silm\u00e4ll\u00e4 pit\u00e4en, jotta sen k\u00e4ytt\u00f6ik\u00e4 olisi pidempi.<\/li>\n<li><strong>Tehokas hydraulinen k\u00e4ytt\u00f6:<\/strong> K\u00e4ytt\u00e4\u00e4 hydrauli\u00f6ljyn painetta tasaisten pidennys- ja sis\u00e4\u00e4nvetoliikkeiden saavuttamiseksi, reagoi nopeasti ohjauskomentoihin ja tarjoaa tehokkaita ty\u00f6nt\u00f6- ja vetovoimia, sopii raskaiden kuormien k\u00e4sittelyyn ja monimutkaisiin k\u00e4ytt\u00f6teht\u00e4viin.<\/li>\n<li><strong>Erilaisia \u200b\u200btyyppej\u00e4:<\/strong> Yksitoimiset (hydraulisesti vain yhteen suuntaan) tai kaksitoimiset (hydraulisesti molempiin suuntiin) sylinterit voidaan valita vaatimusten mukaan erilaisten k\u00e4ytt\u00f6tarpeiden mukaan. Jotkut mallit ovat teleskooppisia, mik\u00e4 mahdollistaa suuremman jatkeen ilman ulkomittojen kasvua, mik\u00e4 sopii rajoitettuihin tiloihin.<\/li>\n<li><strong>T\u00e4ydellinen korvaus:<\/strong> Tuotteemme voi t\u00e4ydellisesti korvata n\u00e4m\u00e4 hydraulisylinterit.<\/li>\n<\/ul>\n<p><img decoding=\"async\" src=\"https:\/\/www.hydraulic-cylinders.net\/wp-content\/uploads\/2025\/01\/songte-cylinder-head-with-all-kinds-excavator-models.webp\"><\/p>\n<h3>Sovellukset<\/h3>\n<p><strong>Rakennuslaitteet:<\/strong> Niit\u00e4 l\u00f6ytyy kaivinkoneista, ja ne ovat v\u00e4ltt\u00e4m\u00e4tt\u00f6mi\u00e4 maan tai roskien kaivamiseen, lastaamiseen ja siirt\u00e4miseen. Kaivinkoneissa kauhan sylinterit auttavat kaivamisessa ja nostamisessa. Etukuormaajissa ne auttavat tavaroiden tehokkaassa nostamisessa ja tyhjent\u00e4misess\u00e4.<\/p>\n<p><strong>Maatalouskoneet:<\/strong> Etukuormaajissa niit\u00e4 k\u00e4ytet\u00e4\u00e4n kauhaamaan, nostamaan ja kuljettamaan maata, hein\u00e4\u00e4 ja muita materiaaleja. Kaivinkoneissa kauhan sylinterit mahdollistavat kaivamisen antamalla kauhan tunkeutua maahan. Kuormaajissa ne auttavat tavaroiden tehokkaassa nostamisessa ja tyhjent\u00e4misess\u00e4.<\/p>\n<h3>Suunnittelun\u00e4k\u00f6kohdat ja valintakriteerit<\/h3>\n<p>Suunnittelun\u00e4k\u00f6kohtien, kuten kantavuuden, tiiviyden, kest\u00e4vyyden, turvallisuuden ja huollettavuuden, pohjalta k\u00e4sittelemme seuraavia seikkoja:<\/p>\n<ul>\n<li><strong>Kantavuus:<\/strong> Varmista, ett\u00e4 sylinteri kest\u00e4\u00e4 suurimman mahdollisen kuormituksen ja ett\u00e4 suunnitellun varmuuskertoimen on oltava riitt\u00e4v\u00e4 turvallisen k\u00e4yt\u00f6n varmistamiseksi.<\/li>\n<li><strong>Tiivistys:<\/strong> Erilaisia \u200b\u200btiivistyskomponentteja, kuten m\u00e4nn\u00e4ntiivisteit\u00e4 ja varren tiivisteit\u00e4, k\u00e4ytet\u00e4\u00e4n est\u00e4m\u00e4\u00e4n hydraulinesteen vuotoja ja pit\u00e4m\u00e4\u00e4n ep\u00e4puhtaudet loitolla.<\/li>\n<li><strong>Kest\u00e4vyys:<\/strong> Sylinterin runko ja p\u00e4\u00e4tykappaleet on yleens\u00e4 valmistettu eritt\u00e4in lujista materiaaleista kulumisen ja korroosion kest\u00e4miseksi.<\/li>\n<li><strong>Turvallisuus:<\/strong> Varoventtiilej\u00e4 ja muita turvalaitteita voidaan lis\u00e4t\u00e4 turvallisen k\u00e4yt\u00f6n varmistamiseksi ja onnettomuuksien est\u00e4miseksi.<\/li>\n<li><strong>Yll\u00e4pidett\u00e4vyys:<\/strong> Sylinterin tulee olla helppo purkaa ja korjata, ja varaosien tulee olla helposti saatavilla.<\/li>\n<\/ul>\n<p><img decoding=\"async\" src=\"https:\/\/www.hydraulic-cylinders.net\/wp-content\/uploads\/2025\/01\/songte-oil-pipes-and-spare-parts.webp\"><\/p>\n<h3>Tiivistys ja voitelu<\/h3>\n<p>Sylinteriss\u00e4 on erilaisia \u200b\u200btiivistyskomponentteja, kuten m\u00e4nn\u00e4ntiivisteit\u00e4 ja varren tiivisteit\u00e4, jotka on valmistettu kulutusta kest\u00e4vist\u00e4 materiaaleista, kuten polyuretaanista ja nitriilikumista, hydraulinesteen vuotamisen est\u00e4miseksi ja ep\u00e4puhtauksien pit\u00e4miseksi loitolla. Sylinterin runko ja ruuvin p\u00e4\u00e4typinta on hienosti k\u00e4sitelty kulutuskest\u00e4vyyden parantamiseksi. S\u00e4\u00e4nn\u00f6llinen voitelu sopivalla m\u00e4\u00e4r\u00e4ll\u00e4 hydrauli\u00f6ljy\u00e4 on v\u00e4ltt\u00e4m\u00e4t\u00f6nt\u00e4 sen sujuvan toiminnan yll\u00e4pit\u00e4miseksi.<\/p>\n<h3>Huolto ja korjaus<\/h3>\n<p>S\u00e4\u00e4nn\u00f6lliset tarkastukset ja ennaltaehk\u00e4isev\u00e4t huoltotoimenpiteet ovat v\u00e4ltt\u00e4m\u00e4tt\u00f6mi\u00e4 sylinterin pit\u00e4miseksi hyv\u00e4ss\u00e4 toimintakunnossa. Seuraavat ovat yleisi\u00e4 huoltoteht\u00e4vi\u00e4:<\/p>\n<ul>\n<li><strong>S\u00e4\u00e4nn\u00f6llinen tarkastus:<\/strong> Tarkista sylinteri s\u00e4\u00e4nn\u00f6llisesti vaurioiden, kulumisen tai vuotojen varalta ja vaihda vaurioituneet osat.<\/li>\n<li><strong>Oikea voitelu:<\/strong> Varmista, ett\u00e4 sylinteri on voideltu oikealla m\u00e4\u00e4r\u00e4ll\u00e4 hydrauli\u00f6ljy\u00e4 sen sujuvan toiminnan yll\u00e4pit\u00e4miseksi.<\/li>\n<li><strong>Tiivisteen vaihto:<\/strong> Vaihda m\u00e4nn\u00e4n ja m\u00e4nn\u00e4nvarren tiivisteet s\u00e4\u00e4nn\u00f6llisesti est\u00e4\u00e4ksesi hydraulinesteen vuotamisen ja pit\u00e4\u00e4ksesi ep\u00e4puhtaudet loitolla.<\/li>\n<\/ul>\n<p>Asianmukainen asennus, voitelu ja s\u00e4\u00e4t\u00f6 ovat v\u00e4ltt\u00e4m\u00e4tt\u00f6mi\u00e4 sylinterin turvallisen ja tehokkaan toiminnan kannalta. Asennuksen aikana on annettava asianmukaiset kohdistusohjeet ja sylinterin kiinnitt\u00e4miseen on k\u00e4ytett\u00e4v\u00e4 sopivia asennuskiinnikkeit\u00e4. Suositellut tarkastus-, korjaus- ja vaihtomenettelyt sek\u00e4 uudelleenrakennuspalvelut sylinterin k\u00e4ytt\u00f6i\u00e4n parantamiseksi.<\/p>\n<p><img decoding=\"async\" src=\"https:\/\/www.hydraulic-cylinders.net\/wp-content\/uploads\/2025\/01\/songte-chushion-collar.webp\"><\/p>\n<h3>Turvallisuus- ja ymp\u00e4rist\u00f6n\u00e4k\u00f6kohdat<\/h3>\n<p>Sylinterin turvallinen k\u00e4ytt\u00f6 on ratkaisevan t\u00e4rke\u00e4\u00e4, ja sit\u00e4 k\u00e4ytett\u00e4ess\u00e4 on noudatettava turvatoimenpiteit\u00e4. K\u00e4ytt\u00e4j\u00e4t on koulutettava sylinterin asianmukaiseen k\u00e4ytt\u00f6\u00f6n, ja kaikkien turvalaitteiden on oltava hyv\u00e4ss\u00e4 toimintakunnossa. Sylinteri\u00e4 on k\u00e4sitelt\u00e4v\u00e4 varoen vaurioiden tai loukkaantumisten v\u00e4ltt\u00e4miseksi. Ymp\u00e4rist\u00f6n\u00e4k\u00f6kohdat on my\u00f6s otettava huomioon sylinteri\u00e4 h\u00e4vitett\u00e4ess\u00e4 tai sen osia vaihdettaessa.<\/p>\n<h3>Vianm\u00e4\u00e4ritys ja yleiset ongelmat<\/h3>\n<p>Sylinteri\u00e4 k\u00e4ytett\u00e4ess\u00e4 voi esiinty\u00e4 seuraavia yleisi\u00e4 ongelmia:<\/p>\n<ul>\n<li><strong>Vuotava neste:<\/strong> Tarkista tiivisteet ja muut osat vaurioiden varalta ja vaihda tarvittaessa.<\/li>\n<li><strong>Voiman puute:<\/strong> Tarkista hydrauliikkaj\u00e4rjestelm\u00e4 vuotojen tai tukosten varalta ja korjaa tarvittaessa.<\/li>\n<li><strong>Oudot \u00e4\u00e4net:<\/strong> Tarkista sylinteri vaurioiden tai kulumisen varalta ja vaihda kaikki vaurioituneet osat.<\/li>\n<\/ul>\n<p>Ongelmien asianmukainen diagnosointi ja nopea ratkaisu ovat v\u00e4ltt\u00e4m\u00e4tt\u00f6mi\u00e4 merkitt\u00e4v\u00e4mpien ongelmien est\u00e4miseksi. S\u00e4\u00e4nn\u00f6llinen tarkastus ja ennakoiva huolto voivat est\u00e4\u00e4 monia ongelmia.<\/p>\n<p><img decoding=\"async\" src=\"https:\/\/www.hydraulic-cylinders.net\/wp-content\/uploads\/2025\/01\/songte-bushings-with-all-kinds-of-excavator-models.webp\"><\/p>\n<h3>Tietoa meist\u00e4<\/h3>\n<p>Olemme hydraulisten sylinterien vaihto-osien valmistaja ja tarjoamme t\u00e4yden valikoiman tuotteita. Olemme yksi johtavista hydraulisten sylinterien valmistajista ja tukkumyyjist\u00e4 kotimaisilla ja kansainv\u00e4lisill\u00e4 markkinoilla. Pid\u00e4mme kiinni sitoutumisestamme huippulaatuun ja luotamme teollistettuihin tuotannonohjausstrategioihin hienostuneissa tuotantotiloissamme. Parannamme jatkuvasti valmistusymp\u00e4rist\u00f6\u00e4mme parantamalla tuotteiden laatua tuotantolinjoillamme teknisen henkil\u00f6st\u00f6n, digitaalisten huippuluokan valmistuslaitteiden ja ammattimaisten testausj\u00e4rjestelmien avulla. Meill\u00e4 on vahva luova kyky tyydytt\u00e4\u00e4 asiakkaiden monipuoliset tarpeet tehokkaalla, tarkalla ja korkealaatuisella periaatteella.<\/p>\n<p>Tarjoamme ammattimaista, kansainv\u00e4list\u00e4 sertifiointia, r\u00e4\u00e4t\u00e4l\u00f6it\u00e4vi\u00e4 palveluita, tuotantolaitteita ja j\u00e4lkimarkkinointipalveluita.<\/p>\n<p><img decoding=\"async\" src=\"https:\/\/hzpt.com\/wp-content\/uploads\/2024\/11\/songte-company-1.webp\"><\/p>\n<p>Kirjoittaja: lyl.<\/p>","protected":false},"excerpt":{"rendered":"<p>Bucket Cylinder For Yuchai YC35SR Introduction A bucket cylinder is a specially designed hydraulic cylinder used to control the movement of buckets in heavy machinery such as excavators, backhoe excavators, and front-end loaders. Its main function is to enable the bucket to lift, lower, and tilt for various material handling tasks. In the hydraulic system, [&hellip;]<\/p>","protected":false},"featured_media":14773,"comment_status":"open","ping_status":"closed","template":"","meta":{"_et_pb_use_builder":"","_et_pb_old_content":"","_et_gb_content_width":""},"product_brand":[],"product_cat":[1494],"product_tag":[1495,1496],"class_list":{"0":"post-15861","1":"product","2":"type-product","3":"status-publish","4":"has-post-thumbnail","6":"product_cat-bucket-cylinders","7":"product_tag-bucket-cylinders","8":"product_tag-hydraulic-cylinders","10":"first","11":"instock","12":"shipping-taxable","13":"product-type-simple"},"amp_enabled":true,"_links":{"self":[{"href":"https:\/\/www.hydraulic-cylinders.net\/fi\/wp-json\/wp\/v2\/product\/15861","targetHints":{"allow":["GET"]}}],"collection":[{"href":"https:\/\/www.hydraulic-cylinders.net\/fi\/wp-json\/wp\/v2\/product"}],"about":[{"href":"https:\/\/www.hydraulic-cylinders.net\/fi\/wp-json\/wp\/v2\/types\/product"}],"replies":[{"embeddable":true,"href":"https:\/\/www.hydraulic-cylinders.net\/fi\/wp-json\/wp\/v2\/comments?post=15861"}],"wp:featuredmedia":[{"embeddable":true,"href":"https:\/\/www.hydraulic-cylinders.net\/fi\/wp-json\/wp\/v2\/media\/14773"}],"wp:attachment":[{"href":"https:\/\/www.hydraulic-cylinders.net\/fi\/wp-json\/wp\/v2\/media?parent=15861"}],"wp:term":[{"taxonomy":"product_brand","embeddable":true,"href":"https:\/\/www.hydraulic-cylinders.net\/fi\/wp-json\/wp\/v2\/product_brand?post=15861"},{"taxonomy":"product_cat","embeddable":true,"href":"https:\/\/www.hydraulic-cylinders.net\/fi\/wp-json\/wp\/v2\/product_cat?post=15861"},{"taxonomy":"product_tag","embeddable":true,"href":"https:\/\/www.hydraulic-cylinders.net\/fi\/wp-json\/wp\/v2\/product_tag?post=15861"}],"curies":[{"name":"wp","href":"https:\/\/api.w.org\/{rel}","templated":true}]}}