{"id":15865,"date":"2025-01-19T15:05:37","date_gmt":"2025-01-19T15:05:37","guid":{"rendered":"https:\/\/www.hydraulic-cylinders.net\/product\/bucket-cylinder-for-yuchai-yc230lc-8\/"},"modified":"2025-01-19T15:05:39","modified_gmt":"2025-01-19T15:05:39","slug":"bucket-cylinder-for-yuchai-yc230lc-8","status":"publish","type":"product","link":"https:\/\/www.hydraulic-cylinders.net\/fi\/tuote\/bucket-cylinder-for-yuchai-yc230lc-8\/","title":{"rendered":"Kauhan sylinteri Yuchai YC230LC-8:lle"},"content":{"rendered":"<h1>Kauhan sylinteri Yuchai YC230LC-8:lle<\/h1>\n<h2>Johdanto<\/h2>\n<p>Kauhasylinteri on hydraulinen sylinteri, joka on erityisesti suunniteltu ohjaamaan kauhan liikett\u00e4 raskaissa koneissa, kuten kaivinkoneissa, kaivurikuormaajissa ja etukuormaajissa. Sen p\u00e4\u00e4teht\u00e4v\u00e4n\u00e4 on mahdollistaa kauhan nostaminen, laskeminen ja kallistaminen, mik\u00e4 helpottaa erilaisten materiaalink\u00e4sittelyteht\u00e4vien k\u00e4sittely\u00e4. Hydraulij\u00e4rjestelmiss\u00e4 kauhasylinteri saavuttaa kauhan tarkan hallinnan hydrauli\u00f6ljyn paineen muutosten avulla, mink\u00e4 ansiosta k\u00e4ytt\u00e4j\u00e4t voivat k\u00e4sitell\u00e4 raskaita kuormia tehokkaasti, sopeutua monimutkaisiin ty\u00f6ymp\u00e4rist\u00f6ihin ja erilaisiin k\u00e4ytt\u00f6tarpeisiin.<\/p>\n<p><img decoding=\"async\" src=\"https:\/\/www.hydraulic-cylinders.net\/wp-content\/uploads\/2025\/01\/songte-company-2.webp\" alt=\"Kauhan sylinteri\"><\/p>\n<h2>Ominaisuudet<\/h2>\n<ul>\n<li>\n<h3>Korkea lujuus ja kest\u00e4vyys<\/h3>\n<p>Kauhasylinterit on tyypillisesti valmistettu eritt\u00e4in lujasta ter\u00e4ksest\u00e4 tai alumiinista, jotka kest\u00e4v\u00e4t korkeaa painetta ja raskaita kuormia, sopeutuvat vaativiin ty\u00f6ymp\u00e4rist\u00f6ihin ja on suunniteltu kulutus- ja korroosionkest\u00e4vyydell\u00e4, mik\u00e4 pident\u00e4\u00e4 niiden k\u00e4ytt\u00f6ik\u00e4\u00e4.<\/p>\n<\/li>\n<li>\n<h3>Tehokas hydraulinen k\u00e4ytt\u00f6<\/h3>\n<p>Kauhasylinteri k\u00e4ytt\u00e4\u00e4 hydrauli\u00f6ljynpainetta tasaisten ojennus- ja supistusliikkeiden saavuttamiseksi, mik\u00e4 mahdollistaa nopean reagoinnin ohjauskomentoihin, tarjoaa tehokkaan ty\u00f6nt\u00f6- ja vetovoiman ja soveltuu raskaiden kuormien k\u00e4sittelyyn ja monimutkaisiin operatiivisiin teht\u00e4viin.<\/p>\n<\/li>\n<li>\n<h3>Erilaisia \u200b\u200btyyppej\u00e4<\/h3>\n<p>Kauhasylinterit voivat olla yksitoimisia (hydrauliikkaa vain yhteen suuntaan) tai kaksitoimisia (hydrauliikkaa molempiin suuntiin) k\u00e4ytt\u00f6tarpeista riippuen. Jotkut mallit ovat teleskooppisia, mik\u00e4 mahdollistaa suuremman laajenemisen ilman ulkomittojen kasvua, joten ne sopivat rajoitettuihin tiloihin.<\/p>\n<\/li>\n<li>\n<h3>T\u00e4ydellinen korvaava vaihtoehto<\/h3>\n<p>Tuotteemme voivat t\u00e4ydellisesti korvata n\u00e4m\u00e4 hydraulisylinterit, ja voimme tuottaa t\u00e4t\u00e4 tuotetta.<\/p>\n<\/li>\n<p><img decoding=\"async\" src=\"https:\/\/www.hydraulic-cylinders.net\/wp-content\/uploads\/2025\/01\/songte-cylinder-head-with-all-kinds-excavator-models.webp\" alt=\"Kauhan sylinterin vaihto\"><\/p>\n<\/ul>\n<h2>Sovellukset<\/h2>\n<p>Kauhasylintereit\u00e4 k\u00e4ytet\u00e4\u00e4n erilaisissa koneissa, mukaan lukien:<\/p>\n<ul>\n<li>\n<h3>Rakennuslaitteet<\/h3>\n<p>Kaivinkoneissa ne ovat v\u00e4ltt\u00e4m\u00e4tt\u00f6mi\u00e4 maan tai roskien kaivamiseen, lastaamiseen ja siirt\u00e4miseen. Kaivurikuormaajissa kauhan sylinteri auttaa kaivamisessa ja nostamisessa. <\/p>\n<\/li>\n<li>\n<h3>Maatalouskoneet<\/h3>\n<p>K\u00e4ytet\u00e4\u00e4n etukuormaajissa maaper\u00e4n, hein\u00e4n ja muiden materiaalien kauhaukseen, nostamiseen ja kuljettamiseen. <\/p>\n<\/li>\n<li>\n<h3>Kaivinkoneet<\/h3>\n<p>Kauhan sylinteri saavuttaa kaivamisen antamalla kauhan tunkeutua maaper\u00e4\u00e4n. <\/p>\n<\/li>\n<li>\n<h3>Etukuormaajat<\/h3>\n<p>Etukuormaajissa ne auttavat lastin tehokkaassa nostamisessa ja kallistamisessa.<\/p>\n<\/li>\n<\/ul>\n<h2>Suunnittelun\u00e4k\u00f6kohdat ja valintakriteerit<\/h2>\n<p>Suunnittelun kannalta kauhasylinterien on t\u00e4ytett\u00e4v\u00e4 tietyt kriteerit toimiakseen optimaalisesti. T\u00e4ss\u00e4 on joitakin keskeisi\u00e4 tekij\u00f6it\u00e4:<\/p>\n<ul>\n<li>\n<h3>Kantavuus<\/h3>\n<p>Sylinterin kantokyvyn on kyett\u00e4v\u00e4 tukemaan kuorman painoa ilman muodonmuutoksia tai rikkoutumista.<\/p>\n<\/li>\n<li>\n<h3>Tiivistys<\/h3>\n<p>Sylinteri on tiivistett\u00e4v\u00e4 riitt\u00e4v\u00e4sti hydraulinesteen vuotamisen est\u00e4miseksi.<\/p>\n<\/li>\n<li>\n<h3>Kest\u00e4vyys<\/h3>\n<p>Sylinterin on oltava riitt\u00e4v\u00e4n kest\u00e4v\u00e4 kest\u00e4m\u00e4\u00e4n ankaria ty\u00f6ymp\u00e4rist\u00f6j\u00e4 ja kulumista.<\/p>\n<\/li>\n<li>\n<h3>Turvallisuus<\/h3>\n<p>Kauhasylinterit on suunniteltava siten, ett\u00e4 ne est\u00e4v\u00e4t mahdolliset vaarat, kuten vuodot, repe\u00e4m\u00e4t tai r\u00e4j\u00e4hdykset.<\/p>\n<\/li>\n<li>\n<h3>Huolto<\/h3>\n<p>Sylinterin on oltava suunniteltu helposti huollettavaksi ja korjattavaksi, mik\u00e4 v\u00e4hent\u00e4\u00e4 seisokkiaikoja.<\/p>\n<\/li>\n<\/ul>\n<p><img decoding=\"async\" src=\"https:\/\/www.hydraulic-cylinders.net\/wp-content\/uploads\/2025\/01\/songte-oil-pipes-and-spare-parts.webp\" alt=\"Kauhan sylinterin osat\"><\/p>\n<h2>Tiivistys ja voitelu<\/h2>\n<p>Kauhasylinteriss\u00e4 k\u00e4ytet\u00e4\u00e4n erilaisia \u200b\u200btiivisteit\u00e4, kuten m\u00e4nn\u00e4ntiivisteit\u00e4 ja varren tiivisteit\u00e4, jotka on valmistettu kulutusta kest\u00e4vist\u00e4 materiaaleista, kuten polyuretaanista ja nitriilikumista. Sylinterin runko ja kierteiden p\u00e4\u00e4typinnat k\u00e4sitell\u00e4\u00e4n tarkasti kulutuskest\u00e4vyyden parantamiseksi. S\u00e4\u00e4nn\u00f6llinen oikean hydrauliikka\u00f6ljyn lis\u00e4\u00e4minen on ratkaisevan t\u00e4rke\u00e4\u00e4 voitelun ja optimaalisen suorituskyvyn yll\u00e4pit\u00e4misen kannalta.<\/p>\n<h2>Huolto ja korjaus<\/h2>\n<p>S\u00e4\u00e4nn\u00f6llinen tarkastus ja ennaltaehk\u00e4isev\u00e4 huolto ovat ratkaisevan t\u00e4rkeit\u00e4 kauhasylinterien k\u00e4ytt\u00f6i\u00e4n pident\u00e4misess\u00e4. T\u00e4ss\u00e4 on joitakin yleisi\u00e4 huoltoteht\u00e4vi\u00e4:<\/p>\n<ul>\n<li>\n<h3>S\u00e4\u00e4nn\u00f6llinen tarkastus<\/h3>\n<p>Tarkista sylinteri s\u00e4\u00e4nn\u00f6llisesti kulumisen, vaurioiden tai vuotojen varalta.<\/p>\n<\/li>\n<li>\n<h3>Voitelu<\/h3>\n<p>Varmista, ett\u00e4 sylinteri on riitt\u00e4v\u00e4sti voideltu optimaalisen suorituskyvyn yll\u00e4pit\u00e4miseksi.<\/p>\n<\/li>\n<li>\n<h3>Tiivisteen vaihto<\/h3>\n<p>Vaihda sylinterin tiivisteet, kun niiss\u00e4 havaitaan kulumisen, vaurioiden tai vuotojen merkkej\u00e4.<\/p>\n<\/li>\n<li>\n<h3>Kalibrointitarkistus<\/h3>\n<p>Tarkista sylinterin kalibrointi s\u00e4\u00e4nn\u00f6llisesti optimaalisen suorituskyvyn varmistamiseksi.<\/p>\n<\/li>\n<\/ul>\n<p><img decoding=\"async\" src=\"https:\/\/www.hydraulic-cylinders.net\/wp-content\/uploads\/2025\/01\/songte-chushion-collar.webp\" alt=\"Kauhan sylinterin asennus\"><\/p>\n<h2>Turvallisuusn\u00e4k\u00f6kohdat ja ymp\u00e4rist\u00f6tekij\u00e4t<\/h2>\n<p>Kauhasylintereit\u00e4 on k\u00e4sitelt\u00e4v\u00e4 varoen ja ne on asennettava oikein mahdollisten vaarojen, kuten vuotojen, repe\u00e4mien tai r\u00e4j\u00e4hdysten, v\u00e4ltt\u00e4miseksi. Ymp\u00e4rist\u00f6tekij\u00e4t, kuten l\u00e4mp\u00f6tila, kosteus ja altistuminen sy\u00f6vytt\u00e4ville aineille, voivat vaikuttaa sylinterin suorituskykyyn ja kest\u00e4vyyteen. Siksi on t\u00e4rke\u00e4\u00e4 ryhty\u00e4 tarvittaviin varotoimiin kauhasylintereit\u00e4 k\u00e4sitelt\u00e4ess\u00e4 ja k\u00e4ytett\u00e4ess\u00e4.<\/p>\n<h2>Diagnoosi ja vianm\u00e4\u00e4ritys<\/h2>\n<p>Kauhasylintereiden yleisi\u00e4 ongelmia ovat vuodot, heikentynyt suorituskyky ja toimintah\u00e4iri\u00f6t. N\u00e4iden ongelmien vianm\u00e4\u00e4ritysvinkkej\u00e4 ja ratkaisuja ovat tiivisteiden tarkistaminen, hydraulinesteen tason varmistaminen ja sylinterin kalibroinnin arviointi. Ennaltaehk\u00e4isev\u00e4t toimenpiteet, kuten s\u00e4\u00e4nn\u00f6llinen huolto ja asianmukainen k\u00e4sittely, voivat minimoida mahdolliset ongelmat.<\/p>\n<p><img decoding=\"async\" src=\"https:\/\/www.hydraulic-cylinders.net\/wp-content\/uploads\/2025\/01\/songte-bushings-with-all-kinds-of-excavator-models.webp\" alt=\"Kauhan sylinterin holkit\"><\/p>\n<h2>Tietoa yrityksest\u00e4mme<\/h2>\n<p>Olemme hydraulisten sylinterien vaihto-osien valmistaja ja tarjoamme laajan tuotevalikoiman. Olemme yksi johtavista hydraulisten sylinterien valmistajista ja tukkumyyjist\u00e4 kotimaisilla ja kansainv\u00e4lisill\u00e4 markkinoilla. Noudatamme erinomaisen laadun periaatetta ja luotamme hienostuneiden valmistuspajojen teollisen tuotannon hallintastrategiaan. Parannamme jatkuvasti ty\u00f6pajojemme valmistusalustaa, parannamme tuotteiden laatua ja tuotantolinjoja sek\u00e4 meill\u00e4 on vahvat luovat kyvyt vastata asiakkaiden monipuolisiin tarpeisiin tehokkaalla, tarkalla ja korkealaatuisella tuotteella.<\/p>\n<ul>\n<li>\n<h3>Ammattimaisuus<\/h3>\n<p>Yrityksess\u00e4mme ty\u00f6skentelee teknisten asiantuntijoiden ja ammattilaisten tiimi, jolla on vuosien kokemus hydraulisylintereiden vaihdosta.<\/p>\n<\/li>\n<li>\n<h3>Kansainv\u00e4linen sertifiointi<\/h3>\n<p>Tuotteillamme on kansainv\u00e4liset sertifikaatit, kuten ISO, CE ja ROHS, mik\u00e4 varmistaa niiden yhteensopivuuden maailmanlaajuisten standardien kanssa.<\/p>\n<\/li>\n<li>\n<h3>Mukauttaminen<\/h3>\n<p>Tarjoamme r\u00e4\u00e4t\u00e4l\u00f6ityj\u00e4 palveluita vastaamaan asiakkaiden ainutlaatuisia tarpeita ja mieltymyksi\u00e4.<\/p>\n<\/li>\n<li>\n<h3>Tuotantolaitteet<\/h3>\n<p>Yrityksell\u00e4mme on k\u00e4yt\u00f6ss\u00e4\u00e4n kehittyneet ja edistyneet valmistuslaitteet, kuten CNC-sorvit, jyrsinkoneet ja testaustilat.<\/p>\n<\/li>\n<li>\n<h3>Myynnin j\u00e4lkeinen palvelu<\/h3>\n<p>Tarjoamme erinomaisia \u200b\u200bj\u00e4lkimarkkinointipalveluita, kuten korjaus-, vaihto- ja uudelleenrakennuspalveluita, varmistaaksemme asiakastyytyv\u00e4isyyden ja pitk\u00e4aikaiset asiakassuhteet.<\/p>\n<\/li>\n<\/ul>\n<p><img decoding=\"async\" src=\"https:\/\/hzpt.com\/wp-content\/uploads\/2024\/11\/songte-company-1.webp\" alt=\"Yrityksen yleiskatsaus\"><\/p>\n<p>Kirjoittaja: lyl<\/p>","protected":false},"excerpt":{"rendered":"<p>Bucket Cylinder For Yuchai YC230LC-8 Introduction A bucket cylinder is a hydraulic cylinder specially designed to control the movement of the bucket in heavy machinery, such as excavators, backhoe loaders, and front loaders. Its main function is to allow the bucket to lift, lower, and tilt, making it easier to handle various material handling tasks. [&hellip;]<\/p>","protected":false},"featured_media":14762,"comment_status":"open","ping_status":"closed","template":"","meta":{"_et_pb_use_builder":"","_et_pb_old_content":"","_et_gb_content_width":""},"product_brand":[],"product_cat":[1494],"product_tag":[1495,1496],"class_list":{"0":"post-15865","1":"product","2":"type-product","3":"status-publish","4":"has-post-thumbnail","6":"product_cat-bucket-cylinders","7":"product_tag-bucket-cylinders","8":"product_tag-hydraulic-cylinders","10":"first","11":"instock","12":"shipping-taxable","13":"product-type-simple"},"amp_enabled":true,"_links":{"self":[{"href":"https:\/\/www.hydraulic-cylinders.net\/fi\/wp-json\/wp\/v2\/product\/15865","targetHints":{"allow":["GET"]}}],"collection":[{"href":"https:\/\/www.hydraulic-cylinders.net\/fi\/wp-json\/wp\/v2\/product"}],"about":[{"href":"https:\/\/www.hydraulic-cylinders.net\/fi\/wp-json\/wp\/v2\/types\/product"}],"replies":[{"embeddable":true,"href":"https:\/\/www.hydraulic-cylinders.net\/fi\/wp-json\/wp\/v2\/comments?post=15865"}],"wp:featuredmedia":[{"embeddable":true,"href":"https:\/\/www.hydraulic-cylinders.net\/fi\/wp-json\/wp\/v2\/media\/14762"}],"wp:attachment":[{"href":"https:\/\/www.hydraulic-cylinders.net\/fi\/wp-json\/wp\/v2\/media?parent=15865"}],"wp:term":[{"taxonomy":"product_brand","embeddable":true,"href":"https:\/\/www.hydraulic-cylinders.net\/fi\/wp-json\/wp\/v2\/product_brand?post=15865"},{"taxonomy":"product_cat","embeddable":true,"href":"https:\/\/www.hydraulic-cylinders.net\/fi\/wp-json\/wp\/v2\/product_cat?post=15865"},{"taxonomy":"product_tag","embeddable":true,"href":"https:\/\/www.hydraulic-cylinders.net\/fi\/wp-json\/wp\/v2\/product_tag?post=15865"}],"curies":[{"name":"wp","href":"https:\/\/api.w.org\/{rel}","templated":true}]}}