{"id":15868,"date":"2025-01-19T15:05:52","date_gmt":"2025-01-19T15:05:52","guid":{"rendered":"https:\/\/www.hydraulic-cylinders.net\/product\/bucket-cylinder-for-yangong-yg85e\/"},"modified":"2025-01-19T15:05:54","modified_gmt":"2025-01-19T15:05:54","slug":"bucket-cylinder-for-yangong-yg85e","status":"publish","type":"product","link":"https:\/\/www.hydraulic-cylinders.net\/fi\/tuote\/bucket-cylinder-for-yangong-yg85e\/","title":{"rendered":"Kauhan sylinteri Yangong YG85E:lle"},"content":{"rendered":"<h2>Kauhan sylinteri Yangong YG85E:lle<\/h2>\n<h3>Johdanto<\/h3>\n<p>Yangong YG85E:n kauhan sylinteri on erikoishydraulinen sylinteri, joka on suunniteltu ohjaamaan raskaiden koneiden, kuten kaivinkoneiden, kaivurikuormaajien ja etukuormaajien, kauhojen liikett\u00e4. Sen ensisijainen teht\u00e4v\u00e4 on mahdollistaa kauhan nostaminen, laskeminen ja kallistaminen, mik\u00e4 helpottaa erilaisten materiaalink\u00e4sittelyteht\u00e4vien k\u00e4sittely\u00e4. Hydraulij\u00e4rjestelm\u00e4ss\u00e4 kauhan sylinteri saavuttaa kauhan tarkan hallinnan hydrauli\u00f6ljyn paineenmuutoksen avulla, mink\u00e4 ansiosta k\u00e4ytt\u00e4j\u00e4t voivat k\u00e4sitell\u00e4 raskaita kuormia tehokkaasti ja sopeutua monimutkaisiin ty\u00f6ymp\u00e4rist\u00f6ihin ja erilaisiin ty\u00f6vaatimuksiin.<\/p>\n<p><img decoding=\"async\" src=\"https:\/\/www.hydraulic-cylinders.net\/wp-content\/uploads\/2025\/01\/songte-company-2.webp\" alt=\"Kauhan sylinteri Yangong YG85E:lle\"><\/p>\n<h3>Ominaisuudet<\/h3>\n<ul>\n<li>Korkea lujuus ja kest\u00e4vyys: Kauhasylinteri on tyypillisesti valmistettu eritt\u00e4in lujasta ter\u00e4ksest\u00e4 tai alumiinista, ja se kest\u00e4\u00e4 korkeaa painetta ja raskaita kuormia, joten se sopeutuu vaativiin ty\u00f6ymp\u00e4rist\u00f6ihin. Suunnittelussa on otettu huomioon kulutuskest\u00e4vyys ja korroosionkest\u00e4vyys, mik\u00e4 pident\u00e4\u00e4 k\u00e4ytt\u00f6ik\u00e4\u00e4.<\/li>\n<li>Tehokas hydraulinen toiminta: Hydrauli\u00f6ljyn paineen ansiosta sylinteri saavuttaa tasaiset ojennus- ja supistusliikkeet ja reagoi nopeasti ohjauskomentoihin. Se tarjoaa tehokkaita ty\u00f6nt\u00f6- ja vetovoimia, jotka sopivat raskaiden kuormien k\u00e4sittelyyn ja monimutkaisiin ty\u00f6teht\u00e4viin.<\/li>\n<li>Erilaisia \u200b\u200btyyppej\u00e4: Yksitoiminen (hydrauliikkaa vain yhteen suuntaan) tai kaksitoiminen (hydrauliikkaa kahteen suuntaan) sylinteri voidaan valita tarpeiden mukaan erilaisten k\u00e4ytt\u00f6vaatimusten t\u00e4ytt\u00e4miseksi. Jotkut mallit ovat teleskooppisia, mik\u00e4 mahdollistaa suuremman jatkeen ilman ulkomittojen kasvua, mik\u00e4 sopii ahtaisiin k\u00e4ytt\u00f6tarkoituksiin.<\/li>\n<li>Vaihdettava: Tuotteemme voi korvata n\u00e4m\u00e4 hydraulisylinterit t\u00e4ydellisesti.<\/li>\n<\/ul>\n<p><img decoding=\"async\" src=\"https:\/\/www.hydraulic-cylinders.net\/wp-content\/uploads\/2025\/01\/songte-cylinder-head-with-all-kinds-excavator-models.webp\" alt=\"Kauhan sylinteri Yangong YG85E:lle\"><\/p>\n<h3>Sovellukset<\/h3>\n<p>Yangong YG85E:n kauhasylinteri\u00e4 k\u00e4ytet\u00e4\u00e4n laajalti erilaisissa raskaissa koneissa, mukaan lukien:<\/p>\n<ul>\n<li>Rakennuslaitteet: Kaivinkoneissa ne ovat ratkaisevan t\u00e4rkeit\u00e4 kaivamisessa, lastaamisessa ja maaper\u00e4n tai roskien siirt\u00e4misess\u00e4. Kaivurikuormaajissa kauhan sylinteri auttaa sek\u00e4 kaivamisessa ett\u00e4 nostamisessa.<\/li>\n<li>Maatalouskoneet: K\u00e4ytet\u00e4\u00e4n etukuormaajissa maan, hein\u00e4n ja muiden materiaalien kauhaamiseen, nostamiseen ja kuljettamiseen. Kaivinkoneissa kauhan sylinteri mahdollistaa kaivamisen antamalla kauhan tunkeutua maahan. Etukuormaajissa ne auttavat tavaroiden tehokkaassa nostamisessa ja kallistamisessa.<\/li>\n<\/ul>\n<h3>Suunnittelun\u00e4k\u00f6kohdat ja valintakriteerit<\/h3>\n<p>Suunnittelun\u00e4k\u00f6kohtien pohjalta voimme tutkia kauhasylinterin kantokyky\u00e4, tiiviytt\u00e4, kest\u00e4vyytt\u00e4, turvallisuutta ja huollettavuutta. Seuraavia kohtia voidaan k\u00e4sitell\u00e4:<\/p>\n<ul>\n<li>Kantavuus: Kauhan sylinterin on kestett\u00e4v\u00e4 kuorman paino ja hydrauli\u00f6ljyn paine.<\/li>\n<li>Tiivistys: Hydrauli\u00f6ljyn vuotamisen est\u00e4miseksi k\u00e4ytet\u00e4\u00e4n erilaisia \u200b\u200btiivistekomponentteja, kuten m\u00e4nn\u00e4ntiivisteit\u00e4 ja varren tiivisteit\u00e4. Tiivistyskomponentit on valmistettu kulutusta kest\u00e4vist\u00e4 materiaaleista, kuten polyuretaanista ja nitriilikumista, kest\u00e4vyyden parantamiseksi. Sylinterin runko ja kierteiden p\u00e4\u00e4typinnat on hienok\u00e4sitelty kulutuskest\u00e4vyyden parantamiseksi.<\/li>\n<li>Kest\u00e4vyys: Kauhasylinteri on suunniteltu kest\u00e4m\u00e4\u00e4n ankaria k\u00e4ytt\u00f6ymp\u00e4rist\u00f6j\u00e4, kuten \u00e4\u00e4rimm\u00e4isi\u00e4 l\u00e4mp\u00f6tiloja, altistumista lialle ja roskille sek\u00e4 sy\u00f6vytt\u00e4ville materiaaleille.<\/li>\n<li>Turvallisuus: Onnettomuuksien est\u00e4miseksi on toteutettava asianmukaiset turvatoimenpiteet. Kauhasylinteri on asennettava, huollettava ja k\u00e4ytett\u00e4v\u00e4 asianmukaisesti valmistajan ohjeiden mukaisesti.<\/li>\n<li>Yll\u00e4pidett\u00e4vyys: S\u00e4\u00e4nn\u00f6llinen tarkastus ja huolto voivat varmistaa kauhan sylinterin sujuvan toiminnan ja pident\u00e4\u00e4 sen k\u00e4ytt\u00f6ik\u00e4\u00e4.<\/li>\n<\/ul>\n<p><img decoding=\"async\" src=\"https:\/\/www.hydraulic-cylinders.net\/wp-content\/uploads\/2025\/01\/songte-oil-pipes-and-spare-parts.webp\" alt=\"Kauhan sylinteri Yangong YG85E:lle\"><\/p>\n<h3>Tiivistys ja voitelu<\/h3>\n<p>Kauhasylinteriss\u00e4 k\u00e4ytet\u00e4\u00e4n erilaisia \u200b\u200btiivistyskomponentteja, kuten m\u00e4nn\u00e4ntiivisteit\u00e4 ja varren tiivisteit\u00e4, hydrauli\u00f6ljyn vuotamisen est\u00e4miseksi. N\u00e4m\u00e4 tiivistyskomponentit on valmistettu kulutusta kest\u00e4vist\u00e4 materiaaleista, kuten polyuretaanista ja nitriilikumista. Sylinterin runko ja kierteiden p\u00e4\u00e4typinta on hienok\u00e4sitelty kulutuskest\u00e4vyyden parantamiseksi. S\u00e4\u00e4nn\u00f6llinen voitelu sopivalla m\u00e4\u00e4r\u00e4ll\u00e4 hydrauli\u00f6ljy\u00e4 on v\u00e4ltt\u00e4m\u00e4t\u00f6nt\u00e4 sylinterin sujuvan toiminnan varmistamiseksi ja sen k\u00e4ytt\u00f6i\u00e4n pident\u00e4miseksi.<\/p>\n<h3>Tarkastus ja huolto<\/h3>\n<p>S\u00e4\u00e4nn\u00f6llinen tarkastus ja huolto ovat v\u00e4ltt\u00e4m\u00e4tt\u00f6mi\u00e4 kauhan sylinterin moitteettoman toiminnan varmistamiseksi ja sen k\u00e4ytt\u00f6i\u00e4n pident\u00e4miseksi. Seuraavat teht\u00e4v\u00e4t on suoritettava:<\/p>\n<ul>\n<li>S\u00e4\u00e4nn\u00f6llinen tarkastus<\/li>\n<li>Asianmukainen voitelu<\/li>\n<li>Tiivisteen vaihto<\/li>\n<li>Kalibrointitarkistus<\/li>\n<\/ul>\n<p>Asennuksen aikana sylinterin oikea kohdistus on v\u00e4ltt\u00e4m\u00e4t\u00f6nt\u00e4. On suositeltavaa k\u00e4ytt\u00e4\u00e4 sopivia asennuskiinnikkeit\u00e4 sylinterin kiinnitt\u00e4miseen. Oikean asennuksen, voitelun ja s\u00e4\u00e4d\u00f6n t\u00e4rkeytt\u00e4 on korostettava. Kauhasylinterin k\u00e4ytt\u00f6i\u00e4n pident\u00e4miseksi annetaan suositellut tarkastus-, korjaus- ja vaihtomenettelyt.<\/p>\n<p><img decoding=\"async\" src=\"https:\/\/www.hydraulic-cylinders.net\/wp-content\/uploads\/2025\/01\/songte-chushion-collar.webp\" alt=\"Kauhan sylinteri Yangong YG85E:lle\"><\/p>\n<h3>Turvallisuusn\u00e4k\u00f6kohdat ja ymp\u00e4rist\u00f6tekij\u00e4t<\/h3>\n<p>Turvatoimenpiteet ovat kriittisi\u00e4 kauhapulloa k\u00e4ytett\u00e4ess\u00e4. On t\u00e4rke\u00e4\u00e4 noudattaa turvallisuuss\u00e4\u00e4nt\u00f6j\u00e4 ja -ohjeita onnettomuuksien ja vammojen v\u00e4ltt\u00e4miseksi. Kauhapulloa on huollettava asianmukaisesti ja k\u00e4ytett\u00e4v\u00e4 valmistajan ohjeiden mukaisesti turvallisuuden varmistamiseksi. Ymp\u00e4rist\u00f6tekij\u00e4t on otettava huomioon kauhapulloa k\u00e4ytett\u00e4ess\u00e4. Asianmukaiset j\u00e4tteenk\u00e4sittely- ja ymp\u00e4rist\u00f6nsuojelutoimenpiteet on toteutettava ymp\u00e4rist\u00f6n saastumisen minimoimiseksi.<\/p>\n<h3>Vianm\u00e4\u00e4ritys ja yleiset ongelmat<\/h3>\n<p>Kauhasylinteriss\u00e4 voi olla useita ongelmia, kuten vuotoja, hidasta toimintaa ja tiivisteiden vaurioitumista. Vianm\u00e4\u00e4ritys- ja ongelmanratkaisuvinkit voivat auttaa lukijoita diagnosoimaan ja ratkaisemaan ongelmia tehokkaasti. Ennaltaehk\u00e4isev\u00e4t toimenpiteet voivat v\u00e4hent\u00e4\u00e4 mahdollisia ongelmia.<\/p>\n<p><img decoding=\"async\" src=\"https:\/\/www.hydraulic-cylinders.net\/wp-content\/uploads\/2025\/01\/songte-bushings-with-all-kinds-of-excavator-models.webp\" alt=\"Kauhan sylinteri Yangong YG85E:lle\"><\/p>\n<h2>Tietoa meist\u00e4<\/h2>\n<p>Olemme korvaavien hydraulisylinterien valmistaja. Tarjoamme t\u00e4yden valikoiman tuotteita ja olemme yksi johtavista hydraulisylinterien valmistajista ja tukkumyyjist\u00e4 kotimaisilla ja kansainv\u00e4lisill\u00e4 markkinoilla. Noudatamme erinomaisen laadun periaatetta ja luotamme hienostuneiden tuotantolaitosten teollistuneeseen tuotannonohjausstrategiaan. K\u00e4ytt\u00e4m\u00e4ll\u00e4 teknisi\u00e4 kykyj\u00e4, huippuluokan digitaalisia valmistuslaitteita ja ammattimaisia \u200b\u200btestausj\u00e4rjestelmi\u00e4 parannamme jatkuvasti ty\u00f6pajan valmistusalustaa, parannamme tuotteiden laatua tuotantolinjalla ja meill\u00e4 on vahva luova kyky. Tarjoamme tehokkaita, tarkkoja ja korkealaatuisia tuotteita vastaamaan asiakkaiden monipuolisiin tarpeisiin.<\/p>\n<p><img decoding=\"async\" src=\"https:\/\/hzpt.com\/wp-content\/uploads\/2024\/11\/songte-company-1.webp\" alt=\"Tietoa meist\u00e4\"><\/p>\n<h3>Ammattimaisuus<\/h3>\n<p>Meill\u00e4 on ammattilaistiimi, joka on taitava hydraulisten sylinterien suunnittelussa ja valmistuksessa. Tarjoamme r\u00e4\u00e4t\u00e4l\u00f6ityj\u00e4 ratkaisuja asiakkaidemme erityistarpeisiin.<\/p>\n<h3>Kansainv\u00e4linen sertifiointi<\/h3>\n<p>Tuotteemme ovat l\u00e4p\u00e4isseet kansainv\u00e4liset sertifikaatit, kuten CE, ISO ja SGS, mik\u00e4 takaa niiden laadun ja luotettavuuden.<\/p>\n<h3>R\u00e4\u00e4t\u00e4l\u00f6intipalvelut<\/h3>\n<p>Tarjoamme hydraulisylintereiden r\u00e4\u00e4t\u00e4l\u00f6intipalveluita asiakkaidemme erityistarpeiden t\u00e4ytt\u00e4miseksi.<\/p>\n<h3>Tuotantolaitteet<\/h3>\n<p>K\u00e4yt\u00e4mme edistyneit\u00e4 tuotantolaitteita varmistaaksemme tuotteidemme tarkkuuden ja tehokkuuden.<\/p>\n<h3>Myynnin j\u00e4lkeinen palvelu<\/h3>\n<p>Tarjoamme asiakkaillemme j\u00e4lkimarkkinointipalvelua varmistaen heid\u00e4n tyytyv\u00e4isyytens\u00e4 tuotteisiimme ja palveluihimme.<\/p>\n<h4>Kirjoittaja: lyl<\/h4>","protected":false},"excerpt":{"rendered":"<p>Bucket Cylinder for Yangong YG85E Introduction The bucket cylinder for Yangong YG85E is a specialized hydraulic cylinder designed to control the movement of buckets in heavy machinery, such as excavators, backhoe loaders, and front-end loaders. Its primary function is to enable the bucket to lift, lower, and tilt, making it easier to handle various material [&hellip;]<\/p>","protected":false},"featured_media":14788,"comment_status":"open","ping_status":"closed","template":"","meta":{"_et_pb_use_builder":"","_et_pb_old_content":"","_et_gb_content_width":""},"product_brand":[],"product_cat":[1494],"product_tag":[1495,1496],"class_list":{"0":"post-15868","1":"product","2":"type-product","3":"status-publish","4":"has-post-thumbnail","6":"product_cat-bucket-cylinders","7":"product_tag-bucket-cylinders","8":"product_tag-hydraulic-cylinders","10":"first","11":"instock","12":"shipping-taxable","13":"product-type-simple"},"amp_enabled":true,"_links":{"self":[{"href":"https:\/\/www.hydraulic-cylinders.net\/fi\/wp-json\/wp\/v2\/product\/15868","targetHints":{"allow":["GET"]}}],"collection":[{"href":"https:\/\/www.hydraulic-cylinders.net\/fi\/wp-json\/wp\/v2\/product"}],"about":[{"href":"https:\/\/www.hydraulic-cylinders.net\/fi\/wp-json\/wp\/v2\/types\/product"}],"replies":[{"embeddable":true,"href":"https:\/\/www.hydraulic-cylinders.net\/fi\/wp-json\/wp\/v2\/comments?post=15868"}],"wp:featuredmedia":[{"embeddable":true,"href":"https:\/\/www.hydraulic-cylinders.net\/fi\/wp-json\/wp\/v2\/media\/14788"}],"wp:attachment":[{"href":"https:\/\/www.hydraulic-cylinders.net\/fi\/wp-json\/wp\/v2\/media?parent=15868"}],"wp:term":[{"taxonomy":"product_brand","embeddable":true,"href":"https:\/\/www.hydraulic-cylinders.net\/fi\/wp-json\/wp\/v2\/product_brand?post=15868"},{"taxonomy":"product_cat","embeddable":true,"href":"https:\/\/www.hydraulic-cylinders.net\/fi\/wp-json\/wp\/v2\/product_cat?post=15868"},{"taxonomy":"product_tag","embeddable":true,"href":"https:\/\/www.hydraulic-cylinders.net\/fi\/wp-json\/wp\/v2\/product_tag?post=15868"}],"curies":[{"name":"wp","href":"https:\/\/api.w.org\/{rel}","templated":true}]}}