{"id":15869,"date":"2025-01-19T15:05:57","date_gmt":"2025-01-19T15:05:57","guid":{"rendered":"https:\/\/www.hydraulic-cylinders.net\/product\/bucket-cylinder-for-tota-tx60c\/"},"modified":"2025-01-19T15:06:03","modified_gmt":"2025-01-19T15:06:03","slug":"bucket-cylinder-for-tota-tx60c","status":"publish","type":"product","link":"https:\/\/www.hydraulic-cylinders.net\/fi\/tuote\/bucket-cylinder-for-tota-tx60c\/","title":{"rendered":"Kauhan sylinteri Tota TX60C:lle"},"content":{"rendered":"<h1>Kauhan sylinteri Tota TX60C:lle<\/h1>\n<h2>Johdanto<\/h2>\n<p>Tota TX60C:n kauhan sylinteri on erikoishydraulinen sylinteri, jota k\u00e4ytet\u00e4\u00e4n p\u00e4\u00e4asiassa kauhan liikkeen ohjaamiseen raskaissa koneissa, kuten kaivinkoneissa, kaivurikuormaajissa ja etukuormaajissa. Sen p\u00e4\u00e4teht\u00e4v\u00e4n\u00e4 on mahdollistaa kauhan nostaminen, laskeminen ja kallistaminen, mik\u00e4 helpottaa erilaisten materiaalink\u00e4sittelyteht\u00e4vien k\u00e4sittely\u00e4. Hydraulij\u00e4rjestelm\u00e4ss\u00e4 kauhan sylinteri ohjaa tarkasti kauhan liikett\u00e4 hydrauli\u00f6ljyn paineen muutosten avulla, mink\u00e4 ansiosta kuljettaja voi k\u00e4sitell\u00e4 raskaita kuormia tehokkaasti, sopeutua monimutkaisiin ty\u00f6ymp\u00e4rist\u00f6ihin ja t\u00e4ytt\u00e4\u00e4 monipuoliset ty\u00f6tarpeet.<\/p>\n<p><img decoding=\"async\" src=\"https:\/\/www.hydraulic-cylinders.net\/wp-content\/uploads\/2025\/01\/songte-company-2.webp\" alt=\"Kauhan sylinteri Tota TX60C:lle\" \/><\/p>\n<h3>T\u00e4rkeimm\u00e4t ominaisuudet<\/h3>\n<ul>\n<li>\n<h4>Korkea lujuus ja kest\u00e4vyys:<\/h4>\n<p> Yleens\u00e4 se on valmistettu eritt\u00e4in lujasta ter\u00e4ksest\u00e4 tai alumiinista, ja se kest\u00e4\u00e4 korkeaa painetta ja raskaita kuormia. Se on suunniteltu kulutus- ja korroosionkest\u00e4vyydell\u00e4, mik\u00e4 pident\u00e4\u00e4 sen k\u00e4ytt\u00f6ik\u00e4\u00e4.<\/li>\n<li>\n<h4>Tehokas hydraulinen k\u00e4ytt\u00f6:<\/h4>\n<p> Hydraulisen \u00f6ljynpaineen ansiosta teleskooppiliike on tasaista, se reagoi nopeasti ohjauskomentoihin, tarjoaa tehokkaita ty\u00f6nt\u00f6- ja vetovoimia ja soveltuu raskaiden kuormien k\u00e4sittelyyn ja monimutkaisiin ty\u00f6teht\u00e4viin.<\/li>\n<li>\n<h4>Erilaisia \u200b\u200btyyppej\u00e4:<\/h4>\n<p> Valitse yksitoimisten (hydraulisesti vain yhteen suuntaan) tai kaksitoimisten (hydraulisesti kahteen suuntaan) sylinterien v\u00e4lill\u00e4 erilaisten k\u00e4ytt\u00f6tarpeiden mukaan. Jotkut mallit ovat teleskooppisia, mik\u00e4 mahdollistaa suuremman jatkeen ilman ulkomittojen kasvua, joten ne sopivat ahtaisiin sovelluksiin.<\/li>\n<li>\n<h4>Vaihtotuotteiden saatavuus:<\/h4>\n<p> Tuotteemme voi t\u00e4ydellisesti korvata n\u00e4m\u00e4 hydraulisylinterit.<\/li>\n<\/ul>\n<p><img decoding=\"async\" src=\"https:\/\/www.hydraulic-cylinders.net\/wp-content\/uploads\/2025\/01\/songte-cylinder-head-with-all-kinds-excavator-models.webp\" alt=\"Kauhan sylinteri Tota TX60C:lle\" \/><\/p>\n<h2>Sovellukset<\/h2>\n<p>Tota TX60C:n kauhasylinteri\u00e4 k\u00e4ytet\u00e4\u00e4n laajalti eri aloilla, mukaan lukien:<\/p>\n<ul>\n<li>\n<h3>Rakennuslaitteet:<\/h3>\n<p> Kaivinkoneissa ne ovat kriittisi\u00e4 kaivamisessa, lastaamisessa ja maaper\u00e4n tai roskien siirt\u00e4misess\u00e4. Kaivurikuormaajissa kauhan sylinteri auttaa sek\u00e4 kaivamisessa ett\u00e4 nostamisessa. <\/li>\n<li>\n<h3>Maatalouskoneet:<\/h3>\n<p> K\u00e4ytet\u00e4\u00e4n etukuormaajissa maaper\u00e4n, hein\u00e4n ja muiden materiaalien kauhaukseen, nostamiseen ja kuljettamiseen. <\/li>\n<li>\n<h3>Kaivinkoneet:<\/h3>\n<p> Kauhan sylinteri saavuttaa kaivutoiminnon antamalla kauhan tunkeutua maaper\u00e4\u00e4n.<\/li>\n<li>\n<h3>Etukuormaajat:<\/h3>\n<p> Etukuormaajissa ne auttavat tavaroiden tehokkaassa nostamisessa ja kallistamisessa.<\/li>\n<\/ul>\n<h2>Suunnittelun\u00e4k\u00f6kohdat ja valintakriteerit<\/h2>\n<p>Suunnittelun\u00e4k\u00f6kohdista keskeisi\u00e4 tekij\u00f6it\u00e4, kuten kantavuus, tiiviys, kest\u00e4vyys, turvallisuus ja helppohoitoisuus, k\u00e4sitell\u00e4\u00e4n alla:<\/p>\n<ul>\n<li>\n<h3>Kantavuus:<\/h3>\n<p> Sylinterin tulee olla suunniteltu kest\u00e4m\u00e4\u00e4n sovelluksessa kohtaamiaan kuormia. On k\u00e4ytett\u00e4v\u00e4 eritt\u00e4in lujia materiaaleja, kuten ter\u00e4st\u00e4 tai alumiinia.<\/li>\n<li>\n<h3>Tiivistys:<\/h3>\n<p> Tehokkaan tiivistyksen saavuttamiseksi ja \u00f6ljyvuotojen est\u00e4miseksi tulisi k\u00e4ytt\u00e4\u00e4 erilaisia \u200b\u200btiivisteit\u00e4, kuten m\u00e4nn\u00e4ntiivisteit\u00e4, varren tiivisteit\u00e4 jne., jotka on valmistettu kulutusta kest\u00e4vist\u00e4 materiaaleista, kuten polyuretaanista ja nitriilikumista. Sylinterin runko ja kierteitetyt p\u00e4\u00e4typinnat tulisi k\u00e4sitell\u00e4 huolellisesti kulumiskest\u00e4vyyden parantamiseksi.<\/li>\n<li>\n<h3>Kest\u00e4vyys:<\/h3>\n<p> Sylinterin tulee olla suunniteltu kest\u00e4m\u00e4\u00e4n kulumista ja korroosiota ja tarjoamaan pitk\u00e4kestoista suorituskyky\u00e4 ankarissa olosuhteissa.<\/li>\n<li>\n<h3>Turvallisuus:<\/h3>\n<p> Sylinterin tulee olla suunniteltu siten, ett\u00e4 se est\u00e4\u00e4 k\u00e4ytt\u00e4jien ja sivullisten loukkaantumisen vikaantumisen sattuessa, ja siin\u00e4 tulee olla turvaominaisuuksia, kuten paineenalennusventtiilit ja h\u00e4t\u00e4pys\u00e4ytyskytkimet.<\/li>\n<li>\n<h3>Helppohoitoisuus:<\/h3>\n<p> Sylinterin tulisi olla helposti huollettavissa, ja sen huolto tulisi tehd\u00e4 s\u00e4\u00e4nn\u00f6llisill\u00e4 \u00f6ljynvaihdoilla, m\u00e4\u00e4r\u00e4aikaistarkastuksilla ja kuluneiden osien vaihdolla.<\/li>\n<\/ul>\n<p><img decoding=\"async\" src=\"https:\/\/www.hydraulic-cylinders.net\/wp-content\/uploads\/2025\/01\/songte-oil-pipes-and-spare-parts.webp\" alt=\"Kauhan sylinteri Tota TX60C:lle\" \/><\/p>\n<h2>Tiivistys ja voitelu<\/h2>\n<p>Tehokkaan tiivistyksen saavuttamiseksi ja \u00f6ljyvuotojen est\u00e4miseksi tulisi k\u00e4ytt\u00e4\u00e4 erilaisia \u200b\u200btiivisteit\u00e4, kuten m\u00e4nn\u00e4ntiivisteit\u00e4, varren tiivisteit\u00e4 jne., jotka on valmistettu kulutusta kest\u00e4vist\u00e4 materiaaleista, kuten polyuretaanista ja nitriilikumista. Sylinterin runko ja kierteitetyt p\u00e4\u00e4typinnat tulisi k\u00e4sitell\u00e4 huolellisesti kulutuskest\u00e4vyyden parantamiseksi. Riitt\u00e4v\u00e4sti hydrauli\u00f6ljy\u00e4 tulisi lis\u00e4t\u00e4 s\u00e4\u00e4nn\u00f6llisesti sujuvan toiminnan ja liikkuvien osien voitelun varmistamiseksi.<\/p>\n<h2>Tarkastus ja ennakoiva huolto<\/h2>\n<p>S\u00e4\u00e4nn\u00f6llisi\u00e4 tarkastuksia tulisi suorittaa mahdollisten ongelmien havaitsemiseksi ja est\u00e4miseksi. Seuraavat ovat yleisi\u00e4 huoltoteht\u00e4vi\u00e4:<\/p>\n<ul>\n<li>\n<h3>Tarkista s\u00e4\u00e4nn\u00f6llisesti:<\/h3>\n<p> Tarkista sylinterin ja sen osien vuodot, halkeamat ja kulumat.<\/li>\n<li>\n<h3>Voitele asianmukaisesti:<\/h3>\n<p> Voitele sylinteri suositellulla \u00f6ljyll\u00e4 varmistaaksesi sujuvan toiminnan ja pitk\u00e4n k\u00e4ytt\u00f6i\u00e4n.<\/li>\n<li>\n<h3>Vaihda tiivisteet:<\/h3>\n<p> Vaihda kuluneet tai vaurioituneet tiivisteet vuotojen est\u00e4miseksi.<\/li>\n<li>\n<h3>Kalibrointitarkistus:<\/h3>\n<p> Tarkista sylinteri s\u00e4\u00e4nn\u00f6llisesti varmistaaksesi, ett\u00e4 se on kalibroitu oikein.<\/li>\n<\/ul>\n<p>Oikea asennus on ratkaisevan t\u00e4rke\u00e4\u00e4 sylinterin pitk\u00e4ik\u00e4isyyden varmistamiseksi. Sylinterin oikea kohdistus on ratkaisevan t\u00e4rke\u00e4\u00e4 asennuksen aikana, jotta sylinteri ei vaurioidu tai pet\u00e4. Sylinterin kiinnitt\u00e4miseen suositellaan sopivien kiinnitystelineiden k\u00e4ytt\u00f6\u00e4. Tarjoamme suositeltuja tarkastus-, korjaus- ja vaihtotoimenpiteit\u00e4 sylinterin k\u00e4ytt\u00f6i\u00e4n pident\u00e4miseksi.<\/p>\n<p><img decoding=\"async\" src=\"https:\/\/www.hydraulic-cylinders.net\/wp-content\/uploads\/2025\/01\/songte-chushion-collar.webp\" alt=\"Kauhan sylinteri Tota TX60C:lle\" \/><\/p>\n<h2>Turvallisuusn\u00e4k\u00f6kohdat ja ymp\u00e4rist\u00f6tekij\u00e4t<\/h2>\n<p>Kauhasylinteri\u00e4 k\u00e4ytett\u00e4ess\u00e4 on t\u00e4rke\u00e4\u00e4 noudattaa turvaohjeita vammojen, vaurioiden ja onnettomuuksien v\u00e4ltt\u00e4miseksi. N\u00e4ihin kuuluvat hydraulij\u00e4rjestelm\u00e4n puhtaana pit\u00e4minen, ylikuormituksen v\u00e4ltt\u00e4minen ja suositeltujen k\u00e4ytt\u00f6menetelmien noudattaminen.<\/p>\n<h2>Vikojen diagnosointi ja vianetsint\u00e4<\/h2>\n<p>Yleisi\u00e4 vikoja ja vianetsint\u00e4vinkkej\u00e4 k\u00e4sitell\u00e4\u00e4n alla:<\/p>\n<ul>\n<li>\n<h3>\u00d6ljyvuodot:<\/h3>\n<p> Tarkista kuluneet tai vaurioituneet tiivisteet ja vaihda ne. <\/li>\n<li>\n<h3>Hidas toiminta:<\/h3>\n<p> Tarkista, onko hydraulipaine alhainen, ja lis\u00e4\u00e4 suositeltua \u00f6ljy\u00e4. <\/li>\n<li>\n<h3>Meluisa toiminta:<\/h3>\n<p> Tarkista l\u00f6ysien osien, vaurioituneiden tiivisteiden ja kuluneiden komponenttien varalta ja vaihda ne tarvittaessa. <\/li>\n<li>\n<h3>Sylinteri ei ulotu tai vet\u00e4ydy sis\u00e4\u00e4n:<\/h3>\n<p> Tarkista, onko hydraulipaine alhainen, portit tukkeutuneet tai tiivisteet vaurioituneet, ja vaihda ne.<\/li>\n<\/ul>\n<p>Ennaltaehk\u00e4isev\u00e4t toimenpiteet, kuten s\u00e4\u00e4nn\u00f6llinen huolto, puhdistus ja asianmukainen k\u00e4ytt\u00f6, voivat v\u00e4hent\u00e4\u00e4 sylinterin vikaantumisriski\u00e4.<\/p>\n<p><img decoding=\"async\" src=\"https:\/\/www.hydraulic-cylinders.net\/wp-content\/uploads\/2025\/01\/songte-bushings-with-all-kinds-of-excavator-models.webp\" alt=\"Kauhan sylinteri Tota TX60C:lle\" \/><\/p>\n<h2>Tietoa yrityksest\u00e4mme<\/h2>\n<p>Olemme johtava hydraulisylintereiden valmistaja ja tukkumyyj\u00e4 kotimaisilla ja kansainv\u00e4lisill\u00e4 markkinoilla, ja tarjoamme laajan tuotevalikoiman. Noudatamme erinomaisen laadun periaatetta ja luotamme teollistettuihin tuotannonohjausstrategioihin hienostuneissa valmistuspajoissa. Parannamme jatkuvasti valmistusymp\u00e4rist\u00f6\u00e4mme teknisen osaamisen, digitaalisten huippuluokan valmistuslaitteiden ja ammattimaisten testausj\u00e4rjestelmien osalta. Korkean tehokkuuden, tarkkuuden ja korkean laadun periaatteilla vastaamme asiakkaidemme monipuolisiin tarpeisiin.<\/p>\n<h3>Ammattimaisuus:<\/h3>\n<p>Meill\u00e4 on eritt\u00e4in ammattitaitoinen ja kokenut tiimi, joka tarjoaa asiakkaillemme ensiluokkaisia \u200b\u200btuotteita ja palveluita.<\/p>\n<h3>Kansainv\u00e4liset sertifikaatit:<\/h3>\n<p>Tuotteemme on sertifioitu kansainv\u00e4listen standardien, kuten ISO 9001:2015, mukaisesti, ja tarjoamme asiakkaillemme laadunvarmistuksen.<\/p>\n<h3>R\u00e4\u00e4t\u00e4l\u00f6intipalvelut:<\/h3>\n<p>Tarjoamme r\u00e4\u00e4t\u00e4l\u00f6ityj\u00e4 palveluita asiakkaidemme erityistarpeiden t\u00e4ytt\u00e4miseksi.<\/p>\n<h3>Tuotantolaitteet:<\/h3>\n<p>Meill\u00e4 on k\u00e4yt\u00f6ss\u00e4mme edistyneet tuotantolaitteet ja moderni testauskeskus tuotteidemme laadun varmistamiseksi.<\/p>\n<h3>Myynnin j\u00e4lkeinen palvelu:<\/h3>\n<p>Tarjoamme luotettavaa huoltopalvelua, mukaan lukien huolto-, korjaus- ja vaihtopalvelut, varmistaaksemme tuotteidemme pitk\u00e4aikaisen suorituskyvyn.<\/p>\n<p><img decoding=\"async\" src=\"https:\/\/hzpt.com\/wp-content\/uploads\/2024\/11\/songte-company-1.webp\" alt=\"Kauhan sylinteri Tota TX60C:lle\" \/><\/p>\n<p><em>Kirjoittaja: lyl<\/em><\/p>","protected":false},"excerpt":{"rendered":"<p>Bucket Cylinder For Tota TX60C Introduction The bucket cylinder for Tota TX60C is a specialized hydraulic cylinder mainly used to control the movement of the bucket in heavy machinery such as excavators, backhoe loaders, and front loaders. Its main function is to allow the bucket to lift, lower, and tilt, making it easier to handle [&hellip;]<\/p>","protected":false},"featured_media":14787,"comment_status":"open","ping_status":"closed","template":"","meta":{"_et_pb_use_builder":"","_et_pb_old_content":"","_et_gb_content_width":""},"product_brand":[],"product_cat":[1494],"product_tag":[1495,1496],"class_list":{"0":"post-15869","1":"product","2":"type-product","3":"status-publish","4":"has-post-thumbnail","6":"product_cat-bucket-cylinders","7":"product_tag-bucket-cylinders","8":"product_tag-hydraulic-cylinders","10":"first","11":"instock","12":"shipping-taxable","13":"product-type-simple"},"amp_enabled":true,"_links":{"self":[{"href":"https:\/\/www.hydraulic-cylinders.net\/fi\/wp-json\/wp\/v2\/product\/15869","targetHints":{"allow":["GET"]}}],"collection":[{"href":"https:\/\/www.hydraulic-cylinders.net\/fi\/wp-json\/wp\/v2\/product"}],"about":[{"href":"https:\/\/www.hydraulic-cylinders.net\/fi\/wp-json\/wp\/v2\/types\/product"}],"replies":[{"embeddable":true,"href":"https:\/\/www.hydraulic-cylinders.net\/fi\/wp-json\/wp\/v2\/comments?post=15869"}],"wp:featuredmedia":[{"embeddable":true,"href":"https:\/\/www.hydraulic-cylinders.net\/fi\/wp-json\/wp\/v2\/media\/14787"}],"wp:attachment":[{"href":"https:\/\/www.hydraulic-cylinders.net\/fi\/wp-json\/wp\/v2\/media?parent=15869"}],"wp:term":[{"taxonomy":"product_brand","embeddable":true,"href":"https:\/\/www.hydraulic-cylinders.net\/fi\/wp-json\/wp\/v2\/product_brand?post=15869"},{"taxonomy":"product_cat","embeddable":true,"href":"https:\/\/www.hydraulic-cylinders.net\/fi\/wp-json\/wp\/v2\/product_cat?post=15869"},{"taxonomy":"product_tag","embeddable":true,"href":"https:\/\/www.hydraulic-cylinders.net\/fi\/wp-json\/wp\/v2\/product_tag?post=15869"}],"curies":[{"name":"wp","href":"https:\/\/api.w.org\/{rel}","templated":true}]}}