{"id":15872,"date":"2025-01-19T15:06:14","date_gmt":"2025-01-19T15:06:14","guid":{"rendered":"https:\/\/www.hydraulic-cylinders.net\/product\/bucket-cylinder-for-xinyuan-crawler-excavator-xy60-8\/"},"modified":"2025-01-19T15:06:16","modified_gmt":"2025-01-19T15:06:16","slug":"bucket-cylinder-for-xinyuan-crawler-excavator-xy60-8","status":"publish","type":"product","link":"https:\/\/www.hydraulic-cylinders.net\/fi\/tuote\/bucket-cylinder-for-xinyuan-crawler-excavator-xy60-8\/","title":{"rendered":"Kauhan sylinteri Xinyuan-telakaivukoneelle XY60-8"},"content":{"rendered":"<h1>Kauhan sylinteri Xinyuan-telakaivukoneelle XY60-8<\/h1>\n<h2>Johdanto<\/h2>\n<p>A bucket cylinder is a specialized hydraulic cylinder designed for controlling the movement of the bucket in heavy machinery such as excavators, backhoe excavators, and front-end loaders. Its main function is to enable the bucket to lift, lower, and tilt to facilitate various material handling tasks. In the hydraulic system, the bucket cylinder achieves precise control of the bucket&#8217;s movement through changes in hydraulic oil pressure, enabling operators to efficiently handle heavy loads and adapt to complex work environments and diverse operational needs.<\/p>\n<p><img decoding=\"async\" src=\"https:\/\/www.hydraulic-cylinders.net\/wp-content\/uploads\/2025\/01\/songte-company-2.webp\"><\/p>\n<h2>Ominaisuudet<\/h2>\n<ul>\n<li>Suuri lujuus ja kest\u00e4vyys: Yleens\u00e4 valmistettu eritt\u00e4in lujasta ter\u00e4ksest\u00e4 tai alumiinista, se kest\u00e4\u00e4 korkeaa painetta ja raskaita kuormia, sopeutuu vaativiin ty\u00f6ymp\u00e4rist\u00f6ihin ja on suunniteltu kulutus- ja korroosionkest\u00e4vyys mieless\u00e4 pit\u00e4en, mik\u00e4 pident\u00e4\u00e4 sen k\u00e4ytt\u00f6ik\u00e4\u00e4.<\/li>\n<li>Tehokas hydraulinen toiminta: Tasainen pidennys ja sis\u00e4\u00e4nveto saavutetaan hydrauli\u00f6ljyn paineen avulla, mik\u00e4 mahdollistaa nopean reagoinnin ohjauskomentoihin ja tarjoaa tehokkaan ty\u00f6nt\u00f6- ja vetovoiman, mik\u00e4 sopii raskaiden kuormien k\u00e4sittelyyn ja monimutkaisiin ty\u00f6teht\u00e4viin.<\/li>\n<li>Erilaisia \u200b\u200btyyppej\u00e4: Yksitoimisia (hydraulisesti vain yhteen suuntaan) tai kaksitoimisia (hydraulisesti molempiin suuntiin) sylintereit\u00e4 voidaan valita vaatimusten mukaan erilaisten k\u00e4ytt\u00f6tarpeiden t\u00e4ytt\u00e4miseksi. Jotkut mallit ovat teleskooppisia, mik\u00e4 mahdollistaa suuremman jatkeen ilman ulkomittojen kasvua, joten ne sopivat ahtaisiin sovelluksiin.<\/li>\n<li>Mukautettava: Tuotteemme voidaan t\u00e4ydellisesti korvata n\u00e4m\u00e4 hydraulisylinterit.<\/li>\n<\/ul>\n<p><img decoding=\"async\" src=\"https:\/\/www.hydraulic-cylinders.net\/wp-content\/uploads\/2025\/01\/songte-cylinder-head-with-all-kinds-excavator-models.webp\"><\/p>\n<h2>Sovellukset<\/h2>\n<p>Kauhasylinterill\u00e4 on useita sovelluksia seuraavissa rakennuslaitteissa:<\/p>\n<h3>Kaivinkoneet<\/h3>\n<p>Kauhan sylinteri mahdollistaa kaivamisen antamalla kauhan tunkeutua maaper\u00e4\u00e4n.<\/p>\n<h3>Kaivinkoneet<\/h3>\n<p>Kauhan sylinteri auttaa sek\u00e4 kaivamisessa ett\u00e4 nostamisessa.<\/p>\n<h3>Etukuormaajat<\/h3>\n<p>Kauhan sylinteri auttaa nostamaan ja kallistamaan materiaalia tehokkaasti tyhjent\u00e4en.<\/p>\n<h3>Maatalouskoneet<\/h3>\n<p>Sit\u00e4 k\u00e4ytet\u00e4\u00e4n etukuormaajissa maaper\u00e4n, hein\u00e4n ja muiden materiaalien kauhaamiseen, nostamiseen ja kuljettamiseen.<\/p>\n<p>In each application, bucket cylinders play a critical role in the machinery&#8217;s operation.<\/p>\n<h2>Suunnittelun\u00e4k\u00f6kohdat ja valintakriteerit<\/h2>\n<p>Kauhasylintereiden suunnittelussa on otettava huomioon useita tekij\u00f6it\u00e4. Seuraavassa on joitakin t\u00e4rkeimmist\u00e4 huomioitavista tekij\u00f6ist\u00e4:<\/p>\n<h3>Kantavuus<\/h3>\n<p>Kauhasylintereiden on oltava lujia ja kest\u00e4vi\u00e4 kest\u00e4m\u00e4\u00e4n k\u00e4sitelt\u00e4v\u00e4n materiaalin painon.<\/p>\n<h3>Tiivistys<\/h3>\n<p>Erilaisten tiivistyselementtien, kuten m\u00e4nn\u00e4n tiivisterenkaiden ja sylinterinvarren tiivisterenkaiden, k\u00e4ytt\u00f6, kulutusta kest\u00e4vien materiaalien, kuten polyuretaanin ja nitriilikumin, valinta tiivisteelementteihin sek\u00e4 sylinterirunkojen ja kierteiden p\u00e4iden hienok\u00e4sittely kulutuskest\u00e4vyyden parantamiseksi.<\/p>\n<h3>Kest\u00e4vyys<\/h3>\n<p>Kauhasylinterit on suunniteltava kulutus- ja korroosionkest\u00e4vyys huomioon ottaen niiden k\u00e4ytt\u00f6i\u00e4n pident\u00e4miseksi.<\/p>\n<h3>Turvallisuus<\/h3>\n<p>Kauhasylinterien on oltava suunniteltu siten, ett\u00e4 ne est\u00e4v\u00e4t vuodot ja varmistavat k\u00e4ytt\u00e4jien turvallisuuden koneen ollessa k\u00e4yt\u00f6ss\u00e4.<\/p>\n<h3>Yll\u00e4pidett\u00e4vyys<\/h3>\n<p>Kauhasylinterit on suunniteltava siten, ett\u00e4 ne voidaan helposti huoltaa ja korjata tarvittaessa.<\/p>\n<p><img decoding=\"async\" src=\"https:\/\/www.hydraulic-cylinders.net\/wp-content\/uploads\/2025\/01\/songte-oil-pipes-and-spare-parts.webp\"><\/p>\n<h2>Tiivistys ja voitelu<\/h2>\n<p>Kauhasylintereiss\u00e4 k\u00e4ytet\u00e4\u00e4n erilaisia \u200b\u200btiivistyselementtej\u00e4, kuten m\u00e4nn\u00e4n tiivisterenkaita ja varren tiivisterenkaita, jotka on valmistettu kulutusta kest\u00e4vist\u00e4 materiaaleista, kuten polyuretaanista ja nitriilikumista. Sylinterin runko ja kierrep\u00e4\u00e4t on k\u00e4sitelty niiden kulutuskest\u00e4vyyden parantamiseksi. My\u00f6s s\u00e4\u00e4nn\u00f6llinen hydrauli\u00f6ljyn lis\u00e4\u00e4minen voiteluun on tarpeen.<\/p>\n<h2>Huolto ja korjaus<\/h2>\n<p>S\u00e4\u00e4nn\u00f6llinen tarkastus, asianmukainen voitelu, tiivisteiden vaihto ja kalibrointitarkastukset ovat kauhasylinterien yleisi\u00e4 huoltoteht\u00e4vi\u00e4. Asianmukainen asennus, voitelu ja s\u00e4\u00e4t\u00f6 ovat olennaisia, ja sylinterin kohdistamiseen asennuksen aikana suositellaan oikeanlaista ohjausta. Asianmukaisten kiinnitystelineiden k\u00e4ytt\u00f6 sylinterin kiinnitt\u00e4miseksi ja suositeltujen tarkastus-, korjaus- ja vaihtomenetelmien noudattaminen voi pident\u00e4\u00e4 kauhasylinterin k\u00e4ytt\u00f6ik\u00e4\u00e4.<\/p>\n<p><img decoding=\"async\" src=\"https:\/\/www.hydraulic-cylinders.net\/wp-content\/uploads\/2025\/01\/songte-chushion-collar.webp\"><\/p>\n<h2>Turvallisuusn\u00e4k\u00f6kohdat ja ymp\u00e4rist\u00f6tekij\u00e4t<\/h2>\n<p>Kauhasylinteri on suunniteltava ja k\u00e4ytett\u00e4v\u00e4 turvallisuus mieless\u00e4 pit\u00e4en, ja k\u00e4ytt\u00e4jien on noudatettava turvallisuusprotokollia ja -ohjeita ty\u00f6skennelless\u00e4\u00e4n koneiden kanssa. Kauhasylinterit on my\u00f6s h\u00e4vitett\u00e4v\u00e4 vastuullisesti ymp\u00e4rist\u00f6lle haitallisten vaikutusten v\u00e4ltt\u00e4miseksi.<\/p>\n<h2>Vianm\u00e4\u00e4ritys ja yleiset ongelmat<\/h2>\n<p>Kauhasylintereiden yleisi\u00e4 ongelmia ovat vuodot, muodonmuutokset ja ruostuminen. Vianm\u00e4\u00e4ritysvinkit ja -ratkaisut voivat auttaa lukijoita tehokkaasti diagnosoimaan ja ratkaisemaan n\u00e4m\u00e4 ongelmat. My\u00f6s ennaltaehk\u00e4isevi\u00e4 toimenpiteit\u00e4 voidaan toteuttaa mahdollisten ongelmien minimoimiseksi.<\/p>\n<p><img decoding=\"async\" src=\"https:\/\/www.hydraulic-cylinders.net\/wp-content\/uploads\/2025\/01\/songte-bushings-with-all-kinds-of-excavator-models.webp\"><\/p>\n<h2>Tietoa yrityksest\u00e4mme<\/h2>\n<p>Valmistamme hydraulisylintereit\u00e4, jotka voivat korvata perinteiset hydraulisylinterit. Yrityksemme tarjoaa t\u00e4yden valikoiman tuotteita ja on yksi johtavista hydraulisylintereiden valmistajista ja tukkumyyjist\u00e4 kotimaisilla ja kansainv\u00e4lisill\u00e4 markkinoilla. Noudatamme erinomaisen laadun periaatteita ja luotamme teollistettuihin tuotannonohjausstrategioihin hienoissa valmistuspajoissa, joissa hy\u00f6dynnet\u00e4\u00e4n teknisi\u00e4 kykyj\u00e4, digitaalisia huippuluokan valmistuslaitteita ja ammattimaisia \u200b\u200btestausj\u00e4rjestelmi\u00e4. Parannamme jatkuvasti valmistusymp\u00e4rist\u00f6\u00e4mme ty\u00f6pajassa, parannamme tuotteiden laadun tuotantoreitti\u00e4 ja meill\u00e4 on vahvat luovat kyvyt vastata asiakkaidemme monipuolisiin tarpeisiin tehokkaalla, tarkalla ja laadukkaalla tavalla.<\/p>\n<p><img decoding=\"async\" src=\"https:\/\/hzpt.com\/wp-content\/uploads\/2024\/11\/songte-company-1.webp\"><\/p>\n<h3>Ammattimaisuus<\/h3>\n<p>Meill\u00e4 on eritt\u00e4in ammattitaitoinen ja taitava tiimi, joka pyrkii toimittamaan asiakkaillemme korkealaatuisia tuotteita.<\/p>\n<h3>Kansainv\u00e4linen sertifiointi<\/h3>\n<p>Tuotteemme ovat kansainv\u00e4listen j\u00e4rjest\u00f6jen, kuten ISO:n ja CE:n, sertifioimia.<\/p>\n<h3>R\u00e4\u00e4t\u00e4l\u00f6intipalvelut<\/h3>\n<p>Tarjoamme r\u00e4\u00e4t\u00e4l\u00f6ityj\u00e4 palveluita asiakkaidemme erityistarpeisiin.<\/p>\n<h3>Tuotantolaitteet<\/h3>\n<p>K\u00e4yt\u00e4mme tuotteidemme valmistuksessa edistyneit\u00e4 ja huippuluokan valmistuslaitteita.<\/p>\n<h3>Myynnin j\u00e4lkeinen palvelu<\/h3>\n<p>Tarjoamme erinomaista myynnin j\u00e4lkeist\u00e4 palvelua asiakastyytyv\u00e4isyyden varmistamiseksi.<\/p>\n<p>Kirjoittaja: lyl<\/p>","protected":false},"excerpt":{"rendered":"<p>Bucket Cylinder For Xinyuan Crawler Excavator XY60-8 Introduction A bucket cylinder is a specialized hydraulic cylinder designed for controlling the movement of the bucket in heavy machinery such as excavators, backhoe excavators, and front-end loaders. Its main function is to enable the bucket to lift, lower, and tilt to facilitate various material handling tasks. In [&hellip;]<\/p>","protected":false},"featured_media":14782,"comment_status":"open","ping_status":"closed","template":"","meta":{"_et_pb_use_builder":"","_et_pb_old_content":"","_et_gb_content_width":""},"product_brand":[],"product_cat":[1494],"product_tag":[1495,1496],"class_list":{"0":"post-15872","1":"product","2":"type-product","3":"status-publish","4":"has-post-thumbnail","6":"product_cat-bucket-cylinders","7":"product_tag-bucket-cylinders","8":"product_tag-hydraulic-cylinders","10":"first","11":"instock","12":"shipping-taxable","13":"product-type-simple"},"amp_enabled":true,"_links":{"self":[{"href":"https:\/\/www.hydraulic-cylinders.net\/fi\/wp-json\/wp\/v2\/product\/15872","targetHints":{"allow":["GET"]}}],"collection":[{"href":"https:\/\/www.hydraulic-cylinders.net\/fi\/wp-json\/wp\/v2\/product"}],"about":[{"href":"https:\/\/www.hydraulic-cylinders.net\/fi\/wp-json\/wp\/v2\/types\/product"}],"replies":[{"embeddable":true,"href":"https:\/\/www.hydraulic-cylinders.net\/fi\/wp-json\/wp\/v2\/comments?post=15872"}],"wp:featuredmedia":[{"embeddable":true,"href":"https:\/\/www.hydraulic-cylinders.net\/fi\/wp-json\/wp\/v2\/media\/14782"}],"wp:attachment":[{"href":"https:\/\/www.hydraulic-cylinders.net\/fi\/wp-json\/wp\/v2\/media?parent=15872"}],"wp:term":[{"taxonomy":"product_brand","embeddable":true,"href":"https:\/\/www.hydraulic-cylinders.net\/fi\/wp-json\/wp\/v2\/product_brand?post=15872"},{"taxonomy":"product_cat","embeddable":true,"href":"https:\/\/www.hydraulic-cylinders.net\/fi\/wp-json\/wp\/v2\/product_cat?post=15872"},{"taxonomy":"product_tag","embeddable":true,"href":"https:\/\/www.hydraulic-cylinders.net\/fi\/wp-json\/wp\/v2\/product_tag?post=15872"}],"curies":[{"name":"wp","href":"https:\/\/api.w.org\/{rel}","templated":true}]}}