{"id":15875,"date":"2025-01-19T15:06:26","date_gmt":"2025-01-19T15:06:26","guid":{"rendered":"https:\/\/www.hydraulic-cylinders.net\/product\/bucket-cylinder-for-xinyuan-wheel-excavator-xy75w-8-9\/"},"modified":"2025-01-19T15:06:29","modified_gmt":"2025-01-19T15:06:29","slug":"bucket-cylinder-for-xinyuan-wheel-excavator-xy75w-8-9","status":"publish","type":"product","link":"https:\/\/www.hydraulic-cylinders.net\/fi\/tuote\/bucket-cylinder-for-xinyuan-wheel-excavator-xy75w-8-9\/","title":{"rendered":"Kauhan sylinteri Xinyuan-py\u00f6r\u00e4kaivinkoneelle XY75W-8-9"},"content":{"rendered":"<h1>Kauhan sylinteri Xinyuan-py\u00f6r\u00e4kaivinkoneelle XY75W-8-9<\/h1>\n<h2>Johdanto<\/h2>\n<p>Kauhasylinteri on erityisesti suunniteltu hydraulisylinteri, jota k\u00e4ytet\u00e4\u00e4n kauhan liikkeen ohjaamiseen raskaissa koneissa, kuten kaivinkoneissa, traktorikaivureissa ja etukuormaajissa. Sen p\u00e4\u00e4teht\u00e4v\u00e4n\u00e4 on mahdollistaa kauhan nostaminen, laskeminen ja kallistaminen erilaisten materiaalien helpon k\u00e4sittelyn varmistamiseksi. Hydraulij\u00e4rjestelm\u00e4ss\u00e4 kauhasylinteri saavuttaa kauhan tarkan hallinnan muuttamalla hydrauli\u00f6ljyn painetta, jolloin k\u00e4ytt\u00e4j\u00e4t voivat k\u00e4sitell\u00e4 raskaita kuormia tehokkaasti ja sopeutua monimutkaisiin ty\u00f6ymp\u00e4rist\u00f6ihin ja erilaisiin k\u00e4ytt\u00f6vaatimuksiin.<\/p>\n<p><img decoding=\"async\" src=\"https:\/\/www.hydraulic-cylinders.net\/wp-content\/uploads\/2025\/01\/songte-company-2.webp\" alt=\"Kauhan sylinteri\"><\/p>\n<h2>Ominaisuudet<\/h2>\n<ul>\n<li>Korkea lujuus ja kest\u00e4vyys: Yleens\u00e4 valmistettu eritt\u00e4in lujasta ter\u00e4ksest\u00e4 tai alumiinista, se kest\u00e4\u00e4 korkeaa painetta ja raskaita kuormia, sopeutuu vaativiin ty\u00f6ymp\u00e4rist\u00f6ihin ja sen suunnittelussa on otettu huomioon kulutuskest\u00e4vyys ja korroosionkest\u00e4vyys k\u00e4ytt\u00f6i\u00e4n pident\u00e4miseksi.<\/li>\n<li>Tehokas hydraulinen toiminta: Sujuvat pidennys- ja sis\u00e4\u00e4nvetoliikkeet saavutetaan hy\u00f6dynt\u00e4m\u00e4ll\u00e4 hydrauli\u00f6ljyn painetta, mik\u00e4 tarjoaa tehokkaan ty\u00f6nt\u00f6- ja vetovoiman ja soveltuu raskaiden kuormien k\u00e4sittelyyn ja monimutkaisiin k\u00e4ytt\u00f6teht\u00e4viin.<\/li>\n<li>Useita tyyppej\u00e4: Yksitoimiset (hydraulisesti vain yhteen suuntaan) tai kaksitoimiset (hydraulisesti molempiin suuntiin) sylinterit voidaan valita k\u00e4ytt\u00f6tarpeiden mukaan. Jotkut mallit ovat teleskooppisia, mik\u00e4 mahdollistaa suuremman jatkeen ilman ulkomittojen kasvua, joten ne sopivat sovelluksiin, joissa on rajoitetusti tilaa. <\/li>\n<li>T\u00e4ydellinen korvaus: Tuotteemme voivat korvata n\u00e4m\u00e4 hydraulisylinterit t\u00e4ydellisesti. <\/li>\n<\/ul>\n<p><img decoding=\"async\" src=\"https:\/\/www.hydraulic-cylinders.net\/wp-content\/uploads\/2025\/01\/songte-cylinder-head-with-all-kinds-excavator-models.webp\" alt=\"Tuote\"><\/p>\n<h2>Sovellukset<\/h2>\n<p>Kauhasylinteri on t\u00e4rke\u00e4 maan tai roskien kaivamisessa, lastaamisessa ja siirt\u00e4misess\u00e4 rakennuskoneissa. Kaivinkoneissa kauhasylinterit auttavat kaivamisessa ja nostamisessa. Maatalouskoneissa niit\u00e4 k\u00e4ytet\u00e4\u00e4n etukuormaajissa maan, hein\u00e4n ja muiden materiaalien kaivamiseen, nostamiseen ja kuljetukseen. Kaivinkoneissa kauhasylinterit saavuttavat kaivutoiminnot antamalla kauhan tunkeutua maaper\u00e4\u00e4n. Etukuormaajissa ne auttavat tavaroiden tehokkaassa nostamisessa ja tyhjent\u00e4misess\u00e4.<\/p>\n<h2>Suunnittelun\u00e4k\u00f6kohdat ja valintakriteerit<\/h2>\n<ul>\n<li>Kantavuus: Sylinterin kantavuus on otettava huomioon valittaessa sopivaa sylinteri\u00e4 k\u00e4ytt\u00f6tarkoitukseen.<\/li>\n<li>Tiivistys: On k\u00e4ytett\u00e4v\u00e4 erilaisia \u200b\u200btiivistekomponentteja, kuten m\u00e4nn\u00e4ntiivisteit\u00e4 ja varren tiivisteit\u00e4. Tiivistyskomponenttien tulee olla kulutusta kest\u00e4vi\u00e4 materiaaleja, kuten polyuretaania ja nitriilikumia. Sylinterirungot ja kierteitetyt p\u00e4\u00e4typinnat on k\u00e4sitelt\u00e4v\u00e4 hienovaraisesti kulutuskest\u00e4vyyden parantamiseksi, ja hydrauliikka\u00f6ljy\u00e4 on lis\u00e4tt\u00e4v\u00e4 s\u00e4\u00e4nn\u00f6llisesti voitelua varten.<\/li>\n<li>Kest\u00e4vyys: Sylinterin suunnitteluun on kiinnitett\u00e4v\u00e4 huomiota sen kest\u00e4vyyden varmistamiseksi. Se tulisi valmistaa eritt\u00e4in lujista ja kest\u00e4vist\u00e4 materiaaleista, jotka kest\u00e4v\u00e4t kulumista, korroosiota ja muita ymp\u00e4rist\u00f6tekij\u00f6it\u00e4.<\/li>\n<li>Turvallisuus: Turvallisuuden tulisi olla keskeinen n\u00e4k\u00f6kohta suunnittelussa ja valinnassa. Sylinteri tulee suunnitella ja valita turvallisen k\u00e4yt\u00f6n takaamiseksi, ja asianmukaiset turvatoimenpiteet on otettava huomioon.<\/li>\n<li>Huolto: Huolto on otettava huomioon sylinterien suunnittelussa ja valinnassa. Sylinterit tulee suunnitella helposti huollettaviksi ja korjattaviksi, ja s\u00e4\u00e4nn\u00f6llinen huolto on suoritettava sylinterin k\u00e4ytt\u00f6i\u00e4n pident\u00e4miseksi.<\/li>\n<\/ul>\n<p><img decoding=\"async\" src=\"https:\/\/www.hydraulic-cylinders.net\/wp-content\/uploads\/2025\/01\/songte-oil-pipes-and-spare-parts.webp\" alt=\"Tuote\"><\/p>\n<h2>Huolto ja asennus<\/h2>\n<p>Seuraavat ovat kolme yleist\u00e4 huoltoteht\u00e4v\u00e4\u00e4:<\/p>\n<ol>\n<li>S\u00e4\u00e4nn\u00f6llinen tarkastus<\/li>\n<li>Oikea voitelu<\/li>\n<li>Tiivisteen vaihto ja kalibroinnin tarkistus<\/li>\n<\/ol>\n<p>Asianmukainen asennus, voitelu ja s\u00e4\u00e4t\u00f6 ovat v\u00e4ltt\u00e4m\u00e4tt\u00f6mi\u00e4 kauhan sylinterin pitk\u00e4ik\u00e4isyyden varmistamiseksi. Asennuksen aikana on huolehdittava sylinterin oikeasta kohdistuksesta ja k\u00e4ytett\u00e4v\u00e4 sopivia asennuskiinnikkeit\u00e4 sylinterin kiinnitt\u00e4miseen. Suositeltuja tarkastus-, korjaus- ja vaihtomenettelyj\u00e4 on noudatettava ja tuotteen k\u00e4ytt\u00f6i\u00e4n pident\u00e4miseksi on tarjottava kunnostuspalveluita.<\/p>\n<p><img decoding=\"async\" src=\"https:\/\/www.hydraulic-cylinders.net\/wp-content\/uploads\/2025\/01\/songte-chushion-collar.webp\" alt=\"Tuote\"><\/p>\n<h2>Turvallisuus- ja ymp\u00e4rist\u00f6n\u00e4k\u00f6kohdat<\/h2>\n<p>Kauhasylinteri\u00e4 k\u00e4ytett\u00e4ess\u00e4 on noudatettava asianmukaisia \u200b\u200bturvatoimenpiteit\u00e4 onnettomuuksien v\u00e4ltt\u00e4miseksi ja turvallisten ty\u00f6tapojen varmistamiseksi. My\u00f6s ymp\u00e4rist\u00f6tekij\u00e4t on otettava huomioon sylinteri\u00e4 valittaessa ja k\u00e4ytett\u00e4ess\u00e4 haitallisten ymp\u00e4rist\u00f6vaikutusten minimoimiseksi.<\/p>\n<h2>Diagnoosi ja vianm\u00e4\u00e4ritys<\/h2>\n<p>Seuraavassa on joitakin yleisi\u00e4 ongelmia, joita voi ilmet\u00e4 kauhan sylinteri\u00e4 k\u00e4ytett\u00e4ess\u00e4:<\/p>\n<ul>\n<li>Tiivisteen vika<\/li>\n<li>Liiallinen vuoto<\/li>\n<li>Alentunut toiminnan tehokkuus<\/li>\n<\/ul>\n<p>Ongelmien tehokkaaksi diagnosoimiseksi ja ratkaisemiseksi tulisi tarjota vianm\u00e4\u00e4ritysvinkkej\u00e4 ja -ratkaisuja, ja mahdollisten ongelmien minimoimiseksi tulisi ryhty\u00e4 ennaltaehk\u00e4iseviin toimenpiteisiin.<\/p>\n<p><img decoding=\"async\" src=\"https:\/\/www.hydraulic-cylinders.net\/wp-content\/uploads\/2025\/01\/songte-bushings-with-all-kinds-of-excavator-models.webp\" alt=\"Tuote\"><\/p>\n<h2>Tietoa yrityksest\u00e4mme<\/h2>\n<p>Olemme hydraulisten sylinterien valmistaja, joka korvaa olemassa olevia sylintereit\u00e4. Yrityksemme tarjoaa t\u00e4yden valikoiman tuotteita ja on noussut yhdeksi johtavista hydraulisten sylinterien valmistajista ja tukkumyyjist\u00e4 kotimaisilla ja ulkomaisilla markkinoilla. Keskitymme erinomaiseen laatuun, luotamme hienostuneen valmistuspajan teollistettuun tuotannonohjausstrategiaan, parannamme jatkuvasti ty\u00f6pajan valmistusalustaa, t\u00e4ydellist\u00e4mme tuotteidemme laatutuotantoreitti\u00e4 ja omaamme vahvaa luovuutta. Korkean tehokkuuden, tarkkuuden ja korkean laadun periaatteilla pyrimme vastaamaan asiakkaidemme monipuolisiin tarpeisiin.<\/p>\n<p><img decoding=\"async\" src=\"https:\/\/hzpt.com\/wp-content\/uploads\/2024\/11\/songte-company-1.webp\" alt=\"Yritys\"><\/p>\n<h3>Ammattimaisuus<\/h3>\n<p>Olemme ammattilaistiimi, joka on omistautunut tarjoamaan asiakkaillemme erinomaisia \u200b\u200btuotteita ja palveluita. Tiimiimme kuuluu insin\u00f6\u00f6rej\u00e4, teknikkoja ja muita ammattitaitoisia ammattilaisia, jotka ty\u00f6skentelev\u00e4t ahkerasti varmistaakseen, ett\u00e4 tuotteemme t\u00e4ytt\u00e4v\u00e4t korkeimmat laatu- ja luotettavuusstandardit.<\/p>\n<h3>Kansainv\u00e4liset sertifikaatit<\/h3>\n<p>Yrityksemme on saanut useita kansainv\u00e4lisi\u00e4 sertifikaatteja, kuten ISO9001, CE ja muita, varmistaakseen, ett\u00e4 tuotteemme t\u00e4ytt\u00e4v\u00e4t korkeimmat kansainv\u00e4liset standardit.<\/p>\n<h3>R\u00e4\u00e4t\u00e4l\u00f6intipalvelut<\/h3>\n<p>Tarjoamme r\u00e4\u00e4t\u00e4l\u00f6intipalveluita asiakkaidemme ainutlaatuisten tarpeiden t\u00e4ytt\u00e4miseksi. Ty\u00f6skentelemme asiakkaidemme kanssa suunnitellaksemme ja valmistaaksemme hydraulisylintereit\u00e4, jotka t\u00e4ytt\u00e4v\u00e4t heid\u00e4n erityisvaatimuksensa ja tarpeensa.<\/p>\n<h3>Tuotantolaitteet<\/h3>\n<p>Yrityksemme on investoinut voimakkaasti edistyneisiin tuotantolaitteisiin varmistaakseen, ett\u00e4 voimme valmistaa korkealaatuisia hydraulisylintereit\u00e4 nopeasti ja tehokkaasti.<\/p>\n<h3>Myynnin j\u00e4lkeinen palvelu<\/h3>\n<p>Tarjoamme erinomaista huoltopalvelua varmistaaksemme, ett\u00e4 asiakkaamme ovat tyytyv\u00e4isi\u00e4 tuotteisiimme. Tarjoamme teknist\u00e4 tukea, huoltoa, korjausta ja uudelleenrakennuspalveluita auttaaksemme asiakkaitamme saamaan kaiken irti tuotteistamme.<\/p>\n<p>Kirjoittaja: lyl.<\/p>","protected":false},"excerpt":{"rendered":"<p>Bucket Cylinder For Xinyuan Wheel Excavator XY75W-8-9 Introduction A bucket cylinder is a specially designed hydraulic cylinder used to control the movement of a bucket in heavy machinery such as excavators, backhoe excavators, and front-end loaders. Its main function is to enable the bucket to lift, lower, and tilt for easy handling of various materials. [&hellip;]<\/p>","protected":false},"featured_media":14776,"comment_status":"open","ping_status":"closed","template":"","meta":{"_et_pb_use_builder":"","_et_pb_old_content":"","_et_gb_content_width":""},"product_brand":[],"product_cat":[1494],"product_tag":[1495,1496],"class_list":{"0":"post-15875","1":"product","2":"type-product","3":"status-publish","4":"has-post-thumbnail","6":"product_cat-bucket-cylinders","7":"product_tag-bucket-cylinders","8":"product_tag-hydraulic-cylinders","10":"first","11":"instock","12":"shipping-taxable","13":"product-type-simple"},"amp_enabled":true,"_links":{"self":[{"href":"https:\/\/www.hydraulic-cylinders.net\/fi\/wp-json\/wp\/v2\/product\/15875","targetHints":{"allow":["GET"]}}],"collection":[{"href":"https:\/\/www.hydraulic-cylinders.net\/fi\/wp-json\/wp\/v2\/product"}],"about":[{"href":"https:\/\/www.hydraulic-cylinders.net\/fi\/wp-json\/wp\/v2\/types\/product"}],"replies":[{"embeddable":true,"href":"https:\/\/www.hydraulic-cylinders.net\/fi\/wp-json\/wp\/v2\/comments?post=15875"}],"wp:featuredmedia":[{"embeddable":true,"href":"https:\/\/www.hydraulic-cylinders.net\/fi\/wp-json\/wp\/v2\/media\/14776"}],"wp:attachment":[{"href":"https:\/\/www.hydraulic-cylinders.net\/fi\/wp-json\/wp\/v2\/media?parent=15875"}],"wp:term":[{"taxonomy":"product_brand","embeddable":true,"href":"https:\/\/www.hydraulic-cylinders.net\/fi\/wp-json\/wp\/v2\/product_brand?post=15875"},{"taxonomy":"product_cat","embeddable":true,"href":"https:\/\/www.hydraulic-cylinders.net\/fi\/wp-json\/wp\/v2\/product_cat?post=15875"},{"taxonomy":"product_tag","embeddable":true,"href":"https:\/\/www.hydraulic-cylinders.net\/fi\/wp-json\/wp\/v2\/product_tag?post=15875"}],"curies":[{"name":"wp","href":"https:\/\/api.w.org\/{rel}","templated":true}]}}