{"id":15883,"date":"2025-01-19T15:07:07","date_gmt":"2025-01-19T15:07:07","guid":{"rendered":"https:\/\/www.hydraulic-cylinders.net\/product\/bucket-cylinder-for-volwa-small-excavator-dls815-9\/"},"modified":"2025-01-19T15:07:09","modified_gmt":"2025-01-19T15:07:09","slug":"bucket-cylinder-for-volwa-small-excavator-dls815-9","status":"publish","type":"product","link":"https:\/\/www.hydraulic-cylinders.net\/fi\/tuote\/bucket-cylinder-for-volwa-small-excavator-dls815-9\/","title":{"rendered":"Kauhan sylinteri Volwa-kaivinkoneeseen DLS815-9"},"content":{"rendered":"<h1>Kauhan sylinteri Volwa-kaivinkoneeseen DLS815-9<\/h1>\n<h2>Johdanto<\/h2>\n<h3>Kauhan sylinterin m\u00e4\u00e4ritelm\u00e4<\/h3>\n<p>Kauhasylinteri on erityisesti suunniteltu hydraulisylinteri, jota k\u00e4ytet\u00e4\u00e4n kauhan liikkeen ohjaamiseen raskaissa koneissa, kuten kaivinkoneissa, kaivurikuormaajissa ja etukuormaajissa. Sen p\u00e4\u00e4teht\u00e4v\u00e4n\u00e4 on mahdollistaa kauhan nostaminen, laskeminen ja kallistaminen, mik\u00e4 helpottaa erilaisten materiaalink\u00e4sittelyteht\u00e4vien k\u00e4sittely\u00e4. Hydraulij\u00e4rjestelm\u00e4ss\u00e4 kauhasylinteri saavuttaa kauhan tarkan hallinnan muuttamalla hydrauli\u00f6ljyn painetta, mink\u00e4 ansiosta k\u00e4ytt\u00e4j\u00e4 voi k\u00e4sitell\u00e4 raskaita kuormia tehokkaasti, sopeutua monimutkaisiin ty\u00f6ymp\u00e4rist\u00f6ihin ja erilaisiin k\u00e4ytt\u00f6vaatimuksiin.<\/p>\n<p><img decoding=\"async\" src=\"https:\/\/www.hydraulic-cylinders.net\/wp-content\/uploads\/2025\/01\/songte-company-2.webp\"\/><\/p>\n<h3>Ominaisuudet<\/h3>\n<ul>\n<li><strong>Korkea lujuus ja kest\u00e4vyys:<\/strong> Tyypillisesti eritt\u00e4in lujasta ter\u00e4ksest\u00e4 tai alumiinista valmistettu, se kest\u00e4\u00e4 korkeaa painetta ja raskaita kuormia, sopeutuu vaativiin ty\u00f6ymp\u00e4rist\u00f6ihin ja on suunniteltu kulutus- ja korroosionkest\u00e4vyys mieless\u00e4 pit\u00e4en k\u00e4ytt\u00f6i\u00e4n pident\u00e4miseksi.<\/li>\n<li><strong>Tehokas hydraulinen k\u00e4ytt\u00f6:<\/strong> Hy\u00f6dynt\u00e4m\u00e4ll\u00e4 hydrauli\u00f6ljyn painetta tasaisen ojennuksen ja sis\u00e4\u00e4nvedon saavuttamiseksi, se reagoi nopeasti k\u00e4ytt\u00f6komentoihin, tarjoaa voimakkaita ty\u00f6nt\u00f6- ja vetovoimia ja soveltuu raskaiden kuormien k\u00e4sittelyyn ja monimutkaisiin k\u00e4ytt\u00f6teht\u00e4viin.<\/li>\n<li><strong>Erilaisia \u200b\u200btyyppej\u00e4:<\/strong> Yksitoimisia (hydraulisesti vain yhteen suuntaan) tai kaksitoimisia (hydraulisesti molempiin suuntiin) sylintereit\u00e4 voidaan valita tarpeiden mukaan erilaisten k\u00e4ytt\u00f6vaatimusten t\u00e4ytt\u00e4miseksi. Jotkut mallit ovat teleskooppisia, mik\u00e4 mahdollistaa suuremman jatkeen ilman ulkomittojen kasvua ja sopii sovelluksiin, joissa on rajoitetusti tilaa.<\/li>\n<li><strong>T\u00e4ydellinen korvaus:<\/strong> Tuotteemme voivat t\u00e4ydellisesti korvata n\u00e4m\u00e4 hydraulisylinterit.<\/li>\n<\/ul>\n<p><img decoding=\"async\" src=\"https:\/\/www.hydraulic-cylinders.net\/wp-content\/uploads\/2025\/01\/songte-cylinder-head-with-all-kinds-excavator-models.webp\"\/><\/p>\n<h2>Sovellukset<\/h2>\n<p>Kauhasylintereit\u00e4 k\u00e4ytet\u00e4\u00e4n laajalti erilaisissa koneissa, mukaan lukien:<\/p>\n<ul>\n<li><strong>Rakennuslaitteet:<\/strong> Kaivinkoneissa ne ovat kriittisi\u00e4 kaivamisessa, lastaamisessa ja maaper\u00e4n tai roskien siirt\u00e4misess\u00e4. Kaivurikuormaajissa kauhan sylinterit auttavat sek\u00e4 kaivamisessa ett\u00e4 nostamisessa. <\/li>\n<li><strong>Maatalouskoneet:<\/strong> Kaivinkoneiden kauhasylinterit mahdollistavat kaivamisen, sill\u00e4 niit\u00e4 k\u00e4ytet\u00e4\u00e4n etukuormaajissa maan, hein\u00e4n ja muiden materiaalien kauhaamiseen, nostamiseen ja kuljettamiseen. Kauhasylinterit mahdollistavat kaivamisen tunkeutumalla maaper\u00e4\u00e4n. <\/li>\n<li><strong>Kuormaajat:<\/strong> Etukuormaajissa ne auttavat tavaroiden tehokkaassa nostamisessa ja tyhjent\u00e4misess\u00e4.<\/li>\n<\/ul>\n<h2>Suunnittelun\u00e4k\u00f6kohdat ja valintakriteerit<\/h2>\n<h3>Keskeiset suunnittelun\u00e4k\u00f6kohdat<\/h3>\n<ul>\n<li><strong>Kantavuus:<\/strong> Sylinterin on kestett\u00e4v\u00e4 sovelluksessa odotettavissa olevat kuormitukset. <\/li>\n<li><strong>Tiivistys:<\/strong> Sylinterin on kyett\u00e4v\u00e4 yll\u00e4pit\u00e4m\u00e4\u00e4n painetta ja est\u00e4m\u00e4\u00e4n vuodot. <\/li>\n<li><strong>Kest\u00e4vyys:<\/strong> Sylinterin on kestett\u00e4v\u00e4 odotettu k\u00e4ytt\u00f6ik\u00e4 ja ymp\u00e4rist\u00f6olosuhteet. <\/li>\n<li><strong>Turvallisuus:<\/strong> Sylinteri on suunniteltava siten, ett\u00e4 siin\u00e4 on turvaominaisuudet, jotka est\u00e4v\u00e4t onnettomuudet. <\/li>\n<li><strong>Yll\u00e4pidett\u00e4vyys:<\/strong> Sylinterin on oltava suunniteltu helposti huollettavaksi ja korjattavaksi.<\/li>\n<\/ul>\n<p><img decoding=\"async\" src=\"https:\/\/www.hydraulic-cylinders.net\/wp-content\/uploads\/2025\/01\/songte-oil-pipes-and-spare-parts.webp\"\/><\/p>\n<h3>Tiivistys ja voitelu<\/h3>\n<p>Kauhasylintereiss\u00e4 k\u00e4ytet\u00e4\u00e4n erilaisia \u200b\u200btiivistekomponentteja, kuten m\u00e4nn\u00e4ntiivisteit\u00e4 ja varren tiivisteit\u00e4. N\u00e4m\u00e4 tiivisteet on valmistettu kulutusta kest\u00e4vist\u00e4 materiaaleista, kuten polyuretaanista ja nitriilikumista, ja sylinterin runko ja kierteitetyt p\u00e4\u00e4typinnat on hienok\u00e4sitelty kulutuskest\u00e4vyyden parantamiseksi. My\u00f6s s\u00e4\u00e4nn\u00f6llinen hydrauli\u00f6ljyn lis\u00e4\u00e4minen voiteluun on tarpeen.<\/p>\n<h3>Ennaltaehk\u00e4isev\u00e4t huoltotoimenpiteet<\/h3>\n<ul>\n<li><strong>S\u00e4\u00e4nn\u00f6llinen tarkastus:<\/strong> Tarkista sylinteri ja hydraulij\u00e4rjestelm\u00e4 s\u00e4\u00e4nn\u00f6llisesti kulumisen tai vaurioiden varalta. <\/li>\n<li><strong>Oikea voitelu:<\/strong> Varmista, ett\u00e4 sylinteri ja sen osat on voideltu asianmukaisesti. <\/li>\n<li><strong>Tiivisteen vaihto:<\/strong> Vaihda kuluneet tai vaurioituneet tiivisteet viipym\u00e4tt\u00e4 vuotojen est\u00e4miseksi. <\/li>\n<li><strong>Kalibrointitarkistus:<\/strong> Tarkista sylinterin kalibrointi varmistaaksesi, ett\u00e4 se toimii oikein. <\/li>\n<\/ul>\n<p><img decoding=\"async\" src=\"https:\/\/www.hydraulic-cylinders.net\/wp-content\/uploads\/2025\/01\/songte-chushion-collar.webp\"\/><\/p>\n<h2>Turvallisuusn\u00e4k\u00f6kohdat ja ymp\u00e4rist\u00f6tekij\u00e4t<\/h2>\n<p>Kauhasylintereit\u00e4 k\u00e4ytett\u00e4ess\u00e4 on noudatettava asianmukaisia \u200b\u200bturvatoimenpiteit\u00e4 onnettomuuksien v\u00e4ltt\u00e4miseksi. Lis\u00e4ksi on otettava huomioon ymp\u00e4rist\u00f6tekij\u00e4t ja toteutettava asianmukaiset toimenpiteet ymp\u00e4rist\u00f6vaikutusten minimoimiseksi.<\/p>\n<h2>Vianm\u00e4\u00e4ritys ja yleiset ongelmat<\/h2>\n<ul>\n<li><strong>Vuoto:<\/strong> Tarkista tiivisteet ja vaihda ne tarvittaessa.<\/li>\n<li><strong>Hidas toiminta:<\/strong> Tarkista hydraulinesteen taso ja varmista, ett\u00e4 j\u00e4rjestelm\u00e4 on asianmukaisesti voideltu.<\/li>\n<li><strong>Ep\u00e4normaali melu:<\/strong> Tarkista l\u00f6ysien tai vaurioituneiden osien varalta.<\/li>\n<\/ul>\n<p>S\u00e4\u00e4nn\u00f6llinen huolto ja tarkastus voivat auttaa ehk\u00e4isem\u00e4\u00e4n n\u00e4it\u00e4 ongelmia.<\/p>\n<p><img decoding=\"async\" src=\"https:\/\/www.hydraulic-cylinders.net\/wp-content\/uploads\/2025\/01\/songte-bushings-with-all-kinds-of-excavator-models.webp\"\/><\/p>\n<h2>Tietoa meist\u00e4<\/h2>\n<p>Olemme alkuper\u00e4isten hydraulisylinterien korvaavien hydraulisylinterien valmistaja. Yrityksemme tarjoaa t\u00e4yden valikoiman tuotteita ja on yksi johtavista hydraulisylinterien valmistajista ja tukkumyyjist\u00e4 kotimaisilla ja kansainv\u00e4lisill\u00e4 markkinoilla. Noudatamme erinomaisen laadun periaatetta, luotamme hienotuotantolaitosten teollisen tuotannon hallintastrategiaan, parannamme jatkuvasti ty\u00f6pajan valmistusalustaa, parannamme tuotteiden laatua ja meill\u00e4 on vahva luova kyky. Pyrimme parhaamme mukaan vastaamaan asiakkaiden monipuolisiin tarpeisiin korkean tehokkuuden, tarkkuuden ja korkean laadun periaatteilla.<\/p>\n<ul>\n<li><strong>Ammattimaisuus:<\/strong> Meill\u00e4 on ammattilaistiimi, jolla on runsaasti kokemusta ja tietoa hydraulisylintereiden alalta. <\/li>\n<li><strong>Kansainv\u00e4linen sertifiointi:<\/strong> Tuotteemme ovat l\u00e4p\u00e4isseet kansainv\u00e4liset sertifikaatit, kuten ISO9001 ja CE. <\/li>\n<li><strong>R\u00e4\u00e4t\u00e4l\u00f6intipalvelu:<\/strong> Voimme tarjota r\u00e4\u00e4t\u00e4l\u00f6ityj\u00e4 palveluita vastaamaan asiakkaiden erityistarpeita. <\/li>\n<li><strong>Tuotantolaitteet:<\/strong> Meill\u00e4 on edistyneet tuotantolaitteet tuotteidemme laadun varmistamiseksi. <\/li>\n<li><strong>Myynnin j\u00e4lkeinen palvelu:<\/strong> Tarjoamme erinomaista myynnin j\u00e4lkeist\u00e4 palvelua asiakastyytyv\u00e4isyyden varmistamiseksi.<\/li>\n<\/ul>\n<p><img decoding=\"async\" src=\"https:\/\/hzpt.com\/wp-content\/uploads\/2024\/11\/songte-company-1.webp\"\/><\/p>\n<p><em>Kirjoittaja: lyl<\/em><\/p>","protected":false},"excerpt":{"rendered":"<p>Bucket Cylinder For Volwa Small Excavator DLS815-9 Introduction Definition of Bucket Cylinder A bucket cylinder is a specially designed hydraulic cylinder used to control the movement of the bucket in heavy machinery such as excavators, backhoe loaders, and front loaders. Its main function is to enable the bucket to lift, lower and tilt, making it [&hellip;]<\/p>","protected":false},"featured_media":14788,"comment_status":"open","ping_status":"closed","template":"","meta":{"_et_pb_use_builder":"","_et_pb_old_content":"","_et_gb_content_width":""},"product_brand":[],"product_cat":[1494],"product_tag":[1495,1496],"class_list":{"0":"post-15883","1":"product","2":"type-product","3":"status-publish","4":"has-post-thumbnail","6":"product_cat-bucket-cylinders","7":"product_tag-bucket-cylinders","8":"product_tag-hydraulic-cylinders","10":"first","11":"instock","12":"shipping-taxable","13":"product-type-simple"},"amp_enabled":true,"_links":{"self":[{"href":"https:\/\/www.hydraulic-cylinders.net\/fi\/wp-json\/wp\/v2\/product\/15883","targetHints":{"allow":["GET"]}}],"collection":[{"href":"https:\/\/www.hydraulic-cylinders.net\/fi\/wp-json\/wp\/v2\/product"}],"about":[{"href":"https:\/\/www.hydraulic-cylinders.net\/fi\/wp-json\/wp\/v2\/types\/product"}],"replies":[{"embeddable":true,"href":"https:\/\/www.hydraulic-cylinders.net\/fi\/wp-json\/wp\/v2\/comments?post=15883"}],"wp:featuredmedia":[{"embeddable":true,"href":"https:\/\/www.hydraulic-cylinders.net\/fi\/wp-json\/wp\/v2\/media\/14788"}],"wp:attachment":[{"href":"https:\/\/www.hydraulic-cylinders.net\/fi\/wp-json\/wp\/v2\/media?parent=15883"}],"wp:term":[{"taxonomy":"product_brand","embeddable":true,"href":"https:\/\/www.hydraulic-cylinders.net\/fi\/wp-json\/wp\/v2\/product_brand?post=15883"},{"taxonomy":"product_cat","embeddable":true,"href":"https:\/\/www.hydraulic-cylinders.net\/fi\/wp-json\/wp\/v2\/product_cat?post=15883"},{"taxonomy":"product_tag","embeddable":true,"href":"https:\/\/www.hydraulic-cylinders.net\/fi\/wp-json\/wp\/v2\/product_tag?post=15883"}],"curies":[{"name":"wp","href":"https:\/\/api.w.org\/{rel}","templated":true}]}}