{"id":15888,"date":"2025-01-19T15:07:28","date_gmt":"2025-01-19T15:07:28","guid":{"rendered":"https:\/\/www.hydraulic-cylinders.net\/product\/bucket-cylinder-for-volwa-middle-excavator-dls260\/"},"modified":"2025-01-19T15:07:30","modified_gmt":"2025-01-19T15:07:30","slug":"bucket-cylinder-for-volwa-middle-excavator-dls260","status":"publish","type":"product","link":"https:\/\/www.hydraulic-cylinders.net\/fi\/tuote\/bucket-cylinder-for-volwa-middle-excavator-dls260\/","title":{"rendered":"Kauhan sylinteri Volwa Middle -kaivukoneelle DLS260"},"content":{"rendered":"<h1>Kauhan sylinteri Volwa Middle -kaivukoneelle DLS260<\/h1>\n<h2>Johdanto<\/h2>\n<p>Kauhasylinteri, joka tunnetaan my\u00f6s nimell\u00e4 kaivinkoneen sylinteri, on erityisesti suunniteltu hydraulisylinteri, jota k\u00e4ytet\u00e4\u00e4n p\u00e4\u00e4asiassa kauhan liikkeen ohjaamiseen raskaissa koneissa, kuten kaivinkoneissa, kaivurikuormaajissa ja etukuormaajissa. Sen p\u00e4\u00e4teht\u00e4v\u00e4n\u00e4 on mahdollistaa kauhan nostaminen, laskeminen ja kallistaminen, mik\u00e4 helpottaa erilaisten materiaalink\u00e4sittelyteht\u00e4vien k\u00e4sittely\u00e4. Hydraulij\u00e4rjestelm\u00e4ss\u00e4 kauhan sylinteri saavuttaa tarkan kauhan liikkeen hallinnan muuttamalla hydrauli\u00f6ljyn painetta, jolloin k\u00e4ytt\u00e4j\u00e4t voivat k\u00e4sitell\u00e4 raskaita kuormia tehokkaasti monimutkaisissa ty\u00f6ymp\u00e4rist\u00f6iss\u00e4 ja erilaisissa k\u00e4ytt\u00f6vaatimuksissa.<\/p>\n<p><img decoding=\"async\" src=\"https:\/\/www.hydraulic-cylinders.net\/wp-content\/uploads\/2025\/01\/songte-company-2.webp\"><\/p>\n<h2>Ominaisuudet<\/h2>\n<ul>\n<li>Suuri lujuus ja kest\u00e4vyys: Tyypillisesti eritt\u00e4in lujasta ter\u00e4ksest\u00e4 tai alumiinista valmistettu kauhasylinteri kest\u00e4\u00e4 korkeaa painetta ja raskaita kuormia, sopeutuu vaativiin ty\u00f6ymp\u00e4rist\u00f6ihin ja on suunniteltu kulutus- ja korroosionkest\u00e4vyysn\u00e4k\u00f6kohtia silm\u00e4ll\u00e4 pit\u00e4en, mik\u00e4 pident\u00e4\u00e4 sen k\u00e4ytt\u00f6ik\u00e4\u00e4.<\/li>\n<li>Tehokas hydraulinen toiminta: Hydrauli\u00f6ljyn paineen avulla saavutetaan tasainen laajenemis- ja supistumisliike, joten se reagoi nopeasti ohjauskomentoihin, tarjoaa tehokkaita ty\u00f6nt\u00f6- ja vetovoimia ja soveltuu raskaiden kuormien k\u00e4sittelyyn ja monimutkaisiin k\u00e4ytt\u00f6teht\u00e4viin.<\/li>\n<li>Erilaisia \u200b\u200btyyppej\u00e4: Yksitoimiset (hydraulisesti vain yhteen suuntaan) tai kaksitoimiset (hydraulisesti molempiin suuntiin) sylinterit voidaan valita k\u00e4ytt\u00f6tarpeiden mukaan. Jotkut mallit ovat teleskooppisia, mik\u00e4 mahdollistaa suuremman jatkeen ilman ulkomittojen kasvua, joten ne sopivat ahtaisiin sovelluksiin.<\/li>\n<li>Helppo asentaa ja huoltaa: Tuotteemme voivat t\u00e4ydellisesti korvata n\u00e4m\u00e4 sylinterit, ja tarjoamme varaosia ja korjauspalveluita laitteiden k\u00e4ytt\u00f6i\u00e4n pident\u00e4miseksi.<\/li>\n<\/ul>\n<p><img decoding=\"async\" src=\"https:\/\/www.hydraulic-cylinders.net\/wp-content\/uploads\/2025\/01\/songte-cylinder-head-with-all-kinds-excavator-models.webp\"><\/p>\n<h2>Sovellukset<\/h2>\n<p>Kauhasylinterill\u00e4 on laaja valikoima sovelluksia, mukaan lukien:<\/p>\n<ul>\n<li>Rakennuslaitteet: Kaivinkoneissa ne ovat v\u00e4ltt\u00e4m\u00e4tt\u00f6mi\u00e4 maanrakennuksessa, lastauksessa ja maaper\u00e4n tai roskien siirt\u00e4misess\u00e4. Kaivurikuormaajissa kauhan sylinteri auttaa sek\u00e4 kaivamisessa ett\u00e4 nostamisessa. <\/li>\n<li>Maatalouskoneet: K\u00e4ytet\u00e4\u00e4n etukuormaajiin maaper\u00e4n, hein\u00e4n ja muiden materiaalien nostamiseen, ker\u00e4\u00e4miseen ja kuljettamiseen. Kaivinkoneissa kauhan sylinteri mahdollistaa kauhan tunkeutumisen maaper\u00e4\u00e4n kaivua varten. <\/li>\n<li>Kuormaaja: Etukuormaajissa ne auttavat nostamisessa ja kallistuksessa, mik\u00e4 tekee niist\u00e4 tehokkaita lastin tyhjent\u00e4misess\u00e4. <\/li>\n<\/ul>\n<h2>Suunnittelun\u00e4k\u00f6kohdat ja valintakriteerit<\/h2>\n<ul>\n<li>Kantavuus: Kauhasylinterit on suunniteltu kest\u00e4m\u00e4\u00e4n raskaita kuormia ja korkeaa painetta, joten niiden kantavuus on olennainen niiden suorituskyvyn kannalta. <\/li>\n<li>Tiivistysominaisuudet: Hydraulinesteen vuotojen est\u00e4miseksi ja sujuvan hydraulisen toiminnan varmistamiseksi sylinteriss\u00e4 k\u00e4ytet\u00e4\u00e4n erilaisia \u200b\u200btiivistyskomponentteja, kuten m\u00e4nn\u00e4ntiivisteit\u00e4, m\u00e4nn\u00e4nvarren tiivisteit\u00e4 ja pyyhkij\u00f6it\u00e4. <\/li>\n<li>Kest\u00e4vyys: Kauhasylinterit altistuvat ankarille ymp\u00e4rist\u00f6ille ja hankaaville materiaaleille, joten ne on valmistettava kest\u00e4vist\u00e4 ja korroosionkest\u00e4vist\u00e4 materiaaleista. <\/li>\n<li>Turvallisuus: Turvallisuusn\u00e4k\u00f6kohdat ovat olennaisia \u200b\u200bkauhasylinterien turvallisen k\u00e4yt\u00f6n varmistamiseksi. Ne tulisi varustaa varoventtiileill\u00e4 ja muilla turvalaitteilla onnettomuuksien est\u00e4miseksi. <\/li>\n<li>Huolto: S\u00e4\u00e4nn\u00f6llinen huolto on v\u00e4ltt\u00e4m\u00e4t\u00f6nt\u00e4 kauhasylinterien pitk\u00e4ik\u00e4isyyden varmistamiseksi. Huoltovaatimuksiin kuuluvat s\u00e4\u00e4nn\u00f6lliset tarkastukset, asianmukainen voitelu ja kuluneiden tai vaurioituneiden osien vaihto.<\/li>\n<\/ul>\n<p><img decoding=\"async\" src=\"https:\/\/www.hydraulic-cylinders.net\/wp-content\/uploads\/2025\/01\/songte-oil-pipes-and-spare-parts.webp\"><\/p>\n<h2>Tiivistys ja voitelu<\/h2>\n<p>Kauhasylintereiss\u00e4 k\u00e4ytet\u00e4\u00e4n erilaisia \u200b\u200btiivistyskomponentteja, kuten m\u00e4nn\u00e4ntiivisteit\u00e4 ja varren tiivisteit\u00e4, hydraulinesteen vuotamisen est\u00e4miseksi. Tiivisteet on valmistettu kulutusta kest\u00e4vist\u00e4 materiaaleista, kuten polyuretaanista ja nitriilikumista. Sylinterin runko ja kierteitetty p\u00e4\u00e4typinta on hienosti k\u00e4sitelty kulutuskest\u00e4vyyden parantamiseksi. S\u00e4\u00e4nn\u00f6llinen voitelu sopivalla hydrauli\u00f6ljyll\u00e4 on v\u00e4ltt\u00e4m\u00e4t\u00f6nt\u00e4 sujuvan hydraulisen toiminnan varmistamiseksi ja sylinterin k\u00e4ytt\u00f6i\u00e4n pident\u00e4miseksi.<\/p>\n<h2>Huolto ja korjaus<\/h2>\n<p>Kauhasylinterien pitk\u00e4ik\u00e4isyyden varmistamiseksi s\u00e4\u00e4nn\u00f6llinen huolto ja korjaus ovat v\u00e4ltt\u00e4m\u00e4tt\u00f6mi\u00e4. Yleisi\u00e4 huoltoteht\u00e4vi\u00e4 ovat s\u00e4\u00e4nn\u00f6lliset tarkastukset, asianmukainen voitelu ja kuluneiden tai vaurioituneiden osien vaihto. On t\u00e4rke\u00e4\u00e4 kohdistaa sylinteri oikein asennuksen aikana, k\u00e4ytt\u00e4\u00e4 sopivia asennuskiinnikkeit\u00e4 sylinterin kiinnitt\u00e4miseen ja noudattaa suositeltuja tarkastus-, korjaus- ja vaihtomenettelyj\u00e4.<\/p>\n<p><img decoding=\"async\" src=\"https:\/\/www.hydraulic-cylinders.net\/wp-content\/uploads\/2025\/01\/songte-chushion-collar.webp\"><\/p>\n<h2>Turvallisuus- ja ymp\u00e4rist\u00f6n\u00e4k\u00f6kohdat<\/h2>\n<p>Kauhasylinterit tulee suunnitella ja asentaa turvallisuusn\u00e4k\u00f6kohdat huomioon ottaen. Onnettomuuksien est\u00e4miseksi on asennettava varoventtiilit. K\u00e4ytettyjen osien asianmukainen h\u00e4vitt\u00e4minen on olennaista ymp\u00e4rist\u00f6vahinkojen v\u00e4ltt\u00e4miseksi.<\/p>\n<h2>Yleisi\u00e4 ongelmia ja vianm\u00e4\u00e4ritys<\/h2>\n<p>Kauhasylintereiden yleisi\u00e4 ongelmia ovat vuodot, tiivisteiden vaurioituminen ja linjausvirheet. Vianm\u00e4\u00e4ritys voidaan tehd\u00e4 tarkastamalla sylinterin tiivisteet, tarkistamalla niiden oikea linjaus ja varmistamalla asianmukainen voitelu. S\u00e4\u00e4nn\u00f6llinen huolto ja kuluneiden tai vaurioituneiden osien vaihtaminen voivat est\u00e4\u00e4 mahdollisia ongelmia.<\/p>\n<p><img decoding=\"async\" src=\"https:\/\/www.hydraulic-cylinders.net\/wp-content\/uploads\/2025\/01\/songte-bushings-with-all-kinds-of-excavator-models.webp\"><\/p>\n<h2>Tietoa yrityksest\u00e4mme<\/h2>\n<p>Olemme hydraulisylinterien valmistaja, joka tarjoaa t\u00e4yden valikoiman tuotteita. T\u00e4m\u00e4 tekee meist\u00e4 yhden johtavista hydraulisylinterien valmistajista ja tukkumyyjist\u00e4 kotimaisilla ja kansainv\u00e4lisill\u00e4 markkinoilla. Noudatamme erinomaisen laadun periaatetta ja luotamme hienojen valmistuspajojen teollisen tuotannon hallintastrategiaan. Parannamme jatkuvasti valmistusymp\u00e4rist\u00f6\u00e4mme, parannamme tuotteiden laatua tuotantolinjallamme ja meill\u00e4 on vahva luova kyky vastata asiakkaidemme monipuolisiin tarpeisiin. Tarjoamme my\u00f6s ammattimaisia \u200b\u200br\u00e4\u00e4t\u00e4l\u00f6intipalveluita, ja tuotantolaitteemme ja testausj\u00e4rjestelm\u00e4mme t\u00e4ytt\u00e4v\u00e4t kansainv\u00e4liset sertifiointistandardit. Meill\u00e4 on vahva j\u00e4lkimarkkinointitiimi, joka tarjoaa asiakkaillemme oikea-aikaista ja tehokasta teknist\u00e4 tukea.<\/p>\n<p><img decoding=\"async\" src=\"https:\/\/hzpt.com\/wp-content\/uploads\/2024\/11\/songte-company-1.webp\"><\/p>\n<p>Kirjoittaja: lyl<\/p>","protected":false},"excerpt":{"rendered":"<p>Bucket Cylinder For Volwa Middle Excavator DLS260 Introduction The bucket cylinder, also known as the digger cylinder, is a specially designed hydraulic cylinder primarily used to control the movement of the bucket in heavy machinery such as excavators, backhoe loaders, and front-end loaders. Its main function is to enable the bucket to lift, lower, and [&hellip;]<\/p>","protected":false},"featured_media":14780,"comment_status":"open","ping_status":"closed","template":"","meta":{"_et_pb_use_builder":"","_et_pb_old_content":"","_et_gb_content_width":""},"product_brand":[],"product_cat":[1494],"product_tag":[1495,1496],"class_list":{"0":"post-15888","1":"product","2":"type-product","3":"status-publish","4":"has-post-thumbnail","6":"product_cat-bucket-cylinders","7":"product_tag-bucket-cylinders","8":"product_tag-hydraulic-cylinders","10":"first","11":"instock","12":"shipping-taxable","13":"product-type-simple"},"amp_enabled":true,"_links":{"self":[{"href":"https:\/\/www.hydraulic-cylinders.net\/fi\/wp-json\/wp\/v2\/product\/15888","targetHints":{"allow":["GET"]}}],"collection":[{"href":"https:\/\/www.hydraulic-cylinders.net\/fi\/wp-json\/wp\/v2\/product"}],"about":[{"href":"https:\/\/www.hydraulic-cylinders.net\/fi\/wp-json\/wp\/v2\/types\/product"}],"replies":[{"embeddable":true,"href":"https:\/\/www.hydraulic-cylinders.net\/fi\/wp-json\/wp\/v2\/comments?post=15888"}],"wp:featuredmedia":[{"embeddable":true,"href":"https:\/\/www.hydraulic-cylinders.net\/fi\/wp-json\/wp\/v2\/media\/14780"}],"wp:attachment":[{"href":"https:\/\/www.hydraulic-cylinders.net\/fi\/wp-json\/wp\/v2\/media?parent=15888"}],"wp:term":[{"taxonomy":"product_brand","embeddable":true,"href":"https:\/\/www.hydraulic-cylinders.net\/fi\/wp-json\/wp\/v2\/product_brand?post=15888"},{"taxonomy":"product_cat","embeddable":true,"href":"https:\/\/www.hydraulic-cylinders.net\/fi\/wp-json\/wp\/v2\/product_cat?post=15888"},{"taxonomy":"product_tag","embeddable":true,"href":"https:\/\/www.hydraulic-cylinders.net\/fi\/wp-json\/wp\/v2\/product_tag?post=15888"}],"curies":[{"name":"wp","href":"https:\/\/api.w.org\/{rel}","templated":true}]}}