{"id":15905,"date":"2025-01-19T15:08:44","date_gmt":"2025-01-19T15:08:44","guid":{"rendered":"https:\/\/www.hydraulic-cylinders.net\/product\/bucket-cylinder-for-volwa-cane-unloader-dls818-9a\/"},"modified":"2025-01-19T15:08:46","modified_gmt":"2025-01-19T15:08:46","slug":"bucket-cylinder-for-volwa-cane-unloader-dls818-9a","status":"publish","type":"product","link":"https:\/\/www.hydraulic-cylinders.net\/fi\/tuote\/bucket-cylinder-for-volwa-cane-unloader-dls818-9a\/","title":{"rendered":"Kauhan sylinteri Volwa Cane Unloader DLS818-9A:lle"},"content":{"rendered":"<h1>Kauhan sylinteri Volwa Cane Unloader DLS818-9A:lle<\/h1>\n<h2>Johdanto<\/h2>\n<p>Kauhasylinteri on erityisesti suunniteltu hydraulisylinteri, jota k\u00e4ytet\u00e4\u00e4n ensisijaisesti kauhan liikkeen ohjaamiseen raskaissa laitteissa, kuten kaivinkoneissa, kaivurikuormaajissa ja etukuormaajissa. Sen p\u00e4\u00e4teht\u00e4v\u00e4n\u00e4 on mahdollistaa kauhan nostaminen, laskeminen ja kallistaminen, mik\u00e4 helpottaa erilaisten materiaalink\u00e4sittelyteht\u00e4vien k\u00e4sittely\u00e4. Hydraulij\u00e4rjestelm\u00e4ss\u00e4 kauhasylinteri saavuttaa kauhan tarkan hallinnan hydrauli\u00f6ljyn paineen muutosten avulla, mink\u00e4 ansiosta k\u00e4ytt\u00e4j\u00e4t voivat k\u00e4sitell\u00e4 raskaita kuormia tehokkaasti ja sopeutua monimutkaisiin ty\u00f6ymp\u00e4rist\u00f6ihin ja erilaisiin k\u00e4ytt\u00f6tarpeisiin.<\/p>\n<p><img decoding=\"async\" src=\"https:\/\/www.hydraulic-cylinders.net\/wp-content\/uploads\/2025\/01\/songte-company-2.webp\"><\/p>\n<h2>Ominaisuudet<\/h2>\n<ul>\n<li>Suuri lujuus ja kest\u00e4vyys: Yleens\u00e4 valmistettu eritt\u00e4in lujasta ter\u00e4ksest\u00e4 tai alumiinista, se kest\u00e4\u00e4 korkeaa painetta ja raskaita kuormia, sopeutuu vaativiin ty\u00f6ymp\u00e4rist\u00f6ihin ja on suunniteltu kulutus- ja korroosionkest\u00e4vyydell\u00e4 k\u00e4ytt\u00f6i\u00e4n pident\u00e4miseksi.<\/li>\n<li>Tehokas hydraulinen toiminta: Sujuvat pidennys- ja sis\u00e4\u00e4nvetoliikkeet saavutetaan hy\u00f6dynt\u00e4m\u00e4ll\u00e4 hydrauli\u00f6ljyn painetta, mik\u00e4 tarjoaa tehokkaat ty\u00f6nt\u00f6- ja vetovoimat, jotka sopivat raskaiden kuormien k\u00e4sittelyyn ja monimutkaisiin teht\u00e4viin.<\/li>\n<li>Erilaisia \u200b\u200btyyppej\u00e4: Yksitoimiset (hydraulisesti vain yhteen suuntaan) tai kaksitoimiset (hydraulisesti molempiin suuntiin) sylinterit voidaan valita k\u00e4ytt\u00f6tarpeiden mukaan. Jotkut mallit ovat teleskooppisia, mik\u00e4 mahdollistaa suuremman jatkeen ilman ulkomittojen kasvua, joten ne sopivat sovelluksiin, joissa on rajoitetusti tilaa.<\/li>\n<li>Helppo asentaa: Tuotteemme pystyy korvaamaan n\u00e4m\u00e4 hydraulisylinterit t\u00e4ydellisesti.<\/li>\n<\/ul>\n<p><img decoding=\"async\" src=\"https:\/\/www.hydraulic-cylinders.net\/wp-content\/uploads\/2025\/01\/songte-cylinder-head-with-all-kinds-excavator-models.webp\"><\/p>\n<h2>Sovellukset<\/h2>\n<p>Kauhasylintereit\u00e4 k\u00e4ytet\u00e4\u00e4n laajalti eri teollisuudenaloilla ja laitteissa, mukaan lukien:<\/p>\n<ul>\n<li>Rakennuslaitteet: Kaivinkoneissa ne ovat kriittisi\u00e4 kaivamisessa, lastaamisessa ja maaper\u00e4n tai roskien siirt\u00e4misess\u00e4. Kaivurikuormaajissa kauhan sylinteri auttaa sek\u00e4 kaivamisessa ett\u00e4 nostamisessa. <\/li>\n<li>Maatalouskoneet: K\u00e4ytet\u00e4\u00e4n etukuormaajissa maaper\u00e4n, hein\u00e4n ja muiden materiaalien kauhaukseen, nostamiseen ja kuljettamiseen. <\/li>\n<li>Kaivinkoneet: Kauhasylinterit saavuttavat kaivutoiminnon antamalla kauhan tunkeutua maaper\u00e4\u00e4n.<\/li>\n<li>Etukuormaajat: Etukuormaajissa ne auttavat kuormien tehokkaassa nostamisessa ja kallistamisessa. <\/li>\n<\/ul>\n<h2>Suunnittelun\u00e4k\u00f6kohdat ja valintastandardit<\/h2>\n<h3>Kantavuus:<\/h3>\n<p>Kauhasylinterit on suunniteltu kest\u00e4m\u00e4\u00e4n suuria kuormia ja paineita, mik\u00e4 vaatii tarkkaa materiaalien valintaa, k\u00e4sittely\u00e4 ja testausta. Maksimaalisen kantavuuden varmistamiseksi k\u00e4yt\u00e4mme eritt\u00e4in lujia materiaaleja, kuten ter\u00e4st\u00e4 ja alumiiniseoksia, ja sylinterin rakenne on optimoitu kest\u00e4m\u00e4\u00e4n suurta kuormitusta ja painetta. <\/p>\n<h3>Tiivistys ja kest\u00e4vyys:<\/h3>\n<p>Tiivisteill\u00e4 on ratkaiseva rooli kauhasylinterien kest\u00e4vyyden ja luotettavuuden kannalta. K\u00e4yt\u00e4mme erilaisia \u200b\u200btiivistyskomponentteja, kuten m\u00e4nn\u00e4ntiivisteit\u00e4, varren tiivisteit\u00e4 ja pyyhkij\u00e4n tiivisteit\u00e4, jotka kest\u00e4v\u00e4t hankausta ja korroosiota. Sylinterien rungot ja kierteitetyt p\u00e4\u00e4typinnat on hienok\u00e4sitelty kulutuskest\u00e4vyyden parantamiseksi, ja s\u00e4\u00e4nn\u00f6llinen voitelu hydrauliikka\u00f6ljyll\u00e4 on v\u00e4ltt\u00e4m\u00e4t\u00f6nt\u00e4 tiivistyksen yll\u00e4pit\u00e4miseksi ja k\u00e4ytt\u00f6i\u00e4n pident\u00e4miseksi. <\/p>\n<p><img decoding=\"async\" src=\"https:\/\/www.hydraulic-cylinders.net\/wp-content\/uploads\/2025\/01\/songte-oil-pipes-and-spare-parts.webp\"><\/p>\n<h2>Huolto ja vianm\u00e4\u00e4ritys<\/h2>\n<h3>Huolto:<\/h3>\n<p>S\u00e4\u00e4nn\u00f6lliset tarkastukset, voitelu, tiivisteiden vaihto ja kalibrointi ovat yleisi\u00e4 huoltoteht\u00e4vi\u00e4, jotka auttavat pident\u00e4m\u00e4\u00e4n kauhasylinterien k\u00e4ytt\u00f6ik\u00e4\u00e4. Asennuksen aikana on t\u00e4rke\u00e4\u00e4 kohdistaa sylinteri oikein ja k\u00e4ytt\u00e4\u00e4 riitt\u00e4vi\u00e4 kiinnitystelineit\u00e4 sen kiinnitt\u00e4miseen. Suosittelemme suositeltujen tarkastus-, korjaus- ja vaihtomenettelyjen noudattamista optimaalisen suorituskyvyn yll\u00e4pit\u00e4miseksi, ja tarjoamme varaosia ja korjauspalveluita sylinterin k\u00e4ytt\u00f6i\u00e4n pident\u00e4miseksi.<\/p>\n<h3>Vianm\u00e4\u00e4ritys:<\/h3>\n<p>Kauhasylintereiss\u00e4 voi esiinty\u00e4 yleisi\u00e4 ongelmia, kuten vuotoja, linjausvirheit\u00e4 ja heikkoa suorituskyky\u00e4. N\u00e4iden ongelmien tehokkaan diagnosoinnin ja ratkaisemisen varmistamiseksi suosittelemme selvitt\u00e4m\u00e4\u00e4n niiden perimm\u00e4isen syyn tarkistamalla hydrauliikkaj\u00e4rjestelm\u00e4n, tiivisteiden ja sylinterirungon kulumisen ja vaurioiden varalta. Oikea linjaus ja voitelu ovat ratkaisevan t\u00e4rkeit\u00e4 n\u00e4iden ongelmien ehk\u00e4isemiseksi, ja s\u00e4\u00e4nn\u00f6llinen tarkastus ja huolto voivat auttaa havaitsemaan ongelmat ennen kuin ne pahenevat.<\/p>\n<p><img decoding=\"async\" src=\"https:\/\/www.hydraulic-cylinders.net\/wp-content\/uploads\/2025\/01\/songte-bushings-with-all-kinds-of-excavator-models.webp\"><\/p>\n<h2>Tietoa yrityksest\u00e4mme<\/h2>\n<p>Olemme johtava hydraulisten sylinterien valmistaja ja tukkumyyj\u00e4 kotimaisilla ja kansainv\u00e4lisill\u00e4 markkinoilla. Yrityksemme tarjoaa kattavan valikoiman tuotteita, noudattaa erinomaista laatua ja luottaa teollistettuihin tuotannonohjausstrategioihin hienostuneissa valmistuspajoissa. Parannamme jatkuvasti valmistusymp\u00e4rist\u00f6\u00e4mme soveltamalla teknologisia kykyj\u00e4, huippuluokan digitalisoituja valmistuslaitteita ja ammattimaisia \u200b\u200btunnistusj\u00e4rjestelmi\u00e4. Meill\u00e4 on vahvat kehitysmahdollisuudet ja noudatamme korkean tehokkuuden, tarkkuuden ja korkean laadun periaatteita vastataksemme monipuolisiin asiakastarpeisiin.<\/p>\n<p><img decoding=\"async\" src=\"https:\/\/hzpt.com\/wp-content\/uploads\/2024\/11\/songte-company-1.webp\"><\/p>\n<h3>Ammattimaisuus:<\/h3>\n<p>Asiantuntijatiimill\u00e4mme on vuosien kokemus hydraulisylintereiden valmistuksesta ja jakelusta. K\u00e4yt\u00e4mme edistynytt\u00e4 teknologiaa ja testauslaitteita varmistaaksemme tuotteidemme korkean laadun ja tarjoamme r\u00e4\u00e4t\u00e4l\u00f6intipalveluita asiakaskohtaisten tarpeiden t\u00e4ytt\u00e4miseksi.<\/p>\n<h3>Kansainv\u00e4linen sertifiointi:<\/h3>\n<p>Yrityksemme on saanut kansainv\u00e4lisi\u00e4 sertifikaatteja, kuten ISO 9001, CE ja SGS, varmistaakseen, ett\u00e4 tuotteemme ovat alan standardien ja m\u00e4\u00e4r\u00e4ysten mukaisia. <\/p>\n<h3>Tuotantolaitteet:<\/h3>\n<p>Yrityksemme on investoinut huippuluokan digitaalisiin valmistuslaitteisiin parantaakseen tuotantokapasiteettiamme ja tuotteiden laatua. <\/p>\n<h3>Myynnin j\u00e4lkeinen palvelu:<\/h3>\n<p>Tarjoamme asiakkaillemme erinomaista j\u00e4lkimarkkinointipalvelua, mukaan lukien asennusohjausta, teknist\u00e4 tukea ja takuupalveluita, varmistaaksemme, ett\u00e4 asiakkailla on vaivaton kokemus tuotteidemme kanssa.<\/p>\n<h4>Kirjoittaja: lyl<\/h4>","protected":false},"excerpt":{"rendered":"<p>Bucket Cylinder For Volwa Cane Unloader DLS818-9A Introduction A bucket cylinder is a specially designed hydraulic cylinder that is primarily used to control the movement of the bucket in heavy equipment such as excavators, backhoe loaders, and front-end loaders. Its main function is to enable the bucket to be lifted, lowered, and tilted, making it [&hellip;]<\/p>","protected":false},"featured_media":14776,"comment_status":"open","ping_status":"closed","template":"","meta":{"_et_pb_use_builder":"","_et_pb_old_content":"","_et_gb_content_width":""},"product_brand":[],"product_cat":[1494],"product_tag":[1495,1496],"class_list":{"0":"post-15905","1":"product","2":"type-product","3":"status-publish","4":"has-post-thumbnail","6":"product_cat-bucket-cylinders","7":"product_tag-bucket-cylinders","8":"product_tag-hydraulic-cylinders","10":"first","11":"instock","12":"shipping-taxable","13":"product-type-simple"},"amp_enabled":true,"_links":{"self":[{"href":"https:\/\/www.hydraulic-cylinders.net\/fi\/wp-json\/wp\/v2\/product\/15905","targetHints":{"allow":["GET"]}}],"collection":[{"href":"https:\/\/www.hydraulic-cylinders.net\/fi\/wp-json\/wp\/v2\/product"}],"about":[{"href":"https:\/\/www.hydraulic-cylinders.net\/fi\/wp-json\/wp\/v2\/types\/product"}],"replies":[{"embeddable":true,"href":"https:\/\/www.hydraulic-cylinders.net\/fi\/wp-json\/wp\/v2\/comments?post=15905"}],"wp:featuredmedia":[{"embeddable":true,"href":"https:\/\/www.hydraulic-cylinders.net\/fi\/wp-json\/wp\/v2\/media\/14776"}],"wp:attachment":[{"href":"https:\/\/www.hydraulic-cylinders.net\/fi\/wp-json\/wp\/v2\/media?parent=15905"}],"wp:term":[{"taxonomy":"product_brand","embeddable":true,"href":"https:\/\/www.hydraulic-cylinders.net\/fi\/wp-json\/wp\/v2\/product_brand?post=15905"},{"taxonomy":"product_cat","embeddable":true,"href":"https:\/\/www.hydraulic-cylinders.net\/fi\/wp-json\/wp\/v2\/product_cat?post=15905"},{"taxonomy":"product_tag","embeddable":true,"href":"https:\/\/www.hydraulic-cylinders.net\/fi\/wp-json\/wp\/v2\/product_tag?post=15905"}],"curies":[{"name":"wp","href":"https:\/\/api.w.org\/{rel}","templated":true}]}}