{"id":15906,"date":"2025-01-19T15:08:48","date_gmt":"2025-01-19T15:08:48","guid":{"rendered":"https:\/\/www.hydraulic-cylinders.net\/product\/bucket-cylinder-for-wacker-e6003\/"},"modified":"2025-01-19T15:08:53","modified_gmt":"2025-01-19T15:08:53","slug":"bucket-cylinder-for-wacker-e6003","status":"publish","type":"product","link":"https:\/\/www.hydraulic-cylinders.net\/fi\/tuote\/bucket-cylinder-for-wacker-e6003\/","title":{"rendered":"Kauhan sylinteri Wacker E6003:lle"},"content":{"rendered":"<h2>Kauhan sylinteri Wacker E6003:lle<\/h2>\n<h3>Johdanto<\/h3>\n<p>Wacker E6003:n kauhan sylinteri on erityisesti suunniteltu hydraulisylinteri, jota k\u00e4ytet\u00e4\u00e4n ensisijaisesti kauhan liikkeen ohjaamiseen raskaissa koneissa, kuten kaivinkoneissa, kaivurikuormaajissa ja etukuormaajissa. Sen p\u00e4\u00e4teht\u00e4v\u00e4n\u00e4 on mahdollistaa kauhan liikkuminen yl\u00f6s, alas ja kallistuminen, mik\u00e4 helpottaa erilaisten materiaalien kuljettamista. Hydraulij\u00e4rjestelm\u00e4ss\u00e4 kauhan sylinteri saavuttaa tarkan kauhan hallinnan hydrauli\u00f6ljyn paineen muutosten avulla, mink\u00e4 ansiosta k\u00e4ytt\u00e4j\u00e4t voivat k\u00e4sitell\u00e4 raskaita kuormia tehokkaasti, sopeutua monimutkaisiin ty\u00f6ymp\u00e4rist\u00f6ihin ja erilaisiin k\u00e4ytt\u00f6vaatimuksiin.<\/p>\n<div>\n  <img decoding=\"async\" src=\"https:\/\/www.hydraulic-cylinders.net\/wp-content\/uploads\/2025\/01\/songte-company-2.webp\" alt=\"Kauhan sylinteri Wacker E6003:lle\">\n<\/div>\n<h3>Ominaisuudet<\/h3>\n<ul>\n<li><strong>Korkea lujuus ja kest\u00e4vyys:<\/strong> Tyypillisesti eritt\u00e4in lujasta ter\u00e4ksest\u00e4 tai alumiinista valmistettu kauhasylinteri kest\u00e4\u00e4 korkeaa painetta ja raskaita kuormia. Se on suunniteltu kulutus- ja korroosionkest\u00e4vyydell\u00e4, mik\u00e4 pident\u00e4\u00e4 sen k\u00e4ytt\u00f6ik\u00e4\u00e4.<\/li>\n<li><strong>Tehokas hydraulinen k\u00e4ytt\u00f6:<\/strong> Kauhan sylinteri k\u00e4ytt\u00e4\u00e4 hydrauli\u00f6ljyn painetta tasaisen ulos- ja sis\u00e4\u00e4nvedon aikaansaamiseksi ja reagoi nopeasti ohjauskomentoihin. Se tarjoaa tehokkaan ty\u00f6nt\u00f6- ja vetovoiman, joka soveltuu raskaiden esineiden k\u00e4sittelyyn ja monimutkaisiin teht\u00e4viin.<\/li>\n<li><strong>Erilaisia \u200b\u200btyyppej\u00e4:<\/strong> Kauhasylinterit voidaan valita yksitoimisiksi (hydrauliikkaa k\u00e4ytet\u00e4\u00e4n vain yhteen suuntaan) tai kaksitoimisiksi (hydrauliikkaa k\u00e4ytet\u00e4\u00e4n molempiin suuntiin), ja saatavilla on my\u00f6s teleskooppisia malleja, jotka mahdollistavat suuremman jatkeen ilman ulkomitan kasvua ja sopivat sovelluksiin, joissa on rajoitetusti tilaa.<\/li>\n<li><strong>Vaihdettavissa:<\/strong> Kauhasylinterimme voivat t\u00e4ydellisesti korvata n\u00e4m\u00e4 hydraulisylinterit.<\/li>\n<li><strong>Mukautettava:<\/strong> Yrityksemme voi valmistaa erikokoisia ja -tyyppisi\u00e4 kauhasylintereit\u00e4 asiakkaiden vaatimusten mukaisesti.<\/li>\n<\/ul>\n<div>\n  <img decoding=\"async\" src=\"https:\/\/www.hydraulic-cylinders.net\/wp-content\/uploads\/2025\/01\/songte-cylinder-head-with-all-kinds-excavator-models.webp\" alt=\"Kauhan sylinteri Wacker E6003:lle\">\n<\/div>\n<h3>Sovellukset<\/h3>\n<p>Kauhasylinteri\u00e4 k\u00e4ytet\u00e4\u00e4n laajalti eri teollisuudenaloilla ja koneissa, kuten:<\/p>\n<ul>\n<li><strong>Rakennuslaitteet:<\/strong> Kaivinkoneissa ne ovat kriittisi\u00e4 kaivamisessa, lastaamisessa ja maaper\u00e4n tai roskien siirt\u00e4misess\u00e4. Kaivurikuormaajissa kauhan sylinteri auttaa kaivamisessa ja nostamisessa.<\/li>\n<li><strong>Maatalouskoneet:<\/strong> K\u00e4ytet\u00e4\u00e4n etukuormaajissa maaper\u00e4n, hein\u00e4n ja muiden materiaalien kauhaukseen, nostamiseen ja kuljettamiseen.<\/li>\n<li><strong>Kaivinkoneet:<\/strong> Kauhan sylinteri mahdollistaa kaivamisen, koska kauha tunkeutuu maahan.<\/li>\n<li><strong>Kuormaajat:<\/strong> Etukuormaajissa ne auttavat kuormien tehokkaassa nostamisessa ja kippaamisessa.<\/li>\n<\/ul>\n<h3>Suunnittelun\u00e4k\u00f6kohdat ja valintakriteerit<\/h3>\n<p>Kauhasylinterit on suunniteltu ottaen huomioon useita tekij\u00f6it\u00e4, kuten:<\/p>\n<ul>\n<li><strong>Kantavuus:<\/strong> Sylinterin tulee kyet\u00e4 tukemaan kuorman painoa.<\/li>\n<li><strong>Tiivistys:<\/strong> Tiivistys on ratkaisevan t\u00e4rke\u00e4\u00e4 hydrauliikka\u00f6ljyn vuotamisen est\u00e4miseksi ja sylinterin suojaamiseksi likaantumiselta.<\/li>\n<li><strong>Kest\u00e4vyys:<\/strong> Sylinterin tulee olla valmistettu korkealaatuisista materiaaleista, jotka kest\u00e4v\u00e4t ankaria olosuhteita ja joilla on pitk\u00e4 k\u00e4ytt\u00f6ik\u00e4.<\/li>\n<li><strong>Turvallisuus:<\/strong> Suunnittelussa tulisi olla turvaominaisuuksia onnettomuuksien ja loukkaantumisten ehk\u00e4isemiseksi.<\/li>\n<li><strong>Huolto:<\/strong> Sylinterin tulee olla helppo huoltaa ja korjata seisokkiaikojen minimoimiseksi.<\/li>\n<\/ul>\n<div>\n  <img decoding=\"async\" src=\"https:\/\/www.hydraulic-cylinders.net\/wp-content\/uploads\/2025\/01\/songte-oil-pipes-and-spare-parts.webp\" alt=\"Kauhan sylinteri Wacker E6003:lle\">\n<\/div>\n<h3>Tiivistys ja voitelu<\/h3>\n<p>Kauhasylintereiss\u00e4 k\u00e4ytet\u00e4\u00e4n erilaisia \u200b\u200btiivisteit\u00e4, kuten m\u00e4nn\u00e4ntiivisteit\u00e4, varren tiivisteit\u00e4 ja pyyhkij\u00e4n tiivisteit\u00e4, jotka on valmistettu kulutusta kest\u00e4vist\u00e4 materiaaleista, kuten polyuretaanista ja nitriilikumista. Sylinterin runko ja kierteiden p\u00e4\u00e4typinta on hienosti k\u00e4sitelty kulutuskest\u00e4vyyden parantamiseksi. S\u00e4\u00e4nn\u00f6llinen huolto ja asianmukainen voitelu ovat v\u00e4ltt\u00e4m\u00e4tt\u00f6mi\u00e4 sylinterin pitk\u00e4ik\u00e4isyyden ja suorituskyvyn varmistamiseksi.<\/p>\n<h3>Huolto ja korjaus<\/h3>\n<p>S\u00e4\u00e4nn\u00f6llinen tarkastus, asianmukainen voitelu, tiivisteiden vaihto ja kalibrointitarkastukset ovat kauhasylinterien yleisi\u00e4 huoltoteht\u00e4vi\u00e4. Sylinterin oikea asennus ja kohdistus ovat ratkaisevan t\u00e4rkeit\u00e4, ja sylinterin kiinnitt\u00e4miseen tulee k\u00e4ytt\u00e4\u00e4 sopivia asennuskiinnikkeit\u00e4. Suositeltuja tarkastus-, korjaus- ja vaihtomenettelyj\u00e4 on noudatettava kauhasylinterin optimaalisen k\u00e4yt\u00f6n ja pitk\u00e4n k\u00e4ytt\u00f6i\u00e4n varmistamiseksi.<\/p>\n<div>\n  <img decoding=\"async\" src=\"https:\/\/www.hydraulic-cylinders.net\/wp-content\/uploads\/2025\/01\/songte-chushion-collar.webp\" alt=\"Kauhan sylinteri Wacker E6003:lle\">\n<\/div>\n<h3>Turvallisuus- ja ymp\u00e4rist\u00f6n\u00e4k\u00f6kohdat<\/h3>\n<p>Turvatoimenpiteet ovat ratkaisevan t\u00e4rkeit\u00e4 kauhasylintereit\u00e4 k\u00e4ytett\u00e4ess\u00e4. K\u00e4ytt\u00e4jien on noudatettava asianmukaisia \u200b\u200bturvallisuusohjeita ja k\u00e4ytett\u00e4v\u00e4 asianmukaisia \u200b\u200bhenkil\u00f6nsuojaimia. My\u00f6s ymp\u00e4rist\u00f6n\u00e4k\u00f6kohdat on otettava huomioon, kuten ymp\u00e4rist\u00f6yst\u00e4v\u00e4llisen hydrauliikka\u00f6ljyn k\u00e4ytt\u00f6 ja k\u00e4ytetyn \u00f6ljyn asianmukainen h\u00e4vitt\u00e4minen.<\/p>\n<h3>Vianm\u00e4\u00e4ritys ja vianm\u00e4\u00e4ritys<\/h3>\n<p>Kauhasylintereiden yleisi\u00e4 ongelmia ovat vuodot, heikko suorituskyky ja sylinterin vaurioituminen. Lukijoiden tulisi tarjota vianm\u00e4\u00e4ritysvinkkej\u00e4 ja ratkaisuja, jotta he voivat diagnosoida ja ratkaista ongelmia tehokkaasti. My\u00f6s ennaltaehk\u00e4isevi\u00e4 toimenpiteit\u00e4 tulisi ehdottaa mahdollisten ongelmien minimoimiseksi.<\/p>\n<div>\n  <img decoding=\"async\" src=\"https:\/\/www.hydraulic-cylinders.net\/wp-content\/uploads\/2025\/01\/songte-bushings-with-all-kinds-of-excavator-models.webp\" alt=\"Kauhan sylinteri Wacker E6003:lle\">\n<\/div>\n<h3>Tietoa yrityksest\u00e4mme<\/h3>\n<p>Olemme korvaavien hydraulisylinterien valmistaja ja tarjoamme kattavan tuotevalikoiman. Olemme yksi johtavista hydraulisylinterien valmistajista ja tukkumyyjist\u00e4 kotimaisilla ja ulkomaisilla markkinoilla. Noudatamme erinomaisen laadun periaatetta ja luotamme hienomekaanisen ty\u00f6pajan teollisen tuotannon hallintastrategiaan. Yrityksemme parantaa jatkuvasti ty\u00f6pajan valmistusalustaa, hioo tuotteiden laadun tuotantoreitti\u00e4 ja meill\u00e4 on vahva luova kyky vastata asiakkaiden monipuolisiin tarpeisiin tehokkaalla, tarkalla ja laadukkaalla tavalla. <\/p>\n<p>Yrityksemme tarjoaa ammattimaisia \u200b\u200bpalveluita kansainv\u00e4lisist\u00e4 sertifioinneista r\u00e4\u00e4t\u00e4l\u00f6ityihin palveluihin, edistyneisiin tuotantolaitteisiin ja huoltopalveluihin.<\/p>\n<div>\n  <img decoding=\"async\" src=\"https:\/\/hzpt.com\/wp-content\/uploads\/2024\/11\/songte-company-1.webp\" alt=\"Kauhan sylinteri Wacker E6003:lle\">\n<\/div>\n<p>Kirjoittaja: lyl.<\/p>","protected":false},"excerpt":{"rendered":"<p>Bucket Cylinder For Wacker E6003 Introduction A bucket cylinder for Wacker E6003 is a specially designed hydraulic cylinder used primarily to control the movement of the bucket in heavy machinery such as excavators, backhoe loaders, and front loaders. Its main function is to allow the bucket to move up, down, and tilt, making it easy [&hellip;]<\/p>","protected":false},"featured_media":14773,"comment_status":"open","ping_status":"closed","template":"","meta":{"_et_pb_use_builder":"","_et_pb_old_content":"","_et_gb_content_width":""},"product_brand":[],"product_cat":[1494],"product_tag":[1495,1496],"class_list":{"0":"post-15906","1":"product","2":"type-product","3":"status-publish","4":"has-post-thumbnail","6":"product_cat-bucket-cylinders","7":"product_tag-bucket-cylinders","8":"product_tag-hydraulic-cylinders","10":"first","11":"instock","12":"shipping-taxable","13":"product-type-simple"},"amp_enabled":true,"_links":{"self":[{"href":"https:\/\/www.hydraulic-cylinders.net\/fi\/wp-json\/wp\/v2\/product\/15906","targetHints":{"allow":["GET"]}}],"collection":[{"href":"https:\/\/www.hydraulic-cylinders.net\/fi\/wp-json\/wp\/v2\/product"}],"about":[{"href":"https:\/\/www.hydraulic-cylinders.net\/fi\/wp-json\/wp\/v2\/types\/product"}],"replies":[{"embeddable":true,"href":"https:\/\/www.hydraulic-cylinders.net\/fi\/wp-json\/wp\/v2\/comments?post=15906"}],"wp:featuredmedia":[{"embeddable":true,"href":"https:\/\/www.hydraulic-cylinders.net\/fi\/wp-json\/wp\/v2\/media\/14773"}],"wp:attachment":[{"href":"https:\/\/www.hydraulic-cylinders.net\/fi\/wp-json\/wp\/v2\/media?parent=15906"}],"wp:term":[{"taxonomy":"product_brand","embeddable":true,"href":"https:\/\/www.hydraulic-cylinders.net\/fi\/wp-json\/wp\/v2\/product_brand?post=15906"},{"taxonomy":"product_cat","embeddable":true,"href":"https:\/\/www.hydraulic-cylinders.net\/fi\/wp-json\/wp\/v2\/product_cat?post=15906"},{"taxonomy":"product_tag","embeddable":true,"href":"https:\/\/www.hydraulic-cylinders.net\/fi\/wp-json\/wp\/v2\/product_tag?post=15906"}],"curies":[{"name":"wp","href":"https:\/\/api.w.org\/{rel}","templated":true}]}}