{"id":15911,"date":"2025-01-19T15:09:18","date_gmt":"2025-01-19T15:09:18","guid":{"rendered":"https:\/\/www.hydraulic-cylinders.net\/product\/bucket-cylinder-for-aotai-at80e-9\/"},"modified":"2025-01-19T15:09:20","modified_gmt":"2025-01-19T15:09:20","slug":"bucket-cylinder-for-aotai-at80e-9","status":"publish","type":"product","link":"https:\/\/www.hydraulic-cylinders.net\/fi\/tuote\/bucket-cylinder-for-aotai-at80e-9\/","title":{"rendered":"Kauhan sylinteri Aotai AT80E-9:lle"},"content":{"rendered":"<h1>Kauhan sylinteri Aotai AT80E-9:lle<\/h1>\n<h2>Johdanto<\/h2>\n<p>Kauhasylinteri on erityisesti suunniteltu hydraulisylinteri, jota k\u00e4ytet\u00e4\u00e4n kauhan liikkeen ohjaamiseen raskaissa koneissa, kuten kaivinkoneissa, kaivurikuormaajissa ja etukuormaajissa. Sen p\u00e4\u00e4teht\u00e4v\u00e4n\u00e4 on nostaa, laskea ja kallistaa kauhaa tehokkaiden materiaalink\u00e4sittelyteht\u00e4vien suorittamiseksi. Hydraulij\u00e4rjestelm\u00e4ss\u00e4 kauhasylinteri ohjaa kauhan tarkkaa liikett\u00e4 hydrauli\u00f6ljyn paineen muutosten avulla, mink\u00e4 ansiosta k\u00e4ytt\u00e4j\u00e4t voivat k\u00e4sitell\u00e4 raskaita kuormia tehokkaasti ja sopeutua monimutkaisiin ty\u00f6ymp\u00e4rist\u00f6ihin ja erilaisiin ty\u00f6vaatimuksiin.<\/p>\n<p><img decoding=\"async\" src=\"https:\/\/www.hydraulic-cylinders.net\/wp-content\/uploads\/2025\/01\/songte-company-2.webp\"><\/p>\n<h2>Ominaisuudet<\/h2>\n<ul>\n<li>\n<h3>Korkea lujuus ja kest\u00e4vyys<\/h3>\n<p>Kauhasylinterit on tyypillisesti valmistettu eritt\u00e4in lujasta ter\u00e4ksest\u00e4 tai alumiinista, jotka kest\u00e4v\u00e4t korkeaa painetta ja raskaita kuormia, ja ne on suunniteltu kulutus- ja korroosionkest\u00e4vyytt\u00e4 silm\u00e4ll\u00e4 pit\u00e4en, mik\u00e4 pident\u00e4\u00e4 niiden k\u00e4ytt\u00f6ik\u00e4\u00e4.<\/p>\n<\/li>\n<li>\n<h3>Tehokas hydraulinen k\u00e4ytt\u00f6<\/h3>\n<p>Kauhasylinterit hy\u00f6dynt\u00e4v\u00e4t hydrauli\u00f6ljyn painetta tasaisten laajenemis- ja supistumisliikkeiden saavuttamiseksi, reagoivat nopeasti ohjauskomentoihin, tarjoavat tehokkaan ty\u00f6nt\u00f6- ja vetovoiman ja soveltuvat raskaiden kuormien k\u00e4sittelyyn ja monimutkaisiin ty\u00f6teht\u00e4viin.<\/p>\n<\/li>\n<li>\n<h3>Erilaisia \u200b\u200btyyppej\u00e4<\/h3>\n<p>Kauhasylinterit voidaan valita yksitoimisiksi (hydrauli\u00f6ljy\u00e4 k\u00e4ytet\u00e4\u00e4n yhteen suuntaan) tai kaksitoimisiksi (hydrauli\u00f6ljy\u00e4 k\u00e4ytet\u00e4\u00e4n molempiin suuntiin) k\u00e4ytt\u00f6vaatimusten mukaan. Jotkut mallit ovat teleskooppisia, mik\u00e4 mahdollistaa suuremman jatkeen ilman ulkomittojen kasvua, mik\u00e4 sopii sovelluksiin, joissa on rajoitetusti tilaa.<\/p>\n<\/li>\n<li>\n<h3>T\u00e4ydellinen korvaaja hydraulisylintereille<\/h3>\n<p>Tuotteemme voivat t\u00e4ydellisesti korvata n\u00e4m\u00e4 hydraulisylinterit.<\/p>\n<p>  <img decoding=\"async\" src=\"https:\/\/www.hydraulic-cylinders.net\/wp-content\/uploads\/2025\/01\/songte-cylinder-head-with-all-kinds-excavator-models.webp\"><\/li>\n<\/ul>\n<h2>Sovellukset<\/h2>\n<p>Kauhasylinterit ovat v\u00e4ltt\u00e4m\u00e4tt\u00f6mi\u00e4 erityyppisille raskaille koneille, mukaan lukien:<\/p>\n<ul>\n<li>\n<h3>Rakennuslaitteet<\/h3>\n<p>Kaivinkoneissa kauhan sylinterit ovat ratkaisevan t\u00e4rkeit\u00e4 kaivamisessa, lastaamisessa ja maan tai roskien siirt\u00e4misess\u00e4. Kaivurikuormaajissa kauhan sylinterit auttavat sek\u00e4 kaivamisessa ett\u00e4 nostamisessa. <\/p>\n<\/li>\n<li>\n<h3>Maatalouskoneet<\/h3>\n<p>K\u00e4ytet\u00e4\u00e4n etukuormaajissa maan, hein\u00e4n ja muiden materiaalien kauhaukseen, nostamiseen ja kuljettamiseen. Kaivinkoneissa kauhan sylinterit saavuttavat kaivutoiminnon antamalla kauhan tunkeutua maahan. Etukuormaajissa ne auttavat tavaroiden tehokkaassa nostamisessa ja tyhjent\u00e4misess\u00e4.<\/p>\n<\/li>\n<\/ul>\n<h2>Suunnittelun\u00e4k\u00f6kohdat<\/h2>\n<p>Kauhasylinterien suunnittelussa on otettu huomioon useita n\u00e4k\u00f6kohtia niiden optimaalisen suorituskyvyn varmistamiseksi:<\/p>\n<ul>\n<li>\n<h3>Kantavuus<\/h3>\n<p>Kauhasylinterit on suunniteltu kest\u00e4m\u00e4\u00e4n suuria kuormia ja paineita, mik\u00e4 varmistaa niiden kantavuuden.<\/p>\n<\/li>\n<li>\n<h3>Tiivistys<\/h3>\n<p>Kauhasylintereiss\u00e4 k\u00e4ytet\u00e4\u00e4n erilaisia \u200b\u200btiivisteit\u00e4, kuten m\u00e4nn\u00e4ntiivisteit\u00e4 ja varren tiivisteit\u00e4, jotka on valmistettu kulutusta kest\u00e4vist\u00e4 materiaaleista, kuten polyuretaanista ja nitriilikumista, mik\u00e4 varmistaa niiden kest\u00e4vyyden ja tiivistyskyvyn.<\/p>\n<\/li>\n<li>\n<h3>Turvallisuus<\/h3>\n<p>Kauhasylinterit on suunniteltu turvallisuus mieless\u00e4 varmistaen k\u00e4ytt\u00e4jien ja ymp\u00e4rist\u00f6n turvallisuuden. Asianmukainen asennus ja huolto ovat ratkaisevan t\u00e4rkeit\u00e4 niiden turvallisen k\u00e4yt\u00f6n varmistamiseksi.<\/p>\n<\/li>\n<li>\n<h3>Huolto<\/h3>\n<p>Kauhasylinterit vaativat s\u00e4\u00e4nn\u00f6llist\u00e4 huoltoa optimaalisen suorituskyvyn varmistamiseksi. Huolto sis\u00e4lt\u00e4\u00e4 voitelun, tiivisteiden vaihdon ja kalibrointitarkastukset.<\/p>\n<\/li>\n<\/ul>\n<p><img decoding=\"async\" src=\"https:\/\/www.hydraulic-cylinders.net\/wp-content\/uploads\/2025\/01\/songte-oil-pipes-and-spare-parts.webp\"><\/p>\n<h2>Asennus ja huolto<\/h2>\n<p>Kauhasylinterin optimaalisen suorituskyvyn ja pitk\u00e4n k\u00e4ytt\u00f6i\u00e4n varmistamiseksi on t\u00e4rke\u00e4\u00e4 noudattaa oikeita asennus- ja huolto-ohjeita. Yleisi\u00e4 huoltoteht\u00e4vi\u00e4 ovat:<\/p>\n<ul>\n<li>\n<h3>S\u00e4\u00e4nn\u00f6llinen tarkastus<\/h3>\n<p>Sylinteri on tarkastettava s\u00e4\u00e4nn\u00f6llisesti vuotojen, naarmujen tai muiden vaurioiden varalta, jotta se on varmasti hyv\u00e4ss\u00e4 kunnossa.<\/p>\n<\/li>\n<li>\n<h3>Voitelu<\/h3>\n<p>Oikea voitelu mahdollistaa kauhan sylinterin tasaisen liikkeen ja auttaa est\u00e4m\u00e4\u00e4n kitkan aiheuttamia vaurioita.<\/p>\n<\/li>\n<li>\n<h3>Tiivisteen vaihto<\/h3>\n<p>Kuluneiden tiivisteiden vaihtaminen on ratkaisevan t\u00e4rke\u00e4\u00e4 vuotojen est\u00e4miseksi ja sylinterin optimaalisen suorituskyvyn varmistamiseksi.<\/p>\n<\/li>\n<li>\n<h3>Kohdistustarkistus<\/h3>\n<p>Kauhan sylinterin kohdistuksen tarkistaminen on t\u00e4rke\u00e4\u00e4 sen oikean toiminnan varmistamiseksi.<\/p>\n<\/li>\n<\/ul>\n<p><img decoding=\"async\" src=\"https:\/\/www.hydraulic-cylinders.net\/wp-content\/uploads\/2025\/01\/songte-chushion-collar.webp\"><\/p>\n<h2>Turvallisuus- ja ymp\u00e4rist\u00f6n\u00e4k\u00f6kohdat<\/h2>\n<p>Kauhasylinteri\u00e4 k\u00e4ytett\u00e4ess\u00e4 turvallisuus on \u00e4\u00e4rimm\u00e4isen t\u00e4rke\u00e4\u00e4. Asianmukaisia \u200b\u200basennus-, huolto- ja k\u00e4ytt\u00f6k\u00e4yt\u00e4nt\u00f6j\u00e4 on noudatettava k\u00e4ytt\u00e4jien ja ymp\u00e4rist\u00f6n turvallisuuden varmistamiseksi.<\/p>\n<p><img decoding=\"async\" src=\"https:\/\/hzpt.com\/wp-content\/uploads\/2024\/11\/songte-company-1.webp\"><\/p>\n<h2>Tietoa meist\u00e4<\/h2>\n<p>Yrityksemme valmistaa korvaavia hydraulisylintereit\u00e4 ja tarjoaa kattavan tuotevalikoiman. Olemme yksi johtavista hydraulisylintereiden valmistajista ja tukkumyyjist\u00e4 kotimaisilla ja kansainv\u00e4lisill\u00e4 markkinoilla. Tuotantopajamme noudattaa teollisen tuotannon hallintastrategiaa, joka perustuu erinomaiseen laatuun, teknologiseen osaamiseen, digitaalisiin huippuluokan valmistuslaitteisiin ja ammattimaisiin testausj\u00e4rjestelmiin. Jatkamme ty\u00f6pajan valmistusalustan parantamista, tuotteiden laadun tuotantolinjan parantamista ja meill\u00e4 on vahva luova kyky noudattaa korkean tehokkuuden, tarkkuuden ja laadun periaatteita vastataksemme asiakkaiden monipuolisiin tarpeisiin.<\/p>\n<p>Yrityksemme erinomaisia \u200b\u200bominaisuuksia ovat:<\/p>\n<ul>\n<li>\n<h3>Ammattimaisuus<\/h3>\n<p>Tiimimme koostuu korkeasti koulutetuista ja kokeneista hydraulisylintereiden ammattilaisista, mik\u00e4 varmistaa, ett\u00e4 tuotteemme t\u00e4ytt\u00e4v\u00e4t korkeimmatkin standardit.<\/p>\n<\/li>\n<li>\n<h3>Kansainv\u00e4liset sertifikaatit<\/h3>\n<p>Tuotteemme ovat l\u00e4p\u00e4isseet useita kansainv\u00e4lisi\u00e4 sertifikaatteja laadun ja turvallisuuden varmistamiseksi.<\/p>\n<\/li>\n<li>\n<h3>R\u00e4\u00e4t\u00e4l\u00f6intipalvelut<\/h3>\n<p>Tarjoamme r\u00e4\u00e4t\u00e4l\u00f6ityj\u00e4 palveluita vastaamaan asiakkaiden erityistarpeita ja -vaatimuksia.<\/p>\n<\/li>\n<li>\n<h3>Tuotantolaitteet<\/h3>\n<p>Yrityksemme k\u00e4ytt\u00e4\u00e4 huipputeknologiaa ja edistyneit\u00e4 tuotantolaitteita tuotteidemme laadun varmistamiseksi.<\/p>\n<\/li>\n<li>\n<h3>Myynnin j\u00e4lkeinen palvelu<\/h3>\n<p>Tarjoamme erinomaista myynnin j\u00e4lkeist\u00e4 palvelua ja tukea varmistaaksemme, ett\u00e4 asiakkaamme ovat tyytyv\u00e4isi\u00e4 ostoksiinsa.<\/p>\n<\/li>\n<\/ul>\n<p><img decoding=\"async\" src=\"https:\/\/www.hydraulic-cylinders.net\/wp-content\/uploads\/2025\/01\/songte-company-3.webp\"><\/p>\n<p>Kirjoittaja: lyl<\/p>","protected":false},"excerpt":{"rendered":"<p>Bucket Cylinder For Aotai AT80E-9 Introduction A bucket cylinder is a specially designed hydraulic cylinder used to control the movement of the bucket in heavy machinery such as excavators, backhoe loaders, and front loaders. Its main function is to raise, lower, and tilt the bucket for efficient material handling tasks. In the hydraulic system, the [&hellip;]<\/p>","protected":false},"featured_media":14761,"comment_status":"open","ping_status":"closed","template":"","meta":{"_et_pb_use_builder":"","_et_pb_old_content":"","_et_gb_content_width":""},"product_brand":[],"product_cat":[1494],"product_tag":[1495,1496],"class_list":{"0":"post-15911","1":"product","2":"type-product","3":"status-publish","4":"has-post-thumbnail","6":"product_cat-bucket-cylinders","7":"product_tag-bucket-cylinders","8":"product_tag-hydraulic-cylinders","10":"first","11":"instock","12":"shipping-taxable","13":"product-type-simple"},"amp_enabled":true,"_links":{"self":[{"href":"https:\/\/www.hydraulic-cylinders.net\/fi\/wp-json\/wp\/v2\/product\/15911","targetHints":{"allow":["GET"]}}],"collection":[{"href":"https:\/\/www.hydraulic-cylinders.net\/fi\/wp-json\/wp\/v2\/product"}],"about":[{"href":"https:\/\/www.hydraulic-cylinders.net\/fi\/wp-json\/wp\/v2\/types\/product"}],"replies":[{"embeddable":true,"href":"https:\/\/www.hydraulic-cylinders.net\/fi\/wp-json\/wp\/v2\/comments?post=15911"}],"wp:featuredmedia":[{"embeddable":true,"href":"https:\/\/www.hydraulic-cylinders.net\/fi\/wp-json\/wp\/v2\/media\/14761"}],"wp:attachment":[{"href":"https:\/\/www.hydraulic-cylinders.net\/fi\/wp-json\/wp\/v2\/media?parent=15911"}],"wp:term":[{"taxonomy":"product_brand","embeddable":true,"href":"https:\/\/www.hydraulic-cylinders.net\/fi\/wp-json\/wp\/v2\/product_brand?post=15911"},{"taxonomy":"product_cat","embeddable":true,"href":"https:\/\/www.hydraulic-cylinders.net\/fi\/wp-json\/wp\/v2\/product_cat?post=15911"},{"taxonomy":"product_tag","embeddable":true,"href":"https:\/\/www.hydraulic-cylinders.net\/fi\/wp-json\/wp\/v2\/product_tag?post=15911"}],"curies":[{"name":"wp","href":"https:\/\/api.w.org\/{rel}","templated":true}]}}