{"id":15913,"date":"2025-01-19T15:09:26","date_gmt":"2025-01-19T15:09:26","guid":{"rendered":"https:\/\/www.hydraulic-cylinders.net\/product\/bucket-cylinder-for-aotai-at150e-9\/"},"modified":"2025-01-19T15:09:29","modified_gmt":"2025-01-19T15:09:29","slug":"bucket-cylinder-for-aotai-at150e-9","status":"publish","type":"product","link":"https:\/\/www.hydraulic-cylinders.net\/fi\/tuote\/bucket-cylinder-for-aotai-at150e-9\/","title":{"rendered":"Kauhan sylinteri Aotai AT150E-9:lle"},"content":{"rendered":"<h1>Kauhan sylinteri Aotai AT150E-9:lle<\/h1>\n<h2>Johdanto<\/h2>\n<p>Aotai AT150E-9:n kauhan sylinteri on hydraulinen sylinteri, joka on erityisesti suunniteltu ohjaamaan kauhojen liikkeit\u00e4 raskaissa koneissa, kuten kaivinkoneissa, traktorikaivureissa ja etukuormaajissa. Sen p\u00e4\u00e4teht\u00e4v\u00e4n\u00e4 on mahdollistaa kauhojen nostaminen, laskeminen ja kallistaminen, mik\u00e4 helpottaa erilaisten materiaalink\u00e4sittelyteht\u00e4vien suorittamista. Hydraulij\u00e4rjestelm\u00e4ss\u00e4 kauhan sylinteri ohjaa kauhojen liikkeit\u00e4 tarkasti hydrauli\u00f6ljyn paineenmuutosten avulla, jolloin k\u00e4ytt\u00e4j\u00e4t voivat k\u00e4sitell\u00e4 raskaita esineit\u00e4 tehokkaasti, sopeutua monimutkaisiin ty\u00f6ymp\u00e4rist\u00f6ihin ja vaihteleviin ty\u00f6vaatimuksiin.<\/p>\n<p><img decoding=\"async\" src=\"https:\/\/www.hydraulic-cylinders.net\/wp-content\/uploads\/2025\/01\/songte-company-2.webp\" alt=\"Kauhan sylinteri Aotai AT150E-9:lle\" \/><\/p>\n<h2>Ominaisuudet<\/h2>\n<ul>\n<li>\n<h3>Korkea lujuus ja kest\u00e4vyys<\/h3>\n<p>Sylinteri on tyypillisesti valmistettu eritt\u00e4in lujasta ter\u00e4ksest\u00e4 tai alumiinista, joka kest\u00e4\u00e4 korkeaa painetta ja raskaita kuormia, ja se on suunniteltu kulutuskest\u00e4vyydell\u00e4 ja korroosionkest\u00e4vyydell\u00e4 pident\u00e4\u00e4kseen sen k\u00e4ytt\u00f6ik\u00e4\u00e4.<\/p>\n<\/li>\n<li>\n<h3>Tehokas hydraulinen k\u00e4ytt\u00f6<\/h3>\n<p>Kauhasylinteri k\u00e4ytt\u00e4\u00e4 hydrauli\u00f6ljyn painetta tasaisten ojennus- ja supistusliikkeiden saavuttamiseksi, reagoi nopeasti ohjauskomentoihin, tarjoaa tehokkaita ty\u00f6nt\u00f6- ja vetovoimia ja soveltuu raskaiden esineiden k\u00e4sittelyyn ja monimutkaisiin ty\u00f6teht\u00e4viin.<\/p>\n<\/li>\n<li>\n<h3>Erilaisia \u200b\u200btyyppej\u00e4<\/h3>\n<p>Sylinteri\u00e4 on saatavana yksitoimisena (hydraulisesti toimiva vain yhteen suuntaan) tai kaksitoimisena (hydraulisesti toimiva molempiin suuntiin) erilaisten k\u00e4ytt\u00f6tarpeiden mukaan. Jotkut mallit ovat teleskooppisia, mik\u00e4 mahdollistaa suuremman jatkeen ilman ulkomittojen kasvua, mik\u00e4 sopii sovelluksiin, joissa on rajoitetusti tilaa.<\/p>\n<\/li>\n<li>\n<h3>T\u00e4ydellinen korvaaja hydraulisylintereille<\/h3>\n<p>Tuotteemme voi t\u00e4ydellisesti korvata n\u00e4m\u00e4 hydraulisylinterit.<\/p>\n<\/li>\n<li>\n<h3>Hakemus<\/h3>\n<p>Aotai AT150E-9:n kauhan sylinteri\u00e4 k\u00e4ytet\u00e4\u00e4n erilaisissa rakennuslaitteissa, mukaan lukien:<\/p>\n<ul>\n<li>Kaivinkoneet: Kauhasylinterit mahdollistavat kaivamisen antamalla lapion tunkeutua maaper\u00e4\u00e4n.<\/li>\n<li>Etukuormaajat: Ne auttavat nostamaan ja kallistamaan kuormia tehokkaasti.<\/li>\n<li>Kaivinkoneet: Kauhasylinterit auttavat kaivamis- ja nostot\u00f6iss\u00e4.<\/li>\n<li>Maatalouskoneet: K\u00e4ytet\u00e4\u00e4n etukuormaajissa maaper\u00e4n, hein\u00e4n ja muiden materiaalien kauhaukseen, nostamiseen ja kuljettamiseen.<\/li>\n<\/ul>\n<\/li>\n<\/ul>\n<h2>Suunnittelun\u00e4k\u00f6kohdat ja valintakriteerit<\/h2>\n<ul>\n<li>\n<h3>Kantavuus<\/h3>\n<p>Sylinterin kuormankantokyky on ratkaisevan t\u00e4rke\u00e4 suunnittelukriteeri. Sen on kestett\u00e4v\u00e4 sovelluksen erityiset kuormitusvaatimukset.<\/p>\n<\/li>\n<li>\n<h3>Tiivistys ja kest\u00e4vyys<\/h3>\n<p>Sylinterin tiiviys ja kest\u00e4vyys ovat kriittisi\u00e4 tekij\u00f6it\u00e4, jotka vaikuttavat sen k\u00e4ytt\u00f6ik\u00e4\u00e4n ja suorituskykyyn. Sylinteriss\u00e4mme k\u00e4ytet\u00e4\u00e4n korkealaatuisia tiivisteit\u00e4, jotka on valmistettu kulutusta kest\u00e4vist\u00e4 materiaaleista, kuten polyuretaanista ja nitriilikumista, ja sylinterin rungon pinta on k\u00e4sitelty tarkasti kulutuskest\u00e4vyyden parantamiseksi.<\/p>\n<\/li>\n<li>\n<h3>Turvallisuus ja huolto<\/h3>\n<p>Sylinteri on suunniteltava turvallisuus ja huolto huomioon ottaen. Sylinterin on oltava helppo asentaa, huoltaa ja korjata, jotta huollon ja korjauksen aikaiset seisokkiajat ovat mahdollisimman v\u00e4h\u00e4iset.<\/p>\n<\/li>\n<li>\n<h3>Voitelu ja tiivistys<\/h3>\n<p>Sylinteriss\u00e4mme k\u00e4ytet\u00e4\u00e4n erilaisia \u200b\u200btiivisteit\u00e4, kuten m\u00e4nn\u00e4ntiivisteit\u00e4, m\u00e4nn\u00e4nvarren tiivisteit\u00e4 ja pyyhkij\u00e4n tiivisteit\u00e4, jotka on valmistettu kulutusta kest\u00e4vist\u00e4 materiaaleista, kuten polyuretaanista ja nitriilikumista. S\u00e4\u00e4nn\u00f6llinen voitelu ja tiivisteiden vaihto ovat v\u00e4ltt\u00e4m\u00e4tt\u00f6mi\u00e4 sylinterin moitteettoman toiminnan varmistamiseksi.<\/p>\n<\/li>\n<li>\n<h3>Nesteiden yhteensopivuus<\/h3>\n<p>Sylinterin tulee olla yhteensopiva hydraulij\u00e4rjestelm\u00e4ss\u00e4 k\u00e4ytett\u00e4v\u00e4n hydraulinesteen kanssa. V\u00e4\u00e4r\u00e4n tyyppisen nesteen k\u00e4ytt\u00f6 voi vahingoittaa sylinteri\u00e4 tai koko hydraulij\u00e4rjestelm\u00e4\u00e4.<\/p>\n<\/li>\n<\/ul>\n<p><img decoding=\"async\" src=\"https:\/\/www.hydraulic-cylinders.net\/wp-content\/uploads\/2025\/01\/songte-oil-pipes-and-spare-parts.webp\" alt=\"Kauhan sylinteri Aotai AT150E-9:lle\" \/><\/p>\n<h2>Huolto<\/h2>\n<p>S\u00e4\u00e4nn\u00f6lliset tarkastukset ja ennaltaehk\u00e4isev\u00e4 huolto ovat v\u00e4ltt\u00e4m\u00e4tt\u00f6mi\u00e4 kauhan sylinterin optimaalisen suorituskyvyn varmistamiseksi. Yleisi\u00e4 huoltoteht\u00e4vi\u00e4 ovat:<\/p>\n<ul>\n<li>\n<h3>S\u00e4\u00e4nn\u00f6llinen tarkastus<\/h3>\n<p>Sylinterin s\u00e4\u00e4nn\u00f6llinen tarkastus on v\u00e4ltt\u00e4m\u00e4t\u00f6nt\u00e4 kulumisen, vaurioiden tai vuotojen havaitsemiseksi. Kaikkiin ongelmiin on puututtava v\u00e4litt\u00f6m\u00e4sti lis\u00e4vaurioiden est\u00e4miseksi.<\/p>\n<\/li>\n<li>\n<h3>Oikea voitelu<\/h3>\n<p>Kauhan sylinteri vaatii s\u00e4\u00e4nn\u00f6llist\u00e4 voitelua, jotta sen liikkuvat osat toimivat oikein ja estet\u00e4\u00e4n kuluminen.<\/p>\n<\/li>\n<li>\n<h3>Tiivisteen vaihto<\/h3>\n<p>Tiivisteen vaihto on v\u00e4ltt\u00e4m\u00e4t\u00f6nt\u00e4 sylinterin tiiviyden yll\u00e4pit\u00e4miseksi ja vuotojen est\u00e4miseksi.<\/p>\n<\/li>\n<li>\n<h3>Kalibrointitarkistus<\/h3>\n<p>Sylinteri on kalibroitava s\u00e4\u00e4nn\u00f6llisesti sen varmistamiseksi, ett\u00e4 se t\u00e4ytt\u00e4\u00e4 vaaditut suorituskykystandardit.<\/p>\n<\/li>\n<\/ul>\n<p><img decoding=\"async\" src=\"https:\/\/www.hydraulic-cylinders.net\/wp-content\/uploads\/2025\/01\/songte-chushion-collar.webp\" alt=\"Kauhan sylinteri Aotai AT150E-9:lle\" \/><\/p>\n<h2>Turvallisuusn\u00e4k\u00f6kohdat ja ymp\u00e4rist\u00f6tekij\u00e4t<\/h2>\n<p>K\u00e4ytett\u00e4ess\u00e4 Aotai AT150E-9:n kauhasylinteri\u00e4 on aina noudatettava turvatoimenpiteit\u00e4 onnettomuuksien ja vammojen v\u00e4ltt\u00e4miseksi. Sylinteri\u00e4 k\u00e4ytett\u00e4ess\u00e4 on t\u00e4rke\u00e4\u00e4 ottaa huomioon ymp\u00e4rist\u00f6tekij\u00e4t, kuten l\u00e4mp\u00f6tila, kosteus ja altistuminen sy\u00f6vytt\u00e4ville aineille, jotka voivat vaikuttaa sylinterin suorituskykyyn.<\/p>\n<h2>Yleisi\u00e4 ongelmia ja vianm\u00e4\u00e4ritys<\/h2>\n<p>Seuraavassa on joitakin yleisi\u00e4 ongelmia, joita voi ilmet\u00e4 kauhan sylinteri\u00e4 k\u00e4ytett\u00e4ess\u00e4:<\/p>\n<ul>\n<li>\n<h3>Vuoto<\/h3>\n<p>Vuoto on yleinen ongelma, jonka aiheuttavat yleens\u00e4 vaurioituneet tiivisteet. Tiivisteiden vaihtaminen voi auttaa ratkaisemaan ongelman.<\/p>\n<\/li>\n<li>\n<h3>Liiallinen melu<\/h3>\n<p>Liiallinen melu voi johtua useista ongelmista, kuten vaurioituneista sis\u00e4isist\u00e4 komponenteista, alhaisesta hydraulinesteen tasosta tai tukkeutuneista suodattimista. Tarkista hydraulij\u00e4rjestelm\u00e4st\u00e4 mahdolliset ongelmat, jotka voivat aiheuttaa liiallista melua.<\/p>\n<\/li>\n<li>\n<h3>Hidas liike<\/h3>\n<p>Hidas liike johtuu yleens\u00e4 alhaisesta hydrauliikka\u00f6ljyn tasosta, tukkeutuneista suodattimista tai vaurioituneista sis\u00e4isist\u00e4 osista. Tarkista hydrauliikkaj\u00e4rjestelm\u00e4 ja vaihda kaikki vaurioituneet osat.<\/p>\n<\/li>\n<\/ul>\n<p><img decoding=\"async\" src=\"https:\/\/www.hydraulic-cylinders.net\/wp-content\/uploads\/2025\/01\/songte-bushings-with-all-kinds-of-excavator-models.webp\" alt=\"Kauhan sylinteri Aotai AT150E-9:lle\" \/><\/p>\n<h2>Tietoa yrityksest\u00e4mme<\/h2>\n<p>Olemme johtava hydraulisylintereiden valmistaja ja tukkumyyj\u00e4 kotimaisilla ja kansainv\u00e4lisill\u00e4 markkinoilla. Tuotteemme ovat erinomaista laatua ja noudatamme tarkkoja valmistuksen hallintastrategioita. Luotamme eritt\u00e4in ammattitaitoisiin teknikkoihin, huippuluokan digitaalisiin valmistuslaitteisiin ja ammattimaiseen testausj\u00e4rjestelm\u00e4\u00e4n valmistaaksemme sylintereit\u00e4, jotka vastaavat asiakkaidemme monipuolisiin tarpeisiin. Tarjoamme r\u00e4\u00e4t\u00e4l\u00f6ityj\u00e4 palveluita, tuotantolaitteita ja j\u00e4lkimarkkinointipalveluita varmistaaksemme, ett\u00e4 asiakkaamme saavat parhaan hy\u00f6dyn investoinnistaan.<\/p>\n<ul>\n<li>\n<h3>Erikoistuminen ja kansainv\u00e4linen sertifiointi<\/h3>\n<p>Yrityksemme on erikoistunut erilaisten hydraulisylintereiden valmistukseen, ja tuotteet t\u00e4ytt\u00e4v\u00e4t kansainv\u00e4liset laatustandardit, kuten ISO, CE ja SGS.<\/p>\n<\/li>\n<li>\n<h3>R\u00e4\u00e4t\u00e4l\u00f6idyt palvelut<\/h3>\n<p>Tarjoamme r\u00e4\u00e4t\u00e4l\u00f6ityj\u00e4 palveluita asiakkaidemme erityisvaatimusten perusteella ja tarjoamme heille r\u00e4\u00e4t\u00e4l\u00f6ityj\u00e4 hydraulisylintereit\u00e4 heid\u00e4n ainutlaatuisiin tarpeisiinsa.<\/p>\n<\/li>\n<li>\n<h3>Tuotantolaitteet ja j\u00e4lkimarkkinointipalvelut<\/h3>\n<p>Meill\u00e4 on huippuluokan tuotantolaitteet ja ammattitaitoinen j\u00e4lkimarkkinointitiimi, joka tarjoaa asiakkaillemme oikea-aikaista ja tehokasta tukea.<\/p>\n<\/li>\n<\/ul>\n<p><img decoding=\"async\" src=\"https:\/\/hzpt.com\/wp-content\/uploads\/2024\/11\/songte-company-1.webp\" alt=\"Kauhan sylinteri Aotai AT150E-9:lle\" \/><\/p>\n<p><em>Kirjoittaja: lyl<\/em><\/p>","protected":false},"excerpt":{"rendered":"<p>Bucket Cylinder For Aotai AT150E-9 Introduction The Bucket Cylinder for Aotai AT150E-9 is a hydraulic cylinder specifically designed to control the movement of shovels in heavy machinery such as excavators, backhoe excavators, and front-loaders. Its main function is to enable the shovel to lift, lower, and tilt, making it easier to perform various material handling [&hellip;]<\/p>","protected":false},"featured_media":14788,"comment_status":"open","ping_status":"closed","template":"","meta":{"_et_pb_use_builder":"","_et_pb_old_content":"","_et_gb_content_width":""},"product_brand":[],"product_cat":[1494],"product_tag":[1495,1496],"class_list":{"0":"post-15913","1":"product","2":"type-product","3":"status-publish","4":"has-post-thumbnail","6":"product_cat-bucket-cylinders","7":"product_tag-bucket-cylinders","8":"product_tag-hydraulic-cylinders","10":"first","11":"instock","12":"shipping-taxable","13":"product-type-simple"},"amp_enabled":true,"_links":{"self":[{"href":"https:\/\/www.hydraulic-cylinders.net\/fi\/wp-json\/wp\/v2\/product\/15913","targetHints":{"allow":["GET"]}}],"collection":[{"href":"https:\/\/www.hydraulic-cylinders.net\/fi\/wp-json\/wp\/v2\/product"}],"about":[{"href":"https:\/\/www.hydraulic-cylinders.net\/fi\/wp-json\/wp\/v2\/types\/product"}],"replies":[{"embeddable":true,"href":"https:\/\/www.hydraulic-cylinders.net\/fi\/wp-json\/wp\/v2\/comments?post=15913"}],"wp:featuredmedia":[{"embeddable":true,"href":"https:\/\/www.hydraulic-cylinders.net\/fi\/wp-json\/wp\/v2\/media\/14788"}],"wp:attachment":[{"href":"https:\/\/www.hydraulic-cylinders.net\/fi\/wp-json\/wp\/v2\/media?parent=15913"}],"wp:term":[{"taxonomy":"product_brand","embeddable":true,"href":"https:\/\/www.hydraulic-cylinders.net\/fi\/wp-json\/wp\/v2\/product_brand?post=15913"},{"taxonomy":"product_cat","embeddable":true,"href":"https:\/\/www.hydraulic-cylinders.net\/fi\/wp-json\/wp\/v2\/product_cat?post=15913"},{"taxonomy":"product_tag","embeddable":true,"href":"https:\/\/www.hydraulic-cylinders.net\/fi\/wp-json\/wp\/v2\/product_tag?post=15913"}],"curies":[{"name":"wp","href":"https:\/\/api.w.org\/{rel}","templated":true}]}}