{"id":15916,"date":"2025-01-19T15:09:39","date_gmt":"2025-01-19T15:09:39","guid":{"rendered":"https:\/\/www.hydraulic-cylinders.net\/product\/bucket-cylinder-for-atlas-3306lc\/"},"modified":"2025-01-19T15:09:41","modified_gmt":"2025-01-19T15:09:41","slug":"bucket-cylinder-for-atlas-3306lc","status":"publish","type":"product","link":"https:\/\/www.hydraulic-cylinders.net\/fi\/tuote\/bucket-cylinder-for-atlas-3306lc\/","title":{"rendered":"Kauhan sylinteri Atlas 3306LC:lle"},"content":{"rendered":"<h1>Kauhan sylinteri Atlas 3306LC:lle<\/h1>\n<h2>Johdanto<\/h2>\n<p>Kauhasylinteri, joka tunnetaan my\u00f6s hydraulisylinterin\u00e4, on erikoistyyppinen sylinteri, jota k\u00e4ytet\u00e4\u00e4n p\u00e4\u00e4asiassa kaivurin, traktorikuormaajan ja etukuormaajan kaltaisten raskaiden koneiden kauhan liikkeen ohjaamiseen. Sen p\u00e4\u00e4teht\u00e4v\u00e4n\u00e4 on mahdollistaa kauhan nostaminen, laskeminen ja kallistaminen, mik\u00e4 helpottaa erilaisten materiaalink\u00e4sittelyteht\u00e4vien suorittamista. Hydraulij\u00e4rjestelm\u00e4ss\u00e4 kauhan sylinteri ohjaa tarkasti kauhan liikett\u00e4 hydrauli\u00f6ljyn paineen muutosten avulla, jolloin k\u00e4ytt\u00e4j\u00e4t voivat k\u00e4sitell\u00e4 raskaita kuormia tehokkaasti ja sopeutua monimutkaisiin ty\u00f6ymp\u00e4rist\u00f6ihin ja erilaisiin k\u00e4ytt\u00f6tarpeisiin.<\/p>\n<p><img decoding=\"async\" src=\"https:\/\/www.hydraulic-cylinders.net\/wp-content\/uploads\/2025\/01\/songte-company-2.webp\"><\/p>\n<h2>Ominaisuudet<\/h2>\n<ul>\n<li>Korkea lujuus ja kest\u00e4vyys: Kauhasylinteri on tyypillisesti valmistettu eritt\u00e4in lujasta ter\u00e4ksest\u00e4 tai alumiinista, ja se kest\u00e4\u00e4 korkeaa painetta ja raskaita kuormia, joten se sopii vaativiin ty\u00f6ymp\u00e4rist\u00f6ihin. Sen suunnittelussa on otettu huomioon kulumiskest\u00e4vyys ja korroosionkest\u00e4vyys k\u00e4ytt\u00f6i\u00e4n pident\u00e4miseksi.<\/li>\n<li>Tehokas hydraulinen toiminta: Kauhasylinteri k\u00e4ytt\u00e4\u00e4 hydrauli\u00f6ljyn painetta tasaisen laajenemisen ja supistumisen aikaansaamiseksi, jolloin se reagoi ohjauskomentoihin nopeasti ja tarjoaa tehokkaan ty\u00f6nt\u00f6- ja vetovoiman, mik\u00e4 sopii raskaiden kuormien k\u00e4sittelyyn ja monimutkaisiin teht\u00e4viin.<\/li>\n<li>Erilaisia \u200b\u200btyyppej\u00e4: Yksitoimisia (hydraulista painetta vain yhteen suuntaan) tai kaksitoimisia (hydraulista painetta molempiin suuntiin) sylintereit\u00e4 voidaan valita vaatimusten mukaan erilaisten k\u00e4ytt\u00f6tarpeiden t\u00e4ytt\u00e4miseksi. Jotkut mallit ovat teleskooppisia, mik\u00e4 mahdollistaa suuremman jatkeen ilman ulkomittojen kasvua, mik\u00e4 sopii sovelluksiin, joissa on rajoitetusti tilaa.<\/li>\n<li>Helppo vaihto: Tuotteemme voi t\u00e4ydellisesti korvata n\u00e4m\u00e4 hydraulisylinterit.<\/li>\n<\/ul>\n<p><img decoding=\"async\" src=\"https:\/\/www.hydraulic-cylinders.net\/wp-content\/uploads\/2025\/01\/songte-cylinder-head-with-all-kinds-excavator-models.webp\"><\/p>\n<h2>Sovellukset<\/h2>\n<ul>\n<li>Rakennuslaitteet: Kaivinkoneissa niiden on havaittu olevan kriittisi\u00e4 kaivamisessa, lastaamisessa ja maaper\u00e4n tai roskien siirt\u00e4misess\u00e4. Kaivurikuormaajissa kauhan sylinteri auttaa sek\u00e4 kaivamisessa ett\u00e4 nostamisessa. <\/li>\n<li>Maatalouskoneet: K\u00e4ytet\u00e4\u00e4n etukuormaajissa maaper\u00e4n, hein\u00e4n ja muiden materiaalien kauhaukseen, nostamiseen ja kuljettamiseen. <\/li>\n<li>Kaivinkoneet: Kauhan sylinteri saavuttaa kaivutoiminnon antamalla kauhan tunkeutua maaper\u00e4\u00e4n. <\/li>\n<li>Kuormaajat: Etukuormaajissa ne auttavat tavaroiden tehokkaassa nostamisessa ja kippaamisessa.<\/li>\n<\/ul>\n<p>N\u00e4it\u00e4 sovelluksia kuvataan yksityiskohtaisesti alla:<\/p>\n<h3>Rakennuslaitteet<\/h3>\n<p>Kaivinkoneissa kauhan sylinterit ovat v\u00e4ltt\u00e4m\u00e4tt\u00f6mi\u00e4 maan tai roskien kaivamiseen, lastaamiseen ja siirt\u00e4miseen. Ne auttavat parantamaan kaivuty\u00f6n tehokkuutta lis\u00e4\u00e4m\u00e4ll\u00e4 kauhan tehoa ja joustavuutta. Kaivurikuormaajissa kauhan sylinteri on ratkaisevan t\u00e4rke\u00e4 sek\u00e4 kaivamisessa ett\u00e4 nostamisessa. Se edist\u00e4\u00e4 koneen ohjattavuutta ja monipuolisuutta, mik\u00e4 helpottaa ty\u00f6skentely\u00e4 erilaisissa ymp\u00e4rist\u00f6iss\u00e4.<\/p>\n<h3>Maatalouskoneet<\/h3>\n<p>Kauhasylinterit ovat hy\u00f6dyllisi\u00e4 etukuormaajissa maaper\u00e4n, hein\u00e4n ja muiden materiaalien kauhaamiseen, nostamiseen ja kuljettamiseen. Niit\u00e4 k\u00e4ytet\u00e4\u00e4n maatalouskoneissa auttamaan maanviljelij\u00f6it\u00e4 suorittamaan ty\u00f6ns\u00e4 nopeasti ja tehokkaasti. <\/p>\n<h3>Kaivinkoneet<\/h3>\n<p>Kauhan sylinteri on kaivinkoneen t\u00e4rke\u00e4 osa. Sen avulla kauha tunkeutuu maahan ja helpottaa materiaalien nostamista, nostamista ja kuljetusta. <\/p>\n<h3>Kuormaajat<\/h3>\n<p>Etukuormaajissa kauhasylintereit\u00e4 k\u00e4ytet\u00e4\u00e4n tavaroiden tehokkaaseen nostamiseen ja kippaamiseen. Niiden avulla kuormaaja voi k\u00e4sitell\u00e4 raskaita kuormia helposti ja tarkasti.<\/p>\n<p><img decoding=\"async\" src=\"https:\/\/www.hydraulic-cylinders.net\/wp-content\/uploads\/2025\/01\/songte-bushings-with-all-kinds-of-excavator-models.webp\"><\/p>\n<h2>Suunnittelun\u00e4k\u00f6kohdat ja valintakriteerit<\/h2>\n<ul>\n<li>Kantavuus: Kauhasylinterin on kestett\u00e4v\u00e4 koneen ja sen kuorman paino.<\/li>\n<li>Tiivistys: M\u00e4nn\u00e4n tiiviste, m\u00e4nn\u00e4nvarren tiiviste ja muut tiivistyselementit tulee suunnitella est\u00e4m\u00e4\u00e4n vuodot ja varmistamaan asianmukainen toiminta.<\/li>\n<li>Kest\u00e4vyys: Sylinterin tulee olla valmistettu korkealaatuisista materiaaleista kest\u00e4m\u00e4\u00e4n raskaiden koneiden ankaria k\u00e4ytt\u00f6olosuhteita.<\/li>\n<li>Turvallisuus: Kauhasylinteri tulee suunnitella ja asentaa siten, ettei se aiheuta vaaraa k\u00e4ytt\u00e4j\u00e4lle tai muille l\u00e4hell\u00e4 oleville.<\/li>\n<li>Huollettavuus: Sylinterin tulee olla helppo huoltaa ja korjata seisokkiaikojen minimoimiseksi ja kustannusten v\u00e4hent\u00e4miseksi.<\/li>\n<\/ul>\n<p><img decoding=\"async\" src=\"https:\/\/www.hydraulic-cylinders.net\/wp-content\/uploads\/2025\/01\/songte-oil-pipes-and-spare-parts.webp\"><\/p>\n<h2>Tiivistys ja voitelu<\/h2>\n<p>Kauhasylinteriss\u00e4 k\u00e4ytet\u00e4\u00e4n erilaisia \u200b\u200btiivistyskomponentteja, kuten m\u00e4nn\u00e4ntiivisteit\u00e4, varren tiivisteit\u00e4 ja muita tiivistyselementtej\u00e4 vuotojen est\u00e4miseksi ja moitteettoman toiminnan varmistamiseksi. N\u00e4m\u00e4 tiivisteet on valmistettu kulutusta kest\u00e4vist\u00e4 materiaaleista, kuten polyuretaanista ja nitriilikumista. Sylinterin asianmukainen voitelu on v\u00e4ltt\u00e4m\u00e4t\u00f6nt\u00e4 sujuvan toiminnan kannalta, ja sopivaa hydrauliikka\u00f6ljy\u00e4 on k\u00e4ytett\u00e4v\u00e4.<\/p>\n<h2>Huolto ja korjaus<\/h2>\n<p>S\u00e4\u00e4nn\u00f6lliset tarkastukset ja ennaltaehk\u00e4isev\u00e4t huoltotoimenpiteet ovat ratkaisevan t\u00e4rkeit\u00e4 sen varmistamiseksi, ett\u00e4 kauhan sylinteri toimii oikein. Yleisi\u00e4 huoltoteht\u00e4vi\u00e4 ovat voitelu, tiivisteiden vaihto ja kalibrointitarkastukset. Oikea asennus, voitelu ja s\u00e4\u00e4t\u00f6 ovat olennaisia. Sylinterin asianmukainen kohdistus ja asianmukaisten asennuskiinnikkeiden k\u00e4ytt\u00f6 voivat est\u00e4\u00e4 kohdistusvirheest\u00e4 aiheutuvia vaurioita. Suosittelemme my\u00f6s suositeltujen tarkastus-, korjaus- ja vaihtomenettelyjen noudattamista sylinterin k\u00e4ytt\u00f6i\u00e4n pident\u00e4miseksi.<\/p>\n<p><img decoding=\"async\" src=\"https:\/\/www.hydraulic-cylinders.net\/wp-content\/uploads\/2025\/01\/songte-chushion-collar.webp\"><\/p>\n<h2>Turvallisuusn\u00e4k\u00f6kohdat ja ymp\u00e4rist\u00f6tekij\u00e4t<\/h2>\n<p>Kauhasylintereit\u00e4 k\u00e4ytett\u00e4ess\u00e4 on aina noudatettava turvatoimenpiteit\u00e4, kuten asianmukaisia \u200b\u200bsuojavarusteita, turvallisia k\u00e4ytt\u00f6tapoja ja riitt\u00e4v\u00e4\u00e4 koulutusta. My\u00f6s ymp\u00e4rist\u00f6n\u00e4k\u00f6kohdat, kuten \u00f6ljyvuodot, on otettava huomioon saastumisen ja ekosysteemille aiheutuvien vahinkojen est\u00e4miseksi.<\/p>\n<h2>Vianm\u00e4\u00e4ritys ja yleiset ongelmat<\/h2>\n<ul>\n<li>Vuoto sylinterist\u00e4<\/li>\n<li>Vaikeus hallita lapion liikett\u00e4<\/li>\n<li>Kyvytt\u00f6myys nostaa raskaita kuormia<\/li>\n<\/ul>\n<p>Jos n\u00e4it\u00e4 ongelmia ilmenee, on t\u00e4rke\u00e4\u00e4 diagnosoida ja korjata ongelma nopeasti. Yleisi\u00e4 ratkaisuja ovat vuotojen ja kuluneiden tiivisteiden tarkistaminen, hydraulinesteen tason tarkistaminen ja sylinterin vaurioiden tarkistaminen. Ennaltaehk\u00e4isev\u00e4t toimenpiteet, kuten s\u00e4\u00e4nn\u00f6llinen tarkastus ja huolto, voivat minimoida n\u00e4it\u00e4 ongelmia.<\/p>\n<p><img decoding=\"async\" src=\"https:\/\/hzpt.com\/wp-content\/uploads\/2024\/11\/songte-company-1.webp\"><\/p>\n<h2>Tietoa yrityksest\u00e4mme<\/h2>\n<p>Olemme korvaavien hydraulisylinterien valmistaja ja tarjoamme kattavan tuotevalikoiman. Olemme yksi johtavista hydraulisylinterien valmistajista ja tukkumyyjist\u00e4 kotimaisilla ja kansainv\u00e4lisill\u00e4 markkinoilla. Noudatamme erinomaisen laadun periaatetta ja luotamme hienostuneen valmistuspajan teollisen tuotannon hallintastrategiaan. Yrityksemme parantaa jatkuvasti tuotantoalustaansa hy\u00f6dynt\u00e4m\u00e4ll\u00e4 teknisi\u00e4 kykyj\u00e4, digitaalisia huippuluokan valmistuslaitteita ja ammattimaisia \u200b\u200btestausj\u00e4rjestelmi\u00e4 tuotteiden laadukkaan tuotantoreitin t\u00e4ydellist\u00e4miseksi. Meill\u00e4 on vahvat luovat kyvyt vastata asiakkaiden monipuolisiin tarpeisiin tehokkaalla, tarkalla ja laadukkaalla tavalla.<\/p>\n<p>Yrityksemme tunnetaan my\u00f6s seuraavista:<\/p>\n<ul>\n<li>Ammattimaisuus<\/li>\n<li>Kansainv\u00e4liset sertifikaatit<\/li>\n<li>R\u00e4\u00e4t\u00e4l\u00f6intipalvelut<\/li>\n<li>Edistykselliset tuotantolaitteet<\/li>\n<li>Myynnin j\u00e4lkeinen palvelu<\/li>\n<\/ul>\n<p><img decoding=\"async\" src=\"https:\/\/www.hydraulic-cylinders.net\/wp-content\/uploads\/2025\/01\/songte-company-3.webp\"><\/p>\n<p>Kirjoittaja: lyl<\/p>","protected":false},"excerpt":{"rendered":"<p>Bucket Cylinder For Atlas 3306LC Introduction The bucket cylinder, also known as a hydraulic cylinder, is a specialized type of cylinder primarily used for controlling the movement of the shovel in heavy machinery such as excavators, backhoe loaders, and front loaders. Its main function is to enable the shovel to lift, lower, and tilt, making [&hellip;]<\/p>","protected":false},"featured_media":14784,"comment_status":"open","ping_status":"closed","template":"","meta":{"_et_pb_use_builder":"","_et_pb_old_content":"","_et_gb_content_width":""},"product_brand":[],"product_cat":[1494],"product_tag":[1495,1496],"class_list":{"0":"post-15916","1":"product","2":"type-product","3":"status-publish","4":"has-post-thumbnail","6":"product_cat-bucket-cylinders","7":"product_tag-bucket-cylinders","8":"product_tag-hydraulic-cylinders","10":"first","11":"instock","12":"shipping-taxable","13":"product-type-simple"},"amp_enabled":true,"_links":{"self":[{"href":"https:\/\/www.hydraulic-cylinders.net\/fi\/wp-json\/wp\/v2\/product\/15916","targetHints":{"allow":["GET"]}}],"collection":[{"href":"https:\/\/www.hydraulic-cylinders.net\/fi\/wp-json\/wp\/v2\/product"}],"about":[{"href":"https:\/\/www.hydraulic-cylinders.net\/fi\/wp-json\/wp\/v2\/types\/product"}],"replies":[{"embeddable":true,"href":"https:\/\/www.hydraulic-cylinders.net\/fi\/wp-json\/wp\/v2\/comments?post=15916"}],"wp:featuredmedia":[{"embeddable":true,"href":"https:\/\/www.hydraulic-cylinders.net\/fi\/wp-json\/wp\/v2\/media\/14784"}],"wp:attachment":[{"href":"https:\/\/www.hydraulic-cylinders.net\/fi\/wp-json\/wp\/v2\/media?parent=15916"}],"wp:term":[{"taxonomy":"product_brand","embeddable":true,"href":"https:\/\/www.hydraulic-cylinders.net\/fi\/wp-json\/wp\/v2\/product_brand?post=15916"},{"taxonomy":"product_cat","embeddable":true,"href":"https:\/\/www.hydraulic-cylinders.net\/fi\/wp-json\/wp\/v2\/product_cat?post=15916"},{"taxonomy":"product_tag","embeddable":true,"href":"https:\/\/www.hydraulic-cylinders.net\/fi\/wp-json\/wp\/v2\/product_tag?post=15916"}],"curies":[{"name":"wp","href":"https:\/\/api.w.org\/{rel}","templated":true}]}}