{"id":15923,"date":"2025-01-19T15:10:21","date_gmt":"2025-01-19T15:10:21","guid":{"rendered":"https:\/\/www.hydraulic-cylinders.net\/product\/bucket-cylinder-for-bonny-ced1000-7\/"},"modified":"2025-01-19T15:10:23","modified_gmt":"2025-01-19T15:10:23","slug":"bucket-cylinder-for-bonny-ced1000-7","status":"publish","type":"product","link":"https:\/\/www.hydraulic-cylinders.net\/fi\/tuote\/bucket-cylinder-for-bonny-ced1000-7\/","title":{"rendered":"Kauhan sylinteri Bonny CED1000-7:lle"},"content":{"rendered":"<h1>Kauhan sylinteri Bonny CED1000-7:lle<\/h1>\n<h2>Johdanto<\/h2>\n<p>Kauhasylinteri on erityisesti suunniteltu hydraulisylinteri, jota k\u00e4ytet\u00e4\u00e4n kauhan liikkeen ohjaamiseen raskaissa koneissa, kuten kaivinkoneissa, traktorikaivureissa ja etukuormaajissa. Sen p\u00e4\u00e4teht\u00e4v\u00e4n\u00e4 on mahdollistaa kauhan nostaminen, laskeminen ja kallistaminen, mik\u00e4 helpottaa erilaisten materiaalink\u00e4sittelyteht\u00e4vien k\u00e4sittely\u00e4. Hydraulij\u00e4rjestelm\u00e4ss\u00e4 kauhasylinteri hy\u00f6dynt\u00e4\u00e4 hydrauli\u00f6ljyn paineenmuutosta kauhan tarkan ohjauksen saavuttamiseksi, jolloin k\u00e4ytt\u00e4j\u00e4t voivat k\u00e4sitell\u00e4 raskaita esineit\u00e4 tehokkaasti ja sopeutua monimutkaisiin ty\u00f6ymp\u00e4rist\u00f6ihin ja erilaisiin ty\u00f6vaatimuksiin.<\/p>\n<p><img loading=\"lazy\" decoding=\"async\" src=\"https:\/\/www.hydraulic-cylinders.net\/wp-content\/uploads\/2025\/01\/songte-company-2.webp\" alt=\"Kauhan sylinteri Bonny CED1000-7:lle\" width=\"500\" height=\"300\"><\/p>\n<h2>Ominaisuudet<\/h2>\n<ol>\n<li>\n<h3>Korkea lujuus ja kest\u00e4vyys<\/h3>\n<p>Kauhasylinterit on yleens\u00e4 valmistettu eritt\u00e4in lujasta ter\u00e4ksest\u00e4 tai alumiinista, jotka kest\u00e4v\u00e4t korkeaa painetta ja raskaita kuormia ja sopivat vaativiin ty\u00f6ymp\u00e4rist\u00f6ihin. Suunnittelussa on otettu huomioon kulutuskest\u00e4vyys ja korroosionkest\u00e4vyys, mik\u00e4 pident\u00e4\u00e4 k\u00e4ytt\u00f6ik\u00e4\u00e4.<\/p>\n<\/li>\n<li>\n<h3>Tehokas hydraulinen k\u00e4ytt\u00f6<\/h3>\n<p>Kauhasylinterit k\u00e4ytt\u00e4v\u00e4t hydrauli\u00f6ljyn painetta tasaisen ojennus- ja sis\u00e4\u00e4nvetoliikkeen aikaansaamiseksi, mik\u00e4 mahdollistaa nopean reagoinnin ohjauskomentoihin ja tarjoaa tehokkaat ty\u00f6nt\u00f6- ja vetovoimat, jotka sopivat raskaiden esineiden k\u00e4sittelyyn ja monimutkaisiin ty\u00f6teht\u00e4viin.<\/p>\n<\/li>\n<li>\n<h3>Erilaisia \u200b\u200btyyppej\u00e4<\/h3>\n<p>Kauhasylinterit voidaan valita yksitoimisiksi (hydrauliikkaa k\u00e4ytet\u00e4\u00e4n vain yhteen suuntaan) tai kaksitoimisiksi (hydrauliikkaa k\u00e4ytet\u00e4\u00e4n molempiin suuntiin) k\u00e4ytt\u00f6tarpeiden mukaan. Jotkut mallit ovat teleskooppisia, mik\u00e4 mahdollistaa suuremman jatkeen ilman ulkomittojen kasvua, mik\u00e4 sopii sovelluksiin, joissa on rajoitetusti tilaa.<\/p>\n<\/li>\n<li>\n<h3>Vaihdettava<\/h3>\n<p>Tuotteemme voi t\u00e4ydellisesti korvata n\u00e4m\u00e4 hydraulisylinterit.<\/p>\n<\/li>\n<li>\n<h3>Hakemus<\/h3>\n<p>Kauhasylintereit\u00e4 k\u00e4ytet\u00e4\u00e4n erilaisissa rakennuskoneissa, maatalouskoneissa, kaivinkoneissa ja etukuormaajissa. Ne ovat v\u00e4ltt\u00e4m\u00e4tt\u00f6mi\u00e4 maan tai roskien kaivamisessa, lastaamisessa ja siirt\u00e4misess\u00e4. Kauhasylinterit auttavat maan kaivamisessa, nostamisessa ja tyhjent\u00e4misess\u00e4 kaivurikuormaajissa. Etukuormaajissa ne auttavat lastin tehokkaassa nostamisessa ja kallistamisessa.<\/p>\n<\/li>\n<\/ol>\n<h2>Suunnittelun\u00e4k\u00f6kohdat ja valintastandardit<\/h2>\n<p><img loading=\"lazy\" decoding=\"async\" src=\"https:\/\/www.hydraulic-cylinders.net\/wp-content\/uploads\/2025\/01\/songte-oil-pipes-and-spare-parts.webp\" alt=\"Kauhan sylinterin suunnittelu\" width=\"500\" height=\"300\"><\/p>\n<p>Kauhasylinterit ovat raskaiden koneiden kriittisi\u00e4 osia, ja ne on suunniteltava ja valittava ottaen huomioon useita tekij\u00f6it\u00e4:<\/p>\n<ol>\n<li>\n<h3>Kantavuus<\/h3>\n<p>Kauhasylinterit tulee suunnitella kest\u00e4m\u00e4\u00e4n suurimmat voimat ja rasitukset, joita ne saattavat kohdata pellolla. Suunnittelussa on otettava huomioon my\u00f6s suurin sallittu ty\u00f6kuorma.<\/p>\n<\/li>\n<li>\n<h3>Tiivistys<\/h3>\n<p>Kauhasylintereiss\u00e4 k\u00e4ytet\u00e4\u00e4n erilaisia \u200b\u200btiivistyskomponentteja, kuten m\u00e4nn\u00e4ntiivisteit\u00e4, varren tiivisteit\u00e4 jne. Niiden on oltava kulutusta kest\u00e4vi\u00e4 materiaaleja, kuten polyuretaania ja nitriilikumia. Sylinterin runko ja kierrepinta k\u00e4sitell\u00e4\u00e4n hienos\u00e4\u00e4t\u00f6isesti kulutuskest\u00e4vyyden parantamiseksi. S\u00e4\u00e4nn\u00f6llinen voitelu on v\u00e4ltt\u00e4m\u00e4t\u00f6nt\u00e4 riitt\u00e4m\u00e4tt\u00f6m\u00e4n voitelun aiheuttamien vaurioiden est\u00e4miseksi.<\/p>\n<\/li>\n<li>\n<h3>Kest\u00e4vyys ja turvallisuus<\/h3>\n<p>Kauhasylinterien on kestett\u00e4v\u00e4 raskaita kuormia ja vaikeita ty\u00f6olosuhteita. Niiden on oltava riitt\u00e4v\u00e4n kest\u00e4vi\u00e4, jotta ne kest\u00e4v\u00e4t pitk\u00e4\u00e4n ja ovat turvallisia.<\/p>\n<\/li>\n<li>\n<h3>Huolto<\/h3>\n<p>Kauhasylinterit vaativat s\u00e4\u00e4nn\u00f6llist\u00e4 huoltoa ja korjausta k\u00e4ytt\u00f6i\u00e4n pident\u00e4miseksi. Osien, kuten tiivisteiden ja kumitiivisteiden, tarkastus, vaihto ja kalibrointi ovat v\u00e4ltt\u00e4m\u00e4tt\u00f6mi\u00e4 vikojen est\u00e4miseksi ja seisokkiaikojen minimoimiseksi.<\/p>\n<\/li>\n<\/ol>\n<h2>Asennusopas<\/h2>\n<p><img loading=\"lazy\" decoding=\"async\" src=\"https:\/\/www.hydraulic-cylinders.net\/wp-content\/uploads\/2025\/01\/songte-chushion-collar.webp\" alt=\"Kauhan sylinterin asennusopas\" width=\"500\" height=\"300\"><\/p>\n<p>Oikea asennus on kriittist\u00e4 kauhan sylinterin optimaalisen suorituskyvyn ja k\u00e4ytt\u00f6i\u00e4n kannalta. Seuraavat ovat suositellut asennusohjeet:<\/p>\n<ol>\n<li>Kohdista sylinteri oikein ja k\u00e4yt\u00e4 sopivia asennuskiinnikkeit\u00e4 sylinterin kiinnitt\u00e4miseksi paikalleen.<\/li>\n<li>Varmista, ett\u00e4 kaikki hydrauliset liit\u00e4nn\u00e4t ovat paikoillaan ja tukevasti kiinni.<\/li>\n<li>Tarkista hydrauliikka\u00f6ljyn taso ja lis\u00e4\u00e4 sit\u00e4 tarvittaessa.<\/li>\n<li>K\u00e4ynnist\u00e4 kone ja testaa sylinterin toiminta varmistaaksesi, ett\u00e4 se toimii oikein.<\/li>\n<\/ol>\n<h2>Huoltoteht\u00e4v\u00e4t<\/h2>\n<p><img loading=\"lazy\" decoding=\"async\" src=\"https:\/\/www.hydraulic-cylinders.net\/wp-content\/uploads\/2025\/01\/songte-bushings-with-all-kinds-of-excavator-models.webp\" alt=\"Huoltoteht\u00e4v\u00e4t\" width=\"500\" height=\"300\"><\/p>\n<p>S\u00e4\u00e4nn\u00f6llinen huolto on v\u00e4ltt\u00e4m\u00e4t\u00f6nt\u00e4 kauhan sylinterin k\u00e4ytt\u00f6i\u00e4n pident\u00e4miseksi. Seuraavat ovat yleisi\u00e4 huoltoteht\u00e4vi\u00e4:<\/p>\n<ol>\n<li>Sylinterin s\u00e4\u00e4nn\u00f6llinen tarkastus kulumisen ja vaurioiden varalta.<\/li>\n<li>Sylinterin s\u00e4\u00e4nn\u00f6llinen voitelu riitt\u00e4m\u00e4tt\u00f6m\u00e4n voitelun aiheuttamien vaurioiden est\u00e4miseksi.<\/li>\n<li>Kuluneiden tai vaurioituneiden tiivisteiden ja kumitiivisteiden vaihto.<\/li>\n<li>Kalibrointitarkastukset sylinterin oikean toiminnan varmistamiseksi.<\/li>\n<\/ol>\n<h2>Turvallisuusn\u00e4k\u00f6kohdat ja ymp\u00e4rist\u00f6tekij\u00e4t<\/h2>\n<p>Kauhasylintereit\u00e4 k\u00e4ytett\u00e4ess\u00e4 turvallisuus on etusijalla. K\u00e4ytt\u00e4jien tulee olla asianmukaisesti koulutettuja ja noudattaa kaikkia turvallisuusohjeita onnettomuuksien v\u00e4ltt\u00e4miseksi. Lis\u00e4ksi ymp\u00e4rist\u00f6tekij\u00e4t, kuten l\u00e4mp\u00f6tila ja kosteus, voivat vaikuttaa kauhasylinterin suorituskykyyn ja k\u00e4ytt\u00f6ik\u00e4\u00e4n. Asianmukainen varastointi ja huolto voivat minimoida n\u00e4m\u00e4 vaikutukset.<\/p>\n<h2>Vianm\u00e4\u00e4ritys ja yleiset ongelmat<\/h2>\n<p><img loading=\"lazy\" decoding=\"async\" src=\"https:\/\/hzpt.com\/wp-content\/uploads\/2024\/11\/songte-company-1.webp\" alt=\"Vianm\u00e4\u00e4ritys ja yleiset ongelmat\" width=\"500\" height=\"300\"><\/p>\n<p>Kauhasylintereiss\u00e4 voi olla useita ongelmia, jotka voivat vaikuttaa niiden suorituskykyyn. Seuraavat ovat yleisi\u00e4 ongelmia:<\/p>\n<ol>\n<li>Vuotava \u00f6ljy<\/li>\n<li>Hidas toiminta<\/li>\n<li>Alennettu teho<\/li>\n<li>Liiallinen melu tai t\u00e4rin\u00e4<\/li>\n<\/ol>\n<p>Oikea diagnoosi ja nopea toiminta voivat auttaa ratkaisemaan n\u00e4m\u00e4 ongelmat ja est\u00e4m\u00e4\u00e4n kauhan sylinterin lis\u00e4vaurioita.<\/p>\n<h2>Tietoa yrityksest\u00e4mme<\/h2>\n<p><img loading=\"lazy\" decoding=\"async\" src=\"https:\/\/www.hydraulic-cylinders.net\/wp-content\/uploads\/2025\/01\/songte-company-3.webp\" alt=\"Tietoa yrityksest\u00e4mme\" width=\"500\" height=\"300\"><\/p>\n<p>Olemme johtava hydraulisylintereiden valmistaja ja tukkumyyj\u00e4 kotimaisilla ja kansainv\u00e4lisill\u00e4 markkinoilla. Yrityksemme valmistaa t\u00e4yden valikoiman tuotteita ja noudattaa erinomaista laatua alan standardien mukaisilla tuotannonohjausstrategioilla. Luotamme teknisten kykyjen tiimiin, edistyneisiin digitaalisiin valmistuslaitteisiin ja ammattimaisiin testausj\u00e4rjestelmiin parantaaksemme jatkuvasti valmistusymp\u00e4rist\u00f6\u00e4mme ja tuotteiden laatua. Tuotteemme sopivat asiakkaiden monimuotoisiin tarpeisiin ja noudattavat korkean tehokkuuden, tarkkuuden ja korkean laadun periaatteita.<\/p>\n<p>Tarjoamme asiakkaillemme r\u00e4\u00e4t\u00e4l\u00f6ityj\u00e4 palveluita, tuotantolaitteita ja j\u00e4lkimarkkinointipalveluita. Tavoitteenamme on tarjota korkealaatuisia tuotteita, jotka vastaavat asiakkaidemme tarpeisiin ja odotuksiin.<\/p>\n<p>T\u00e4m\u00e4n artikkelin on kirjoittanut lyl.<\/p>","protected":false},"excerpt":{"rendered":"<p>Bucket Cylinder For Bonny CED1000-7 Introduction A bucket cylinder is a specially designed hydraulic cylinder used to control the movement of the bucket in heavy machinery such as excavators, backhoe excavators, and front-end loaders. Its main function is to enable the bucket to lift, lower, and tilt, making it easy to handle various material handling [&hellip;]<\/p>","protected":false},"featured_media":14769,"comment_status":"open","ping_status":"closed","template":"","meta":{"_et_pb_use_builder":"","_et_pb_old_content":"","_et_gb_content_width":""},"product_brand":[],"product_cat":[1494],"product_tag":[1495,1496],"class_list":{"0":"post-15923","1":"product","2":"type-product","3":"status-publish","4":"has-post-thumbnail","6":"product_cat-bucket-cylinders","7":"product_tag-bucket-cylinders","8":"product_tag-hydraulic-cylinders","10":"first","11":"instock","12":"shipping-taxable","13":"product-type-simple"},"amp_enabled":true,"_links":{"self":[{"href":"https:\/\/www.hydraulic-cylinders.net\/fi\/wp-json\/wp\/v2\/product\/15923","targetHints":{"allow":["GET"]}}],"collection":[{"href":"https:\/\/www.hydraulic-cylinders.net\/fi\/wp-json\/wp\/v2\/product"}],"about":[{"href":"https:\/\/www.hydraulic-cylinders.net\/fi\/wp-json\/wp\/v2\/types\/product"}],"replies":[{"embeddable":true,"href":"https:\/\/www.hydraulic-cylinders.net\/fi\/wp-json\/wp\/v2\/comments?post=15923"}],"wp:featuredmedia":[{"embeddable":true,"href":"https:\/\/www.hydraulic-cylinders.net\/fi\/wp-json\/wp\/v2\/media\/14769"}],"wp:attachment":[{"href":"https:\/\/www.hydraulic-cylinders.net\/fi\/wp-json\/wp\/v2\/media?parent=15923"}],"wp:term":[{"taxonomy":"product_brand","embeddable":true,"href":"https:\/\/www.hydraulic-cylinders.net\/fi\/wp-json\/wp\/v2\/product_brand?post=15923"},{"taxonomy":"product_cat","embeddable":true,"href":"https:\/\/www.hydraulic-cylinders.net\/fi\/wp-json\/wp\/v2\/product_cat?post=15923"},{"taxonomy":"product_tag","embeddable":true,"href":"https:\/\/www.hydraulic-cylinders.net\/fi\/wp-json\/wp\/v2\/product_tag?post=15923"}],"curies":[{"name":"wp","href":"https:\/\/api.w.org\/{rel}","templated":true}]}}