{"id":15931,"date":"2025-01-19T15:10:53","date_gmt":"2025-01-19T15:10:53","guid":{"rendered":"https:\/\/www.hydraulic-cylinders.net\/product\/bucket-cylinder-for-bonny-ce2200-7\/"},"modified":"2025-01-19T15:10:57","modified_gmt":"2025-01-19T15:10:57","slug":"bucket-cylinder-for-bonny-ce2200-7","status":"publish","type":"product","link":"https:\/\/www.hydraulic-cylinders.net\/fi\/tuote\/bucket-cylinder-for-bonny-ce2200-7\/","title":{"rendered":"Kauhan sylinteri Bonny CE2200-7:lle"},"content":{"rendered":"<h1>Kauhan sylinteri Bonny CE2200-7:lle<\/h1>\n<h2>Johdanto<\/h2>\n<p>Bonny CE2200-7 -mallin kauhan sylinteri on erikoishydraulinen sylinteri, jota k\u00e4ytet\u00e4\u00e4n kauhan liikkeen ohjaamiseen raskaissa koneissa, kuten kaivinkoneissa, traktorikaivureissa ja etukuormaajissa. Sen ensisijainen teht\u00e4v\u00e4 on mahdollistaa kauhan nostaminen, laskeminen ja kallistaminen helppoa materiaalink\u00e4sittely\u00e4 varten. Hydraulij\u00e4rjestelm\u00e4ss\u00e4 kauhan sylinteri ohjaa kauhan tarkkoja liikkeit\u00e4 muuttamalla hydrauli\u00f6ljyn painetta, jolloin k\u00e4ytt\u00e4j\u00e4t voivat k\u00e4sitell\u00e4 raskaita kuormia tehokkaasti, sopeutua monimutkaisiin ty\u00f6ymp\u00e4rist\u00f6ihin ja erilaisiin ty\u00f6vaatimuksiin.<\/p>\n<p><img decoding=\"async\" src=\"https:\/\/www.hydraulic-cylinders.net\/wp-content\/uploads\/2025\/01\/songte-company-2.webp\" alt=\"Kauhan sylinteri Bonny CE2200-7:lle\"><\/p>\n<h2>Ominaisuudet<\/h2>\n<ul>\n<li>\n<h3>Korkea lujuus ja kest\u00e4vyys<\/h3>\n<p>Kauhasylinteri on tyypillisesti valmistettu eritt\u00e4in lujasta ter\u00e4ksest\u00e4 tai alumiinista, joka kest\u00e4\u00e4 korkeaa painetta ja raskaita kuormia ja mukautuu vaativiin ty\u00f6ymp\u00e4rist\u00f6ihin. Suunnittelussa on otettu huomioon kulutuskest\u00e4vyys ja korroosionkest\u00e4vyys, mik\u00e4 pident\u00e4\u00e4 sen k\u00e4ytt\u00f6ik\u00e4\u00e4.<\/p>\n<\/li>\n<li>\n<h3>Tehokas hydraulinen k\u00e4ytt\u00f6<\/h3>\n<p>Kauhasylinteri k\u00e4ytt\u00e4\u00e4 hydrauli\u00f6ljyn painetta tasaisen pidennyksen ja sis\u00e4\u00e4nvedon aikaansaamiseksi, reagoi nopeasti ohjauskomentoihin ja tarjoaa tehokkaan ty\u00f6nt\u00f6- ja vetovoiman, joka soveltuu raskaiden kuormien k\u00e4sittelyyn ja monimutkaisiin toimintoihin.<\/p>\n<\/li>\n<li>\n<h3>Erilaisia \u200b\u200bsaatavilla olevia tyyppej\u00e4<\/h3>\n<p>Kauhasylinteri on saatavana yksitoimisena (hydraulisesti toimiva yhteen suuntaan) tai kaksitoimisena (hydraulisesti toimiva molempiin suuntiin) k\u00e4ytt\u00f6tarpeiden mukaan. Jotkut mallit ovat teleskooppisia, mik\u00e4 mahdollistaa suuremman jatkeen ilman ulkomittojen kasvua, mik\u00e4 sopii sovelluksiin, joissa on rajoitetusti tilaa.<\/p>\n<\/li>\n<li>\n<h3>T\u00e4ydellinen korvaava vaihtoehto<\/h3>\n<p>Tuotteemme voi t\u00e4ydellisesti korvata n\u00e4m\u00e4 hydraulisylinterit, voimme tuottaa t\u00e4t\u00e4 tuotetta.<\/p>\n<\/li>\n<li>\n<h3>Sovellusskenaariot<\/h3>\n<ul>\n<li>\n<h4>Rakennuslaitteet<\/h4>\n<p>Kaivinkoneissa ne ovat kriittisi\u00e4 kaivamisessa, lastaamisessa ja maaper\u00e4n tai roskien siirt\u00e4misess\u00e4. Kaivinkoneissa kauhan sylinteri avustaa sek\u00e4 kaivamisessa ett\u00e4 nostamisessa. Etukuormaajissa ne auttavat tavaroiden tehokkaassa nostamisessa ja tyhjent\u00e4misess\u00e4.<\/p>\n<p>        <img decoding=\"async\" src=\"https:\/\/hzpt.com\/wp-content\/uploads\/2024\/11\/songte-company-1.webp\" alt=\"Kauhan sylinteri Bonny CE2200-7:lle\">\n      <\/li>\n<li>\n<h4>Maatalouskoneet<\/h4>\n<p>K\u00e4ytet\u00e4\u00e4n etukuormaajissa maan, hein\u00e4n ja muiden materiaalien kaivamiseen, nostamiseen ja kuljetukseen. Kaivinkoneissa kauhan sylinteri mahdollistaa kaivamisen antamalla kauhan tunkeutua maaper\u00e4\u00e4n.<\/p>\n<p>        <img decoding=\"async\" src=\"https:\/\/www.hydraulic-cylinders.net\/wp-content\/uploads\/2025\/01\/songte-chushion-collar.webp\" alt=\"Kauhan sylinteri Bonny CE2200-7:lle\">\n      <\/li>\n<\/ul>\n<\/li>\n<\/ul>\n<h2>Suunnittelun\u00e4k\u00f6kohdat ja valintakriteerit<\/h2>\n<ul>\n<li>\n<h3>Kantavuus<\/h3>\n<p>Kauhasylinterin kuormankantokyky on ratkaiseva tekij\u00e4 sen varmistamisessa, ett\u00e4 se pystyy k\u00e4sittelem\u00e4\u00e4n raskaita kuormia. Suunnittelussa on otettava huomioon kauhan siirt\u00e4miseen tarvittava hydraulinen paine ja k\u00e4sitelt\u00e4v\u00e4n materiaalin paino.<\/p>\n<\/li>\n<li>\n<h3>Tiivistys<\/h3>\n<p>Kauhasylinterin tiivistysmekanismi on olennainen sen varmistamiseksi, ett\u00e4 se kest\u00e4\u00e4 hydraulisen paineen vuotamatta. Suunnittelussa on otettava huomioon sopivien materiaalien k\u00e4ytt\u00f6 tiivistyskomponenteissa, kuten m\u00e4nn\u00e4ntiivisteiss\u00e4 ja varren tiivisteiss\u00e4.<\/p>\n<\/li>\n<li>\n<h3>Kest\u00e4vyys<\/h3>\n<p>Kauhasylinterin on kestett\u00e4v\u00e4 ankaria k\u00e4ytt\u00f6olosuhteita ja oltava kest\u00e4v\u00e4 kulumiselle ja korroosiolle. Suunnittelussa on otettava huomioon sopivien materiaalien k\u00e4ytt\u00f6 kulumiselle ja korroosiolle altistuvissa osissa, kuten sylinterin rungossa ja m\u00e4nn\u00e4nvarressa.<\/p>\n<\/li>\n<li>\n<h3>Turvallisuus<\/h3>\n<p>Kauhasylinterin suunnittelussa on otettava huomioon turvallisuustekij\u00e4t, kuten sen varmistaminen, ettei se toimi virheellisesti eik\u00e4 aiheuta vammoja tai vahinkoa laitteille tai ymp\u00e4rist\u00f6lle.<\/p>\n<\/li>\n<li>\n<h3>Huolto<\/h3>\n<p>Kauhan sylinteri vaatii s\u00e4\u00e4nn\u00f6llist\u00e4 huoltoa sen oikean toiminnan varmistamiseksi. Suunnittelussa on otettava huomioon helppo p\u00e4\u00e4sy huoltoa vaativiin komponentteihin, kuten m\u00e4nn\u00e4n tiivisteisiin, varren tiivisteisiin ja hydrauliikkaletkuihin.<\/p>\n<p>    <img decoding=\"async\" src=\"https:\/\/www.hydraulic-cylinders.net\/wp-content\/uploads\/2025\/01\/songte-oil-pipes-and-spare-parts.webp\" alt=\"Kauhan sylinteri Bonny CE2200-7:lle\">\n  <\/li>\n<\/ul>\n<h2>Tiivistys ja voitelu<\/h2>\n<p>Kauhasylinteriss\u00e4 k\u00e4ytet\u00e4\u00e4n erilaisia \u200b\u200btiivistyskomponentteja, kuten m\u00e4nn\u00e4ntiivisteit\u00e4 ja varren tiivisteit\u00e4, jotka on valmistettu kulutusta kest\u00e4vist\u00e4 materiaaleista, kuten polyuretaanista ja nitriilikumista. Sylinterin runko ja kierteitetty p\u00e4\u00e4typinta on k\u00e4sitelty tarkasti kulutuskest\u00e4vyyden parantamiseksi. S\u00e4\u00e4nn\u00f6llinen voitelu hydrauliikka\u00f6ljyll\u00e4 on v\u00e4ltt\u00e4m\u00e4t\u00f6nt\u00e4 sujuvan toiminnan varmistamiseksi, kulumisen v\u00e4hent\u00e4miseksi ja k\u00e4ytt\u00f6i\u00e4n pident\u00e4miseksi.<\/p>\n<h2>Tarkastus ja ennakoiva huolto<\/h2>\n<ul>\n<li>\n<h3>S\u00e4\u00e4nn\u00f6llinen tarkastus<\/h3>\n<p>Tarkasta sylinterin runko, m\u00e4nt\u00e4 ja varsi kulumisen, vaurioiden ja linjausvirheiden varalta. Tarkista hydrauliletkut ja -liittimet vuotojen, halkeamien ja l\u00f6ysien liitosten varalta.<\/p>\n<\/li>\n<li>\n<h3>Oikea voitelu<\/h3>\n<p>K\u00e4yt\u00e4 sopivaa hydrauliikka\u00f6ljy\u00e4 ja varmista, ett\u00e4 sen taso on suositellulla tasolla. Tarkista \u00f6ljynsuodatin ja vaihda se tarvittaessa.<\/p>\n<\/li>\n<li>\n<h3>Tiivisteen vaihto<\/h3>\n<p>Vaihda kuluneet tai vaurioituneet m\u00e4nn\u00e4ntiivisteet tai m\u00e4nn\u00e4nvarren tiivisteet viipym\u00e4tt\u00e4 vuotojen est\u00e4miseksi ja asianmukaisen tiivistyksen varmistamiseksi.<\/p>\n<\/li>\n<li>\n<h3>Kalibrointitarkistus<\/h3>\n<p>Varmista, ett\u00e4 sylinterin kalibrointi on tarkka ylikuormituksen tai alikuormituksen est\u00e4miseksi. Tarkista painemittari ja s\u00e4\u00e4d\u00e4 kalibrointia tarvittaessa.<\/p>\n<p>    <img decoding=\"async\" src=\"https:\/\/www.hydraulic-cylinders.net\/wp-content\/uploads\/2025\/01\/songte-bushings-with-all-kinds-of-excavator-models.webp\" alt=\"Kauhan sylinteri Bonny CE2200-7:lle\">\n  <\/li>\n<\/ul>\n<h2>Turvallisuusn\u00e4k\u00f6kohdat ja ymp\u00e4rist\u00f6tekij\u00e4t<\/h2>\n<p>Turvallisuus on kriittist\u00e4 kauhasylinteri\u00e4 k\u00e4ytett\u00e4ess\u00e4. Noudata aina turvallisuusohjeita, k\u00e4yt\u00e4 asianmukaisia \u200b\u200bsuojavarusteita ja varmista, ett\u00e4 laite on hyv\u00e4ss\u00e4 toimintakunnossa. Kauhasylinterin k\u00e4ytt\u00f6 voi vaikuttaa ymp\u00e4rist\u00f6\u00f6n aiheuttaen maaper\u00e4n eroosiota, p\u00f6lysaastetta ja melusaastetta. Varmista vaarallisten aineiden turvallinen k\u00e4sittely ja h\u00e4vitt\u00e4minen.<\/p>\n<h2>Vianm\u00e4\u00e4ritys ja yleiset ongelmat<\/h2>\n<p>Kauhasylinterin yleisi\u00e4 ongelmia ovat vuodot, riitt\u00e4m\u00e4t\u00f6n tai ep\u00e4tasainen paine ja toimintah\u00e4iri\u00f6iset s\u00e4\u00e4t\u00f6venttiilit. Voit vianm\u00e4\u00e4ritt\u00e4\u00e4 n\u00e4m\u00e4 ongelmat tarkastamalla sylinterin rungon, m\u00e4nn\u00e4n ja m\u00e4nn\u00e4nvarren tiivisteet, hydrauliletkut ja liittimet. Asianmukainen huolto ja s\u00e4\u00e4nn\u00f6llinen tarkastus voivat est\u00e4\u00e4 monia n\u00e4ist\u00e4 ongelmista.<\/p>\n<h2>Yrityksen esittely<\/h2>\n<p>Olemme johtava hydraulisylintereiden valmistaja ja tukkumyyj\u00e4 kotimaisilla ja kansainv\u00e4lisill\u00e4 markkinoilla. Tuotteemme ovat monipuolisia, ja noudatamme erinomaista laatua tehokkailla ja tarkoilla tuotannonohjausstrategioilla. Asiantuntemuksemme teknologiassa, laitteissa ja ammattimaisissa tarkastusj\u00e4rjestelmiss\u00e4 yhdistettyn\u00e4 osaavaan ty\u00f6voimaan varmistaa, ett\u00e4 t\u00e4yt\u00e4mme monipuoliset asiakastarpeet. Tarjoamme r\u00e4\u00e4t\u00e4l\u00f6ityj\u00e4 palveluita, ja tuotteillamme on kansainv\u00e4liset sertifikaatit, mik\u00e4 tekee meist\u00e4 luotettavan kumppanin raskaiden koneiden valmistajille ja hydraulisten laitteiden j\u00e4lleenmyyjille.<\/p>\n<ul>\n<li>\n<h3>Ammattimaisuus<\/h3>\n<p>Meill\u00e4 on ammattitaitoinen ja kokenut henkil\u00f6st\u00f6, joka on omistautunut laadukkaiden tuotteiden ja palveluiden toimittamiseen.<\/p>\n<\/li>\n<li>\n<h3>Kansainv\u00e4liset sertifikaatit<\/h3>\n<p>Tuotteillamme on kansainv\u00e4liset sertifikaatit, mik\u00e4 varmistaa niiden t\u00e4ytt\u00e4v\u00e4n korkeimmat laatustandardit.<\/p>\n<\/li>\n<li>\n<h3>R\u00e4\u00e4t\u00e4l\u00f6idyt palvelut<\/h3>\n<p>Tarjoamme r\u00e4\u00e4t\u00e4l\u00f6ityj\u00e4 palveluita vastataksemme monipuolisiin asiakastarpeisiin.<\/p>\n<\/li>\n<li>\n<h3>Tuotantolaitteet<\/h3>\n<p>K\u00e4yt\u00e4mme edistyneit\u00e4 tuotantolaitteita tehokkaiden ja tarkkojen valmistusprosessien varmistamiseksi.<\/p>\n<\/li>\n<li>\n<h3>Myynnin j\u00e4lkeinen palvelu<\/h3>\n<p>Tarjoamme kattavia j\u00e4lkimarkkinointipalveluita, mukaan lukien korjaus ja osien vaihto, varmistaaksemme tuotteidemme pitk\u00e4n k\u00e4ytt\u00f6i\u00e4n.<\/p>\n<p>    <img decoding=\"async\" src=\"https:\/\/www.hydraulic-cylinders.net\/wp-content\/uploads\/2025\/01\/songte-company-3.webp\" alt=\"Kauhan sylinteri Bonny CE2200-7:lle\">\n  <\/li>\n<\/ul>\n<p>Kirjoittaja: lyl<\/p>","protected":false},"excerpt":{"rendered":"<p>Bucket Cylinder For Bonny CE2200-7 Introduction The bucket cylinder for Bonny CE2200-7 is a specialized hydraulic cylinder used for controlling the movement of the bucket in heavy machinery such as excavators, backhoe excavators, and front-end loaders. Its primary function is to enable the bucket to lift, lower, and tilt for easy material handling tasks. In [&hellip;]<\/p>","protected":false},"featured_media":14784,"comment_status":"open","ping_status":"closed","template":"","meta":{"_et_pb_use_builder":"","_et_pb_old_content":"","_et_gb_content_width":""},"product_brand":[],"product_cat":[1494],"product_tag":[1495,1496],"class_list":{"0":"post-15931","1":"product","2":"type-product","3":"status-publish","4":"has-post-thumbnail","6":"product_cat-bucket-cylinders","7":"product_tag-bucket-cylinders","8":"product_tag-hydraulic-cylinders","10":"first","11":"instock","12":"shipping-taxable","13":"product-type-simple"},"amp_enabled":true,"_links":{"self":[{"href":"https:\/\/www.hydraulic-cylinders.net\/fi\/wp-json\/wp\/v2\/product\/15931","targetHints":{"allow":["GET"]}}],"collection":[{"href":"https:\/\/www.hydraulic-cylinders.net\/fi\/wp-json\/wp\/v2\/product"}],"about":[{"href":"https:\/\/www.hydraulic-cylinders.net\/fi\/wp-json\/wp\/v2\/types\/product"}],"replies":[{"embeddable":true,"href":"https:\/\/www.hydraulic-cylinders.net\/fi\/wp-json\/wp\/v2\/comments?post=15931"}],"wp:featuredmedia":[{"embeddable":true,"href":"https:\/\/www.hydraulic-cylinders.net\/fi\/wp-json\/wp\/v2\/media\/14784"}],"wp:attachment":[{"href":"https:\/\/www.hydraulic-cylinders.net\/fi\/wp-json\/wp\/v2\/media?parent=15931"}],"wp:term":[{"taxonomy":"product_brand","embeddable":true,"href":"https:\/\/www.hydraulic-cylinders.net\/fi\/wp-json\/wp\/v2\/product_brand?post=15931"},{"taxonomy":"product_cat","embeddable":true,"href":"https:\/\/www.hydraulic-cylinders.net\/fi\/wp-json\/wp\/v2\/product_cat?post=15931"},{"taxonomy":"product_tag","embeddable":true,"href":"https:\/\/www.hydraulic-cylinders.net\/fi\/wp-json\/wp\/v2\/product_tag?post=15931"}],"curies":[{"name":"wp","href":"https:\/\/api.w.org\/{rel}","templated":true}]}}