{"id":15934,"date":"2025-01-19T15:11:09","date_gmt":"2025-01-19T15:11:09","guid":{"rendered":"https:\/\/www.hydraulic-cylinders.net\/product\/bucket-cylinder-for-bonny-ced1250-7\/"},"modified":"2025-01-19T15:11:15","modified_gmt":"2025-01-19T15:11:15","slug":"bucket-cylinder-for-bonny-ced1250-7","status":"publish","type":"product","link":"https:\/\/www.hydraulic-cylinders.net\/fi\/tuote\/bucket-cylinder-for-bonny-ced1250-7\/","title":{"rendered":"Kauhan sylinteri Bonny CED1250-7:lle"},"content":{"rendered":"<h2>Kauhan sylinteri Bonny CED1250-7:lle<\/h2>\n<p>Bonny CED1250-7 -mallin kauhan sylinteri on erikoishydraulinen sylinteri, joka on suunniteltu ohjaamaan kauhan liikett\u00e4 raskaissa koneissa, kuten kaivinkoneissa, kaivurikuormaajissa ja etukuormaajissa. Sen p\u00e4\u00e4teht\u00e4v\u00e4n\u00e4 on mahdollistaa kauhan nostaminen, laskeminen ja kallistaminen, mik\u00e4 helpottaa erilaisia \u200b\u200bmateriaalink\u00e4sittelyteht\u00e4vi\u00e4. Hydraulij\u00e4rjestelm\u00e4ss\u00e4 kauhan sylinteri saavuttaa tarkan kauhan hallinnan hydrauli\u00f6ljyn paineen muutosten avulla, jolloin k\u00e4ytt\u00e4j\u00e4t voivat k\u00e4sitell\u00e4 raskaita kuormia tehokkaasti ja sopeutua monimutkaisiin ty\u00f6ymp\u00e4rist\u00f6ihin ja erilaisiin ty\u00f6vaatimuksiin.<\/p>\n<p><img decoding=\"async\" src=\"https:\/\/www.hydraulic-cylinders.net\/wp-content\/uploads\/2025\/01\/songte-company-2.webp\"><\/p>\n<h3>Kauhasylinterin ominaisuudet:<\/h3>\n<ol>\n<li><strong>Korkea lujuus ja kest\u00e4vyys:<\/strong> Tyypillisesti eritt\u00e4in lujasta ter\u00e4ksest\u00e4 tai alumiinista valmistettu tuote kest\u00e4\u00e4 korkeaa painetta ja raskaita kuormia ja mukautuu vaativiin ty\u00f6ymp\u00e4rist\u00f6ihin. Suunnittelussa on otettu huomioon kulutuskest\u00e4vyys ja korroosionkest\u00e4vyys, mik\u00e4 pident\u00e4\u00e4 k\u00e4ytt\u00f6ik\u00e4\u00e4.<\/li>\n<li><strong>Tehokas hydraulinen k\u00e4ytt\u00f6:<\/strong> Hydrauli\u00f6ljyn paineen ansiosta se saavuttaa tasaiset ojennus- ja supistumisliikkeet, reagoi nopeasti ohjauskomentoihin ja tuottaa tehokkaita ty\u00f6nt\u00f6- ja vetovoimia, jotka sopivat raskaiden kuormien k\u00e4sittelyyn ja monimutkaisiin ty\u00f6teht\u00e4viin.<\/li>\n<li><strong>Erilaisia \u200b\u200btyyppej\u00e4:<\/strong> Saatavilla yksitoimisina (hydraulisesti vain yhteen suuntaan) tai kaksitoimisina (hydraulisesti molempiin suuntiin) sylinterein\u00e4 erilaisten k\u00e4ytt\u00f6vaatimusten t\u00e4ytt\u00e4miseksi. Jotkut mallit ovat teleskooppisia, mik\u00e4 mahdollistaa suuremman jatkeen ilman ulkomittojen kasvua, joten ne sopivat rajoitettuihin tiloihin.<\/li>\n<li><strong>T\u00e4ydellinen korvaus:<\/strong> Tuotteemme voi t\u00e4ydellisesti korvata n\u00e4m\u00e4 hydraulisylinterit. <\/li>\n<\/ol>\n<p><img decoding=\"async\" src=\"https:\/\/www.hydraulic-cylinders.net\/wp-content\/uploads\/2025\/01\/songte-cylinder-head-with-all-kinds-excavator-models.webp\"><\/p>\n<h3>Kauhasylinterin sovellukset:<\/h3>\n<p>Kauhasylinteri\u00e4 k\u00e4ytet\u00e4\u00e4n erilaisissa laitteissa, mukaan lukien:<\/p>\n<ol>\n<li><strong>Rakennuslaitteet:<\/strong> Kaivinkoneissa niit\u00e4 k\u00e4ytet\u00e4\u00e4n ratkaisevana tekij\u00e4n\u00e4 maan kaivamisessa, lastaamisessa ja maaper\u00e4n tai roskien siirt\u00e4misess\u00e4. Kaivurikuormaajissa kauhan sylinteri auttaa sek\u00e4 kaivamisessa ett\u00e4 nostamisessa.<\/li>\n<li><strong>Maatalouskoneet:<\/strong> K\u00e4ytet\u00e4\u00e4n etukuormaajissa maaper\u00e4n, hein\u00e4n ja muiden materiaalien kauhaukseen, nostamiseen ja kuljettamiseen.<\/li>\n<li><strong>Kaivinkoneet:<\/strong> Kauhan sylinteri mahdollistaa kaivutoimenpiteet, koska kauha tunkeutuu maaper\u00e4\u00e4n.<\/li>\n<li><strong>Etukuormaajat:<\/strong> Etukuormaajissa ne auttavat tavaroiden tehokkaassa nostamisessa ja kallistuksessa.<\/li>\n<\/ol>\n<h3>Suunnittelun\u00e4k\u00f6kohdat ja valintakriteerit:<\/h3>\n<p>Kauhasylinteri\u00e4 suunniteltaessa otetaan huomioon useita tekij\u00f6it\u00e4 ja valintakriteerej\u00e4:<\/p>\n<ol>\n<li><strong>Kantavuus:<\/strong> Sylinteri on suunniteltu kest\u00e4m\u00e4\u00e4n aiottua kuormitusta ja k\u00e4ytt\u00f6olosuhteita.<\/li>\n<li><strong>Tiivistys:<\/strong> Erilaisia \u200b\u200btiivistyskomponentteja, kuten m\u00e4nn\u00e4ntiivisteit\u00e4 ja varren tiivisteit\u00e4, k\u00e4ytet\u00e4\u00e4n varmistamaan asianmukainen tiivistys ja est\u00e4m\u00e4\u00e4n \u00f6ljyvuotoja.<\/li>\n<li><strong>Kest\u00e4vyys:<\/strong> Sylinteri on rakennettu kest\u00e4m\u00e4\u00e4n odotettavissa olevaa kulumista k\u00e4yt\u00f6n aikana.<\/li>\n<li><strong>Turvallisuus:<\/strong> Turvaominaisuudet on sis\u00e4llytetty onnettomuuksien est\u00e4miseksi ja k\u00e4ytt\u00e4j\u00e4n turvallisuuden varmistamiseksi.<\/li>\n<li><strong>Yll\u00e4pidett\u00e4vyys:<\/strong> Sylinterin rakenne mahdollistaa helpon huollon ja korjauksen, mik\u00e4 minimoi seisokkiajat.<\/li>\n<\/ol>\n<p><img decoding=\"async\" src=\"https:\/\/www.hydraulic-cylinders.net\/wp-content\/uploads\/2025\/01\/songte-oil-pipes-and-spare-parts.webp\"><\/p>\n<h3>Tiivistys ja voitelu:<\/h3>\n<p>Kauhasylinteriss\u00e4 on erilaisia \u200b\u200btiivistyskomponentteja, kuten m\u00e4nn\u00e4ntiivisteit\u00e4 ja varren tiivisteit\u00e4, jotka on valmistettu kulutusta kest\u00e4vist\u00e4 materiaaleista, kuten polyuretaanista ja nitriilikumista. Sylinterin runko ja kierteitetyt p\u00e4\u00e4t on k\u00e4sitelty tarkasti kulutuskest\u00e4vyyden parantamiseksi. S\u00e4\u00e4nn\u00f6llinen voitelu sopivalla m\u00e4\u00e4r\u00e4ll\u00e4 hydrauli\u00f6ljy\u00e4 on tarpeen sujuvan toiminnan varmistamiseksi.<\/p>\n<h3>S\u00e4\u00e4nn\u00f6llinen tarkastus ja ennaltaehk\u00e4isev\u00e4 huolto:<\/h3>\n<p>Kauhasylinterin pitk\u00e4ik\u00e4isyyden ja suorituskyvyn varmistamiseksi suositellaan s\u00e4\u00e4nn\u00f6llisi\u00e4 tarkastuksia ja ennaltaehk\u00e4isevi\u00e4 huoltotoimenpiteit\u00e4. N\u00e4ihin kuuluvat:<\/p>\n<ol>\n<li>Tarkista s\u00e4\u00e4nn\u00f6llisesti mahdollisten vaurioiden tai kulumisen merkkien varalta.<\/li>\n<li>Sopivan voitelun levitt\u00e4minen.<\/li>\n<li>Tiivisteiden vaihto tarvittaessa.<\/li>\n<li>Kalibrointitarkastusten suorittaminen.<\/li>\n<\/ol>\n<h3>Oikea asennusohje:<\/h3>\n<p>Asenna kauhan sylinteri oikein noudattamalla seuraavia ohjeita:<\/p>\n<ol>\n<li>Kohdista sylinteri oikein asennuksen aikana.<\/li>\n<li>K\u00e4yt\u00e4 sopivia asennuskiinnikkeit\u00e4 sylinterin kiinnitt\u00e4miseen.<\/li>\n<\/ol>\n<p><img decoding=\"async\" src=\"https:\/\/www.hydraulic-cylinders.net\/wp-content\/uploads\/2025\/01\/songte-chushion-collar.webp\"><\/p>\n<h3>Turvallisuusn\u00e4k\u00f6kohdat ja ymp\u00e4rist\u00f6tekij\u00e4t:<\/h3>\n<p>Kauhasylinteri\u00e4 k\u00e4ytett\u00e4ess\u00e4 on t\u00e4rke\u00e4\u00e4 noudattaa turvallisuusohjeita onnettomuuksien ehk\u00e4isemiseksi ja turvallisen ty\u00f6ymp\u00e4rist\u00f6n varmistamiseksi.<\/p>\n<h3>Vianm\u00e4\u00e4ritys ja yleiset ongelmat:<\/h3>\n<p>Kauhasylinterin yleisi\u00e4 vikoja ja ongelmia, joita voi esiinty\u00e4, ovat:<\/p>\n<ol>\n<li>Hydrauli\u00f6ljyn vuoto.<\/li>\n<li>Heikentynyt suorituskyky tai vasteen puute.<\/li>\n<li>Ep\u00e4normaalia melua k\u00e4yt\u00f6n aikana.<\/li>\n<\/ol>\n<p>N\u00e4iden ongelmien vianm\u00e4\u00e4ritykseen ja ratkaisemiseen tutustu seuraaviin vinkkeihin ja ratkaisuihin:<\/p>\n<h3>Huoltoteht\u00e4v\u00e4t:<\/h3>\n<p>Kauhasylinterin yleisi\u00e4 huoltoteht\u00e4vi\u00e4 ovat s\u00e4\u00e4nn\u00f6llinen tarkastus, asianmukainen voitelu, tiivisteiden vaihto ja kalibrointitarkastukset. Korosta oikean asennuksen, voitelun ja s\u00e4\u00e4d\u00f6n t\u00e4rkeytt\u00e4. Anna ohjeita sylinterin kohdistamiseen asennuksen aikana ja suosittele sopivien asennuskiinnikkeiden k\u00e4ytt\u00f6\u00e4 sylinterin kiinnitt\u00e4miseksi. Ehdota suositeltuja tarkastus-, korjaus- ja vaihtomenettelyj\u00e4 sek\u00e4 vinkkej\u00e4 kauhasylinterin k\u00e4ytt\u00f6i\u00e4n pident\u00e4miseksi.<\/p>\n<p><img decoding=\"async\" src=\"https:\/\/www.hydraulic-cylinders.net\/wp-content\/uploads\/2025\/01\/songte-bushings-with-all-kinds-of-excavator-models.webp\"><\/p>\n<p>Muista j\u00e4rjest\u00e4\u00e4 artikkeli loogisesti, k\u00e4ytt\u00e4\u00e4 alaotsikoita helpottamaan navigointia, sis\u00e4llytt\u00e4\u00e4 asiaankuuluvia kuvia tai kaavioita ymm\u00e4rryksen parantamiseksi ja varmistaa, ett\u00e4 sis\u00e4lt\u00f6 on selke\u00e4\u00e4, ytimek\u00e4st\u00e4 ja sopivaa lukijoille, joilla on eri tasoinen tekninen tiet\u00e4mys.<\/p>\n<h2>Tietoa yrityksest\u00e4mme<\/h2>\n<p>Olemme varaosien hydraulisylintereiden valmistaja ja yksi johtavista valmistajista ja tukkumyyjist\u00e4 kotimaisilla ja kansainv\u00e4lisill\u00e4 markkinoilla. Yrityksemme noudattaa erinomaisen laadun periaatteita ja luottaa teollisen tuotannon hallintastrategioihin hienosti varustelluissa tuotantotiloissa. Teknisten kykyjen, digitaalisten huippuluokan valmistuslaitteiden ja ammattimaisten testausj\u00e4rjestelmien avulla parannamme jatkuvasti valmistusymp\u00e4rist\u00f6\u00e4mme ja t\u00e4ydellist\u00e4mme tuotantoreitti\u00e4 tuotteiden laadun takaamiseksi. Meill\u00e4 on vahva luova kyky ja pyrimme vastaamaan asiakkaiden monipuolisiin tarpeisiin korkealla tehokkuudella, tarkkuudella ja korkeilla laatuperiaatteilla.<\/p>\n<p><img decoding=\"async\" src=\"https:\/\/hzpt.com\/wp-content\/uploads\/2024\/11\/songte-company-1.webp\"><\/p>\n<h3>Yrityksemme kohokohdat:<\/h3>\n<ol>\n<li>Ammattimaisuus<\/li>\n<li>Kansainv\u00e4liset sertifikaatit<\/li>\n<li>R\u00e4\u00e4t\u00e4l\u00f6intipalvelut<\/li>\n<li>Edistykselliset tuotantolaitteet<\/li>\n<li>Myynnin j\u00e4lkeiset palvelut<\/li>\n<\/ol>\n<p><img decoding=\"async\" src=\"https:\/\/www.hydraulic-cylinders.net\/wp-content\/uploads\/2025\/01\/songte-company-3.webp\"><\/p>\n<p>Kirjoittaja: lyl<\/p>","protected":false},"excerpt":{"rendered":"<p>Bucket Cylinder For Bonny CED1250-7 The Bucket Cylinder for Bonny CED1250-7 is a specialized hydraulic cylinder designed for controlling the movement of the bucket in heavy machinery such as excavators, backhoe loaders, and front-end loaders. Its main function is to enable the lifting, lowering, and tilting of the bucket, facilitating various material handling tasks. In [&hellip;]<\/p>","protected":false},"featured_media":14778,"comment_status":"open","ping_status":"closed","template":"","meta":{"_et_pb_use_builder":"","_et_pb_old_content":"","_et_gb_content_width":""},"product_brand":[],"product_cat":[1494],"product_tag":[1495,1496],"class_list":{"0":"post-15934","1":"product","2":"type-product","3":"status-publish","4":"has-post-thumbnail","6":"product_cat-bucket-cylinders","7":"product_tag-bucket-cylinders","8":"product_tag-hydraulic-cylinders","10":"first","11":"instock","12":"shipping-taxable","13":"product-type-simple"},"amp_enabled":true,"_links":{"self":[{"href":"https:\/\/www.hydraulic-cylinders.net\/fi\/wp-json\/wp\/v2\/product\/15934","targetHints":{"allow":["GET"]}}],"collection":[{"href":"https:\/\/www.hydraulic-cylinders.net\/fi\/wp-json\/wp\/v2\/product"}],"about":[{"href":"https:\/\/www.hydraulic-cylinders.net\/fi\/wp-json\/wp\/v2\/types\/product"}],"replies":[{"embeddable":true,"href":"https:\/\/www.hydraulic-cylinders.net\/fi\/wp-json\/wp\/v2\/comments?post=15934"}],"wp:featuredmedia":[{"embeddable":true,"href":"https:\/\/www.hydraulic-cylinders.net\/fi\/wp-json\/wp\/v2\/media\/14778"}],"wp:attachment":[{"href":"https:\/\/www.hydraulic-cylinders.net\/fi\/wp-json\/wp\/v2\/media?parent=15934"}],"wp:term":[{"taxonomy":"product_brand","embeddable":true,"href":"https:\/\/www.hydraulic-cylinders.net\/fi\/wp-json\/wp\/v2\/product_brand?post=15934"},{"taxonomy":"product_cat","embeddable":true,"href":"https:\/\/www.hydraulic-cylinders.net\/fi\/wp-json\/wp\/v2\/product_cat?post=15934"},{"taxonomy":"product_tag","embeddable":true,"href":"https:\/\/www.hydraulic-cylinders.net\/fi\/wp-json\/wp\/v2\/product_tag?post=15934"}],"curies":[{"name":"wp","href":"https:\/\/api.w.org\/{rel}","templated":true}]}}