{"id":15937,"date":"2025-01-19T15:11:26","date_gmt":"2025-01-19T15:11:26","guid":{"rendered":"https:\/\/www.hydraulic-cylinders.net\/product\/bucket-cylinder-for-bonny-ctd460-6\/"},"modified":"2025-01-19T15:11:28","modified_gmt":"2025-01-19T15:11:28","slug":"bucket-cylinder-for-bonny-ctd460-6","status":"publish","type":"product","link":"https:\/\/www.hydraulic-cylinders.net\/fi\/tuote\/bucket-cylinder-for-bonny-ctd460-6\/","title":{"rendered":"Kauhan sylinteri Bonny CTD460-6:lle"},"content":{"rendered":"<h1>Kauhan sylinteri Bonny CTD460-6:lle<\/h1>\n<h2>Johdanto<\/h2>\n<p>Kauhasylinteri on erityisesti suunniteltu hydraulisylinteri, jota k\u00e4ytet\u00e4\u00e4n ensisijaisesti raskaiden koneiden, kuten kaivinkoneiden, traktorikaivureiden ja etukuormaajien, kauhojen liikkeen ohjaamiseen. Sen p\u00e4\u00e4teht\u00e4v\u00e4n\u00e4 on mahdollistaa kauhan nostaminen, laskeminen ja kallistaminen, mik\u00e4 helpottaa erilaisten materiaalien k\u00e4sittely\u00e4.<\/p>\n<p><img decoding=\"async\" src=\"https:\/\/www.hydraulic-cylinders.net\/wp-content\/uploads\/2025\/01\/songte-company-2.webp\"><\/p>\n<h3>M\u00e4\u00e4ritelm\u00e4 ja selitys<\/h3>\n<p>Hydraulij\u00e4rjestelm\u00e4ss\u00e4 kauhan sylinteri hy\u00f6dynt\u00e4\u00e4 hydrauli\u00f6ljyn paineen muutoksia kauhan tarkan hallinnan saavuttamiseksi, jolloin k\u00e4ytt\u00e4j\u00e4t voivat k\u00e4sitell\u00e4 raskaita kuormia tehokkaasti ja sopeutua monimutkaisiin ty\u00f6ymp\u00e4rist\u00f6ihin ja vaihteleviin ty\u00f6vaatimuksiin.<\/p>\n<h2>Ominaisuudet<\/h2>\n<ul>\n<li>\n<h3>Korkea lujuus ja kest\u00e4vyys<\/h3>\n<\/li>\n<p>Kauhasylinterit on tyypillisesti valmistettu eritt\u00e4in lujasta ter\u00e4ksest\u00e4 tai alumiinista, ja ne kest\u00e4v\u00e4t korkeaa painetta ja raskaita kuormia, mik\u00e4 tekee niist\u00e4 sopivia vaativiin ty\u00f6ymp\u00e4rist\u00f6ihin. Suunnittelussa on otettu huomioon kulutuskest\u00e4vyys ja korroosionkest\u00e4vyys, mik\u00e4 pident\u00e4\u00e4 k\u00e4ytt\u00f6ik\u00e4\u00e4.<\/p>\n<li>\n<h3>Tehokas hydraulinen k\u00e4ytt\u00f6<\/h3>\n<\/li>\n<p>Kauhasylinterit k\u00e4ytt\u00e4v\u00e4t hydrauli\u00f6ljyn painetta tasaisen ojennuksen ja supistumisen aikaansaamiseksi, mik\u00e4 tarjoaa voimakkaita ty\u00f6nt\u00f6- ja vetovoimia ja reagoi nopeasti k\u00e4ytt\u00f6komentoihin. Ne soveltuvat raskaiden kuormien k\u00e4sittelyyn ja monimutkaisiin ty\u00f6teht\u00e4viin.<\/p>\n<li>\n<h3>Erilaiset tyypit<\/h3>\n<\/li>\n<p>Kauhasylintereit\u00e4 voidaan valita tarpeiden mukaan, mukaan lukien yksitoimiset (hydraulisesti vain yhteen suuntaan k\u00e4ytett\u00e4v\u00e4t) tai kaksitoimiset (hydraulisesti kahteen suuntaan k\u00e4ytett\u00e4v\u00e4t) sylinterit erilaisten k\u00e4ytt\u00f6vaatimusten t\u00e4ytt\u00e4miseksi. Jotkut mallit ovat teleskooppisia, mik\u00e4 mahdollistaa suuremman jatkeen ilman ulkomittojen kasvua, joten ne sopivat sovelluksiin, joissa on rajoitetusti tilaa.<\/p>\n<li>\n<h3>T\u00e4ydellinen korvaus<\/h3>\n<\/li>\n<p>Tuotteemme voivat t\u00e4ydellisesti korvata n\u00e4m\u00e4 hydraulisylinterit.<\/p>\n<\/ul>\n<p><img decoding=\"async\" src=\"https:\/\/www.hydraulic-cylinders.net\/wp-content\/uploads\/2025\/01\/songte-cylinder-head-with-all-kinds-excavator-models.webp\"><\/p>\n<h2>Sovellukset<\/h2>\n<ul>\n<li>\n<h3>Rakennuslaitteet<\/h3>\n<\/li>\n<p>Kaivinkoneissa kauhasylinterit ovat v\u00e4ltt\u00e4m\u00e4tt\u00f6mi\u00e4 maan kaivamiseen, lastaamiseen ja maaper\u00e4n tai roskien siirt\u00e4miseen. Kaivinkoneissa kauhasylinterit auttavat sek\u00e4 kaivamisessa ett\u00e4 nostamisessa. Kauhasylintereit\u00e4 k\u00e4ytet\u00e4\u00e4n etukuormaajissa maaper\u00e4n, hein\u00e4n ja muiden materiaalien kauhaamiseen, nostamiseen ja kuljettamiseen.<\/p>\n<li>\n<h3>Kaivinkoneet<\/h3>\n<\/li>\n<p>Kaivinkoneiden kauhan sylinterit mahdollistavat kauhan tunkeutumisen maaper\u00e4\u00e4n kaivamista varten.<\/p>\n<li>\n<h3>Kuormaajat<\/h3>\n<\/li>\n<p>Etukuormaajien kauhan sylinterit auttavat tavaroiden tehokkaassa nostamisessa ja tyhjent\u00e4misess\u00e4.<\/p>\n<\/ul>\n<h2>Suunnittelun\u00e4k\u00f6kohdat ja valintakriteerit<\/h2>\n<p>Kauhasylintereihin sovelletaan erilaisia \u200b\u200bsuunnittelun\u00e4k\u00f6kohtia ja valintakriteerej\u00e4. N\u00e4it\u00e4 ovat:<\/p>\n<ul>\n<li>\n<h3>Kantavuus<\/h3>\n<\/li>\n<p>Kantavuus on t\u00e4rke\u00e4 huomioitava tekij\u00e4 kauhan sylinterin suunnittelussa. Sylinterin on kestett\u00e4v\u00e4 k\u00e4yt\u00f6n aikana kohtaamansa kuormat.<\/p>\n<li>\n<h3>Tiivistys<\/h3>\n<\/li>\n<p>Sylinterist\u00e4 vuotavan nesteen est\u00e4miseksi k\u00e4ytet\u00e4\u00e4n erilaisia \u200b\u200btiivistyskomponentteja, kuten m\u00e4nn\u00e4ntiivisteit\u00e4 ja varren tiivisteit\u00e4. Tiivisteet on tyypillisesti valmistettu kulutusta kest\u00e4vist\u00e4 materiaaleista, kuten polyuretaanista ja nitriilikumista.<\/p>\n<li>\n<h3>Kest\u00e4vyys<\/h3>\n<\/li>\n<p>Kauhasylinterien on oltava riitt\u00e4v\u00e4n kest\u00e4vi\u00e4 kest\u00e4m\u00e4\u00e4n k\u00e4ytt\u00f6ymp\u00e4rist\u00f6n ankaria olosuhteita. Sylinterin runko ja kierteitetyt p\u00e4\u00e4typinnat on hiottava kulumiskest\u00e4vyyden parantamiseksi.<\/p>\n<li>\n<h3>Turvallisuus<\/h3>\n<\/li>\n<p>Turvallisuus on ensisijainen huolenaihe hydraulisten j\u00e4rjestelmien kanssa ty\u00f6skennelt\u00e4ess\u00e4. Asianmukainen asennus ja huolto voivat auttaa ehk\u00e4isem\u00e4\u00e4n onnettomuuksia.<\/p>\n<li>\n<h3>Huolto<\/h3>\n<\/li>\n<p>Asianmukainen huolto on v\u00e4ltt\u00e4m\u00e4t\u00f6nt\u00e4 kauhasylinterien pitk\u00e4ik\u00e4isyyden ja turvallisuuden varmistamiseksi. Rutiininomaisiin huoltoteht\u00e4viin kuuluvat tiivisteiden tarkastus ja vaihto, vuotojen tarkistaminen ja sylinterin kalibrointi.<\/p>\n<\/ul>\n<p><img decoding=\"async\" src=\"https:\/\/www.hydraulic-cylinders.net\/wp-content\/uploads\/2025\/01\/songte-oil-pipes-and-spare-parts.webp\"><\/p>\n<h2>Tiivistys ja voitelu<\/h2>\n<p>Kauhasylintereiss\u00e4 k\u00e4ytet\u00e4\u00e4n erilaisia \u200b\u200btiivistyskomponentteja, kuten m\u00e4nn\u00e4ntiivisteit\u00e4 ja varren tiivisteit\u00e4, nestevuotojen est\u00e4miseksi. Tiivisteet on tyypillisesti valmistettu kulutusta kest\u00e4vist\u00e4 materiaaleista, kuten polyuretaanista ja nitriilikumista. Sylinterin runko ja kierteitetyt p\u00e4\u00e4typinnat on hiottu kulutuskest\u00e4vyyden parantamiseksi. Oikean hydrauli\u00f6ljyn m\u00e4\u00e4r\u00e4n s\u00e4\u00e4nn\u00f6llinen lis\u00e4\u00e4minen on v\u00e4ltt\u00e4m\u00e4t\u00f6nt\u00e4, jotta kauhasylinterit pysyv\u00e4t voideltuina ja toimisivat sujuvasti.<\/p>\n<h2>Tarkastus- ja ennaltaehk\u00e4isev\u00e4t huoltotoimenpiteet<\/h2>\n<p>Rutiinitarkastukset ja ennaltaehk\u00e4isev\u00e4t huoltotoimenpiteet voivat auttaa varmistamaan, ett\u00e4 kauhasylinterit toimivat tehokkaasti ja turvallisesti. Huoltoteht\u00e4viin kuuluvat:<\/p>\n<ul>\n<li>\n<h3>Oikea asennus<\/h3>\n<\/li>\n<p>Oikea asennus on avainasemassa kauhasylinterien turvallisen ja tehokkaan toiminnan varmistamisessa. Sylinterin oikea kohdistaminen, oikeiden asennuskiinnikkeiden k\u00e4ytt\u00e4minen sylinterin kiinnitt\u00e4miseen ja suositeltujen tarkastus-, korjaus- ja vaihto-ohjeiden noudattaminen voivat pident\u00e4\u00e4 sylinterin k\u00e4ytt\u00f6ik\u00e4\u00e4.<\/p>\n<li>\n<h3>Voitelu<\/h3>\n<\/li>\n<p>S\u00e4\u00e4nn\u00f6llinen voitelu on v\u00e4ltt\u00e4m\u00e4t\u00f6nt\u00e4 kauhan sylinterien sujuvan toiminnan varmistamiseksi. Oikean hydrauliikka\u00f6ljyn lis\u00e4\u00e4minen suositelluin v\u00e4lein auttaa pit\u00e4m\u00e4\u00e4n tiivisteet voideltuina ja v\u00e4hent\u00e4\u00e4 kitkaa.<\/p>\n<li>\n<h3>Tiivisteen vaihto ja kalibroinnin tarkistus<\/h3>\n<\/li>\n<p>Kuluneiden tiivisteiden s\u00e4\u00e4nn\u00f6llinen tarkastus ja vaihto voivat auttaa est\u00e4m\u00e4\u00e4n nestevuotoja. Kalibrointitarkastukset varmistavat, ett\u00e4 sylinterin suorituskyky t\u00e4ytt\u00e4\u00e4 m\u00e4\u00e4ritellyt standardit.<\/p>\n<\/ul>\n<p><img decoding=\"async\" src=\"https:\/\/www.hydraulic-cylinders.net\/wp-content\/uploads\/2025\/01\/songte-chushion-collar.webp\"><\/p>\n<h2>Turvallisuusn\u00e4k\u00f6kohdat ja ymp\u00e4rist\u00f6tekij\u00e4t<\/h2>\n<p>Kauhasylinterit toimivat korkean paineen alaisena, joten asianmukaiset turvatoimenpiteet ovat v\u00e4ltt\u00e4m\u00e4tt\u00f6mi\u00e4. Ty\u00f6ntekij\u00f6iden on k\u00e4ytett\u00e4v\u00e4 asianmukaisia \u200b\u200bhenkil\u00f6nsuojaimia ja noudatettava suositeltuja turvallisuusohjeita ty\u00f6skennelless\u00e4\u00e4n hydraulij\u00e4rjestelmien kanssa. Ymp\u00e4rist\u00f6\u00f6n liittyviin huolenaiheisiin kuuluu hydraulinesteen ja muiden vaarallisten aineiden asianmukainen h\u00e4vitt\u00e4minen.<\/p>\n<h2>Vianm\u00e4\u00e4ritys ja yleiset ongelmat<\/h2>\n<p>Yleisi\u00e4 kauhan sylinteriongelmia ovat nestevuodot, riitt\u00e4m\u00e4t\u00f6n toiminta ja virheellinen linjaus. Vianm\u00e4\u00e4ritysvinkkej\u00e4 ovat vuotojen tarkistaminen, tiivisteiden kulumisen tarkistaminen ja oikean linjauksen tarkistaminen. Ennaltaehk\u00e4isevi\u00e4 toimenpiteit\u00e4 ovat asianmukainen asennus, s\u00e4\u00e4nn\u00f6llinen tarkastus ja huolto.<\/p>\n<p><img decoding=\"async\" src=\"https:\/\/www.hydraulic-cylinders.net\/wp-content\/uploads\/2025\/01\/songte-bushings-with-all-kinds-of-excavator-models.webp\"><\/p>\n<h2>Tietoa yrityksest\u00e4mme<\/h2>\n<p>We are a manufacturer of hydraulic cylinder replacements with a complete range of products and have become one of the leading manufacturers and wholesale distributors of hydraulic cylinders on the domestic and international markets. We follow the principle of excellent quality and rely on industrialized production management strategies in refined manufacturing workshops. We continuously improve our manufacturing platforms through the use of technological talent, digital high-end manufacturing equipment, and professional testing systems, enabling us to produce high-quality products with high efficiency, high precision, and high quality to meet customers&#8217; diverse needs.<\/p>\n<ul>\n<li>\n<h3>Ammattimaisuus<\/h3>\n<\/li>\n<p>We have a team of experienced professionals dedicated to providing the best solutions to our customers&#8217; needs.<\/p>\n<li>\n<h3>Kansainv\u00e4linen sertifiointi<\/h3>\n<\/li>\n<p>Tuotteemme ovat sertifioituja ja t\u00e4ytt\u00e4v\u00e4t kansainv\u00e4liset laatu- ja turvallisuusstandardit.<\/p>\n<li>\n<h3>R\u00e4\u00e4t\u00e4l\u00f6intipalvelut<\/h3>\n<\/li>\n<p>Tarjoamme r\u00e4\u00e4t\u00e4l\u00f6ityj\u00e4 hydraulisylinteriratkaisuja asiakkaidemme ainutlaatuisten tarpeiden mukaan.<\/p>\n<li>\n<h3>Tuotantolaitteet<\/h3>\n<\/li>\n<p>K\u00e4yt\u00e4mme huippuluokan valmistuslaitteita korkealaatuisten hydraulisylintereiden valmistukseen.<\/p>\n<li>\n<h3>Myynnin j\u00e4lkeiset palvelut<\/h3>\n<\/li>\n<p>Tarjoamme myynnin j\u00e4lkeist\u00e4 tukea kaikille asiakkaillemme tuotteidemme koko elinkaaren ajan.<\/p>\n<\/ul>\n<p><img decoding=\"async\" src=\"https:\/\/hzpt.com\/wp-content\/uploads\/2024\/11\/songte-company-1.webp\"><\/p>\n<p>Kirjoittaja: lyl<\/p>","protected":false},"excerpt":{"rendered":"<p>Bucket Cylinder For Bonny CTD460-6 Introduction A bucket cylinder is a specially designed hydraulic cylinder used primarily to control the movement of buckets in heavy machinery such as excavators, backhoes, and front loaders. Its main function is to enable the bucket to lift, lower, and tilt, making it easier to handle various materials. Definition and [&hellip;]<\/p>","protected":false},"featured_media":14771,"comment_status":"open","ping_status":"closed","template":"","meta":{"_et_pb_use_builder":"","_et_pb_old_content":"","_et_gb_content_width":""},"product_brand":[],"product_cat":[1494],"product_tag":[1495,1496],"class_list":{"0":"post-15937","1":"product","2":"type-product","3":"status-publish","4":"has-post-thumbnail","6":"product_cat-bucket-cylinders","7":"product_tag-bucket-cylinders","8":"product_tag-hydraulic-cylinders","10":"first","11":"instock","12":"shipping-taxable","13":"product-type-simple"},"amp_enabled":true,"_links":{"self":[{"href":"https:\/\/www.hydraulic-cylinders.net\/fi\/wp-json\/wp\/v2\/product\/15937","targetHints":{"allow":["GET"]}}],"collection":[{"href":"https:\/\/www.hydraulic-cylinders.net\/fi\/wp-json\/wp\/v2\/product"}],"about":[{"href":"https:\/\/www.hydraulic-cylinders.net\/fi\/wp-json\/wp\/v2\/types\/product"}],"replies":[{"embeddable":true,"href":"https:\/\/www.hydraulic-cylinders.net\/fi\/wp-json\/wp\/v2\/comments?post=15937"}],"wp:featuredmedia":[{"embeddable":true,"href":"https:\/\/www.hydraulic-cylinders.net\/fi\/wp-json\/wp\/v2\/media\/14771"}],"wp:attachment":[{"href":"https:\/\/www.hydraulic-cylinders.net\/fi\/wp-json\/wp\/v2\/media?parent=15937"}],"wp:term":[{"taxonomy":"product_brand","embeddable":true,"href":"https:\/\/www.hydraulic-cylinders.net\/fi\/wp-json\/wp\/v2\/product_brand?post=15937"},{"taxonomy":"product_cat","embeddable":true,"href":"https:\/\/www.hydraulic-cylinders.net\/fi\/wp-json\/wp\/v2\/product_cat?post=15937"},{"taxonomy":"product_tag","embeddable":true,"href":"https:\/\/www.hydraulic-cylinders.net\/fi\/wp-json\/wp\/v2\/product_tag?post=15937"}],"curies":[{"name":"wp","href":"https:\/\/api.w.org\/{rel}","templated":true}]}}