{"id":15939,"date":"2025-01-19T15:11:34","date_gmt":"2025-01-19T15:11:34","guid":{"rendered":"https:\/\/www.hydraulic-cylinders.net\/product\/bucket-cylinder-for-bonny-wzt46-7-45-7\/"},"modified":"2025-01-19T15:11:36","modified_gmt":"2025-01-19T15:11:36","slug":"bucket-cylinder-for-bonny-wzt46-7-45-7","status":"publish","type":"product","link":"https:\/\/www.hydraulic-cylinders.net\/fi\/tuote\/bucket-cylinder-for-bonny-wzt46-7-45-7\/","title":{"rendered":"Kauhan sylinteri Bonny WZT46-7\/45-7:lle"},"content":{"rendered":"<h1>Kauhan sylinteri Bonny WZT46-7\/45-7:lle<\/h1>\n<h2>Johdanto<\/h2>\n<p>Bonny WZT46-7\/45-7 -mallin kauhan sylinteri on hydraulinen sylinteri, joka on suunniteltu erityisesti raskaiden koneiden, kuten kaivinkoneiden, traktorikaivureiden ja etukuormaajien, kauhan liikkeen ohjaamiseen. Sen p\u00e4\u00e4teht\u00e4v\u00e4n\u00e4 on helpottaa erilaisia \u200b\u200bmateriaalink\u00e4sittelyteht\u00e4vi\u00e4 mahdollistamalla kauhan tarkka nostaminen, laskeminen ja kallistaminen hydraulij\u00e4rjestelm\u00e4n hydrauli\u00f6ljyn paineenvaihteluiden avulla. T\u00e4m\u00e4 mahdollistaa raskaiden kuormien tehokkaan k\u00e4sittelyn ja sopeutumisen erilaisiin ty\u00f6olosuhteisiin ja -vaatimuksiin.<\/p>\n<p><img decoding=\"async\" src=\"https:\/\/www.hydraulic-cylinders.net\/wp-content\/uploads\/2025\/01\/songte-company-2.webp\" alt=\"Kauhan sylinterin kuva\"><\/p>\n<h2>Ominaisuudet<\/h2>\n<ul>\n<li>\n<h3>Korkea lujuus ja kest\u00e4vyys<\/h3>\n<p>Kauhasylinterit on yleens\u00e4 valmistettu eritt\u00e4in lujasta ter\u00e4ksest\u00e4 tai alumiinista kest\u00e4m\u00e4\u00e4n korkeaa painetta ja raskaita kuormia, mik\u00e4 tekee niist\u00e4 sopivia vaativiin ty\u00f6ymp\u00e4rist\u00f6ihin. Niiden suunnittelussa on otettu huomioon my\u00f6s kulutuskest\u00e4vyys ja korroosionkest\u00e4vyys, mik\u00e4 pident\u00e4\u00e4 niiden k\u00e4ytt\u00f6ik\u00e4\u00e4.<\/p>\n<\/li>\n<li>\n<h3>Tehokas hydraulinen k\u00e4ytt\u00f6<\/h3>\n<p>Kauhasylinterit k\u00e4ytt\u00e4v\u00e4t hydrauli\u00f6ljyn painetta tasaisten teleskooppiliikkeiden saavuttamiseksi, jotka reagoivat nopeasti ohjauskomentoihin, tarjoavat tehokkaita ty\u00f6nt\u00f6- ja vetovoimia ja soveltuvat raskaiden kuormien k\u00e4sittelyyn ja monimutkaisiin teht\u00e4viin.<\/p>\n<\/li>\n<li>\n<h3>Monipuoliset tyypit<\/h3>\n<p>Kauhasylinterit voivat olla yksitoimisia (hydrauliikkaa vain yhteen suuntaan) tai kaksitoimisia (hydrauliikkaa molempiin suuntiin) sylintereit\u00e4 k\u00e4ytt\u00f6vaatimuksista riippuen. Jotkut mallit ovat teleskooppisia, mik\u00e4 mahdollistaa suuremman laajenemisen ilman ulkomittojen kasvua, joten ne sopivat sovelluksiin, joissa on rajoitetusti tilaa.<\/p>\n<\/li>\n<li>\n<h3>T\u00e4ydellinen korvaus<\/h3>\n<p>Tuotteemme voivat t\u00e4ydellisesti korvata muut hydraulisylinterit, ja voimme valmistaa t\u00e4m\u00e4n tuotteen vastaamaan erityisvaatimuksiasi.<\/p>\n<\/li>\n<\/ul>\n<p><img decoding=\"async\" src=\"https:\/\/www.hydraulic-cylinders.net\/wp-content\/uploads\/2025\/01\/songte-cylinder-head-with-all-kinds-excavator-models.webp\" alt=\"Kauhan sylinterin kuva\"><\/p>\n<h2>Sovellukset<\/h2>\n<p>Kauhasylintereit\u00e4 k\u00e4ytet\u00e4\u00e4n laajalti erilaisissa rakennus- ja maatalouskoneissa, kuten:<\/p>\n<ul>\n<li>Rakennuslaitteet: Ne ovat v\u00e4ltt\u00e4m\u00e4tt\u00f6mi\u00e4 kaivinkoneille, kaivurikuormaajille ja etukuormaajille, koska ne auttavat maan tai roskien kaivamisessa, lastaamisessa ja siirt\u00e4misess\u00e4.<\/li>\n<li>Maatalouskoneet: Niit\u00e4 k\u00e4ytet\u00e4\u00e4n etukuormaajissa maaper\u00e4n, hein\u00e4n ja muiden materiaalien ker\u00e4\u00e4miseen, nostamiseen ja kuljettamiseen.<\/li>\n<li>Kaivinkoneet: Kauhasylinterit mahdollistavat kaivuty\u00f6t, koska kauhat p\u00e4\u00e4sev\u00e4t tunkeutumaan maaper\u00e4\u00e4n.<\/li>\n<li>Kuormaajat: Etukuormaajissa ne auttavat tavaroiden tehokkaassa nostamisessa ja kallistamisessa.<\/li>\n<\/ul>\n<p>Jokainen sovellus voi hy\u00f6ty\u00e4 seuraavista eduista:<\/p>\n<ul>\n<li>Rakennuslaitteet: Kauhasylinterimme voivat auttaa kaivamisessa ja raskaiden materiaalien kuljettamisessa.<\/li>\n<li>Maatalouskoneet: Ne voivat auttaa maatalousty\u00f6ntekij\u00f6it\u00e4 suurten materiaalim\u00e4\u00e4rien lastaamisessa ja kuljettamisessa.<\/li>\n<li>Kaivinkoneet: Kauhasylinterimme voivat auttaa kaivinkoneita kaivu- ja louhintat\u00f6iss\u00e4.<\/li>\n<li>Kuormaajat: Ne voivat nostaa ja kuljettaa tavaroita vaivattomasti.<\/li>\n<\/ul>\n<h2>Suunnittelun\u00e4k\u00f6kohdat ja valintakriteerit<\/h2>\n<p>Kauhasylinterien suunnittelussa otetaan huomioon useita tekij\u00f6it\u00e4, kuten kantokyky, tiiviys, kest\u00e4vyys, turvallisuus ja huolto. Alla on lueteltu t\u00e4rkeimm\u00e4t suunnitteluelementit:<\/p>\n<ul>\n<li>\n<h3>Kantavuus<\/h3>\n<p>Kauhasylinterien tulee kest\u00e4\u00e4 raskaita kuormia ja korkeaa painetta rakenteellisten vaurioiden v\u00e4ltt\u00e4miseksi. T\u00e4ss\u00e4 suhteessa on otettava huomioon sylinterisein\u00e4m\u00e4n paksuus ja k\u00e4ytettyjen materiaalien laatu.<\/p>\n<\/li>\n<li>\n<h3>Tiivistys<\/h3>\n<p>Kauhasylintereiss\u00e4 tulisi olla luotettavat tiivistysmekanismit \u00f6ljyvuotojen est\u00e4miseksi ja optimaalisen suorituskyvyn varmistamiseksi. Yleisi\u00e4 tiivistysmekanismeja ovat m\u00e4nn\u00e4ntiivisteet, m\u00e4nn\u00e4nvarren tiivisteet ja pyyhkij\u00e4n tiivisteet. Tiivistysmateriaalien tulee olla kulutusta kest\u00e4vi\u00e4 ja lujia.<\/p>\n<\/li>\n<li>\n<h3>Kest\u00e4vyys<\/h3>\n<p>Kauhasylinterien tulee olla valmistettu kest\u00e4vist\u00e4 materiaaleista, jotta ne kest\u00e4v\u00e4t vaativia ty\u00f6ymp\u00e4rist\u00f6j\u00e4 ja toistuvaa k\u00e4ytt\u00f6\u00e4. Sylinterin rei\u00e4n ja kierteitetyn p\u00e4\u00e4n pinta tulee k\u00e4sitell\u00e4 kulutuskest\u00e4vyyden parantamiseksi pitk\u00e4n k\u00e4ytt\u00f6i\u00e4n parantamiseksi.<\/p>\n<\/li>\n<li>\n<h3>Turvallisuus<\/h3>\n<p>Kauhasylinterit tulee suunnitella turvallisuusn\u00e4k\u00f6kohdat huomioon ottaen onnettomuuksien ja omaisuusvahinkojen est\u00e4miseksi. Turvaominaisuuksiin voivat kuulua paineenalennusventtiilit, h\u00e4t\u00e4pys\u00e4ytyskytkimet ja ylikuormitussuojamekanismit.<\/p>\n<\/li>\n<li>\n<h3>Huolto<\/h3>\n<p>Kauhasylintereiden huolto ja korjaus tulisi olla helppoa seisokkiaikojen v\u00e4ltt\u00e4miseksi. Asianmukaisiin huoltok\u00e4yt\u00e4nt\u00f6ihin kuuluvat s\u00e4\u00e4nn\u00f6lliset tarkastukset, puhdistus, voitelu ja osien vaihto.<\/p>\n<\/li>\n<\/ul>\n<p><img decoding=\"async\" src=\"https:\/\/www.hydraulic-cylinders.net\/wp-content\/uploads\/2025\/01\/songte-oil-pipes-and-spare-parts.webp\" alt=\"Kauhan sylinterin kuva\"><\/p>\n<h2>Tiivistys ja voitelu<\/h2>\n<p>Kauhasylintereiss\u00e4 k\u00e4ytet\u00e4\u00e4n erilaisia \u200b\u200btiivistysmekanismeja \u00f6ljyvuotojen est\u00e4miseksi ja optimaalisen suorituskyvyn varmistamiseksi. N\u00e4ihin mekanismeihin kuuluvat m\u00e4nn\u00e4ntiivisteet, m\u00e4nn\u00e4nvarren tiivisteet ja pyyhkij\u00e4n tiivisteet, joiden tulisi olla valmistettu kulutusta kest\u00e4vist\u00e4 materiaaleista, kuten polyuretaanista ja nitriilikumista. Sylinterin reik\u00e4 ja kierteitetty p\u00e4\u00e4 tulee k\u00e4sitell\u00e4 kulutuskest\u00e4vyyden parantamiseksi, ja s\u00e4\u00e4nn\u00f6llinen voitelu on v\u00e4ltt\u00e4m\u00e4t\u00f6nt\u00e4 optimaalisen toiminnan yll\u00e4pit\u00e4miseksi.<\/p>\n<h2>Huolto ja korjaus<\/h2>\n<p>Optimaalisen toiminnan yll\u00e4pit\u00e4miseksi kauhan sylinterit vaativat s\u00e4\u00e4nn\u00f6llisi\u00e4 tarkastuksia, puhdistusta, voitelua ja osien vaihtoa. Yleisi\u00e4 huoltoteht\u00e4vi\u00e4 ovat:<\/p>\n<ul>\n<li>S\u00e4\u00e4nn\u00f6llinen tarkastus: Tarkista \u00f6ljyvuodot, vaurioituneet tiivisteet ja kuluneet osat.<\/li>\n<li>Voitelu: Levit\u00e4 sopivaa voiteluainetta sylinterin liikkuviin osiin kitkan v\u00e4hent\u00e4miseksi ja kulumisen est\u00e4miseksi.<\/li>\n<li>Tiivisteiden vaihto: Vaihda kuluneet tiivisteet \u00f6ljyvuotojen est\u00e4miseksi ja optimaalisen toiminnan varmistamiseksi.<\/li>\n<li>Kalibrointitarkistus: Varmista, ett\u00e4 sylinterin suorituskyky on optimaalinen, ja s\u00e4\u00e4d\u00e4 sit\u00e4 tarvittaessa.<\/li>\n<li>Osien vaihto: Vaihda vaurioituneet tai kuluneet osat optimaalisen toiminnan palauttamiseksi.<\/li>\n<\/ul>\n<p><img decoding=\"async\" src=\"https:\/\/www.hydraulic-cylinders.net\/wp-content\/uploads\/2025\/01\/songte-chushion-collar.webp\" alt=\"Kauhan sylinterin kuva\"><\/p>\n<h2>Turvallisuus- ja ymp\u00e4rist\u00f6n\u00e4k\u00f6kohdat<\/h2>\n<p>Kauhasylintereit\u00e4 on k\u00e4ytett\u00e4v\u00e4 asianmukaisten turvatoimenpiteiden mukaisesti onnettomuuksien ja omaisuusvahinkojen v\u00e4ltt\u00e4miseksi. N\u00e4ihin turvatoimenpiteisiin voivat kuulua paineenalennusventtiilit, h\u00e4t\u00e4pys\u00e4ytyskytkimet ja ylikuormitussuojamekanismit. My\u00f6s ymp\u00e4rist\u00f6n\u00e4k\u00f6kohdat on otettava huomioon hydrauliikka\u00f6ljyn ja sylinterin osien h\u00e4vitt\u00e4misess\u00e4.<\/p>\n<h2>Vianm\u00e4\u00e4ritys ja vianm\u00e4\u00e4ritys<\/h2>\n<p>Kauhasylintereiss\u00e4 voi esiinty\u00e4 erilaisia \u200b\u200bvikoja, jotka voivat vaikuttaa niiden suorituskykyyn. Yleisi\u00e4 vikoja ovat \u00f6ljyvuodot, vaurioituneet tiivisteet ja kuluneet osat. Vikojen diagnosoimiseksi tarkasta sylinteri s\u00e4\u00e4nn\u00f6llisesti ja etsi merkkej\u00e4 vaurioista tai kulumisesta. Vikojen vianm\u00e4\u00e4rityksess\u00e4 katso valmistajan k\u00e4ytt\u00f6ohjetta tai ota yhteytt\u00e4 ammattitaitoiseen hydrauliikkamekaanikkoon.<\/p>\n<h2>Yrityksen esittely<\/h2>\n<p>Olemme johtava hydraulisylinterien valmistaja ja tukkumyyj\u00e4 kotimaisilla ja kansainv\u00e4lisill\u00e4 markkinoilla. Tuotteemme ovat eritt\u00e4in laadukkaita ja noudatamme teollisen tuotannon hallintastrategiaa, joka perustuu hienoihin valmistusty\u00f6pajoihin, tekniseen osaamiseen, digitaalisiin huippuluokan valmistuslaitteisiin ja ammattimaisiin testausj\u00e4rjestelmiin. Tuotantoymp\u00e4rist\u00f6\u00e4mme parannetaan jatkuvasti tuotteidemme tuotannon laadun t\u00e4ydellist\u00e4miseksi, mik\u00e4 johtaa korkeaan tehokkuuteen, tarkkuuteen ja korkealaatuisiin tuotteisiin, jotka vastaavat asiakkaidemme monipuolisiin tarpeisiin.<\/p>\n<p>Yrityksemme tarjoaa r\u00e4\u00e4t\u00e4l\u00f6ityj\u00e4 palveluita, ammattimaisia \u200b\u200bhydraulisylintereiden tuotantolaitteita, kansainv\u00e4lisi\u00e4 sertifiointeja ja erikoistuneita huoltopalveluita. Olemme erikoistuneet kaikenlaisten hydraulisylintereiden valmistukseen, jotka voidaan r\u00e4\u00e4t\u00e4l\u00f6id\u00e4 asiakkaidemme erityistarpeisiin.<\/p>\n<p><img decoding=\"async\" src=\"https:\/\/hzpt.com\/wp-content\/uploads\/2024\/11\/songte-company-1.webp\" alt=\"Yrityksen imago\"><\/p>\n<h2>Johtop\u00e4\u00e4t\u00f6s<\/h2>\n<p>Yhteenvetona voidaan todeta, ett\u00e4 Bonny WZT46-7\/45-7 -mallin kauhan sylinteri on v\u00e4ltt\u00e4m\u00e4t\u00f6n hydraulisylinteri, joka on suunniteltu ohjaamaan kauhan liikett\u00e4 raskaissa koneissa. Yrityksemme on johtava hydraulisylinterien valmistaja, joka tarjoaa korkealaatuisia tuotteita ja ammattitaitoista huoltopalvelua asiakkaidemme tarpeiden t\u00e4ytt\u00e4miseksi. Toivomme, ett\u00e4 t\u00e4m\u00e4 artikkeli tarjoaa hy\u00f6dyllist\u00e4 tietoa kauhan sylintereist\u00e4 ja niiden sovelluksista, suunnittelun\u00e4k\u00f6kohdista ja huoltok\u00e4yt\u00e4nn\u00f6ist\u00e4.<\/p>\n<p>Kirjoittaja: lyl<\/p>","protected":false},"excerpt":{"rendered":"<p>Bucket Cylinder For Bonny WZT46-7\/45-7 Introduction A bucket cylinder for Bonny WZT46-7\/45-7 is a type of hydraulic cylinder designed specifically for controlling the movement of the bucket in heavy machinery such as excavators, backhoe excavators, and front-end loaders. Its main function is to facilitate various material handling tasks by enabling the bucket to lift, lower, [&hellip;]<\/p>","protected":false},"featured_media":14765,"comment_status":"open","ping_status":"closed","template":"","meta":{"_et_pb_use_builder":"","_et_pb_old_content":"","_et_gb_content_width":""},"product_brand":[],"product_cat":[1494],"product_tag":[1495,1496],"class_list":{"0":"post-15939","1":"product","2":"type-product","3":"status-publish","4":"has-post-thumbnail","6":"product_cat-bucket-cylinders","7":"product_tag-bucket-cylinders","8":"product_tag-hydraulic-cylinders","10":"first","11":"instock","12":"shipping-taxable","13":"product-type-simple"},"amp_enabled":true,"_links":{"self":[{"href":"https:\/\/www.hydraulic-cylinders.net\/fi\/wp-json\/wp\/v2\/product\/15939","targetHints":{"allow":["GET"]}}],"collection":[{"href":"https:\/\/www.hydraulic-cylinders.net\/fi\/wp-json\/wp\/v2\/product"}],"about":[{"href":"https:\/\/www.hydraulic-cylinders.net\/fi\/wp-json\/wp\/v2\/types\/product"}],"replies":[{"embeddable":true,"href":"https:\/\/www.hydraulic-cylinders.net\/fi\/wp-json\/wp\/v2\/comments?post=15939"}],"wp:featuredmedia":[{"embeddable":true,"href":"https:\/\/www.hydraulic-cylinders.net\/fi\/wp-json\/wp\/v2\/media\/14765"}],"wp:attachment":[{"href":"https:\/\/www.hydraulic-cylinders.net\/fi\/wp-json\/wp\/v2\/media?parent=15939"}],"wp:term":[{"taxonomy":"product_brand","embeddable":true,"href":"https:\/\/www.hydraulic-cylinders.net\/fi\/wp-json\/wp\/v2\/product_brand?post=15939"},{"taxonomy":"product_cat","embeddable":true,"href":"https:\/\/www.hydraulic-cylinders.net\/fi\/wp-json\/wp\/v2\/product_cat?post=15939"},{"taxonomy":"product_tag","embeddable":true,"href":"https:\/\/www.hydraulic-cylinders.net\/fi\/wp-json\/wp\/v2\/product_tag?post=15939"}],"curies":[{"name":"wp","href":"https:\/\/api.w.org\/{rel}","templated":true}]}}