{"id":15940,"date":"2025-01-19T15:11:38","date_gmt":"2025-01-19T15:11:38","guid":{"rendered":"https:\/\/www.hydraulic-cylinders.net\/product\/bucket-cylinder-for-bonny-waydq50-5\/"},"modified":"2025-01-19T15:11:41","modified_gmt":"2025-01-19T15:11:41","slug":"bucket-cylinder-for-bonny-waydq50-5","status":"publish","type":"product","link":"https:\/\/www.hydraulic-cylinders.net\/fi\/tuote\/bucket-cylinder-for-bonny-waydq50-5\/","title":{"rendered":"Kauhan sylinteri Bonny WAYDQ50-5:lle"},"content":{"rendered":"<h1>Kauhan sylinteri Bonny WAYDQ50-5:lle<\/h1>\n<h2>Johdanto<\/h2>\n<p>Bonny WAYDQ50-5:n kauhan sylinteri on erityisesti suunniteltu hydraulisylinteri, jota k\u00e4ytet\u00e4\u00e4n ensisijaisesti kauhan liikkeen ohjaamiseen raskaissa koneissa, kuten kaivinkoneissa, traktorikaivureissa ja etukuormaajissa. Sen p\u00e4\u00e4teht\u00e4v\u00e4n\u00e4 on mahdollistaa kauhan nostaminen, laskeminen ja kallistaminen, mik\u00e4 helpottaa erilaisten materiaalien kuljettamista. Hydraulij\u00e4rjestelm\u00e4ss\u00e4 kauhan sylinteri ohjaa kauhan tarkkaa liikett\u00e4 muuttamalla hydrauli\u00f6ljyn painetta, jolloin k\u00e4ytt\u00e4j\u00e4 voi k\u00e4sitell\u00e4 raskaita esineit\u00e4 tehokkaasti ja sopeutua monimutkaisiin ty\u00f6ymp\u00e4rist\u00f6ihin ja erilaisiin k\u00e4ytt\u00f6vaatimuksiin.<\/p>\n<p><img decoding=\"async\" src=\"https:\/\/www.hydraulic-cylinders.net\/wp-content\/uploads\/2025\/01\/songte-company-2.webp\" alt=\"Kauhan sylinteri Bonny WAYDQ50-5:lle\"><\/p>\n<h2>Ominaisuudet<\/h2>\n<ul>\n<li>Korkea lujuus ja kest\u00e4vyys: Tyypillisesti eritt\u00e4in lujasta ter\u00e4ksest\u00e4 tai alumiinista valmistettu tuote kest\u00e4\u00e4 korkeaa painetta ja raskaita kuormia ja sopii vaativiin ty\u00f6ymp\u00e4rist\u00f6ihin. Kulumis- ja korroosionkest\u00e4vyys mieless\u00e4 pit\u00e4en suunniteltu tuote pident\u00e4\u00e4 k\u00e4ytt\u00f6ik\u00e4\u00e4.<\/li>\n<li>Tehokas hydraulinen toiminta: Sujuva pidennys ja sis\u00e4\u00e4nveto saavutetaan hy\u00f6dynt\u00e4m\u00e4ll\u00e4 hydrauli\u00f6ljyn painetta, mik\u00e4 tarjoaa tehokkaan ty\u00f6nt\u00f6- ja vetovoiman, joka soveltuu raskaiden esineiden k\u00e4sittelyyn ja monimutkaisiin k\u00e4ytt\u00f6teht\u00e4viin.<\/li>\n<li>Erilaisia \u200b\u200btyyppej\u00e4: Yksitoimisia (hydraulisesti vain yhteen suuntaan) tai kaksitoimisia (hydraulisesti molempiin suuntiin) sylintereit\u00e4 voidaan valita vaatimusten mukaan erilaisten k\u00e4ytt\u00f6tarpeiden t\u00e4ytt\u00e4miseksi. Jotkut mallit ovat teleskooppisia, mik\u00e4 mahdollistaa suuremman jatkeen ilman ulkomittojen kasvua, mik\u00e4 sopii sovelluksiin, joissa on rajoitetusti tilaa.<\/li>\n<li>T\u00e4ydellinen korvaus: Tuotteemme voivat korvata n\u00e4m\u00e4 hydraulisylinterit t\u00e4ydellisesti.<\/li>\n<\/ul>\n<p><img decoding=\"async\" src=\"https:\/\/www.hydraulic-cylinders.net\/wp-content\/uploads\/2025\/01\/songte-cylinder-head-with-all-kinds-excavator-models.webp\" alt=\"Kauhan sylinteri Bonny WAYDQ50-5:lle\"><\/p>\n<h2>Sovellukset<\/h2>\n<p>Bonny WAYDQ50-5:n kauhasylinteri\u00e4 voidaan k\u00e4ytt\u00e4\u00e4 useilla eri teollisuudenaloilla ja koneissa, mukaan lukien, mutta ei rajoittuen:<\/p>\n<ul>\n<li>Rakennuslaitteet: Ne ovat v\u00e4ltt\u00e4m\u00e4tt\u00f6mi\u00e4 kaivinkoneissa kaivamiseen, lastaamiseen ja maaper\u00e4n tai roskien siirt\u00e4miseen. Kaivinkoneissa kauhan sylinterit auttavat kaivamisessa ja nostamisessa. Etukuormaajissa ne auttavat lastin tehokkaassa nostamisessa ja tyhjent\u00e4misess\u00e4.<\/li>\n<li>Maatalouskoneet: K\u00e4ytet\u00e4\u00e4n etukuormaajissa maan, hein\u00e4n ja muiden materiaalien kaivamiseen, nostamiseen ja kuljettamiseen. Kaivinkoneissa kauhan sylinteri mahdollistaa kaivamisen antamalla kauhan tunkeutua maahan.<\/li>\n<\/ul>\n<h2>Suunnittelu- ja valintakriteerit<\/h2>\n<p>Bonny WAYDQ50-5:n kauhasylinteri\u00e4 valittaessa ja suunniteltaessa on otettava huomioon useita tekij\u00f6it\u00e4, mukaan lukien:<\/p>\n<ul>\n<li>Kantavuus: Kest\u00e4\u00e4 suurta painetta ja raskaita kuormia.<\/li>\n<li>Tiivistys: K\u00e4yt\u00e4 erilaisia \u200b\u200btiivisteit\u00e4, kuten m\u00e4nn\u00e4ntiivisteit\u00e4, varren tiivisteit\u00e4 jne. Tiivisteet on valmistettu kulutusta kest\u00e4vist\u00e4 materiaaleista, kuten polyuretaanista ja NBR-kumista; sylinterin runko ja kierteiden p\u00e4\u00e4typinta on hienok\u00e4sitelty kulutuskest\u00e4vyyden parantamiseksi.<\/li>\n<li>Kest\u00e4vyys: Ota huomioon tekij\u00e4t, kuten kulutuskest\u00e4vyys ja korroosionkest\u00e4vyys, k\u00e4ytt\u00f6i\u00e4n pident\u00e4miseksi.<\/li>\n<li>Turvallisuus: Varmista, ett\u00e4 kauhan sylinteri toimii turvallisesti erilaisissa ymp\u00e4rist\u00f6iss\u00e4 ja olosuhteissa.<\/li>\n<li>Yll\u00e4pidett\u00e4vyys: Varmista, ett\u00e4 huolto ja korjaus voidaan suorittaa helposti ja tehokkaasti.<\/li>\n<\/ul>\n<p><img decoding=\"async\" src=\"https:\/\/www.hydraulic-cylinders.net\/wp-content\/uploads\/2025\/01\/songte-oil-pipes-and-spare-parts.webp\" alt=\"Kauhan sylinteri Bonny WAYDQ50-5:lle\"><\/p>\n<h2>Tiivistys ja voitelu<\/h2>\n<p>Bonny WAYDQ50-5:n kauhasylinteriss\u00e4 k\u00e4ytet\u00e4\u00e4n erilaisia \u200b\u200btiivisteit\u00e4, kuten m\u00e4nn\u00e4ntiivisteit\u00e4, varren tiivisteit\u00e4 jne. Tiivisteet on valmistettu kulutusta kest\u00e4vist\u00e4 materiaaleista, kuten polyuretaanista ja NBR-kumista. Sylinterin runko ja kierteiden p\u00e4\u00e4typinnat on hienok\u00e4sitelty kulutuskest\u00e4vyyden parantamiseksi. On tarpeen lis\u00e4t\u00e4 s\u00e4\u00e4nn\u00f6llisesti sopiva m\u00e4\u00e4r\u00e4 hydrauli\u00f6ljy\u00e4 sujuvan toiminnan varmistamiseksi.<\/p>\n<h2>Tarkastus ja ennakoiva huolto<\/h2>\n<p>S\u00e4\u00e4nn\u00f6lliset tarkastukset ja ennaltaehk\u00e4isev\u00e4 huolto ovat v\u00e4ltt\u00e4m\u00e4tt\u00f6mi\u00e4 kauhan sylinterin moitteettoman toiminnan ja pitk\u00e4n k\u00e4ytt\u00f6i\u00e4n varmistamiseksi. Huoltoteht\u00e4viin voi kuulua:<\/p>\n<ul>\n<li>S\u00e4\u00e4nn\u00f6lliset tarkastukset<\/li>\n<li>Oikea voitelu<\/li>\n<li>Tiivisteen vaihto<\/li>\n<li>Kalibrointitarkastukset<\/li>\n<\/ul>\n<h2>Asennusohjeet<\/h2>\n<p>Oikea asennus on ratkaisevan t\u00e4rke\u00e4\u00e4 kauhan sylinterin oikean toiminnan ja pitk\u00e4n k\u00e4ytt\u00f6i\u00e4n varmistamiseksi. On suositeltavaa k\u00e4ytt\u00e4\u00e4 sopivia asennuskiinnikkeit\u00e4 sylinterin kiinnitt\u00e4miseen. Sylinterin oikean kohdistuksen t\u00e4rkeytt\u00e4 on korostettava. Suositeltuja tarkastus-, korjaus- ja vaihtomenettelyj\u00e4 on noudatettava laitteen asianmukaisen huollon varmistamiseksi. Saatavilla on my\u00f6s kunnostuspalveluita ja varaosia k\u00e4ytt\u00f6i\u00e4n pident\u00e4miseksi.<\/p>\n<p><img decoding=\"async\" src=\"https:\/\/www.hydraulic-cylinders.net\/wp-content\/uploads\/2025\/01\/songte-chushion-collar.webp\" alt=\"Kauhan sylinteri Bonny WAYDQ50-5:lle\"><\/p>\n<h2>Turvallisuusn\u00e4k\u00f6kohdat ja ymp\u00e4rist\u00f6tekij\u00e4t<\/h2>\n<p>K\u00e4ytett\u00e4ess\u00e4 kauhan sylinteri\u00e4 Bonny WAYDQ50-5:ss\u00e4 on t\u00e4rke\u00e4\u00e4 noudattaa kaikkia turvaohjeita onnettomuuksien v\u00e4ltt\u00e4miseksi. My\u00f6s ymp\u00e4rist\u00f6tekij\u00e4t on otettava huomioon laitteen moitteettoman toiminnan ja pitk\u00e4n k\u00e4ytt\u00f6i\u00e4n varmistamiseksi.<\/p>\n<h2>Vianm\u00e4\u00e4ritys ja yleiset ongelmat<\/h2>\n<p>Kauhasylinterin yleisi\u00e4 ongelmia ovat vuodot, riitt\u00e4m\u00e4t\u00f6n voima ja virheellinen linjaus. Vianm\u00e4\u00e4ritys voidaan tehd\u00e4 tarkastamalla sylinteri n\u00e4kyvien vaurioiden varalta, tarkistamalla tiivisteet ja varmistamalla asianmukainen voitelu. Asianmukaiset ennaltaehk\u00e4isev\u00e4t toimenpiteet voivat v\u00e4hent\u00e4\u00e4 n\u00e4iden ongelmien todenn\u00e4k\u00f6isyytt\u00e4.<\/p>\n<p><img decoding=\"async\" src=\"https:\/\/www.hydraulic-cylinders.net\/wp-content\/uploads\/2025\/01\/songte-bushings-with-all-kinds-of-excavator-models.webp\" alt=\"Kauhan sylinteri Bonny WAYDQ50-5:lle\"><\/p>\n<h2>Tietoa yrityksest\u00e4mme<\/h2>\n<p>Olemme johtava hydraulisylintereiden valmistaja ja tukkumyyj\u00e4 kotimaisilla ja kansainv\u00e4lisill\u00e4 markkinoilla. Noudatamme erinomaisen laadun periaatetta ja luotamme hienostuneiden valmistuspajojen teollistettuun tuotannonohjausstrategiaan. Yrityksemme parantaa jatkuvasti ty\u00f6pajan valmistusalustaa teknisten kykyjen, digitaalisten huippuluokan valmistuslaitteiden ja ammattimaisten testausj\u00e4rjestelmien avulla tuotteiden laadun tuotantoreitin t\u00e4ydellist\u00e4miseksi ja meill\u00e4 on vahva kyky luoda tehokkaita, tarkkoja ja korkealaatuisia tuotteita asiakkaiden monipuolisten tarpeiden t\u00e4ytt\u00e4miseksi.<\/p>\n<p><img decoding=\"async\" src=\"https:\/\/hzpt.com\/wp-content\/uploads\/2024\/11\/songte-company-1.webp\" alt=\"Tietoa yrityksest\u00e4mme\"><\/p>\n<h3>Ammattimaisuus<\/h3>\n<p>Meill\u00e4 on kokeneiden insin\u00f6\u00f6rien ja teknikkojen tiimi, joka on omistautunut tarjoamaan ammattimaisia \u200b\u200bpalveluita ja ratkaisuja asiakkaillemme.<\/p>\n<h3>Kansainv\u00e4liset sertifikaatit<\/h3>\n<p>Tuotteemme ovat l\u00e4p\u00e4isseet ISO9001-, CE- ja muut kansainv\u00e4liset sertifikaatit, mik\u00e4 takaa niiden laadun ja luotettavuuden.<\/p>\n<h3>R\u00e4\u00e4t\u00e4l\u00f6intipalvelut<\/h3>\n<p>Tarjoamme r\u00e4\u00e4t\u00e4l\u00f6intipalveluita asiakkaiden erityisvaatimusten t\u00e4ytt\u00e4miseksi suunnittelusta tuotantoon.<\/p>\n<h3>Tuotantolaitteet<\/h3>\n<p>Meill\u00e4 on k\u00e4yt\u00f6ss\u00e4mme huippuluokan valmistuslaitteet tuotteidemme laadun ja tarkkuuden varmistamiseksi.<\/p>\n<h3>Myynnin j\u00e4lkeinen palvelu<\/h3>\n<p>Tarjoamme j\u00e4lkimarkkinointipalvelua varmistaaksemme, ett\u00e4 asiakkaamme voivat k\u00e4ytt\u00e4\u00e4 tuotteitamme luottavaisin mielin.<\/p>\n<p>Kirjoittaja: lyl<\/p>","protected":false},"excerpt":{"rendered":"<p>Bucket Cylinder for Bonny WAYDQ50-5 Introduction The bucket cylinder for Bonny WAYDQ50-5 is a specially designed hydraulic cylinder that is primarily used to control the motion of the bucket in heavy machinery such as excavators, backhoe excavators, and front loaders. Its main function is to enable the bucket to lift, lower, and tilt, making it [&hellip;]<\/p>","protected":false},"featured_media":14762,"comment_status":"open","ping_status":"closed","template":"","meta":{"_et_pb_use_builder":"","_et_pb_old_content":"","_et_gb_content_width":""},"product_brand":[],"product_cat":[1494],"product_tag":[1495,1496],"class_list":{"0":"post-15940","1":"product","2":"type-product","3":"status-publish","4":"has-post-thumbnail","6":"product_cat-bucket-cylinders","7":"product_tag-bucket-cylinders","8":"product_tag-hydraulic-cylinders","10":"first","11":"instock","12":"shipping-taxable","13":"product-type-simple"},"amp_enabled":true,"_links":{"self":[{"href":"https:\/\/www.hydraulic-cylinders.net\/fi\/wp-json\/wp\/v2\/product\/15940","targetHints":{"allow":["GET"]}}],"collection":[{"href":"https:\/\/www.hydraulic-cylinders.net\/fi\/wp-json\/wp\/v2\/product"}],"about":[{"href":"https:\/\/www.hydraulic-cylinders.net\/fi\/wp-json\/wp\/v2\/types\/product"}],"replies":[{"embeddable":true,"href":"https:\/\/www.hydraulic-cylinders.net\/fi\/wp-json\/wp\/v2\/comments?post=15940"}],"wp:featuredmedia":[{"embeddable":true,"href":"https:\/\/www.hydraulic-cylinders.net\/fi\/wp-json\/wp\/v2\/media\/14762"}],"wp:attachment":[{"href":"https:\/\/www.hydraulic-cylinders.net\/fi\/wp-json\/wp\/v2\/media?parent=15940"}],"wp:term":[{"taxonomy":"product_brand","embeddable":true,"href":"https:\/\/www.hydraulic-cylinders.net\/fi\/wp-json\/wp\/v2\/product_brand?post=15940"},{"taxonomy":"product_cat","embeddable":true,"href":"https:\/\/www.hydraulic-cylinders.net\/fi\/wp-json\/wp\/v2\/product_cat?post=15940"},{"taxonomy":"product_tag","embeddable":true,"href":"https:\/\/www.hydraulic-cylinders.net\/fi\/wp-json\/wp\/v2\/product_tag?post=15940"}],"curies":[{"name":"wp","href":"https:\/\/api.w.org\/{rel}","templated":true}]}}