{"id":15942,"date":"2025-01-19T15:11:46","date_gmt":"2025-01-19T15:11:46","guid":{"rendered":"https:\/\/www.hydraulic-cylinders.net\/product\/bucket-cylinder-for-nhig-3306lc\/"},"modified":"2025-01-19T15:11:48","modified_gmt":"2025-01-19T15:11:48","slug":"bucket-cylinder-for-nhig-3306lc","status":"publish","type":"product","link":"https:\/\/www.hydraulic-cylinders.net\/fi\/tuote\/bucket-cylinder-for-nhig-3306lc\/","title":{"rendered":"Kauhan sylinteri NHIG 3306LC:lle"},"content":{"rendered":"<h1>Kauhan sylinteri NHIG 3306LC:lle<\/h1>\n<h2>Johdanto<\/h2>\n<p>NHIG 3306LC:n kauhan sylinteri on hydraulinen sylinteri, joka on suunniteltu erityisesti ohjaamaan kauhan liikett\u00e4 raskaissa koneissa, kuten kaivinkoneissa, kaivurikuormaajissa ja etukuormaajissa. Sen p\u00e4\u00e4teht\u00e4v\u00e4n\u00e4 on mahdollistaa kauhan nostaminen, laskeminen ja kallistaminen, mik\u00e4 tekee siit\u00e4 k\u00e4tev\u00e4n erilaisissa materiaalink\u00e4sittelyteht\u00e4viss\u00e4. Hydraulij\u00e4rjestelm\u00e4ss\u00e4 kauhan sylinteri saavuttaa tarkan kauhan hallinnan hydrauli\u00f6ljyn paineen muutosten avulla, mink\u00e4 ansiosta k\u00e4ytt\u00e4j\u00e4t voivat k\u00e4sitell\u00e4 raskaita esineit\u00e4 tehokkaasti ja sopeutua monimutkaisiin ty\u00f6ymp\u00e4rist\u00f6ihin ja erilaisiin ty\u00f6vaatimuksiin.<\/p>\n<p><img decoding=\"async\" src=\"https:\/\/www.hydraulic-cylinders.net\/wp-content\/uploads\/2025\/01\/songte-company-2.webp\"><\/p>\n<h2>Ominaisuudet<\/h2>\n<ul>\n<li>\n<h3>Korkea lujuus ja kest\u00e4vyys<\/h3>\n<p>Yleens\u00e4 eritt\u00e4in lujasta ter\u00e4ksest\u00e4 tai alumiinista valmistettu kauhasylinteri kest\u00e4\u00e4 korkeaa painetta ja raskaita kuormia, sopeutuu vaativiin ty\u00f6ymp\u00e4rist\u00f6ihin ja on suunniteltu kulutus- ja korroosionkest\u00e4vyys mieless\u00e4 pit\u00e4en sen k\u00e4ytt\u00f6i\u00e4n pident\u00e4miseksi.<\/p>\n<\/li>\n<li>\n<h3>Tehokas hydraulinen k\u00e4ytt\u00f6<\/h3>\n<p>Kauhasylinteri hy\u00f6dynt\u00e4\u00e4 hydrauli\u00f6ljyn painetta tasaisten ojennus- ja supistusliikkeiden saavuttamiseksi, mik\u00e4 tarjoaa tehokkaan ty\u00f6nt\u00f6- ja vetovoiman ja soveltuu raskaiden esineiden k\u00e4sittelyyn ja monimutkaisiin operatiivisiin teht\u00e4viin.<\/p>\n<\/li>\n<li>\n<h3>Erilaiset tyypit<\/h3>\n<p>Kauhasylinteri voi olla yksitoiminen (hydraulisesti vain yhteen suuntaan) tai kaksitoiminen (hydraulisesti molempiin suuntiin) k\u00e4ytt\u00f6vaatimuksista riippuen. Jotkut mallit ovat teleskooppisia, mik\u00e4 mahdollistaa suuremman jatkeen ilman ulkomittojen kasvua, joten ne sopivat sovelluksiin, joissa on rajoitetusti tilaa.<\/p>\n<\/li>\n<li>\n<h3>Vaihdettava<\/h3>\n<p>Voimme valmistaa t\u00e4t\u00e4 tuotetta ja tuotteemme voi t\u00e4ydellisesti korvata n\u00e4m\u00e4 hydraulisylinterit.<\/p>\n<\/li>\n<\/ul>\n<p><img decoding=\"async\" src=\"https:\/\/www.hydraulic-cylinders.net\/wp-content\/uploads\/2025\/01\/songte-cylinder-head-with-all-kinds-excavator-models.webp\"><\/p>\n<h2>Sovellukset<\/h2>\n<p>Kauhasylinteri\u00e4 k\u00e4ytet\u00e4\u00e4n laajalti erilaisissa raskaissa koneissa, kuten:<\/p>\n<ul>\n<li>\n<h3>Rakennuslaitteet<\/h3>\n<p>Rakennuskoneet, kuten kaivinkoneet, k\u00e4ytt\u00e4v\u00e4t kauhasylintereit\u00e4 maan tai roskien kaivamiseen, lastaamiseen ja siirt\u00e4miseen. Kaivurikuormaajissa kauhasylinterit auttavat sek\u00e4 kaivamisessa ett\u00e4 nostamisessa.<\/p>\n<\/li>\n<li>\n<h3>Maatalouskoneet<\/h3>\n<p>Etukuormaajissa k\u00e4ytett\u00e4v\u00e4\u00e4 kauhasylinteri\u00e4 k\u00e4ytet\u00e4\u00e4n maan, hein\u00e4n ja muiden materiaalien kaivamiseen, nostamiseen ja kuljettamiseen. Kaivinkoneissa kauhasylinteri mahdollistaa kaivamisen antamalla kauhan tunkeutua maahan. Etukuormaajissa ne auttavat kuormien tehokkaassa nostamisessa ja kallistamisessa.<\/p>\n<\/li>\n<\/ul>\n<h2>Suunnittelun\u00e4k\u00f6kohdat ja valintakriteerit<\/h2>\n<ul>\n<li>\n<h3>Kantavuus<\/h3>\n<p>Kauhan sylinterin on oltava suunniteltu kest\u00e4m\u00e4\u00e4n sen k\u00e4yt\u00f6n aikana kohtaama enimm\u00e4iskuormitus. Sen on esimerkiksi kestett\u00e4v\u00e4 kuljetettavan tai nostettavan materiaalin paino.<\/p>\n<\/li>\n<li>\n<h3>Tiivistys<\/h3>\n<p>Kauhasylinteri vaatii erilaisia \u200b\u200btiivisteit\u00e4, kuten m\u00e4nn\u00e4ntiivisteit\u00e4, tankotiivisteit\u00e4 jne., jotka on valmistettu kulutusta kest\u00e4vist\u00e4 materiaaleista, kuten polyuretaanista, nitriilikumista jne., jotta se on hyvin tiivis, pident\u00e4\u00e4 k\u00e4ytt\u00f6ik\u00e4\u00e4 ja est\u00e4\u00e4 \u00f6ljyvuodon.<\/p>\n<\/li>\n<li>\n<h3>Kest\u00e4vyys<\/h3>\n<p>Kauhasylinterin on oltava suunniteltu kest\u00e4m\u00e4\u00e4n ankaria ymp\u00e4rist\u00f6j\u00e4, kuten korkeita l\u00e4mp\u00f6tiloja ja sy\u00f6vytt\u00e4vi\u00e4 aineita, pitk\u00e4n k\u00e4ytt\u00f6i\u00e4n varmistamiseksi.<\/p>\n<\/li>\n<li>\n<h3>Turvallisuus<\/h3>\n<p>Kauhasylinterin on oltava suunniteltu siten, ett\u00e4 se varmistaa turvallisen k\u00e4yt\u00f6n, esimerkiksi est\u00e4m\u00e4ll\u00e4 \u00e4killiset putoamiset tai vikaantumisen kuormituksen aikana.<\/p>\n<\/li>\n<li>\n<h3>Yll\u00e4pidett\u00e4vyys<\/h3>\n<p>Kauhasylinterin on oltava suunniteltu helposti huollettavaksi, kuten tiivisteiden tai muiden osien helppo purkaminen ja vaihtaminen.<\/p>\n<\/li>\n<\/ul>\n<p><img decoding=\"async\" src=\"https:\/\/www.hydraulic-cylinders.net\/wp-content\/uploads\/2025\/01\/songte-oil-pipes-and-spare-parts.webp\"><\/p>\n<h2>Tiivisteet ja voitelu<\/h2>\n<p>Kauhasylinteri vaatii erilaisia \u200b\u200btiivisteit\u00e4 ja voitelua sujuvan toiminnan varmistamiseksi, \u00f6ljyvuotojen est\u00e4miseksi ja k\u00e4ytt\u00f6i\u00e4n pident\u00e4miseksi. N\u00e4it\u00e4 ovat m\u00e4nn\u00e4ntiivisteet, m\u00e4nn\u00e4nvarren tiivisteet jne., jotka on valmistettu kulutusta kest\u00e4vist\u00e4 materiaaleista, kuten polyuretaanista ja nitriilikumista. Sylinterin runko ja kierteiden p\u00e4\u00e4typinnat on hienok\u00e4sitelty kulutuskest\u00e4vyyden parantamiseksi. Voitelu edellytt\u00e4\u00e4 s\u00e4\u00e4nn\u00f6llist\u00e4 hydrauli\u00f6ljyn t\u00e4ytt\u00f6\u00e4.<\/p>\n<h2>Tarkastus, huolto ja korjaus<\/h2>\n<p>S\u00e4\u00e4nn\u00f6lliset tarkastukset, voitelu, tiivisteiden vaihto ja kalibrointi ovat kauhasylinterin yleisi\u00e4 huoltoteht\u00e4vi\u00e4. Asianmukainen asennus, voitelu ja s\u00e4\u00e4t\u00f6 ovat t\u00e4rkeit\u00e4. Asennuksen aikana sylinterin oikea kohdistus on v\u00e4ltt\u00e4m\u00e4t\u00f6nt\u00e4, ja sylinterin kiinnitt\u00e4miseksi suositellaan sopivia asennuskiinnikkeit\u00e4. Saatavilla on suositeltuja tarkastus-, korjaus- ja vaihtomenettelyj\u00e4. Tarjoamme my\u00f6s varaosia ja kunnostuspalveluita kauhasylinterin k\u00e4ytt\u00f6i\u00e4n parantamiseksi.<\/p>\n<p><img decoding=\"async\" src=\"https:\/\/www.hydraulic-cylinders.net\/wp-content\/uploads\/2025\/01\/songte-chushion-collar.webp\"><\/p>\n<h2>Turvallisuus- ja ymp\u00e4rist\u00f6n\u00e4k\u00f6kohdat<\/h2>\n<p>Kauhasylinteri\u00e4 k\u00e4ytett\u00e4ess\u00e4 on noudatettava turvatoimia onnettomuuksien v\u00e4ltt\u00e4miseksi. On t\u00e4rke\u00e4\u00e4 noudattaa turvallisia k\u00e4ytt\u00f6ohjeita ja k\u00e4ytt\u00e4\u00e4 asianmukaisia \u200b\u200bturvavarusteita sylinteri\u00e4 k\u00e4sitelt\u00e4ess\u00e4 tai huollettaessa. My\u00f6s ymp\u00e4rist\u00f6n\u00e4k\u00f6kohdat, kuten k\u00e4ytetyn hydrauliikka\u00f6ljyn asianmukainen h\u00e4vitt\u00e4minen ymp\u00e4rist\u00f6n saastumisen est\u00e4miseksi, ovat t\u00e4rkeit\u00e4.<\/p>\n<h2>Vianm\u00e4\u00e4ritys ja yleiset ongelmat<\/h2>\n<p>Kauhasylinterin yleisi\u00e4 ongelmia ovat \u00f6ljyvuoto, tiivisteiden vaurioituminen ja ep\u00e4normaali melu. Vianm\u00e4\u00e4ritysvinkkej\u00e4 ja -ratkaisuja on saatavilla, jotta lukijat voivat tehokkaasti diagnosoida ja ratkaista ongelmia. My\u00f6s ennaltaehk\u00e4isevi\u00e4 toimenpiteit\u00e4 tulisi toteuttaa mahdollisten ongelmien minimoimiseksi.<\/p>\n<p><img decoding=\"async\" src=\"https:\/\/www.hydraulic-cylinders.net\/wp-content\/uploads\/2025\/01\/songte-bushings-with-all-kinds-of-excavator-models.webp\"><\/p>\n<h2>Tietoa yrityksest\u00e4mme<\/h2>\n<p>Olemme korvaavien hydraulisylinterien valmistaja, tarjoamme t\u00e4yden valikoiman tuotteita ja olemme yksi johtavista hydraulisylinterien valmistajista ja tukkumyyjist\u00e4 kotimaisilla ja kansainv\u00e4lisill\u00e4 markkinoilla. Noudatamme erinomaisen laadun periaatetta, luotamme hienojen valmistuspajojen teollistettuihin tuotannonohjausstrategioihin, parannamme jatkuvasti valmistusalustaa ja tuotteiden laadun tuotantoreitti\u00e4, ja meill\u00e4 on vahva luova kyky vastata asiakkaiden monimuotoisiin tarpeisiin tehokkaasti, tarkasti ja laadukkaasti.<\/p>\n<ul>\n<li>\n<h3>Ammattimaisuus<\/h3>\n<p>Yrityksemme palveluksessa on kokeneiden ja ammattitaitoisten teknikkojen tiimi, joka tarjoaa laadukkaita tuotteita ja palveluita.<\/p>\n<\/li>\n<li>\n<h3>Kansainv\u00e4linen sertifiointi<\/h3>\n<p>Yrityksemme on saanut useita kansainv\u00e4lisi\u00e4 sertifikaatteja tuotteidemme ja palveluidemme laadun varmistamiseksi, kuten ISO9001, CE jne.<\/p>\n<\/li>\n<li>\n<h3>R\u00e4\u00e4t\u00e4l\u00f6intipalvelut<\/h3>\n<p>Tarjoamme r\u00e4\u00e4t\u00e4l\u00f6intipalveluita asiakkaidemme yksil\u00f6llisten tarpeiden t\u00e4ytt\u00e4miseksi, kuten hydraulisylintereiden r\u00e4\u00e4t\u00e4l\u00f6inti\u00e4 tiettyihin sovelluksiin.<\/p>\n<\/li>\n<li>\n<h3>Tuotantolaitteet<\/h3>\n<p>Yrityksell\u00e4mme on edistyneet tuotantolaitteet ja testausj\u00e4rjestelm\u00e4t tuotteidemme laadun varmistamiseksi.<\/p>\n<\/li>\n<li>\n<h3>Myynnin j\u00e4lkeiset palvelut<\/h3>\n<p>Tarjoamme kattavia myynnin j\u00e4lkeisi\u00e4 palveluita, kuten teknist\u00e4 tukea, korjaus- ja vaihtopalveluita, asiakastyytyv\u00e4isyyden varmistamiseksi.<\/p>\n<\/li>\n<\/ul>\n<p><img decoding=\"async\" src=\"https:\/\/hzpt.com\/wp-content\/uploads\/2024\/11\/songte-company-1.webp\"><\/p>\n<p>Kirjoittaja: lyl.<\/p>","protected":false},"excerpt":{"rendered":"<p>Bucket Cylinder For NHIG 3306LC Introduction The bucket cylinder for NHIG 3306LC is a type of hydraulic cylinder designed specifically to control the movement of the bucket in heavy machinery such as excavators, backhoe loaders and front-end loaders. Its main function is to enable the bucket to lift, lower and tilt, making it convenient for [&hellip;]<\/p>","protected":false},"featured_media":14789,"comment_status":"open","ping_status":"closed","template":"","meta":{"_et_pb_use_builder":"","_et_pb_old_content":"","_et_gb_content_width":""},"product_brand":[],"product_cat":[1494],"product_tag":[1495,1496],"class_list":{"0":"post-15942","1":"product","2":"type-product","3":"status-publish","4":"has-post-thumbnail","6":"product_cat-bucket-cylinders","7":"product_tag-bucket-cylinders","8":"product_tag-hydraulic-cylinders","10":"first","11":"instock","12":"shipping-taxable","13":"product-type-simple"},"amp_enabled":true,"_links":{"self":[{"href":"https:\/\/www.hydraulic-cylinders.net\/fi\/wp-json\/wp\/v2\/product\/15942","targetHints":{"allow":["GET"]}}],"collection":[{"href":"https:\/\/www.hydraulic-cylinders.net\/fi\/wp-json\/wp\/v2\/product"}],"about":[{"href":"https:\/\/www.hydraulic-cylinders.net\/fi\/wp-json\/wp\/v2\/types\/product"}],"replies":[{"embeddable":true,"href":"https:\/\/www.hydraulic-cylinders.net\/fi\/wp-json\/wp\/v2\/comments?post=15942"}],"wp:featuredmedia":[{"embeddable":true,"href":"https:\/\/www.hydraulic-cylinders.net\/fi\/wp-json\/wp\/v2\/media\/14789"}],"wp:attachment":[{"href":"https:\/\/www.hydraulic-cylinders.net\/fi\/wp-json\/wp\/v2\/media?parent=15942"}],"wp:term":[{"taxonomy":"product_brand","embeddable":true,"href":"https:\/\/www.hydraulic-cylinders.net\/fi\/wp-json\/wp\/v2\/product_brand?post=15942"},{"taxonomy":"product_cat","embeddable":true,"href":"https:\/\/www.hydraulic-cylinders.net\/fi\/wp-json\/wp\/v2\/product_cat?post=15942"},{"taxonomy":"product_tag","embeddable":true,"href":"https:\/\/www.hydraulic-cylinders.net\/fi\/wp-json\/wp\/v2\/product_tag?post=15942"}],"curies":[{"name":"wp","href":"https:\/\/api.w.org\/{rel}","templated":true}]}}