{"id":1595,"date":"2023-10-07T08:23:14","date_gmt":"2023-10-07T08:23:14","guid":{"rendered":"https:\/\/hydraulic-cylinders.net\/?post_type=product&#038;p=1595"},"modified":"2025-04-11T03:36:18","modified_gmt":"2025-04-11T03:36:18","slug":"mining-dump-truck-rear-suspension-cylinder","status":"publish","type":"product","link":"https:\/\/www.hydraulic-cylinders.net\/fi\/tuote\/mining-dump-truck-rear-suspension-cylinder\/","title":{"rendered":"Kaivoskuorma-auton takajousituksen sylinteri"},"content":{"rendered":"<h1 style=\"text-align: center;\"><strong>Kaivoskuorma-auton takajousituksen sylinteri<\/strong><\/h1>\n<p><img loading=\"lazy\" decoding=\"async\" class=\"aligncenter wp-image-1596\" src=\"https:\/\/hydraulic-cylinders.net\/wp-content\/uploads\/2023\/10\/rear-suspension-cylinder-1-300x300.webp\" alt=\"\" width=\"400\" height=\"400\" \/><\/p>\n<p>Kaivoskuorma-auton takajousituksen sylinteri on t\u00e4rke\u00e4 osa, joka on erityisesti suunniteltu optimoimaan kaivoskuorma-autojen vakautta ja suorituskyky\u00e4. Kest\u00e4v\u00e4n rakenteensa ja edistyneiden ominaisuuksiensa ansiosta t\u00e4ll\u00e4 sylinterill\u00e4 on ratkaiseva rooli iskunvaimentamisessa, asianmukaisen jousituksen yll\u00e4pit\u00e4misess\u00e4 ja raskaiden kaivostoimintojen kokonaistehokkuuden parantamisessa.<\/p>\n<p>Kaivosdumpperin takajousituksen sylinteri on olennainen osa kaivosdumppereiden vakauden, kantavuuden ja yleisen suorituskyvyn parantamista. Sen kest\u00e4v\u00e4 rakenne, erinomainen iskunvaimennus ja tarkka jousituksen hallinta tekev\u00e4t siit\u00e4 arvokkaan voimavaran vaativassa kaivosteollisuudessa. Noudattamalla oikeita k\u00e4ytt\u00f6menetelmi\u00e4 ja s\u00e4\u00e4nn\u00f6llisi\u00e4 huoltok\u00e4yt\u00e4nt\u00f6j\u00e4 kuljettajat voivat varmistaa kaivosdumpperin takajousituksen sylinterin pitk\u00e4ik\u00e4isyyden ja luotettavuuden, mik\u00e4 johtaa turvalliseen ja tehokkaaseen kaivostoimintaan. Valitse t\u00e4m\u00e4 tehokas sylinteri parantaaksesi kaivosdumpperikalustosi vakautta, tuottavuutta ja kuljettajan mukavuutta.<\/p>\n<p>Kaivoskuorma-auton takajousituksen sylinterin t\u00e4rkeimm\u00e4t ominaisuudet:<\/p>\n<ol>\n<li>Kest\u00e4v\u00e4 ja kest\u00e4v\u00e4 rakenne:<\/li>\n<\/ol>\n<ul>\n<li>Kaivoskuorma-auton takajousituksen sylinteri on valmistettu korkealaatuisista materiaaleista, mik\u00e4 varmistaa sen kest\u00e4vyyden ja pitk\u00e4ik\u00e4isyyden ankarissa kaivosymp\u00e4rist\u00f6iss\u00e4.<\/li>\n<li>Se kest\u00e4\u00e4 raskaita kuormia, jatkuvaa t\u00e4rin\u00e4\u00e4 ja haastavaa maastoa tarjoten luotettavan suorituskyvyn koko k\u00e4ytt\u00f6ik\u00e4ns\u00e4 ajan.<\/li>\n<\/ul>\n<ol start=\"2\">\n<li>Erinomainen iskunvaimennus:<\/li>\n<\/ol>\n<ul>\n<li>T\u00e4m\u00e4 sylinteri on varustettu edistyneell\u00e4 iskunvaimennustekniikalla, joka minimoi tehokkaasti kaivostoiminnan aikana ilmenevien iskujen ja t\u00e4rin\u00f6iden vaikutukset.<\/li>\n<li>Se parantaa kippiauton vakautta, v\u00e4hent\u00e4\u00e4 ajoneuvon osien rasitusta ja varmistaa tasaisemman ja mukavamman ajon sek\u00e4 kuljettajalle ett\u00e4 hy\u00f6tykuormalle.<\/li>\n<\/ul>\n<ol start=\"3\">\n<li>Tarkka jousituksen hallinta:<\/li>\n<\/ol>\n<ul>\n<li>Kaivoskuorma-auton takajousituksen sylinteri mahdollistaa jousitusj\u00e4rjestelm\u00e4n tarkan hallinnan, jolloin kuljettajat voivat s\u00e4\u00e4t\u00e4\u00e4 jousituksen asetuksia tiettyjen kaivosolosuhteiden mukaan.<\/li>\n<li>T\u00e4m\u00e4 ominaisuus auttaa optimoimaan kuorma-auton suorituskyvyn varmistamalla oikean tasapainon kuormankantokyvyn, ohjattavuuden ja vakauden v\u00e4lill\u00e4.<\/li>\n<\/ul>\n<h2><strong>Kaivoskuorma-auton takajousituksen sylinterin parametri:<\/strong><\/h2>\n<table border=\"1\" cellspacing=\"0\" cellpadding=\"0\">\n<tbody>\n<tr>\n<td>Tuotteen nimi<\/td>\n<td>Kaivoskuorma-auton takajousituksen sylinteri<\/td>\n<\/tr>\n<tr>\n<td>Ominaisuudet:<\/td>\n<td>Tukee painoa, vaimentaa ja poistaa t\u00e4rin\u00e4\u00e4<\/td>\n<\/tr>\n<tr>\n<td>Rei\u00e4n halkaisija:<\/td>\n<td>150 mm\uff5e450 mm<\/td>\n<\/tr>\n<tr>\n<td>Tangon halkaisija:<\/td>\n<td>120 mm\uff5e400 mm<br \/>\nIsku \u2264400 mm<\/td>\n<\/tr>\n<tr>\n<td>Ty\u00f6nt\u00f6voima:<\/td>\n<td>Maksimi 38 MPa<\/td>\n<\/tr>\n<tr>\n<td>Takajousituksen sylinterin sovellukset:<\/td>\n<td>Kaivoskuorma-auto<\/td>\n<\/tr>\n<\/tbody>\n<\/table>\n<h2><strong>Kaivoskuorma-auton sylinterin tunnistuskaavio:<\/strong><\/h2>\n<p><img loading=\"lazy\" decoding=\"async\" class=\"alignnone wp-image-1594 size-full\" src=\"https:\/\/hydraulic-cylinders.net\/wp-content\/uploads\/2023\/10\/mining-dump-truck-cylinder.webp\" alt=\"\" width=\"1418\" height=\"946\" srcset=\"https:\/\/hydraulic-cylinders.net\/wp-content\/uploads\/2023\/10\/mining-dump-truck-cylinder.webp 1418w, https:\/\/hydraulic-cylinders.net\/wp-content\/uploads\/2023\/10\/mining-dump-truck-cylinder-1280x854.webp 1280w, https:\/\/hydraulic-cylinders.net\/wp-content\/uploads\/2023\/10\/mining-dump-truck-cylinder-980x654.webp 980w, https:\/\/hydraulic-cylinders.net\/wp-content\/uploads\/2023\/10\/mining-dump-truck-cylinder-480x320.webp 480w\" sizes=\"(min-width: 0px) and (max-width: 480px) 480px, (min-width: 481px) and (max-width: 980px) 980px, (min-width: 981px) and (max-width: 1280px) 1280px, (min-width: 1281px) 1418px, 100vw\" \/><\/p>\n<h2><strong>Kaivoskuorma-auton takajousituksen sylinterin k\u00e4ytt\u00f6tapa<\/strong><strong>:<\/strong><\/h2>\n<ol>\n<li><strong>Asennus ja kalibrointi:<\/strong><\/li>\n<\/ol>\n<ul>\n<li>Kaivoskuorma-auton takajousituksen sylinterin asennuksen ja kalibroinnin saa suorittaa p\u00e4tev\u00e4 teknikko, joka tuntee kaivoskuorma-autojen erityisvaatimukset.<\/li>\n<li>Asianmukainen asennus ja kalibrointi varmistavat optimaalisen suorituskyvyn ja turvallisuusstandardien noudattamisen.<\/li>\n<\/ul>\n<ol start=\"2\">\n<li><strong>Jousituksen s\u00e4\u00e4t\u00f6:<\/strong><\/li>\n<\/ol>\n<ul>\n<li>K\u00e4yt\u00e4 kuorma-auton ohjaamossa olevaa jousituksen ohjausj\u00e4rjestelm\u00e4\u00e4 takajousituksen asetusten s\u00e4\u00e4t\u00e4miseen.<\/li>\n<li>Ota huomioon tekij\u00e4t, kuten kuorman paino, maasto-olosuhteet ja haluttu ajokorkeus, kun s\u00e4\u00e4d\u00e4t jousitusta.<\/li>\n<\/ul>\n<ol start=\"3\">\n<li><strong>S\u00e4\u00e4nn\u00f6llinen seuranta:<\/strong><\/li>\n<\/ol>\n<ul>\n<li>Seuraa jatkuvasti kaivoskuorma-auton takajousitusj\u00e4rjestelm\u00e4n suorituskyky\u00e4 k\u00e4yt\u00f6n aikana.<\/li>\n<li>Kiinnit\u00e4 huomiota kaikkiin liiallisen pomppimisen, ep\u00e4vakauden tai ep\u00e4tavallisten \u00e4\u00e4nien merkkeihin, sill\u00e4 ne voivat viitata s\u00e4\u00e4t\u00f6- tai huoltotarpeeseen.<\/li>\n<\/ul>\n<h2><strong>Mik\u00e4 on hydraulij\u00e4rjestelm\u00e4n latauspaine?<\/strong><\/h2>\n<p>Hydraulij\u00e4rjestelm\u00e4ss\u00e4 latauspaineella tarkoitetaan hydraulinesteen painetta j\u00e4rjestelm\u00e4n sis\u00e4ll\u00e4. Se on paine, jonka ulkoinen voimanl\u00e4hde, kuten pumppu tai akku, kohdistaa nesteeseen tuottaakseen j\u00e4rjestelm\u00e4lle tarvittavan energian sen tarkoitettujen toimintojen suorittamiseen.<\/p>\n<p>Sy\u00f6tt\u00f6paine on ratkaiseva parametri hydraulij\u00e4rjestelm\u00e4ss\u00e4, koska se m\u00e4\u00e4ritt\u00e4\u00e4 voiman ja nopeuden, jolla hydrauliset toimilaitteet, kuten sylinterit tai moottorit, voivat toimia. T\u00e4ss\u00e4 on joitakin keskeisi\u00e4 seikkoja, jotka on ymm\u00e4rrett\u00e4v\u00e4 sy\u00f6tt\u00f6paineesta:<\/p>\n<ol>\n<li><strong>S\u00e4hk\u00f6ntuotanto:<\/strong> Hydraulipumppu tuottaa ensisijaisesti latauspainetta, joka imee nestett\u00e4 s\u00e4ili\u00f6st\u00e4 ja paineistaa sen. Pumppu sy\u00f6tt\u00e4\u00e4 j\u00e4rjestelm\u00e4\u00e4n jatkuvasti tietty\u00e4 painetta varmistaakseen tasaisen toiminnan.<\/li>\n<li><strong>J\u00e4rjestelm\u00e4n suunnittelu:<\/strong> Sy\u00f6tt\u00f6paine m\u00e4\u00e4r\u00e4ytyy tyypillisesti hydraulij\u00e4rjestelm\u00e4n suunnitteluvaatimusten mukaan. Siihen vaikuttavat tekij\u00e4t, kuten kuormituskapasiteetti, haluttu k\u00e4ytt\u00f6nopeus ja toimilaitteen tyyppi.<\/li>\n<li><strong>Paineen s\u00e4\u00e4t\u00f6:<\/strong> Hydraulij\u00e4rjestelmiss\u00e4 on usein paineenalennus- tai s\u00e4\u00e4t\u00f6venttiilej\u00e4 latauspaineen s\u00e4\u00e4t\u00e4miseksi. N\u00e4m\u00e4 venttiilit varmistavat, ett\u00e4 paine pysyy turvallisella ja optimaalisella alueella ja suojaavat j\u00e4rjestelm\u00e4\u00e4 ylipaineelta.<\/li>\n<li><strong>Voima ja nopeus:<\/strong> Sy\u00f6tt\u00f6paine vaikuttaa suoraan hydraulisten toimilaitteiden tehoon ja nopeuteen. Korkeammat sy\u00f6tt\u00f6paineet lis\u00e4\u00e4v\u00e4t voimantuottoa, jolloin j\u00e4rjestelm\u00e4 voi liikuttaa raskaampia kuormia. K\u00e4\u00e4nteisesti alhaisemmat sy\u00f6tt\u00f6paineet voivat v\u00e4hent\u00e4\u00e4 voimantuottoa, mutta tarjoavat tasaisemman ja tarkemman ohjauksen tietyiss\u00e4 sovelluksissa.<\/li>\n<li><strong>Hy\u00f6tysuhde ja l\u00e4mm\u00f6ntuotanto:<\/strong> My\u00f6s latauspaine vaikuttaa hydraulij\u00e4rjestelm\u00e4n kokonaishy\u00f6tysuhteeseen. Korkeammat latauspaineet voivat lis\u00e4t\u00e4 energiankulutusta ja tuottaa enemm\u00e4n l\u00e4mp\u00f6\u00e4 j\u00e4rjestelm\u00e4ss\u00e4. Tehokas paineens\u00e4\u00e4t\u00f6 ja asianmukainen j\u00e4rjestelm\u00e4n suunnittelu auttavat lievent\u00e4m\u00e4\u00e4n energiah\u00e4vi\u00f6it\u00e4 ja hallitsemaan l\u00e4mm\u00f6n haihtumista.<\/li>\n<li><strong>Paineh\u00e4vi\u00f6t:<\/strong> On t\u00e4rke\u00e4\u00e4 ottaa huomioon hydraulij\u00e4rjestelm\u00e4n paineh\u00e4vi\u00f6t, jotka johtuvat nesteen kitkasta, virtausrajoituksista ja venttiilien ja komponenttien paineh\u00e4vi\u00f6ist\u00e4. N\u00e4m\u00e4 h\u00e4vi\u00f6t voivat vaikuttaa toimilaitteiden kokemaan todelliseen sy\u00f6tt\u00f6paineeseen, ja ne tulisi minimoida halutun suorituskyvyn yll\u00e4pit\u00e4miseksi.<\/li>\n<\/ol>\n<h2><strong>Tehtaan kapasiteetti ja kapasiteetti:<\/strong><\/h2>\n<h3>(1) Kokoonpano<\/h3>\n<p>Meill\u00e4 on ensiluokkainen riippumaton tutkimus- ja kehitysty\u00f6n kokoonpanoalusta. Hydraulisylinterien tuotantopajassa on nelj\u00e4 puoliautomaattista nostosylinterin kokoonpanolinjaa ja yksi automaattinen kallistussylinterin kokoonpanolinja, joiden suunniteltu vuotuinen tuotantokapasiteetti on 1 miljoona kappaletta. Erikoissylinterin ty\u00f6paja on varustettu erilaisilla eritelmill\u00e4 puoliautomaattisen puhdistusasennuksen kokoonpanoj\u00e4rjestelm\u00e4ll\u00e4, jonka suunniteltu vuotuinen tuotantokapasiteetti on 200 000, ja se on varustettu kuuluisilla CNC-ty\u00f6st\u00f6laitteilla, ty\u00f6st\u00f6keskuksella, korkean tarkkuuden sylinterin k\u00e4sittelyyn tarkoitetuilla erityislaitteilla, robottihitsauskoneella, automaattisella puhdistuslaitteella, automaattisella sylinterin kokoonpanokoneella ja automaattisella maalaustuotantolinjalla. Olemassa olevat kriittiset laitteet yli 300 sarjaa (sarjaa). Laiteresurssien optimaalinen kohdentaminen ja tehokas k\u00e4ytt\u00f6 varmistavat tuotteiden tarkkuusvaatimukset ja t\u00e4ytt\u00e4v\u00e4t tuotteiden laatuvaatimukset.<\/p>\n<p><img loading=\"lazy\" decoding=\"async\" class=\"alignnone wp-image-626\" src=\"https:\/\/hydraulic-cylinders.net\/wp-content\/uploads\/2023\/08\/hydraulic-cylinder-product-1-300x158.webp\" alt=\"\" width=\"495\" height=\"260\" srcset=\"https:\/\/hydraulic-cylinders.net\/wp-content\/uploads\/2023\/08\/hydraulic-cylinder-product-1-300x158.webp 495w, https:\/\/hydraulic-cylinders.net\/wp-content\/uploads\/2023\/08\/hydraulic-cylinder-product-1-480x252.webp 480w\" sizes=\"(min-width: 0px) and (max-width: 480px) 480px, (min-width: 481px) 495px, 100vw\" \/> <img loading=\"lazy\" decoding=\"async\" class=\"alignnone wp-image-627\" src=\"https:\/\/hydraulic-cylinders.net\/wp-content\/uploads\/2023\/08\/hydraulic-cylinder-product-2-300x189.webp\" alt=\"\" width=\"413\" height=\"260\" \/><\/p>\n<h3>(2) Koneistus<\/h3>\n<p>Ty\u00f6st\u00f6paja on varustettu r\u00e4\u00e4t\u00e4l\u00f6idyll\u00e4 kaltevalla kiskosorvauskeskuksella, ty\u00f6st\u00f6keskuksella, suurnopeus-hiontakoneella, hitsausrobotilla ja muilla vastaavilla laitteilla, joilla voidaan k\u00e4sitell\u00e4 sylinteriputkia, joiden sis\u00e4halkaisija on enint\u00e4\u00e4n 400 mm ja enimm\u00e4ispituus on 6 metri\u00e4.<\/p>\n<p><img loading=\"lazy\" decoding=\"async\" class=\"alignnone wp-image-628 size-large\" src=\"https:\/\/hydraulic-cylinders.net\/wp-content\/uploads\/2023\/08\/hydraulic-cylinder-product-3-1024x391.webp\" alt=\"\" width=\"1024\" height=\"391\" srcset=\"https:\/\/hydraulic-cylinders.net\/wp-content\/uploads\/2023\/08\/hydraulic-cylinder-product-3-980x374.webp 980w, https:\/\/hydraulic-cylinders.net\/wp-content\/uploads\/2023\/08\/hydraulic-cylinder-product-3-480x183.webp 480w\" sizes=\"(min-width: 0px) and (max-width: 480px) 480px, (min-width: 481px) and (max-width: 980px) 980px, (min-width: 981px) 1024px, 100vw\" \/><\/p>\n<h3>(3) Hitsaus<\/h3>\n<p><img loading=\"lazy\" decoding=\"async\" class=\"alignnone wp-image-629 size-large\" src=\"https:\/\/hydraulic-cylinders.net\/wp-content\/uploads\/2023\/08\/hydraulic-cylinder-product-4-1024x510.webp\" alt=\"\" width=\"1024\" height=\"510\" srcset=\"https:\/\/hydraulic-cylinders.net\/wp-content\/uploads\/2023\/08\/hydraulic-cylinder-product-4-980x488.webp 980w, https:\/\/hydraulic-cylinders.net\/wp-content\/uploads\/2023\/08\/hydraulic-cylinder-product-4-480x239.webp 480w\" sizes=\"(min-width: 0px) and (max-width: 480px) 480px, (min-width: 481px) and (max-width: 980px) 980px, (min-width: 981px) 1024px, 100vw\" \/><\/p>\n<h3>(4) Maalaus ja pinnoitus<\/h3>\n<p>Pienill\u00e4 ja keskisuurilla sylinterin automaattisilla vesipohjaisilla maalipinnoituslinjoilla automaattisen robotin lastaus- ja purku- ja automaattisen ruiskutuksen saavuttamiseksi, suunnittelukapasiteetti on 4000 kappaletta vuorossa;<br \/>\nMeill\u00e4 on my\u00f6s puoliautomaattinen maalauslinja suurille sylintereille, joka toimii voimaketjulla ja jonka suunnittelukapasiteetti on 60 laatikkoa ty\u00f6vuorossa.<\/p>\n<p><img loading=\"lazy\" decoding=\"async\" class=\"alignnone wp-image-630\" src=\"https:\/\/hydraulic-cylinders.net\/wp-content\/uploads\/2023\/08\/hydraulic-cylinder-product-5-300x213.webp\" alt=\"\" width=\"366\" height=\"260\" \/> <img loading=\"lazy\" decoding=\"async\" class=\"alignnone wp-image-631\" src=\"https:\/\/hydraulic-cylinders.net\/wp-content\/uploads\/2023\/08\/hydraulic-cylinder-product-6-300x225.webp\" alt=\"\" width=\"347\" height=\"260\" \/><\/p>\n<h3>(5) Testaus<\/h3>\n<p>Meill\u00e4 on ensiluokkaiset tarkastustilat ja testialustat, joilla varmistetaan, ett\u00e4 sylinterin suorituskyky t\u00e4ytt\u00e4\u00e4 vaatimukset.<\/p>\n<p><img loading=\"lazy\" decoding=\"async\" class=\"alignnone wp-image-632\" src=\"https:\/\/hydraulic-cylinders.net\/wp-content\/uploads\/2023\/08\/hydraulic-cylinder-product-8-300x200.webp\" alt=\"\" width=\"389\" height=\"260\" \/><\/p>\n<p>&nbsp;<\/p>\n<p>&nbsp;<\/p>\n<p>Olemme yksi parhaista hydraulisylintereiden valmistajista. Voimme tarjota kattavia hydraulisylintereit\u00e4. Tarjoamme my\u00f6s vastaavia <a href=\"https:\/\/hzpt.com\/agricultural-pto-gearbox\/\" target=\"_blank\" rel=\"noopener\">maatalousvaihteistot<\/a>Olemme vieneet tuotteitamme asiakkaille maailmanlaajuisesti ja ansainneet hyv\u00e4n maineen erinomaisen tuotelaadun ja huoltopalvelumme ansiosta. Toivotamme tervetulleeksi asiakkaat kotimaassa ja ulkomailla ottamaan meihin yhteytt\u00e4 neuvotellakseen liiketoimista, vaihtaakseen tietoja ja <a href=\"https:\/\/www.hydraulic-cylinders.net\/fi\/contact-us\/\">tehd\u00e4 yhteisty\u00f6t\u00e4 kanssamme<\/a>!<\/p>","protected":false},"excerpt":{"rendered":"<p>Mining Dump Truck Rear Suspension Cylinder The mining dump truck rear suspension cylinder is a vital component specifically designed to optimize the stability and performance of mining dump trucks. With its robust construction and advanced features, this cylinder plays a crucial role in absorbing shocks, maintaining proper suspension, and enhancing the overall efficiency of heavy-duty [&hellip;]<\/p>","protected":false},"featured_media":1598,"comment_status":"open","ping_status":"closed","template":"","meta":{"_et_pb_use_builder":"","_et_pb_old_content":"","_et_gb_content_width":""},"product_brand":[],"product_cat":[1550,1517,1532,1376],"product_tag":[1380],"class_list":{"0":"post-1595","1":"product","2":"type-product","3":"status-publish","4":"has-post-thumbnail","6":"product_cat-double-acting-hydraulic-cylinder","7":"product_cat-dump-truck-hydraulic-cylinders","8":"product_cat-mining-dump-truck-hydraulic-cylinders","9":"product_cat-hydraulic-cylinder","10":"product_tag-hydraulic-cylinder","12":"first","13":"instock","14":"shipping-taxable","15":"product-type-simple"},"amp_enabled":true,"_links":{"self":[{"href":"https:\/\/www.hydraulic-cylinders.net\/fi\/wp-json\/wp\/v2\/product\/1595","targetHints":{"allow":["GET"]}}],"collection":[{"href":"https:\/\/www.hydraulic-cylinders.net\/fi\/wp-json\/wp\/v2\/product"}],"about":[{"href":"https:\/\/www.hydraulic-cylinders.net\/fi\/wp-json\/wp\/v2\/types\/product"}],"replies":[{"embeddable":true,"href":"https:\/\/www.hydraulic-cylinders.net\/fi\/wp-json\/wp\/v2\/comments?post=1595"}],"wp:featuredmedia":[{"embeddable":true,"href":"https:\/\/www.hydraulic-cylinders.net\/fi\/wp-json\/wp\/v2\/media\/1598"}],"wp:attachment":[{"href":"https:\/\/www.hydraulic-cylinders.net\/fi\/wp-json\/wp\/v2\/media?parent=1595"}],"wp:term":[{"taxonomy":"product_brand","embeddable":true,"href":"https:\/\/www.hydraulic-cylinders.net\/fi\/wp-json\/wp\/v2\/product_brand?post=1595"},{"taxonomy":"product_cat","embeddable":true,"href":"https:\/\/www.hydraulic-cylinders.net\/fi\/wp-json\/wp\/v2\/product_cat?post=1595"},{"taxonomy":"product_tag","embeddable":true,"href":"https:\/\/www.hydraulic-cylinders.net\/fi\/wp-json\/wp\/v2\/product_tag?post=1595"}],"curies":[{"name":"wp","href":"https:\/\/api.w.org\/{rel}","templated":true}]}}