{"id":15952,"date":"2025-01-19T15:12:35","date_gmt":"2025-01-19T15:12:35","guid":{"rendered":"https:\/\/www.hydraulic-cylinders.net\/product\/bucket-cylinder-for-baoding-wy150\/"},"modified":"2025-01-19T15:12:37","modified_gmt":"2025-01-19T15:12:37","slug":"bucket-cylinder-for-baoding-wy150","status":"publish","type":"product","link":"https:\/\/www.hydraulic-cylinders.net\/fi\/tuote\/bucket-cylinder-for-baoding-wy150\/","title":{"rendered":"Kauhan sylinteri Baodingille WY150"},"content":{"rendered":"<h2>Kauhan sylinteri Baodingille WY150<\/h2>\n<h3>Johdanto<\/h3>\n<p>Baoding WY150:n kauhan sylinteri on erikoishydraulinen sylinteri, jota k\u00e4ytet\u00e4\u00e4n ensisijaisesti raskaiden koneiden, kuten kaivinkoneiden, kaivurikuormaajien ja etukuormaajien, kauhojen liikkeen ohjaamiseen. Sen p\u00e4\u00e4teht\u00e4v\u00e4n\u00e4 on mahdollistaa kauhan nostaminen, laskeminen ja kallistaminen, mik\u00e4 helpottaa erilaisia \u200b\u200bmateriaalink\u00e4sittelyteht\u00e4vi\u00e4. Hydraulij\u00e4rjestelmiss\u00e4 kauhan sylinteri saavuttaa kauhan tarkan hallinnan hydrauli\u00f6ljyn paineen muutosten avulla, mink\u00e4 ansiosta k\u00e4ytt\u00e4j\u00e4t voivat k\u00e4sitell\u00e4 raskaita kuormia tehokkaasti ja sopeutua monimutkaisiin ty\u00f6ymp\u00e4rist\u00f6ihin ja erilaisiin ty\u00f6vaatimuksiin.<\/p>\n<p><img decoding=\"async\" src=\"https:\/\/www.hydraulic-cylinders.net\/wp-content\/uploads\/2025\/01\/songte-company-2.webp\" alt=\"kauhan sylinterin kuva\"><\/p>\n<h3>Ominaisuudet<\/h3>\n<ul>\n<li>Suuri lujuus ja kest\u00e4vyys: Kauhasylinteri on tyypillisesti valmistettu lujasta ter\u00e4ksest\u00e4 tai alumiinista, ja se kest\u00e4\u00e4 korkeaa painetta ja raskaita kuormia, joten se sopeutuu vaativiin ty\u00f6ymp\u00e4rist\u00f6ihin. Suunnittelussa on otettu huomioon kulumiskest\u00e4vyys ja korroosionkest\u00e4vyys k\u00e4ytt\u00f6i\u00e4n pident\u00e4miseksi.<\/li>\n<li>Tehokas hydraulinen toiminta: K\u00e4ytt\u00e4m\u00e4ll\u00e4 hydrauli\u00f6ljyn painetta tasaisten ojennus- ja supistusliikkeiden saavuttamiseksi kauhan sylinteri reagoi nopeasti ohjauskomentoihin ja tarjoaa voimakkaita ty\u00f6nt\u00f6- ja vetovoimia, jotka sopivat raskaiden kuormien k\u00e4sittelyyn ja monimutkaisiin ty\u00f6teht\u00e4viin.<\/li>\n<li>Erilaisia \u200b\u200btyyppej\u00e4: Yksitoimiset (hydraulisesti vain yhteen suuntaan) tai kaksitoimiset (hydraulisesti molempiin suuntiin) sylinterit voidaan valita k\u00e4ytt\u00f6vaatimusten mukaan. Jotkut mallit ovat teleskooppisia, mik\u00e4 mahdollistaa suuremman jatkeen ilman ulkomittojen kasvua, joten ne sopivat rajoitettuihin tiloihin.<\/li>\n<li>Yrityksemme valmistama: Tuotteemme voivat t\u00e4ydellisesti korvata n\u00e4m\u00e4 hydraulisylinterit.<\/li>\n<\/ul>\n<p><img decoding=\"async\" src=\"https:\/\/www.hydraulic-cylinders.net\/wp-content\/uploads\/2025\/01\/songte-cylinder-head-with-all-kinds-excavator-models.webp\" alt=\"kauhan sylinterin yrityskuva\"><\/p>\n<h3>Sovellukset<\/h3>\n<p>Kauhasylinterill\u00e4 on laaja valikoima sovelluksia, mukaan lukien:<\/p>\n<ul>\n<li>Rakennuslaitteet: Kaivinkoneissa ne ovat v\u00e4ltt\u00e4m\u00e4tt\u00f6mi\u00e4 kaivamiseen, lastaamiseen ja maaper\u00e4n tai roskien siirt\u00e4miseen. Kaivurikuormaajissa kauhan sylinteri auttaa sek\u00e4 kaivamisessa ett\u00e4 nostamisessa. <\/li>\n<li>Maatalouskoneet: K\u00e4ytet\u00e4\u00e4n etukuormaajissa maaper\u00e4n, hein\u00e4n ja muiden materiaalien kauhaukseen, nostamiseen ja kuljettamiseen. <\/li>\n<li>Kaivinkoneet: Kauhan sylinteri mahdollistaa kaivamisen antamalla kauhan tunkeutua maaper\u00e4\u00e4n. <\/li>\n<li>Etukuormaajat: Etukuormaajissa ne auttavat lastin tehokkaassa nostamisessa ja kallistamisessa. <\/li>\n<\/ul>\n<h3>Suunnittelun\u00e4k\u00f6kohdat ja valintakriteerit<\/h3>\n<p>Kauhasylinterin suunnittelussa on otettava huomioon:<\/p>\n<ul>\n<li>Kantavuus: Sen varmistamiseksi, ett\u00e4 sylinteri kest\u00e4\u00e4 suuria kuormia ja paineita.<\/li>\n<li>Tiivistys: Voidaan k\u00e4ytt\u00e4\u00e4 erilaisia \u200b\u200btiivistyskomponentteja, kuten m\u00e4nn\u00e4ntiivisteit\u00e4 ja varren tiivisteit\u00e4, ja materiaalit, kuten polyuretaani ja nitriilikumi, ovat kulutusta kest\u00e4vi\u00e4.<\/li>\n<li>Kest\u00e4vyys: Sylinterit on valmistettu eritt\u00e4in lujista materiaaleista pitk\u00e4n k\u00e4ytt\u00f6i\u00e4n varmistamiseksi.<\/li>\n<li>Turvallisuus: Sylinterin suunnittelussa on my\u00f6s turvaominaisuuksia, kuten paineenalennusventtiilit.<\/li>\n<li>Huollettavuus: Sylinteri on suunniteltu helposti huollettavaksi ja korjattavaksi, ja varaosia on saatavilla laajalti.<\/li>\n<\/ul>\n<p><img decoding=\"async\" src=\"https:\/\/www.hydraulic-cylinders.net\/wp-content\/uploads\/2025\/01\/songte-oil-pipes-and-spare-parts.webp\" alt=\"kauhan sylinterin suunnittelukuva\"><\/p>\n<p>Kauhasylinteri voidaan tiivist\u00e4\u00e4 ja voidella erilaisilla komponenteilla, kuten m\u00e4nn\u00e4ntiivisteill\u00e4 ja varren tiivisteill\u00e4, jotka on valmistettu kulutusta kest\u00e4vist\u00e4 materiaaleista, kuten polyuretaanista ja nitriilikumista. Sylinterin runko ja kierteiden p\u00e4\u00e4typinnat k\u00e4sitell\u00e4\u00e4n hienos\u00e4\u00e4t\u00f6isesti kulumiskest\u00e4vyyden parantamiseksi, ja s\u00e4\u00e4nn\u00f6llinen voitelu hydrauliikka\u00f6ljyll\u00e4 on tarpeen.<\/p>\n<h3>Huolto ja korjaus<\/h3>\n<p>S\u00e4\u00e4nn\u00f6llinen tarkastus, asianmukainen voitelu, tiivisteiden vaihto ja kalibrointitarkastukset ovat yleisi\u00e4 huoltoteht\u00e4vi\u00e4, jotka tulisi suorittaa kauhasylinterille. Asennuksen aikana on annettava asianmukaiset asennusohjeet ja suositeltava sopivien asennuskiinnikkeiden k\u00e4ytt\u00f6 sylinterin kiinnitt\u00e4miseksi. Suositellut tarkastus-, korjaus- ja vaihtomenettelyt voivat pident\u00e4\u00e4 sylinterin k\u00e4ytt\u00f6ik\u00e4\u00e4.<\/p>\n<p><img decoding=\"async\" src=\"https:\/\/www.hydraulic-cylinders.net\/wp-content\/uploads\/2025\/01\/songte-chushion-collar.webp\" alt=\"kauhan sylinterin huoltokuva\"><\/p>\n<h3>Turvallisuusn\u00e4k\u00f6kohdat ja ymp\u00e4rist\u00f6tekij\u00e4t<\/h3>\n<p>Kauhasylinterin k\u00e4yt\u00f6n aikana on noudatettava turvatoimia onnettomuuksien v\u00e4ltt\u00e4miseksi. Ymp\u00e4rist\u00f6tekij\u00e4t on my\u00f6s otettava huomioon sylinterin suunnittelussa ja k\u00e4yt\u00f6ss\u00e4, jotta sen vaikutus ymp\u00e4rist\u00f6\u00f6n voidaan minimoida.<\/p>\n<h3>Vianm\u00e4\u00e4ritys ja yleiset ongelmat<\/h3>\n<p>Kauhasylinterin yleisi\u00e4 ongelmia ovat \u00f6ljyvuoto, riitt\u00e4m\u00e4t\u00f6n nostovoima ja ep\u00e4normaalit \u00e4\u00e4net. Ongelmien korjaamiseksi on k\u00e4ytett\u00e4v\u00e4 asianmukaista vianm\u00e4\u00e4rityst\u00e4 ja ongelmanratkaisumenetelmi\u00e4.<\/p>\n<p><img decoding=\"async\" src=\"https:\/\/www.hydraulic-cylinders.net\/wp-content\/uploads\/2025\/01\/songte-bushings-with-all-kinds-of-excavator-models.webp\" alt=\"kauhan sylinterin vianm\u00e4\u00e4rityskuva\"><\/p>\n<h3>Tietoa yrityksest\u00e4mme<\/h3>\n<p>Olemme korvaavien hydraulisylinterien valmistaja ja tarjoamme laajan tuotevalikoiman. Olemme yksi johtavista hydraulisylinterien valmistajista ja tukkumyyjist\u00e4 kotimaisilla ja ulkomaisilla markkinoilla, ja noudatamme erinomaisen laadun periaatetta. Luotamme hienojen valmistuspajojen teollistettuun tuotannonohjausstrategiaan ja parannamme jatkuvasti valmistusalustaamme ja tuotteidemme tuotannon laatua investoimalla tekniseen osaamiseen, digitaalisiin huippuluokan valmistuslaitteisiin ja ammattimaisiin testausj\u00e4rjestelmiin. Meill\u00e4 on vahva luova kyky, ja tuotteillemme on ominaista korkea tehokkuus, tarkkuus ja korkea laatu, samalla kun ne t\u00e4ytt\u00e4v\u00e4t asiakkaiden monipuoliset tarpeet.<\/p>\n<p><img decoding=\"async\" src=\"https:\/\/hzpt.com\/wp-content\/uploads\/2024\/11\/songte-company-1.webp\" alt=\"yrityksen imago\"><\/p>\n<p>Yrityksellemme on ominaista ammattitaito, kansainv\u00e4linen sertifiointi, r\u00e4\u00e4t\u00e4l\u00f6intipalvelut, tuotantolaitteet ja j\u00e4lkimarkkinointipalvelut.<\/p>\n<h2>Kirjoittaja: lyl<\/h2>","protected":false},"excerpt":{"rendered":"<p>Bucket Cylinder For Baoding WY150 Introduction The bucket cylinder for Baoding WY150 is a specialized hydraulic cylinder that is primarily used to control the movement of buckets in heavy machinery such as excavators, backhoe loaders, and front-end loaders. Its main function is to enable the bucket to lift, lower, and tilt, which facilitates various material [&hellip;]<\/p>","protected":false},"featured_media":14771,"comment_status":"open","ping_status":"closed","template":"","meta":{"_et_pb_use_builder":"","_et_pb_old_content":"","_et_gb_content_width":""},"product_brand":[],"product_cat":[1494],"product_tag":[1495,1496],"class_list":{"0":"post-15952","1":"product","2":"type-product","3":"status-publish","4":"has-post-thumbnail","6":"product_cat-bucket-cylinders","7":"product_tag-bucket-cylinders","8":"product_tag-hydraulic-cylinders","10":"first","11":"instock","12":"shipping-taxable","13":"product-type-simple"},"amp_enabled":true,"_links":{"self":[{"href":"https:\/\/www.hydraulic-cylinders.net\/fi\/wp-json\/wp\/v2\/product\/15952","targetHints":{"allow":["GET"]}}],"collection":[{"href":"https:\/\/www.hydraulic-cylinders.net\/fi\/wp-json\/wp\/v2\/product"}],"about":[{"href":"https:\/\/www.hydraulic-cylinders.net\/fi\/wp-json\/wp\/v2\/types\/product"}],"replies":[{"embeddable":true,"href":"https:\/\/www.hydraulic-cylinders.net\/fi\/wp-json\/wp\/v2\/comments?post=15952"}],"wp:featuredmedia":[{"embeddable":true,"href":"https:\/\/www.hydraulic-cylinders.net\/fi\/wp-json\/wp\/v2\/media\/14771"}],"wp:attachment":[{"href":"https:\/\/www.hydraulic-cylinders.net\/fi\/wp-json\/wp\/v2\/media?parent=15952"}],"wp:term":[{"taxonomy":"product_brand","embeddable":true,"href":"https:\/\/www.hydraulic-cylinders.net\/fi\/wp-json\/wp\/v2\/product_brand?post=15952"},{"taxonomy":"product_cat","embeddable":true,"href":"https:\/\/www.hydraulic-cylinders.net\/fi\/wp-json\/wp\/v2\/product_cat?post=15952"},{"taxonomy":"product_tag","embeddable":true,"href":"https:\/\/www.hydraulic-cylinders.net\/fi\/wp-json\/wp\/v2\/product_tag?post=15952"}],"curies":[{"name":"wp","href":"https:\/\/api.w.org\/{rel}","templated":true}]}}