{"id":15955,"date":"2025-01-19T15:12:47","date_gmt":"2025-01-19T15:12:47","guid":{"rendered":"https:\/\/www.hydraulic-cylinders.net\/product\/bucket-cylinder-for-baoding-wy80-6\/"},"modified":"2025-01-19T15:12:49","modified_gmt":"2025-01-19T15:12:49","slug":"bucket-cylinder-for-baoding-wy80-6","status":"publish","type":"product","link":"https:\/\/www.hydraulic-cylinders.net\/fi\/tuote\/bucket-cylinder-for-baoding-wy80-6\/","title":{"rendered":"Kauhan sylinteri Baodingille WY80-6"},"content":{"rendered":"<h2>Johdanto<\/h2>\n<h3>Kauhan sylinteri Baoding WY80-6:lle<\/h3>\n<p>Baoding WY80-6:n kauhan sylinteri on erikoishydraulinen sylinteri, joka on suunniteltu ensisijaisesti raskaiden koneiden, kuten kaivinkoneiden, traktorikaivureiden ja etukuormaajien, kauhan liikkeen ohjaamiseen. Sen p\u00e4\u00e4teht\u00e4v\u00e4n\u00e4 on mahdollistaa kauhan nostaminen, laskeminen ja kallistaminen, mik\u00e4 helpottaa erilaisten materiaalien kuljettamista. Hydraulij\u00e4rjestelm\u00e4ss\u00e4 kauhan sylinteri saavuttaa tarkan kauhan liikkeen hallinnan hydrauli\u00f6ljyn paineen muutosten avulla, mink\u00e4 ansiosta k\u00e4ytt\u00e4j\u00e4t voivat k\u00e4sitell\u00e4 raskaita kuormia tehokkaasti ja sopeutua monimutkaisiin ty\u00f6ymp\u00e4rist\u00f6ihin ja erilaisiin ty\u00f6vaatimuksiin.<\/p>\n<p><img decoding=\"async\" src=\"https:\/\/www.hydraulic-cylinders.net\/wp-content\/uploads\/2025\/01\/songte-company-2.webp\" alt=\"Kauhan sylinterin kuva\"><\/p>\n<h2>Ominaisuudet<\/h2>\n<ul>\n<li><strong>Korkea lujuus ja kest\u00e4vyys:<\/strong> Tyypillisesti lujasta ter\u00e4ksest\u00e4 tai alumiinista valmistettu sylinteri kest\u00e4\u00e4 korkeaa painetta ja raskaita kuormia ja mukautuu vaativiin ty\u00f6ymp\u00e4rist\u00f6ihin. Sen suunnittelussa on otettu huomioon kulutuskest\u00e4vyys ja korroosionkest\u00e4vyys, mik\u00e4 pident\u00e4\u00e4 sen k\u00e4ytt\u00f6ik\u00e4\u00e4.<\/li>\n<li><strong>Tehokas hydraulinen k\u00e4ytt\u00f6:<\/strong> K\u00e4ytt\u00e4m\u00e4ll\u00e4 hydrauli\u00f6ljyn painetta tasaisen laajenemisen ja supistumisen aikaansaamiseksi se voi reagoida nopeasti k\u00e4ytt\u00f6komentoihin ja tarjota tehokkaita ty\u00f6nt\u00f6- ja vetovoimia, jotka soveltuvat raskaiden kuormien k\u00e4sittelyyn ja monimutkaisiin ty\u00f6teht\u00e4viin.<\/li>\n<li><strong>Erilaisia \u200b\u200btyyppej\u00e4:<\/strong> Sylinteri voidaan valita tarpeen mukaan joko yksitoimisena (hydrauliikkaa k\u00e4ytet\u00e4\u00e4n vain yhteen suuntaan) tai kaksitoimisena (hydrauliikkaa k\u00e4ytet\u00e4\u00e4n molempiin suuntiin) erilaisten k\u00e4ytt\u00f6tarpeiden t\u00e4ytt\u00e4miseksi. Jotkut mallit ovat teleskooppisia, mik\u00e4 mahdollistaa suuremman jatkeen ilman ulkomittojen kasvua, joten ne sopivat ahtaisiin tiloihin.<\/li>\n<li><strong>Kustannustehokas:<\/strong> Tuotteemme voivat t\u00e4ydellisesti korvata n\u00e4m\u00e4 hydraulisylinterit ja tarjota taloudellisen ratkaisun.<\/li>\n<li><strong>Mukautettava:<\/strong> Voimme r\u00e4\u00e4t\u00e4l\u00f6id\u00e4 sylinterin asiakkaidemme erityistarpeiden mukaan.<\/li>\n<\/ul>\n<p><img decoding=\"async\" src=\"https:\/\/www.hydraulic-cylinders.net\/wp-content\/uploads\/2025\/01\/songte-cylinder-head-with-all-kinds-excavator-models.webp\" alt=\"Kauhan sylinterin kuva\"><\/p>\n<h2>Sovellukset<\/h2>\n<p>Baoding WY80-6:n kauhasylinterill\u00e4 on laaja valikoima sovelluksia, mukaan lukien:<\/p>\n<ul>\n<li><strong>Rakennuslaitteet:<\/strong> Kaivinkoneissa ne ovat v\u00e4ltt\u00e4m\u00e4tt\u00f6mi\u00e4 kaivamiseen, lastaamiseen ja maaper\u00e4n tai roskien siirt\u00e4miseen. Kaivinkoneissa kauhan sylinteri auttaa sek\u00e4 kaivamisessa ett\u00e4 nostamisessa. Etukuormaajissa ne auttavat tavaroiden tehokkaassa nostamisessa ja kallistuksessa.<\/li>\n<li><strong>Maatalouskoneet:<\/strong> K\u00e4ytet\u00e4\u00e4n etukuormaajissa maan, hein\u00e4n ja muiden materiaalien kaivamiseen, nostamiseen ja kuljettamiseen. Kaivinkoneissa kauhan sylinteri mahdollistaa kauhan tunkeutumisen maaper\u00e4\u00e4n kaivut\u00f6iden suorittamiseksi.<\/li>\n<\/ul>\n<h3>Rakennuslaitteet:<\/h3>\n<p>Kaivinkoneissa kauhan sylinteri on v\u00e4ltt\u00e4m\u00e4t\u00f6n kaivamiseen, lastaamiseen ja maaper\u00e4n tai roskien siirt\u00e4miseen. Sen avulla kuljettaja voi helposti hallita kauhan liikett\u00e4, jolloin monimutkaiset teht\u00e4v\u00e4t voidaan suorittaa lyhyess\u00e4 ajassa. Kaivinkoneissa kauhan sylinteri auttaa sek\u00e4 kaivamisessa ett\u00e4 nostamisessa, jolloin kuljettaja voi helposti siirt\u00e4\u00e4 raskaita kuormia. Etukuormaajissa ne auttavat tavaroiden tehokkaassa nostamisessa ja kallistamisessa, jolloin kuljettajat voivat suorittaa monimutkaisia \u200b\u200bteht\u00e4vi\u00e4 turvallisesti ja tehokkaasti.<\/p>\n<h3>Maatalouskoneet:<\/h3>\n<p>Baoding WY80-6:n kauhan sylinteri\u00e4 k\u00e4ytet\u00e4\u00e4n etukuormaajissa maan, hein\u00e4n ja muiden materiaalien kaivamiseen, nostamiseen ja kuljettamiseen. Kaivinkoneissa kauhan sylinteri mahdollistaa kauhan tunkeutumisen maaper\u00e4\u00e4n kaivut\u00f6iden suorittamiseksi, mik\u00e4 tekee siit\u00e4 olennaisen osan maatalouskoneissa.<\/p>\n<p><img decoding=\"async\" src=\"https:\/\/www.hydraulic-cylinders.net\/wp-content\/uploads\/2025\/01\/songte-bushings-with-all-kinds-of-excavator-models.webp\" alt=\"Kauhan sylinterin kuva\"><\/p>\n<h2>Suunnittelun\u00e4k\u00f6kohdat ja valintakriteerit<\/h2>\n<p>Baoding WY80-6:n kauhan sylinterin suunnittelussa otetaan huomioon useita tekij\u00f6it\u00e4, mukaan lukien:<\/p>\n<ul>\n<li><strong>Kantavuus:<\/strong> Sylinterin on kestett\u00e4v\u00e4 raskaita kuormia ja korkeaa painetta.<\/li>\n<li><strong>Tiivistys:<\/strong> Sylinterin on kyett\u00e4v\u00e4 yll\u00e4pit\u00e4m\u00e4\u00e4n tiivis tiivistys hydraulinesteen vuotojen est\u00e4miseksi.<\/li>\n<li><strong>Kest\u00e4vyys:<\/strong> Sylinterin on kestett\u00e4v\u00e4 ankaria ty\u00f6ymp\u00e4rist\u00f6j\u00e4 ja sen k\u00e4ytt\u00f6i\u00e4n on oltava pitk\u00e4.<\/li>\n<li><strong>Turvallisuus:<\/strong> Sylinteri on suunniteltava turvallisuus mieless\u00e4 onnettomuuksien ehk\u00e4isemiseksi ja k\u00e4ytt\u00e4j\u00e4n turvallisuuden varmistamiseksi.<\/li>\n<li><strong>Yll\u00e4pidett\u00e4vyys:<\/strong> Sylinterin on oltava helppo huoltaa ja korjata seisokkiaikojen minimoimiseksi.<\/li>\n<\/ul>\n<p><img decoding=\"async\" src=\"https:\/\/hydraulic-cylinders.net\/wp-content\/uploads\/2025\/01\/songte-oil-pipes-and-spare-parts.webp\" alt=\"Kauhan sylinterin kuva\"><\/p>\n<h2>Tiivistys ja voitelu<\/h2>\n<p>Baoding WY80-6:n kauhasylinteriss\u00e4 k\u00e4ytet\u00e4\u00e4n erilaisia \u200b\u200btiivistyskomponentteja, kuten m\u00e4nn\u00e4ntiivisteit\u00e4, varren tiivisteit\u00e4 ja muita O-renkaita ja tiivisteit\u00e4. N\u00e4m\u00e4 komponentit on valmistettu kulutusta kest\u00e4vist\u00e4 materiaaleista, kuten polyuretaanista ja nitriilikumista, pitk\u00e4n k\u00e4ytt\u00f6i\u00e4n varmistamiseksi. Lis\u00e4ksi sylinterin runko ja kierteitetyt p\u00e4\u00e4typinnat on hienok\u00e4sitelty kulutuskest\u00e4vyyden parantamiseksi. On t\u00e4rke\u00e4\u00e4 lis\u00e4t\u00e4 s\u00e4\u00e4nn\u00f6llisesti sopiva m\u00e4\u00e4r\u00e4 hydrauli\u00f6ljy\u00e4 sylinterin voitelua ja sen moitteettoman toiminnan varmistamista varten.<\/p>\n<h2>Huolto ja korjaus<\/h2>\n<p>S\u00e4\u00e4nn\u00f6llinen huolto on v\u00e4ltt\u00e4m\u00e4t\u00f6nt\u00e4 Baoding WY80-6 -mallin kauhan sylinterin pitk\u00e4ik\u00e4isyyden ja asianmukaisen toiminnan varmistamiseksi. Seuraavat teht\u00e4v\u00e4t tulee tehd\u00e4 s\u00e4\u00e4nn\u00f6llisesti:<\/p>\n<ul>\n<li><strong>Tarkastus:<\/strong> Tarkista sylinteri s\u00e4\u00e4nn\u00f6llisesti vaurioiden tai kulumisen varalta.<\/li>\n<li><strong>Voitelu:<\/strong> Voitele sylinteri asianmukaisesti kitkan aiheuttamien vaurioiden v\u00e4ltt\u00e4miseksi.<\/li>\n<li><strong>Tiivisteen vaihto:<\/strong> Vaihda kuluneet tai vaurioituneet tiivisteet hydrauliikka\u00f6ljyn vuotojen est\u00e4miseksi.<\/li>\n<li><strong>Kalibrointitarkistus:<\/strong> Tarkista sylinterin kalibrointi s\u00e4\u00e4nn\u00f6llisesti varmistaaksesi sen oikean toiminnan.<\/li>\n<\/ul>\n<p>Oikea asennus on my\u00f6s ratkaisevan t\u00e4rke\u00e4\u00e4 sen varmistamiseksi, ett\u00e4 Baoding WY80-6:n kauhasylinteri toimii oikein. On t\u00e4rke\u00e4\u00e4 kohdistaa sylinteri tarkasti ja k\u00e4ytt\u00e4\u00e4 sopivia asennuskiinnikkeit\u00e4 sen kiinnitt\u00e4miseksi paikalleen. Suosittelemme noudattamaan suosittelemiamme tarkastus-, korjaus- ja vaihtomenettelyj\u00e4 sylinterin k\u00e4ytt\u00f6i\u00e4n pident\u00e4miseksi.<\/p>\n<p><img decoding=\"async\" src=\"https:\/\/www.hydraulic-cylinders.net\/wp-content\/uploads\/2025\/01\/songte-chushion-collar.webp\" alt=\"Kauhan sylinterin kuva\"><\/p>\n<h2>Turvallisuus- ja ymp\u00e4rist\u00f6n\u00e4k\u00f6kohdat<\/h2>\n<p>K\u00e4ytett\u00e4ess\u00e4 kauhasylinteri\u00e4 Baoding WY80-6:ssa on t\u00e4rke\u00e4\u00e4 noudattaa turvallisuusohjeita onnettomuuksien v\u00e4ltt\u00e4miseksi. K\u00e4ytt\u00e4jille on annettava asianmukainen koulutus ja turvavarusteet. Lis\u00e4ksi on t\u00e4rke\u00e4\u00e4 ottaa huomioon ymp\u00e4rist\u00f6tekij\u00e4t sylinteri\u00e4 k\u00e4ytett\u00e4ess\u00e4, kuten hydraulinesteen asianmukainen h\u00e4vitt\u00e4minen ja paikallisten ymp\u00e4rist\u00f6m\u00e4\u00e4r\u00e4ysten noudattaminen.<\/p>\n<h2>Vianm\u00e4\u00e4ritys ja yleiset ongelmat<\/h2>\n<p>Joitakin yleisi\u00e4 ongelmia, joita voi esiinty\u00e4 Baoding WY80-6:n kauhan sylinteri\u00e4 k\u00e4ytett\u00e4ess\u00e4, ovat hydraulinestevuodot, riitt\u00e4m\u00e4t\u00f6n voitelu ja linjausvirheet. Jos kohtaat jonkin n\u00e4ist\u00e4 ongelmista, on t\u00e4rke\u00e4\u00e4 noudattaa suosittelemiamme vianetsint\u00e4- ja korjausmenetelmi\u00e4 seisokkiaikojen minimoimiseksi ja lis\u00e4vaurioiden est\u00e4miseksi.<\/p>\n<h2>Tietoa yrityksest\u00e4mme<\/h2>\n<p>Valmistamme hydraulisylintereit\u00e4, jotka voivat korvata perinteiset sylinterit, ja tarjoamme t\u00e4yden tuotevalikoiman. Olemme yksi johtavista hydraulisylintereiden valmistajista ja tukkumyyjist\u00e4 sek\u00e4 kotimaisilla ett\u00e4 kansainv\u00e4lisill\u00e4 markkinoilla. Noudatamme erinomaisen laadun periaatetta ja luotamme hienojen valmistuspajojen teollisen tuotannon hallintastrategiaan parantaaksemme jatkuvasti valmistusymp\u00e4rist\u00f6\u00e4mme, t\u00e4ydellist\u00e4\u00e4ksemme tuotteiden laatua ja omataksemme vahvan luovuuden. T\u00e4yt\u00e4mme asiakkaiden monipuoliset tarpeet korkean tehokkuuden, tarkkuuden ja korkean laadun periaatteilla. Tarjoamme muun muassa ammattitaitoa, kansainv\u00e4list\u00e4 sertifiointia, r\u00e4\u00e4t\u00e4l\u00f6ityj\u00e4 palveluita, tuotantolaitteita ja j\u00e4lkimarkkinointipalvelua.<\/p>\n<p><img decoding=\"async\" src=\"https:\/\/www.hydraulic-cylinders.net\/wp-content\/uploads\/2025\/01\/songte-company-3.webp\" alt=\"Kauhan sylinterin kuva\"><\/p>\n<p>Kirjoittaja: lyl<\/p>","protected":false},"excerpt":{"rendered":"<p>Introduction Bucket Cylinder for Baoding WY80-6 The Bucket Cylinder for Baoding WY80-6 is a type of specialized hydraulic cylinder designed primarily for controlling the movement of the bucket in heavy machinery such as excavators, backhoe excavators, and front-end loaders. Its main function is to enable the bucket to be lifted, lowered, and tilted, making it [&hellip;]<\/p>","protected":false},"featured_media":14762,"comment_status":"open","ping_status":"closed","template":"","meta":{"_et_pb_use_builder":"","_et_pb_old_content":"","_et_gb_content_width":""},"product_brand":[],"product_cat":[1494],"product_tag":[1495,1496],"class_list":{"0":"post-15955","1":"product","2":"type-product","3":"status-publish","4":"has-post-thumbnail","6":"product_cat-bucket-cylinders","7":"product_tag-bucket-cylinders","8":"product_tag-hydraulic-cylinders","10":"first","11":"instock","12":"shipping-taxable","13":"product-type-simple"},"amp_enabled":true,"_links":{"self":[{"href":"https:\/\/www.hydraulic-cylinders.net\/fi\/wp-json\/wp\/v2\/product\/15955","targetHints":{"allow":["GET"]}}],"collection":[{"href":"https:\/\/www.hydraulic-cylinders.net\/fi\/wp-json\/wp\/v2\/product"}],"about":[{"href":"https:\/\/www.hydraulic-cylinders.net\/fi\/wp-json\/wp\/v2\/types\/product"}],"replies":[{"embeddable":true,"href":"https:\/\/www.hydraulic-cylinders.net\/fi\/wp-json\/wp\/v2\/comments?post=15955"}],"wp:featuredmedia":[{"embeddable":true,"href":"https:\/\/www.hydraulic-cylinders.net\/fi\/wp-json\/wp\/v2\/media\/14762"}],"wp:attachment":[{"href":"https:\/\/www.hydraulic-cylinders.net\/fi\/wp-json\/wp\/v2\/media?parent=15955"}],"wp:term":[{"taxonomy":"product_brand","embeddable":true,"href":"https:\/\/www.hydraulic-cylinders.net\/fi\/wp-json\/wp\/v2\/product_brand?post=15955"},{"taxonomy":"product_cat","embeddable":true,"href":"https:\/\/www.hydraulic-cylinders.net\/fi\/wp-json\/wp\/v2\/product_cat?post=15955"},{"taxonomy":"product_tag","embeddable":true,"href":"https:\/\/www.hydraulic-cylinders.net\/fi\/wp-json\/wp\/v2\/product_tag?post=15955"}],"curies":[{"name":"wp","href":"https:\/\/api.w.org\/{rel}","templated":true}]}}