{"id":15961,"date":"2025-01-19T15:13:15","date_gmt":"2025-01-19T15:13:15","guid":{"rendered":"https:\/\/www.hydraulic-cylinders.net\/product\/bucket-cylinder-for-tiangong-zg3210-9\/"},"modified":"2025-01-19T15:13:21","modified_gmt":"2025-01-19T15:13:21","slug":"bucket-cylinder-for-tiangong-zg3210-9","status":"publish","type":"product","link":"https:\/\/www.hydraulic-cylinders.net\/fi\/tuote\/bucket-cylinder-for-tiangong-zg3210-9\/","title":{"rendered":"Kauhan sylinteri mallille Tiangong ZG3210-9"},"content":{"rendered":"<h1>Kauhan sylinteri mallille Tiangong ZG3210-9<\/h1>\n<h2>Johdanto<\/h2>\n<p>Kauhasylinteri on erityisesti suunniteltu hydraulisylinteri, jota k\u00e4ytet\u00e4\u00e4n ensisijaisesti raskaiden koneiden, kuten kaivinkoneiden, traktorikaivureiden ja etukuormaajien, kauhojen liikkeen ohjaamiseen. Sen p\u00e4\u00e4teht\u00e4v\u00e4n\u00e4 on mahdollistaa kauhan nostaminen, laskeminen ja kallistaminen, mik\u00e4 helpottaa erilaisia \u200b\u200bmateriaalink\u00e4sittelyteht\u00e4vi\u00e4. Hydraulij\u00e4rjestelm\u00e4ss\u00e4 kauhasylinteri saavuttaa kauhan tarkan hallinnan hydrauli\u00f6ljyn paineen muutosten avulla, mink\u00e4 ansiosta k\u00e4ytt\u00e4j\u00e4t voivat k\u00e4sitell\u00e4 raskaita kuormia tehokkaasti ja sopeutua monimutkaisiin ty\u00f6ymp\u00e4rist\u00f6ihin ja erilaisiin k\u00e4ytt\u00f6vaatimuksiin.<\/p>\n<p><img decoding=\"async\" src=\"https:\/\/www.hydraulic-cylinders.net\/wp-content\/uploads\/2025\/01\/songte-company-2.webp\"><\/p>\n<h2>Ominaisuudet<\/h2>\n<ul>\n<li>\n<h3>Korkea lujuus ja kest\u00e4vyys:<\/h3>\n<p> Tyypillisesti valmistettu eritt\u00e4in lujasta ter\u00e4ksest\u00e4 tai alumiinista, joka kest\u00e4\u00e4 korkeaa painetta ja raskaita kuormia, ja suunniteltu kulumis- ja korroosionkest\u00e4vyys huomioon ottaen k\u00e4ytt\u00f6i\u00e4n pident\u00e4miseksi.<\/li>\n<li>\n<h3>Tehokas hydraulinen k\u00e4ytt\u00f6:<\/h3>\n<p> K\u00e4ytt\u00e4\u00e4 hydrauli\u00f6ljyn painetta sujuvaan pidennykseen ja sis\u00e4\u00e4nvetoon, reagoi nopeasti ohjauskomentoihin, tarjoaa tehokkaan ty\u00f6nt\u00f6- ja vetovoiman ja sopii raskaiden kuormien k\u00e4sittelyyn ja monimutkaisiin operatiivisiin teht\u00e4viin.<\/li>\n<li>\n<h3>Erilaisia \u200b\u200btyyppej\u00e4:<\/h3>\n<p> Voidaan valita tarpeiden mukaan yksitoimisten (hydraulisesti vain yhteen suuntaan) tai kaksitoimisten (hydraulisesti molempiin suuntiin) sylinterien v\u00e4lill\u00e4. Jotkut mallit ovat teleskooppisia, mik\u00e4 mahdollistaa suuremman jatkeen ilman ulkomittojen kasvua, joten ne sopivat rajoitettuihin tiloihin.<\/li>\n<li>\n<h3>Yrityksemme voi tuottaa:<\/h3>\n<p> Tuotteemme voivat t\u00e4ydellisesti korvata n\u00e4m\u00e4 hydraulisylinterit.<\/li>\n<\/ul>\n<p><img decoding=\"async\" src=\"https:\/\/www.hydraulic-cylinders.net\/wp-content\/uploads\/2025\/01\/songte-cylinder-head-with-all-kinds-excavator-models.webp\"><\/p>\n<h2>Sovellukset<\/h2>\n<p>Kauhasylinteri\u00e4 k\u00e4ytet\u00e4\u00e4n laajalti eri teollisuudenaloilla sen erinomaisen suorituskyvyn ansiosta. Alla on joitakin t\u00e4rkeimmist\u00e4 sovelluksista:<\/p>\n<ul>\n<li>\n<h3>Rakennuslaitteet:<\/h3>\n<p> Kaivinkoneissa ne ovat v\u00e4ltt\u00e4m\u00e4tt\u00f6mi\u00e4 kaivamiseen, lastaamiseen ja maaper\u00e4n tai roskien siirt\u00e4miseen. Kaivinkoneissa kauhan sylinterit auttavat sek\u00e4 kaivamisessa ett\u00e4 nostamisessa. Etukuormaajissa ne auttavat tavaroiden tehokkaassa nostamisessa ja kallistuksessa.<\/li>\n<li>\n<h3>Maatalouskoneet:<\/h3>\n<p> K\u00e4ytet\u00e4\u00e4n etukuormaajissa maan, hein\u00e4n ja muiden materiaalien kaivamiseen, nostamiseen ja kuljettamiseen. Kaivinkoneiden kauhan sylinterit mahdollistavat kaivamisen antamalla kauhan tunkeutua maaper\u00e4\u00e4n.<\/li>\n<\/ul>\n<h2>Suunnittelun\u00e4k\u00f6kohdat ja valintakriteerit<\/h2>\n<p>Suunnittelussa on otettava huomioon useita tekij\u00f6it\u00e4, kuten kuormankantokyky, tiiviys, kest\u00e4vyys, turvallisuus ja helppohoitoisuus. Alla on joitakin keskeisi\u00e4 suunnittelun\u00e4k\u00f6kohtia:<\/p>\n<ul>\n<li>\n<h3>Kantavuus:<\/h3>\n<p> Kauhasylinterin on oltava suunniteltu kest\u00e4m\u00e4\u00e4n odotettu enimm\u00e4iskuorma, ja sylinterin halkaisijan ja sein\u00e4m\u00e4n paksuuden on oltava sopivan kokoisia kuorman kantamiseksi.<\/li>\n<li>\n<h3>Tiivistys:<\/h3>\n<p> Erilaiset tiivistekomponentit, kuten m\u00e4nn\u00e4ntiivisteet ja varren tiivisteet, on valittava ja j\u00e4rjestett\u00e4v\u00e4 asianmukaisesti tehokkaan tiivistyksen saavuttamiseksi. Yleens\u00e4 k\u00e4ytet\u00e4\u00e4n tiivistemateriaaleja, kuten polyuretaania ja nitriilikumia, niiden kulutuskest\u00e4vyyden vuoksi.<\/li>\n<li>\n<h3>Kest\u00e4vyys:<\/h3>\n<p> Sylinterin runko ja kierteiden p\u00e4\u00e4typinnat on k\u00e4sitelt\u00e4v\u00e4 huolellisesti kulumiskest\u00e4vyyden parantamiseksi. S\u00e4\u00e4nn\u00f6llinen huolto, kuten sopivan m\u00e4\u00e4r\u00e4n hydrauliikka\u00f6ljyn lis\u00e4\u00e4minen voiteluun, on my\u00f6s v\u00e4ltt\u00e4m\u00e4t\u00f6nt\u00e4 tuotteen k\u00e4ytt\u00f6i\u00e4n pident\u00e4miseksi.<\/li>\n<li>\n<h3>Turvallisuus:<\/h3>\n<p> Kauhan sylinteri on suunniteltava turvaominaisuuksilla, kuten varoventtiileill\u00e4 ja sulkuventtiileill\u00e4, onnettomuuksien est\u00e4miseksi.<\/li>\n<li>\n<h3>Huolto:<\/h3>\n<p> Kauhasylinteri on suunniteltava helppohoitoisuutta silm\u00e4ll\u00e4 pit\u00e4en, kuten helppoa purkamista, osien vaihtoa ja komponenttien puhdistusta.<\/li>\n<\/ul>\n<p><img decoding=\"async\" src=\"https:\/\/www.hydraulic-cylinders.net\/wp-content\/uploads\/2025\/01\/songte-oil-pipes-and-spare-parts.webp\"><\/p>\n<h2>Tiivistys ja voitelu<\/h2>\n<p>Erilaisten tiivistyskomponenttien, kuten m\u00e4nn\u00e4ntiivisteiden ja varren tiivisteiden, k\u00e4ytt\u00f6 on v\u00e4ltt\u00e4m\u00e4t\u00f6nt\u00e4 tehokkaan tiivistyksen saavuttamiseksi. Tiivistemateriaaleja, kuten polyuretaania ja nitriilikumia, k\u00e4ytet\u00e4\u00e4n yleisesti niiden kulutuskest\u00e4vyyden vuoksi. Sylinterin runko ja kierteiden p\u00e4\u00e4typinnat on k\u00e4sitelt\u00e4v\u00e4 huolellisesti kulutuskest\u00e4vyyden parantamiseksi. S\u00e4\u00e4nn\u00f6llinen huolto, kuten sopivan m\u00e4\u00e4r\u00e4n hydrauli\u00f6ljyn lis\u00e4\u00e4minen voiteluun, on my\u00f6s v\u00e4ltt\u00e4m\u00e4t\u00f6nt\u00e4 tuotteen k\u00e4ytt\u00f6i\u00e4n pident\u00e4miseksi.<\/p>\n<h2>Tarkastus ja ennaltaehk\u00e4isev\u00e4 huolto<\/h2>\n<p>S\u00e4\u00e4nn\u00f6llinen tarkastus ja ennaltaehk\u00e4isev\u00e4 huolto ovat v\u00e4ltt\u00e4m\u00e4tt\u00f6mi\u00e4 kauhan sylinterin pit\u00e4miseksi hyv\u00e4ss\u00e4 toimintakunnossa. Alla on joitakin yleisi\u00e4 huoltoteht\u00e4vi\u00e4:<\/p>\n<ul>\n<li>\n<h3>S\u00e4\u00e4nn\u00f6llinen tarkastus:<\/h3>\n<p> Sylinterin rungon, m\u00e4nn\u00e4nvarren ja tiivisteiden vuotojen, halkeamien, kulumisen tai vaurioiden tarkistus. Sylinterin oikean kohdistuksen ja tasaisen toiminnan tarkistus.<\/li>\n<li>\n<h3>Voitelu:<\/h3>\n<p> Lis\u00e4\u00e4 s\u00e4\u00e4nn\u00f6llisesti sopiva m\u00e4\u00e4r\u00e4 hydrauliikka\u00f6ljy\u00e4 voitelua varten.<\/li>\n<li>\n<h3>Tiivisteen vaihto:<\/h3>\n<p> Kuluneiden tai vaurioituneiden tiivisteiden vaihtaminen voi auttaa est\u00e4m\u00e4\u00e4n vuotoja ja pident\u00e4\u00e4 tuotteen k\u00e4ytt\u00f6ik\u00e4\u00e4.<\/li>\n<\/ul>\n<h2>Turvallisuus- ja ymp\u00e4rist\u00f6n\u00e4k\u00f6kohdat<\/h2>\n<p>Kauhasylinteri\u00e4 k\u00e4ytett\u00e4ess\u00e4 on noudatettava turvatoimenpiteit\u00e4 onnettomuuksien v\u00e4ltt\u00e4miseksi. Varmista, ett\u00e4 tuote on asennettu oikein ja sit\u00e4 k\u00e4ytt\u00e4\u00e4 p\u00e4tev\u00e4 henkil\u00f6st\u00f6. S\u00e4\u00e4nn\u00f6llinen huolto ja tarkastus ovat v\u00e4ltt\u00e4m\u00e4tt\u00f6mi\u00e4 tuotteen turvallisuuden varmistamiseksi ja ymp\u00e4rist\u00f6vaikutusten minimoimiseksi.<\/p>\n<h2>Vianm\u00e4\u00e4ritys ja yleiset ongelmat<\/h2>\n<p>Kauhasylinteri\u00e4 k\u00e4ytett\u00e4ess\u00e4 voi ilmet\u00e4 yleisi\u00e4 ongelmia, kuten vuotoja, m\u00e4nn\u00e4nvarren vaurioita ja tiivisteiden kulumista. Vianm\u00e4\u00e4ritysvinkit ja -ratkaisut voivat auttaa lukijoita diagnosoimaan ja ratkaisemaan ongelmia tehokkaammin. Ennaltaehk\u00e4isev\u00e4t toimenpiteet, kuten s\u00e4\u00e4nn\u00f6llinen tarkastus ja huolto, voivat auttaa ehk\u00e4isem\u00e4\u00e4n mahdollisia ongelmia.<\/p>\n<p><img decoding=\"async\" src=\"https:\/\/www.hydraulic-cylinders.net\/wp-content\/uploads\/2025\/01\/songte-bushings-with-all-kinds-of-excavator-models.webp\"><\/p>\n<h2>Tietoa yrityksest\u00e4mme<\/h2>\n<p>Olemme korvaavien hydraulisylinterien valmistaja, jolla on kattava tuotevalikoima. Olemme yksi johtavista hydraulisylinterien valmistajista ja tukkumyyjist\u00e4 kotimaisilla ja ulkomaisilla markkinoilla. Noudatamme erinomaisen laadun periaatetta ja luotamme teollistettuihin tuotannonohjausstrategioihin hienostuneissa valmistuspajoissa. Parannamme jatkuvasti valmistusymp\u00e4rist\u00f6\u00e4mme ja t\u00e4ydellist\u00e4mme tuotteidemme laatua edist\u00e4m\u00e4ll\u00e4 teknisten kykyjen, digitaalisten huippuluokan valmistuslaitteiden ja ammattimaisten testausj\u00e4rjestelmien k\u00e4ytt\u00f6\u00e4. Meill\u00e4 on vahvat innovatiiviset valmiudet ja noudatamme korkean tehokkuuden, tarkkuuden ja korkean laadun periaatteita vastataksemme monipuolisiin asiakastarpeisiin.<\/p>\n<p>Yrityksemme on omistautunut ammattitaidolle, kansainv\u00e4liselle sertifioinnille, r\u00e4\u00e4t\u00e4l\u00f6idyille palveluille, tuotantolaitteille ja j\u00e4lkimarkkinointipalveluille. Pyrimme tarjoamaan korkealaatuisia tuotteita ja palveluita asiakkaillemme maailmanlaajuisesti.<\/p>\n<p><img decoding=\"async\" src=\"https:\/\/hzpt.com\/wp-content\/uploads\/2024\/11\/songte-company-1.webp\"><\/p>\n<h4>Kirjoittaja: lyl<\/h4>","protected":false},"excerpt":{"rendered":"<p>Bucket Cylinder For Tiangong ZG3210-9 Introduction A bucket cylinder is a specially designed hydraulic cylinder used primarily to control the movement of buckets in heavy machinery such as excavators, backhoes, and front-end loaders. Its main function is to enable the bucket to lift, lower, and tilt, thus facilitating various material handling tasks. In the hydraulic [&hellip;]<\/p>","protected":false},"featured_media":14784,"comment_status":"open","ping_status":"closed","template":"","meta":{"_et_pb_use_builder":"","_et_pb_old_content":"","_et_gb_content_width":""},"product_brand":[],"product_cat":[1494],"product_tag":[1495,1496],"class_list":{"0":"post-15961","1":"product","2":"type-product","3":"status-publish","4":"has-post-thumbnail","6":"product_cat-bucket-cylinders","7":"product_tag-bucket-cylinders","8":"product_tag-hydraulic-cylinders","10":"first","11":"instock","12":"shipping-taxable","13":"product-type-simple"},"amp_enabled":true,"_links":{"self":[{"href":"https:\/\/www.hydraulic-cylinders.net\/fi\/wp-json\/wp\/v2\/product\/15961","targetHints":{"allow":["GET"]}}],"collection":[{"href":"https:\/\/www.hydraulic-cylinders.net\/fi\/wp-json\/wp\/v2\/product"}],"about":[{"href":"https:\/\/www.hydraulic-cylinders.net\/fi\/wp-json\/wp\/v2\/types\/product"}],"replies":[{"embeddable":true,"href":"https:\/\/www.hydraulic-cylinders.net\/fi\/wp-json\/wp\/v2\/comments?post=15961"}],"wp:featuredmedia":[{"embeddable":true,"href":"https:\/\/www.hydraulic-cylinders.net\/fi\/wp-json\/wp\/v2\/media\/14784"}],"wp:attachment":[{"href":"https:\/\/www.hydraulic-cylinders.net\/fi\/wp-json\/wp\/v2\/media?parent=15961"}],"wp:term":[{"taxonomy":"product_brand","embeddable":true,"href":"https:\/\/www.hydraulic-cylinders.net\/fi\/wp-json\/wp\/v2\/product_brand?post=15961"},{"taxonomy":"product_cat","embeddable":true,"href":"https:\/\/www.hydraulic-cylinders.net\/fi\/wp-json\/wp\/v2\/product_cat?post=15961"},{"taxonomy":"product_tag","embeddable":true,"href":"https:\/\/www.hydraulic-cylinders.net\/fi\/wp-json\/wp\/v2\/product_tag?post=15961"}],"curies":[{"name":"wp","href":"https:\/\/api.w.org\/{rel}","templated":true}]}}