{"id":15962,"date":"2025-01-19T15:13:24","date_gmt":"2025-01-19T15:13:24","guid":{"rendered":"https:\/\/www.hydraulic-cylinders.net\/product\/bucket-cylinder-for-tiangong-zg3210-9c\/"},"modified":"2025-01-19T15:13:26","modified_gmt":"2025-01-19T15:13:26","slug":"bucket-cylinder-for-tiangong-zg3210-9c","status":"publish","type":"product","link":"https:\/\/www.hydraulic-cylinders.net\/fi\/tuote\/bucket-cylinder-for-tiangong-zg3210-9c\/","title":{"rendered":"Kauhan sylinteri Tiangong ZG3210-9C:lle"},"content":{"rendered":"<h1>Kauhan sylinteri Tiangong ZG3210-9C:lle<\/h1>\n<h2>Johdanto<\/h2>\n<p>Tiangong ZG3210-9C:n kauhan sylinteri on hydraulinen sylinteri, joka on erityisesti suunniteltu ohjaamaan kauhan liikett\u00e4 raskaissa koneissa, kuten kaivinkoneissa, kaivurikuormaajissa ja etukuormaajissa. Sen p\u00e4\u00e4teht\u00e4v\u00e4n\u00e4 on mahdollistaa kauhan nostaminen, laskeminen ja kallistaminen, mik\u00e4 helpottaa erilaisten materiaalink\u00e4sittelyteht\u00e4vien k\u00e4sittely\u00e4. Hydraulij\u00e4rjestelm\u00e4ss\u00e4 kauhan sylinteri saavuttaa kauhan tarkan hallinnan hydrauli\u00f6ljyn paineen muutosten avulla, mink\u00e4 ansiosta k\u00e4ytt\u00e4j\u00e4t voivat k\u00e4sitell\u00e4 raskaita esineit\u00e4 tehokkaasti ja sopeutua monimutkaisiin ty\u00f6ymp\u00e4rist\u00f6ihin ja erilaisiin k\u00e4ytt\u00f6tarpeisiin.<\/p>\n<p><img decoding=\"async\" src=\"https:\/\/www.hydraulic-cylinders.net\/wp-content\/uploads\/2025\/01\/songte-company-2.webp\" alt=\"Kauhan sylinteri\"><\/p>\n<h2>Ominaisuudet<\/h2>\n<ul>\n<li>Suuri lujuus ja kest\u00e4vyys: Tyypillisesti eritt\u00e4in lujasta ter\u00e4ksest\u00e4 tai alumiinista valmistettu tuote kest\u00e4\u00e4 korkeaa painetta ja raskaita kuormia ja sopeutuu vaativiin ty\u00f6ymp\u00e4rist\u00f6ihin. Suunnittelussa on otettu huomioon kulumiskest\u00e4vyys ja korroosionkest\u00e4vyys, mik\u00e4 pident\u00e4\u00e4 sen k\u00e4ytt\u00f6ik\u00e4\u00e4.<\/li>\n<li>Tehokas hydraulinen toiminta: Tasaiset ojennus- ja supistusliikkeet saavutetaan hy\u00f6dynt\u00e4m\u00e4ll\u00e4 hydrauli\u00f6ljyn painetta, mik\u00e4 tarjoaa tehokkaat ty\u00f6nt\u00f6- ja vetovoimat raskaiden esineiden ja monimutkaisten teht\u00e4vien k\u00e4sittelyyn.<\/li>\n<li>Erilaisia \u200b\u200btyyppej\u00e4: Yksitoimiset (hydrauliikkaa k\u00e4ytet\u00e4\u00e4n vain yhteen suuntaan) tai kaksitoimiset (hydrauliikkaa k\u00e4ytet\u00e4\u00e4n molempiin suuntiin) sylinterit voidaan valita k\u00e4ytt\u00f6tarpeiden mukaan, ja jotkut mallit ovat teleskooppisia, mik\u00e4 mahdollistaa suuremman jatkeen ilman ulkomittojen kasvua, mik\u00e4 sopii rajoitettuihin tiloihin.<\/li>\n<li>Erinomaiset korvaavat tuotteet: Tuotteemme voivat korvata n\u00e4m\u00e4 hydraulisylinterit t\u00e4ydellisesti.<\/li>\n<\/ul>\n<p><img decoding=\"async\" src=\"https:\/\/www.hydraulic-cylinders.net\/wp-content\/uploads\/2025\/01\/songte-cylinder-head-with-all-kinds-excavator-models.webp\" alt=\"Kauhan sylinterin vaihto\"><\/p>\n<h2>Sovellukset<\/h2>\n<p>Kauhasylinteri\u00e4 k\u00e4ytet\u00e4\u00e4n laajalti erilaisissa raskaissa koneissa, kuten:<\/p>\n<ul>\n<li>Rakennuslaitteet: Kaivinkoneissa ne ovat v\u00e4ltt\u00e4m\u00e4tt\u00f6mi\u00e4 maan tai roskien kaivamiseen, lastaamiseen ja siirt\u00e4miseen. Kaivurikuormaajissa kauhan sylinteri auttaa kaivamisessa ja nostamisessa. Etukuormaajissa ne auttavat tavaroiden tehokkaassa nostamisessa ja kallistuksessa.<\/li>\n<li>Maatalouskoneet: K\u00e4ytet\u00e4\u00e4n etukuormaajiin maaper\u00e4n, hein\u00e4n ja muiden materiaalien nostamiseen, ker\u00e4\u00e4miseen ja kuljettamiseen. Kaivinkoneissa kauhan sylinteri mahdollistaa kaivamisen antamalla kauhan tunkeutua maaper\u00e4\u00e4n. <\/li>\n<\/ul>\n<h2>Suunnittelun\u00e4k\u00f6kohdat ja valintakriteerit<\/h2>\n<p>Kauhasylinterin suunnittelussa on otettava huomioon:<\/p>\n<ul>\n<li>Kantavuus: Kest\u00e4\u00e4 korkeaa painetta ja raskaita kuormia.<\/li>\n<li>Tiivistys: Erilaisten tiivisteiden, kuten m\u00e4nn\u00e4ntiivisteiden ja m\u00e4nn\u00e4nvarren tiivisteiden, k\u00e4ytt\u00f6 kulutusta kest\u00e4vist\u00e4 materiaaleista, kuten polyuretaanista ja nitriilikumista.<\/li>\n<li>Kest\u00e4vyys: Sylinterin runko ja kierteen p\u00e4\u00e4typinta k\u00e4sitell\u00e4\u00e4n hienos\u00e4\u00e4detysti kulumiskest\u00e4vyyden parantamiseksi.<\/li>\n<li>Turvallisuus: Tiukat laadunvalvontastandardit takaavat sylinterin turvallisen ja luotettavan toiminnan.<\/li>\n<li>Huolto: Helppo huoltaa ja korjata s\u00e4\u00e4nn\u00f6llisill\u00e4 \u00f6ljynvaihdoilla ja tiivisteiden vaihdoilla.<\/li>\n<\/ul>\n<p><img decoding=\"async\" src=\"https:\/\/www.hydraulic-cylinders.net\/wp-content\/uploads\/2025\/01\/songte-oil-pipes-and-spare-parts.webp\" alt=\"Kauhan sylinterin osat\"><\/p>\n<h2>Tiivistys ja voitelu<\/h2>\n<p>Kauhasylinteriss\u00e4 k\u00e4ytet\u00e4\u00e4n erilaisia \u200b\u200btiivistyskomponentteja, kuten m\u00e4nn\u00e4ntiivisteit\u00e4 ja varren tiivisteit\u00e4, jotka on valmistettu kulutusta kest\u00e4vist\u00e4 materiaaleista, kuten polyuretaanista ja nitriilikumista. Sylinterin runko ja kierteiden p\u00e4\u00e4typinnat on hienok\u00e4sitelty kulutuskest\u00e4vyyden parantamiseksi. S\u00e4\u00e4nn\u00f6lliset \u00f6ljynvaihdot ja sopivan m\u00e4\u00e4r\u00e4n hydrauli\u00f6ljyn lis\u00e4\u00e4minen sylinterin voiteluun.<\/p>\n<h2>Huolto ja korjaus<\/h2>\n<p>S\u00e4\u00e4nn\u00f6llinen tarkastus, asianmukainen voitelu, tiivisteiden vaihto ja kalibrointitarkastukset ovat yleisi\u00e4 huoltoteht\u00e4vi\u00e4. Oikea asennus, voitelu ja s\u00e4\u00e4t\u00f6 ovat olennaisia. Asennuksen aikana on varmistettava sylinterin oikea kohdistus ja k\u00e4ytett\u00e4v\u00e4 sopivia asennuskiinnikkeit\u00e4. Annetaan suositellut tarkastus-, korjaus- ja vaihtomenettelyt sek\u00e4 vinkkej\u00e4 kauhan sylinterin k\u00e4ytt\u00f6i\u00e4n pident\u00e4miseksi.<\/p>\n<p><img decoding=\"async\" src=\"https:\/\/www.hydraulic-cylinders.net\/wp-content\/uploads\/2025\/01\/songte-chushion-collar.webp\" alt=\"Kauhan sylinterin huolto\"><\/p>\n<h2>Turvallisuusn\u00e4k\u00f6kohdat ja ymp\u00e4rist\u00f6tekij\u00e4t<\/h2>\n<p>Kauhasylinteri\u00e4 tulee k\u00e4ytt\u00e4\u00e4 turvallisuusohjeiden mukaisesti onnettomuuksien v\u00e4ltt\u00e4miseksi. Sylinteriss\u00e4 k\u00e4ytetyn hydrauli\u00f6ljyn asianmukainen h\u00e4vitt\u00e4minen on olennaista ymp\u00e4rist\u00f6n saastumisen est\u00e4miseksi.<\/p>\n<h2>Vianm\u00e4\u00e4ritys ja yleiset ongelmat<\/h2>\n<p>Kauhasylinterin yleisi\u00e4 ongelmia ovat \u00f6ljyvuoto, ep\u00e4normaali melu ja hidas toiminta. Vianm\u00e4\u00e4ritysvinkkej\u00e4 ja -ratkaisuja annetaan ongelmien diagnosoimiseksi ja ratkaisemiseksi sek\u00e4 ennaltaehk\u00e4isevi\u00e4 toimenpiteit\u00e4 mahdollisten ongelmien minimoimiseksi.<\/p>\n<p><img decoding=\"async\" src=\"https:\/\/www.hydraulic-cylinders.net\/wp-content\/uploads\/2025\/01\/songte-bushings-with-all-kinds-of-excavator-models.webp\" alt=\"Kauhan sylinterin ongelmat\"><\/p>\n<h2>Tietoa meist\u00e4<\/h2>\n<p>Olemme hydraulisylintereiden valmistaja ja tarjoamme laajan tuotevalikoiman. Olemme yksi johtavista hydraulisylintereiden valmistajista ja tukkumyyjist\u00e4 kotimaisilla ja kansainv\u00e4lisill\u00e4 markkinoilla. Pyrimme erinomaiseen laatuun ja luotamme hienomekaanisten ty\u00f6pajojen teollisen tuotannon hallintastrategiaan. Yritys parantaa jatkuvasti ty\u00f6pajan valmistusalustaa, parantaa tuotteiden laatua tuotantolinjalla ja sill\u00e4 on vahva luova kyky. Tarjoamme tehokkaita, tarkkoja ja korkealaatuisia tuotteita asiakkaidemme monipuolisten tarpeiden t\u00e4ytt\u00e4miseksi.<\/p>\n<p><img decoding=\"async\" src=\"https:\/\/hzpt.com\/wp-content\/uploads\/2024\/11\/songte-company-1.webp\" alt=\"Yrityksemme\"><\/p>\n<h2>Palvelumme<\/h2>\n<ul>\n<li>Ammattitaito: Meill\u00e4 on laaja kokemus hydraulisylintereiden suunnittelusta ja valmistuksesta.<\/li>\n<li>Kansainv\u00e4linen sertifiointi: Tuotteemme ovat l\u00e4p\u00e4isseet kansainv\u00e4lisen laatuj\u00e4rjestelm\u00e4n sertifioinnin.<\/li>\n<li>Mukauttaminen: Voimme toimittaa hydraulisylintereit\u00e4 asiakkaan vaatimusten mukaisesti.<\/li>\n<li>Tuotantolaitteet: K\u00e4yt\u00e4mme edistyneit\u00e4 tuotantolaitteita ja -teknologiaa hydraulisylintereiden valmistukseen.<\/li>\n<li>Myynnin j\u00e4lkeinen palvelu: Tarjoamme oikea-aikaista ja tehokasta myynnin j\u00e4lkeist\u00e4 palvelua.<\/li>\n<\/ul>\n<p>Toivomme, ett\u00e4 t\u00e4m\u00e4 artikkeli tarjoaa kattavan johdannon Tiangong ZG3210-9C:n kauhasylinteriin. Jos sinulla on kysytt\u00e4v\u00e4\u00e4 tai tarpeita, ota rohkeasti yhteytt\u00e4.<\/p>\n<p>Kirjoittaja: lyl.<\/p>","protected":false},"excerpt":{"rendered":"<p>Bucket Cylinder For Tiangong ZG3210-9C Introduction The bucket cylinder for Tiangong ZG3210-9C is a type of hydraulic cylinder specifically designed for controlling the movement of the shovel in heavy machinery such as excavators, backhoe loaders, and front-end loaders. Its main function is to enable the shovel to lift, lower, and tilt, making it easier to [&hellip;]<\/p>","protected":false},"featured_media":14782,"comment_status":"open","ping_status":"closed","template":"","meta":{"_et_pb_use_builder":"","_et_pb_old_content":"","_et_gb_content_width":""},"product_brand":[],"product_cat":[1494],"product_tag":[1495,1496],"class_list":{"0":"post-15962","1":"product","2":"type-product","3":"status-publish","4":"has-post-thumbnail","6":"product_cat-bucket-cylinders","7":"product_tag-bucket-cylinders","8":"product_tag-hydraulic-cylinders","10":"first","11":"instock","12":"shipping-taxable","13":"product-type-simple"},"amp_enabled":true,"_links":{"self":[{"href":"https:\/\/www.hydraulic-cylinders.net\/fi\/wp-json\/wp\/v2\/product\/15962","targetHints":{"allow":["GET"]}}],"collection":[{"href":"https:\/\/www.hydraulic-cylinders.net\/fi\/wp-json\/wp\/v2\/product"}],"about":[{"href":"https:\/\/www.hydraulic-cylinders.net\/fi\/wp-json\/wp\/v2\/types\/product"}],"replies":[{"embeddable":true,"href":"https:\/\/www.hydraulic-cylinders.net\/fi\/wp-json\/wp\/v2\/comments?post=15962"}],"wp:featuredmedia":[{"embeddable":true,"href":"https:\/\/www.hydraulic-cylinders.net\/fi\/wp-json\/wp\/v2\/media\/14782"}],"wp:attachment":[{"href":"https:\/\/www.hydraulic-cylinders.net\/fi\/wp-json\/wp\/v2\/media?parent=15962"}],"wp:term":[{"taxonomy":"product_brand","embeddable":true,"href":"https:\/\/www.hydraulic-cylinders.net\/fi\/wp-json\/wp\/v2\/product_brand?post=15962"},{"taxonomy":"product_cat","embeddable":true,"href":"https:\/\/www.hydraulic-cylinders.net\/fi\/wp-json\/wp\/v2\/product_cat?post=15962"},{"taxonomy":"product_tag","embeddable":true,"href":"https:\/\/www.hydraulic-cylinders.net\/fi\/wp-json\/wp\/v2\/product_tag?post=15962"}],"curies":[{"name":"wp","href":"https:\/\/api.w.org\/{rel}","templated":true}]}}