{"id":15970,"date":"2025-01-19T15:13:55","date_gmt":"2025-01-19T15:13:55","guid":{"rendered":"https:\/\/www.hydraulic-cylinders.net\/product\/bucket-cylinder-for-dasin-ds50-7\/"},"modified":"2025-01-19T15:14:00","modified_gmt":"2025-01-19T15:14:00","slug":"bucket-cylinder-for-dasin-ds50-7","status":"publish","type":"product","link":"https:\/\/www.hydraulic-cylinders.net\/fi\/tuote\/bucket-cylinder-for-dasin-ds50-7\/","title":{"rendered":"Kauhan sylinteri Dasin DS50-7:lle"},"content":{"rendered":"<h2>Johdanto<\/h2>\n<h3>Kauhan sylinteri Dasin DS50-7:lle<\/h3>\n<p>Kauhasylinteri on erityisesti suunniteltu hydraulisylinteri, jota k\u00e4ytet\u00e4\u00e4n p\u00e4\u00e4asiassa kauhan liikkeen ohjaamiseen raskaissa koneissa, kuten kaivinkoneissa, kaivurikuormaajissa ja etukuormaajissa. Sen p\u00e4\u00e4teht\u00e4v\u00e4n\u00e4 on mahdollistaa kauhan nostaminen, laskeminen ja kallistaminen, mik\u00e4 tekee siit\u00e4 sopivan erilaisiin materiaalink\u00e4sittelyteht\u00e4viin. Hydraulij\u00e4rjestelm\u00e4ss\u00e4 kauhasylinteri k\u00e4ytt\u00e4\u00e4 hydrauli\u00f6ljyn painetta kauhan tarkkaan ohjaamiseen, jolloin k\u00e4ytt\u00e4j\u00e4 voi k\u00e4sitell\u00e4 raskaita kuormia tehokkaasti, sopeutua monimutkaisiin ty\u00f6ymp\u00e4rist\u00f6ihin ja vaihteleviin ty\u00f6vaatimuksiin.<\/p>\n<p><img decoding=\"async\" src=\"https:\/\/www.hydraulic-cylinders.net\/wp-content\/uploads\/2025\/01\/songte-company-2.webp\"\/><\/p>\n<h2>Kauhasylinterin ominaisuudet Dasin DS50-7:lle<\/h2>\n<ul>\n<li>\n<h3>Korkea lujuus ja kest\u00e4vyys<\/h3>\n<p>Kauhasylinterit on yleens\u00e4 valmistettu eritt\u00e4in lujasta ter\u00e4ksest\u00e4 tai alumiinista, jotka kest\u00e4v\u00e4t korkeaa painetta ja raskaita kuormia ja sopeutuvat vaativiin ty\u00f6ymp\u00e4rist\u00f6ihin. Suunnittelussa on otettu huomioon kulutuskest\u00e4vyys ja korroosionkest\u00e4vyys, mik\u00e4 pident\u00e4\u00e4 sylinterin k\u00e4ytt\u00f6ik\u00e4\u00e4.<\/p>\n<\/li>\n<li>\n<h3>Tehokas hydraulinen k\u00e4ytt\u00f6<\/h3>\n<p>Kauhasylinterit k\u00e4ytt\u00e4v\u00e4t hydrauli\u00f6ljyn painetta tasaisen ulos- ja sis\u00e4\u00e4nvedon aikaansaamiseksi, reagoivat nopeasti ohjauskomentoihin, tarjoavat voimakkaita ty\u00f6nt\u00f6- ja vetovoimia ja soveltuvat raskaiden kuormien k\u00e4sittelyyn ja monimutkaisiin ty\u00f6teht\u00e4viin.<\/p>\n<\/li>\n<li>\n<h3>Erilaisia \u200b\u200btyyppej\u00e4<\/h3>\n<p>Kauhasylinterit voivat olla yksitoimisia (hydrauliikkaa vain yhteen suuntaan) tai kaksitoimisia (hydrauliikkaa kahteen suuntaan), ja ne voivat vastata erilaisiin k\u00e4ytt\u00f6tarpeisiin. Jotkut mallit ovat teleskooppisia, mik\u00e4 mahdollistaa suuremman jatkeen ilman ulkomittojen kasvua, mik\u00e4 sopii sovelluksiin, joissa on rajoitetusti tilaa.<\/p>\n<\/li>\n<li>\n<h3>Voidaan mukauttaa<\/h3>\n<p>Tuotteemme voi t\u00e4ydellisesti korvata n\u00e4m\u00e4 hydraulisylinterit, ja tarjoamme r\u00e4\u00e4t\u00e4l\u00f6intipalveluita vastaamaan erityistarpeita.<\/p>\n<\/li>\n<li>\n<h3>Laaja valikoima sovelluksia<\/h3>\n<p>Kauhasylintereit\u00e4 k\u00e4ytet\u00e4\u00e4n laajalti useilla eri aloilla, kuten rakennuskoneissa, maatalouskoneissa, kaivinkoneissa ja kuormaajissa, muutamia mainitakseni. Rakennuslaitteissa kauhasylinterit ovat ratkaisevan t\u00e4rkeit\u00e4 maan tai roskien kaivamisessa, lastaamisessa ja siirt\u00e4misess\u00e4. Maatalouskoneissa niit\u00e4 k\u00e4ytet\u00e4\u00e4n maan, hein\u00e4n ja muiden materiaalien nostamiseen ja kuljettamiseen. Kaivinkoneissa ja kuormaajissa kauhasylinterit mahdollistavat kaivamisen, nostamisen ja tyhjent\u00e4misen.<\/p>\n<\/li>\n<\/ul>\n<p><img decoding=\"async\" src=\"https:\/\/www.hydraulic-cylinders.net\/wp-content\/uploads\/2025\/01\/songte-cylinder-head-with-all-kinds-excavator-models.webp\"\/><\/p>\n<h2>Suunnittelun\u00e4k\u00f6kohdat ja valintakriteerit<\/h2>\n<ul>\n<li>\n<h3>Kantavuus<\/h3>\n<p>Sylinterin kantokyvyn on oltava riitt\u00e4v\u00e4 kest\u00e4m\u00e4\u00e4n k\u00e4yt\u00f6n aikana ilmenev\u00e4t kuormat ja paineet.<\/p>\n<\/li>\n<li>\n<h3>Tiivistys<\/h3>\n<p>Sylinterin on oltava riitt\u00e4v\u00e4sti tiivistetty \u00f6ljyvuotojen est\u00e4miseksi ja luotettavan toiminnan varmistamiseksi. K\u00e4yt\u00e4mme erilaisia \u200b\u200btiivistyskomponentteja, kuten m\u00e4nn\u00e4n tiivisterenkaita, m\u00e4nn\u00e4nvarren tiivisterenkaita sek\u00e4 polyuretaani- tai nitriilikumitiivisteit\u00e4, jotka on valmistettu kulutusta kest\u00e4vist\u00e4 materiaaleista.<\/p>\n<\/li>\n<li>\n<h3>Kest\u00e4vyys<\/h3>\n<p>Sylinterin on oltava valmistettu korkealaatuisista materiaaleista, sill\u00e4 on oltava erinomainen kulutuskest\u00e4vyys ja korroosiokest\u00e4vyys k\u00e4ytt\u00f6i\u00e4n pident\u00e4miseksi.<\/p>\n<\/li>\n<li>\n<h3>Turvallisuus<\/h3>\n<p>Sylinteri on suunniteltava onnettomuuksien est\u00e4miseksi turvaominaisuuksilla, kuten paineenalennusventtiileill\u00e4, pehmustekauluksilla ja turvalukoilla.<\/p>\n<\/li>\n<li>\n<h3>Huolto<\/h3>\n<p>Sylinterin on oltava helppo huoltaa, ja osien vaihdon on oltava nopeaa ja helppoa. K\u00e4yt\u00e4mme korkealaatuisia \u00f6ljyputkia ja varaosia, jotka on helppo huoltaa ja vaihtaa.<\/p>\n<\/li>\n<\/ul>\n<p><img decoding=\"async\" src=\"https:\/\/www.hydraulic-cylinders.net\/wp-content\/uploads\/2025\/01\/songte-oil-pipes-and-spare-parts.webp\"\/><\/p>\n<h2>Huolto- ja asennusopas<\/h2>\n<p>S\u00e4\u00e4nn\u00f6llinen huolto on ratkaisevan t\u00e4rke\u00e4\u00e4 kauhasylinterien pitk\u00e4ik\u00e4isyyden ja tehokkuuden varmistamiseksi. T\u00e4ss\u00e4 on joitakin yleisi\u00e4 huoltoteht\u00e4vi\u00e4:<\/p>\n<ul>\n<li>\n<h3>S\u00e4\u00e4nn\u00f6llinen tarkastus<\/h3>\n<p>Tarkasta sylinteri ja siihen liittyv\u00e4t osat s\u00e4\u00e4nn\u00f6llisesti kulumisen tai vaurioiden varalta ja vaihda osat tarvittaessa. Tarkista m\u00e4nn\u00e4nvarren suoruus ja mahdolliset taipumisen tai muodonmuutoksen merkit.<\/p>\n<\/li>\n<li>\n<h3>Oikea voitelu<\/h3>\n<p>K\u00e4yt\u00e4 sopivaa hydrauliikka\u00f6ljy\u00e4 ja voitele sylinteri s\u00e4\u00e4nn\u00f6llisesti varmistaaksesi sujuvan toiminnan ja est\u00e4\u00e4ksesi liiallisen kulumisen. Noudata valmistajan suosituksia \u00f6ljyn tyypist\u00e4 ja m\u00e4\u00e4r\u00e4st\u00e4.<\/p>\n<\/li>\n<li>\n<h3>Tiivisteen vaihto ja kalibroinnin tarkistus<\/h3>\n<p>Jos sylinteri vuotaa tai ei toimi oikein, tarkista tiivisteet ja vaihda ne tarvittaessa. Tarkista sylinterin kalibrointi varmistaaksesi sen tarkan toiminnan.<\/p>\n<\/li>\n<\/ul>\n<p>Oikea asennus on my\u00f6s t\u00e4rke\u00e4\u00e4 kauhan sylinterin pitk\u00e4ik\u00e4isyyden ja tehokkuuden kannalta. T\u00e4ss\u00e4 on joitakin t\u00e4rkeit\u00e4 asennusvinkkej\u00e4:<\/p>\n<ul>\n<li>\n<h3>Oikea kohdistus<\/h3>\n<p>Varmista, ett\u00e4 sylinteri on oikein linjassa laitteen kanssa ja ett\u00e4 m\u00e4nn\u00e4nvarren p\u00e4\u00e4 on kiinnitetty kunnolla kauhaan tai muihin lis\u00e4laitteisiin.<\/p>\n<\/li>\n<li>\n<h3>Asennuskiinnikkeen k\u00e4ytt\u00f6<\/h3>\n<p>K\u00e4yt\u00e4 asianmukaisia \u200b\u200basennuskiinnikkeit\u00e4 sylinterin kiinnitt\u00e4miseen laitteeseen est\u00e4\u00e4ksesi sen liikkumisen tai vaurioitumisen k\u00e4yt\u00f6n aikana.<\/p>\n<\/li>\n<li>\n<h3>Tarkastus- ja korjausmenettelyt<\/h3>\n<p>Noudata suositeltuja tarkastus-, korjaus- ja vaihtomenettelyj\u00e4 varmistaaksesi sylinterin turvallisen ja tehokkaan toiminnan.<\/p>\n<\/li>\n<\/ul>\n<p><img decoding=\"async\" src=\"https:\/\/www.hydraulic-cylinders.net\/wp-content\/uploads\/2025\/01\/songte-chushion-collar.webp\"\/><\/p>\n<h2>Turvallisuusn\u00e4k\u00f6kohdat ja ymp\u00e4rist\u00f6tekij\u00e4t<\/h2>\n<p>Kauhasylinterit toimivat korkeassa paineessa ja voivat olla vaarallisia, jos niit\u00e4 ei asenneta ja k\u00e4ytet\u00e4 oikein. Noudata aina valmistajan ohjeita ja turvallisuusm\u00e4\u00e4r\u00e4yksi\u00e4 onnettomuuksien v\u00e4ltt\u00e4miseksi. Ymp\u00e4rist\u00f6n kannalta hydrauliikka\u00f6ljy on h\u00e4vitett\u00e4v\u00e4 asianmukaisesti maaper\u00e4n ja veden saastumisen est\u00e4miseksi, ja sylinteri on tarkistettava s\u00e4\u00e4nn\u00f6llisesti vuotojen varalta \u00f6ljyvuotojen est\u00e4miseksi.<\/p>\n<p><img decoding=\"async\" src=\"https:\/\/www.hydraulic-cylinders.net\/wp-content\/uploads\/2025\/01\/songte-bushings-with-all-kinds-of-excavator-models.webp\"\/><\/p>\n<h2>Vianm\u00e4\u00e4ritys ja yleiset ongelmat<\/h2>\n<p>Kauhasylintereiss\u00e4 voi esiinty\u00e4 yleisi\u00e4 ongelmia, kuten vuotoja, ep\u00e4tasaista toimintaa sek\u00e4 sylinterin ulos- tai sis\u00e4\u00e4nvet\u00e4ytymisen ep\u00e4onnistumista. Vianm\u00e4\u00e4ritysvinkkej\u00e4 ovat tiivisteiden tarkistaminen, asianmukaisen voitelun varmistaminen ja sylinterin kalibroinnin tarkistaminen.<\/p>\n<h2>Tietoa yrityksest\u00e4mme<\/h2>\n<p>Olemme korvaavien hydraulisylinterien valmistaja, johtava hydraulisylinterien valmistaja ja tukkumyyj\u00e4 kotimaisilla ja kansainv\u00e4lisill\u00e4 markkinoilla. Noudatamme erinomaisen laadun filosofiaa, luotamme hienostuneen valmistuspajan teollistettuun tuotannonohjausstrategiaan, parannamme jatkuvasti ty\u00f6pajan valmistusalustaa, parannamme tuotteiden tuotannon laatureitti\u00e4 ja meill\u00e4 on vahva luomiskyky vastata asiakkaiden monipuolisiin tarpeisiin tehokkaalla, tarkalla ja laadukkaalla tavalla.<\/p>\n<p><img decoding=\"async\" src=\"https:\/\/hzpt.com\/wp-content\/uploads\/2024\/11\/songte-company-1.webp\"\/><\/p>\n<h3>Ammattimaisuus<\/h3>\n<p>Meill\u00e4 on kokeneiden ammattilaisten tiimi, joka on sitoutunut tarjoamaan asiakkaille korkealaatuisia hydraulisylinteriratkaisuja.<\/p>\n<h3>Kansainv\u00e4linen sertifiointi<\/h3>\n<p>Tuotteemme ovat saaneet kansainv\u00e4lisi\u00e4 sertifikaatteja, kuten ISO9001, CE ja ROHS, mik\u00e4 varmistaa, ett\u00e4 ne t\u00e4ytt\u00e4v\u00e4t kansainv\u00e4liset standardit ja vaatimukset.<\/p>\n<h3>R\u00e4\u00e4t\u00e4l\u00f6intipalvelut<\/h3>\n<p>Tarjoamme r\u00e4\u00e4t\u00e4l\u00f6ityj\u00e4 hydraulisylinteriratkaisuja vastaamaan erityisi\u00e4 operatiivisia tarpeita.<\/p>\n<h3>Edistyneet tuotantolaitteet<\/h3>\n<p>Tuotantolaitteemme ovat huippuluokan, mink\u00e4 ansiosta pystymme valmistamaan korkealaatuisia hydraulisylintereit\u00e4 tehokkaasti ja tarkasti.<\/p>\n<h3>Myynnin j\u00e4lkeinen palvelu<\/h3>\n<p>Tarjoamme erinomaista huoltopalvelua, mukaan lukien korjaus- ja vaihtopalvelut, varmistaaksemme, ett\u00e4 asiakkaamme saavat parasta mahdollista tukea.<\/p>\n<h2>Kirjoittaja<\/h2>\n<p>lyl<\/p>","protected":false},"excerpt":{"rendered":"<p>Introduction Bucket Cylinder For Dasin DS50-7 A bucket cylinder is a specially designed hydraulic cylinder used mainly to control the movement of the bucket in heavy machinery such as excavators, backhoe loaders, and front loaders. Its main function is to enable the bucket to perform lifting, lowering, and tilting, making it suitable for various material [&hellip;]<\/p>","protected":false},"featured_media":14762,"comment_status":"open","ping_status":"closed","template":"","meta":{"_et_pb_use_builder":"","_et_pb_old_content":"","_et_gb_content_width":""},"product_brand":[],"product_cat":[1494],"product_tag":[1495,1496],"class_list":{"0":"post-15970","1":"product","2":"type-product","3":"status-publish","4":"has-post-thumbnail","6":"product_cat-bucket-cylinders","7":"product_tag-bucket-cylinders","8":"product_tag-hydraulic-cylinders","10":"first","11":"instock","12":"shipping-taxable","13":"product-type-simple"},"amp_enabled":true,"_links":{"self":[{"href":"https:\/\/www.hydraulic-cylinders.net\/fi\/wp-json\/wp\/v2\/product\/15970","targetHints":{"allow":["GET"]}}],"collection":[{"href":"https:\/\/www.hydraulic-cylinders.net\/fi\/wp-json\/wp\/v2\/product"}],"about":[{"href":"https:\/\/www.hydraulic-cylinders.net\/fi\/wp-json\/wp\/v2\/types\/product"}],"replies":[{"embeddable":true,"href":"https:\/\/www.hydraulic-cylinders.net\/fi\/wp-json\/wp\/v2\/comments?post=15970"}],"wp:featuredmedia":[{"embeddable":true,"href":"https:\/\/www.hydraulic-cylinders.net\/fi\/wp-json\/wp\/v2\/media\/14762"}],"wp:attachment":[{"href":"https:\/\/www.hydraulic-cylinders.net\/fi\/wp-json\/wp\/v2\/media?parent=15970"}],"wp:term":[{"taxonomy":"product_brand","embeddable":true,"href":"https:\/\/www.hydraulic-cylinders.net\/fi\/wp-json\/wp\/v2\/product_brand?post=15970"},{"taxonomy":"product_cat","embeddable":true,"href":"https:\/\/www.hydraulic-cylinders.net\/fi\/wp-json\/wp\/v2\/product_cat?post=15970"},{"taxonomy":"product_tag","embeddable":true,"href":"https:\/\/www.hydraulic-cylinders.net\/fi\/wp-json\/wp\/v2\/product_tag?post=15970"}],"curies":[{"name":"wp","href":"https:\/\/api.w.org\/{rel}","templated":true}]}}