{"id":15982,"date":"2025-01-19T15:14:52","date_gmt":"2025-01-19T15:14:52","guid":{"rendered":"https:\/\/www.hydraulic-cylinders.net\/product\/bucket-cylinder-for-sinomach-zg3235-9c\/"},"modified":"2025-01-19T15:14:54","modified_gmt":"2025-01-19T15:14:54","slug":"bucket-cylinder-for-sinomach-zg3235-9c","status":"publish","type":"product","link":"https:\/\/www.hydraulic-cylinders.net\/fi\/tuote\/bucket-cylinder-for-sinomach-zg3235-9c\/","title":{"rendered":"Kauhan sylinteri Sinomach ZG3235-9C:lle"},"content":{"rendered":"<h1>Kauhan sylinteri Sinomach ZG3235-9C:lle<\/h1>\n<p><img decoding=\"async\" src=\"https:\/\/www.hydraulic-cylinders.net\/wp-content\/uploads\/2025\/01\/songte-company-2.webp\" alt=\"Kauhan sylinteri Sinomach ZG3235-9C:lle\"><\/p>\n<h2>Johdanto<\/h2>\n<p>Kauhasylinteri on erityisesti suunniteltu hydraulisylinteri, jota k\u00e4ytet\u00e4\u00e4n kauhan liikkeen ohjaamiseen raskaissa koneissa, kuten kaivinkoneissa, kaivurikuormaajissa ja etukuormaajissa. Sen p\u00e4\u00e4teht\u00e4v\u00e4n\u00e4 on mahdollistaa kauhan nostaminen, laskeminen ja kallistaminen, mik\u00e4 helpottaa erilaisia \u200b\u200bmateriaalink\u00e4sittelyteht\u00e4vi\u00e4. Hydraulij\u00e4rjestelm\u00e4ss\u00e4 kauhasylinteri saavuttaa kauhan tarkan hallinnan hydrauli\u00f6ljyn paineenmuutosten avulla, mink\u00e4 ansiosta k\u00e4ytt\u00e4j\u00e4t voivat k\u00e4sitell\u00e4 raskaita kuormia tehokkaasti ja sopeutua monimutkaisiin ty\u00f6ymp\u00e4rist\u00f6ihin ja erilaisiin ty\u00f6vaatimuksiin.<\/p>\n<h2>Ominaisuudet<\/h2>\n<ul>\n<li>Korkea lujuus ja kest\u00e4vyys: Kauhasylinteri on tyypillisesti valmistettu eritt\u00e4in lujasta ter\u00e4ksest\u00e4 tai alumiinista, ja se kest\u00e4\u00e4 korkeaa painetta ja raskaita kuormia ankariin ty\u00f6olosuhteisiin mukautuen. Sen suunnittelussa on otettu huomioon kulutuskest\u00e4vyys ja korroosionkest\u00e4vyys, mik\u00e4 pident\u00e4\u00e4 sen k\u00e4ytt\u00f6ik\u00e4\u00e4.<\/li>\n<li>Tehokas hydraulinen toiminta: Hydrauli\u00f6ljyn paineen ansiosta kauhan sylinteri saavuttaa tasaiset ojennus- ja sis\u00e4\u00e4nvetoliikkeet, mik\u00e4 mahdollistaa nopean reagoinnin ohjauskomentoihin ja tarjoaa tehokkaat ty\u00f6nt\u00f6- ja vetovoimat, jotka sopivat raskaiden kuormien k\u00e4sittelyyn ja monimutkaisiin ty\u00f6teht\u00e4viin.<\/li>\n<li>Erilaisia \u200b\u200btyyppej\u00e4: Kauhasylinteri voidaan valita yksitoimiseksi (hydraulinen paine vain yhteen suuntaan) tai kaksitoimiseksi (hydraulinen paine molempiin suuntiin) k\u00e4ytt\u00f6tarpeiden mukaan. Jotkut mallit ovat teleskooppisia, mik\u00e4 mahdollistaa suuremman jatkeen ilman ulkomittojen kasvua, mik\u00e4 sopii sovelluksiin, joissa on rajoitetusti tilaa.<\/li>\n<li>Hydraulisylinterien vaihto: Tuotteemme voivat t\u00e4ydellisesti korvata n\u00e4m\u00e4 hydraulisylinterit. <img decoding=\"async\" src=\"https:\/\/www.hydraulic-cylinders.net\/wp-content\/uploads\/2025\/01\/songte-cylinder-head-with-all-kinds-excavator-models.webp\" alt=\"Kauhan sylinterin vaihto\"><\/li>\n<\/ul>\n<h2>Sovellukset<\/h2>\n<p>Kauhasylinteri\u00e4 k\u00e4ytet\u00e4\u00e4n erilaisissa laitteissa:<\/p>\n<ol>\n<li>Rakennuskoneet: Kaivinkoneissa k\u00e4ytett\u00e4vi\u00e4 koneita on ratkaisevan t\u00e4rke\u00e4\u00e4 kaivamisessa, lastaamisessa ja maaper\u00e4n tai roskien siirt\u00e4misess\u00e4. Kaivurikuormaajissa kauhan sylinteri auttaa sek\u00e4 kaivamisessa ett\u00e4 nostamisessa.<\/li>\n<li>Maatalouskoneet: Niit\u00e4 k\u00e4ytet\u00e4\u00e4n etukuormaajissa, ja ne auttavat maaper\u00e4n, hein\u00e4n ja muiden materiaalien kauhaamisessa, nostamisessa ja kuljettamisessa.<\/li>\n<li>Kaivinkoneet: Kauhan sylinteri mahdollistaa kaivuuty\u00f6t antamalla kauhan tunkeutua maaper\u00e4\u00e4n.<\/li>\n<li>Kuormaajat: Etukuormaajissa ne edist\u00e4v\u00e4t tavaroiden tehokasta nostamista ja tyhjent\u00e4mist\u00e4.<\/li>\n<\/ol>\n<h2>Suunnittelun\u00e4k\u00f6kohdat ja valintakriteerit<\/h2>\n<p>Kauhasylinterin suunnittelussa ja valintakriteereiss\u00e4 on otettava huomioon useita keskeisi\u00e4 tekij\u00f6it\u00e4:<\/p>\n<ul>\n<li>Kantavuus: Kauhan sylinterin tulee olla suunniteltu kest\u00e4m\u00e4\u00e4n k\u00e4yt\u00f6n aikana odotettavissa olevat kuormat ja voimat.<\/li>\n<li>Tiivistyskyky: Tehokkaan tiivistyksen varmistamiseksi ja vuotojen est\u00e4miseksi on k\u00e4ytett\u00e4v\u00e4 asianmukaisia \u200b\u200btiivisteit\u00e4, kuten m\u00e4nn\u00e4ntiivisteit\u00e4 ja m\u00e4nn\u00e4nvarren tiivisteit\u00e4, jotka on valmistettu kulutusta kest\u00e4vist\u00e4 materiaaleista, kuten polyuretaanista ja nitriilikumista.<\/li>\n<li>Kest\u00e4vyys: Sylinterin runko ja kierteitetyt p\u00e4\u00e4t tulee k\u00e4sitell\u00e4 hienovaraisesti kulutuskest\u00e4vyyden parantamiseksi. T\u00e4m\u00e4 varmistaa kauhasylinterin pitk\u00e4n k\u00e4ytt\u00f6i\u00e4n.<\/li>\n<li>Turvallisuus: Suunnitteluun on sis\u00e4llytett\u00e4v\u00e4 turvaominaisuuksia onnettomuuksien est\u00e4miseksi ja k\u00e4ytt\u00e4j\u00e4n suojan varmistamiseksi.<\/li>\n<li>Yll\u00e4pidett\u00e4vyys: Helppo p\u00e4\u00e4sy huoltoa ja korjausta varten on ratkaisevan t\u00e4rke\u00e4\u00e4 seisokkiaikojen minimoimiseksi ja kauhasylinterin k\u00e4ytt\u00f6i\u00e4n pident\u00e4miseksi. <img decoding=\"async\" src=\"https:\/\/www.hydraulic-cylinders.net\/wp-content\/uploads\/2025\/01\/songte-oil-pipes-and-spare-parts.webp\" alt=\"Kauhan sylinterin komponentit\"><\/li>\n<\/ul>\n<h2>Tiivistys ja voitelu<\/h2>\n<p>Kauhasylinteriss\u00e4 k\u00e4ytet\u00e4\u00e4n erilaisia \u200b\u200btiivisteit\u00e4, kuten m\u00e4nn\u00e4ntiivisteit\u00e4 ja varren tiivisteit\u00e4, jotka on valmistettu kulutusta kest\u00e4vist\u00e4 materiaaleista, kuten polyuretaanista ja nitriilikumista. Sylinterin runko ja kierteitetyt p\u00e4\u00e4t on hienok\u00e4sitelty kulutuskest\u00e4vyyden parantamiseksi. S\u00e4\u00e4nn\u00f6llinen voitelu sopivalla m\u00e4\u00e4r\u00e4ll\u00e4 hydrauli\u00f6ljy\u00e4 on v\u00e4ltt\u00e4m\u00e4t\u00f6nt\u00e4 sujuvan toiminnan varmistamiseksi ja kulumisen est\u00e4miseksi.<\/p>\n<h2>S\u00e4\u00e4nn\u00f6llinen tarkastus ja ennaltaehk\u00e4isev\u00e4 huolto<\/h2>\n<ul>\n<li>Tarkista kauhan sylinteri s\u00e4\u00e4nn\u00f6llisesti mahdollisten vaurioiden tai vuotojen varalta.<\/li>\n<li>Varmista kaikkien liikkuvien osien asianmukainen voitelu.<\/li>\n<li>Vaihda kuluneet tiivisteet s\u00e4\u00e4nn\u00f6llisesti asianmukaisen tiiviyden yll\u00e4pit\u00e4miseksi.<\/li>\n<li>Suorita kalibrointitarkistukset varmistaaksesi, ett\u00e4 sylinterin suorituskyky t\u00e4ytt\u00e4\u00e4 halutut vaatimukset.<\/li>\n<\/ul>\n<h2>Oikea asennusopas<\/h2>\n<p>Asenna kauhan sylinteri oikein noudattamalla n\u00e4it\u00e4 ohjeita:<\/p>\n<ol>\n<li>Varmista, ett\u00e4 sylinteri on oikein kohdistettu asennuksen aikana.<\/li>\n<li>K\u00e4yt\u00e4 sopivia asennuskiinnikkeit\u00e4 sylinterin tukevaan kiinnitykseen.<\/li>\n<\/ol>\n<h2>Huoltoteht\u00e4v\u00e4t<\/h2>\n<p>Kauhan sylinterin yleisi\u00e4 huoltoteht\u00e4vi\u00e4 ovat:<\/p>\n<ol>\n<li>S\u00e4\u00e4nn\u00f6lliset tarkastukset<\/li>\n<li>Oikea voitelu<\/li>\n<li>Tiivisteiden vaihdot<\/li>\n<li>Kalibrointitarkastukset<\/li>\n<\/ol>\n<h2>Turvallisuusn\u00e4k\u00f6kohdat ja ymp\u00e4rist\u00f6tekij\u00e4t<\/h2>\n<p>Kauhasylinteri\u00e4 k\u00e4ytett\u00e4ess\u00e4 on t\u00e4rke\u00e4\u00e4 priorisoida turvallisuustoimenpiteet onnettomuuksien tai vammojen v\u00e4ltt\u00e4miseksi. Lis\u00e4ksi ymp\u00e4rist\u00f6tekij\u00e4t on otettava huomioon vastuullisen ja kest\u00e4v\u00e4n toiminnan varmistamiseksi.<\/p>\n<h2>Vianm\u00e4\u00e4ritys ja yleiset ongelmat<\/h2>\n<p>Kun kauhan sylinteriss\u00e4 on ongelmia, ota huomioon seuraavat asiat:<\/p>\n<ul>\n<li>Tarkista n\u00e4kyvien vaurioiden tai vuotojen varalta.<\/li>\n<li>Tarkista hydraulinesteen m\u00e4\u00e4r\u00e4 ja laatu.<\/li>\n<li>Varmista oikea kohdistus ja asennus.<\/li>\n<\/ul>\n<h2>Johtop\u00e4\u00e4t\u00f6s<\/h2>\n<p><img decoding=\"async\" src=\"https:\/\/hzpt.com\/wp-content\/uploads\/2024\/11\/songte-company-1.webp\" alt=\"Kauhan sylinterin valmistaja\"><\/p>\n<p>Yhteenvetona voidaan todeta, ett\u00e4 olemme johtava hydraulisten sylinterien valmistaja ja tukkumyyj\u00e4 kotimaisilla ja kansainv\u00e4lisill\u00e4 markkinoilla. Keskittym\u00e4ll\u00e4 erinomaiseen laatuun ja hy\u00f6dynt\u00e4m\u00e4ll\u00e4 edistyneit\u00e4 tuotantolaitoksia ja ammattimaisia \u200b\u200btestausj\u00e4rjestelmi\u00e4, parannamme jatkuvasti tuotantoalustaamme ja varmistamme tehokkaiden, tarkkojen ja korkealaatuisten tuotteiden tuotannon. Tarjoamme ammattitaitoa, kansainv\u00e4lisi\u00e4 sertifikaatteja, r\u00e4\u00e4t\u00e4l\u00f6ityj\u00e4 palveluita, huippuluokan tuotantolaitteita ja kattavaa huoltopalvelua. <img decoding=\"async\" src=\"https:\/\/www.hydraulic-cylinders.net\/wp-content\/uploads\/2025\/01\/songte-company-3.webp\" alt=\"Yrityksen esittely\"><\/p>\n<p>Kirjoittaja: lyl<\/p>","protected":false},"excerpt":{"rendered":"<p>Bucket Cylinder For Sinomach ZG3235-9C Introduction The bucket cylinder is a specially designed hydraulic cylinder used to control the movement of the bucket in heavy machinery such as excavators, backhoe loaders, and front-end loaders. Its main function is to enable the lifting, lowering, and tilting of the bucket, making it easier for various material handling [&hellip;]<\/p>","protected":false},"featured_media":14771,"comment_status":"open","ping_status":"closed","template":"","meta":{"_et_pb_use_builder":"","_et_pb_old_content":"","_et_gb_content_width":""},"product_brand":[],"product_cat":[1494],"product_tag":[1495,1496],"class_list":{"0":"post-15982","1":"product","2":"type-product","3":"status-publish","4":"has-post-thumbnail","6":"product_cat-bucket-cylinders","7":"product_tag-bucket-cylinders","8":"product_tag-hydraulic-cylinders","10":"first","11":"instock","12":"shipping-taxable","13":"product-type-simple"},"amp_enabled":true,"_links":{"self":[{"href":"https:\/\/www.hydraulic-cylinders.net\/fi\/wp-json\/wp\/v2\/product\/15982","targetHints":{"allow":["GET"]}}],"collection":[{"href":"https:\/\/www.hydraulic-cylinders.net\/fi\/wp-json\/wp\/v2\/product"}],"about":[{"href":"https:\/\/www.hydraulic-cylinders.net\/fi\/wp-json\/wp\/v2\/types\/product"}],"replies":[{"embeddable":true,"href":"https:\/\/www.hydraulic-cylinders.net\/fi\/wp-json\/wp\/v2\/comments?post=15982"}],"wp:featuredmedia":[{"embeddable":true,"href":"https:\/\/www.hydraulic-cylinders.net\/fi\/wp-json\/wp\/v2\/media\/14771"}],"wp:attachment":[{"href":"https:\/\/www.hydraulic-cylinders.net\/fi\/wp-json\/wp\/v2\/media?parent=15982"}],"wp:term":[{"taxonomy":"product_brand","embeddable":true,"href":"https:\/\/www.hydraulic-cylinders.net\/fi\/wp-json\/wp\/v2\/product_brand?post=15982"},{"taxonomy":"product_cat","embeddable":true,"href":"https:\/\/www.hydraulic-cylinders.net\/fi\/wp-json\/wp\/v2\/product_cat?post=15982"},{"taxonomy":"product_tag","embeddable":true,"href":"https:\/\/www.hydraulic-cylinders.net\/fi\/wp-json\/wp\/v2\/product_tag?post=15982"}],"curies":[{"name":"wp","href":"https:\/\/api.w.org\/{rel}","templated":true}]}}