{"id":15985,"date":"2025-01-19T15:15:09","date_gmt":"2025-01-19T15:15:09","guid":{"rendered":"https:\/\/www.hydraulic-cylinders.net\/product\/bucket-cylinder-for-hengte-ht150-8\/"},"modified":"2025-01-19T15:15:11","modified_gmt":"2025-01-19T15:15:11","slug":"bucket-cylinder-for-hengte-ht150-8","status":"publish","type":"product","link":"https:\/\/www.hydraulic-cylinders.net\/fi\/tuote\/bucket-cylinder-for-hengte-ht150-8\/","title":{"rendered":"Kauhan sylinteri Hengte HT150-8:lle"},"content":{"rendered":"<h2>Kauhan sylinteri Hengte HT150-8:lle<\/h2>\n<h3>Johdanto<\/h3>\n<p>Hengte HT150-8:n kauhan sylinteri on erikoishydraulinen sylinteri, joka on suunniteltu ohjaamaan kauhan liikett\u00e4 raskaissa koneissa, kuten kaivinkoneissa, traktorikaivureissa ja etukuormaajissa. Sen ensisijainen teht\u00e4v\u00e4 on mahdollistaa kauhan nostaminen, laskeminen ja kallistaminen helppoa materiaalin k\u00e4sittely\u00e4 varten. Hydraulij\u00e4rjestelm\u00e4ss\u00e4 kauhan sylinteri hy\u00f6dynt\u00e4\u00e4 hydrauli\u00f6ljyn paineen muutoksia kauhan tarkan hallinnan saavuttamiseksi, jolloin k\u00e4ytt\u00e4j\u00e4t voivat k\u00e4sitell\u00e4 raskaita kuormia tehokkaasti ja sopeutua monimutkaisiin ty\u00f6ymp\u00e4rist\u00f6ihin ja erilaisiin ty\u00f6vaatimuksiin.<\/p>\n<p><img loading=\"lazy\" decoding=\"async\" src=\"https:\/\/www.hydraulic-cylinders.net\/wp-content\/uploads\/2025\/01\/songte-company-2.webp\" alt=\"Kauhan sylinteri Hengte HT150-8:lle\" width=\"500\" height=\"400\"><\/p>\n<h3>T\u00e4rkeimm\u00e4t ominaisuudet<\/h3>\n<ul>\n<li><strong>Korkea lujuus ja kest\u00e4vyys:<\/strong> Tyypillisesti lujasta ter\u00e4ksest\u00e4 tai alumiinista valmistettu kauhasylinteri kest\u00e4\u00e4 korkeaa painetta ja raskaita kuormia, sopeutuu vaativiin ty\u00f6ymp\u00e4rist\u00f6ihin ja on suunniteltu kulutus- ja korroosionkest\u00e4vyys mieless\u00e4 pit\u00e4en, mik\u00e4 pident\u00e4\u00e4 sen k\u00e4ytt\u00f6ik\u00e4\u00e4.<\/li>\n<li><strong>Tehokas hydraulinen k\u00e4ytt\u00f6:<\/strong> Hydrauli\u00f6ljyn paineen ansiosta sylinteri voi saavuttaa tasaisen laajentumisen ja sis\u00e4\u00e4nvedon, reagoida nopeasti ohjauskomentoihin, tarjota tehokkaita ty\u00f6nt\u00f6- ja vetovoimia ja soveltuu raskaiden kuormien k\u00e4sittelyyn ja monimutkaisiin ty\u00f6teht\u00e4viin.<\/li>\n<li><strong>Erilaisia \u200b\u200btyyppej\u00e4:<\/strong> Yksitoimiset (hydrauliikkaa k\u00e4ytet\u00e4\u00e4n vain yhteen suuntaan) tai kaksitoimiset (hydrauliikkaa k\u00e4ytet\u00e4\u00e4n molempiin suuntiin) sylinterit voidaan valita k\u00e4ytt\u00f6vaatimusten mukaan. Jotkut mallit ovat teleskooppisia, mik\u00e4 mahdollistaa suuremman jatkeen ilman ulkomittojen kasvua, joten ne sopivat sovelluksiin, joissa on rajoitetusti tilaa.<\/li>\n<li><strong>Vaihda muut hydraulisylinterit:<\/strong> Tuotteemme on t\u00e4ydellinen korvaaja n\u00e4ille hydraulisylintereille.<\/li>\n<\/ul>\n<p><img loading=\"lazy\" decoding=\"async\" src=\"https:\/\/www.hydraulic-cylinders.net\/wp-content\/uploads\/2025\/01\/songte-cylinder-head-with-all-kinds-excavator-models.webp\" alt=\"Kauhan sylinteri Hengte HT150-8:lle\" width=\"500\" height=\"400\"><\/p>\n<h3>Sovellukset<\/h3>\n<p><strong>Rakennuslaitteet:<\/strong> Kaivinkoneissa ne ovat v\u00e4ltt\u00e4m\u00e4tt\u00f6mi\u00e4 maan tai roskien kaivamisessa, lastaamisessa ja siirt\u00e4misess\u00e4. Kaivinkoneissa kauhan sylinteri avustaa kaivamisessa ja nostamisessa. Etukuormaajissa ne auttavat tavaroiden tehokkaassa nostamisessa ja tyhjent\u00e4misess\u00e4.<\/p>\n<p><strong>Maatalouskoneet:<\/strong> Etukuormaajissa niit\u00e4 k\u00e4ytet\u00e4\u00e4n maa-aineksen, hein\u00e4n ja muiden materiaalien kauhaamiseen, nostamiseen ja kuljettamiseen. Kaivinkoneissa kauhan sylinteri mahdollistaa kaivamisen, koska kauha tunkeutuu maahan.<\/p>\n<h3>Suunnittelun\u00e4k\u00f6kohdat ja valintakriteerit<\/h3>\n<ul>\n<li><strong>Kantavuus:<\/strong> Jotta sylinteri kest\u00e4isi raskaita kuormia, sen rakentamisessa tulisi k\u00e4ytt\u00e4\u00e4 eritt\u00e4in lujia materiaaleja.<\/li>\n<li><strong>Tiivistys ja kest\u00e4vyys:<\/strong> Tiivisteiss\u00e4 tulisi k\u00e4ytt\u00e4\u00e4 materiaaleja, kuten polyuretaania ja nitriilikumia, kulutuskest\u00e4vyyden varmistamiseksi. Sylinterin runko ja kierrepinta tulisi k\u00e4sitell\u00e4 hienoksi kulutuskest\u00e4vyyden parantamiseksi. S\u00e4\u00e4nn\u00f6llinen voitelu hydrauliikka\u00f6ljyll\u00e4 on v\u00e4ltt\u00e4m\u00e4t\u00f6nt\u00e4.<\/li>\n<li><strong>Turvallisuus ja yll\u00e4pidett\u00e4vyys:<\/strong> Turvallisuus tulee varmistaa asianmukaisella asennuksella ja huollolla. Jos sylinteri on purettava, se on teht\u00e4v\u00e4 turvallisesti. Lis\u00e4ksi varaosien on oltava helposti saatavilla ja korjauspalveluita on tarjottava.<\/li>\n<\/ul>\n<p><img loading=\"lazy\" decoding=\"async\" src=\"https:\/\/www.hydraulic-cylinders.net\/wp-content\/uploads\/2025\/01\/songte-oil-pipes-and-spare-parts.webp\" alt=\"Kauhan sylinteri Hengte HT150-8:lle\" width=\"500\" height=\"400\"><\/p>\n<h3>Huolto<\/h3>\n<p>S\u00e4\u00e4nn\u00f6llinen huolto on v\u00e4ltt\u00e4m\u00e4t\u00f6nt\u00e4 kauhan sylinterin pitk\u00e4ik\u00e4isyyden ja moitteettoman toiminnan varmistamiseksi.<\/p>\n<ul>\n<li><strong>S\u00e4\u00e4nn\u00f6llinen tarkastus:<\/strong> Tarkista sylinteri s\u00e4\u00e4nn\u00f6llisesti vuotojen, vaurioiden ja kulumisen varalta.<\/li>\n<li><strong>Oikea voitelu:<\/strong> Voitele sylinteri s\u00e4\u00e4nn\u00f6llisesti varmistaaksesi oikean toiminnan.<\/li>\n<li><strong>Tiivisteen vaihto:<\/strong> Vaihda tiivisteet, kun ne kuluvat tai vaurioituvat vuotojen est\u00e4miseksi.<\/li>\n<li><strong>Kalibrointitarkistus:<\/strong> Tarkista sylinterin kalibrointi s\u00e4\u00e4nn\u00f6llisesti varmistaaksesi oikean toiminnan.<\/li>\n<\/ul>\n<p><img loading=\"lazy\" decoding=\"async\" src=\"https:\/\/www.hydraulic-cylinders.net\/wp-content\/uploads\/2025\/01\/songte-chushion-collar.webp\" alt=\"Kauhan sylinteri Hengte HT150-8:lle\" width=\"500\" height=\"400\"><\/p>\n<h3>Turvallisuusn\u00e4k\u00f6kohdat ja ymp\u00e4rist\u00f6tekij\u00e4t<\/h3>\n<p>On t\u00e4rke\u00e4\u00e4 toteuttaa turvatoimenpiteit\u00e4 kauhapulloa k\u00e4ytett\u00e4ess\u00e4 onnettomuuksien v\u00e4ltt\u00e4miseksi. Ymp\u00e4rist\u00f6tekij\u00e4t, kuten l\u00e4mp\u00f6tila ja kosteus, voivat vaikuttaa pullon suorituskykyyn, ja se tulee s\u00e4ilytt\u00e4\u00e4 kuivassa ja puhtaassa ymp\u00e4rist\u00f6ss\u00e4.<\/p>\n<h3>Diagnoosi ja vianm\u00e4\u00e4ritys<\/h3>\n<p>Kauhasylinterin yleisi\u00e4 ongelmia ovat vuodot, tiivisteiden vaurioituminen ja kalibrointivirheet. Vianm\u00e4\u00e4ritys tulee tehd\u00e4 turvallisesti ja tehokkaasti, ja mahdollisten ongelmien minimoimiseksi on ryhdytt\u00e4v\u00e4 ennaltaehk\u00e4iseviin toimenpiteisiin.<\/p>\n<p><img loading=\"lazy\" decoding=\"async\" src=\"https:\/\/www.hydraulic-cylinders.net\/wp-content\/uploads\/2025\/01\/songte-bushings-with-all-kinds-of-excavator-models.webp\" alt=\"Kauhan sylinteri Hengte HT150-8:lle\" width=\"500\" height=\"400\"><\/p>\n<h3>Tietoa yrityksest\u00e4mme<\/h3>\n<p>Olemme korvaavien hydraulisylinterien valmistaja ja tarjoamme kattavan tuotevalikoiman. Olemme yksi johtavista hydraulisylinterien valmistajista ja tukkumyyjist\u00e4 kotimaisilla ja kansainv\u00e4lisill\u00e4 markkinoilla. Noudatamme erinomaisen laadun periaatetta ja luotamme teollistettuihin tuotannonohjausstrategioihin hienostuneessa valmistuspajassamme. Teknisen osaamisen, digitaalisten huippuluokan valmistuslaitteiden ja ammattimaisten testausj\u00e4rjestelmien avulla parannamme jatkuvasti valmistusymp\u00e4rist\u00f6\u00e4mme, t\u00e4ydellist\u00e4mme tuotteiden laatua ja meill\u00e4 on vahvat innovatiiviset valmiudet. Tyydyt\u00e4mme asiakkaidemme monipuoliset tarpeet tehokkailla, tarkoilla ja korkealaatuisilla palveluilla.<\/p>\n<p>Olemme erikoistuneet kansainv\u00e4liseen sertifiointiin, r\u00e4\u00e4t\u00e4l\u00f6ityihin palveluihin, tuotantolaitteisiin ja huoltopalveluihin.<\/p>\n<p><img loading=\"lazy\" decoding=\"async\" src=\"https:\/\/hzpt.com\/wp-content\/uploads\/2024\/11\/songte-company-1.webp\" alt=\"Kauhan sylinteri Hengte HT150-8:lle\" width=\"500\" height=\"400\"><\/p>\n<p><em>Kirjoittaja: lyl<\/em><\/p>","protected":false},"excerpt":{"rendered":"<p>Bucket Cylinder for Hengte HT150-8 Introduction The bucket cylinder for Hengte HT150-8 is a specialized hydraulic cylinder designed to control the movement of the bucket in heavy machinery such as excavators, backhoe excavators, and front-end loaders. Its primary function is to allow the bucket to be lifted, lowered, and tilted for easy material handling. In [&hellip;]<\/p>","protected":false},"featured_media":14762,"comment_status":"open","ping_status":"closed","template":"","meta":{"_et_pb_use_builder":"","_et_pb_old_content":"","_et_gb_content_width":""},"product_brand":[],"product_cat":[1494],"product_tag":[1495,1496],"class_list":{"0":"post-15985","1":"product","2":"type-product","3":"status-publish","4":"has-post-thumbnail","6":"product_cat-bucket-cylinders","7":"product_tag-bucket-cylinders","8":"product_tag-hydraulic-cylinders","10":"first","11":"instock","12":"shipping-taxable","13":"product-type-simple"},"amp_enabled":true,"_links":{"self":[{"href":"https:\/\/www.hydraulic-cylinders.net\/fi\/wp-json\/wp\/v2\/product\/15985","targetHints":{"allow":["GET"]}}],"collection":[{"href":"https:\/\/www.hydraulic-cylinders.net\/fi\/wp-json\/wp\/v2\/product"}],"about":[{"href":"https:\/\/www.hydraulic-cylinders.net\/fi\/wp-json\/wp\/v2\/types\/product"}],"replies":[{"embeddable":true,"href":"https:\/\/www.hydraulic-cylinders.net\/fi\/wp-json\/wp\/v2\/comments?post=15985"}],"wp:featuredmedia":[{"embeddable":true,"href":"https:\/\/www.hydraulic-cylinders.net\/fi\/wp-json\/wp\/v2\/media\/14762"}],"wp:attachment":[{"href":"https:\/\/www.hydraulic-cylinders.net\/fi\/wp-json\/wp\/v2\/media?parent=15985"}],"wp:term":[{"taxonomy":"product_brand","embeddable":true,"href":"https:\/\/www.hydraulic-cylinders.net\/fi\/wp-json\/wp\/v2\/product_brand?post=15985"},{"taxonomy":"product_cat","embeddable":true,"href":"https:\/\/www.hydraulic-cylinders.net\/fi\/wp-json\/wp\/v2\/product_cat?post=15985"},{"taxonomy":"product_tag","embeddable":true,"href":"https:\/\/www.hydraulic-cylinders.net\/fi\/wp-json\/wp\/v2\/product_tag?post=15985"}],"curies":[{"name":"wp","href":"https:\/\/api.w.org\/{rel}","templated":true}]}}