{"id":15994,"date":"2025-01-19T15:15:58","date_gmt":"2025-01-19T15:15:58","guid":{"rendered":"https:\/\/www.hydraulic-cylinders.net\/product\/bucket-cylinder-for-yigong-cy85-8\/"},"modified":"2025-01-19T15:16:02","modified_gmt":"2025-01-19T15:16:02","slug":"bucket-cylinder-for-yigong-cy85-8","status":"publish","type":"product","link":"https:\/\/www.hydraulic-cylinders.net\/fi\/tuote\/bucket-cylinder-for-yigong-cy85-8\/","title":{"rendered":"Kauhan sylinteri Yigong CY85-8:lle"},"content":{"rendered":"<h2>Johdanto<\/h2>\n<h3>Mik\u00e4 on kauhan sylinteri Yigong CY85-8:lle?<\/h3>\n<p>Yigong CY85-8:n kauhan sylinteri on erityisesti suunniteltu hydraulisylinteri, jota k\u00e4ytet\u00e4\u00e4n p\u00e4\u00e4asiassa kauhan liikkeen ohjaamiseen raskaissa koneissa, kuten kaivinkoneissa, kaivurikuormaajissa ja etukuormaajissa. Sen p\u00e4\u00e4teht\u00e4v\u00e4n\u00e4 on mahdollistaa kauhan nostaminen, laskeminen ja kallistaminen, mik\u00e4 helpottaa erilaisten materiaalink\u00e4sittelyteht\u00e4vien k\u00e4sittely\u00e4. Hydraulij\u00e4rjestelm\u00e4ss\u00e4 kauhan sylinteri saavuttaa tarkan kauhan hallinnan hydrauli\u00f6ljyn paineen muutosten avulla, mink\u00e4 ansiosta k\u00e4ytt\u00e4j\u00e4t voivat k\u00e4sitell\u00e4 raskaita kuormia tehokkaasti ja sopeutua monimutkaisiin ty\u00f6ymp\u00e4rist\u00f6ihin ja erilaisiin k\u00e4ytt\u00f6tarpeisiin.<\/p>\n<p><img decoding=\"async\" src=\"https:\/\/www.hydraulic-cylinders.net\/wp-content\/uploads\/2025\/01\/songte-company-2.webp\" alt=\"Kauhan sylinteri Yigong CY85-8:lle\" \/><\/p>\n<h3>Yigong CY85-8:n kauhan sylinterin ominaisuudet<\/h3>\n<ul>\n<li>Suuri lujuus ja kest\u00e4vyys: Yleens\u00e4 valmistettu eritt\u00e4in lujasta ter\u00e4ksest\u00e4 tai alumiinista, kest\u00e4\u00e4 korkeaa painetta ja raskaita kuormia, sopeutuu vaativiin ty\u00f6ymp\u00e4rist\u00f6ihin ja on suunniteltu kulutus- ja korroosionkest\u00e4vyytt\u00e4 ajatellen, mik\u00e4 pident\u00e4\u00e4 k\u00e4ytt\u00f6ik\u00e4\u00e4.<\/li>\n<li>Tehokas hydraulinen toiminta: Sujuva pidennys ja sis\u00e4\u00e4nveto saavutetaan hydrauli\u00f6ljyn paineen avulla, mik\u00e4 mahdollistaa nopean reagoinnin ohjauskomentoihin, tarjoaa tehokkaat ty\u00f6nt\u00f6- ja vetovoimat ja soveltuu raskaiden kuormien k\u00e4sittelyyn ja monimutkaisiin k\u00e4ytt\u00f6teht\u00e4viin.<\/li>\n<li>Erilaisia \u200b\u200btyyppej\u00e4: Yksitoimiset (hydrauliikkaa vain yhteen suuntaan) tai kaksitoimiset (hydrauliikkaa molempiin suuntiin) sylinterit voidaan valita vaatimusten mukaan erilaisten k\u00e4ytt\u00f6tarpeiden t\u00e4ytt\u00e4miseksi. Jotkut mallit ovat teleskooppisia, mik\u00e4 mahdollistaa suuremman jatkeen ilman ulkomittojen kasvua, joten ne sopivat sovelluksiin, joissa on rajoitetusti tilaa.<\/li>\n<li>Voidaan k\u00e4ytt\u00e4\u00e4 muiden hydraulisylintereiden korvikkeena.<\/li>\n<\/ul>\n<p><img decoding=\"async\" src=\"https:\/\/www.hydraulic-cylinders.net\/wp-content\/uploads\/2025\/01\/songte-cylinder-head-with-all-kinds-excavator-models.webp\" alt=\"Kauhan sylinteri Yigong CY85-8:lle\" \/><\/p>\n<h3>Kauhasylinterin sovellukset Yigong CY85-8:lle<\/h3>\n<p>Yigong CY85-8:n kauhan sylinteri\u00e4 k\u00e4ytet\u00e4\u00e4n laajalti erilaisissa raskaissa koneissa ja laitteissa, kuten:<\/p>\n<ul>\n<li>Rakennuslaitteet: Kaivinkoneissa ne ovat v\u00e4ltt\u00e4m\u00e4tt\u00f6mi\u00e4 kaivamiseen, lastaamiseen ja maaper\u00e4n tai roskien siirt\u00e4miseen. Kaivurikuormaajissa kauhan sylinterit auttavat sek\u00e4 kaivamisessa ett\u00e4 nostamisessa. <\/li>\n<li>Maatalouskoneet: K\u00e4ytet\u00e4\u00e4n etukuormaajissa maaper\u00e4n, hein\u00e4n ja muiden materiaalien kauhaukseen, nostamiseen ja kuljettamiseen. <\/li>\n<li>Kaivinkoneet: Kauhan sylinteri mahdollistaa kaivamisen antamalla kauhan tunkeutua maaper\u00e4\u00e4n.<\/li>\n<li>Etukuormaajat: Etukuormaajissa ne auttavat lastin tehokkaassa nostamisessa ja tyhjent\u00e4misess\u00e4. <\/li>\n<\/ul>\n<h3>Suunnittelu- ja valintakriteerit<\/h3>\n<p>Yigong CY85-8 -kauhan sylinterin suunnittelu ja valinta perustuvat useisiin n\u00e4k\u00f6kohtiin, mukaan lukien:<\/p>\n<ul>\n<li>Kantavuus: Sylinterin on oltava suunniteltu kest\u00e4m\u00e4\u00e4n odotettu kuorma. <\/li>\n<li>Tiivistys: Hydrauli\u00f6ljyn vuotojen est\u00e4miseksi k\u00e4ytet\u00e4\u00e4n erilaisia \u200b\u200btiivistyskomponentteja, kuten m\u00e4nn\u00e4ntiivisteit\u00e4 ja varren tiivisteit\u00e4. <\/li>\n<li>Kest\u00e4vyys: Sylinterin on oltava valmistettu materiaaleista, jotka kest\u00e4v\u00e4t kulumista, korroosiota ja muita ymp\u00e4rist\u00f6tekij\u00f6it\u00e4. <\/li>\n<li>Turvallisuus: Sylinteri on suunniteltava siten, ett\u00e4 onnettomuuksien ja loukkaantumisten riski on mahdollisimman pieni. <\/li>\n<li>Yll\u00e4pidett\u00e4vyys: Suunnittelun on oltava sellainen, ett\u00e4 sylinterin huolto- ja korjausteht\u00e4v\u00e4t ovat helppoja. <\/li>\n<\/ul>\n<p><img decoding=\"async\" src=\"https:\/\/www.hydraulic-cylinders.net\/wp-content\/uploads\/2025\/01\/songte-oil-pipes-and-spare-parts.webp\" alt=\"Kauhan sylinteri Yigong CY85-8:lle\" \/><\/p>\n<h3>Yigong CY85-8:n kauhan sylinterin tiivistys ja voitelu<\/h3>\n<p>Yigong CY85-8 -kauhansylinteriss\u00e4 k\u00e4ytet\u00e4\u00e4n erilaisia \u200b\u200btiivistekomponentteja, kuten m\u00e4nn\u00e4ntiivisteit\u00e4 ja varren tiivisteit\u00e4, hydrauli\u00f6ljyn vuotojen est\u00e4miseksi. N\u00e4m\u00e4 tiivisteet on valmistettu kulutusta kest\u00e4vist\u00e4 materiaaleista, kuten polyuretaanista ja nitriilikumista. Sylinterin runko ja kierteitetyt p\u00e4\u00e4typinnat on hienok\u00e4sitelty kulutuskest\u00e4vyyden parantamiseksi. On suositeltavaa lis\u00e4t\u00e4 s\u00e4\u00e4nn\u00f6llisesti sopiva m\u00e4\u00e4r\u00e4 hydrauli\u00f6ljy\u00e4 voitelua varten.<\/p>\n<h3>S\u00e4\u00e4nn\u00f6lliset tarkastukset ja ennaltaehk\u00e4isev\u00e4t huoltotoimenpiteet<\/h3>\n<p>S\u00e4\u00e4nn\u00f6llinen tarkastus ja ennaltaehk\u00e4isev\u00e4 huolto voivat pident\u00e4\u00e4 Yigong CY85-8 -kauhan sylinterin k\u00e4ytt\u00f6ik\u00e4\u00e4. Joitakin toimenpiteit\u00e4 ovat:<\/p>\n<ul>\n<li>Tarkista sylinteri s\u00e4\u00e4nn\u00f6llisesti vuotojen, vaurioiden ja kulumisen varalta. <\/li>\n<li>Levit\u00e4 sylinteriin sopivia voiteluaineita sen sujuvan k\u00e4ynnin varmistamiseksi. <\/li>\n<li>Tiivisteiden vaihto tarvittaessa. <\/li>\n<li>Sylinterin tarkastus ja kalibrointi sen moitteettoman toiminnan varmistamiseksi. <\/li>\n<\/ul>\n<h3>Tuotteen asennusopas<\/h3>\n<p>Yigong CY85-8 -kaivukoneen kauhan sylinterin asianmukainen asennus on v\u00e4ltt\u00e4m\u00e4t\u00f6nt\u00e4 optimaalisen suorituskyvyn ja turvallisuuden kannalta. Joitakin suositeltuja asennusmenetelmi\u00e4 ovat:<\/p>\n<ul>\n<li>Kohdista sylinteri oikein virheellisten kohdistusten v\u00e4ltt\u00e4miseksi. <\/li>\n<li>K\u00e4yt\u00e4 sopivia kiinnityskorvakkeita sylinterin kiinnitt\u00e4miseen. <\/li>\n<li>Noudata suositeltuja tarkastus-, korjaus- ja vaihto-ohjeita. <\/li>\n<li>Tarjoaa uudelleenrakennuspalveluita tuotteiden k\u00e4ytt\u00f6i\u00e4n pident\u00e4miseksi. <\/li>\n<\/ul>\n<p><img decoding=\"async\" src=\"https:\/\/www.hydraulic-cylinders.net\/wp-content\/uploads\/2025\/01\/songte-chushion-collar.webp\" alt=\"Kauhan sylinteri Yigong CY85-8:lle\" \/><\/p>\n<h3>Turvallisuusn\u00e4k\u00f6kohdat ja ymp\u00e4rist\u00f6tekij\u00e4t<\/h3>\n<p>K\u00e4ytett\u00e4ess\u00e4 Yigong CY85-8 -mallin kauhan sylinteri\u00e4 on t\u00e4rke\u00e4\u00e4 noudattaa kaikkia asiaankuuluvia turvallisuusohjeita ja -menettelyj\u00e4. Asianmukainen k\u00e4ytt\u00f6 voi auttaa minimoimaan onnettomuuksien tai loukkaantumisten riskin. On my\u00f6s t\u00e4rke\u00e4\u00e4 ottaa huomioon ymp\u00e4rist\u00f6tekij\u00e4t, kuten k\u00e4ytetyn hydrauliikka\u00f6ljyn asianmukainen h\u00e4vitt\u00e4minen.<\/p>\n<h3>Vianm\u00e4\u00e4ritys ja yleiset ongelmat<\/h3>\n<p>Yleisi\u00e4 ongelmia Yigong CY85-8 -kauhan sylinterin kanssa ovat hydrauli\u00f6ljyn vuoto, riitt\u00e4m\u00e4t\u00f6n voima ja toimintah\u00e4iri\u00f6t. Joitakin vianm\u00e4\u00e4ritysvinkkej\u00e4 ja ratkaisuja ovat:<\/p>\n<ul>\n<li>Sylinterin tarkastus vuotojen ja vaurioiden varalta. <\/li>\n<li>Hydrauliikka\u00f6ljyn m\u00e4\u00e4r\u00e4n tarkistus ja t\u00e4ytt\u00f6 tarvittaessa. <\/li>\n<li>Vaurioituneiden tai kuluneiden tiivisteiden vaihto. <\/li>\n<li>Sylinterin tarkistus ja kalibrointi. <\/li>\n<li>Ennaltaehk\u00e4isev\u00e4n huollon tarjoaminen mahdollisten ongelmien minimoimiseksi. <\/li>\n<\/ul>\n<p><img decoding=\"async\" src=\"https:\/\/www.hydraulic-cylinders.net\/wp-content\/uploads\/2025\/01\/songte-bushings-with-all-kinds-of-excavator-models.webp\" alt=\"Kauhan sylinteri Yigong CY85-8:lle\" \/><\/p>\n<h2>Tietoa yrityksest\u00e4mme<\/h2>\n<p>Valmistamme hydraulisylintereit\u00e4, joita voidaan k\u00e4ytt\u00e4\u00e4 korvaamaan muita sylintereit\u00e4. Yrityksemme tarjoaa laajan valikoiman tuotteita ja on tullut yhdeksi johtavista hydraulisylintereiden valmistajista ja tukkumyyjist\u00e4 sek\u00e4 kotimaisilla ett\u00e4 kansainv\u00e4lisill\u00e4 markkinoilla. Olemme sitoutuneet erinomaiseen laatuun ja luotamme teollisen tuotannon hallintastrategioihin, joita tukevat hienostuneet valmistusty\u00f6pajat, teknologiset kyvyt, huippuluokan digitaaliset valmistuslaitteet ja ammattimaiset testausj\u00e4rjestelm\u00e4t. Parannamme jatkuvasti tuotantoalustaamme ja tuotteidemme laatua vastataksemme asiakkaidemme monipuolisiin tarpeisiin tehokkaasti, tarkasti ja korkealaatuisesti.<\/p>\n<p><img decoding=\"async\" src=\"https:\/\/hzpt.com\/wp-content\/uploads\/2024\/11\/songte-company-1.webp\" alt=\"Kauhan sylinteri Yigong CY85-8:lle\" \/><\/p>\n<h3>Ammattimaisuus<\/h3>\n<p>Meill\u00e4 on ammattitaitoisten insin\u00f6\u00f6rien ja teknikkojen tiimi, joka on omistautunut varmistamaan tuotteidemme laadun ja suorituskyvyn. Valmistusprosessiamme parannetaan jatkuvasti, ja tuotteemme valmistetaan tiukkojen laatustandardien mukaisesti. <\/p>\n<h3>Kansainv\u00e4linen sertifiointi<\/h3>\n<p>Tuotteemme ovat l\u00e4p\u00e4isseet kansainv\u00e4liset sertifiointitestit ja niille on my\u00f6nnetty sertifikaatit, kuten ISO9001:2015 ja CE. <\/p>\n<h3>R\u00e4\u00e4t\u00e4l\u00f6intipalvelut<\/h3>\n<p>Tarjoamme r\u00e4\u00e4t\u00e4l\u00f6intipalveluita asiakkaidemme ainutlaatuisten tarpeiden t\u00e4ytt\u00e4miseksi. Tarjoamme r\u00e4\u00e4t\u00e4l\u00f6ityj\u00e4 ratkaisuja eri sovelluksiin ja toimialoille. <\/p>\n<h3>Tuotantolaitteet<\/h3>\n<p>K\u00e4yt\u00e4mme huippuluokan digitaalisia valmistuslaitteita varmistaaksemme tuotantoprosessimme tarkkuuden ja t\u00e4sm\u00e4llisyyden. <\/p>\n<h3>Myynnin j\u00e4lkeinen palvelu<\/h3>\n<p>Tarjoamme kattavaa myynnin j\u00e4lkeist\u00e4 palvelua ja tukea asiakastyytyv\u00e4isyyden varmistamiseksi. Yrityksell\u00e4mme on ammattitaitoinen tekninen tiimi, joka voi tarjota asiakkaille oikea-aikaista ja tehokasta tukea. <\/p>\n<p>Kirjoittaja: lyl<\/p>","protected":false},"excerpt":{"rendered":"<p>Introduction What is Bucket Cylinder For Yigong CY85-8? The Bucket Cylinder For Yigong CY85-8 is a specially designed hydraulic cylinder that is mainly used to control the movement of the bucket in heavy machinery such as excavators, backhoe loaders, and front loaders. Its main function is to enable the bucket to lift, lower, and tilt, [&hellip;]<\/p>","protected":false},"featured_media":14778,"comment_status":"open","ping_status":"closed","template":"","meta":{"_et_pb_use_builder":"","_et_pb_old_content":"","_et_gb_content_width":""},"product_brand":[],"product_cat":[1494],"product_tag":[1495,1496],"class_list":{"0":"post-15994","1":"product","2":"type-product","3":"status-publish","4":"has-post-thumbnail","6":"product_cat-bucket-cylinders","7":"product_tag-bucket-cylinders","8":"product_tag-hydraulic-cylinders","10":"first","11":"instock","12":"shipping-taxable","13":"product-type-simple"},"amp_enabled":true,"_links":{"self":[{"href":"https:\/\/www.hydraulic-cylinders.net\/fi\/wp-json\/wp\/v2\/product\/15994","targetHints":{"allow":["GET"]}}],"collection":[{"href":"https:\/\/www.hydraulic-cylinders.net\/fi\/wp-json\/wp\/v2\/product"}],"about":[{"href":"https:\/\/www.hydraulic-cylinders.net\/fi\/wp-json\/wp\/v2\/types\/product"}],"replies":[{"embeddable":true,"href":"https:\/\/www.hydraulic-cylinders.net\/fi\/wp-json\/wp\/v2\/comments?post=15994"}],"wp:featuredmedia":[{"embeddable":true,"href":"https:\/\/www.hydraulic-cylinders.net\/fi\/wp-json\/wp\/v2\/media\/14778"}],"wp:attachment":[{"href":"https:\/\/www.hydraulic-cylinders.net\/fi\/wp-json\/wp\/v2\/media?parent=15994"}],"wp:term":[{"taxonomy":"product_brand","embeddable":true,"href":"https:\/\/www.hydraulic-cylinders.net\/fi\/wp-json\/wp\/v2\/product_brand?post=15994"},{"taxonomy":"product_cat","embeddable":true,"href":"https:\/\/www.hydraulic-cylinders.net\/fi\/wp-json\/wp\/v2\/product_cat?post=15994"},{"taxonomy":"product_tag","embeddable":true,"href":"https:\/\/www.hydraulic-cylinders.net\/fi\/wp-json\/wp\/v2\/product_tag?post=15994"}],"curies":[{"name":"wp","href":"https:\/\/api.w.org\/{rel}","templated":true}]}}