{"id":15995,"date":"2025-01-19T15:16:04","date_gmt":"2025-01-19T15:16:04","guid":{"rendered":"https:\/\/www.hydraulic-cylinders.net\/product\/bucket-cylinder-for-yigong-cy8150\/"},"modified":"2025-01-19T15:16:06","modified_gmt":"2025-01-19T15:16:06","slug":"bucket-cylinder-for-yigong-cy8150","status":"publish","type":"product","link":"https:\/\/www.hydraulic-cylinders.net\/fi\/tuote\/bucket-cylinder-for-yigong-cy8150\/","title":{"rendered":"Kauhan sylinteri Yigong CY8150:lle"},"content":{"rendered":"<h1>Kauhan sylinteri Yigong CY8150:lle<\/h1>\n<h2>Johdanto<\/h2>\n<p>Kauhasylinteri on erityisesti suunniteltu hydraulisylinteri, jota k\u00e4ytet\u00e4\u00e4n p\u00e4\u00e4asiassa raskaiden koneiden, kuten kaivinkoneiden, kaivurikuormaajien ja etukuormaajien, kauhojen liikkeen ohjaamiseen. Sen p\u00e4\u00e4teht\u00e4v\u00e4n\u00e4 on mahdollistaa kauhan nostaminen, laskeminen ja kallistaminen, mik\u00e4 helpottaa erilaisten materiaalink\u00e4sittelyteht\u00e4vien k\u00e4sittely\u00e4. Hydraulij\u00e4rjestelm\u00e4ss\u00e4 kauhasylinteri saavuttaa kauhan tarkan hallinnan hydrauli\u00f6ljyn paineen muutosten avulla, mink\u00e4 ansiosta k\u00e4ytt\u00e4j\u00e4t voivat k\u00e4sitell\u00e4 raskaita kuormia tehokkaasti ja sopeutua monimutkaisiin ty\u00f6ymp\u00e4rist\u00f6ihin ja erilaisiin ty\u00f6vaatimuksiin.<\/p>\n<p><img decoding=\"async\" src=\"https:\/\/www.hydraulic-cylinders.net\/wp-content\/uploads\/2025\/01\/songte-company-2.webp\"\/><\/p>\n<h2>Ominaisuudet<\/h2>\n<ul>\n<li>Suuri lujuus ja kest\u00e4vyys: tyypillisesti valmistettu eritt\u00e4in lujasta ter\u00e4ksest\u00e4 tai alumiinista, kest\u00e4\u00e4 korkeaa painetta ja raskaita kuormia, sopeutuu vaativiin ty\u00f6ymp\u00e4rist\u00f6ihin, on suunniteltu kulutus- ja korroosionkest\u00e4vyytt\u00e4 ajatellen ja pident\u00e4\u00e4 k\u00e4ytt\u00f6ik\u00e4\u00e4.<\/li>\n<li>Tehokas hydraulinen toiminta: tasaiset ojennus- ja supistusliikkeet saavutetaan hydrauli\u00f6ljyn paineen avulla, joka reagoi nopeasti ohjauskomentoihin ja tarjoaa tehokkaat ty\u00f6nt\u00f6- ja vetovoimat, jotka sopivat raskaiden kuormien k\u00e4sittelyyn ja monimutkaisiin ty\u00f6teht\u00e4viin.<\/li>\n<li>Erilaisia \u200b\u200btyyppej\u00e4: yksitoimisia (hydraulisesti vain yhteen suuntaan) tai kaksitoimisia (hydraulisesti molempiin suuntiin) sylintereit\u00e4 voidaan valita k\u00e4ytt\u00f6tarpeiden mukaan. Jotkut mallit ovat teleskooppisia, mik\u00e4 mahdollistaa suuremman jatkeen ilman ulkomittojen kasvua, mik\u00e4 sopii sovelluksiin, joissa on rajoitetusti tilaa.<\/li>\n<li>Helppo valmistaa: yrityksemme pystyy valmistamaan t\u00e4m\u00e4n tuotteen t\u00e4ydellisesti ja korvaamaan n\u00e4m\u00e4 hydraulisylinterit.<\/li>\n<\/ul>\n<p><img decoding=\"async\" src=\"https:\/\/www.hydraulic-cylinders.net\/wp-content\/uploads\/2025\/01\/songte-cylinder-head-with-all-kinds-excavator-models.webp\"\/><\/p>\n<h2>Sovellukset<\/h2>\n<p>Kauhasylinteri\u00e4 k\u00e4ytet\u00e4\u00e4n laajalti erilaisissa laitteissa, mukaan lukien:<\/p>\n<ul>\n<li>Rakennuslaitteet: Kaivinkoneissa ne ovat ratkaisevan t\u00e4rkeit\u00e4 kaivamisessa, lastaamisessa ja maaper\u00e4n tai roskien siirt\u00e4misess\u00e4. Kaivurikuormaajissa kauhan sylinterit auttavat sek\u00e4 kaivamisessa ett\u00e4 nostamisessa. <\/li>\n<li>Maatalouskoneet: K\u00e4ytet\u00e4\u00e4n etukuormaajissa maaper\u00e4n, hein\u00e4n ja muiden materiaalien kauhaukseen, nostamiseen ja kuljettamiseen. <\/li>\n<li>Kaivinkoneet: Kauhasylinterit mahdollistavat kaivamisen antamalla kauhan tunkeutua maaper\u00e4\u00e4n.<\/li>\n<li>Etukuormaajat: Etukuormaajissa ne auttavat lastin tehokkaassa nostamisessa ja kallistamisessa.<\/li>\n<\/ul>\n<p>Jokainen n\u00e4ist\u00e4 sovelluksista voi hy\u00f6ty\u00e4 suuresti kauhasylintereiden k\u00e4yt\u00f6st\u00e4, mik\u00e4 mahdollistaa raskaiden kuormien tehokkaan ja tarkan hallinnan.<\/p>\n<h2>Suunnittelu- ja valintakriteerit<\/h2>\n<p>Kauhasylintereiden suunnittelussa otetaan huomioon useita tekij\u00f6it\u00e4, mukaan lukien:<\/p>\n<ul>\n<li>Kantavuus: sylinterin on kyett\u00e4v\u00e4 tukemaan sen kantaman kuorman painoa.<\/li>\n<li>Tiivistys: erilaisia \u200b\u200btiivisteit\u00e4 k\u00e4ytet\u00e4\u00e4n est\u00e4m\u00e4\u00e4n \u00f6ljyvuotoja ja varmistamaan sylinterin sujuva ja tehokas toiminta.<\/li>\n<li>Kest\u00e4vyys: sylinterin on kestett\u00e4v\u00e4 ankaria k\u00e4ytt\u00f6olosuhteita ja sen k\u00e4ytt\u00f6i\u00e4n on oltava pitk\u00e4.<\/li>\n<li>Turvallisuus: sylinterin rakenteen on varmistettava turvallinen k\u00e4ytt\u00f6 ja minimoitava onnettomuusriski.<\/li>\n<li>Huolto: Sylinterin rakenteen tulisi mahdollistaa helppo ja nopea huolto ja korjaus.<\/li>\n<\/ul>\n<p>My\u00f6s materiaalien ja komponenttien valinnan on t\u00e4ytett\u00e4v\u00e4 n\u00e4m\u00e4 standardit, ja s\u00e4\u00e4nn\u00f6llinen huolto ja tarkastus ovat v\u00e4ltt\u00e4m\u00e4tt\u00f6mi\u00e4 optimaalisen suorituskyvyn varmistamiseksi ja k\u00e4ytt\u00f6i\u00e4n pident\u00e4miseksi.<\/p>\n<p><img decoding=\"async\" src=\"https:\/\/www.hydraulic-cylinders.net\/wp-content\/uploads\/2025\/01\/songte-oil-pipes-and-spare-parts.webp\"\/><\/p>\n<h2>Tiivistys ja voitelu<\/h2>\n<p>\u00d6ljyvuotojen est\u00e4miseksi ja sujuvan toiminnan varmistamiseksi k\u00e4ytet\u00e4\u00e4n erilaisia \u200b\u200btiivistekomponentteja, kuten m\u00e4nn\u00e4ntiivisteit\u00e4 ja varren tiivisteit\u00e4. N\u00e4m\u00e4 tiivisteet on valmistettu kulutusta kest\u00e4vist\u00e4 materiaaleista, kuten polyuretaanista ja nitriilikumista. Sylinterin runko ja kierteiden p\u00e4\u00e4typinnat on hienok\u00e4sitelty kulutuskest\u00e4vyyden parantamiseksi. Voitelua varten on tarpeen lis\u00e4t\u00e4 s\u00e4\u00e4nn\u00f6llisesti sopivaa hydrauliikka\u00f6ljy\u00e4.<\/p>\n<h2>Huolto ja korjaus<\/h2>\n<p>S\u00e4\u00e4nn\u00f6llinen huolto ja tarkastus ovat v\u00e4ltt\u00e4m\u00e4tt\u00f6mi\u00e4 optimaalisen suorituskyvyn varmistamiseksi ja k\u00e4ytt\u00f6i\u00e4n pident\u00e4miseksi. Yleisi\u00e4 huoltoteht\u00e4vi\u00e4 ovat:<\/p>\n<ul>\n<li>S\u00e4\u00e4nn\u00f6llinen tarkastus<\/li>\n<li>Asianmukainen voitelu<\/li>\n<li>Tiivisteen vaihto<\/li>\n<li>Kalibrointitarkistus<\/li>\n<\/ul>\n<p>Asianmukainen asennus on my\u00f6s t\u00e4rke\u00e4\u00e4 sylinterin oikean ja turvallisen toiminnan varmistamiseksi. Asennuksen aikana on annettava oikeat kohdistusohjeet, ja sylinterin kiinnitt\u00e4miseen voidaan k\u00e4ytt\u00e4\u00e4 sopivia kiinnityskiinnikkeit\u00e4. Suositellut tarkastus-, korjaus- ja vaihtomenettelyt annetaan, ja k\u00e4ytt\u00f6i\u00e4n pident\u00e4miseksi on saatavilla korjauspalveluita.<\/p>\n<p><img decoding=\"async\" src=\"https:\/\/www.hydraulic-cylinders.net\/wp-content\/uploads\/2025\/01\/songte-chushion-collar.webp\"\/><\/p>\n<h2>Turvallisuusn\u00e4k\u00f6kohdat ja ymp\u00e4rist\u00f6tekij\u00e4t<\/h2>\n<p>Kauhasylintereit\u00e4 k\u00e4ytett\u00e4ess\u00e4 turvatoimenpiteet ovat ratkaisevan t\u00e4rkeit\u00e4 onnettomuusriskin minimoimiseksi. Asianmukainen k\u00e4ytt\u00f6 ja huolto voivat my\u00f6s v\u00e4hent\u00e4\u00e4 ymp\u00e4rist\u00f6vaikutuksia ja lis\u00e4t\u00e4 tehokkuutta.<\/p>\n<h2>Vianm\u00e4\u00e4ritys ja yleiset ongelmat<\/h2>\n<p>Kauhasylintereit\u00e4 k\u00e4ytett\u00e4ess\u00e4 voi ilmet\u00e4 yleisi\u00e4 ongelmia, kuten \u00f6ljyvuotoja, tiivisteiden toimintah\u00e4iri\u00f6it\u00e4 ja toimintah\u00e4iri\u00f6it\u00e4. Vianm\u00e4\u00e4ritysvinkit ja -ratkaisut voivat auttaa diagnosoimaan ja ratkaisemaan n\u00e4m\u00e4 ongelmat, kun taas ennaltaehk\u00e4isev\u00e4t toimenpiteet voivat v\u00e4hent\u00e4\u00e4 ongelmien todenn\u00e4k\u00f6isyytt\u00e4.<\/p>\n<p><img decoding=\"async\" src=\"https:\/\/www.hydraulic-cylinders.net\/wp-content\/uploads\/2025\/01\/songte-bushings-with-all-kinds-of-excavator-models.webp\"\/><\/p>\n<h2>Tietoa yrityksest\u00e4mme<\/h2>\n<p>Yrityksemme valmistaa hydraulisia sylintereit\u00e4, jotka voivat korvata perinteiset hydrauliset sylinterit. Tarjoamme t\u00e4yden valikoiman tuotteita ja olemme yksi johtavista hydraulisten sylinterien valmistajista ja tukkumyyjist\u00e4 kotimaisilla ja kansainv\u00e4lisill\u00e4 markkinoilla. Noudatamme erinomaisen laadun periaatetta, luotamme teollistettuihin tuotannonohjausstrategioihin hienostuneissa ty\u00f6pajoissa ja parannamme jatkuvasti ty\u00f6pajan valmistusalustaa, t\u00e4ydellist\u00e4mme tuotteiden laatua parantavaa tuotantolinjaa ja meill\u00e4 on vahva kyky luoda tehokkaita, tarkkoja ja korkealaatuisia tuotteita asiakkaiden monipuolisten tarpeiden t\u00e4ytt\u00e4miseksi.<\/p>\n<p>Tarjoamme ammattimaisia, kansainv\u00e4lisesti sertifioituja ja r\u00e4\u00e4t\u00e4l\u00f6ityj\u00e4 palveluita, k\u00e4yt\u00e4mme edistyneit\u00e4 tuotantolaitteita ja tarjoamme erinomaista huoltopalvelua. Olemme sitoutuneet tarjoamaan asiakkaillemme korkealaatuisia tuotteita ja palveluita.<\/p>\n<p><img decoding=\"async\" src=\"https:\/\/www.hydraulic-cylinders.net\/wp-content\/uploads\/2025\/01\/songte-company-3.webp\"\/><\/p>\n<p>Kirjoittaja: lyl<\/p>","protected":false},"excerpt":{"rendered":"<p>Bucket Cylinder For Yigong CY8150 Introduction The bucket cylinder is a specially designed hydraulic cylinder that is mainly used to control the movement of buckets in heavy machinery, such as excavators, backhoe loaders, and front-end loaders. Its main function is to enable the bucket to lift, lower, and tilt, making it easier to handle various [&hellip;]<\/p>","protected":false},"featured_media":14776,"comment_status":"open","ping_status":"closed","template":"","meta":{"_et_pb_use_builder":"","_et_pb_old_content":"","_et_gb_content_width":""},"product_brand":[],"product_cat":[1494],"product_tag":[1495,1496],"class_list":{"0":"post-15995","1":"product","2":"type-product","3":"status-publish","4":"has-post-thumbnail","6":"product_cat-bucket-cylinders","7":"product_tag-bucket-cylinders","8":"product_tag-hydraulic-cylinders","10":"first","11":"instock","12":"shipping-taxable","13":"product-type-simple"},"amp_enabled":true,"_links":{"self":[{"href":"https:\/\/www.hydraulic-cylinders.net\/fi\/wp-json\/wp\/v2\/product\/15995","targetHints":{"allow":["GET"]}}],"collection":[{"href":"https:\/\/www.hydraulic-cylinders.net\/fi\/wp-json\/wp\/v2\/product"}],"about":[{"href":"https:\/\/www.hydraulic-cylinders.net\/fi\/wp-json\/wp\/v2\/types\/product"}],"replies":[{"embeddable":true,"href":"https:\/\/www.hydraulic-cylinders.net\/fi\/wp-json\/wp\/v2\/comments?post=15995"}],"wp:featuredmedia":[{"embeddable":true,"href":"https:\/\/www.hydraulic-cylinders.net\/fi\/wp-json\/wp\/v2\/media\/14776"}],"wp:attachment":[{"href":"https:\/\/www.hydraulic-cylinders.net\/fi\/wp-json\/wp\/v2\/media?parent=15995"}],"wp:term":[{"taxonomy":"product_brand","embeddable":true,"href":"https:\/\/www.hydraulic-cylinders.net\/fi\/wp-json\/wp\/v2\/product_brand?post=15995"},{"taxonomy":"product_cat","embeddable":true,"href":"https:\/\/www.hydraulic-cylinders.net\/fi\/wp-json\/wp\/v2\/product_cat?post=15995"},{"taxonomy":"product_tag","embeddable":true,"href":"https:\/\/www.hydraulic-cylinders.net\/fi\/wp-json\/wp\/v2\/product_tag?post=15995"}],"curies":[{"name":"wp","href":"https:\/\/api.w.org\/{rel}","templated":true}]}}