{"id":15998,"date":"2025-01-19T15:16:16","date_gmt":"2025-01-19T15:16:16","guid":{"rendered":"https:\/\/www.hydraulic-cylinders.net\/product\/bucket-cylinder-for-yigong-cy210\/"},"modified":"2025-01-19T15:16:19","modified_gmt":"2025-01-19T15:16:19","slug":"bucket-cylinder-for-yigong-cy210","status":"publish","type":"product","link":"https:\/\/www.hydraulic-cylinders.net\/fi\/tuote\/bucket-cylinder-for-yigong-cy210\/","title":{"rendered":"Kauhan sylinteri Yigong CY210:lle"},"content":{"rendered":"<h1>Kauhan sylinteri Yigong CY210:lle<\/h1>\n<h2>Johdanto<\/h2>\n<p>Yigong CY210:n kauhan sylinteri on erikoishydraulinen sylinteri, joka on suunniteltu ohjaamaan kauhan liikett\u00e4 raskaissa koneissa, kuten kaivinkoneissa, traktorikaivureissa ja etukuormaajissa. Sen p\u00e4\u00e4teht\u00e4v\u00e4n\u00e4 on mahdollistaa kauhan nostaminen, laskeminen ja kallistaminen, mik\u00e4 helpottaa erilaisten materiaalink\u00e4sittelyteht\u00e4vien k\u00e4sittely\u00e4. Hydraulij\u00e4rjestelm\u00e4ss\u00e4 kauhan sylinteri saavuttaa tarkan kauhan hallinnan hydrauli\u00f6ljyn paineen muutoksilla, mink\u00e4 ansiosta k\u00e4ytt\u00e4j\u00e4t voivat k\u00e4sitell\u00e4 raskaita esineit\u00e4 tehokkaasti, sopeutua monimutkaisiin ty\u00f6ymp\u00e4rist\u00f6ihin ja erilaisiin k\u00e4ytt\u00f6tarpeisiin.<\/p>\n<p><img decoding=\"async\" src=\"https:\/\/www.hydraulic-cylinders.net\/wp-content\/uploads\/2025\/01\/songte-company-2.webp\" alt=\"Kauhan sylinteri Yigong CY210:lle\"><\/p>\n<h2>Ominaisuudet<\/h2>\n<ul>\n<li>Korkea lujuus ja kest\u00e4vyys: Tyypillisesti valmistettu eritt\u00e4in lujasta ter\u00e4ksest\u00e4 tai alumiinista, kest\u00e4\u00e4 korkeaa painetta ja raskaita kuormia, sopii vaativiin ty\u00f6ymp\u00e4rist\u00f6ihin, on suunniteltu kulutus- ja korroosionkest\u00e4vyytt\u00e4 ajatellen ja pident\u00e4\u00e4 k\u00e4ytt\u00f6ik\u00e4\u00e4.<\/li>\n<li>Tehokas hydraulinen toiminta: Hydrauli\u00f6ljyn paineen ansiosta saavutetaan tasainen pidennys ja supistuminen, reagointi ohjauskomentoihin nopeasti ja vahvat ty\u00f6nt\u00f6- ja vetovoimat sopivat raskaiden esineiden k\u00e4sittelyyn ja monimutkaisiin k\u00e4ytt\u00f6teht\u00e4viin.<\/li>\n<li>Erilaisia \u200b\u200btyyppej\u00e4: Voi valita yksitoimisia (hydraulisesti vain yhteen suuntaan) tai kaksitoimisia (hydraulisesti kahteen suuntaan) sylintereit\u00e4 tarpeiden mukaan erilaisten k\u00e4ytt\u00f6vaatimusten t\u00e4ytt\u00e4miseksi. Jotkut mallit ovat teleskooppisia, mik\u00e4 mahdollistaa suuremman laajennuksen ilman ulkomittojen kasvua, joten ne sopivat rajoitettuihin tiloihin.<\/li>\n<li>Korvaa muut hydraulisylinterit: Tuotteemme voi t\u00e4ydellisesti korvata n\u00e4m\u00e4 hydraulisylinterit.<\/li>\n<\/ul>\n<p><img decoding=\"async\" src=\"https:\/\/www.hydraulic-cylinders.net\/wp-content\/uploads\/2025\/01\/songte-cylinder-head-with-all-kinds-excavator-models.webp\" alt=\"Kauhan sylinteri Yigong CY210:lle\"><\/p>\n<h2>Sovellukset<\/h2>\n<p>Yigong CY210:n kauhasylinterill\u00e4 on ratkaiseva rooli monilla teollisuudenaloilla, kuten:<\/p>\n<ul>\n<li>Rakennuslaitteet: Kaivinkoneissa ne ovat v\u00e4ltt\u00e4m\u00e4tt\u00f6mi\u00e4 kaivamiseen, lastaamiseen ja maaper\u00e4n tai roskien siirt\u00e4miseen. Kaivinkoneissa kauhan sylinteri auttaa sek\u00e4 kaivamisessa ett\u00e4 nostamisessa. <\/li>\n<li>Maatalouskoneet: K\u00e4ytet\u00e4\u00e4n etukuormaajiin, maaper\u00e4n, hein\u00e4n ja muiden materiaalien poimimiseen, nostamiseen ja kuljettamiseen. <\/li>\n<li>Kaivinkoneet: Kauhasylinteri saavuttaa kaivutoiminnon antamalla kauhan tunkeutua maaper\u00e4\u00e4n.<\/li>\n<li>Kuormaajat: Etukuormaajissa ne auttavat tavaroiden tehokkaassa nostamisessa ja tyhjent\u00e4misess\u00e4.<\/li>\n<\/ul>\n<h2>Tuotesuunnittelu ja valintakriteerit<\/h2>\n<p>Suunnitellessamme Yigong CY210:n kauhasylinteri\u00e4 otimme huomioon seuraavat tekij\u00e4t:<\/p>\n<ul>\n<li>Kantavuus: Sylinterin on kyett\u00e4v\u00e4 k\u00e4sittelem\u00e4\u00e4n raskaita kuormia ja korkeita paineita erilaisissa ty\u00f6ymp\u00e4rist\u00f6iss\u00e4.<\/li>\n<li>Tiivistys: \u00d6ljyvuotojen est\u00e4miseksi ja tehokkaan toiminnan varmistamiseksi k\u00e4ytet\u00e4\u00e4n erilaisia \u200b\u200btiivistyskomponentteja, kuten m\u00e4nn\u00e4ntiivisteit\u00e4 ja varren tiivisteit\u00e4.<\/li>\n<li>Kest\u00e4vyys: Korkea kulumis- ja korroosionkest\u00e4vyys ovat keskeisi\u00e4 tekij\u00f6it\u00e4 sylinterin k\u00e4ytt\u00f6i\u00e4n pident\u00e4misess\u00e4.<\/li>\n<li>Turvallisuus: Sis\u00e4\u00e4nrakennetut turvaominaisuudet, kuten paineenalennusventtiilit, varmistavat turvallisen k\u00e4yt\u00f6n erilaisissa tilanteissa.<\/li>\n<li>Huolto: Sylinterin rakenne mahdollistaa helpon huollon ja korjauksen, mik\u00e4 minimoi seisokkiajat ja kustannukset.<\/li>\n<\/ul>\n<p><img decoding=\"async\" src=\"https:\/\/www.hydraulic-cylinders.net\/wp-content\/uploads\/2025\/01\/songte-oil-pipes-and-spare-parts.webp\" alt=\"Kauhan sylinteri Yigong CY210:lle\"><\/p>\n<h2>Tiivistys ja voitelu<\/h2>\n<p>Yigong CY210:n kauhasylinteriss\u00e4 on erilaisia \u200b\u200btiivistekomponentteja, kuten m\u00e4nn\u00e4ntiivisteit\u00e4 ja varren tiivisteit\u00e4, jotka on valmistettu kulutusta kest\u00e4vist\u00e4 materiaaleista, kuten polyuretaanista ja nitriilikumista. Sylinterin runko ja kierteiden p\u00e4\u00e4typinnat on hienok\u00e4sitelty kulutuskest\u00e4vyyden parantamiseksi. S\u00e4\u00e4nn\u00f6llinen voitelu sopivalla m\u00e4\u00e4r\u00e4ll\u00e4 hydrauli\u00f6ljy\u00e4 on v\u00e4ltt\u00e4m\u00e4t\u00f6nt\u00e4 sylinterin sujuvan toiminnan varmistamiseksi ja k\u00e4ytt\u00f6i\u00e4n pident\u00e4miseksi.<\/p>\n<h2>Huolto ja ennaltaehk\u00e4isy<\/h2>\n<p>S\u00e4\u00e4nn\u00f6llinen tarkastus, asianmukainen voitelu, tiivisteiden vaihto ja kalibrointitarkastukset ovat Yigong CY210:n kauhasylinterin yleisi\u00e4 huoltoteht\u00e4vi\u00e4. Oikea asennus, voitelu ja s\u00e4\u00e4t\u00f6 ovat v\u00e4ltt\u00e4m\u00e4tt\u00f6mi\u00e4 sylinterin k\u00e4ytt\u00f6i\u00e4n pident\u00e4miseksi. Asennuksen aikana on t\u00e4rke\u00e4\u00e4 antaa asianmukaisia \u200b\u200bohjeita sylinterin kohdistamiseen, suositella sopivien asennuskiinnikkeiden k\u00e4ytt\u00f6\u00e4 sylinterin kiinnitt\u00e4miseksi ja antaa suositellut tarkastus-, korjaus- ja vaihtomenettelyt sylinterin k\u00e4ytt\u00f6i\u00e4n parantamiseksi.<\/p>\n<p><img decoding=\"async\" src=\"https:\/\/www.hydraulic-cylinders.net\/wp-content\/uploads\/2025\/01\/songte-chushion-collar.webp\" alt=\"Kauhan sylinteri Yigong CY210:lle\"><\/p>\n<h2>Turvallisuusn\u00e4k\u00f6kohdat ja ymp\u00e4rist\u00f6tekij\u00e4t<\/h2>\n<p>K\u00e4ytett\u00e4ess\u00e4 Yigong CY210:n kauhasylinteri\u00e4 on t\u00e4rke\u00e4\u00e4 noudattaa asianmukaisia \u200b\u200bturvatoimenpiteit\u00e4, kuten suojavarusteiden k\u00e4ytt\u00f6\u00e4 ja k\u00e4ytt\u00f6ohjeiden noudattamista. Ymp\u00e4rist\u00f6tekij\u00e4t, kuten l\u00e4mp\u00f6tila, kosteus ja ilmanpaine, voivat vaikuttaa sylinterin suorituskykyyn, ja ne on otettava huomioon k\u00e4yt\u00f6n aikana.<\/p>\n<h2>Vianm\u00e4\u00e4ritys ja yleiset ongelmat<\/h2>\n<p>Yigong CY210:n kauhasylinterin yleisi\u00e4 ongelmia ovat \u00f6ljyvuoto, heikentynyt hy\u00f6tysuhde ja paineh\u00e4vi\u00f6. N\u00e4iden ongelmien diagnosointi vaatii eri komponenttien, kuten tiivisteiden, m\u00e4ntien ja venttiilien, huolellista tarkastusta ja testausta. Asianmukainen huolto ja oikea-aikaiset korjaukset voivat est\u00e4\u00e4 n\u00e4iden ongelmien syntymisen.<\/p>\n<h2>Tietoa yrityksest\u00e4mme<\/h2>\n<p>Olemme hydraulisten sylinterien vaihto-osien valmistaja, joka tarjoaa t\u00e4yden valikoiman tuotteita ja on yksi johtavista hydraulisten sylinterien valmistajista ja tukkumyyjist\u00e4 kotimaisilla ja kansainv\u00e4lisill\u00e4 markkinoilla. Noudatamme erinomaisen laadun politiikkaa ja teollistuneeseen tuotantoon perustuvaa tuotannonohjausstrategiaa, parannamme jatkuvasti ty\u00f6pajan valmistusalustaa, parannamme tuotteiden laatua tuotantolinjalla, meill\u00e4 on vahva luomiskyky ja vastaamme asiakkaiden erilaisiin tarpeisiin korkealla tehokkuudella, tarkkuudella ja laadulla. <\/p>\n<p><img decoding=\"async\" src=\"https:\/\/hzpt.com\/wp-content\/uploads\/2024\/11\/songte-company-1.webp\" alt=\"Kauhan sylinteri Yigong CY210:lle\"><\/p>\n<h3>Ammattimaisuus<\/h3>\n<p>Yrityksell\u00e4mme on kokeneiden ammattilaisten tiimi, joka on sitoutunut tarjoamaan korkealaatuisia, asiakkaiden tarpeisiin vastaavia hydraulisylintereit\u00e4.<\/p>\n<h3>Kansainv\u00e4linen sertifiointi<\/h3>\n<p>Hydraulisylinterimme ovat l\u00e4p\u00e4isseet useita kansainv\u00e4lisi\u00e4 sertifikaatteja, kuten ISO9001 ja CE, mik\u00e4 varmistaa niiden laadun ja luotettavuuden.<\/p>\n<h3>R\u00e4\u00e4t\u00e4l\u00f6intipalvelut<\/h3>\n<p>Tarjoamme r\u00e4\u00e4t\u00e4l\u00f6intipalveluita hydraulisylintereiden r\u00e4\u00e4t\u00e4l\u00f6imiseksi asiakkaiden erityistarpeisiin ja ratkaisujen l\u00f6yt\u00e4miseksi erilaisiin operatiivisiin haasteisiin.<\/p>\n<h3>Tuotantolaitteet<\/h3>\n<p>Yrityksell\u00e4mme on edistykselliset valmistuslaitteet, kuten CNC-ty\u00f6st\u00f6keskukset, hydrauliset testipenkit ja 3D-tulostimet hydraulisylintereiden laadun ja tarkkuuden varmistamiseksi.<\/p>\n<h3>Myynnin j\u00e4lkeiset palvelut<\/h3>\n<p>Tarjoamme myynnin j\u00e4lkeisi\u00e4 palveluita, kuten osien vaihtoa ja uudelleenrakennuspalveluita, varmistaaksemme hydraulisylintereidemme pitk\u00e4ik\u00e4isyyden ja luotettavuuden.<\/p>\n<footer>Kirjoittaja: lyl.<\/footer>","protected":false},"excerpt":{"rendered":"<p>Bucket Cylinder For Yigong CY210 Introduction The bucket cylinder for Yigong CY210 is a specialized hydraulic cylinder designed to control the movement of the bucket in heavy machinery such as excavators, backhoe excavators, and front-end loaders. Its main function is to enable the bucket to lift, lower, and tilt, making it easier to handle various [&hellip;]<\/p>","protected":false},"featured_media":14769,"comment_status":"open","ping_status":"closed","template":"","meta":{"_et_pb_use_builder":"","_et_pb_old_content":"","_et_gb_content_width":""},"product_brand":[],"product_cat":[1494],"product_tag":[1495,1496],"class_list":{"0":"post-15998","1":"product","2":"type-product","3":"status-publish","4":"has-post-thumbnail","6":"product_cat-bucket-cylinders","7":"product_tag-bucket-cylinders","8":"product_tag-hydraulic-cylinders","10":"first","11":"instock","12":"shipping-taxable","13":"product-type-simple"},"amp_enabled":true,"_links":{"self":[{"href":"https:\/\/www.hydraulic-cylinders.net\/fi\/wp-json\/wp\/v2\/product\/15998","targetHints":{"allow":["GET"]}}],"collection":[{"href":"https:\/\/www.hydraulic-cylinders.net\/fi\/wp-json\/wp\/v2\/product"}],"about":[{"href":"https:\/\/www.hydraulic-cylinders.net\/fi\/wp-json\/wp\/v2\/types\/product"}],"replies":[{"embeddable":true,"href":"https:\/\/www.hydraulic-cylinders.net\/fi\/wp-json\/wp\/v2\/comments?post=15998"}],"wp:featuredmedia":[{"embeddable":true,"href":"https:\/\/www.hydraulic-cylinders.net\/fi\/wp-json\/wp\/v2\/media\/14769"}],"wp:attachment":[{"href":"https:\/\/www.hydraulic-cylinders.net\/fi\/wp-json\/wp\/v2\/media?parent=15998"}],"wp:term":[{"taxonomy":"product_brand","embeddable":true,"href":"https:\/\/www.hydraulic-cylinders.net\/fi\/wp-json\/wp\/v2\/product_brand?post=15998"},{"taxonomy":"product_cat","embeddable":true,"href":"https:\/\/www.hydraulic-cylinders.net\/fi\/wp-json\/wp\/v2\/product_cat?post=15998"},{"taxonomy":"product_tag","embeddable":true,"href":"https:\/\/www.hydraulic-cylinders.net\/fi\/wp-json\/wp\/v2\/product_tag?post=15998"}],"curies":[{"name":"wp","href":"https:\/\/api.w.org\/{rel}","templated":true}]}}