{"id":16002,"date":"2025-01-19T15:16:38","date_gmt":"2025-01-19T15:16:38","guid":{"rendered":"https:\/\/www.hydraulic-cylinders.net\/product\/bucket-cylinder-for-xiniu-xn63180\/"},"modified":"2025-01-19T15:16:40","modified_gmt":"2025-01-19T15:16:40","slug":"bucket-cylinder-for-xiniu-xn63180","status":"publish","type":"product","link":"https:\/\/www.hydraulic-cylinders.net\/fi\/tuote\/bucket-cylinder-for-xiniu-xn63180\/","title":{"rendered":"Kauhan sylinteri Xiniu XN63180:lle"},"content":{"rendered":"<h1>Kauhan sylinteri Xiniu XN63180:lle<\/h1>\n<h2>Johdanto<\/h2>\n<p>Kauhasylinteri, joka tunnetaan my\u00f6s hydraulisylinterin\u00e4, on erityisesti suunniteltu raskaille koneille, kuten kaivinkoneille, traktorikaivureille ja kuormaajille. Sen p\u00e4\u00e4teht\u00e4v\u00e4n\u00e4 on ohjata kauhan liikett\u00e4, mik\u00e4 mahdollistaa nostamisen, laskemisen ja kallistuksen, mik\u00e4 tekee siit\u00e4 sopivan erilaisiin materiaalink\u00e4sittelyteht\u00e4viin. Hydraulij\u00e4rjestelm\u00e4ss\u00e4 kauhan sylinteri ohjaa tarkasti kauhan liikett\u00e4 muuttamalla hydrauli\u00f6ljyn painetta, jolloin k\u00e4ytt\u00e4j\u00e4t voivat k\u00e4sitell\u00e4 raskaita kuormia tehokkaasti ja sopeutua monimutkaisiin ty\u00f6ymp\u00e4rist\u00f6ihin ja erilaisiin ty\u00f6vaatimuksiin.<\/p>\n<p><img decoding=\"async\" src=\"https:\/\/www.hydraulic-cylinders.net\/wp-content\/uploads\/2025\/01\/songte-company-2.webp\"><\/p>\n<h2>Ominaisuudet<\/h2>\n<ul>\n<li><strong>Korkea lujuus ja kest\u00e4vyys<\/strong>Kauhasylinteri on tyypillisesti valmistettu lujasta ter\u00e4ksest\u00e4 tai alumiinista, ja se kest\u00e4\u00e4 korkeaa painetta ja raskaita kuormia, joten se sopii vaativiin ty\u00f6ymp\u00e4rist\u00f6ihin. Sen suunnittelussa on otettu huomioon kulutuskest\u00e4vyys ja korroosionkest\u00e4vyys, mik\u00e4 pident\u00e4\u00e4 sen k\u00e4ytt\u00f6ik\u00e4\u00e4.<\/li>\n<li><strong>Tehokas hydraulinen k\u00e4ytt\u00f6<\/strong>Hydrauli\u00f6ljyn paineen ansiosta kauhan sylinteri saavuttaa tasaisen ojennuksen ja sis\u00e4\u00e4nvedon, reagoi nopeasti k\u00e4ytt\u00f6komentoihin ja tarjoaa voimakkaan ty\u00f6nt\u00f6- ja vetovoiman, mik\u00e4 tekee siit\u00e4 sopivan raskaiden kuormien k\u00e4sittelyyn ja monimutkaisiin ty\u00f6teht\u00e4viin.<\/li>\n<li><strong>Erilaisia \u200b\u200btyyppej\u00e4<\/strong>Kauhasylinteri voi olla yksitoiminen (hydraulisesti vain yhteen suuntaan) tai kaksitoiminen (hydraulisesti kahteen suuntaan) sylinteri k\u00e4ytt\u00f6vaatimuksista riippuen. Jotkut mallit ovat teleskooppisia, mik\u00e4 mahdollistaa suuremman jatkeen ilman ulkomittojen kasvua, joten ne sopivat ahtaisiin k\u00e4ytt\u00f6tarkoituksiin.<\/li>\n<li><strong>Tuotteen korvaaminen<\/strong>Tuotteemme voivat t\u00e4ydellisesti korvata n\u00e4m\u00e4 hydraulisylinterit.<\/li>\n<\/ul>\n<p><img decoding=\"async\" src=\"https:\/\/www.hydraulic-cylinders.net\/wp-content\/uploads\/2025\/01\/songte-cylinder-head-with-all-kinds-excavator-models.webp\"><\/p>\n<h2>Sovellukset<\/h2>\n<p>Kauhasylinteri\u00e4 k\u00e4ytet\u00e4\u00e4n laajalti useilla eri teollisuudenaloilla, mukaan lukien:<\/p>\n<ul>\n<li><strong>Rakennuslaitteet<\/strong>Kaivinkoneissa kauhan sylinteri on v\u00e4ltt\u00e4m\u00e4t\u00f6n kaivamiseen, lastaamiseen ja maaper\u00e4n tai roskien siirt\u00e4miseen. Kaivinkoneissa kauhan sylinteri auttaa sek\u00e4 kaivamisessa ett\u00e4 nostamisessa. Kuormaajissa se auttaa tavaroiden tehokkaassa nostamisessa ja tyhjent\u00e4misess\u00e4.<\/li>\n<li><strong>Maatalouskoneet<\/strong>K\u00e4ytet\u00e4\u00e4n etukuormaajissa maan, hein\u00e4n ja muiden materiaalien nostamiseen ja kuljettamiseen. Kaivinkoneissa kauhan sylinteri saavuttaa kaivutoiminnon antamalla kauhan tunkeutua maaper\u00e4\u00e4n. <\/li>\n<\/ul>\n<p>Kunkin sovelluksen avainsanan kuvauksen on oltava v\u00e4hint\u00e4\u00e4n 200 sanaa pitk\u00e4.<\/p>\n<h2>Suunnittelun\u00e4k\u00f6kohdat ja valintakriteerit<\/h2>\n<p>Kauhasylinterin suunnittelussa on otettava huomioon kuormankantokyky, tiiviys, kest\u00e4vyys, turvallisuus ja huollettavuus. Keskeisi\u00e4 keskustelunaiheita ovat:<\/p>\n<ul>\n<li><strong>Kantavuus<\/strong>Kauhasylinterin kuormankantokyky on olennainen osa raskasta koneistoa, ja se on valittava k\u00e4ytt\u00f6tarkoituksen erityisvaatimusten perusteella.<\/li>\n<li><strong>Tiivistys<\/strong>Erilaisia \u200b\u200btiivistekomponentteja, kuten m\u00e4nn\u00e4ntiivisteit\u00e4 ja varren tiivisteit\u00e4, k\u00e4ytet\u00e4\u00e4n est\u00e4m\u00e4\u00e4n \u00f6ljyvuotoja, jotka voivat aiheuttaa konevaurioita. Kulumiskest\u00e4vyyden parantamiseksi k\u00e4ytet\u00e4\u00e4n materiaaleja, kuten polyuretaania ja nitriilikumia.<\/li>\n<li><strong>Kest\u00e4vyys<\/strong>Kauhasylinterin kest\u00e4vyys on kriittisen t\u00e4rke\u00e4\u00e4, ja sen osat on suunniteltava ja valmistettava korkealaatuisista materiaaleista kest\u00e4m\u00e4\u00e4n ankaria ymp\u00e4rist\u00f6j\u00e4, v\u00e4hent\u00e4m\u00e4\u00e4n kulumista ja pident\u00e4m\u00e4\u00e4n sen k\u00e4ytt\u00f6ik\u00e4\u00e4.<\/li>\n<li><strong>Turvallisuus<\/strong>Kauhasylinterin suunnittelussa on asetettava etusijalle turvallisuus, ja se on varustettava varoventtiileill\u00e4, jotta estet\u00e4\u00e4n liiallisen paineen tai kuormituksen aiheuttamat vauriot.<\/li>\n<li><strong>Yll\u00e4pidett\u00e4vyys<\/strong>Kauhasylinterin suunnittelussa tulisi ottaa huomioon huolto osana sen elinkaarta, johon voi sis\u00e4lty\u00e4 purkamisen, vaihtamisen ja korjaamisen helppous.<\/li>\n<\/ul>\n<p><img decoding=\"async\" src=\"https:\/\/www.hydraulic-cylinders.net\/wp-content\/uploads\/2025\/01\/songte-oil-pipes-and-spare-parts.webp\"><\/p>\n<h2>Tiivistys ja voitelu<\/h2>\n<p>Kauhasylinteri vaatii erilaisia \u200b\u200btiivisteit\u00e4, kuten m\u00e4nn\u00e4ntiivisteit\u00e4 ja varren tiivisteit\u00e4, \u00f6ljyvuotojen est\u00e4miseksi ja tehokkaan toiminnan varmistamiseksi. Tiivisteet on valmistettu materiaaleista, kuten polyuretaanista ja nitriilikumista, kulumisen kest\u00e4vyyden parantamiseksi. Sylinterin runko ja kierteitetty p\u00e4\u00e4typinta on hienosti k\u00e4sitelty kulutuskest\u00e4vyyden parantamiseksi. Se vaatii s\u00e4\u00e4nn\u00f6llist\u00e4 voitelua oikealla m\u00e4\u00e4r\u00e4ll\u00e4 hydrauli\u00f6ljy\u00e4 sujuvan toiminnan yll\u00e4pit\u00e4miseksi.<\/p>\n<h2>Tarkastus- ja ennaltaehk\u00e4isev\u00e4t huoltotoimenpiteet<\/h2>\n<p>S\u00e4\u00e4nn\u00f6lliset tarkastukset ja ennaltaehk\u00e4isev\u00e4t huoltotoimenpiteet ovat v\u00e4ltt\u00e4m\u00e4tt\u00f6mi\u00e4 kauhan sylinterin k\u00e4ytt\u00f6i\u00e4n pident\u00e4miseksi. Keskeisi\u00e4 toimenpiteit\u00e4 ovat:<\/p>\n<ul>\n<li><strong>S\u00e4\u00e4nn\u00f6llinen tarkastus<\/strong>Kauhan sylinterin s\u00e4\u00e4nn\u00f6llinen tarkastus auttaa sinua tunnistamaan mahdolliset ongelmat varhaisessa vaiheessa ja puuttumaan niihin ennen kuin ne pahenevat.<\/li>\n<li><strong>Voitelu<\/strong>Tarkista ja voitele kauhan sylinteri s\u00e4\u00e4nn\u00f6llisesti sen moitteettoman toiminnan varmistamiseksi.<\/li>\n<li><strong>Tiivisteen vaihto ja kalibroinnin tarkistus<\/strong>Vaihda kuluneet tiivisteet ja tarkista kalibrointi s\u00e4\u00e4nn\u00f6llisesti sylinterin tehokkuuden yll\u00e4pit\u00e4miseksi.<\/li>\n<\/ul>\n<p>Kunkin kohdan kuvauksen on oltava v\u00e4hint\u00e4\u00e4n 200 sanaa pitk\u00e4.<\/p>\n<p><img decoding=\"async\" src=\"https:\/\/www.hydraulic-cylinders.net\/wp-content\/uploads\/2025\/01\/songte-chushion-collar.webp\"><\/p>\n<h2>Turvallisuusn\u00e4k\u00f6kohdat ja ymp\u00e4rist\u00f6tekij\u00e4t<\/h2>\n<p>Kauhasylinteri\u00e4 k\u00e4ytett\u00e4ess\u00e4 turvatoimenpiteet ovat ratkaisevan t\u00e4rkeit\u00e4 onnettomuuksien ehk\u00e4isemiseksi. Noudata aina valmistajan ohjeita ja ohjeita asennuksen, k\u00e4yt\u00f6n ja huollon osalta. Ymp\u00e4rist\u00f6tekij\u00e4t, kuten l\u00e4mp\u00f6tila, kosteus ja ilmanlaatu, voivat vaikuttaa kauhasylinterin tehokkuuteen ja k\u00e4ytt\u00f6ik\u00e4\u00e4n. Harkitse asianmukaisten ennaltaehk\u00e4isevien toimenpiteiden toteuttamista turvallisen k\u00e4ytt\u00f6ymp\u00e4rist\u00f6n varmistamiseksi.<\/p>\n<h2>Vianm\u00e4\u00e4ritys ja yleiset ongelmat<\/h2>\n<p>Kauhasylinterin yleisi\u00e4 ongelmia ovat \u00f6ljyvuodot, tiivisteiden vaurioituminen ja tehon heikkeneminen. Vianm\u00e4\u00e4ritystoimenpiteisiin kuuluvat tiivisteiden tarkastaminen, vuotojen tunnistaminen ja korjaaminen sek\u00e4 kuluneiden osien tai tiivisteiden vaihtaminen. Ennaltaehk\u00e4iseviin toimenpiteisiin kuuluvat s\u00e4\u00e4nn\u00f6llinen tarkastus, voitelu ja kuluneiden osien vaihtaminen.<\/p>\n<p><img decoding=\"async\" src=\"https:\/\/www.hydraulic-cylinders.net\/wp-content\/uploads\/2025\/01\/songte-bushings-with-all-kinds-of-excavator-models.webp\"><\/p>\n<h2>Tietoa yrityksest\u00e4mme<\/h2>\n<p>Olemme korvaavien hydraulisylinterien valmistaja ja tarjoamme kattavan tuotevalikoiman. Olemme yksi johtavista hydraulisylinterien valmistajista ja tukkumyyjist\u00e4 kotimaisilla ja kansainv\u00e4lisill\u00e4 markkinoilla. Noudatamme erinomaisen laadun periaatetta ja luotamme hienostuneiden tuotantolaitosten teollisuuden tuotannonohjausstrategiaan, parannamme jatkuvasti ty\u00f6pajoidemme valmistusalustaa, parannamme tuotteiden tuotannon laatua ja meill\u00e4 on vahva luova kyky. Tavoitteenamme on tyydytt\u00e4\u00e4 asiakkaiden monipuoliset tarpeet tehokkaalla, tarkalla ja laadukkaalla toiminnalla.<\/p>\n<h3>Ammattimaisuus<\/h3>\n<p>Meill\u00e4 on ammattitaitoisia ja kokeneita teknisi\u00e4 kykyj\u00e4, t\u00e4ydellinen sarja edistyneit\u00e4 tuotantolaitteita ja ammattimainen tunnistusj\u00e4rjestelm\u00e4 tuotteen laadun varmistamiseksi.<\/p>\n<h3>Kansainv\u00e4linen sertifiointi<\/h3>\n<p>Tuotteemme ovat saaneet ISO9001- ja CE-sertifikaatit, jotka t\u00e4ytt\u00e4v\u00e4t kansainv\u00e4liset standardit.<\/p>\n<h3>R\u00e4\u00e4t\u00e4l\u00f6intipalvelu<\/h3>\n<p>Tarjoamme r\u00e4\u00e4t\u00e4l\u00f6ityj\u00e4 palveluita asiakkaiden erilaisiin tarpeisiin, mukaan lukien erikoismallit, materiaalit ja pinnoitteet.<\/p>\n<h3>Tuotantolaitteet<\/h3>\n<p>K\u00e4yt\u00e4mme edistyneit\u00e4 valmistuslaitteita, kuten CNC-sorveja, ty\u00f6st\u00f6keskuksia ja testauskoneita, varmistaaksemme tuotteiden tarkkuuden ja yhdenmukaisuuden.<\/p>\n<h3>Myynnin j\u00e4lkeinen palvelu<\/h3>\n<p>Tarjoamme kattavia j\u00e4lkimarkkinointipalveluita, mukaan lukien varaosat ja korjauspalvelut, asiakastyytyv\u00e4isyyden varmistamiseksi.<\/p>\n<p><img decoding=\"async\" src=\"https:\/\/www.hydraulic-cylinders.net\/wp-content\/uploads\/2025\/01\/songte-company-3.webp\"><\/p>\n<p>Kirjoittaja: lyl.<\/p>","protected":false},"excerpt":{"rendered":"<p>Bucket Cylinder For Xiniu XN63180 Introduction The bucket cylinder, also known as a hydraulic cylinder, is specially designed for heavy machinery such as excavators, backhoes, and loaders. Its main function is to control the movement of the bucket, allowing for lifting, lowering, and tilting, making it suitable for various material handling tasks. In the hydraulic [&hellip;]<\/p>","protected":false},"featured_media":14789,"comment_status":"open","ping_status":"closed","template":"","meta":{"_et_pb_use_builder":"","_et_pb_old_content":"","_et_gb_content_width":""},"product_brand":[],"product_cat":[1494],"product_tag":[1495,1496],"class_list":{"0":"post-16002","1":"product","2":"type-product","3":"status-publish","4":"has-post-thumbnail","6":"product_cat-bucket-cylinders","7":"product_tag-bucket-cylinders","8":"product_tag-hydraulic-cylinders","10":"first","11":"instock","12":"shipping-taxable","13":"product-type-simple"},"amp_enabled":true,"_links":{"self":[{"href":"https:\/\/www.hydraulic-cylinders.net\/fi\/wp-json\/wp\/v2\/product\/16002","targetHints":{"allow":["GET"]}}],"collection":[{"href":"https:\/\/www.hydraulic-cylinders.net\/fi\/wp-json\/wp\/v2\/product"}],"about":[{"href":"https:\/\/www.hydraulic-cylinders.net\/fi\/wp-json\/wp\/v2\/types\/product"}],"replies":[{"embeddable":true,"href":"https:\/\/www.hydraulic-cylinders.net\/fi\/wp-json\/wp\/v2\/comments?post=16002"}],"wp:featuredmedia":[{"embeddable":true,"href":"https:\/\/www.hydraulic-cylinders.net\/fi\/wp-json\/wp\/v2\/media\/14789"}],"wp:attachment":[{"href":"https:\/\/www.hydraulic-cylinders.net\/fi\/wp-json\/wp\/v2\/media?parent=16002"}],"wp:term":[{"taxonomy":"product_brand","embeddable":true,"href":"https:\/\/www.hydraulic-cylinders.net\/fi\/wp-json\/wp\/v2\/product_brand?post=16002"},{"taxonomy":"product_cat","embeddable":true,"href":"https:\/\/www.hydraulic-cylinders.net\/fi\/wp-json\/wp\/v2\/product_cat?post=16002"},{"taxonomy":"product_tag","embeddable":true,"href":"https:\/\/www.hydraulic-cylinders.net\/fi\/wp-json\/wp\/v2\/product_tag?post=16002"}],"curies":[{"name":"wp","href":"https:\/\/api.w.org\/{rel}","templated":true}]}}