{"id":16075,"date":"2025-01-20T08:26:45","date_gmt":"2025-01-20T08:26:45","guid":{"rendered":"https:\/\/www.hydraulic-cylinders.net\/product\/arm-cylinderfor-komatsu-large-excavator-pc850se-8\/"},"modified":"2025-01-20T08:26:47","modified_gmt":"2025-01-20T08:26:47","slug":"arm-cylinderfor-komatsu-large-excavator-pc850se-8","status":"publish","type":"product","link":"https:\/\/www.hydraulic-cylinders.net\/fi\/tuote\/arm-cylinderfor-komatsu-large-excavator-pc850se-8\/","title":{"rendered":"Varren sylinteri Komatsun suureen kaivinkoneeseen PC850SE-8"},"content":{"rendered":"<h1>Komatsun suuren kaivinkoneen PC850SE-8 varren sylinteri<\/h1>\n<h2>Tuotteen m\u00e4\u00e4ritelm\u00e4<\/h2>\n<h3>Mik\u00e4 on varsisylinteri?<\/h3>\n<p>Varren sylinteri on erityisesti suunniteltu hydraulisylinteri, joka tarjoaa lineaarista liikett\u00e4 ja voimaa erilaisten koneiden, kuten kaivinkoneiden, nostureiden ja robottivarsien, varsille. Sill\u00e4 on ratkaiseva rooli hydraulij\u00e4rjestelm\u00e4ss\u00e4, sill\u00e4 se mahdollistaa lis\u00e4laitteiden tai lis\u00e4varusteiden sujuvan ja tehokkaan liikkumisen ja toiminnan. N\u00e4m\u00e4 sylinterit eiv\u00e4t ainoastaan \u200b\u200btarjoa tasaista liikett\u00e4, vaan ne kest\u00e4v\u00e4t my\u00f6s raskaita kuormia varmistaen koneiden tehokkaan toiminnan ja luotettavuuden erilaisissa ty\u00f6olosuhteissa.<\/p>\n<p><img decoding=\"async\" src=\"https:\/\/www.hydraulic-cylinders.net\/wp-content\/uploads\/2025\/01\/songte-company-2.webp\" alt=\"Varren sylinterin kuva\"><\/p>\n<h2>Tuotteen ominaisuudet<\/h2>\n<h3>T\u00e4rkeimm\u00e4t ominaisuudet<\/h3>\n<ul>\n<li>Tehokas voimansiirto: Varren sylinteri tarjoaa tehokkaan lineaarisen liikkeen ja voiman, mik\u00e4 varmistaa mekaanisen varren tehokkaan suorituskyvyn erilaisissa toiminnoissa.<\/li>\n<li>Tarkka ohjaus: Varren sylinteri voi saavuttaa tarkan liikkeenohjauksen hydraulij\u00e4rjestelm\u00e4n kautta, mik\u00e4 tekee lis\u00e4laitteiden k\u00e4yt\u00f6st\u00e4 joustavampaa ja tarkempaa.<\/li>\n<li>Vahva kest\u00e4vyys: Varsisylinterit on yleens\u00e4 valmistettu eritt\u00e4in lujista materiaaleista, niill\u00e4 on hyv\u00e4 kulutus- ja korroosionkest\u00e4vyys, ja ne soveltuvat pitk\u00e4aikaiseen k\u00e4ytt\u00f6\u00f6n ankarissa olosuhteissa.<\/li>\n<li>Monitoiminnallinen mukautuvuus: N\u00e4it\u00e4 sylintereit\u00e4 voidaan k\u00e4ytt\u00e4\u00e4 laajalti erilaisissa mekaanisissa laitteissa, kuten kaivinkoneissa, nostureissa ja robottivarsissa, mukautumaan erilaisiin ty\u00f6tarpeisiin.<\/li>\n<li>Helppo huolto: Suunnittelussa on otettu huomioon helppo huolto ja vaihto, mik\u00e4 tekee s\u00e4\u00e4nn\u00f6llisest\u00e4 tarkastuksesta ja huollosta k\u00e4tev\u00e4mp\u00e4\u00e4 ja v\u00e4hent\u00e4\u00e4 laitteiden seisokkiaikaa.<\/li>\n<\/ul>\n<h3>Tuotteen korvaaminen<\/h3>\n<p>Voimme valmistaa t\u00e4t\u00e4 tuotetta, ja tuotteemme voi t\u00e4ydellisesti korvata n\u00e4m\u00e4 hydraulisylinterit.<\/p>\n<p><img decoding=\"async\" src=\"https:\/\/www.hydraulic-cylinders.net\/wp-content\/uploads\/2025\/01\/songte-oil-pipes-and-spare-parts.webp\" alt=\"Tuotteen korvaava kuva\"><\/p>\n<h2>Sovellusskenaariot<\/h2>\n<h3>Rakentaminen ja rakentaminen<\/h3>\n<p>Kaivinkoneissa ja nostureissa varsisylintereit\u00e4 k\u00e4ytet\u00e4\u00e4n kauhojen tai puomien liikkeen ohjaamiseen maanrakennuksessa, materiaalink\u00e4sittelyss\u00e4 ja rakenteellisissa asennuksissa.<\/p>\n<h3>Valmistus<\/h3>\n<p>Automatisoiduilla tuotantolinjoilla varsisylintereit\u00e4 k\u00e4ytet\u00e4\u00e4n robottik\u00e4sivarsien liikuttamiseen kokoonpanossa, hitsauksessa ja materiaalink\u00e4sittelyss\u00e4, mik\u00e4 parantaa tuotannon tehokkuutta ja tarkkuutta.<\/p>\n<h3>Maatalouskoneet<\/h3>\n<p>Maatalouskoneissa, kuten puimureissa ja istutuskoneissa, varsisylinterit ohjaavat k\u00e4ytt\u00f6varsien liikett\u00e4 ja suorittavat teht\u00e4vi\u00e4, kuten kylv\u00f6\u00e4, lannoitusta ja sadonkorjuuta.<\/p>\n<h3>Kaivostoiminta<\/h3>\n<p>Kaivoslaitteissa varsisylintereit\u00e4 k\u00e4ytet\u00e4\u00e4n kaivoslaitteiden, kuten malminlouhinnan ja -k\u00e4sittelyn, varsisylintereiden ohjaamiseen.<\/p>\n<h3>Logistiikka ja kuljetus<\/h3>\n<p>Trukeissa ja robottien k\u00e4sittelyss\u00e4 varsisylintereit\u00e4 k\u00e4ytet\u00e4\u00e4n haarukan terien noston ja liikkeen ohjaamiseen, mik\u00e4 mahdollistaa materiaalien k\u00e4sittelyn ja pinoamisen.<\/p>\n<h2>Tuotesuunnittelun n\u00e4k\u00f6kohdat ja valintakriteerit<\/h2>\n<h3>Kantavuus<\/h3>\n<p>Varren sylinterin kuormituskapasiteetin on kestett\u00e4v\u00e4 koneen enimm\u00e4iskuormitus k\u00e4yt\u00f6n aikana laitteiden turvallisuuden ja tehokkuuden varmistamiseksi.<\/p>\n<h3>Tiivistys<\/h3>\n<p>Erilaisia \u200b\u200btiivistekomponentteja, kuten m\u00e4nn\u00e4ntiivisteit\u00e4 ja varren tiivisteit\u00e4, k\u00e4ytet\u00e4\u00e4n est\u00e4m\u00e4\u00e4n hydraulinesteen vuotoja ja varmistamaan sylinterin normaali toiminta. N\u00e4iden tiivisteiden on oltava valmistettu kulutusta kest\u00e4vist\u00e4 materiaaleista, kuten polyuretaanista ja nitriilikumista.<\/p>\n<h3>Kest\u00e4vyys<\/h3>\n<p>Varsisylinterit altistuvat usein ankarille ymp\u00e4rist\u00f6ille, kuten p\u00f6lylle, kosteudelle ja sy\u00f6vytt\u00e4ville aineille. Siksi sylinterin runko ja kierteitetty p\u00e4\u00e4typinta on k\u00e4sitelt\u00e4v\u00e4 hienovaraisesti kulutuskest\u00e4vyyden parantamiseksi.<\/p>\n<h3>Turvallisuus ja huolto<\/h3>\n<p>Luotettavan turvalaitteen tarjoaminen onnettomuuksien v\u00e4ltt\u00e4miseksi on t\u00e4rke\u00e4\u00e4 varsisylinteri\u00e4 valittaessa. Sylinterin suunnittelu helpoksi huollettavaksi ja vaihdettavaksi voi v\u00e4hent\u00e4\u00e4 seisokkiaikoja ja parantaa tehokkuutta.<\/p>\n<p><img decoding=\"async\" src=\"https:\/\/www.hydraulic-cylinders.net\/wp-content\/uploads\/2025\/01\/songte-cylinder-head-with-all-kinds-excavator-models.webp\" alt=\"Tuotesuunnittelun kuva\"><\/p>\n<h2>Tiivistys ja voitelu<\/h2>\n<p>Erilaisia \u200b\u200btiivistekomponentteja, kuten m\u00e4nn\u00e4ntiivisteit\u00e4 ja varren tiivisteit\u00e4, k\u00e4ytet\u00e4\u00e4n est\u00e4m\u00e4\u00e4n hydraulinesteen vuotoja ja varmistamaan sylinterin normaali toiminta. Sylinterin runko ja kierteitetyt p\u00e4\u00e4typinnat on ty\u00f6stett\u00e4v\u00e4 hienoksi kulumiskest\u00e4vyyden parantamiseksi. Voitelua varten on tarpeen lis\u00e4t\u00e4 s\u00e4\u00e4nn\u00f6llisesti sopiva m\u00e4\u00e4r\u00e4 hydrauli\u00f6ljy\u00e4.<\/p>\n<h2>S\u00e4\u00e4nn\u00f6llinen tarkastus ja ennaltaehk\u00e4isev\u00e4 huolto<\/h2>\n<h3>Tarkastus<\/h3>\n<p>Varren sylinterin s\u00e4\u00e4nn\u00f6llinen tarkastus on v\u00e4ltt\u00e4m\u00e4t\u00f6nt\u00e4 odottamattomien vikojen v\u00e4ltt\u00e4miseksi, jotka voivat johtaa laitteiden seisokkeihin. Tarkastuksiin tulisi kuulua sylinterin tiivisteiden, kierteitettyjen p\u00e4\u00e4typintojen sek\u00e4 sylinterin rungon kulumisen tarkistaminen.<\/p>\n<h3>Ennakoiva huolto<\/h3>\n<p>Ennaltaehk\u00e4iseviin huoltotoimenpiteisiin kuuluvat puomisylinterin s\u00e4\u00e4nn\u00f6llinen puhdistus, hydrauliikka\u00f6ljyn ja tiivisteiden vaihtaminen tarvittaessa sek\u00e4 sylinterin vaihtaminen, jos merkitt\u00e4v\u00e4\u00e4 kulumista havaitaan.<\/p>\n<p><img decoding=\"async\" src=\"https:\/\/www.hydraulic-cylinders.net\/wp-content\/uploads\/2025\/01\/songte-chushion-collar.webp\" alt=\"Huoltokuva\"><\/p>\n<h2>Tuotteen asennusopas<\/h2>\n<h3>Esiasennus<\/h3>\n<p>Ennen asennusta tarkista, vastaavatko sylinterin tekniset tiedot koneiston vaatimuksia, ja tarkista sylinterin ja koneiston kierteitetyt p\u00e4\u00e4typinnat varmistaaksesi, ett\u00e4 ne ovat puhtaat ja j\u00e4ysteett\u00f6mi\u00e4.<\/p>\n<h3>Asennus<\/h3>\n<p>Asennuksen aikana kiinnit\u00e4 huomiota sylinterin ja koneiston linjaukseen ja varmista, ett\u00e4 tiiviste ja stefa on asennettu oikein. Kirist\u00e4 pultit ilmoitettuun v\u00e4\u00e4nt\u00f6momenttiin.<\/p>\n<h3>Asennuksen j\u00e4lkeinen<\/h3>\n<p>Asennuksen j\u00e4lkeen tarkista vuodot ja varmista, ett\u00e4 sylinteri toimii normaalisti.<\/p>\n<p><img decoding=\"async\" src=\"https:\/\/www.hydraulic-cylinders.net\/wp-content\/uploads\/2025\/01\/songte-bushings-with-all-kinds-of-excavator-models.webp\" alt=\"Asennusoppaan kuva\"><\/p>\n<h2>Tuoteturvallisuus ja ymp\u00e4rist\u00f6n\u00e4k\u00f6kohdat<\/h2>\n<p>Varsisylintereit\u00e4 k\u00e4ytett\u00e4ess\u00e4 on asennettava turvalaitteita, kuten rajoittimia ja varoventtiilej\u00e4, laitteen turvallisen toiminnan varmistamiseksi ja onnettomuuksien v\u00e4ltt\u00e4miseksi. Varsisylinterit on h\u00e4vitett\u00e4v\u00e4 asianmukaisesti ymp\u00e4rist\u00f6n saastumisen v\u00e4ltt\u00e4miseksi.<\/p>\n<h2>Vianm\u00e4\u00e4ritys ja yleiset ongelmat<\/h2>\n<h3>Yleisi\u00e4 ongelmia<\/h3>\n<ul>\n<li>Hydrauli\u00f6ljyn vuoto<\/li>\n<li>Ep\u00e4normaali sylinterimelu<\/li>\n<li>Hidas tai nykiv\u00e4 liike<\/li>\n<li>Vaikeuksia laitteen nostamisessa tai laskemisessa<\/li>\n<li>Sylinterin rungon tai tiivisteiden liiallinen kuluminen tai vaurioituminen<\/li>\n<\/ul>\n<h3>Vianm\u00e4\u00e4ritys ja ratkaisut<\/h3>\n<ul>\n<li>Tarkista l\u00f6ysien pulttien tai vaurioituneiden tiivisteiden varalta ja vaihda ne tarvittaessa<\/li>\n<li>Tarkista sylinterin runko vaurioiden varalta ja vaihda tarvittaessa<\/li>\n<li>Tarkista hydrauliikka\u00f6ljyn taso ja vaihda tarvittaessa<\/li>\n<li>Tarkista m\u00e4nn\u00e4nvarsi vaurioiden varalta ja vaihda tarvittaessa<\/li>\n<\/ul>\n<h3>Ennaltaehk\u00e4isev\u00e4t toimenpiteet<\/h3>\n<p>Ennaltaehk\u00e4iseviin toimenpiteisiin kuuluvat vaurioituneiden tiivisteiden tai sylinterirunkojen s\u00e4\u00e4nn\u00f6llinen tarkastus, puhdistus ja vaihto. Asianmukainen voitelu ja k\u00e4ytt\u00f6 voivat my\u00f6s auttaa ehk\u00e4isem\u00e4\u00e4n ongelmia.<\/p>\n<p><img decoding=\"async\" src=\"https:\/\/www.hydraulic-cylinders.net\/wp-content\/uploads\/2025\/01\/songte-company-4.webp\" alt=\"Yrityksen imago\"><br \/>\n<img decoding=\"async\" src=\"https:\/\/www.hydraulic-cylinders.net\/wp-content\/uploads\/2025\/01\/songte-company-3.webp\" alt=\"Yrityksen imago\"><\/p>\n<h2>Tietoa meist\u00e4<\/h2>\n<p>Olemme ammattimainen hydraulisylinterien valmistaja, joka tarjoaa laajan valikoiman tuotteita ja on yksi johtavista hydraulisylinterien valmistajista ja tukkumyyjist\u00e4 kotimaisilla ja ulkomaisilla markkinoilla. Noudatamme aina erinomaisen laadun periaatetta, luotamme hienostuneen valmistuspajan teollistettuun tuotannonohjausstrategiaan ja parannamme jatkuvasti teknist\u00e4 tasoa ja tuotannon tehokkuutta. Ottamalla k\u00e4ytt\u00f6\u00f6n huippuluokan digitaalisia valmistuslaitteita ja ammattimaisia \u200b\u200btestausj\u00e4rjestelmi\u00e4, optimoimme jatkuvasti valmistusalustaa, t\u00e4ydellist\u00e4mme tuotteiden laadunvalvontaprosessia ja meill\u00e4 on vahva innovaatiokyky. Tavoitteenamme on vastata asiakkaiden monipuolisiin tarpeisiin korkean tehokkuuden, tarkkuuden ja korkean laadun periaatteilla. Tarjoamme ammattitaitoisia palveluita, kansainv\u00e4list\u00e4 sertifiointia, r\u00e4\u00e4t\u00e4l\u00f6ityj\u00e4 palveluita, tuotantolaitteita ja huoltopalveluita. <\/p>\n<p>Kirjoittaja: lyl.<\/p>","protected":false},"excerpt":{"rendered":"<p>Arm Cylinder For Komatsu Large Excavator PC850SE-8 Product Definition What is an Arm Cylinder? An arm cylinder is a specially designed hydraulic cylinder that provides linear motion and power to the arms of various machines like excavators, cranes, and robotic arms. It plays a crucial role in the hydraulic system, allowing attachments or accessories to [&hellip;]<\/p>","protected":false},"featured_media":14779,"comment_status":"open","ping_status":"closed","template":"","meta":{"_et_pb_use_builder":"","_et_pb_old_content":"","_et_gb_content_width":""},"product_brand":[],"product_cat":[1497],"product_tag":[1498,1496],"class_list":{"0":"post-16075","1":"product","2":"type-product","3":"status-publish","4":"has-post-thumbnail","6":"product_cat-arm-cylinders","7":"product_tag-arm-cylinders","8":"product_tag-hydraulic-cylinders","10":"first","11":"instock","12":"shipping-taxable","13":"product-type-simple"},"amp_enabled":true,"_links":{"self":[{"href":"https:\/\/www.hydraulic-cylinders.net\/fi\/wp-json\/wp\/v2\/product\/16075","targetHints":{"allow":["GET"]}}],"collection":[{"href":"https:\/\/www.hydraulic-cylinders.net\/fi\/wp-json\/wp\/v2\/product"}],"about":[{"href":"https:\/\/www.hydraulic-cylinders.net\/fi\/wp-json\/wp\/v2\/types\/product"}],"replies":[{"embeddable":true,"href":"https:\/\/www.hydraulic-cylinders.net\/fi\/wp-json\/wp\/v2\/comments?post=16075"}],"wp:featuredmedia":[{"embeddable":true,"href":"https:\/\/www.hydraulic-cylinders.net\/fi\/wp-json\/wp\/v2\/media\/14779"}],"wp:attachment":[{"href":"https:\/\/www.hydraulic-cylinders.net\/fi\/wp-json\/wp\/v2\/media?parent=16075"}],"wp:term":[{"taxonomy":"product_brand","embeddable":true,"href":"https:\/\/www.hydraulic-cylinders.net\/fi\/wp-json\/wp\/v2\/product_brand?post=16075"},{"taxonomy":"product_cat","embeddable":true,"href":"https:\/\/www.hydraulic-cylinders.net\/fi\/wp-json\/wp\/v2\/product_cat?post=16075"},{"taxonomy":"product_tag","embeddable":true,"href":"https:\/\/www.hydraulic-cylinders.net\/fi\/wp-json\/wp\/v2\/product_tag?post=16075"}],"curies":[{"name":"wp","href":"https:\/\/api.w.org\/{rel}","templated":true}]}}