{"id":16262,"date":"2025-01-20T09:00:34","date_gmt":"2025-01-20T09:00:34","guid":{"rendered":"https:\/\/www.hydraulic-cylinders.net\/product\/arm-cylinderfor-hyundai-wheel-excavator-r160w-5\/"},"modified":"2025-01-20T09:00:36","modified_gmt":"2025-01-20T09:00:36","slug":"arm-cylinderfor-hyundai-wheel-excavator-r160w-5","status":"publish","type":"product","link":"https:\/\/www.hydraulic-cylinders.net\/fi\/tuote\/arm-cylinderfor-hyundai-wheel-excavator-r160w-5\/","title":{"rendered":"Varren sylinteri Hyundai-py\u00f6r\u00e4kaivukoneeseen R160W-5"},"content":{"rendered":"<h2>Johdanto<\/h2>\n<h3>Hyundai R160W-5 py\u00f6r\u00e4kaivukoneen varren sylinteri<\/h3>\n<p>Varren sylinteri on erityisesti suunniteltu hydraulisylinteri, jota k\u00e4ytet\u00e4\u00e4n ensisijaisesti lineaarisen liikkeen ja voiman tuottamiseen erilaisten koneiden, kuten kaivinkoneiden, nostureiden ja mekaanisten varsien, varsille. Varren sylinterill\u00e4 on keskeinen rooli hydraulij\u00e4rjestelm\u00e4ss\u00e4, koska se mahdollistaa lis\u00e4ty\u00f6kalujen tai lis\u00e4laitteiden tehokkaan liikkeen ja ohjauksen. N\u00e4m\u00e4 sylinterit eiv\u00e4t ainoastaan \u200b\u200bsaavuta tasaista liikett\u00e4, vaan ne kest\u00e4v\u00e4t my\u00f6s raskaita kuormia varmistaen koneiden tehokkaan toiminnan ja luotettavuuden erilaisissa ty\u00f6olosuhteissa.<\/p>\n<p><img decoding=\"async\" src=\"https:\/\/www.hydraulic-cylinders.net\/wp-content\/uploads\/2025\/01\/songte-company-2.webp\" alt=\"Varren sylinterin kuva\"><\/p>\n<h2>Ominaisuudet<\/h2>\n<ol>\n<li><strong>Tehokas vaihteisto:<\/strong> Varren sylinterit tarjoavat tehokkaan lineaarisen liikkeen ja voiman, mik\u00e4 varmistaa mekaanisen varren korkean hy\u00f6tysuhteen erilaisissa toiminnoissa.<\/li>\n<li><strong>Tarkkuusohjaus:<\/strong> Hydraulisen j\u00e4rjestelm\u00e4n avulla varsisylinterit voivat saavuttaa tarkan liikkeenohjauksen, mik\u00e4 tekee lis\u00e4ty\u00f6kalujen k\u00e4yt\u00f6st\u00e4 joustavampaa ja tarkempaa.<\/li>\n<li><strong>Vahva kest\u00e4vyys:<\/strong> Varsisylinterit on yleens\u00e4 valmistettu eritt\u00e4in lujista materiaaleista, ja niill\u00e4 on hyv\u00e4 kulutus- ja korroosionkest\u00e4vyys, mink\u00e4 ansiosta ne soveltuvat pitk\u00e4aikaiseen k\u00e4ytt\u00f6\u00f6n ankarissa olosuhteissa.<\/li>\n<li><strong>Monitoiminnallinen sopeutumiskyky:<\/strong> N\u00e4it\u00e4 sylintereit\u00e4 voidaan k\u00e4ytt\u00e4\u00e4 laajasti erityyppisiss\u00e4 koneissa, kuten kaivinkoneissa, nostureissa ja mekaanisissa puomeissa, ja ne mukautuvat erilaisiin ty\u00f6vaatimuksiin.<\/li>\n<li><strong>Helppo huolto:<\/strong> Suunnittelussa on otettu huomioon huollon ja vaihdon helppous, mik\u00e4 tekee s\u00e4\u00e4nn\u00f6llisist\u00e4 tarkastuksista ja huollosta k\u00e4tev\u00e4mpi\u00e4 ja v\u00e4hent\u00e4\u00e4 laitteiden seisokkiaikoja.<\/li>\n<\/ol>\n<p>Tuotteemme voi t\u00e4ydellisesti korvata n\u00e4m\u00e4 hydraulisylinterit. Katso seuraava kuva:<\/p>\n<p><img decoding=\"async\" src=\"https:\/\/www.hydraulic-cylinders.net\/wp-content\/uploads\/2025\/01\/songte-oil-pipes-and-spare-parts.webp\" alt=\"Hydraulisylinterien kuva\"><\/p>\n<h2>Sovellukset<\/h2>\n<p>Varsisylintereit\u00e4 k\u00e4ytet\u00e4\u00e4n useilla eri teollisuudenaloilla useisiin sovelluksiin, kuten:<\/p>\n<ol>\n<li><strong>Rakennustekniikka:<\/strong> Kaivinkoneissa ja nostureissa varsisylintereit\u00e4 k\u00e4ytet\u00e4\u00e4n kauhojen tai puomien liikkeen ohjaamiseen maanrakennuksessa, materiaalink\u00e4sittelyss\u00e4 ja rakenteellisissa asennuksissa.<\/li>\n<li><strong>Valmistus:<\/strong> Automatisoiduilla tuotantolinjoilla varsisylintereit\u00e4 k\u00e4ytet\u00e4\u00e4n mekaanisten varsien liikkeen ohjaamiseen kokoonpanossa, hitsauksessa ja materiaalink\u00e4sittelyss\u00e4, mik\u00e4 parantaa tuotannon tehokkuutta ja tarkkuutta.<\/li>\n<li><strong>Maatalouskoneet:<\/strong> Maatalouskoneissa, kuten puimureissa ja istutuskoneissa, varsisylinterit ohjaavat k\u00e4ytt\u00f6varsien liikett\u00e4 teht\u00e4vien, kuten kylv\u00f6n, lannoituksen ja sadonkorjuun, suorittamiseksi.<\/li>\n<li><strong>Kaivostoiminta:<\/strong> Kaivoslaitteissa varsisylintereit\u00e4 k\u00e4ytet\u00e4\u00e4n ohjaamaan kaivoslaitteiden varren liikett\u00e4 malmin louhinnassa ja k\u00e4sittelyss\u00e4.<\/li>\n<li><strong>Logistiikka ja kuljetus:<\/strong> Trukeissa ja robottien k\u00e4sittelyss\u00e4 varsisylintereit\u00e4 k\u00e4ytet\u00e4\u00e4n lastin nostamisen ja siirt\u00e4misen ohjaamiseen, materiaalink\u00e4sittelyn ja pinoamisen toteuttamiseen.<\/li>\n<\/ol>\n<h2>Suunnittelun\u00e4k\u00f6kohdat ja valintakriteerit<\/h2>\n<p>Varsisylinterit on suunniteltu ottaen huomioon keskeiset tekij\u00e4t, kuten:<\/p>\n<ol>\n<li><strong>Kantavuus:<\/strong> Varsisylintereill\u00e4 on oltava riitt\u00e4v\u00e4 kantavuus kest\u00e4m\u00e4\u00e4n raskaita kuormia ja varmistamaan niiden tehokas toiminta.<\/li>\n<li><strong>Tiivistys:<\/strong> K\u00e4ytet\u00e4\u00e4n erilaisia \u200b\u200btiivistekomponentteja, kuten m\u00e4nn\u00e4ntiivisteit\u00e4 ja varren tiivisteit\u00e4, ja tiivistemateriaalit, kuten polyuretaani ja nitriilikumi, on valittu kest\u00e4vyyden varmistamiseksi.<\/li>\n<li><strong>Kest\u00e4vyys:<\/strong> Varsisylinterit on valmistettu eritt\u00e4in lujista materiaaleista ja ty\u00f6stetty tarkasti niiden kulutus- ja korroosionkest\u00e4vyyden parantamiseksi.<\/li>\n<li><strong>Turvallisuus:<\/strong> Turvallisuusn\u00e4k\u00f6kohtiin kuuluu varoventtiilien ja muiden onnettomuuksien est\u00e4miseksi tarkoitettujen turvalaitteiden suunnittelu ja asennus.<\/li>\n<li><strong>Yll\u00e4pidett\u00e4vyys:<\/strong> Suunnittelussa on otettu huomioon helppo huolto ja vaihto s\u00e4\u00e4nn\u00f6llisi\u00e4 tarkastuksia ja huoltoa varten, mik\u00e4 v\u00e4hent\u00e4\u00e4 laitteiden seisokkiaikaa.<\/li>\n<\/ol>\n<p>Katso seuraava kuva:<\/p>\n<p><img decoding=\"async\" src=\"https:\/\/www.hydraulic-cylinders.net\/wp-content\/uploads\/2025\/01\/songte-cylinder-head-with-all-kinds-excavator-models.webp\" alt=\"Sylinterikannen kuva\"><\/p>\n<h2>Tiivistys ja voitelu<\/h2>\n<p>Varsisylintereiss\u00e4 k\u00e4ytet\u00e4\u00e4n erilaisia \u200b\u200btiivistyskomponentteja, kuten m\u00e4nn\u00e4ntiivisteit\u00e4 ja varren tiivisteit\u00e4, sek\u00e4 tiivistemateriaaleja, kuten polyuretaania ja nitriilikumia, kest\u00e4vyyden varmistamiseksi. Sylinterin runko ja kierteitetyt p\u00e4\u00e4typinnat on hienok\u00e4sitelty kulutuskest\u00e4vyyden parantamiseksi. Voitelua varten tarvitaan s\u00e4\u00e4nn\u00f6llist\u00e4 sopivan hydrauliikka\u00f6ljyn t\u00e4ytt\u00f6\u00e4.<\/p>\n<h2>Ennakoiva huolto ja vianm\u00e4\u00e4ritys<\/h2>\n<p>S\u00e4\u00e4nn\u00f6lliset tarkastukset ja ennaltaehk\u00e4isev\u00e4 huolto ovat v\u00e4ltt\u00e4m\u00e4tt\u00f6mi\u00e4 mahdollisten ongelmien ehk\u00e4isemiseksi. Seuraavat vinkit voivat auttaa ongelmien diagnosoinnissa ja ratkaisemisessa:<\/p>\n<h3>Yleisi\u00e4 ongelmia<\/h3>\n<ol>\n<li>Alhainen sylinterin toimintatehokkuus<\/li>\n<li>Vuotava \u00f6ljy sylinterist\u00e4<\/li>\n<li>Liiallinen sylinterimelu tai t\u00e4rin\u00e4<\/li>\n<li>Sylinterin ajautuminen<\/li>\n<li>Sylinterin muodonmuutos tai vaurioituminen<\/li>\n<\/ol>\n<h3>Vianm\u00e4\u00e4ritysmenetelm\u00e4t<\/h3>\n<ol>\n<li>Tarkista \u00f6ljyn kulkureitti ja s\u00e4\u00e4t\u00f6venttiili varmistaaksesi tasaisen \u00f6ljyn virtauksen ja oikean s\u00e4\u00e4d\u00f6n.<\/li>\n<li>Tarkista tiivistekomponentit ja vaihda ne tarvittaessa.<\/li>\n<li>Tarkista sylinterin asennuksen tarkkuus ja s\u00e4\u00e4d\u00e4 sit\u00e4.<\/li>\n<li>Tarkista hydraulij\u00e4rjestelm\u00e4n paine ja s\u00e4\u00e4d\u00e4 se sopivalle tasolle.<\/li>\n<li>Tarkista sylinterin runko ja korjaa se tai vaihda se tarvittaessa.<\/li>\n<\/ol>\n<p>Ennaltaehk\u00e4iseviin toimenpiteisiin kuuluvat kuluneiden osien s\u00e4\u00e4nn\u00f6llinen huolto ja vaihto, hydraulij\u00e4rjestelm\u00e4n asianmukainen k\u00e4ytt\u00f6 ja huolto sek\u00e4 ylikuormituksen tai ylipainek\u00e4yt\u00f6n v\u00e4ltt\u00e4minen.<\/p>\n<p>Katso seuraava kuva:<\/p>\n<p><img decoding=\"async\" src=\"https:\/\/www.hydraulic-cylinders.net\/wp-content\/uploads\/2025\/01\/songte-chushion-collar.webp\" alt=\"Chushion-kauluksen kuva\"><\/p>\n<h2>Asennusohjeet<\/h2>\n<p>Oikea asennus on ratkaisevan t\u00e4rke\u00e4\u00e4 varsivarren sylintereiden toiminnan kannalta. Seuraavat vaiheet on suoritettava:<\/p>\n<ol>\n<li>Varmista, ett\u00e4 sylinteri ja mekaaninen varsi ovat linjassa.<\/li>\n<li>Varmista, ett\u00e4 m\u00e4nn\u00e4nvarsi on asennettu oikein.<\/li>\n<li>Varmista, ett\u00e4 hydrauliikkaliitin on asennettu ja kiristetty oikein.<\/li>\n<li>Suorita toiminnallinen testi varmistaaksesi oikean toiminnan.<\/li>\n<\/ol>\n<p>Katso seuraava kuva:<\/p>\n<p><img decoding=\"async\" src=\"https:\/\/www.hydraulic-cylinders.net\/wp-content\/uploads\/2025\/01\/songte-bushings-with-all-kinds-of-excavator-models.webp\" alt=\"Holkit Kuva\"><\/p>\n<h2>Tietoa meist\u00e4<\/h2>\n<p>Olemme ammattimainen hydraulisten sylinterien valmistaja, jolla on laaja tuotevalikoima, ja olemme yksi johtavista hydraulisten sylinterien valmistajista ja tukkumyyjist\u00e4 kotimaisilla ja kansainv\u00e4lisill\u00e4 markkinoilla. Noudatamme aina erinomaisen laadun periaatetta ja luotamme hienojen valmistuspajojen tuotannonohjausstrategioihin parantaaksemme jatkuvasti teknologiaamme ja tuotantotehokkuuttamme. Ottamalla k\u00e4ytt\u00f6\u00f6n edistyneit\u00e4 digitaalisia valmistuslaitteita ja ammattimaisia \u200b\u200btestausj\u00e4rjestelmi\u00e4 optimoimme jatkuvasti valmistusymp\u00e4rist\u00f6\u00e4mme ja parannamme tuotteiden laadunvalvontaprosesseja. Tavoitteenamme on vastata asiakkaiden monipuolisiin tarpeisiin tehokkuuden, tarkkuuden ja korkean laadun periaatteilla.<\/p>\n<p>Yrityksell\u00e4mme on seuraavat edut:<\/p>\n<ul>\n<li><strong>Ammattimaisuus:<\/strong> Meill\u00e4 on kokeneiden ammattilaisten tiimi ja edistyneet valmistuslaitteet tuotteiden laadun ja tarkkuuden varmistamiseksi.<\/li>\n<li><strong>Kansainv\u00e4linen sertifiointi:<\/strong> Tuotteemme ovat l\u00e4p\u00e4isseet ISO9001-, CE- ja muut kansainv\u00e4liset sertifikaatit, mik\u00e4 takaa niiden laadun ja luotettavuuden.<\/li>\n<li><strong>R\u00e4\u00e4t\u00e4l\u00f6idyt palvelut:<\/strong> Tarjoamme r\u00e4\u00e4t\u00e4l\u00f6ityj\u00e4 palveluita asiakkaidemme erityistarpeiden ja vaatimusten t\u00e4ytt\u00e4miseksi.<\/li>\n<li><strong>Tuotantolaitteet:<\/strong> Meill\u00e4 on k\u00e4yt\u00f6ss\u00e4mme edistyneet digitaaliset tuotantolaitteet, kuten CNC-koneet ja testausj\u00e4rjestelm\u00e4t, korkealaatuisten tuotteiden varmistamiseksi.<\/li>\n<li><strong>Myynnin j\u00e4lkeinen palvelu:<\/strong> Tarjoamme kattavaa myynnin j\u00e4lkeist\u00e4 palvelua ja tukea asiakastyytyv\u00e4isyyden ja -uskollisuuden varmistamiseksi.<\/li>\n<\/ul>\n<p>Katso seuraavat kuvat:<\/p>\n<p><img decoding=\"async\" src=\"https:\/\/www.hydraulic-cylinders.net\/wp-content\/uploads\/2025\/01\/songte-company-4.webp\" alt=\"Yrityskuva 1\"><br \/>\n<img decoding=\"async\" src=\"https:\/\/www.hydraulic-cylinders.net\/wp-content\/uploads\/2025\/01\/songte-company-3.webp\" alt=\"Yrityskuva 2\"><\/p>\n<p>Lylin kirjoittama.<\/p>","protected":false},"excerpt":{"rendered":"<p>Introduction Arm Cylinder for Hyundai Wheel Excavator R160W-5 An arm cylinder is a specially designed hydraulic cylinder that is primarily used to provide linear motion and power for the arms of various types of machinery such as excavators, cranes, and mechanical arms. The arm cylinder plays a key role in the hydraulic system by enabling [&hellip;]<\/p>","protected":false},"featured_media":14766,"comment_status":"open","ping_status":"closed","template":"","meta":{"_et_pb_use_builder":"","_et_pb_old_content":"","_et_gb_content_width":""},"product_brand":[],"product_cat":[1497],"product_tag":[1498,1496],"class_list":{"0":"post-16262","1":"product","2":"type-product","3":"status-publish","4":"has-post-thumbnail","6":"product_cat-arm-cylinders","7":"product_tag-arm-cylinders","8":"product_tag-hydraulic-cylinders","10":"first","11":"instock","12":"shipping-taxable","13":"product-type-simple"},"amp_enabled":true,"_links":{"self":[{"href":"https:\/\/www.hydraulic-cylinders.net\/fi\/wp-json\/wp\/v2\/product\/16262","targetHints":{"allow":["GET"]}}],"collection":[{"href":"https:\/\/www.hydraulic-cylinders.net\/fi\/wp-json\/wp\/v2\/product"}],"about":[{"href":"https:\/\/www.hydraulic-cylinders.net\/fi\/wp-json\/wp\/v2\/types\/product"}],"replies":[{"embeddable":true,"href":"https:\/\/www.hydraulic-cylinders.net\/fi\/wp-json\/wp\/v2\/comments?post=16262"}],"wp:featuredmedia":[{"embeddable":true,"href":"https:\/\/www.hydraulic-cylinders.net\/fi\/wp-json\/wp\/v2\/media\/14766"}],"wp:attachment":[{"href":"https:\/\/www.hydraulic-cylinders.net\/fi\/wp-json\/wp\/v2\/media?parent=16262"}],"wp:term":[{"taxonomy":"product_brand","embeddable":true,"href":"https:\/\/www.hydraulic-cylinders.net\/fi\/wp-json\/wp\/v2\/product_brand?post=16262"},{"taxonomy":"product_cat","embeddable":true,"href":"https:\/\/www.hydraulic-cylinders.net\/fi\/wp-json\/wp\/v2\/product_cat?post=16262"},{"taxonomy":"product_tag","embeddable":true,"href":"https:\/\/www.hydraulic-cylinders.net\/fi\/wp-json\/wp\/v2\/product_tag?post=16262"}],"curies":[{"name":"wp","href":"https:\/\/api.w.org\/{rel}","templated":true}]}}