{"id":16342,"date":"2025-01-20T09:07:26","date_gmt":"2025-01-20T09:07:26","guid":{"rendered":"https:\/\/www.hydraulic-cylinders.net\/product\/arm-cylinderfor-volvo-wheel-excavator-ew60c\/"},"modified":"2025-01-20T09:07:28","modified_gmt":"2025-01-20T09:07:28","slug":"arm-cylinderfor-volvo-wheel-excavator-ew60c","status":"publish","type":"product","link":"https:\/\/www.hydraulic-cylinders.net\/fi\/tuote\/arm-cylinderfor-volvo-wheel-excavator-ew60c\/","title":{"rendered":"Varren sylinteri Volvon py\u00f6r\u00e4kaivukoneeseen EW60C"},"content":{"rendered":"<p>Volvo EW60C -py\u00f6r\u00e4kaivukoneen varren sylinteri<\/p>\n<p>Johdanto<\/p>\n<p>Varren sylinteri on erikoishydraulinen sylinteri, joka on suunniteltu tarjoamaan lineaarista liikett\u00e4 ja voimaa erilaisten koneiden, kuten kaivinkoneiden, nostureiden ja mekaanisten varsien, varsille. Varren sylinterill\u00e4 on ratkaiseva rooli hydraulij\u00e4rjestelm\u00e4ss\u00e4, sill\u00e4 se mahdollistaa lis\u00e4laitteiden tai lis\u00e4varusteiden tehokkaan liikkumisen ja ohjauksen. N\u00e4m\u00e4 sylinterit eiv\u00e4t ainoastaan \u200b\u200bsaavuta tasaista liikett\u00e4, vaan ne kest\u00e4v\u00e4t my\u00f6s raskaita kuormia, mik\u00e4 varmistaa koneiden tehokkaan toiminnan ja luotettavuuden erilaisissa ty\u00f6olosuhteissa.<\/p>\n<p>M\u00e4\u00e4ritelm\u00e4 ja selitys<\/p>\n<p>Varren sylinteri on hydraulij\u00e4rjestelm\u00e4n osa, joka k\u00e4ytt\u00e4\u00e4 koneen vartta. Se on er\u00e4\u00e4nlainen hydraulisylinteri, joka muuntaa hydraulisen energian lineaariseksi liikkeeksi ja voimaksi. Sylinteri koostuu m\u00e4nn\u00e4st\u00e4, m\u00e4nn\u00e4nvarresta, sylinteriputkesta ja p\u00e4\u00e4tykappaleista. Kun paineistettua hydraulinestett\u00e4 kohdistetaan m\u00e4nn\u00e4n toiselle puolelle, se liikuttaa ja k\u00e4ytt\u00e4\u00e4 m\u00e4nn\u00e4nvartta, joka puolestaan \u200b\u200btarjoaa lineaarisen liikkeen koneen varrelle. Varren sylinteri on v\u00e4ltt\u00e4m\u00e4t\u00f6n erilaisten koneiden, kuten kaivinkoneiden, nostureiden ja mekaanisten varsien, toiminnalle, ja sill\u00e4 on ratkaiseva rooli niiden korkean hy\u00f6tysuhteen ja luotettavuuden varmistamisessa.<\/p>\n<p><img decoding=\"async\" src=\"https:\/\/www.hydraulic-cylinders.net\/wp-content\/uploads\/2025\/01\/songte-company-2.webp\" alt=\"Volvon py\u00f6r\u00e4kaivukoneen EW60C varren sylinteri (kuva)\"><\/p>\n<p>Ominaisuudet<\/p>\n<p>Tehokas voimansiirto: Varren sylinteri tarjoaa tehokkaan lineaarisen liikkeen ja voiman, mik\u00e4 varmistaa mekaanisen varren tehokkaan suorituskyvyn erilaisissa toiminnoissa.<\/p>\n<p>Tarkka ohjaus: Hydraulisen j\u00e4rjestelm\u00e4n avulla varren sylinteri voi saavuttaa tarkan liikkeenohjauksen, mik\u00e4 tekee lis\u00e4laitteiden k\u00e4yt\u00f6st\u00e4 joustavampaa ja tarkempaa.<\/p>\n<p>Vahva kest\u00e4vyys: Varsisylinterit on yleens\u00e4 valmistettu eritt\u00e4in lujista materiaaleista, jotka tarjoavat hyv\u00e4n kulutuskest\u00e4vyyden ja korroosionkest\u00e4vyyden ja soveltuvat pitk\u00e4aikaiseen k\u00e4ytt\u00f6\u00f6n ankarissa olosuhteissa.<\/p>\n<p>Monipuolinen mukautuvuus: N\u00e4it\u00e4 sylintereit\u00e4 voidaan k\u00e4ytt\u00e4\u00e4 laajasti erityyppisiss\u00e4 koneissa, kuten kaivinkoneissa, nostureissa ja mekaanisissa k\u00e4sivarsissa, erilaisten ty\u00f6vaatimusten t\u00e4ytt\u00e4miseksi.<\/p>\n<p>Helppo huolto: Suunniteltu helppoa huoltoa ja vaihtoa varten, s\u00e4\u00e4nn\u00f6llisest\u00e4 tarkastuksesta ja huollosta on tullut k\u00e4tev\u00e4mp\u00e4\u00e4, mik\u00e4 v\u00e4hent\u00e4\u00e4 laitteiden seisokkiaikaa.<\/p>\n<p>Tuotantomme<\/p>\n<p>Varsi-sylinterituotteemme voi t\u00e4ydellisesti korvata n\u00e4m\u00e4 hydraulisylinterit.<\/p>\n<p><img decoding=\"async\" src=\"https:\/\/www.hydraulic-cylinders.net\/wp-content\/uploads\/2025\/01\/songte-oil-pipes-and-spare-parts.webp\" alt=\"Volvon py\u00f6r\u00e4kaivukoneen EW60C varren sylinteri (kuva)\"><\/p>\n<p>Sovellukset<\/p>\n<p>Rakentaminen: Kaivinkoneissa ja nostureissa varren sylinteri\u00e4 k\u00e4ytet\u00e4\u00e4n kauhan tai puomin liikkeen ohjaamiseen maanrakennuksessa, materiaalink\u00e4sittelyss\u00e4 ja rakenteellisessa asennuksessa.<\/p>\n<p>Valmistava teollisuus: Automatisoiduilla tuotantolinjoilla varren sylinteri\u00e4 k\u00e4ytet\u00e4\u00e4n mekaanisen varren liikuttamiseen kokoonpano-, hitsaus- ja materiaalink\u00e4sittelyprosesseissa, mik\u00e4 parantaa tuotannon tehokkuutta ja tarkkuutta.<\/p>\n<p>Maatalouskoneet: Maatalouskoneissa, kuten puimureissa ja kylv\u00f6koneissa, varren sylinteri ohjaa k\u00e4ytt\u00f6varren liikett\u00e4 ja suorittaa teht\u00e4vi\u00e4, kuten kylv\u00f6\u00e4, lannoitusta ja sadonkorjuuta.<\/p>\n<p>Kaivostoiminta: Kaivoslaitteissa varren sylinteri\u00e4 k\u00e4ytet\u00e4\u00e4n kaivoslaitteiden varren liikkeen ohjaamiseen, malmin louhintaan ja kuljetukseen.<\/p>\n<p>Logistiikka ja kuljetus: Trukeissa ja robottien k\u00e4sittelyss\u00e4 varren sylinteri\u00e4 k\u00e4ytet\u00e4\u00e4n haarukoiden nostamisen ja liikkeen ohjaamiseen, mik\u00e4 mahdollistaa materiaalien k\u00e4sittelyn ja pinoamisen.<\/p>\n<p>Suunnittelun\u00e4k\u00f6kohdat ja valintakriteerit<\/p>\n<p>Kuormituskapasiteetti: Varren sylinterin on oltava riitt\u00e4v\u00e4n kantokykyinen kest\u00e4m\u00e4\u00e4n koneen ja lis\u00e4laitteiden painon ja rasituksen.<\/p>\n<p>Tiivistys: Varren sylinterin on oltava hyvin tiivis, jotta estet\u00e4\u00e4n hydraulinesteen vuotaminen ja varmistetaan hydraulij\u00e4rjestelm\u00e4n normaali toiminta.<\/p>\n<p>Kest\u00e4vyys: Varren sylinterin on oltava kest\u00e4v\u00e4 ja sill\u00e4 on oltava erinomainen kulutuskest\u00e4vyys ja korroosionkest\u00e4vyys, ja sen on sovelluttava k\u00e4ytett\u00e4v\u00e4ksi vaativissa olosuhteissa.<\/p>\n<p>Turvallisuus: Varren sylinterin on oltava suunniteltu turvaominaisuuksilla, jotka varmistavat henkil\u00f6st\u00f6n ja koneiden turvallisuuden k\u00e4yt\u00f6n aikana.<\/p>\n<p>Huolto: Varren sylinterin on oltava helposti huollettavissa ja vaihdettavissa, mik\u00e4 tekee s\u00e4\u00e4nn\u00f6llisest\u00e4 tarkastuksesta ja huollosta k\u00e4tev\u00e4mp\u00e4\u00e4 ja v\u00e4hent\u00e4\u00e4 laitteiden seisokkiaikaa.<\/p>\n<p><img decoding=\"async\" src=\"https:\/\/www.hydraulic-cylinders.net\/wp-content\/uploads\/2025\/01\/songte-cylinder-head-with-all-kinds-excavator-models.webp\" alt=\"Volvon py\u00f6r\u00e4kaivukoneen EW60C varren sylinteri (kuva)\"><\/p>\n<p>Tiivistys ja voitelu<\/p>\n<p>K\u00e4ytet\u00e4\u00e4n erilaisia \u200b\u200btiivistyselementtej\u00e4, kuten m\u00e4nn\u00e4ntiivisteit\u00e4 ja varren tiivisteit\u00e4, ja valitaan kulutusta kest\u00e4vi\u00e4 materiaaleja, kuten polyuretaania ja nitriilikumia. Sylinterin runko ja kierteiden p\u00e4\u00e4typinnat on hienok\u00e4sitelty kulutuskest\u00e4vyyden parantamiseksi. Hydraulij\u00e4rjestelm\u00e4n normaalin toiminnan varmistamiseksi on tarpeen lis\u00e4t\u00e4 s\u00e4\u00e4nn\u00f6llisesti sopiva m\u00e4\u00e4r\u00e4 hydrauli\u00f6ljy\u00e4 sylinterin voiteluun.<\/p>\n<p>Huolto- ja varotoimenpiteet<\/p>\n<p>Varren sylinterin s\u00e4\u00e4nn\u00f6llinen tarkastus ja huolto ovat v\u00e4ltt\u00e4m\u00e4tt\u00f6mi\u00e4 koneiston normaalin toiminnan varmistamiseksi. Joitakin varotoimenpiteit\u00e4 ovat:<\/p>\n<p>\u2013 Tarkista s\u00e4\u00e4nn\u00f6llisesti hydrauliikka\u00f6ljyn m\u00e4\u00e4r\u00e4 ja laatu varmistaaksesi, ett\u00e4 \u00f6ljy t\u00e4ytt\u00e4\u00e4 vaatimukset.<\/p>\n<p>\u2013 Tarkista sylinteriputken ja m\u00e4nn\u00e4nvarren kuluminen ja vauriot ja vaihda ne ajoissa.<\/p>\n<p>\u2013 Tarkista tiivisteet vaurioiden ja vuotojen varalta ja vaihda ne ajoissa.<\/p>\n<p>\u2013 Puhdista sylinterin runko ja m\u00e4nn\u00e4nvarsi s\u00e4\u00e4nn\u00f6llisesti liasta ja roskista.<\/p>\n<p>\u2013 Noudata valmistajan huolto- ja korjausohjeita.<\/p>\n<p>Asennusopas<\/p>\n<p>Seuraavat vaiheet asennetaan varren sylinteriin:<\/p>\n<p>\u2013 Valmistele asennuspaikka ja ty\u00f6kalut.<\/p>\n<p>\u2013 Aseta sylinteri kiinnityspinnalle ja kohdista pultinrei\u00e4t.<\/p>\n<p>\u2013 Kirist\u00e4 pultit ilmoitettuun v\u00e4\u00e4nt\u00f6momenttiin.<\/p>\n<p>\u2013 Liit\u00e4 hydrauliletkut ja -liittimet.<\/p>\n<p>\u2013 T\u00e4yt\u00e4 hydrauliikkaj\u00e4rjestelm\u00e4 suositellulla hydrauliikka\u00f6ljyll\u00e4.<\/p>\n<p>\u2013 Testaa sylinterin vuodot ja toiminta.<\/p>\n<p><img decoding=\"async\" src=\"https:\/\/www.hydraulic-cylinders.net\/wp-content\/uploads\/2025\/01\/songte-bushings-with-all-kinds-of-excavator-models.webp\" alt=\"Volvon py\u00f6r\u00e4kaivukoneen EW60C varren sylinteri (kuva)\"><\/p>\n<p>Turvallisuusn\u00e4k\u00f6kohdat ja ymp\u00e4rist\u00f6tekij\u00e4t<\/p>\n<p>Varren sylinterin asennuksen ja k\u00e4yt\u00f6n aikana on noudatettava turvatoimenpiteit\u00e4. Joitakin turvatoimenpiteit\u00e4 ovat:<\/p>\n<p>\u2013 K\u00e4yt\u00e4 suojavarusteita, kuten k\u00e4sineit\u00e4 ja suojalaseja.<\/p>\n<p>\u2013 K\u00e4yt\u00e4 asianmukaisia \u200b\u200bnostov\u00e4lineit\u00e4 loukkaantumisten v\u00e4ltt\u00e4miseksi.<\/p>\n<p>\u2013 Ole varovainen ty\u00f6skennelless\u00e4si hydrauliikkaj\u00e4rjestelmien l\u00e4hell\u00e4 v\u00e4ltt\u00e4\u00e4ksesi korkeapaineisen nesteen aiheuttamat vammat.<\/p>\n<p>\u2013 Noudata valmistajan ohjeita turvallisen k\u00e4yt\u00f6n varmistamiseksi.<\/p>\n<p>Ymp\u00e4rist\u00f6tekij\u00e4t, kuten l\u00e4mp\u00f6tila, kosteus ja korroosio, on my\u00f6s otettava huomioon varren sylinterin valmistuksen ja valinnan aikana.<\/p>\n<p>Vianm\u00e4\u00e4ritys ja yleiset ongelmat<\/p>\n<p>Joitakin yleisi\u00e4 vivustongelmia ovat tiivisteiden, sylinterin ja m\u00e4nn\u00e4nvarren vuodot, kuluminen ja vaurioituminen. Seuraavassa on vinkkej\u00e4 n\u00e4iden ongelmien vianm\u00e4\u00e4ritykseen ja ratkaisemiseen:<\/p>\n<p>\u2013 Tarkista hydrauliikka\u00f6ljyn m\u00e4\u00e4r\u00e4 ja laatu ja lis\u00e4\u00e4 tai vaihda \u00f6ljy\u00e4 tarvittaessa.<\/p>\n<p>\u2013 Tarkista tiivisteet vaurioiden ja vuotojen varalta ja vaihda ne ajoissa.<\/p>\n<p>\u2013 Tarkista sylinteriputken ja m\u00e4nn\u00e4nvarren kuluminen ja vauriot ja vaihda ne ajoissa.<\/p>\n<p>\u2013 Tarkista hydrauliletkut ja -liittimet vuotojen ja vaurioiden varalta ja vaihda ne ajoissa.<\/p>\n<p>Ennaltaehk\u00e4isev\u00e4t toimenpiteet, kuten s\u00e4\u00e4nn\u00f6llinen tarkastus ja huolto, voivat auttaa minimoimaan mahdolliset ongelmat ja pident\u00e4\u00e4 varren sylinterin k\u00e4ytt\u00f6ik\u00e4\u00e4.<\/p>\n<p><img decoding=\"async\" src=\"https:\/\/www.hydraulic-cylinders.net\/wp-content\/uploads\/2025\/01\/songte-chushion-collar.webp\" alt=\"Volvon py\u00f6r\u00e4kaivukoneen EW60C varren sylinteri (kuva)\"><\/p>\n<p>Yrityksen esittely<\/p>\n<p>Olemme ammattimainen vaihtoehtoisten hydraulisylinterien valmistaja, jolla on laaja tuotevalikoima. Meist\u00e4 on tullut yksi johtavista hydraulisylinterien valmistajista ja tukkumyyjist\u00e4 kotimaisilla ja kansainv\u00e4lisill\u00e4 markkinoilla. Noudatamme aina erinomaisen laadun periaatetta, luotamme teollistettuihin tuotannonohjausstrategioihin ja parannamme jatkuvasti teknist\u00e4 tasoamme ja tuotantotehokkuuttamme. Huippuluokan digitaalisten valmistuslaitteiden ja ammattimaisten testausj\u00e4rjestelmien k\u00e4ytt\u00f6\u00f6noton avulla optimoimme jatkuvasti valmistusymp\u00e4rist\u00f6\u00e4mme, parannamme tuotteidemme laadunvalvontaprosessia ja meill\u00e4 on vahvat innovaatiokyvyt. Tavoitteenamme on vastata asiakkaidemme monipuolisiin tarpeisiin korkean tehokkuuden, tarkkuuden ja korkealaatuisten periaatteiden mukaisesti.<\/p>\n<p>Yrityksemme tarjoaa ammattimaisia \u200b\u200br\u00e4\u00e4t\u00e4l\u00f6intipalveluita, ja tuotteemme ovat l\u00e4p\u00e4isseet kansainv\u00e4liset sertifikaatit, kuten CE ja ISO9001. Meill\u00e4 on edistyneet tuotantolaitteet ja testauslaitteet, kuten CNC-sorvit, ty\u00f6st\u00f6keskukset ja hydraulisylinterien testauslaitteet. My\u00f6s j\u00e4lkimarkkinointipalvelumme on erinomaista, ja tarjoamme asiakkaillemme oikea-aikaista ja tehokasta teknist\u00e4 tukea ja huoltopalveluita.<\/p>\n<p><img decoding=\"async\" src=\"https:\/\/www.hydraulic-cylinders.net\/wp-content\/uploads\/2025\/01\/songte-company-4.webp\" alt=\"Volvon py\u00f6r\u00e4kaivukoneen EW60C varren sylinteri (kuva)\"><br \/>\n<img decoding=\"async\" src=\"https:\/\/www.hydraulic-cylinders.net\/wp-content\/uploads\/2025\/01\/songte-company-3.webp\" alt=\"Volvon py\u00f6r\u00e4kaivukoneen EW60C varren sylinteri (kuva)\"><\/p>\n<p>Kirjoittaja: lyl.<\/p>","protected":false},"excerpt":{"rendered":"<p>Arm Cylinder for Volvo Wheel Excavator EW60C Introduction Arm cylinder is a specialized hydraulic cylinder designed to provide linear motion and power to the arms of various types of machinery, such as excavators, cranes, and mechanical arms. The arm cylinder plays a crucial role in the hydraulic system, allowing attachments or accessories to move and [&hellip;]<\/p>","protected":false},"featured_media":14766,"comment_status":"open","ping_status":"closed","template":"","meta":{"_et_pb_use_builder":"","_et_pb_old_content":"","_et_gb_content_width":""},"product_brand":[],"product_cat":[1497],"product_tag":[1498,1496],"class_list":{"0":"post-16342","1":"product","2":"type-product","3":"status-publish","4":"has-post-thumbnail","6":"product_cat-arm-cylinders","7":"product_tag-arm-cylinders","8":"product_tag-hydraulic-cylinders","10":"first","11":"instock","12":"shipping-taxable","13":"product-type-simple"},"amp_enabled":true,"_links":{"self":[{"href":"https:\/\/www.hydraulic-cylinders.net\/fi\/wp-json\/wp\/v2\/product\/16342","targetHints":{"allow":["GET"]}}],"collection":[{"href":"https:\/\/www.hydraulic-cylinders.net\/fi\/wp-json\/wp\/v2\/product"}],"about":[{"href":"https:\/\/www.hydraulic-cylinders.net\/fi\/wp-json\/wp\/v2\/types\/product"}],"replies":[{"embeddable":true,"href":"https:\/\/www.hydraulic-cylinders.net\/fi\/wp-json\/wp\/v2\/comments?post=16342"}],"wp:featuredmedia":[{"embeddable":true,"href":"https:\/\/www.hydraulic-cylinders.net\/fi\/wp-json\/wp\/v2\/media\/14766"}],"wp:attachment":[{"href":"https:\/\/www.hydraulic-cylinders.net\/fi\/wp-json\/wp\/v2\/media?parent=16342"}],"wp:term":[{"taxonomy":"product_brand","embeddable":true,"href":"https:\/\/www.hydraulic-cylinders.net\/fi\/wp-json\/wp\/v2\/product_brand?post=16342"},{"taxonomy":"product_cat","embeddable":true,"href":"https:\/\/www.hydraulic-cylinders.net\/fi\/wp-json\/wp\/v2\/product_cat?post=16342"},{"taxonomy":"product_tag","embeddable":true,"href":"https:\/\/www.hydraulic-cylinders.net\/fi\/wp-json\/wp\/v2\/product_tag?post=16342"}],"curies":[{"name":"wp","href":"https:\/\/api.w.org\/{rel}","templated":true}]}}