{"id":16343,"date":"2025-01-20T09:07:31","date_gmt":"2025-01-20T09:07:31","guid":{"rendered":"https:\/\/www.hydraulic-cylinders.net\/product\/arm-cylinderfor-volvo-wheel-excavator-ew145bp\/"},"modified":"2025-01-20T09:07:33","modified_gmt":"2025-01-20T09:07:33","slug":"arm-cylinderfor-volvo-wheel-excavator-ew145bp","status":"publish","type":"product","link":"https:\/\/www.hydraulic-cylinders.net\/fi\/tuote\/arm-cylinderfor-volvo-wheel-excavator-ew145bp\/","title":{"rendered":"Varren sylinteri Volvon py\u00f6r\u00e4kaivukoneeseen EW145BP"},"content":{"rendered":"<p>Volvon py\u00f6r\u00e4kaivukoneen EW145BP varren sylinteri: Mit\u00e4 sinun tulee tiet\u00e4\u00e4<\/p>\n<h2>Johdanto<\/h2>\n<h3>Volvon py\u00f6r\u00e4kaivukoneen EW145BP varren sylinterin m\u00e4\u00e4rittely<\/h3>\n<p>Varren sylinteri on erityisesti suunniteltu hydraulisylinteri, jota k\u00e4ytet\u00e4\u00e4n ensisijaisesti lineaarisen liikkeen ja voiman tuottamiseen erilaisten koneiden, kuten kaivinkoneiden, nostureiden ja robottivarsien, varsille. Varren sylintereill\u00e4 on ratkaiseva rooli hydraulij\u00e4rjestelmiss\u00e4, sill\u00e4 ne mahdollistavat lis\u00e4laitteiden tai lis\u00e4varusteiden tehokkaan liikkumisen ja ohjauksen. N\u00e4m\u00e4 sylinterit eiv\u00e4t ainoastaan \u200b\u200bmahdollista tasaista liikett\u00e4, vaan ne pystyv\u00e4t my\u00f6s k\u00e4sittelem\u00e4\u00e4n raskaita kuormia varmistaen koneiden tehokkaan toiminnan ja luotettavuuden erilaisissa ty\u00f6olosuhteissa.<\/p>\n<p><img decoding=\"async\" src=\"https:\/\/www.hydraulic-cylinders.net\/wp-content\/uploads\/2025\/01\/songte-company-2.webp\" alt=\"Varren sylinterin kuva\"><\/p>\n<h3>Volvon py\u00f6r\u00e4kaivukoneen EW145BP varren sylinterin ominaisuudet<\/h3>\n<p>Varsisylintereiss\u00e4 on useita ominaisuuksia, jotka tekev\u00e4t niist\u00e4 ihanteellisia k\u00e4ytett\u00e4v\u00e4ksi erilaisissa koneissa. T\u00e4ss\u00e4 on joitakin t\u00e4rkeimmist\u00e4 ominaisuuksista:<\/p>\n<ul>\n<li><strong>Tehokas vaihteisto:<\/strong> Varren sylinterit tarjoavat tehokkaan lineaarisen liikkeen ja voiman, mik\u00e4 varmistaa korkean suorituskyvyn ja tehokkuuden erilaisissa toiminnoissa.<\/li>\n<li><strong>Tarkka ohjaus:<\/strong> Hydraulisten j\u00e4rjestelmien avulla varsisylinterit voivat saavuttaa tarkan liikkeenohjauksen, mik\u00e4 tekee lis\u00e4ty\u00f6kalujen k\u00e4yt\u00f6st\u00e4 joustavampaa ja tarkempaa.<\/li>\n<li><strong>Vahva kest\u00e4vyys:<\/strong> Varsisylinterit on yleens\u00e4 valmistettu eritt\u00e4in lujista materiaaleista, joilla on hyv\u00e4 kulutuskest\u00e4vyys ja korroosionkest\u00e4vyys, mik\u00e4 tekee niist\u00e4 sopivia pitk\u00e4aikaiseen k\u00e4ytt\u00f6\u00f6n ankarissa olosuhteissa.<\/li>\n<li><strong>Monitoiminnallinen sopeutumiskyky:<\/strong> N\u00e4it\u00e4 sylintereit\u00e4 voidaan k\u00e4ytt\u00e4\u00e4 laajalti erityyppisiss\u00e4 koneissa, kuten kaivinkoneissa, nostureissa ja robottik\u00e4sivarsissa, erilaisten ty\u00f6vaatimusten t\u00e4ytt\u00e4miseksi.<\/li>\n<li><strong>Helppo huolto:<\/strong> Varren sylinterit on suunniteltu helppok\u00e4ytt\u00f6isiksi huollettaviksi ja vaihdettaviksi, mik\u00e4 tekee s\u00e4\u00e4nn\u00f6llisest\u00e4 tarkastuksesta ja huollosta k\u00e4tev\u00e4mp\u00e4\u00e4 ja v\u00e4hent\u00e4\u00e4 laitteiden seisokkiaikaa.<\/li>\n<\/ul>\n<p>Tuotteemme voivat t\u00e4ydellisesti korvata n\u00e4m\u00e4 hydraulisylinterit. Tarjoamme laajan valikoiman varaosia, kuten \u00f6ljyputkia ja holkkeja, vastaamaan asiakkaidemme monipuolisiin tarpeisiin.<\/p>\n<p><img decoding=\"async\" src=\"https:\/\/www.hydraulic-cylinders.net\/wp-content\/uploads\/2025\/01\/songte-oil-pipes-and-spare-parts.webp\" alt=\"Hydraulisylinterin varaosat\"><\/p>\n<h3>Volvon py\u00f6r\u00e4kaivukoneen EW145BP varren sylinterin sovellukset<\/h3>\n<p>Varsisylintereit\u00e4 voidaan k\u00e4ytt\u00e4\u00e4 erityyppisiss\u00e4 koneissa eri teollisuudenaloilla, mukaan lukien:<\/p>\n<ul>\n<li><strong>Rakentaminen:<\/strong> Kaivinkoneissa ja nostureissa varsisylintereit\u00e4 k\u00e4ytet\u00e4\u00e4n kauhan tai puomin liikkeen ohjaamiseen maanrakennuksessa, materiaalink\u00e4sittelyss\u00e4 ja rakenteellisissa asennuksissa.<\/li>\n<li><strong>Valmistus:<\/strong> Automatisoiduilla tuotantolinjoilla varsisylintereit\u00e4 k\u00e4ytet\u00e4\u00e4n robottik\u00e4sivarsien liikuttamiseen kokoonpanoa, hitsausta ja materiaalink\u00e4sittely\u00e4 varten, mik\u00e4 parantaa tuotannon tehokkuutta ja tarkkuutta.<\/li>\n<li><strong>Maatalouskoneet:<\/strong> Maatalouskoneissa, kuten puimureissa ja istutuskoneissa, varsisylinterit ohjaavat k\u00e4ytt\u00f6varsien liikett\u00e4 esimerkiksi kylv\u00f6n, lannoituksen ja sadonkorjuun yhteydess\u00e4.<\/li>\n<li><strong>Kaivostoiminta:<\/strong> Kaivoslaitteissa varsi-sylintereit\u00e4 k\u00e4ytet\u00e4\u00e4n kaivoslaitteiden varren liikkeen ohjaamiseen kaivostoiminnassa ja materiaalink\u00e4sittelyss\u00e4.<\/li>\n<li><strong>Logistiikka ja kuljetus:<\/strong> Trukeissa ja robottien k\u00e4sittelyss\u00e4 varsisylintereit\u00e4 k\u00e4ytet\u00e4\u00e4n tavaroiden nostamisen ja siirt\u00e4misen ohjaamiseen, mik\u00e4 mahdollistaa materiaalien k\u00e4sittelyn ja pinoamisen.<\/li>\n<\/ul>\n<h2>Suunnittelun\u00e4k\u00f6kohdat ja valintakriteerit<\/h2>\n<h3>Suunnittelun\u00e4k\u00f6kohdat<\/h3>\n<p>Sylintereiden suunnittelussa on otettava huomioon useita tekij\u00f6it\u00e4, mukaan lukien:<\/p>\n<ul>\n<li><strong>Kantavuus:<\/strong> Varren sylinterit tulee suunnitella kest\u00e4m\u00e4\u00e4n tiettyjen toimintojen vaatima suurin kuormitus ja paine.<\/li>\n<li><strong>Tiivistys:<\/strong> Erilaiset tiivistyskomponentit, kuten m\u00e4nn\u00e4ntiivisteet ja varren tiivisteet, on valittava ja asennettava oikein sylinterin ilmatiiveyden ja vuotojen varalta.<\/li>\n<li><strong>Kest\u00e4vyys:<\/strong> Varsisylinterien tulee olla valmistettu eritt\u00e4in lujista materiaaleista ja niille tulee tehd\u00e4 perusteellinen l\u00e4mp\u00f6k\u00e4sittely niiden kulutuskest\u00e4vyyden ja korroosionkest\u00e4vyyden parantamiseksi.<\/li>\n<li><strong>Turvallisuus:<\/strong> Sylinterin suunnittelussa tulisi asettaa etusijalle turvallisuus, mukaan lukien ylipainesuojaus ja sylinterin liikkeest\u00e4 mahdollisten vaarojen v\u00e4ltt\u00e4minen.<\/li>\n<li><strong>Yll\u00e4pidett\u00e4vyys:<\/strong> Varsisylinterit tulisi suunnitella helposti purettaviksi, tarkastettaviksi ja huollettaviksi, mik\u00e4 v\u00e4hent\u00e4\u00e4 seisokkiaikaa ja yll\u00e4pitokustannuksia.<\/li>\n<\/ul>\n<p><img decoding=\"async\" src=\"https:\/\/www.hydraulic-cylinders.net\/wp-content\/uploads\/2025\/01\/songte-cylinder-head-with-all-kinds-excavator-models.webp\" alt=\"Sylinterikannen kuva\"><\/p>\n<h3>Tiivistys ja voitelu<\/h3>\n<p>Varsisylinterit tarvitsevat erilaisia \u200b\u200btiivistyskomponentteja, kuten m\u00e4nn\u00e4ntiivisteit\u00e4 ja varren tiivisteit\u00e4, ilmavuotojen est\u00e4miseksi ja sylinterin ilmatiiveyden varmistamiseksi. N\u00e4iden tiivistyskomponenttien tulisi olla valmistettu kulutusta kest\u00e4vist\u00e4 materiaaleista, kuten polyuretaanista ja nitriilikumista, jotta sylinteri kest\u00e4\u00e4 suuria kuormia ja toimii tehokkaasti ankarissa olosuhteissa. Sylinterin runko ja kierteitetty p\u00e4\u00e4typinta tulisi k\u00e4sitell\u00e4 hienostuneesti niiden kulutuskest\u00e4vyyden parantamiseksi.<\/p>\n<p>Sylinteri on my\u00f6s voideltava s\u00e4\u00e4nn\u00f6llisesti, ja sylinteriin on lis\u00e4tt\u00e4v\u00e4 asianmukainen m\u00e4\u00e4r\u00e4 hydrauliikka\u00f6ljy\u00e4. Sylinterin ylit\u00e4ytt\u00f6 tai alit\u00e4ytt\u00f6 voi vahingoittaa sylinteri\u00e4 ja heikent\u00e4\u00e4 sen suorituskyky\u00e4.<\/p>\n<h3>Huolto ja ennaltaehk\u00e4isev\u00e4t toimenpiteet<\/h3>\n<p>Varren sylinterin pitk\u00e4ik\u00e4isyyden ja optimaalisen suorituskyvyn varmistamiseksi on suoritettava s\u00e4\u00e4nn\u00f6llisi\u00e4 tarkastuksia ja ennaltaehk\u00e4isev\u00e4\u00e4 huoltoa. T\u00e4ss\u00e4 on joitakin harkittavia ennaltaehk\u00e4isevi\u00e4 toimenpiteit\u00e4:<\/p>\n<ul>\n<li>Tarkista ja vaihda tiivistekomponentit s\u00e4\u00e4nn\u00f6llisesti vuotojen est\u00e4miseksi ja sylinterin k\u00e4ytt\u00f6i\u00e4n pident\u00e4miseksi.<\/li>\n<li>Puhdista sylinteri s\u00e4\u00e4nn\u00f6llisesti est\u00e4\u00e4ksesi p\u00f6lyn ja muiden vieraiden aineiden p\u00e4\u00e4syn sylinteriin.<\/li>\n<li>Tarkasta m\u00e4nn\u00e4nvarsi mahdollisten vaurioiden tai taipumien varalta ja vaihda se tarvittaessa v\u00e4litt\u00f6m\u00e4sti.<\/li>\n<li>Est\u00e4 sylinterin ylikuormitus ja ylikuumeneminen, jotta sylinteri ja koneet eiv\u00e4t vahingoitu.<\/li>\n<li>Pid\u00e4 hydrauliikka\u00f6ljy puhtaana ja vaihda se s\u00e4\u00e4nn\u00f6llisesti sylinterin optimaalisen suorituskyvyn yll\u00e4pit\u00e4miseksi.<\/li>\n<\/ul>\n<p><img decoding=\"async\" src=\"https:\/\/www.hydraulic-cylinders.net\/wp-content\/uploads\/2025\/01\/songte-chushion-collar.webp\" alt=\"Tyynykauluksen kuva\"><\/p>\n<h3>Asennusopas<\/h3>\n<p>Asenna varren sylinteri seuraavasti:<\/p>\n<ol>\n<li>Varmista, ett\u00e4 sylinterin malli vastaa koneen mallia ja teknisi\u00e4 tietoja.<\/li>\n<li>Puhdista koneen kiinnityskohtien pinta.<\/li>\n<li>Asenna sylinteri koneistoon varmistaen, ett\u00e4 sylinteri on vaakasuorassa ja oikein kohdistettu.<\/li>\n<li>Kiinnit\u00e4 sylinteri koneistoon pulteilla tai ruuveilla, joilla on oikea v\u00e4\u00e4nt\u00f6momentti.<\/li>\n<li>Tarkista sylinterin liike varmistaaksesi, ett\u00e4 se toimii tasaisesti ja tehokkaasti.<\/li>\n<\/ol>\n<p><img decoding=\"async\" src=\"https:\/\/www.hydraulic-cylinders.net\/wp-content\/uploads\/2025\/01\/songte-bushings-with-all-kinds-of-excavator-models.webp\" alt=\"Holkit Kuva\"><\/p>\n<h3>Turvallisuus- ja ymp\u00e4rist\u00f6n\u00e4k\u00f6kohdat<\/h3>\n<p>Varsisylintereit\u00e4 k\u00e4ytett\u00e4ess\u00e4 on toteutettava turvatoimenpiteit\u00e4 mahdollisten vaarojen v\u00e4ltt\u00e4miseksi. Turvatoimenpiteisiin kuuluvat:<\/p>\n<ul>\n<li>K\u00e4yt\u00e4 suojavarusteita, kuten k\u00e4sineit\u00e4 ja suojalaseja, sylinteri\u00e4 k\u00e4sitelless\u00e4si.<\/li>\n<li>S\u00e4ili\u00f6n sijoittaminen kauas syttyvist\u00e4 materiaaleista ja vaarallisista alueista tulipalon, r\u00e4j\u00e4hdyksen tai sylinterin vaurioitumisen v\u00e4ltt\u00e4miseksi.<\/li>\n<li>Varmista, ett\u00e4 sylinteri on asennettu oikein ja tukevasti, jotta se ei putoa tai liiku odottamatta.<\/li>\n<li>V\u00e4lt\u00e4 sylinterin ylikuormitusta ja ylikuumenemista, jotka voivat vahingoittaa sylinteri\u00e4 ja laitteita.<\/li>\n<\/ul>\n<h3>Vianm\u00e4\u00e4ritys ja yleiset ongelmat<\/h3>\n<p>T\u00e4ss\u00e4 on joitakin yleisi\u00e4 ongelmia, joita voi esiinty\u00e4 varsivarsisylintereiss\u00e4:<\/p>\n<ul>\n<li><strong>Vuoto:<\/strong> Sylinteriss\u00e4 voi olla ongelma tiivisteosien tai sylinterin rungon kanssa.<\/li>\n<li><strong>Ylikuumeneminen:<\/strong> Sylinteriss\u00e4 saattaa olla v\u00e4\u00e4r\u00e4n tyyppist\u00e4 hydrauli\u00f6ljy\u00e4 tai sit\u00e4 k\u00e4ytet\u00e4\u00e4n liian kuumissa olosuhteissa.<\/li>\n<li><strong>Hidas toiminta:<\/strong> Sylinteriss\u00e4 voi olla alhainen paine tai siin\u00e4 voi olla ongelmia hydraulij\u00e4rjestelm\u00e4ss\u00e4.<\/li>\n<li><strong>Takavarikoitu sylinteri:<\/strong> Sylinteri voi olla vaurioitunut tai sylinterin sis\u00e4ll\u00e4 voi olla roskia tai vieraita esineit\u00e4.<\/li>\n<li><strong>Ep\u00e4s\u00e4\u00e4nn\u00f6llinen liike:<\/strong> Sylinteri voi olla vinossa tai sen m\u00e4nn\u00e4nvarret voivat olla vaurioituneet.<\/li>\n<\/ul>\n<p>Jos ongelmia ilmenee, noudata vianm\u00e4\u00e4ritysohjeita ja ota tarvittaessa yhteytt\u00e4 ammattilaiseen. Ongelmien v\u00e4ltt\u00e4miseksi suorita s\u00e4\u00e4nn\u00f6llisi\u00e4 tarkastuksia ja huoltoa.<\/p>\n<p><img decoding=\"async\" src=\"https:\/\/www.hydraulic-cylinders.net\/wp-content\/uploads\/2025\/01\/songte-company-4.webp\" alt=\"Yrityksen imago\"><\/p>\n<h2>Tietoa yrityksest\u00e4mme<\/h2>\n<p>Olemme ammattimainen hydraulisylinterien valmistaja, joka tarjoaa laajan valikoiman tuotteita ja on noussut yhdeksi johtavista hydraulisylinterien valmistajista ja tukkumyyjist\u00e4 sek\u00e4 kotimaisilla ett\u00e4 kansainv\u00e4lisill\u00e4 markkinoilla. Olemme aina noudattaneet erinomaisen laadun periaatetta ja luottaneet hienostuneen tuotantolaitoksemme teollistettuun tuotannonohjausstrategiaan parantaaksemme jatkuvasti teknist\u00e4 tasoamme ja tuotantotehokkuuttamme. Ottamalla k\u00e4ytt\u00f6\u00f6n huippuluokan digitaalisia valmistuslaitteita ja ammattimaisia \u200b\u200btestausj\u00e4rjestelmi\u00e4, optimoimme valmistusymp\u00e4rist\u00f6\u00e4mme ja parannamme tuotteidemme laadunvalvontaprosesseja tarjotaksemme innovatiivisia ratkaisuja asiakkaidemme monipuolisiin tarpeisiin.<\/p>\n<p>Tarjoamme laajan valikoiman ammattimaisia \u200b\u200bpalveluita, kuten kansainv\u00e4lisi\u00e4 sertifiointeja, r\u00e4\u00e4t\u00e4l\u00f6ityj\u00e4 ratkaisuja, korkealaatuisia tuotantolaitteita ja erinomaisia \u200b\u200bj\u00e4lkimarkkinointipalveluita. Yrityksemme on l\u00e4p\u00e4issyt ISO 9001:2015 -sertifikaatin ja saanut useita palkintoja innovatiivisista ratkaisuistaan \u200b\u200bja asiakastyytyv\u00e4isyydest\u00e4\u00e4n. Olemme sitoutuneet vastaamaan asiakkaidemme tarpeisiin tarjoamalla tehokkaita, tarkkoja ja korkealaatuisia tuotteita.<\/p>\n<p><img decoding=\"async\" src=\"https:\/\/www.hydraulic-cylinders.net\/wp-content\/uploads\/2025\/01\/songte-company-3.webp\" alt=\"Yrityksen imago\"><\/p>\n<p>Kirjoittaja: lyl<\/p>","protected":false},"excerpt":{"rendered":"<p>Arm Cylinder for Volvo Wheel Excavator EW145BP: What You Need to Know Introduction Defining Arm Cylinder for Volvo Wheel Excavator EW145BP An arm cylinder is a specially designed hydraulic cylinder used primarily to provide linear motion and power for the arms of various types of machinery, such as excavators, cranes, and robotic arms. Arm cylinders [&hellip;]<\/p>","protected":false},"featured_media":14763,"comment_status":"open","ping_status":"closed","template":"","meta":{"_et_pb_use_builder":"","_et_pb_old_content":"","_et_gb_content_width":""},"product_brand":[],"product_cat":[1497],"product_tag":[1498,1496],"class_list":{"0":"post-16343","1":"product","2":"type-product","3":"status-publish","4":"has-post-thumbnail","6":"product_cat-arm-cylinders","7":"product_tag-arm-cylinders","8":"product_tag-hydraulic-cylinders","10":"first","11":"instock","12":"shipping-taxable","13":"product-type-simple"},"amp_enabled":true,"_links":{"self":[{"href":"https:\/\/www.hydraulic-cylinders.net\/fi\/wp-json\/wp\/v2\/product\/16343","targetHints":{"allow":["GET"]}}],"collection":[{"href":"https:\/\/www.hydraulic-cylinders.net\/fi\/wp-json\/wp\/v2\/product"}],"about":[{"href":"https:\/\/www.hydraulic-cylinders.net\/fi\/wp-json\/wp\/v2\/types\/product"}],"replies":[{"embeddable":true,"href":"https:\/\/www.hydraulic-cylinders.net\/fi\/wp-json\/wp\/v2\/comments?post=16343"}],"wp:featuredmedia":[{"embeddable":true,"href":"https:\/\/www.hydraulic-cylinders.net\/fi\/wp-json\/wp\/v2\/media\/14763"}],"wp:attachment":[{"href":"https:\/\/www.hydraulic-cylinders.net\/fi\/wp-json\/wp\/v2\/media?parent=16343"}],"wp:term":[{"taxonomy":"product_brand","embeddable":true,"href":"https:\/\/www.hydraulic-cylinders.net\/fi\/wp-json\/wp\/v2\/product_brand?post=16343"},{"taxonomy":"product_cat","embeddable":true,"href":"https:\/\/www.hydraulic-cylinders.net\/fi\/wp-json\/wp\/v2\/product_cat?post=16343"},{"taxonomy":"product_tag","embeddable":true,"href":"https:\/\/www.hydraulic-cylinders.net\/fi\/wp-json\/wp\/v2\/product_tag?post=16343"}],"curies":[{"name":"wp","href":"https:\/\/api.w.org\/{rel}","templated":true}]}}