{"id":16350,"date":"2025-01-20T09:08:07","date_gmt":"2025-01-20T09:08:07","guid":{"rendered":"https:\/\/www.hydraulic-cylinders.net\/product\/arm-cylinderfor-sany-small-excavator-sy135c-9\/"},"modified":"2025-01-20T09:08:10","modified_gmt":"2025-01-20T09:08:10","slug":"arm-cylinderfor-sany-small-excavator-sy135c-9","status":"publish","type":"product","link":"https:\/\/www.hydraulic-cylinders.net\/fi\/tuote\/arm-cylinderfor-sany-small-excavator-sy135c-9\/","title":{"rendered":"Varren sylinteri Sany-kaivinkoneeseen SY135C-9"},"content":{"rendered":"<h2>Varren sylinteri Sany-kaivukoneelle SY135C-9<\/h2>\n<p>Varren sylinteri on erityisesti suunniteltu hydraulisylinteri, jota k\u00e4ytet\u00e4\u00e4n lineaarisen liikkeen ja voiman tuottamiseen erilaisten koneiden, kuten kaivinkoneiden, nostureiden ja robottivarsien, varrelle. Varren sylinterill\u00e4 on ratkaiseva rooli hydraulij\u00e4rjestelmiss\u00e4, sill\u00e4 se mahdollistaa lis\u00e4ty\u00f6kalujen tai lis\u00e4laitteiden tehokkaan liikkeen ja ohjauksen. N\u00e4m\u00e4 sylinterit eiv\u00e4t ainoastaan \u200b\u200bsaavuta tasaista liikett\u00e4, vaan ne kest\u00e4v\u00e4t my\u00f6s raskaita kuormia varmistaen koneiden tehokkaan toiminnan ja luotettavuuden erilaisissa ty\u00f6olosuhteissa.<\/p>\n<p><img decoding=\"async\" src=\"https:\/\/www.hydraulic-cylinders.net\/wp-content\/uploads\/2025\/01\/songte-company-2.webp\" alt=\"Varren sylinterin kuva\"><\/p>\n<h3>Varren sylinterin ominaisuudet:<\/h3>\n<ol>\n<li>Tehokas voimansiirto: Varren sylinteri tarjoaa tehokkaan lineaarisen liikkeen ja voiman, mik\u00e4 varmistaa mekaanisen varren korkean suorituskyvyn erilaisissa toiminnoissa.<\/li>\n<li>Tarkkuusohjaus: Hydraulisen j\u00e4rjestelm\u00e4n avulla varren sylinteri mahdollistaa tarkan liikkeenohjauksen, mik\u00e4 tekee kiinnitettyjen ty\u00f6kalujen k\u00e4yt\u00f6st\u00e4 joustavampaa ja tarkempaa.<\/li>\n<li>Vahva kest\u00e4vyys: Varsisylinterit valmistetaan yleens\u00e4 eritt\u00e4in lujista materiaaleista, jotka tarjoavat erinomaisen kulutus- ja korroosionkest\u00e4vyyden, joten ne soveltuvat pitk\u00e4aikaiseen k\u00e4ytt\u00f6\u00f6n ankarissa olosuhteissa.<\/li>\n<li>Monitoiminnallinen mukautuvuus: N\u00e4it\u00e4 sylintereit\u00e4 voidaan soveltaa laajalti erilaisiin koneisiin, kuten kaivinkoneisiin, nostureihin ja robottik\u00e4sivarsiin, ja ne mukautuvat erilaisiin ty\u00f6vaatimuksiin.<\/li>\n<li>Helppo huolto: Suunnittelussa on otettu huomioon huollon ja vaihdon helppous, mik\u00e4 tekee s\u00e4\u00e4nn\u00f6llisist\u00e4 tarkastuksista ja huollosta k\u00e4tev\u00e4mp\u00e4\u00e4 ja v\u00e4hent\u00e4\u00e4 laitteiden seisokkiaikaa.<\/li>\n<\/ol>\n<p><img decoding=\"async\" src=\"https:\/\/www.hydraulic-cylinders.net\/wp-content\/uploads\/2025\/01\/songte-oil-pipes-and-spare-parts.webp\" alt=\"Varren sylinterin varaosien kuva\"><\/p>\n<p>Tarjoamamme varren sylinteri on t\u00e4ydellinen korvaaja n\u00e4ille hydraulisylintereille. <\/p>\n<h3>Varren sylinterin sovellukset:<\/h3>\n<p>1. Rakennustekniikka: Kaivinkoneissa ja nostureissa varren sylinteri\u00e4 k\u00e4ytet\u00e4\u00e4n kauhojen tai puomien liikkeen ohjaamiseen maanrakennuksessa, materiaalink\u00e4sittelyss\u00e4 ja rakenteellisessa asennuksessa.<\/p>\n<p>2. Valmistava teollisuus: Automatisoiduilla tuotantolinjoilla varren sylinteri\u00e4 k\u00e4ytet\u00e4\u00e4n robottik\u00e4sivarsien liikuttamiseen kokoonpano-, hitsaus- ja k\u00e4sittelyprosessien suorittamiseen, mik\u00e4 parantaa tuotannon tehokkuutta ja tarkkuutta.<\/p>\n<p>3. Maatalouskoneet: Maatalouskoneissa, kuten puimureissa ja kylv\u00f6koneissa, puomin sylinteri ohjaa k\u00e4ytt\u00f6vipujen liikett\u00e4 ja suorittaa teht\u00e4vi\u00e4, kuten kylv\u00f6n, lannoituksen ja sadonkorjuun.<\/p>\n<p>4. Kaivostoiminta: Kaivoslaitteissa varren sylinteri\u00e4 k\u00e4ytet\u00e4\u00e4n kaivoskoneiden varren liikkeen ohjaamiseen, mik\u00e4 helpottaa malmin louhintaa ja kuljetusta.<\/p>\n<p>5. Logistiikka ja kuljetus: Trukeissa ja robottien k\u00e4sittelyss\u00e4 varren sylinteri\u00e4 k\u00e4ytet\u00e4\u00e4n haarukoiden nostamisen ja liikkeen ohjaamiseen, mik\u00e4 mahdollistaa materiaalink\u00e4sittelyn ja pinoamisen.<\/p>\n<h3>Suunnittelun\u00e4k\u00f6kohdat ja valintakriteerit:<\/h3>\n<p>Varsisylinterien suunnittelussa ja valintakriteereiss\u00e4 on useita ratkaisevia tekij\u00f6it\u00e4:<\/p>\n<ol>\n<li>Kuormituksen kantokyky: Varren sylinterin on kestett\u00e4v\u00e4 odotettavissa olevat kuormat ja voimat k\u00e4yt\u00f6n aikana.<\/li>\n<li>Tiivistyskyky: Tehokkaan tiivistyksen varmistamiseksi tulisi k\u00e4ytt\u00e4\u00e4 erilaisia \u200b\u200btiivistyskomponentteja, kuten m\u00e4nn\u00e4ntiivisteit\u00e4 ja varren tiivisteit\u00e4. Polyuretaani ja nitriilikumi ovat yleisesti valittuja kulutusta kest\u00e4vi\u00e4 materiaaleja n\u00e4ille tiivisteille.<\/li>\n<li>Kest\u00e4vyys: Sylinterin runko ja kierteitetyt p\u00e4\u00e4t tulee k\u00e4sitell\u00e4 hienovaraisesti kulumiskest\u00e4vyyden parantamiseksi. S\u00e4\u00e4nn\u00f6llinen voitelu sopivalla hydrauliikka\u00f6ljyll\u00e4 on v\u00e4ltt\u00e4m\u00e4t\u00f6nt\u00e4 moitteettoman toiminnan varmistamiseksi.<\/li>\n<li>Turvallisuus: Hydraulij\u00e4rjestelm\u00e4\u00e4n on sis\u00e4llytett\u00e4v\u00e4 turvatoimenpiteit\u00e4, kuten paineenalennusventtiilej\u00e4, liiallisen paineen est\u00e4miseksi ja turvallisen k\u00e4yt\u00f6n varmistamiseksi.<\/li>\n<li>Yll\u00e4pidett\u00e4vyys: Suunnittelun tulisi helpottaa huoltoa ja korjausta, mahdollistaa komponenttien nopean tarkastuksen ja vaihdon, mik\u00e4 minimoi seisokkiajat.<\/li>\n<\/ol>\n<p><img decoding=\"async\" src=\"https:\/\/www.hydraulic-cylinders.net\/wp-content\/uploads\/2025\/01\/songte-cylinder-head-with-all-kinds-excavator-models.webp\" alt=\"Varren sylinterin suunnittelukuva\"><\/p>\n<h3>Varren sylinterin tiivistys ja voitelu:<\/h3>\n<p>Varsisylintereiss\u00e4 k\u00e4ytet\u00e4\u00e4n erilaisia \u200b\u200btiivistyskomponentteja, kuten m\u00e4nn\u00e4ntiivisteit\u00e4, varren tiivisteit\u00e4 jne., jotka on valmistettu kulutusta kest\u00e4vist\u00e4 materiaaleista, kuten polyuretaanista ja nitriilikumista. Sylinterin runko ja kierteitetyt p\u00e4\u00e4t on hienok\u00e4sitelty kulutuskest\u00e4vyyden parantamiseksi. S\u00e4\u00e4nn\u00f6llinen voitelu sopivalla m\u00e4\u00e4r\u00e4ll\u00e4 hydrauli\u00f6ljy\u00e4 on v\u00e4ltt\u00e4m\u00e4t\u00f6nt\u00e4 sujuvan toiminnan varmistamiseksi.<\/p>\n<h3>S\u00e4\u00e4nn\u00f6llinen tarkastus ja ennaltaehk\u00e4isev\u00e4 huolto:<\/h3>\n<p>Varren sylinterin optimaalisen suorituskyvyn ja pitk\u00e4n k\u00e4ytt\u00f6i\u00e4n varmistamiseksi s\u00e4\u00e4nn\u00f6lliset tarkastukset ja ennaltaehk\u00e4isev\u00e4 huolto ovat v\u00e4ltt\u00e4m\u00e4tt\u00f6mi\u00e4:<\/p>\n<ol>\n<li>Tarkista sylinterin rungosta, tiivisteist\u00e4 ja kierteitetyist\u00e4 p\u00e4ist\u00e4 kulumisen tai vaurioiden merkkej\u00e4.<\/li>\n<li>Tarkista ja puhdista hydrauliikkaj\u00e4rjestelm\u00e4 s\u00e4\u00e4nn\u00f6llisesti ep\u00e4puhtauksien kertymisen est\u00e4miseksi.<\/li>\n<li>Tarkkaile ja pid\u00e4 yll\u00e4 asianmukaista hydrauliikka\u00f6ljyn tasoa ja laatua.<\/li>\n<li>Kirist\u00e4 kaikki l\u00f6ys\u00e4t liitokset tai liittimet.<\/li>\n<li>Noudata valmistajan ohjeita huoltoaikataulujen ja -menettelyjen suhteen.<\/li>\n<\/ol>\n<h3>Oikea asennusohje:<\/h3>\n<p>Kun asennat sylinterin, noudata seuraavia ohjeita:<\/p>\n<ol>\n<li>Varmista, ett\u00e4 kaivinkone tai ty\u00f6kone on sammutettu ja hydraulij\u00e4rjestelm\u00e4 on paineeton.<\/li>\n<li>Kiinnit\u00e4 varren sylinteri tukevasti m\u00e4\u00e4r\u00e4ttyihin kiinnityspisteisiin laitteen teknisten tietojen mukaisesti.<\/li>\n<li>Liit\u00e4 hydrauliletkut oikeisiin liit\u00e4nt\u00f6ihin ja varmista asianmukainen tiiviys.<\/li>\n<li>Tarkista mahdolliset vuodot tai ep\u00e4normaalit liikkeet ensimm\u00e4isen k\u00e4yt\u00f6n aikana.<\/li>\n<li>Testaa varren sylinterin toimivuus ja liike erilaisissa k\u00e4ytt\u00f6olosuhteissa.<\/li>\n<\/ol>\n<p><img decoding=\"async\" src=\"https:\/\/www.hydraulic-cylinders.net\/wp-content\/uploads\/2025\/01\/songte-bushings-with-all-kinds-of-excavator-models.webp\" alt=\"Varren sylinterin asennuskuva\"><\/p>\n<h3>Turvallisuusn\u00e4k\u00f6kohdat ja ymp\u00e4rist\u00f6tekij\u00e4t:<\/h3>\n<p>Varsisylintereit\u00e4 k\u00e4ytett\u00e4ess\u00e4 on eritt\u00e4in t\u00e4rke\u00e4\u00e4 priorisoida turvatoimenpiteit\u00e4 niiden k\u00e4ytt\u00f6tarkoituksen vuoksi. Asianmukaisten turvatoimien, kuten k\u00e4ytt\u00e4jien koulutuksen, s\u00e4\u00e4nn\u00f6llisten tarkastusten ja turvallisuusohjeiden noudattamisen, toteuttaminen on ensiarvoisen t\u00e4rke\u00e4\u00e4 onnettomuuksien ehk\u00e4isemiseksi ja turvallisen ty\u00f6ymp\u00e4rist\u00f6n varmistamiseksi.<\/p>\n<h3>Vianm\u00e4\u00e4ritys ja yleiset ongelmat:<\/h3>\n<p>1. Vuoto: Tarkista, onko tiivisteit\u00e4 vaurioituneita tai l\u00f6ysi\u00e4 liitoksia. Vaihda tiivisteet tarvittaessa ja kirist\u00e4 liitokset kunnolla.<\/p>\n<p>2. Ep\u00e4s\u00e4\u00e4nn\u00f6lliset liikkeet tai jumittuminen: Tarkista hydrauliikkaj\u00e4rjestelm\u00e4 roskien tai ep\u00e4puhtauksien varalta. Puhdista tai huuhtele j\u00e4rjestelm\u00e4 tarvittaessa.<\/p>\n<p>3. Riitt\u00e4m\u00e4t\u00f6n teho: Tarkista hydrauliikka\u00f6ljyn taso ja laatu. Varmista, ettei sylinteri ole ylikuormitettu ja ettei hydrauliikkalinjoissa ole rajoituksia.<\/p>\n<p>4. Ep\u00e4normaali \u00e4\u00e4ni: Tarkista l\u00f6ysien tai kuluneiden osien varalta. Voitele tai vaihda osat tarvittaessa.<\/p>\n<p>5. Sylinterin ajautuminen: Tarkista sis\u00e4isten vuotojen tai kuluneiden tiivisteiden varalta. Vaihda tiivisteet tarvittaessa.<\/p>\n<p>Noudattamalla n\u00e4it\u00e4 vianm\u00e4\u00e4ritysvinkkej\u00e4 ja tarjoamalla ratkaisuja lukijat voivat tehokkaasti diagnosoida ja ratkaista ongelmia sek\u00e4 toteuttaa ennaltaehk\u00e4isevi\u00e4 toimenpiteit\u00e4 mahdollisten ongelmien minimoimiseksi.<\/p>\n<p><img decoding=\"async\" src=\"https:\/\/www.hydraulic-cylinders.net\/wp-content\/uploads\/2025\/01\/songte-chushion-collar.webp\" alt=\"Varren sylinterin vianetsint\u00e4kuva\"><\/p>\n<p>Muista j\u00e4rjest\u00e4\u00e4 artikkeli loogisesti, k\u00e4ytt\u00e4\u00e4 alaotsikoita helpottamaan navigointia, sis\u00e4llytt\u00e4\u00e4 asiaankuuluvia kuvia tai kaavioita ymm\u00e4rryksen parantamiseksi ja varmistaa, ett\u00e4 sis\u00e4lt\u00f6 on selke\u00e4\u00e4, ytimek\u00e4st\u00e4 ja sopivaa lukijoille, joilla on eri tasoinen tekninen tiet\u00e4mys.<\/p>\n<p>Lopuksi, olemme ammattimainen hydraulisten sylinterien valmistaja, joka valmistaa korvaavia hydraulisia sylintereit\u00e4. Laajan tuotevalikoimamme ansiosta olemme nousseet yhdeksi johtavista hydraulisten sylinterien valmistajista ja tukkumyyjist\u00e4 kotimaisilla ja kansainv\u00e4lisill\u00e4 markkinoilla. Noudatamme huippuosaamisen periaatetta ja parannamme jatkuvasti teknist\u00e4 asiantuntemustamme ja tuotantotehokkuuttamme. Ottamalla k\u00e4ytt\u00f6\u00f6n edistyneit\u00e4 digitaalisia valmistuslaitteita ja ammattimaisia \u200b\u200btestausj\u00e4rjestelmi\u00e4, optimoimme valmistusymp\u00e4rist\u00f6\u00e4mme ja parannamme tuotteidemme laadunvalvontaprosesseja, mik\u00e4 osoittaa vahvaa innovaatiokyky\u00e4. Tavoitteenamme on vastata asiakkaidemme monipuolisiin tarpeisiin tehokkaasti, tarkasti ja korkealaatuisilla tuotteilla.<\/p>\n<p><img decoding=\"async\" src=\"https:\/\/www.hydraulic-cylinders.net\/wp-content\/uploads\/2025\/01\/songte-company-4.webp\" alt=\"Yrityksen esittelykuva\"><br \/>\n<img decoding=\"async\" src=\"https:\/\/www.hydraulic-cylinders.net\/wp-content\/uploads\/2025\/01\/songte-company-3.webp\" alt=\"Yrityksen esittelykuva\"><\/p>\n<p><em>Kirjoittaja: lyl<\/em><\/p>","protected":false},"excerpt":{"rendered":"<p>Arm Cylinder For Sany Small Excavator SY135C-9 Arm Cylinder is a specially designed hydraulic cylinder that is used to provide linear motion and power to the arm of various types of machinery, such as excavators, cranes, and robotic arms. The arm cylinder plays a crucial role in hydraulic systems, enabling the effective movement and control [&hellip;]<\/p>","protected":false},"featured_media":14772,"comment_status":"open","ping_status":"closed","template":"","meta":{"_et_pb_use_builder":"","_et_pb_old_content":"","_et_gb_content_width":""},"product_brand":[],"product_cat":[1497],"product_tag":[1498,1496],"class_list":{"0":"post-16350","1":"product","2":"type-product","3":"status-publish","4":"has-post-thumbnail","6":"product_cat-arm-cylinders","7":"product_tag-arm-cylinders","8":"product_tag-hydraulic-cylinders","10":"first","11":"instock","12":"shipping-taxable","13":"product-type-simple"},"amp_enabled":true,"_links":{"self":[{"href":"https:\/\/www.hydraulic-cylinders.net\/fi\/wp-json\/wp\/v2\/product\/16350","targetHints":{"allow":["GET"]}}],"collection":[{"href":"https:\/\/www.hydraulic-cylinders.net\/fi\/wp-json\/wp\/v2\/product"}],"about":[{"href":"https:\/\/www.hydraulic-cylinders.net\/fi\/wp-json\/wp\/v2\/types\/product"}],"replies":[{"embeddable":true,"href":"https:\/\/www.hydraulic-cylinders.net\/fi\/wp-json\/wp\/v2\/comments?post=16350"}],"wp:featuredmedia":[{"embeddable":true,"href":"https:\/\/www.hydraulic-cylinders.net\/fi\/wp-json\/wp\/v2\/media\/14772"}],"wp:attachment":[{"href":"https:\/\/www.hydraulic-cylinders.net\/fi\/wp-json\/wp\/v2\/media?parent=16350"}],"wp:term":[{"taxonomy":"product_brand","embeddable":true,"href":"https:\/\/www.hydraulic-cylinders.net\/fi\/wp-json\/wp\/v2\/product_brand?post=16350"},{"taxonomy":"product_cat","embeddable":true,"href":"https:\/\/www.hydraulic-cylinders.net\/fi\/wp-json\/wp\/v2\/product_cat?post=16350"},{"taxonomy":"product_tag","embeddable":true,"href":"https:\/\/www.hydraulic-cylinders.net\/fi\/wp-json\/wp\/v2\/product_tag?post=16350"}],"curies":[{"name":"wp","href":"https:\/\/api.w.org\/{rel}","templated":true}]}}