{"id":16354,"date":"2025-01-20T09:08:29","date_gmt":"2025-01-20T09:08:29","guid":{"rendered":"https:\/\/www.hydraulic-cylinders.net\/product\/arm-cylinderfor-sany-small-excavator-sy95c-9\/"},"modified":"2025-01-20T09:08:31","modified_gmt":"2025-01-20T09:08:31","slug":"arm-cylinderfor-sany-small-excavator-sy95c-9","status":"publish","type":"product","link":"https:\/\/www.hydraulic-cylinders.net\/fi\/tuote\/arm-cylinderfor-sany-small-excavator-sy95c-9\/","title":{"rendered":"Varren sylinteri Sany-kaivukoneelle SY95C-9"},"content":{"rendered":"<p>Sany Small -kaivukoneen SY95C-9 varren sylinteri<\/p>\n<p>Johdanto<\/p>\n<p>Varren sylinteri on erityisesti suunniteltu hydraulisylinteri, joka tarjoaa lineaarista liikett\u00e4 ja voimaa erityyppisille koneille, kuten kaivinkoneille, nostureille ja mekaanisille varsille. Varren sylintereill\u00e4 on ratkaiseva rooli hydraulij\u00e4rjestelmiss\u00e4, sill\u00e4 ne mahdollistavat lis\u00e4ty\u00f6kalujen tai lis\u00e4laitteiden tehokkaan liikkeen ja ohjauksen. N\u00e4m\u00e4 sylinterit eiv\u00e4t ainoastaan \u200b\u200bsaavuta tasaista liikett\u00e4, vaan ne kest\u00e4v\u00e4t my\u00f6s raskaita kuormia varmistaen koneiden tehokkaan toiminnan ja luotettavuuden erilaisissa k\u00e4ytt\u00f6olosuhteissa.<\/p>\n<p>M\u00e4\u00e4ritelm\u00e4 ja selitys<\/p>\n<p>Varren sylinterit ovat hydraulisylintereit\u00e4, jotka tarjoavat voimaa ja lineaarista liikett\u00e4 erilaisten koneiden varrelle. Ne on suunniteltu toimimaan tasaisesti ja kest\u00e4m\u00e4\u00e4n raskaita kuormia varmistaen luotettavan ja tehokkaan toiminnan. Varren sylintereill\u00e4 on keskeinen rooli hydraulij\u00e4rjestelmiss\u00e4, sill\u00e4 ne mahdollistavat lis\u00e4ty\u00f6kalujen tai lis\u00e4laitteiden tehokkaan liikkumisen ja hallinnan.<\/p>\n<p><img decoding=\"async\" src=\"https:\/\/www.hydraulic-cylinders.net\/wp-content\/uploads\/2025\/01\/songte-company-2.webp\" alt=\"Sany Small -kaivukoneen SY95C-9 varren sylinteri\" \/><\/p>\n<p>Ominaisuudet<\/p>\n<p>1. Tehokas voimansiirto: Varren sylinterit tarjoavat tehokkaan lineaarisen liikkeen ja voiman, mik\u00e4 varmistaa mekaanisten varsien tehokkaan toiminnan erilaisissa toiminnoissa.<\/p>\n<p>2. Tarkkuusohjaus: Hydraulisten j\u00e4rjestelmien avulla varsisylinterit voivat saavuttaa tarkan liikkeenohjauksen, mik\u00e4 tekee lis\u00e4ty\u00f6kalujen k\u00e4yt\u00f6st\u00e4 joustavampaa ja tarkempaa.<\/p>\n<p>3. Vahva kest\u00e4vyys: Varsisylinterit on yleens\u00e4 valmistettu eritt\u00e4in lujista materiaaleista ja niill\u00e4 on hyv\u00e4 kulutuskest\u00e4vyys ja korroosionkest\u00e4vyys, joten ne soveltuvat pitk\u00e4aikaiseen k\u00e4ytt\u00f6\u00f6n ankarissa olosuhteissa.<\/p>\n<p>4. Monitoiminnallinen sopeutumiskyky: N\u00e4it\u00e4 sylintereit\u00e4 voidaan k\u00e4ytt\u00e4\u00e4 laajalti erilaisissa mekaanisissa laitteissa, kuten kaivinkoneissa, nostureissa ja mekaanisissa varsissa, erilaisten ty\u00f6vaatimusten t\u00e4ytt\u00e4miseksi.<\/p>\n<p>5. Helppo huolto: Helppoa huoltoa ja vaihtoa varten suunnitellut varsisylinterit tekev\u00e4t s\u00e4\u00e4nn\u00f6llisest\u00e4 tarkastuksesta ja huollosta k\u00e4tev\u00e4mp\u00e4\u00e4 ja v\u00e4hent\u00e4v\u00e4t laitteiden seisokkiaikaa.<\/p>\n<p>Tuotanto<\/p>\n<p>Tuotteemme voi t\u00e4ydellisesti korvata n\u00e4m\u00e4 hydraulisylinterit. Olemme ammattimainen korvaavien hydraulisylinterien valmistaja, jolla on laaja valikoima tuotteita. Yrityksest\u00e4mme on tullut yksi johtavista hydraulisylinterien valmistajista ja tukkumyyjist\u00e4 kotimaisilla ja kansainv\u00e4lisill\u00e4 markkinoilla. Noudatamme aina erinomaisen laadun periaatetta, luotamme hienostuneen valmistuspajan teollisen tuotannon hallintastrategiaan ja parannamme jatkuvasti teknologiaamme ja tuotantotehokkuuttamme. Huippuluokan digitaalisten valmistuslaitteiden ja ammattimaisten testausj\u00e4rjestelmien k\u00e4ytt\u00f6\u00f6noton avulla optimoimme jatkuvasti valmistusalustaa, parannamme tuotteiden laadunvalvontaprosessia ja meill\u00e4 on vahvat innovaatiokyvyt. Tavoitteenamme on vastata asiakkaiden monipuolisiin tarpeisiin tehokkaiden, tarkkojen ja korkealaatuisten periaatteiden mukaisesti.<\/p>\n<p>Sovellukset<\/p>\n<p>1. Rakennustekniikka: Kaivinkoneissa ja nostureissa varsisylintereit\u00e4 k\u00e4ytet\u00e4\u00e4n kauhojen tai puomien liikkeen ohjaamiseen maanrakennuksessa, materiaalink\u00e4sittelyss\u00e4 ja rakenteellisessa asennuksessa.<\/p>\n<p>2. Valmistava teollisuus: Automatisoiduilla tuotantolinjoilla varsisylintereit\u00e4 k\u00e4ytet\u00e4\u00e4n mekaanisten varsien liikuttamiseen, kokoonpano-, hitsaus- ja k\u00e4sittelyprosessien suorittamiseen, mik\u00e4 parantaa tuotannon tehokkuutta ja tarkkuutta.<\/p>\n<p>3. Maatalouskoneet: Maatalouskoneissa, kuten puimureissa ja kylv\u00f6koneissa, puomin sylinterit ohjaavat puomin toimintaa ja suorittavat teht\u00e4vi\u00e4, kuten kylv\u00f6\u00e4, lannoitusta ja sadonkorjuuta.<\/p>\n<p>4. Kaivostoiminta: Kaivoslaitteissa varsisylintereit\u00e4 k\u00e4ytet\u00e4\u00e4n kaivoslaitteiden varren liikkeen ohjaamiseen malmin louhinnassa ja kuljetuksessa.<\/p>\n<p>5. Logistiikka ja kuljetus: Trukeissa ja robottien k\u00e4sittelyss\u00e4 varsisylintereit\u00e4 k\u00e4ytet\u00e4\u00e4n haarukoiden nostamisen ja liikkeen ohjaamiseen, mik\u00e4 mahdollistaa materiaalink\u00e4sittelyn ja pinoamisen.<\/p>\n<p>Suunnittelun huomioon ottaminen ja valintastandardit<\/p>\n<p>1. Kuormankantokyky: Varsisylintereiden tulee kest\u00e4\u00e4 raskaita kuormia tehokkaan toiminnan varmistamiseksi erilaisissa ty\u00f6olosuhteissa.<\/p>\n<p>2. Tiivistys: On k\u00e4ytett\u00e4v\u00e4 erilaisia \u200b\u200btiivisteit\u00e4, kuten m\u00e4nn\u00e4ntiivisteit\u00e4 ja varren tiivisteit\u00e4, ja on valittava kulutusta kest\u00e4vi\u00e4 materiaaleja, kuten polyuretaania ja nitriilikumia.<\/p>\n<p>3. Kest\u00e4vyys: Sylinterin runko ja kierteen p\u00e4\u00e4typinta tulee k\u00e4sitell\u00e4 hienoksi kulutuskest\u00e4vyyden parantamiseksi.<\/p>\n<p>4. Turvallisuus: Varsi-sylintereiss\u00e4 tulee olla luotettavat turvatoimenpiteet onnettomuuksien est\u00e4miseksi.<\/p>\n<p>5. Huolto: Varsisylinterien tulee olla helppoja huoltaa ja korjata, mik\u00e4 v\u00e4hent\u00e4\u00e4 laitteiden seisokkiaikaa.<\/p>\n<p><img decoding=\"async\" src=\"https:\/\/www.hydraulic-cylinders.net\/wp-content\/uploads\/2025\/01\/songte-cylinder-head-with-all-kinds-excavator-models.webp\" alt=\"Sany Small -kaivukoneen SY95C-9 varren sylinteri\" \/><\/p>\n<p>Tiivistys ja voitelu<\/p>\n<p>Varsisylintereiss\u00e4 k\u00e4ytet\u00e4\u00e4n erityyppisi\u00e4 tiivisteit\u00e4, kuten m\u00e4nn\u00e4ntiivisteit\u00e4 ja varren tiivisteit\u00e4, sek\u00e4 kulutusta kest\u00e4vi\u00e4 materiaaleja, kuten polyuretaania ja nitriilikumia. Sylinterin runko ja kierteiden p\u00e4\u00e4typinnat on hienok\u00e4sitelty kulutuskest\u00e4vyyden parantamiseksi. S\u00e4\u00e4nn\u00f6llinen sopivan m\u00e4\u00e4r\u00e4n hydrauli\u00f6ljyn lis\u00e4\u00e4minen voiteluun on v\u00e4ltt\u00e4m\u00e4t\u00f6nt\u00e4 hydraulij\u00e4rjestelm\u00e4n tehokkaan toiminnan varmistamiseksi.<\/p>\n<p>Huolto ja ennaltaehk\u00e4isev\u00e4t toimenpiteet<\/p>\n<p>1. S\u00e4\u00e4nn\u00f6llinen tarkastus ja huolto: Varsisylinterien s\u00e4\u00e4nn\u00f6llinen tarkastus ja huolto voivat tunnistaa ja ratkaista ongelmia ajoissa, mik\u00e4 v\u00e4hent\u00e4\u00e4 laitteiden seisokkiaikaa.<\/p>\n<p>2. Tiivisteiden vaihto: Vaihda m\u00e4nn\u00e4n ja varren tiivisteet s\u00e4\u00e4nn\u00f6llisesti varren sylinterien tiiviyden yll\u00e4pit\u00e4miseksi.<\/p>\n<p>3. Puhdistus: Puhdista sylinterin runko ja kierteiden p\u00e4\u00e4typinta s\u00e4\u00e4nn\u00f6llisesti kontaminaation est\u00e4miseksi ja hydraulij\u00e4rjestelm\u00e4n tehokkaan toiminnan varmistamiseksi.<\/p>\n<p>4. Ennaltaehk\u00e4isev\u00e4t toimenpiteet: Tarkista ja huolla hydrauliikkaj\u00e4rjestelm\u00e4\u00e4 s\u00e4\u00e4nn\u00f6llisesti, kuten puhdista \u00f6ljynsuodatin, vaihda hydrauliikka\u00f6ljy ja tarkista hydrauliikkapumppu, mahdollisten ongelmien minimoimiseksi.<\/p>\n<p>Asennusopas<\/p>\n<p>1. Valmistele asennuspaikka ja varmista, ett\u00e4 se on puhdas ja roskaton.<\/p>\n<p>2. Asenna uusi varren sylinteri oikeiden asennusohjeiden mukaisesti ja kohdista liitospultit ja kiinnitysrei\u00e4t oikein.<\/p>\n<p>3. Kirist\u00e4 liitospultit m\u00e4\u00e4ritetyn kiristysmomentin mukaisesti.<\/p>\n<p>4. Tarkista varren sylinterin tiivistyskyky asennuksen j\u00e4lkeen.<\/p>\n<p>5. Asennuksen j\u00e4lkeen suorita koek\u00e4ytt\u00f6 varmistaaksesi, ett\u00e4 varren sylinteri toimii oikein.<\/p>\n<p><img decoding=\"async\" src=\"https:\/\/www.hydraulic-cylinders.net\/wp-content\/uploads\/2025\/01\/songte-bushings-with-all-kinds-of-excavator-models.webp\" alt=\"Sany Small -kaivukoneen SY95C-9 varren sylinteri\" \/><\/p>\n<p>Turvallisuusn\u00e4k\u00f6kohdat ja ymp\u00e4rist\u00f6tekij\u00e4t<\/p>\n<p>Varsisylintereiss\u00e4 tulisi olla luotettavat turvatoimenpiteet onnettomuuksien est\u00e4miseksi. Turvatoimenpiteit\u00e4, kuten ylikuormitussuoja, paineenalennusventtiilit ja rajakytkimet, tulisi asentaa. Ymp\u00e4rist\u00f6tekij\u00e4t, kuten l\u00e4mp\u00f6tila, kosteus ja p\u00f6ly, on my\u00f6s otettava huomioon tehokkaan toiminnan varmistamiseksi ja varsisylintereiden k\u00e4ytt\u00f6i\u00e4n pident\u00e4miseksi.<\/p>\n<p>Vianm\u00e4\u00e4ritys ja yleiset ongelmat<\/p>\n<p>1. Sylinterin rungon vuoto: Sylinterin runko voi olla kulunut tai vaurioitunut, ja tiiviste voi olla vaurioitunut.<\/p>\n<p>2. Riitt\u00e4m\u00e4t\u00f6n ty\u00f6nt\u00f6voima: M\u00e4nn\u00e4n tiiviste voi olla vaurioitunut, paine voi olla riitt\u00e4m\u00e4t\u00f6n tai hydraulij\u00e4rjestelm\u00e4ss\u00e4 voi olla tukos.<\/p>\n<p>3. Ep\u00e4normaali \u00e4\u00e4ni: Hydrauli\u00f6ljy voi olla saastunutta tai hydraulipumpussa voi olla ongelma.<\/p>\n<p>4. Huono tiivistyskyky: Tiiviste voi olla vaurioitunut tai sylinterin runko voi olla kulunut.<\/p>\n<p>Vianm\u00e4\u00e4ritys ja ratkaisut<\/p>\n<p>1. Vaihda sylinterin runko tai tiiviste.<\/p>\n<p>2. Lis\u00e4\u00e4 painetta, vaihda m\u00e4nn\u00e4n tiiviste tai puhdista hydraulij\u00e4rjestelm\u00e4.<\/p>\n<p>3. Vaihda hydrauliikka\u00f6ljy tai korjaa hydrauliikkapumppu.<\/p>\n<p>4. Vaihda tiiviste tai sylinterin runko.<\/p>\n<p><img decoding=\"async\" src=\"https:\/\/www.hydraulic-cylinders.net\/wp-content\/uploads\/2025\/01\/songte-chushion-collar.webp\" alt=\"Sany Small -kaivukoneen SY95C-9 varren sylinteri\" \/><\/p>\n<p>Johtop\u00e4\u00e4t\u00f6s<\/p>\n<p>Yhteenvetona voidaan todeta, ett\u00e4 varsisylinterit ovat hydraulisylintereit\u00e4, jotka tarjoavat lineaarista liikett\u00e4 ja voimaa erityyppisille koneille. Niill\u00e4 on kriittinen rooli hydraulij\u00e4rjestelmiss\u00e4, sill\u00e4 ne mahdollistavat lis\u00e4ty\u00f6kalujen tai lis\u00e4laitteiden tehokkaan liikkeen ja hallinnan. Yrityksemme on ammattimainen korvaavien hydraulisylintereiden valmistaja, ja noudatamme aina erinomaisen laadun periaatetta, luotamme hienostuneen valmistuspajan teollisen tuotannon hallintastrategiaan ja parannamme jatkuvasti teknologiaamme ja tuotantotehokkuuttamme. Tarjoamme r\u00e4\u00e4t\u00e4l\u00f6ityj\u00e4 palveluita vastaamaan asiakkaiden monipuolisiin tarpeisiin ja meill\u00e4 on vahva innovaatiokyky. Olemme sitoutuneet tarjoamaan asiakkaillemme tehokkaita, tarkkoja ja korkealaatuisia hydraulisylintereit\u00e4.<\/p>","protected":false},"excerpt":{"rendered":"<p>Arm Cylinder for Sany Small Excavator SY95C-9 Introduction An arm cylinder is a specially designed hydraulic cylinder that provides linear motion and power to various types of machinery, such as excavators, cranes, and mechanical arms. Arm cylinders play a critical role in hydraulic systems, enabling the efficient movement and control of additional tools or attachments. [&hellip;]<\/p>","protected":false},"featured_media":14759,"comment_status":"open","ping_status":"closed","template":"","meta":{"_et_pb_use_builder":"","_et_pb_old_content":"","_et_gb_content_width":""},"product_brand":[],"product_cat":[1497],"product_tag":[1498,1496],"class_list":{"0":"post-16354","1":"product","2":"type-product","3":"status-publish","4":"has-post-thumbnail","6":"product_cat-arm-cylinders","7":"product_tag-arm-cylinders","8":"product_tag-hydraulic-cylinders","10":"first","11":"instock","12":"shipping-taxable","13":"product-type-simple"},"amp_enabled":true,"_links":{"self":[{"href":"https:\/\/www.hydraulic-cylinders.net\/fi\/wp-json\/wp\/v2\/product\/16354","targetHints":{"allow":["GET"]}}],"collection":[{"href":"https:\/\/www.hydraulic-cylinders.net\/fi\/wp-json\/wp\/v2\/product"}],"about":[{"href":"https:\/\/www.hydraulic-cylinders.net\/fi\/wp-json\/wp\/v2\/types\/product"}],"replies":[{"embeddable":true,"href":"https:\/\/www.hydraulic-cylinders.net\/fi\/wp-json\/wp\/v2\/comments?post=16354"}],"wp:featuredmedia":[{"embeddable":true,"href":"https:\/\/www.hydraulic-cylinders.net\/fi\/wp-json\/wp\/v2\/media\/14759"}],"wp:attachment":[{"href":"https:\/\/www.hydraulic-cylinders.net\/fi\/wp-json\/wp\/v2\/media?parent=16354"}],"wp:term":[{"taxonomy":"product_brand","embeddable":true,"href":"https:\/\/www.hydraulic-cylinders.net\/fi\/wp-json\/wp\/v2\/product_brand?post=16354"},{"taxonomy":"product_cat","embeddable":true,"href":"https:\/\/www.hydraulic-cylinders.net\/fi\/wp-json\/wp\/v2\/product_cat?post=16354"},{"taxonomy":"product_tag","embeddable":true,"href":"https:\/\/www.hydraulic-cylinders.net\/fi\/wp-json\/wp\/v2\/product_tag?post=16354"}],"curies":[{"name":"wp","href":"https:\/\/api.w.org\/{rel}","templated":true}]}}