{"id":16364,"date":"2025-01-20T09:09:23","date_gmt":"2025-01-20T09:09:23","guid":{"rendered":"https:\/\/www.hydraulic-cylinders.net\/product\/arm-cylinderfor-sany-middle-excavator-sy215c-8-9\/"},"modified":"2025-01-20T09:09:25","modified_gmt":"2025-01-20T09:09:25","slug":"arm-cylinderfor-sany-middle-excavator-sy215c-8-9","status":"publish","type":"product","link":"https:\/\/www.hydraulic-cylinders.net\/fi\/tuote\/arm-cylinderfor-sany-middle-excavator-sy215c-8-9\/","title":{"rendered":"Varren sylinteri Sany Middle -kaivukoneelle SY215C-8-9"},"content":{"rendered":"<h2>Sany Middle -kaivukoneen SY215C-8-9 varren sylinteri<\/h2>\n<h3>M\u00e4\u00e4ritelm\u00e4 ja selitys<\/h3>\n<p>Varren sylinteri on erityisesti suunniteltu hydraulisylinteri, jota k\u00e4ytet\u00e4\u00e4n p\u00e4\u00e4asiassa lineaarisen liikkeen ja voiman tuottamiseen erilaisten koneiden, kuten kaivinkoneiden, nostureiden ja robottivarsien, varsille. Varren sylinterill\u00e4 on keskeinen rooli hydraulij\u00e4rjestelm\u00e4ss\u00e4, sill\u00e4 se mahdollistaa lis\u00e4ty\u00f6kalujen tai lis\u00e4laitteiden tehokkaan liikkumisen ja ohjauksen. N\u00e4m\u00e4 sylinterit eiv\u00e4t ainoastaan \u200b\u200btarjoa tasaista liikett\u00e4, vaan ne kest\u00e4v\u00e4t my\u00f6s raskaita kuormia varmistaen koneiden tehokkaan toiminnan ja luotettavuuden erilaisissa ty\u00f6olosuhteissa.<\/p>\n<p><img decoding=\"async\" src=\"https:\/\/www.hydraulic-cylinders.net\/wp-content\/uploads\/2025\/01\/songte-company-2.webp\" alt=\"Varren sylinterin kuva\" \/><\/p>\n<h3>Ominaisuudet<\/h3>\n<ul>\n<li><strong>Tehokas voimansiirto:<\/strong> Varren sylinteri tarjoaa vahvan lineaarisen liikkeen ja voiman, mik\u00e4 varmistaa robottik\u00e4sivarren korkean hy\u00f6tysuhteen erilaisissa toiminnoissa.<\/li>\n<li><strong>Tarkka ohjaus:<\/strong> Varren sylinteri voi saavuttaa tarkan liikkeenohjauksen hydraulij\u00e4rjestelm\u00e4n kautta, mik\u00e4 tekee lis\u00e4ty\u00f6kalujen k\u00e4yt\u00f6st\u00e4 joustavampaa ja tarkempaa.<\/li>\n<li><strong>Kest\u00e4v\u00e4:<\/strong> Varsisylinterit on yleens\u00e4 valmistettu eritt\u00e4in lujista materiaaleista, joilla on hyv\u00e4 kulutuskest\u00e4vyys ja korroosionkest\u00e4vyys, ja ne soveltuvat pitk\u00e4aikaiseen k\u00e4ytt\u00f6\u00f6n ankarissa olosuhteissa.<\/li>\n<li><strong>Monitoiminnallinen mukautuvuus:<\/strong> N\u00e4it\u00e4 sylintereit\u00e4 voidaan k\u00e4ytt\u00e4\u00e4 laajalti erilaisissa mekaanisissa laitteissa, kuten kaivinkoneissa, nostureissa ja robottivarsissa, erilaisiin ty\u00f6vaatimuksiin mukautumiseksi.<\/li>\n<li><strong>Helppo huolto:<\/strong> Suunnittelussa on otettu huomioon huollon ja vaihdon helppous, mik\u00e4 tekee s\u00e4\u00e4nn\u00f6llisist\u00e4 tarkastuksista ja huollosta k\u00e4tev\u00e4mpi\u00e4 ja v\u00e4hent\u00e4\u00e4 laitteiden seisokkiaikaa.<\/li>\n<\/ul>\n<p>Voimme valmistaa t\u00e4t\u00e4 tuotetta ja tuotteemme voi t\u00e4ydellisesti korvata n\u00e4m\u00e4 hydraulisylinterit.<\/p>\n<p><img decoding=\"async\" src=\"https:\/\/www.hydraulic-cylinders.net\/wp-content\/uploads\/2025\/01\/songte-oil-pipes-and-spare-parts.webp\" alt=\"Varaosien kuva\" \/><\/p>\n<h3>Sovellukset<\/h3>\n<p>Varsisylintereit\u00e4 k\u00e4ytet\u00e4\u00e4n laajalti eri aloilla, kuten:<\/p>\n<ul>\n<li><strong>Rakennustekniikka:<\/strong> Kaivinkoneissa ja nostureissa varsisylintereit\u00e4 k\u00e4ytet\u00e4\u00e4n kauhan tai puomin liikkeen ohjaamiseen maanrakennuksessa, materiaalink\u00e4sittelyss\u00e4 ja rakenteiden asennuksessa.<\/li>\n<li><strong>Valmistava teollisuus:<\/strong> Automatisoiduilla tuotantolinjoilla varsisylintereit\u00e4 k\u00e4ytet\u00e4\u00e4n robottik\u00e4sivarsien liikuttamiseen, kokoonpanoon, hitsaukseen ja materiaalink\u00e4sittelyyn tuotannon tehokkuuden ja tarkkuuden parantamiseksi.<\/li>\n<li><strong>Maatalouskoneet:<\/strong> Maatalouskoneissa, kuten puimureissa ja kylv\u00f6koneissa, varren sylinterit ohjaavat k\u00e4ytt\u00f6varren liikett\u00e4 ja suorittavat teht\u00e4vi\u00e4, kuten kylv\u00f6\u00e4, lannoitusta ja sadonkorjuuta.<\/li>\n<li><strong>Kaivostoiminta:<\/strong> Kaivoslaitteissa varsisylintereit\u00e4 k\u00e4ytet\u00e4\u00e4n kaivoslaitteiden varren liikkeen ohjaamiseen mineraalien louhintaa ja kuljetusta varten.<\/li>\n<li><strong>Logistiikka ja kuljetus:<\/strong> Trukeissa ja robottien k\u00e4sittelyss\u00e4 varsisylintereit\u00e4 k\u00e4ytet\u00e4\u00e4n haarukan noston ja liikkeen ohjaamiseen, mik\u00e4 mahdollistaa materiaalink\u00e4sittelyn ja pinoamisen.<\/li>\n<\/ul>\n<h3>Suunnittelun\u00e4k\u00f6kohdat ja valintastandardit<\/h3>\n<p>Suunnittelun n\u00e4k\u00f6kulmasta varsisylintereiden on t\u00e4ytett\u00e4v\u00e4 seuraavat vaatimukset:<\/p>\n<ul>\n<li><strong>Kantavuus:<\/strong> Varsisylinterien on kestett\u00e4v\u00e4 laitteen ja kuorman paino.<\/li>\n<li><strong>Tiivistys:<\/strong> Erilaisia \u200b\u200btiivistyselementtej\u00e4, kuten m\u00e4nn\u00e4ntiivisteit\u00e4 ja varren tiivisteit\u00e4, k\u00e4ytet\u00e4\u00e4n est\u00e4m\u00e4\u00e4n nestevuotoja ja varmistamaan luotettava ja tehokas toiminta.<\/li>\n<li><strong>Kest\u00e4vyys:<\/strong> Varsisylinterit altistuvat usein ankarille ymp\u00e4rist\u00f6ille ja vaativat eritt\u00e4in lujia materiaaleja ja pintak\u00e4sittelyj\u00e4 hyv\u00e4n kulumis- ja korroosionkest\u00e4vyyden takaamiseksi.<\/li>\n<li><strong>Turvallisuus:<\/strong> Turvallisuusn\u00e4k\u00f6kohdat on otettava huomioon sylinterin vikaantumisen tai toimintah\u00e4iri\u00f6n aiheuttamien onnettomuuksien est\u00e4miseksi.<\/li>\n<li><strong>Huolto:<\/strong> Varren sylinterit on suunniteltava helposti huollettaviksi ja vaihdettaviksi, jotta laitteiden seisokkiaika ja yll\u00e4pitokustannukset v\u00e4henev\u00e4t.<\/li>\n<\/ul>\n<p><img decoding=\"async\" src=\"https:\/\/www.hydraulic-cylinders.net\/wp-content\/uploads\/2025\/01\/songte-cylinder-head-with-all-kinds-excavator-models.webp\" alt=\"Sylinterikannen kuva\" \/><\/p>\n<h3>Tiivistys ja voitelu<\/h3>\n<p>Erilaisia \u200b\u200btiiviste-elementtej\u00e4, kuten m\u00e4nn\u00e4ntiivisteit\u00e4 ja varren tiivisteit\u00e4, k\u00e4ytet\u00e4\u00e4n est\u00e4m\u00e4\u00e4n nestevuotoja ja varmistamaan luotettava ja tehokas toiminta. Tiivisteet on valmistettu kulutusta kest\u00e4vist\u00e4 materiaaleista, kuten polyuretaanista ja nitriilikumista. Sylinterin runko ja kierteitetty p\u00e4\u00e4typinta on hienosti k\u00e4sitelty kulutuskest\u00e4vyyden parantamiseksi. Hydraulisylinterin sujuvan toiminnan varmistamiseksi on v\u00e4ltt\u00e4m\u00e4t\u00f6nt\u00e4 lis\u00e4t\u00e4 s\u00e4\u00e4nn\u00f6llisesti sopivaa hydrauli\u00f6ljy\u00e4 voiteluun.<\/p>\n<p><img decoding=\"async\" src=\"https:\/\/www.hydraulic-cylinders.net\/wp-content\/uploads\/2025\/01\/songte-chushion-collar.webp\" alt=\"Tiivistyskuva\" \/><\/p>\n<h3>S\u00e4\u00e4nn\u00f6lliset tarkastukset ja ennaltaehk\u00e4isev\u00e4t huoltotoimenpiteet<\/h3>\n<ul>\n<li>Tarkista s\u00e4\u00e4nn\u00f6llisesti hydrauliikka\u00f6ljyn \u00f6ljytaso, puhtaus ja laatu ja vaihda tai lis\u00e4\u00e4 \u00f6ljy\u00e4 tarvittaessa.<\/li>\n<li>Tarkasta tiivistyselementit, sylinterin runko ja kierteitetyt p\u00e4\u00e4typinnat kulumisen ja korroosion varalta ja vaihda ne tarvittaessa ajoissa.<\/li>\n<li>Tarkista kiinnitysosat s\u00e4\u00e4nn\u00f6llisesti ja kirist\u00e4 niit\u00e4 tarvittaessa l\u00f6ystymisen ja rikkoutumisen est\u00e4miseksi.<\/li>\n<li>Suorita s\u00e4\u00e4nn\u00f6llisi\u00e4 huolto- ja korjaust\u00f6it\u00e4 mahdollisten ongelmien ehk\u00e4isemiseksi ja laitteiden luotettavan ja tehokkaan toiminnan varmistamiseksi.<\/li>\n<\/ul>\n<h3>Tuotteen asennusopas<\/h3>\n<p>Ennen asennusta luethan tuotteen k\u00e4ytt\u00f6ohjeet huolellisesti ja noudata alla olevia ohjeita:<\/p>\n<ol>\n<li>Tarkista tuotteen malli ja tekniset tiedot varmistaaksesi, ett\u00e4 ne vastaavat laitetta.<\/li>\n<li>Tarkista asennuspaikka ja varmista, ett\u00e4 se on puhdas, tasainen ja vapaa roskista.<\/li>\n<li>Aseta sylinteri oikeaan asentoon ja kohdista asennusrei\u00e4t.<\/li>\n<li>Kirist\u00e4 kiinnityspultit ja -mutterit ilmoitettuun v\u00e4\u00e4nt\u00f6momenttiin.<\/li>\n<li>Suorita painekoe varmistaaksesi, ett\u00e4 sylinteri toimii oikein.<\/li>\n<\/ol>\n<p><img decoding=\"async\" src=\"https:\/\/www.hydraulic-cylinders.net\/wp-content\/uploads\/2025\/01\/songte-bushings-with-all-kinds-of-excavator-models.webp\" alt=\"Holkit Kuva\" \/><\/p>\n<h3>Turvallisuusn\u00e4k\u00f6kohdat ja ymp\u00e4rist\u00f6tekij\u00e4t<\/h3>\n<p>Turvallisuus on hydraulisylintereit\u00e4 k\u00e4ytett\u00e4ess\u00e4 etusijalla. On v\u00e4ltt\u00e4m\u00e4t\u00f6nt\u00e4 varmistaa, ett\u00e4 laitteet asennetaan, huolletaan ja korjataan oikein, jotta v\u00e4ltet\u00e4\u00e4n sylinterin vikaantumisesta tai toimintah\u00e4iri\u00f6st\u00e4 johtuvat onnettomuudet. Lis\u00e4ksi on t\u00e4rke\u00e4\u00e4 h\u00e4vitt\u00e4\u00e4 k\u00e4ytetty hydrauli\u00f6ljy ja muut j\u00e4tteet asianmukaisesti ymp\u00e4rist\u00f6n suojelemiseksi ja kest\u00e4v\u00e4n kehityksen varmistamiseksi.<\/p>\n<h3>Vianm\u00e4\u00e4ritys ja yleiset ongelmat<\/h3>\n<p>Joitakin yleisi\u00e4 ongelmia ja ratkaisuja varsi-sylintereihin ovat:<\/p>\n<ul>\n<li><strong>Nestevuoto:<\/strong> Tarkista tiiviste-elementit kulumisen tai vaurioiden varalta ja vaihda ne tarvittaessa.<\/li>\n<li><strong>Ep\u00e4normaali melu:<\/strong> Tarkista l\u00f6ysien kiinnitysosien tai vaurioituneiden osien varalta ja korjaa tai vaihda ne tarvittaessa.<\/li>\n<li><strong>Hidas liike:<\/strong> Tarkista hydrauliikka\u00f6ljyn m\u00e4\u00e4r\u00e4 ja laatu ja vaihda tai lis\u00e4\u00e4 \u00f6ljy\u00e4 tarvittaessa.<\/li>\n<\/ul>\n<p>S\u00e4\u00e4nn\u00f6llinen huolto ja tarkastus voivat auttaa ehk\u00e4isem\u00e4\u00e4n mahdollisia ongelmia ja varmistamaan laitteiden luotettavan ja tehokkaan toiminnan.<\/p>\n<p><img decoding=\"async\" src=\"https:\/\/www.hydraulic-cylinders.net\/wp-content\/uploads\/2025\/01\/songte-company-4.webp\" alt=\"Yrityksen imago\" \/><br \/>\n<img decoding=\"async\" src=\"https:\/\/www.hydraulic-cylinders.net\/wp-content\/uploads\/2025\/01\/songte-company-3.webp\" alt=\"Yrityksen imago\" \/><\/p>\n<h3>Tietoa meist\u00e4<\/h3>\n<p>Olemme ammattimainen hydraulisten sylinterien valmistaja, jolla on laaja tuotevalikoima, ja olemme yksi johtavista hydraulisten sylinterien valmistajista ja tukkumyyjist\u00e4 kotimaisilla ja kansainv\u00e4lisill\u00e4 markkinoilla. Noudatamme aina erinomaisen laadun periaatetta, luotamme hienostuneiden valmistuspajojen teollistettuun tuotannonohjausstrategiaan ja parannamme jatkuvasti teknist\u00e4 tasoamme ja tuotantotehokkuuttamme. Meill\u00e4 on vahvat innovaatiokyvyt, jotka johtuvat huippuluokan digitaalisten valmistuslaitteiden ja ammattimaisten testausj\u00e4rjestelmien k\u00e4ytt\u00f6\u00f6notosta, valmistusalustan jatkuvasta optimoinnista ja tuotteiden laadunvalvontaprosessien parantamisesta. Tavoitteenamme on vastata asiakkaiden monipuolisiin tarpeisiin korkean tehokkuuden, tarkkuuden ja korkean laadun periaatteilla.<\/p>\n<p>Tarjoamme ammattimaisia \u200b\u200bpalveluita, kansainv\u00e4lisi\u00e4 sertifiointeja, r\u00e4\u00e4t\u00e4l\u00f6ityj\u00e4 palveluita, tuotantolaitteita ja huoltopalveluita.<\/p>\n<p>Kirjoittaja: lyl.<\/p>","protected":false},"excerpt":{"rendered":"<p>Arm Cylinder For Sany Middle Excavator SY215C-8-9 Definition and Explanation Arm cylinder is a specially designed hydraulic cylinder that is mainly used to provide linear motion and power for arms of various machinery such as excavators, cranes and robotic arms. The arm cylinder plays a key role in the hydraulic system, enabling additional tools or [&hellip;]<\/p>","protected":false},"featured_media":14759,"comment_status":"open","ping_status":"closed","template":"","meta":{"_et_pb_use_builder":"","_et_pb_old_content":"","_et_gb_content_width":""},"product_brand":[],"product_cat":[1497],"product_tag":[1498,1496],"class_list":{"0":"post-16364","1":"product","2":"type-product","3":"status-publish","4":"has-post-thumbnail","6":"product_cat-arm-cylinders","7":"product_tag-arm-cylinders","8":"product_tag-hydraulic-cylinders","10":"first","11":"instock","12":"shipping-taxable","13":"product-type-simple"},"amp_enabled":true,"_links":{"self":[{"href":"https:\/\/www.hydraulic-cylinders.net\/fi\/wp-json\/wp\/v2\/product\/16364","targetHints":{"allow":["GET"]}}],"collection":[{"href":"https:\/\/www.hydraulic-cylinders.net\/fi\/wp-json\/wp\/v2\/product"}],"about":[{"href":"https:\/\/www.hydraulic-cylinders.net\/fi\/wp-json\/wp\/v2\/types\/product"}],"replies":[{"embeddable":true,"href":"https:\/\/www.hydraulic-cylinders.net\/fi\/wp-json\/wp\/v2\/comments?post=16364"}],"wp:featuredmedia":[{"embeddable":true,"href":"https:\/\/www.hydraulic-cylinders.net\/fi\/wp-json\/wp\/v2\/media\/14759"}],"wp:attachment":[{"href":"https:\/\/www.hydraulic-cylinders.net\/fi\/wp-json\/wp\/v2\/media?parent=16364"}],"wp:term":[{"taxonomy":"product_brand","embeddable":true,"href":"https:\/\/www.hydraulic-cylinders.net\/fi\/wp-json\/wp\/v2\/product_brand?post=16364"},{"taxonomy":"product_cat","embeddable":true,"href":"https:\/\/www.hydraulic-cylinders.net\/fi\/wp-json\/wp\/v2\/product_cat?post=16364"},{"taxonomy":"product_tag","embeddable":true,"href":"https:\/\/www.hydraulic-cylinders.net\/fi\/wp-json\/wp\/v2\/product_tag?post=16364"}],"curies":[{"name":"wp","href":"https:\/\/api.w.org\/{rel}","templated":true}]}}