{"id":16367,"date":"2025-01-20T09:09:36","date_gmt":"2025-01-20T09:09:36","guid":{"rendered":"https:\/\/www.hydraulic-cylinders.net\/product\/arm-cylinderfor-sany-middle-excavator-sy265cq\/"},"modified":"2025-01-20T09:09:38","modified_gmt":"2025-01-20T09:09:38","slug":"arm-cylinderfor-sany-middle-excavator-sy265cq","status":"publish","type":"product","link":"https:\/\/www.hydraulic-cylinders.net\/fi\/tuote\/arm-cylinderfor-sany-middle-excavator-sy265cq\/","title":{"rendered":"Varren sylinteri Sany Middle -kaivukoneelle SY265CQ"},"content":{"rendered":"<h2>Sany Middle -kaivukoneen SY265CQ varren sylinteri<\/h2>\n<h3>Johdanto<\/h3>\n<p>Varren sylinteri on erikoishydraulinen sylinteri, joka on suunniteltu tarjoamaan lineaarista liikett\u00e4 ja voimaa erilaisille koneiden varsille, kuten kaivinkoneille, nostureille ja mekaanisille varsille. Sill\u00e4 on ratkaiseva rooli hydraulij\u00e4rjestelm\u00e4ss\u00e4, sill\u00e4 se mahdollistaa lis\u00e4laitteiden tai lis\u00e4varusteiden tehokkaan liikkeen ja ohjauksen. N\u00e4m\u00e4 sylinterit eiv\u00e4t ainoastaan \u200b\u200btarjoa tasaista liikett\u00e4, vaan ne kest\u00e4v\u00e4t my\u00f6s raskaita kuormia varmistaen koneiden tehokkaan toiminnan ja luotettavuuden erilaisissa k\u00e4ytt\u00f6olosuhteissa.<\/p>\n<p><img decoding=\"async\" src=\"https:\/\/www.hydraulic-cylinders.net\/wp-content\/uploads\/2025\/01\/songte-company-2.webp\" alt=\"Varren sylinterin kuva\"><\/p>\n<h3>Ominaisuudet<\/h3>\n<ul>\n<li>Tehokas voimansiirto: Varren sylinteri tarjoaa tehokkaan lineaarisen liikkeen ja voiman, mik\u00e4 varmistaa mekaanisten varsien korkean suorituskyvyn erilaisissa toiminnoissa.<\/li>\n<li>Tarkka ohjaus: Varren sylinteri mahdollistaa tarkan liikkeenohjauksen hydraulij\u00e4rjestelm\u00e4n kautta, mik\u00e4 tekee ty\u00f6laitteiden k\u00e4yt\u00f6st\u00e4 joustavampaa ja tarkempaa.<\/li>\n<li>Korkea kest\u00e4vyys: N\u00e4m\u00e4 sylinterit on yleens\u00e4 valmistettu eritt\u00e4in lujista materiaaleista, joilla on hyv\u00e4 kulutuskest\u00e4vyys ja korroosionkest\u00e4vyys, ja ne soveltuvat pitk\u00e4aikaiseen k\u00e4ytt\u00f6\u00f6n ankarissa olosuhteissa.<\/li>\n<li>Monitoiminnallinen mukautuvuus: N\u00e4it\u00e4 sylintereit\u00e4 voidaan soveltaa laajalti erilaisiin mekaanisiin laitteisiin, kuten kaivinkoneisiin, nostureihin ja mekaanisiin k\u00e4sivarsiin, ja ne mukautuvat erilaisiin ty\u00f6vaatimuksiin.<\/li>\n<li>Helppo huolto: Suunnittelussa on otettu huomioon huollon ja vaihdon helppous, mik\u00e4 tekee s\u00e4\u00e4nn\u00f6llisest\u00e4 tarkastuksesta ja huollosta k\u00e4tev\u00e4mp\u00e4\u00e4 ja v\u00e4hent\u00e4\u00e4 laitteiden seisokkiaikaa.<\/li>\n<\/ul>\n<p>Voimme valmistaa t\u00e4t\u00e4 tuotetta ja tuotteemme voivat t\u00e4ydellisesti korvata n\u00e4m\u00e4 hydraulisylinterit.<\/p>\n<p><img decoding=\"async\" src=\"https:\/\/www.hydraulic-cylinders.net\/wp-content\/uploads\/2025\/01\/songte-oil-pipes-and-spare-parts.webp\" alt=\"Varren sylinterin vaihtokuva\"><\/p>\n<h3>Sovellukset<\/h3>\n<p>Varsi-sylinteri\u00e4 k\u00e4ytet\u00e4\u00e4n laajalti useilla eri teollisuudenaloilla, mukaan lukien:<\/p>\n<ul>\n<li>Rakennustekniikka: Kaivinkoneissa ja nostureissa varren sylinteri ohjaa kauhojen tai puomien liikett\u00e4 maanrakennuksessa, materiaalink\u00e4sittelyss\u00e4 ja rakenteiden asennuksessa.<\/li>\n<li>Valmistus: Automatisoiduilla tuotantolinjoilla varsisylinteri ohjaa mekaanisten varsien liikett\u00e4 kokoonpano-, hitsaus- ja k\u00e4sittelyprosesseissa tuotannon tehokkuuden ja tarkkuuden parantamiseksi.<\/li>\n<li>Maatalouskoneet: Maatalouskoneissa, kuten puimureissa ja istutuskoneissa, varren sylinteri ohjaa k\u00e4ytt\u00f6varsien liikett\u00e4 teht\u00e4vien, kuten kylv\u00f6n, lannoituksen ja sadonkorjuun, suorittamiseksi.<\/li>\n<li>Kaivostoiminta: Kaivoslaitteissa varren sylinteri ohjaa kaivoslaitteiden varsien liikett\u00e4 malmin louhinnassa ja k\u00e4sittelyss\u00e4.<\/li>\n<li>Logistiikka ja kuljetus: Trukeissa ja robottien k\u00e4sittelyss\u00e4 varren sylinteri ohjaa haarukan nostoa ja liikett\u00e4 materiaalink\u00e4sittelyn ja pinoamisen toteuttamiseksi.<\/li>\n<\/ul>\n<h3>Suunnittelun\u00e4k\u00f6kohdat ja valintakriteerit<\/h3>\n<p>Suunnittelun n\u00e4k\u00f6kulmasta varsisylinterin on otettava huomioon sen kantavuus, tiiviys, kest\u00e4vyys, turvallisuus ja huollettavuus.<\/p>\n<ul>\n<li>Kantavuus: Varren sylinterin kantokyvyn on oltava riitt\u00e4v\u00e4 mekaanisen toiminnan turvallisuuden varmistamiseksi.<\/li>\n<li>Tiivistys: Varren sylinteriss\u00e4 tulisi k\u00e4ytt\u00e4\u00e4 erilaisia \u200b\u200btiivisteit\u00e4, kuten m\u00e4nn\u00e4n tiivisteit\u00e4, varren tiivisteit\u00e4 jne., ja valita kulutusta kest\u00e4vi\u00e4 materiaaleja, kuten polyuretaania ja nitriilikumia, hyv\u00e4n tiivistyskyvyn varmistamiseksi.<\/li>\n<li>Kest\u00e4vyys: Sylinterin runko ja kierteitetty p\u00e4\u00e4typinta tulisi k\u00e4sitell\u00e4 hienos\u00e4\u00e4t\u00f6isesti kulutuskest\u00e4vyyden parantamiseksi.<\/li>\n<li>Turvallisuus: Varren sylinterin on t\u00e4ytett\u00e4v\u00e4 useita turvallisuusvaatimuksia, kuten r\u00e4j\u00e4hdyssuojattu rakenne, korroosionestosuojaus ja tiukka laadunvalvonta.<\/li>\n<li>Yll\u00e4pidett\u00e4vyys: Varren sylinterin tulee olla suunniteltu helppoa huoltoa ja vaihtoa varten, ja huoltoprosessin tulee olla yksinkertainen ja k\u00e4tev\u00e4.<\/li>\n<\/ul>\n<p><img decoding=\"async\" src=\"https:\/\/www.hydraulic-cylinders.net\/wp-content\/uploads\/2025\/01\/songte-cylinder-head-with-all-kinds-excavator-models.webp\" alt=\"Varren sylinterin suunnittelukuva\"><\/p>\n<h3>Tiivistys ja voitelu<\/h3>\n<p>Varsisylinteriss\u00e4 k\u00e4ytet\u00e4\u00e4n erilaisia \u200b\u200btiivisteit\u00e4, kuten m\u00e4nn\u00e4ntiivisteit\u00e4, varren tiivisteit\u00e4, ja kulutusta kest\u00e4vi\u00e4 materiaaleja, kuten polyuretaania ja nitriilikumia, hyv\u00e4n tiivistyskyvyn varmistamiseksi. Sylinterin runko ja kierteitetty p\u00e4\u00e4typinta on hienok\u00e4sitelty kulutuskest\u00e4vyyden parantamiseksi. Voiteluun on lis\u00e4tt\u00e4v\u00e4 s\u00e4\u00e4nn\u00f6llisesti sopiva m\u00e4\u00e4r\u00e4 hydrauli\u00f6ljy\u00e4.<\/p>\n<h3>Tarkastus- ja ennaltaehk\u00e4isev\u00e4t huoltotoimenpiteet<\/h3>\n<p>Varren sylinterin tehokkaan ja turvallisen toiminnan varmistamiseksi on tarpeen tarkastaa ja huoltaa sit\u00e4 s\u00e4\u00e4nn\u00f6llisesti. Seuraavat toimenpiteet voidaan toteuttaa:<\/p>\n<ul>\n<li>Tarkasta ja vaihda vaurioituneet tiivisteet ja laakerit.<\/li>\n<li>Tarkista sylinterin runko muodonmuutosten tai kulumisen varalta.<\/li>\n<li>Tarkista kierteitetty p\u00e4\u00e4 vaurioiden tai korroosion varalta.<\/li>\n<li>Lis\u00e4\u00e4 s\u00e4\u00e4nn\u00f6llisesti sopiva m\u00e4\u00e4r\u00e4 hydrauli\u00f6ljy\u00e4 voitelua varten.<\/li>\n<li>Tarkista varoventtiilin asianmukainen toiminta.<\/li>\n<\/ul>\n<p><img decoding=\"async\" src=\"https:\/\/www.hydraulic-cylinders.net\/wp-content\/uploads\/2025\/01\/songte-chushion-collar.webp\" alt=\"Varren sylinterin tarkastuskuva\"><\/p>\n<h3>Asennusopas<\/h3>\n<ol>\n<li>Varmista, ett\u00e4 varren sylinteri on puhdas ja vapaa vieraista aineista.<\/li>\n<li>Kohdista sylinterin kierteitetty p\u00e4\u00e4 koneen varren reik\u00e4\u00e4n.<\/li>\n<li>Kirist\u00e4 kierteinen p\u00e4\u00e4 jakoavaimella.<\/li>\n<li>Liit\u00e4 hydrauliikkaletkut ja liittimet.<\/li>\n<li>Lis\u00e4\u00e4 voitelua varten sopiva m\u00e4\u00e4r\u00e4 hydrauliikka\u00f6ljy\u00e4.<\/li>\n<\/ol>\n<p><img decoding=\"async\" src=\"https:\/\/www.hydraulic-cylinders.net\/wp-content\/uploads\/2025\/01\/songte-bushings-with-all-kinds-of-excavator-models.webp\" alt=\"Varren sylinterin asennuskuva\"><\/p>\n<h3>Turvallisuus- ja ymp\u00e4rist\u00f6n\u00e4k\u00f6kohdat<\/h3>\n<p>Turvatoimenpiteet ovat olennaisia \u200b\u200bvarsisylinteri\u00e4 k\u00e4ytett\u00e4ess\u00e4. On v\u00e4ltt\u00e4m\u00e4t\u00f6nt\u00e4 noudattaa ohjeita, toimia tarkasti m\u00e4\u00e4r\u00e4ysten mukaisesti ja k\u00e4ytt\u00e4\u00e4 asianmukaisia \u200b\u200bsuojavarusteita. Ymp\u00e4rist\u00f6nsuojelu on my\u00f6s otettava huomioon varsisylinteri\u00e4 h\u00e4vitett\u00e4ess\u00e4.<\/p>\n<h3>Vianm\u00e4\u00e4ritys ja yleiset ongelmat<\/h3>\n<ul>\n<li>Sylinterin vika: Tarkista sylinterin runko muodonmuutosten tai hydrauli\u00f6ljyn vuotojen varalta.<\/li>\n<li>Tiivisteen vika: Tarkista m\u00e4nn\u00e4n ja m\u00e4nn\u00e4nvarren tiivisteet kulumisen tai vaurioiden varalta.<\/li>\n<li>Juuttunut m\u00e4nt\u00e4: Tarkista hydrauliikkaj\u00e4rjestelm\u00e4 tukosten tai v\u00e4\u00e4r\u00e4n \u00f6ljyn viskositeetin varalta.<\/li>\n<li>Ep\u00e4normaali \u00e4\u00e4ni: Tarkista sylinterin rungon tai kierteitetyn p\u00e4\u00e4n muodonmuutokset tai vauriot.<\/li>\n<\/ul>\n<p>Vianm\u00e4\u00e4rityksess\u00e4 on suositeltavaa ottaa yhteytt\u00e4 ammattitaitoiseen teknikkoon. Mahdollisten ongelmien v\u00e4ltt\u00e4miseksi s\u00e4\u00e4nn\u00f6llinen huolto on v\u00e4ltt\u00e4m\u00e4t\u00f6nt\u00e4.<\/p>\n<p><img decoding=\"async\" src=\"https:\/\/www.hydraulic-cylinders.net\/wp-content\/uploads\/2025\/01\/songte-chushion-collar.webp\" alt=\"Varren sylinterin vianetsint\u00e4kuva\"><\/p>\n<h3>Tietoa yrityksest\u00e4mme<\/h3>\n<p>Olemme ammattimainen hydraulisten sylinterien valmistaja, jolla on laaja tuotevalikoima. Olemme yksi johtavista hydraulisten sylinterien valmistajista ja tukkumyyjist\u00e4 kotimaisilla ja kansainv\u00e4lisill\u00e4 markkinoilla. Noudatamme aina erinomaisen laadun periaatetta, luotamme teollistettuihin tuotannonohjausstrategioihin hienoissa valmistuspajoissamme ja parannamme jatkuvasti teknist\u00e4 tasoamme ja tuotantotehokkuuttamme. Huippuluokan digitaalisten valmistuslaitteiden ja ammattimaisten testausj\u00e4rjestelmien k\u00e4ytt\u00f6\u00f6noton avulla optimoimme valmistusalustaa ja parannamme tuotteiden laadunvalvontaprosessia, ja meill\u00e4 on vahvat innovaatiokyvyt. Tavoitteenamme on vastata asiakkaiden monipuolisiin tarpeisiin tehokkaalla, tarkalla ja korkealaatuisella tavalla.<\/p>\n<p><img decoding=\"async\" src=\"https:\/\/www.hydraulic-cylinders.net\/wp-content\/uploads\/2025\/01\/songte-company-4.webp\" alt=\"Yrityksen esittelykuva\"><\/p>\n<h3>Ammattitaito, kansainv\u00e4linen sertifiointi, r\u00e4\u00e4t\u00e4l\u00f6inti, tuotantolaitteet ja huoltopalvelut<\/h3>\n<p>Olemme ylpeit\u00e4 ammattitaidostamme ja korkealaatuisista tuotteistamme. Tuotteemme ovat l\u00e4p\u00e4isseet kansainv\u00e4liset sertifikaatit, kuten ISO9001 ja CE. Tarjoamme my\u00f6s r\u00e4\u00e4t\u00e4l\u00f6ityj\u00e4 palveluita asiakkaiden tarpeiden mukaan. Meill\u00e4 on edistyneet tuotantolaitteet, kuten CNC-ty\u00f6st\u00f6keskukset, automaattiset hitsauskoneet ja testauslaitteet. Tarjoamme kattavia huoltopalveluita, mukaan lukien tekninen tuki, huolto ja korjaus.<\/p>\n<p><img decoding=\"async\" src=\"https:\/\/www.hydraulic-cylinders.net\/wp-content\/uploads\/2025\/01\/songte-company-3.webp\" alt=\"Yritystietojen kuva\"><\/p>\n<p>Kirjoittaja: lyl.<\/p>","protected":false},"excerpt":{"rendered":"<p>Arm Cylinder For Sany Middle Excavator SY265CQ Introduction The Arm Cylinder is a specialized hydraulic cylinder designed to provide linear motion and power to various machinery arms such as excavators, cranes, and mechanical arms. It plays a crucial role in the hydraulic system, enabling the effective movement and control of attachments or accessories. These cylinders [&hellip;]<\/p>","protected":false},"featured_media":14779,"comment_status":"open","ping_status":"closed","template":"","meta":{"_et_pb_use_builder":"","_et_pb_old_content":"","_et_gb_content_width":""},"product_brand":[],"product_cat":[1497],"product_tag":[1498,1496],"class_list":{"0":"post-16367","1":"product","2":"type-product","3":"status-publish","4":"has-post-thumbnail","6":"product_cat-arm-cylinders","7":"product_tag-arm-cylinders","8":"product_tag-hydraulic-cylinders","10":"first","11":"instock","12":"shipping-taxable","13":"product-type-simple"},"amp_enabled":true,"_links":{"self":[{"href":"https:\/\/www.hydraulic-cylinders.net\/fi\/wp-json\/wp\/v2\/product\/16367","targetHints":{"allow":["GET"]}}],"collection":[{"href":"https:\/\/www.hydraulic-cylinders.net\/fi\/wp-json\/wp\/v2\/product"}],"about":[{"href":"https:\/\/www.hydraulic-cylinders.net\/fi\/wp-json\/wp\/v2\/types\/product"}],"replies":[{"embeddable":true,"href":"https:\/\/www.hydraulic-cylinders.net\/fi\/wp-json\/wp\/v2\/comments?post=16367"}],"wp:featuredmedia":[{"embeddable":true,"href":"https:\/\/www.hydraulic-cylinders.net\/fi\/wp-json\/wp\/v2\/media\/14779"}],"wp:attachment":[{"href":"https:\/\/www.hydraulic-cylinders.net\/fi\/wp-json\/wp\/v2\/media?parent=16367"}],"wp:term":[{"taxonomy":"product_brand","embeddable":true,"href":"https:\/\/www.hydraulic-cylinders.net\/fi\/wp-json\/wp\/v2\/product_brand?post=16367"},{"taxonomy":"product_cat","embeddable":true,"href":"https:\/\/www.hydraulic-cylinders.net\/fi\/wp-json\/wp\/v2\/product_cat?post=16367"},{"taxonomy":"product_tag","embeddable":true,"href":"https:\/\/www.hydraulic-cylinders.net\/fi\/wp-json\/wp\/v2\/product_tag?post=16367"}],"curies":[{"name":"wp","href":"https:\/\/api.w.org\/{rel}","templated":true}]}}